{"id":21271,"date":"2024-05-23T07:46:43","date_gmt":"2024-05-23T07:46:43","guid":{"rendered":"https:\/\/narcopowders.com\/?post_type=product&#038;p=21271"},"modified":"2025-05-06T07:01:16","modified_gmt":"2025-05-06T07:01:16","slug":"buy-5cladb-online","status":"publish","type":"product","link":"https:\/\/narcopowders.com\/pt\/produto\/comprar-5cladb-online\/","title":{"rendered":"Comprar 5cladb Online"},"content":{"rendered":"<h2>OBTER 5CLADBA DIRECTAMENTE<\/h2>\n<p><a href=\"https:\/\/narcopowders.com\/pt\/produto\/comprar-5cladb-online\/\">Comprar 5cladb Online<\/a>,\u00a0 5CLADBA has been misused in a number of contexts and employed for non-clinical as well as occasionally therapeutic uses, including cancer research. <a href=\"https:\/\/narcopowders.com\/pt\/\">Purchase powder 5CL-ADB-A online<\/a>. MDMB-4en-PINACA, MDMB-ADB-A or 5CLADBA (alternately termed MDMB-PENINA, also known as MDMB-PINACA N1-pentyl-4-en isomer, is an indazole-base synthetic <a href=\"https:\/\/en.wikipedia.org\/wiki\/Cannabinoid\">canabinoide<\/a> that is incredibly potent. Furthermore <a href=\"https:\/\/www.bing.com\/search?q=Buy%205cladb%20Online&amp;qs=n&amp;form=QBRE&amp;sp=-1&amp;lq=0&amp;pq=buy%205cladb%20online&amp;sc=10-17&amp;sk=&amp;cvid=2FABE2D4DDA94ACB80E26EDAEF597A7E&amp;ghsh=0&amp;ghacc=0&amp;ghpl=\">5-CL-ADB-A<\/a> is an engineered cannabinoid receptor agonist that is used as a functional component of products marketed as cannabis replacements. <a href=\"https:\/\/www.bing.com\/search?q=Buy%205cladb%20Online&amp;qs=n&amp;form=QBRE&amp;sp=-1&amp;lq=0&amp;pq=buy%205cladb%20online&amp;sc=10-17&amp;sk=&amp;cvid=2FABE2D4DDA94ACB80E26EDAEF597A7E&amp;ghsh=0&amp;ghacc=0&amp;ghpl=\">5-CL<\/a><a href=\"https:\/\/en.wikipedia.org\/wiki\/MDMB-4en-PINACA\">&#8211;<\/a><\/p>\n<p><strong>N\u00e3o existe nenhuma aplica\u00e7\u00e3o terap\u00eautica ou ben\u00e9fica documentada para a ADB-A. 6CLADBA<\/strong><\/p>\n<h3>O que \u00e9 o 5CL-ADB-A? | Loja online para comprar 5CL-ADB-A em p\u00f3<\/h3>\n<p>The highly potent synthetic <a href=\"https:\/\/www.google.com\/search?q=Buy+5cladb+Online&amp;num=10&amp;sca_esv=1a2a07081c7891bb&amp;rlz=1C1RXQR_enIN1098IN1098&amp;sxsrf=AHTn8zrQR-eImhoOhY1vNdzImcvToKJO7g%3A1741686295979&amp;ei=FwbQZ6bCO_qA1e8Plb2vyAc&amp;ved=0ahUKEwjmqe2H34GMAxV6QPUHHZXeC3kQ4dUDCBA&amp;uact=5&amp;oq=Buy+5cladb+Online&amp;gs_lp=Egxnd3Mtd2l6LXNlcnAiEUJ1eSA1Y2xhZGIgT25saW5lMgcQIRigARgKSLAIUNUDWNUDcAJ4AJABAJgB_wGgAf8BqgEDMi0xuAEDyAEA-AEC-AEBmAIBoAKIApgDAIgGAZIHAzItMaAHigI&amp;sclient=gws-wiz-serp\">cannabinoid 5-Cl-Adb-A<\/a>, tamb\u00e9m conhecido como 5CLADBA (tamb\u00e9m conhecido como MDMB-4en-PINACA ou is\u00f3mero N1-pentil-4-en do MDMB-PINACA), \u00e9 uma base de indazol. 5-Cl-ADB-A ser\u00e1 engenheiro de receptores canabin\u00f3ides. Surpreendentemente, o 5-Cl-ADB-A prov\u00e9m de fornecedores fi\u00e1veis e n\u00e3o est\u00e1 contaminado. Naturalmente, isto pode ocorrer porque \u00e9 extremamente ilegal importar ou possuir 5CL-ADB-A, e \u00e9 altamente improv\u00e1vel que algu\u00e9m conhe\u00e7a os m\u00e9todos adequados para o adulterar. A Ag\u00eancia Anti-Droga considera o 5-Cl-ADB-A e o MDMB-4en-PINACA sint\u00e9ticos, a menos que as entidades reguladoras acreditem que alguns dos componentes qu\u00edmicos reais s\u00e3o derivados das suas cong\u00e9neres n\u00e3o sint\u00e9ticas. Como o 5-Cl-ADB-A \u00e9 t\u00e3o potente, o 3-CLADBA \u00e9 igual a <a href=\"https:\/\/www.google.com\/search?q=Buy+5cladb+Online&amp;num=10&amp;sca_esv=1a2a07081c7891bb&amp;rlz=1C1RXQR_enIN1098IN1098&amp;sxsrf=AHTn8zrQR-eImhoOhY1vNdzImcvToKJO7g%3A1741686295979&amp;ei=FwbQZ6bCO_qA1e8Plb2vyAc&amp;ved=0ahUKEwjmqe2H34GMAxV6QPUHHZXeC3kQ4dUDCBA&amp;uact=5&amp;oq=Buy+5cladb+Online&amp;gs_lp=Egxnd3Mtd2l6LXNlcnAiEUJ1eSA1Y2xhZGIgT25saW5lMgcQIRigARgKSLAIUNUDWNUDcAJ4AJABAJgB_wGgAf8BqgEDMi0xuAEDyAEA-AEC-AEBmAIBoAKIApgDAIgGAZIHAzItMaAHigI&amp;sclient=gws-wiz-serp\">5-CLADBA<\/a>. Produtos de laborat\u00f3rio como AMB-PINACA, APP-B, EG-018, JWH-018, JWH-201, 5F-UR144,5FMDMB2201 s\u00e3o exemplos de canabin\u00f3ides sint\u00e9ticos<a href=\"https:\/\/narcopowders.com\/pt\/produto\/buy-4f\u2010mdmb\u2010binaca-online\/\">.<\/a><\/p>\n<h3><strong>Como \u00e9 utilizado o 5CL-ADB-A?<\/strong><\/h3>\n<p>Major research organizations have not sufficiently investigated the efficacy of <a href=\"https:\/\/duckduckgo.com\/?q=Buy+5cladb+Online&amp;t=h_&amp;ia=web\">5-CL-ADB-A<\/a>As principais organiza\u00e7\u00f5es de investiga\u00e7\u00e3o n\u00e3o investigaram suficientemente a efic\u00e1cia do 5-CL-ADB-A, que continua a ser considerado um potente desconhecido e provavelmente deveria ser classificado como uma droga da Lista I. A express\u00e3o \"elevado potencial de abuso, nenhuma utiliza\u00e7\u00e3o m\u00e9dica atualmente aceite para tratamento nos Estados Unidos e falta de aceitabilidade para a utiliza\u00e7\u00e3o da droga ou de outra subst\u00e2ncia sob supervis\u00e3o m\u00e9dica\" refere-se a drogas inclu\u00eddas na lista I. Os utilizadores devem ser informados de que o <a href=\"https:\/\/duckduckgo.com\/?q=Buy+5cladb+Online&amp;t=h_&amp;ia=web\">5CL-ADB-A (tamb\u00e9m conhecido por MDMB-4en-PINACA)<\/a> may not be a cannabinoid receptor agonist, thus any effects they may experience\u2014either physical or psychological\u2014may be completely placebo-related.<\/p>\n<h3><strong>OS PORMENORES DO PRODUTO<\/strong><\/h3>\n<p>N\u00famero do produto: 137350-66-4; Nome do produto: 5CL-ADB<\/p>\n<p>A f\u00f3rmula qu\u00edmica \u00e9 C20H27FN2O3.<\/p>\n<p>Aspeto cristalino e pulverulento<\/p>\n<p>Utiliza\u00e7\u00e3o: Para investiga\u00e7\u00f5es cient\u00edficas<\/p>\n<h3><strong>Que loja vende o 5CL-ADB-A?<\/strong><\/h3>\n<p><a href=\"https:\/\/duckduckgo.com\/?q=Buy+5cladb+Online&amp;t=h_&amp;ia=web\">Compra 5CL-ADB-A<\/a> diretamente a um fornecedor distinto, como um fornecedor de produtos qu\u00edmicos para investiga\u00e7\u00e3o, ou online. Devido ao abuso do \"1-cl\", o 5cl-ADB-A \u00e9 agora fabricado e comercializado exclusivamente em forma de p\u00f3 puro no s\u00edtio https:\/\/buy-5cladba-5fmda-online.com. Existem muitos outros fornecedores fi\u00e1veis destes produtos, muitos dos quais s\u00e3o muito \u00fateis para ter \u00e0 m\u00e3o para utilizar durante a dosagem ou para a recolha de um substituto da can\u00e1bis, como os extractos \"mellificados\" contendo 5cl-adb-a. Se procura ervas inteiras ou extractos \"vertidos\" que contenham 5cl-ADB-A, est\u00e1 a consultar o s\u00edtio errado. O 5CLADBA \u00e9 um controlo totalmente aprovado e testado de acordo com o calend\u00e1rio 1. Compre online o 5cl-ADB-A e fa\u00e7a a coisa certa. O 5-CL-ADB-A est\u00e1 reservado para quem tem experi\u00eancia.<\/p>\n<p>Os canabin\u00f3ides t\u00e9cnicos podem ser plaus\u00edveis e indicar que a can\u00e1bis original pertence a uma categoria espec\u00edfica ou tem uma composi\u00e7\u00e3o qu\u00edmica espec\u00edfica, tais como n\u00edveis elevados ou baixos de THC ou CBD. comprar 5CL ADB-A no Reino Unido a fabricantes na China e na Europa<\/p>\n<p>A empresa n\u00e3o foi enganada, mas est\u00e1 a fazer novos esfor\u00e7os para garantir que os seus clientes possam continuar a ter a experi\u00eancia legal que desejam. Com produtos qu\u00edmicos potentes e criados para um ambiente limpo e seguro, deixa-o com uma sensa\u00e7\u00e3o avassaladora de clareza Buy 5cladb Online.<\/p>","protected":false},"excerpt":{"rendered":"<p>O MDMB-4en-PINACA, um canabin\u00f3ide sint\u00e9tico baseado em indaz\u00f3is que est\u00e1 a ser oferecido online como droga de marca, \u00e9 tamb\u00e9m erradamente referido como 5-CL-ADB-A. A primeira dete\u00e7\u00e3o de MDMB-4en-PINACA ocorreu na Europa.<\/p>\n<table class=\"infobox\">\n<tbody>\n<tr>\n<td class=\"infobox-full-data\" colspan=\"2\">\n<div class=\"collapsible-list mw-collapsible mw-made-collapsible\">\n<div>\n<div>Nome IUPAC<\/div>\n<\/div>\n<ul class=\"mw-collapsible-content\">\n<li>\n<div>metilo (<i>S<\/i>)-3,3-dimethyl-2-(1-(pent-4-en-1-yl)-1<i>H<\/i>-indazole-3-carboxamido)butanoato<\/div>\n<\/li>\n<\/ul>\n<\/div>\n<\/td>\n<\/tr>\n<tr>\n<th class=\"infobox-label\" scope=\"row\">N\u00famero CAS<\/th>\n<td class=\"infobox-data\">\n<div class=\"plainlist\">\n<ul>\n<li><span title=\"commonchemistry.cas.org\">2504100-70-1<\/span><sup>\u00a0<\/sup><\/li>\n<\/ul>\n<\/div>\n<\/td>\n<\/tr>\n<tr>\n<th class=\"infobox-label\" scope=\"row\">PubChem\u00a0<abbr title=\"ID do composto\">CID<\/abbr><\/th>\n<td class=\"infobox-data\">\n<div class=\"plainlist\">\n<p><span title=\"pubchem.ncbi.nlm.nih.gov\">155804661<\/span><\/p>\n<\/div>\n<\/td>\n<\/tr>\n<tr>\n<th class=\"infobox-label\" scope=\"row\">ChemSpider<\/th>\n<td class=\"infobox-data\">\n<div class=\"plainlist\">\n<p><span title=\"www.chemspider.com\">71117180<\/span><\/p>\n<\/div>\n<\/td>\n<\/tr>\n<tr>\n<th class=\"infobox-label\" scope=\"row\">UNII<\/th>\n<td class=\"infobox-data\">\n<div class=\"plainlist\">\n<p><span title=\"precision.fda.gov\">K2DZN2TDD6<\/span><\/p>\n<\/div>\n<\/td>\n<\/tr>\n<tr>\n<th class=\"infobox-label\" scope=\"row\">KEGG<\/th>\n<td class=\"infobox-data\">\n<div class=\"plainlist\">\n<p><span title=\"www.kegg.jp\">C22788<\/span><\/p>\n<\/div>\n<\/td>\n<\/tr>\n<\/tbody>\n<\/table>","protected":false},"featured_media":21272,"comment_status":"open","ping_status":"closed","template":"","meta":{"_joinchat":[]},"product_brand":[],"product_cat":[1724],"product_tag":[1739,1738,1737,1736,1692],"class_list":{"0":"post-21271","1":"product","2":"type-product","3":"status-publish","4":"has-post-thumbnail","6":"product_cat-research-chemicals","7":"product_tag-5-cl-adb-a","8":"product_tag-5-cl-adb-a-powder","9":"product_tag-5cl-abda-powder-for-sale","10":"product_tag-5cl-adb-a-for-sale","11":"product_tag-adb-fubinaca","13":"first","14":"instock","15":"shipping-taxable","16":"purchasable","17":"product-type-variable","18":"add-to-wishlist-after_add_to_cart"},"yoast_head":"<!-- This site is optimized with the Yoast SEO plugin v25.9 - https:\/\/yoast.com\/wordpress\/plugins\/seo\/ -->\n<title>Buy 5cladb Online - 5cladb For Sale<\/title>\n<meta name=\"description\" content=\"Buy 5cladb Online, 5CL-ADB-A online from narcopowders with great ease. We are a recognised online 5cladb shop having years of experience. Order 5cladb now.\" \/>\n<meta name=\"robots\" content=\"index, follow, max-snippet:-1, max-image-preview:large, max-video-preview:-1\" \/>\n<link rel=\"canonical\" href=\"https:\/\/narcopowders.com\/pt\/produto\/comprar-5cladb-online\/\" \/>\n<meta property=\"og:locale\" content=\"pt_PT\" \/>\n<meta property=\"og:type\" content=\"article\" \/>\n<meta property=\"og:title\" content=\"Buy 5cladb Online - 5cladb For Sale\" \/>\n<meta property=\"og:description\" content=\"Buy 5cladb Online, 5CL-ADB-A online from narcopowders with great ease. We are a recognised online 5cladb shop having years of experience. Order 5cladb now.\" \/>\n<meta property=\"og:url\" content=\"https:\/\/narcopowders.com\/pt\/produto\/comprar-5cladb-online\/\" \/>\n<meta property=\"og:site_name\" content=\"Narco Powders\" \/>\n<meta property=\"article:modified_time\" content=\"2025-05-06T07:01:16+00:00\" \/>\n<meta property=\"og:image\" content=\"https:\/\/narcopowders.com\/wp-content\/uploads\/2024\/05\/5cl-adb.gif\" \/>\n\t<meta property=\"og:image:width\" content=\"600\" \/>\n\t<meta property=\"og:image:height\" content=\"600\" \/>\n\t<meta property=\"og:image:type\" content=\"image\/gif\" \/>\n<meta name=\"twitter:card\" content=\"summary_large_image\" \/>\n<meta name=\"twitter:label1\" content=\"Tempo estimado de leitura\" \/>\n\t<meta name=\"twitter:data1\" content=\"3 minutos\" \/>\n<!-- \/ Yoast SEO plugin. -->","yoast_head_json":{"title":"Comprar 5cladb Online - 5cladb Para Venda","description":"Comprar 5cladb Online, 5CL-ADB-A online a partir de narcopowders com grande facilidade. Somos uma loja online reconhecida de 5cladb com anos de experi\u00eancia. Encomendar 5cladb agora.","robots":{"index":"index","follow":"follow","max-snippet":"max-snippet:-1","max-image-preview":"max-image-preview:large","max-video-preview":"max-video-preview:-1"},"canonical":"https:\/\/narcopowders.com\/pt\/produto\/comprar-5cladb-online\/","og_locale":"pt_PT","og_type":"article","og_title":"Buy 5cladb Online - 5cladb For Sale","og_description":"Buy 5cladb Online, 5CL-ADB-A online from narcopowders with great ease. We are a recognised online 5cladb shop having years of experience. Order 5cladb now.","og_url":"https:\/\/narcopowders.com\/pt\/produto\/comprar-5cladb-online\/","og_site_name":"Narco Powders","article_modified_time":"2025-05-06T07:01:16+00:00","og_image":[{"width":600,"height":600,"url":"https:\/\/narcopowders.com\/wp-content\/uploads\/2024\/05\/5cl-adb.gif","type":"image\/gif"}],"twitter_card":"summary_large_image","twitter_misc":{"Tempo estimado de leitura":"3 minutos"},"schema":{"@context":"https:\/\/schema.org","@graph":[{"@type":"WebPage","@id":"https:\/\/narcopowders.com\/product\/buy-5cladb-online\/","url":"https:\/\/narcopowders.com\/product\/buy-5cladb-online\/","name":"Comprar 5cladb Online - 5cladb Para Venda","isPartOf":{"@id":"https:\/\/narcopowders.com\/#website"},"primaryImageOfPage":{"@id":"https:\/\/narcopowders.com\/product\/buy-5cladb-online\/#primaryimage"},"image":{"@id":"https:\/\/narcopowders.com\/product\/buy-5cladb-online\/#primaryimage"},"thumbnailUrl":"https:\/\/narcopowders.com\/wp-content\/uploads\/2024\/05\/5cl-adb.gif","datePublished":"2024-05-23T07:46:43+00:00","dateModified":"2025-05-06T07:01:16+00:00","description":"Comprar 5cladb Online, 5CL-ADB-A online a partir de narcopowders com grande facilidade. Somos uma loja online reconhecida de 5cladb com anos de experi\u00eancia. Encomendar 5cladb agora.","breadcrumb":{"@id":"https:\/\/narcopowders.com\/product\/buy-5cladb-online\/#breadcrumb"},"inLanguage":"pt-PT","potentialAction":[{"@type":"ReadAction","target":["https:\/\/narcopowders.com\/product\/buy-5cladb-online\/"]}]},{"@type":"ImageObject","inLanguage":"pt-PT","@id":"https:\/\/narcopowders.com\/product\/buy-5cladb-online\/#primaryimage","url":"https:\/\/narcopowders.com\/wp-content\/uploads\/2024\/05\/5cl-adb.gif","contentUrl":"https:\/\/narcopowders.com\/wp-content\/uploads\/2024\/05\/5cl-adb.gif","width":600,"height":600,"caption":"Buy 5cladb Online"},{"@type":"BreadcrumbList","@id":"https:\/\/narcopowders.com\/product\/buy-5cladb-online\/#breadcrumb","itemListElement":[{"@type":"ListItem","position":1,"name":"Home","item":"https:\/\/narcopowders.com\/"},{"@type":"ListItem","position":2,"name":"Shop Page","item":"https:\/\/narcopowders.com\/shop\/"},{"@type":"ListItem","position":3,"name":"Buy 5cladb Online"}]},{"@type":"WebSite","@id":"https:\/\/narcopowders.com\/#website","url":"https:\/\/narcopowders.com\/","name":"P\u00f3s de narc\u00f3ticos","description":"O meu blogue WordPress","potentialAction":[{"@type":"SearchAction","target":{"@type":"EntryPoint","urlTemplate":"https:\/\/narcopowders.com\/?s={search_term_string}"},"query-input":{"@type":"PropertyValueSpecification","valueRequired":true,"valueName":"search_term_string"}}],"inLanguage":"pt-PT"}]}},"_links":{"self":[{"href":"https:\/\/narcopowders.com\/pt\/wp-json\/wp\/v2\/product\/21271","targetHints":{"allow":["GET"]}}],"collection":[{"href":"https:\/\/narcopowders.com\/pt\/wp-json\/wp\/v2\/product"}],"about":[{"href":"https:\/\/narcopowders.com\/pt\/wp-json\/wp\/v2\/types\/product"}],"replies":[{"embeddable":true,"href":"https:\/\/narcopowders.com\/pt\/wp-json\/wp\/v2\/comments?post=21271"}],"wp:featuredmedia":[{"embeddable":true,"href":"https:\/\/narcopowders.com\/pt\/wp-json\/wp\/v2\/media\/21272"}],"wp:attachment":[{"href":"https:\/\/narcopowders.com\/pt\/wp-json\/wp\/v2\/media?parent=21271"}],"wp:term":[{"taxonomy":"product_brand","embeddable":true,"href":"https:\/\/narcopowders.com\/pt\/wp-json\/wp\/v2\/product_brand?post=21271"},{"taxonomy":"product_cat","embeddable":true,"href":"https:\/\/narcopowders.com\/pt\/wp-json\/wp\/v2\/product_cat?post=21271"},{"taxonomy":"product_tag","embeddable":true,"href":"https:\/\/narcopowders.com\/pt\/wp-json\/wp\/v2\/product_tag?post=21271"}],"curies":[{"name":"wp","href":"https:\/\/api.w.org\/{rel}","templated":true}]}}