{"id":21336,"date":"2024-05-23T10:44:15","date_gmt":"2024-05-23T10:44:15","guid":{"rendered":"https:\/\/narcopowders.com\/?post_type=product&#038;p=21336"},"modified":"2025-05-06T06:59:19","modified_gmt":"2025-05-06T06:59:19","slug":"buy-5cadb-b-online","status":"publish","type":"product","link":"https:\/\/narcopowders.com\/pt\/product\/buy-5cadb-b-online\/","title":{"rendered":"Comprar 5CADB-B online"},"content":{"rendered":"<h2>Comprar 5CADB-B online<\/h2>\n<p><a href=\"https:\/\/narcopowders.com\/pt\/produtos\/comprar-5cadb-b-online\/\">Get 5CADB-B Powder online<\/a> with free international shipping. This synthetic <a href=\"https:\/\/narcopowders.com\/pt\/\">canabinoide<\/a> belongs to the indazole-3-carboxamide class and is based on indazoles. Another name for <a href=\"https:\/\/en.wikipedia.org\/wiki\/Cannabinoid\">5CADB-B<\/a> \u00e9 5F-MDMB-PINACA. \u00c9 um componente dos produtos sint\u00e9ticos de can\u00e1bis oferecidos para venda online como medicamentos sint\u00e9ticos.<\/p>\n<h3>A origem do 5CADB-B<\/h3>\n<p>A primeira evid\u00eancia disto foi encontrada em amostras post-mortem de uma pessoa falecida que tinha utilizado um produto contendo esta subst\u00e2ncia qu\u00edmica, talvez em Novembro de 2014. Dez outros indiv\u00edduos, cujas mortes foram inexplicadas, foram submetidos a testes adicionais e, surpreendentemente, todos morreram em consequ\u00eancia da mesma subst\u00e2ncia qu\u00edmica. A overdose foi a causa de todas estas mortes. Embora seja incerto se <a href=\"https:\/\/www.bing.com\/search?q=Buy%205CADB-B%20Online&amp;qs=n&amp;form=QBRE&amp;sp=-1&amp;lq=0&amp;pq=buy%205cadb-b%20online&amp;sc=9-18&amp;sk=&amp;cvid=3CDDBECB84CD42198474134A50793E1E&amp;ghsh=0&amp;ghacc=0&amp;ghpl=\">5CADB-B<\/a> \u00e9 seletivo para o recetor CB1, sendo um forte agonista deste alvo. Acredita-se que o 5CADB-B \u00e9 extremamente poderoso devido \u00e0 sua taxa de dete\u00e7\u00e3o em tecido corporal extremamente baixa e parece ser mais venenoso do que qualquer outro produto de can\u00e1bis comercializado anteriormente. <a href=\"https:\/\/duckduckgo.com\/?q=Buy+5CADB-B+Online&amp;t=h_&amp;ia=web\">Purchase 5CADB-B Powder Online<\/a> with Free <a href=\"https:\/\/www.google.com\/search?q=Buy+5CADB-B+Online&amp;sca_esv=2a2a93e8be91f013&amp;sxsrf=AHTn8zoTD7-BemMPdoGP6C3Dywefetpcig%3A1742973806011&amp;ei=bqvjZ4shraCx4w_Zrc25Ag&amp;ved=0ahUKEwiLkL20m6eMAxUtUGwGHdlWMycQ4dUDCA8&amp;uact=5&amp;oq=Buy+5CADB-B+Online&amp;gs_lp=Egxnd3Mtd2l6LXNlcnAiEkJ1eSA1Q0FEQi1CIE9ubGluZTIHECEYoAEYCkixZlCeDlieDnABeACQAQCYAckBoAHJAaoBAzItMbgBA8gBAPgBAfgBApgCAqAChAKoAhLCAgcQIxgnGOoCwgINEC4Y0QMYxwEYJxjqAsICFBAAGIAEGJECGLQCGIoFGOoC2AEBwgIUEAAYgAQY4wQYtAIY6QQY6gLYAQGYAybxBc_SHavyblhwugYGCAEQARgBkgcFMS4wLjGgB5YCsgcDMi0xuAfeAQ&amp;sclient=gws-wiz-serp\">Worldwide Shipping<\/a><\/p>\n<h3>Usos ilegais e distribui\u00e7\u00e3o pela internet do 5CADB-B<\/h3>\n<p>There are currently no industrial or therapeutic applications for <a href=\"https:\/\/www.google.com\/search?q=Buy+5CADB-B+Online&amp;sca_esv=2a2a93e8be91f013&amp;sxsrf=AHTn8zoTD7-BemMPdoGP6C3Dywefetpcig%3A1742973806011&amp;ei=bqvjZ4shraCx4w_Zrc25Ag&amp;ved=0ahUKEwiLkL20m6eMAxUtUGwGHdlWMycQ4dUDCA8&amp;uact=5&amp;oq=Buy+5CADB-B+Online&amp;gs_lp=Egxnd3Mtd2l6LXNlcnAiEkJ1eSA1Q0FEQi1CIE9ubGluZTIHECEYoAEYCkixZlCeDlieDnABeACQAQCYAckBoAHJAaoBAzItMbgBA8gBAPgBAfgBApgCAqAChAKoAhLCAgcQIxgnGOoCwgINEC4Y0QMYxwEYJxjqAsICFBAAGIAEGJECGLQCGIoFGOoC2AEBwgIUEAAYgAQY4wQYtAIY6QQY6gLYAQGYAybxBc_SHavyblhwugYGCAEQARgBkgcFMS4wLjGgB5YCsgcDMi0xuAfeAQ&amp;sclient=gws-wiz-serp\">5f-adb<\/a>. Foi encontrado em diversos produtos artificiais de can\u00e1bis que s\u00e3o fumados para produzir um efeito psicad\u00e9lico. Existem poucos dados sobre o consumo nos EUA e noutros pa\u00edses. O uso indevido de canabinoides sint\u00e9ticos \u00e9 um problema de sa\u00fade e seguran\u00e7a p\u00fablica, uma vez que os centros de controlo de intoxica\u00e7\u00f5es continuam a reportar impactos negativos na sa\u00fade. Houve v\u00e1rias mortes por overdose relatadas no Jap\u00e3o entre setembro e novembro de 2014.\u00a0 <a href=\"https:\/\/www.bing.com\/search?q=Buy%205CADB-B%20Online&amp;qs=n&amp;form=QBRE&amp;sp=-1&amp;lq=0&amp;pq=buy%205cadb-b%20online&amp;sc=9-18&amp;sk=&amp;cvid=3CDDBECB84CD42198474134A50793E1E&amp;ghsh=0&amp;ghacc=0&amp;ghpl=\">Comprar 5f-adb online<\/a>. Also, get good RC here.<\/p>\n<h3>Agrupamento 5CADB-B e aspetos farmacol\u00f3gicos<\/h3>\n<p>Este medicamento pertence \u00e0 classe dos indazoles. As posi\u00e7\u00f5es 1 e 3 do sistema de an\u00e9is do indazol servem como substitutos na estrutura central do indazol, que constitui a base do 5F-ADB. A posi\u00e7\u00e3o 1 do 5F-ADB \u00e9 substitu\u00edda por uma cadeia linear de cinco carbonos.<\/p>\n<p>terminado com um \u00e1tomo de fl\u00faor (F). Com um ligante amida, a posi\u00e7\u00e3o 3 \u00e9 substitu\u00edda e o \u00e1tomo de azoto (N)<\/p>\n<p>A este ligante s\u00e3o adicionados grupos 1-metoxi-3,3-dimetil-1-oxobutan-2-il adicionais. Dados de investiga\u00e7\u00e3o pr\u00e9-cl\u00ednica demonstram que o 5F-ADB se liga ao recetor CB1 e atua como agonista neste recetor. <a href=\"https:\/\/duckduckgo.com\/?q=Buy+5CADB-B+Online&amp;t=h_&amp;ia=web\">5CADB-B<\/a> generalizado para o delta9-tetrahidrocanabinol em ensaios de discrimina\u00e7\u00e3o de drogas em ratos, produzindo respostas subjetivas semelhantes ao THC.<\/p>","protected":false},"excerpt":{"rendered":"<p>Buy 5CADB-B Online Get 5CADB-B Powder online with free international shipping. This synthetic cannabinoid belongs to the indazole-3-carboxamide class and is based on indazoles. Another name for 5CADB-B is 5F-MDMB-PINACA. It has been a component of synthetic cannabis products that are offered for sale online as designer medications. The 5CADB-B origin The first evidence of [&hellip;]<\/p>","protected":false},"featured_media":21337,"comment_status":"open","ping_status":"closed","template":"","meta":{"_joinchat":[]},"product_brand":[],"product_cat":[1724],"product_tag":[],"class_list":{"0":"post-21336","1":"product","2":"type-product","3":"status-publish","4":"has-post-thumbnail","6":"product_cat-research-chemicals","8":"first","9":"instock","10":"shipping-taxable","11":"purchasable","12":"product-type-variable","13":"add-to-wishlist-after_add_to_cart"},"yoast_head":"<!-- This site is optimized with the Yoast SEO plugin v27.5 - https:\/\/yoast.com\/product\/yoast-seo-wordpress\/ -->\n<title>Buy 5CADB-B Online - 5CADB-B for Sale | NarcoPowders<\/title>\n<meta name=\"description\" content=\"Find premium 5cadb-b powder for sale at our online store, providing a secure platform to buy 5cadb-b powder online with ease. Place order now!\" \/>\n<meta name=\"robots\" content=\"index, follow, max-snippet:-1, max-image-preview:large, max-video-preview:-1\" \/>\n<link rel=\"canonical\" href=\"https:\/\/narcopowders.com\/pt\/produtos\/comprar-5cadb-b-online\/\" \/>\n<meta property=\"og:locale\" content=\"pt_PT\" \/>\n<meta property=\"og:type\" content=\"article\" \/>\n<meta property=\"og:title\" content=\"Buy 5CADB-B Online - 5CADB-B for Sale | NarcoPowders\" \/>\n<meta property=\"og:description\" content=\"Find premium 5cadb-b powder for sale at our online store, providing a secure platform to buy 5cadb-b powder online with ease. Place order now!\" \/>\n<meta property=\"og:url\" content=\"https:\/\/narcopowders.com\/pt\/produtos\/comprar-5cadb-b-online\/\" \/>\n<meta property=\"og:site_name\" content=\"Narco Powders\" \/>\n<meta property=\"article:modified_time\" content=\"2025-05-06T06:59:19+00:00\" \/>\n<meta property=\"og:image\" content=\"https:\/\/narcopowders.com\/wp-content\/uploads\/2024\/05\/5cadb-b.gif\" \/>\n\t<meta property=\"og:image:width\" content=\"600\" \/>\n\t<meta property=\"og:image:height\" content=\"600\" \/>\n\t<meta property=\"og:image:type\" content=\"image\/gif\" \/>\n<meta name=\"twitter:card\" content=\"summary_large_image\" \/>\n<meta name=\"twitter:label1\" content=\"Tempo estimado de leitura\" \/>\n\t<meta name=\"twitter:data1\" content=\"2 minutos\" \/>\n<!-- \/ Yoast SEO plugin. -->","yoast_head_json":{"title":"Buy 5CADB-B Online - 5CADB-B for Sale | NarcoPowders","description":"Find premium 5cadb-b powder for sale at our online store, providing a secure platform to buy 5cadb-b powder online with ease. Place order now!","robots":{"index":"index","follow":"follow","max-snippet":"max-snippet:-1","max-image-preview":"max-image-preview:large","max-video-preview":"max-video-preview:-1"},"canonical":"https:\/\/narcopowders.com\/pt\/produtos\/comprar-5cadb-b-online\/","og_locale":"pt_PT","og_type":"article","og_title":"Buy 5CADB-B Online - 5CADB-B for Sale | NarcoPowders","og_description":"Find premium 5cadb-b powder for sale at our online store, providing a secure platform to buy 5cadb-b powder online with ease. Place order now!","og_url":"https:\/\/narcopowders.com\/pt\/produtos\/comprar-5cadb-b-online\/","og_site_name":"Narco Powders","article_modified_time":"2025-05-06T06:59:19+00:00","og_image":[{"width":600,"height":600,"url":"https:\/\/narcopowders.com\/wp-content\/uploads\/2024\/05\/5cadb-b.gif","type":"image\/gif"}],"twitter_card":"summary_large_image","twitter_misc":{"Tempo estimado de leitura":"2 minutos"},"schema":{"@context":"https:\/\/schema.org","@graph":[{"@type":"WebPage","@id":"https:\/\/narcopowders.com\/product\/buy-5cadb-b-online\/","url":"https:\/\/narcopowders.com\/product\/buy-5cadb-b-online\/","name":"Buy 5CADB-B Online - 5CADB-B for Sale | NarcoPowders","isPartOf":{"@id":"https:\/\/narcopowders.com\/#website"},"primaryImageOfPage":{"@id":"https:\/\/narcopowders.com\/product\/buy-5cadb-b-online\/#primaryimage"},"image":{"@id":"https:\/\/narcopowders.com\/product\/buy-5cadb-b-online\/#primaryimage"},"thumbnailUrl":"https:\/\/narcopowders.com\/wp-content\/uploads\/2024\/05\/5cadb-b.gif","datePublished":"2024-05-23T10:44:15+00:00","dateModified":"2025-05-06T06:59:19+00:00","description":"Find premium 5cadb-b powder for sale at our online store, providing a secure platform to buy 5cadb-b powder online with ease. Place order now!","breadcrumb":{"@id":"https:\/\/narcopowders.com\/product\/buy-5cadb-b-online\/#breadcrumb"},"inLanguage":"pt-PT","potentialAction":[{"@type":"ReadAction","target":["https:\/\/narcopowders.com\/product\/buy-5cadb-b-online\/"]}]},{"@type":"ImageObject","inLanguage":"pt-PT","@id":"https:\/\/narcopowders.com\/product\/buy-5cadb-b-online\/#primaryimage","url":"https:\/\/narcopowders.com\/wp-content\/uploads\/2024\/05\/5cadb-b.gif","contentUrl":"https:\/\/narcopowders.com\/wp-content\/uploads\/2024\/05\/5cadb-b.gif","width":600,"height":600,"caption":"Buy 5cadb-b Online"},{"@type":"BreadcrumbList","@id":"https:\/\/narcopowders.com\/product\/buy-5cadb-b-online\/#breadcrumb","itemListElement":[{"@type":"ListItem","position":1,"name":"Home","item":"https:\/\/narcopowders.com\/"},{"@type":"ListItem","position":2,"name":"Shop Page","item":"https:\/\/narcopowders.com\/shop\/"},{"@type":"ListItem","position":3,"name":"Buy 5CADB-B Online"}]},{"@type":"WebSite","@id":"https:\/\/narcopowders.com\/#website","url":"https:\/\/narcopowders.com\/","name":"P\u00f3s de narc\u00f3ticos","description":"O meu blogue WordPress","potentialAction":[{"@type":"SearchAction","target":{"@type":"EntryPoint","urlTemplate":"https:\/\/narcopowders.com\/?s={search_term_string}"},"query-input":{"@type":"PropertyValueSpecification","valueRequired":true,"valueName":"search_term_string"}}],"inLanguage":"pt-PT"}]}},"_links":{"self":[{"href":"https:\/\/narcopowders.com\/pt\/wp-json\/wp\/v2\/product\/21336","targetHints":{"allow":["GET"]}}],"collection":[{"href":"https:\/\/narcopowders.com\/pt\/wp-json\/wp\/v2\/product"}],"about":[{"href":"https:\/\/narcopowders.com\/pt\/wp-json\/wp\/v2\/types\/product"}],"replies":[{"embeddable":true,"href":"https:\/\/narcopowders.com\/pt\/wp-json\/wp\/v2\/comments?post=21336"}],"wp:featuredmedia":[{"embeddable":true,"href":"https:\/\/narcopowders.com\/pt\/wp-json\/wp\/v2\/media\/21337"}],"wp:attachment":[{"href":"https:\/\/narcopowders.com\/pt\/wp-json\/wp\/v2\/media?parent=21336"}],"wp:term":[{"taxonomy":"product_brand","embeddable":true,"href":"https:\/\/narcopowders.com\/pt\/wp-json\/wp\/v2\/product_brand?post=21336"},{"taxonomy":"product_cat","embeddable":true,"href":"https:\/\/narcopowders.com\/pt\/wp-json\/wp\/v2\/product_cat?post=21336"},{"taxonomy":"product_tag","embeddable":true,"href":"https:\/\/narcopowders.com\/pt\/wp-json\/wp\/v2\/product_tag?post=21336"}],"curies":[{"name":"wp","href":"https:\/\/api.w.org\/{rel}","templated":true}]}}