{"id":18697,"date":"2022-02-09T10:40:11","date_gmt":"2022-02-09T10:40:11","guid":{"rendered":"https:\/\/sophiechems.com\/?page_id=18697"},"modified":"2023-01-02T09:53:26","modified_gmt":"2023-01-02T09:53:26","slug":"payment-shipping","status":"publish","type":"page","link":"https:\/\/narcopowders.com\/ro\/plata-livrare\/","title":{"rendered":"Plata &amp; Livrare"},"content":{"rendered":"<div data-elementor-type=\"wp-page\" data-elementor-id=\"18697\" class=\"elementor elementor-18697\">\n\t\t\t\t\t\t<section class=\"elementor-section elementor-top-section elementor-element elementor-element-7c4ed06 elementor-section-boxed elementor-section-height-default elementor-section-height-default\" data-id=\"7c4ed06\" data-element_type=\"section\">\n\t\t\t\t\t\t<div class=\"elementor-container elementor-column-gap-default\">\n\t\t\t\t\t<div class=\"elementor-column elementor-col-100 elementor-top-column elementor-element elementor-element-5ec700d\" data-id=\"5ec700d\" data-element_type=\"column\">\n\t\t\t<div class=\"elementor-widget-wrap elementor-element-populated\">\n\t\t\t\t\t\t<div class=\"elementor-element elementor-element-64b233c elementor-widget elementor-widget-heading\" data-id=\"64b233c\" data-element_type=\"widget\" data-widget_type=\"heading.default\">\n\t\t\t\t<div class=\"elementor-widget-container\">\n\t\t\t<style>\/*! elementor - v3.23.0 - 05-08-2024 *\/\n.elementor-heading-title{padding:0;margin:0;line-height:1}.elementor-widget-heading .elementor-heading-title[class*=elementor-size-]>a{color:inherit;font-size:inherit;line-height:inherit}.elementor-widget-heading .elementor-heading-title.elementor-size-small{font-size:15px}.elementor-widget-heading .elementor-heading-title.elementor-size-medium{font-size:19px}.elementor-widget-heading .elementor-heading-title.elementor-size-large{font-size:29px}.elementor-widget-heading .elementor-heading-title.elementor-size-xl{font-size:39px}.elementor-widget-heading .elementor-heading-title.elementor-size-xxl{font-size:59px}<\/style><h2 class=\"elementor-heading-title elementor-size-default\">Op\u021biuni de plat\u0103 \u0219i livrare<\/h2>\t\t<\/div>\n\t\t\t\t<\/div>\n\t\t\t\t\t<\/div>\n\t\t<\/div>\n\t\t\t\t\t<\/div>\n\t\t<\/section>\n\t\t\t\t<section class=\"elementor-section elementor-top-section elementor-element elementor-element-becee20 elementor-section-boxed elementor-section-height-default elementor-section-height-default\" data-id=\"becee20\" data-element_type=\"section\">\n\t\t\t\t\t\t<div class=\"elementor-container elementor-column-gap-default\">\n\t\t\t\t\t<div class=\"elementor-column elementor-col-100 elementor-top-column elementor-element elementor-element-49cbab2\" data-id=\"49cbab2\" data-element_type=\"column\">\n\t\t\t<div class=\"elementor-widget-wrap elementor-element-populated\">\n\t\t\t\t\t\t<div class=\"elementor-element elementor-element-c364813 elementor-widget elementor-widget-text-editor\" data-id=\"c364813\" data-element_type=\"widget\" data-widget_type=\"text-editor.default\">\n\t\t\t\t<div class=\"elementor-widget-container\">\n\t\t\t<style>\/*! elementor - v3.23.0 - 05-08-2024 *\/\n.elementor-widget-text-editor.elementor-drop-cap-view-stacked .elementor-drop-cap{background-color:#69727d;color:#fff}.elementor-widget-text-editor.elementor-drop-cap-view-framed .elementor-drop-cap{color:#69727d;border:3px solid;background-color:transparent}.elementor-widget-text-editor:not(.elementor-drop-cap-view-default) .elementor-drop-cap{margin-top:8px}.elementor-widget-text-editor:not(.elementor-drop-cap-view-default) .elementor-drop-cap-letter{width:1em;height:1em}.elementor-widget-text-editor .elementor-drop-cap{float:left;text-align:center;line-height:1;font-size:50px}.elementor-widget-text-editor .elementor-drop-cap-letter{display:inline-block}<\/style>\t\t\t\t<h2 style=\"text-align: center;\"><span style=\"color: #000000;\">BITCOIN<\/span><\/h2><p><span style=\"color: #000000;\"><img decoding=\"async\" class=\"size-medium wp-image-18721 aligncenter\" src=\"https:\/\/narcopowders.com\/wp-content\/uploads\/2022\/02\/bitcoin-300x63.png\" alt=\"\" width=\"300\" height=\"63\" srcset=\"https:\/\/narcopowders.com\/wp-content\/uploads\/2022\/02\/bitcoin-300x63.png 300w, https:\/\/narcopowders.com\/wp-content\/uploads\/2022\/02\/bitcoin-600x125.png 600w, https:\/\/narcopowders.com\/wp-content\/uploads\/2022\/02\/bitcoin-1024x214.png 1024w, https:\/\/narcopowders.com\/wp-content\/uploads\/2022\/02\/bitcoin-768x160.png 768w, https:\/\/narcopowders.com\/wp-content\/uploads\/2022\/02\/bitcoin-1536x320.png 1536w, https:\/\/narcopowders.com\/wp-content\/uploads\/2022\/02\/bitcoin-2048x427.png 2048w, https:\/\/narcopowders.com\/wp-content\/uploads\/2022\/02\/bitcoin-1300x271.png 1300w\" sizes=\"(max-width: 300px) 100vw, 300px\" \/>Metoda noastr\u0103 preferat\u0103 \u0219i cea mai rapid\u0103 de plat\u0103 este Bitcoin. Clien\u021bii care sunt obi\u0219nui\u021bi cu aceast\u0103 tehnic\u0103 consider\u0103 c\u0103 este destul de simpl\u0103. Lua\u021bi leg\u0103tura cu noi dac\u0103 ave\u021bi \u00eentreb\u0103ri despre bitcoin \u0219i v\u0103 vom ajuta prin procedur\u0103.<br \/><\/span><\/p><h3><span style=\"color: #000000;\">Cum s\u0103 cumperi cu bitcoin<\/span><\/h3><ul><li>Pune articolul pe care vrei s\u0103-l cumperi \u00een co\u0219 dup\u0103 ce l-ai ales.<\/li><li>Face\u021bi clic pe co\u0219 pentru a vizualiza co\u0219ul.<\/li><li>Pentru a accesa pagina de finalizare a comenzii, face\u021bi clic pe butonul care spune \u201eContinua\u021bi cu finalizarea pl\u0103\u021bii\u201d.<\/li><li>Odat\u0103 ajuns pe pagina de plat\u0103, confirma\u021bi achizi\u021bia \u0219i ap\u0103sa\u021bi butonul de plat\u0103 Bitcoin. Ve\u021bi fi direc\u021bionat c\u0103tre o pagin\u0103 \u00een care pute\u021bi pl\u0103ti prin scanarea codului QR cu portofelul dvs. sau prin introducerea adresei portofelului dvs. bitcoin imediat sub cod.<\/li><\/ul><p><span style=\"color: #000000;\"><strong>Not\u0103 important\u0103<\/strong><\/span><\/p><p>Trimite\u021bi un e-mail cu tranzac\u021bia dvs. de plat\u0103 dup\u0103 efectuarea oric\u0103rei pl\u0103\u021bi la contact@narcopowders.com, astfel \u00eenc\u00e2t s\u0103 o putem verifica \u0219i s\u0103 v\u0103 expediem comanda.<\/p>\t\t\t\t\t\t<\/div>\n\t\t\t\t<\/div>\n\t\t\t\t\t<\/div>\n\t\t<\/div>\n\t\t\t\t\t<\/div>\n\t\t<\/section>\n\t\t\t\t<section class=\"elementor-section elementor-top-section elementor-element elementor-element-d7b1ead elementor-section-boxed elementor-section-height-default elementor-section-height-default\" data-id=\"d7b1ead\" data-element_type=\"section\">\n\t\t\t\t\t\t<div class=\"elementor-container elementor-column-gap-default\">\n\t\t\t\t\t<div class=\"elementor-column elementor-col-100 elementor-top-column elementor-element elementor-element-5cafb0b\" data-id=\"5cafb0b\" data-element_type=\"column\">\n\t\t\t<div class=\"elementor-widget-wrap elementor-element-populated\">\n\t\t\t\t\t\t<div class=\"elementor-element elementor-element-3e7b34a elementor-widget elementor-widget-text-editor\" data-id=\"3e7b34a\" data-element_type=\"widget\" data-widget_type=\"text-editor.default\">\n\t\t\t\t<div class=\"elementor-widget-container\">\n\t\t\t\t\t\t\t<h2 style=\"text-align: center;\"><span style=\"color: #000000;\">WESTERN UNION \u0218I MONEY GRAM<\/span><\/h2><p><span style=\"color: #000000;\"><img decoding=\"async\" class=\"size-medium wp-image-18720 aligncenter\" src=\"https:\/\/narcopowders.com\/wp-content\/uploads\/2022\/02\/wu-300x87.png\" alt=\"\" width=\"300\" height=\"87\" srcset=\"https:\/\/narcopowders.com\/wp-content\/uploads\/2022\/02\/wu-300x87.png 300w, https:\/\/narcopowders.com\/wp-content\/uploads\/2022\/02\/wu-600x175.png 600w, https:\/\/narcopowders.com\/wp-content\/uploads\/2022\/02\/wu.png 724w\" sizes=\"(max-width: 300px) 100vw, 300px\" \/><img decoding=\"async\" class=\"size-medium wp-image-18719 aligncenter\" src=\"https:\/\/narcopowders.com\/wp-content\/uploads\/2022\/02\/mg-300x100.jpeg\" alt=\"\" width=\"300\" height=\"100\" srcset=\"https:\/\/narcopowders.com\/wp-content\/uploads\/2022\/02\/mg-300x100.jpeg 300w, https:\/\/narcopowders.com\/wp-content\/uploads\/2022\/02\/mg-600x200.jpeg 600w, https:\/\/narcopowders.com\/wp-content\/uploads\/2022\/02\/mg-1024x341.jpeg 1024w, https:\/\/narcopowders.com\/wp-content\/uploads\/2022\/02\/mg-768x256.jpeg 768w, https:\/\/narcopowders.com\/wp-content\/uploads\/2022\/02\/mg-1536x512.jpeg 1536w, https:\/\/narcopowders.com\/wp-content\/uploads\/2022\/02\/mg-2048x683.jpeg 2048w, https:\/\/narcopowders.com\/wp-content\/uploads\/2022\/02\/mg-1300x433.jpeg 1300w\" sizes=\"(max-width: 300px) 100vw, 300px\" \/>De asemenea, putem accepta metodele de plat\u0103 moneygram \u0219i western union. De\u0219i mai lent dec\u00e2t bitcoin, aceast\u0103 moned\u0103 este totu\u0219i util\u0103.<br \/><\/span><\/p><h3><span style=\"color: #000000;\">Cum s\u0103 pl\u0103ti\u021bi prin Western Union sau Money Gram<\/span><\/h3><ul><li>\u00cencepe\u021bi prin a alege articolele pe care dori\u021bi s\u0103 le cump\u0103ra\u021bi din magazinul nostru.<\/li><li>F\u0103c\u00e2nd clic pe co\u0219, le pute\u021bi include \u00een co\u0219 \u0219i pute\u021bi accesa pagina de finalizare a comenzii.<\/li><li>Pute\u021bi accesa pagina de finalizare a comenzii din pagina co\u0219ului.<\/li><li>Acum fotografia\u021bi comanda \u0219i ne-o trimite\u021bi la contact@narcopowders.com.<\/li><li>Dup\u0103 examinarea comenzii, v\u0103 vom trimite un e-mail cu gramele de bani ale destinatarului sau informa\u021biile Western Union.<\/li><li>Odat\u0103 ce tranzac\u021bia este finalizat\u0103, trimite\u021bi chitan\u021ba la contact@narcopowders.com.<\/li><li>Odat\u0103 ce plata a fost primit\u0103 \u0219i comanda a fost confirmat\u0103, comanda dumneavoastr\u0103 va fi expediat\u0103.<\/li><\/ul><p><span style=\"color: #000000;\"><strong>Not\u0103 important\u0103<\/strong><\/span><\/p><p>Trimite\u021bi un e-mail cu tranzac\u021bia dvs. de plat\u0103 dup\u0103 efectuarea oric\u0103rei pl\u0103\u021bi la contact@narcopowders.com, astfel \u00eenc\u00e2t s\u0103 o putem verifica \u0219i s\u0103 v\u0103 expediem comanda.<\/p>\t\t\t\t\t\t<\/div>\n\t\t\t\t<\/div>\n\t\t\t\t\t<\/div>\n\t\t<\/div>\n\t\t\t\t\t<\/div>\n\t\t<\/section>\n\t\t\t\t<section class=\"elementor-section elementor-top-section elementor-element elementor-element-e56d5ec elementor-section-boxed elementor-section-height-default elementor-section-height-default\" data-id=\"e56d5ec\" data-element_type=\"section\">\n\t\t\t\t\t\t<div class=\"elementor-container elementor-column-gap-default\">\n\t\t\t\t\t<div class=\"elementor-column elementor-col-100 elementor-top-column elementor-element elementor-element-274ba1f\" data-id=\"274ba1f\" data-element_type=\"column\">\n\t\t\t<div class=\"elementor-widget-wrap elementor-element-populated\">\n\t\t\t\t\t\t<div class=\"elementor-element elementor-element-c67d700 elementor-widget elementor-widget-text-editor\" data-id=\"c67d700\" data-element_type=\"widget\" data-widget_type=\"text-editor.default\">\n\t\t\t\t<div class=\"elementor-widget-container\">\n\t\t\t\t\t\t\t<h2 style=\"text-align: center;\"><span style=\"color: #000000;\">Expediere \u0219i Livrare<\/span><\/h2><p>Toate produsele noastre sunt trimise \u00eentr-o cutie de baz\u0103 sau un plic. Pungi rezistente f\u0103r\u0103 miros sunt folosite de dou\u0103 ori pentru a sigila recipientul, iar apoi este \u00eenchis cu band\u0103 adeziv\u0103 pentru a se asigura c\u0103 niciun miros nu este l\u0103sat \u00een urm\u0103. Chiar dac\u0103 livr\u0103m comenzi \u00een aceea\u0219i zi dac\u0103 sosesc \u00eenainte de ora 17:00, exist\u0103 totu\u0219i o \u0219ans\u0103 de \u00eent\u00e2rziere, deoarece nu avem control asupra furnizorului de servicii care se ocup\u0103 de procesul de livrare. V\u0103 rug\u0103m s\u0103 ne informa\u021bi dac\u0103 un produs nu sose\u0219te conform promisiunii, astfel \u00eenc\u00e2t s\u0103 \u00eel putem analiza sau s\u0103-l g\u0103sim pentru dvs.<\/p><p><strong>RENUN\u021aAREA RESPONSABILIT\u0102\u021aII:<\/strong> \u00cen ciuda faptului c\u0103 99% dintre produsele noastre sunt livrate, exist\u0103 o mic\u0103 posibilitate ca acestea s\u0103 poat\u0103 fi deplasate sau furate \u00een timpul transportului. Dac\u0103 acesta este cazul \u0219i nu a\u021bi primit comanda \u00een 14 zile, v\u0103 rug\u0103m s\u0103 ne contacta\u021bi. Vom face tot posibilul pentru a ajuta.<\/p>\t\t\t\t\t\t<\/div>\n\t\t\t\t<\/div>\n\t\t\t\t\t<\/div>\n\t\t<\/div>\n\t\t\t\t\t<\/div>\n\t\t<\/section>\n\t\t\t\t<\/div>","protected":false},"excerpt":{"rendered":"<p>Payment &#038; Shipping Options BITCOIN Our preferred and fastest method of payment is Bitcoin. Customers that are accustomed to this technique find it to be quite simple. Get in contact with us if you have questions about bitcoin, and we&#8217;ll help you through the procedure. How to buy with bitcoin Put the item you want [&hellip;]<\/p>","protected":false},"author":1,"featured_media":0,"parent":0,"menu_order":0,"comment_status":"closed","ping_status":"closed","template":"","meta":{"_joinchat":[],"footnotes":""},"class_list":["post-18697","page","type-page","status-publish","hentry"],"yoast_head":"<!-- This site is optimized with the Yoast SEO plugin v25.9 - https:\/\/yoast.com\/wordpress\/plugins\/seo\/ -->\n<title>Payment &amp; Shipping - Narco Powders<\/title>\n<meta name=\"robots\" content=\"index, follow, max-snippet:-1, max-image-preview:large, max-video-preview:-1\" \/>\n<link rel=\"canonical\" href=\"https:\/\/narcopowders.com\/ro\/plata-livrare\/\" \/>\n<meta property=\"og:locale\" content=\"ro_RO\" \/>\n<meta property=\"og:type\" content=\"article\" \/>\n<meta property=\"og:title\" content=\"Payment &amp; Shipping - Narco Powders\" \/>\n<meta property=\"og:description\" content=\"Payment &#038; Shipping Options BITCOIN Our preferred and fastest method of payment is Bitcoin. Customers that are accustomed to this technique find it to be quite simple. Get in contact with us if you have questions about bitcoin, and we&#8217;ll help you through the procedure. How to buy with bitcoin Put the item you want [&hellip;]\" \/>\n<meta property=\"og:url\" content=\"https:\/\/narcopowders.com\/ro\/plata-livrare\/\" \/>\n<meta property=\"og:site_name\" content=\"Narco Powders\" \/>\n<meta property=\"article:modified_time\" content=\"2023-01-02T09:53:26+00:00\" \/>\n<meta property=\"og:image\" content=\"https:\/\/narcopowders.com\/wp-content\/uploads\/2022\/02\/bitcoin-300x63.png\" \/>\n<meta name=\"twitter:card\" content=\"summary_large_image\" \/>\n<meta name=\"twitter:label1\" content=\"Timp estimat pentru citire\" \/>\n\t<meta name=\"twitter:data1\" content=\"2 minute\" \/>\n<!-- \/ Yoast SEO plugin. -->","yoast_head_json":{"title":"Plata \u0219i expedierea - Narco Powders","robots":{"index":"index","follow":"follow","max-snippet":"max-snippet:-1","max-image-preview":"max-image-preview:large","max-video-preview":"max-video-preview:-1"},"canonical":"https:\/\/narcopowders.com\/ro\/plata-livrare\/","og_locale":"ro_RO","og_type":"article","og_title":"Payment & Shipping - Narco Powders","og_description":"Payment &#038; Shipping Options BITCOIN Our preferred and fastest method of payment is Bitcoin. Customers that are accustomed to this technique find it to be quite simple. Get in contact with us if you have questions about bitcoin, and we&#8217;ll help you through the procedure. How to buy with bitcoin Put the item you want [&hellip;]","og_url":"https:\/\/narcopowders.com\/ro\/plata-livrare\/","og_site_name":"Narco Powders","article_modified_time":"2023-01-02T09:53:26+00:00","og_image":[{"url":"https:\/\/narcopowders.com\/wp-content\/uploads\/2022\/02\/bitcoin-300x63.png","type":"","width":"","height":""}],"twitter_card":"summary_large_image","twitter_misc":{"Timp estimat pentru citire":"2 minute"},"schema":{"@context":"https:\/\/schema.org","@graph":[{"@type":"WebPage","@id":"https:\/\/narcopowders.com\/payment-shipping\/","url":"https:\/\/narcopowders.com\/payment-shipping\/","name":"Plata \u0219i expedierea - Narco Powders","isPartOf":{"@id":"https:\/\/narcopowders.com\/#website"},"primaryImageOfPage":{"@id":"https:\/\/narcopowders.com\/payment-shipping\/#primaryimage"},"image":{"@id":"https:\/\/narcopowders.com\/payment-shipping\/#primaryimage"},"thumbnailUrl":"https:\/\/narcopowders.com\/wp-content\/uploads\/2022\/02\/bitcoin-300x63.png","datePublished":"2022-02-09T10:40:11+00:00","dateModified":"2023-01-02T09:53:26+00:00","breadcrumb":{"@id":"https:\/\/narcopowders.com\/payment-shipping\/#breadcrumb"},"inLanguage":"ro-RO","potentialAction":[{"@type":"ReadAction","target":["https:\/\/narcopowders.com\/payment-shipping\/"]}]},{"@type":"ImageObject","inLanguage":"ro-RO","@id":"https:\/\/narcopowders.com\/payment-shipping\/#primaryimage","url":"https:\/\/narcopowders.com\/wp-content\/uploads\/2022\/02\/bitcoin-300x63.png","contentUrl":"https:\/\/narcopowders.com\/wp-content\/uploads\/2022\/02\/bitcoin-300x63.png"},{"@type":"BreadcrumbList","@id":"https:\/\/narcopowders.com\/payment-shipping\/#breadcrumb","itemListElement":[{"@type":"ListItem","position":1,"name":"Home","item":"https:\/\/narcopowders.com\/"},{"@type":"ListItem","position":2,"name":"Payment &#038; Shipping"}]},{"@type":"WebSite","@id":"https:\/\/narcopowders.com\/#website","url":"https:\/\/narcopowders.com\/","name":"Pulberi narcotice","description":"Blogul meu WordPress","potentialAction":[{"@type":"SearchAction","target":{"@type":"EntryPoint","urlTemplate":"https:\/\/narcopowders.com\/?s={search_term_string}"},"query-input":{"@type":"PropertyValueSpecification","valueRequired":true,"valueName":"search_term_string"}}],"inLanguage":"ro-RO"}]}},"_links":{"self":[{"href":"https:\/\/narcopowders.com\/ro\/wp-json\/wp\/v2\/pages\/18697","targetHints":{"allow":["GET"]}}],"collection":[{"href":"https:\/\/narcopowders.com\/ro\/wp-json\/wp\/v2\/pages"}],"about":[{"href":"https:\/\/narcopowders.com\/ro\/wp-json\/wp\/v2\/types\/page"}],"author":[{"embeddable":true,"href":"https:\/\/narcopowders.com\/ro\/wp-json\/wp\/v2\/users\/1"}],"replies":[{"embeddable":true,"href":"https:\/\/narcopowders.com\/ro\/wp-json\/wp\/v2\/comments?post=18697"}],"version-history":[{"count":23,"href":"https:\/\/narcopowders.com\/ro\/wp-json\/wp\/v2\/pages\/18697\/revisions"}],"predecessor-version":[{"id":19103,"href":"https:\/\/narcopowders.com\/ro\/wp-json\/wp\/v2\/pages\/18697\/revisions\/19103"}],"wp:attachment":[{"href":"https:\/\/narcopowders.com\/ro\/wp-json\/wp\/v2\/media?parent=18697"}],"curies":[{"name":"wp","href":"https:\/\/api.w.org\/{rel}","templated":true}]}}