{"id":4182,"date":"2015-06-20T16:11:19","date_gmt":"2015-06-20T16:11:19","guid":{"rendered":"https:\/\/sophiechems.com\/?page_id=4182"},"modified":"2023-01-05T12:09:35","modified_gmt":"2023-01-05T12:09:35","slug":"about-us","status":"publish","type":"page","link":"https:\/\/narcopowders.com\/ro\/despre-noi\/","title":{"rendered":"Despre noi"},"content":{"rendered":"<div data-elementor-type=\"wp-page\" data-elementor-id=\"4182\" class=\"elementor elementor-4182\">\n\t\t\t\t\t\t<section class=\"elementor-section elementor-top-section elementor-element elementor-element-56550d3 elementor-section-boxed elementor-section-height-default elementor-section-height-default\" data-id=\"56550d3\" data-element_type=\"section\">\n\t\t\t\t\t\t<div class=\"elementor-container elementor-column-gap-default\">\n\t\t\t\t\t<div class=\"elementor-column elementor-col-100 elementor-top-column elementor-element elementor-element-ccd29ae\" data-id=\"ccd29ae\" data-element_type=\"column\">\n\t\t\t<div class=\"elementor-widget-wrap elementor-element-populated\">\n\t\t\t\t\t\t<div class=\"elementor-element elementor-element-ef9364e elementor-widget-tablet__width-initial elementor-widget elementor-widget-text-editor\" data-id=\"ef9364e\" data-element_type=\"widget\" data-widget_type=\"text-editor.default\">\n\t\t\t\t<div class=\"elementor-widget-container\">\n\t\t\t<style>\/*! elementor - v3.23.0 - 05-08-2024 *\/\n.elementor-widget-text-editor.elementor-drop-cap-view-stacked .elementor-drop-cap{background-color:#69727d;color:#fff}.elementor-widget-text-editor.elementor-drop-cap-view-framed .elementor-drop-cap{color:#69727d;border:3px solid;background-color:transparent}.elementor-widget-text-editor:not(.elementor-drop-cap-view-default) .elementor-drop-cap{margin-top:8px}.elementor-widget-text-editor:not(.elementor-drop-cap-view-default) .elementor-drop-cap-letter{width:1em;height:1em}.elementor-widget-text-editor .elementor-drop-cap{float:left;text-align:center;line-height:1;font-size:50px}.elementor-widget-text-editor .elementor-drop-cap-letter{display:inline-block}<\/style>\t\t\t\t<h2 style=\"font-weight: bold; text-align: center;\">NarcoPowders este <span style=\"color: #f50000;\">Cel mai mare<\/span> Magazin de cocain\u0103 \u0219i heroin\u0103<\/h2><p style=\"text-align: center; max-width: 900px; margin: 0 auto;\">Dac\u0103 c\u0103uta\u021bi s\u0103 cump\u0103ra\u021bi cocain\u0103 \u0219i heroin\u0103 \u0219i nu \u0219ti\u021bi de unde pute\u021bi comanda. NarcoPowder este un furnizor de \u00eencredere de cocain\u0103 \u0219i heroin\u0103 100% pur\u0103 \u0219i de \u00eenalt\u0103 calitate \u00een Rom\u00e2nia, Portugalia, Marea Britanie, Europa.\u00a0<\/p>\t\t\t\t\t\t<\/div>\n\t\t\t\t<\/div>\n\t\t\t\t<div class=\"elementor-element elementor-element-595bf7e elementor-widget-tablet__width-initial elementor-widget elementor-widget-image\" data-id=\"595bf7e\" data-element_type=\"widget\" data-widget_type=\"image.default\">\n\t\t\t\t<div class=\"elementor-widget-container\">\n\t\t\t<style>\/*! elementor - v3.23.0 - 05-08-2024 *\/\n.elementor-widget-image{text-align:center}.elementor-widget-image a{display:inline-block}.elementor-widget-image a img[src$=\".svg\"]{width:48px}.elementor-widget-image img{vertical-align:middle;display:inline-block}<\/style>\t\t\t\t\t\t\t\t\t\t<img fetchpriority=\"high\" decoding=\"async\" width=\"1300\" height=\"460\" src=\"https:\/\/narcopowders.com\/wp-content\/uploads\/2023\/01\/about-us.jpg\" class=\"attachment-full size-full wp-image-19078\" alt=\"\" srcset=\"https:\/\/narcopowders.com\/wp-content\/uploads\/2023\/01\/about-us.jpg 1300w, https:\/\/narcopowders.com\/wp-content\/uploads\/2023\/01\/about-us-600x212.jpg 600w, https:\/\/narcopowders.com\/wp-content\/uploads\/2023\/01\/about-us-300x106.jpg 300w, https:\/\/narcopowders.com\/wp-content\/uploads\/2023\/01\/about-us-1024x362.jpg 1024w, https:\/\/narcopowders.com\/wp-content\/uploads\/2023\/01\/about-us-768x272.jpg 768w\" sizes=\"(max-width: 1300px) 100vw, 1300px\" \/>\t\t\t\t\t\t\t\t\t\t\t\t\t<\/div>\n\t\t\t\t<\/div>\n\t\t\t\t\t<\/div>\n\t\t<\/div>\n\t\t\t\t\t<\/div>\n\t\t<\/section>\n\t\t\t\t<section class=\"elementor-section elementor-top-section elementor-element elementor-element-818ccaf elementor-section-content-middle elementor-section-boxed elementor-section-height-default elementor-section-height-default\" data-id=\"818ccaf\" data-element_type=\"section\">\n\t\t\t\t\t\t<div class=\"elementor-container elementor-column-gap-no\">\n\t\t\t\t\t<div class=\"elementor-column elementor-col-50 elementor-top-column elementor-element elementor-element-0f669b6\" data-id=\"0f669b6\" data-element_type=\"column\">\n\t\t\t<div class=\"elementor-widget-wrap elementor-element-populated\">\n\t\t\t\t\t\t<div class=\"elementor-element elementor-element-fc721aa elementor-widget__width-initial elementor-widget-tablet__width-initial elementor-widget elementor-widget-text-editor\" data-id=\"fc721aa\" data-element_type=\"widget\" data-widget_type=\"text-editor.default\">\n\t\t\t\t<div class=\"elementor-widget-container\">\n\t\t\t\t\t\t\t<p><label class=\"label-info\">CINE SUNTEM NOI?<\/label><\/p><h3 style=\"font-weight: bold;\">C\u0102UTARE, SELECTARE,<br \/>CUMPARA ONLINE<\/h3><p>Narco Powders este un furnizor interna\u021bional de o mare varietate de droguri, inclusiv cocain\u0103, heroin\u0103 etc. Situat \u00een California, SUA, furniz\u0103m droguri \u00een Rom\u00e2nia, Ucraina \u0219i multe altele. Singurul nostru obiectiv este s\u0103 v\u0103 oferim tot ce ave\u021bi nevoie pentru a v\u0103 \u00eembun\u0103t\u0103\u021bi s\u0103n\u0103tatea mental\u0103 \u0219i fizic\u0103.\u00a0<\/p>\t\t\t\t\t\t<\/div>\n\t\t\t\t<\/div>\n\t\t\t\t<div class=\"elementor-element elementor-element-b85c89d elementor-widget__width-initial elementor-widget-tablet__width-initial elementor-widget elementor-widget-text-editor\" data-id=\"b85c89d\" data-element_type=\"widget\" data-widget_type=\"text-editor.default\">\n\t\t\t\t<div class=\"elementor-widget-container\">\n\t\t\t\t\t\t\t<a class=\"button-text\" href=\"#\">Vezi mai mult<\/a>\t\t\t\t\t\t<\/div>\n\t\t\t\t<\/div>\n\t\t\t\t\t<\/div>\n\t\t<\/div>\n\t\t\t\t<div class=\"elementor-column elementor-col-50 elementor-top-column elementor-element elementor-element-a5d50e5\" data-id=\"a5d50e5\" data-element_type=\"column\">\n\t\t\t<div class=\"elementor-widget-wrap elementor-element-populated\">\n\t\t\t\t\t\t<div class=\"elementor-element elementor-element-3f3ffcc elementor-widget elementor-widget-image\" data-id=\"3f3ffcc\" data-element_type=\"widget\" data-widget_type=\"image.default\">\n\t\t\t\t<div class=\"elementor-widget-container\">\n\t\t\t\t\t\t\t\t\t\t\t\t\t<img decoding=\"async\" width=\"600\" height=\"600\" src=\"https:\/\/narcopowders.com\/wp-content\/uploads\/2023\/01\/afghan-heroin.jpg\" class=\"attachment-full size-full wp-image-19243\" alt=\"Cump\u0103ra\u021bi heroin\u0103 afgan\u0103 online\" srcset=\"https:\/\/narcopowders.com\/wp-content\/uploads\/2023\/01\/afghan-heroin.jpg 600w, https:\/\/narcopowders.com\/wp-content\/uploads\/2023\/01\/afghan-heroin-300x300.jpg 300w, https:\/\/narcopowders.com\/wp-content\/uploads\/2023\/01\/afghan-heroin-100x100.jpg 100w, https:\/\/narcopowders.com\/wp-content\/uploads\/2023\/01\/afghan-heroin-150x150.jpg 150w, https:\/\/narcopowders.com\/wp-content\/uploads\/2023\/01\/afghan-heroin-440x440.jpg 440w, https:\/\/narcopowders.com\/wp-content\/uploads\/2023\/01\/afghan-heroin-120x120.jpg 120w, https:\/\/narcopowders.com\/wp-content\/uploads\/2023\/01\/afghan-heroin-46x46.jpg 46w\" sizes=\"(max-width: 600px) 100vw, 600px\" \/>\t\t\t\t\t\t\t\t\t\t\t\t\t<\/div>\n\t\t\t\t<\/div>\n\t\t\t\t\t<\/div>\n\t\t<\/div>\n\t\t\t\t\t<\/div>\n\t\t<\/section>\n\t\t\t\t<section class=\"elementor-section elementor-top-section elementor-element elementor-element-91a89b3 elementor-section-boxed elementor-section-height-default elementor-section-height-default\" data-id=\"91a89b3\" data-element_type=\"section\">\n\t\t\t\t\t\t<div class=\"elementor-container elementor-column-gap-default\">\n\t\t\t\t\t<div class=\"elementor-column elementor-col-100 elementor-top-column elementor-element elementor-element-f9b13fb\" data-id=\"f9b13fb\" data-element_type=\"column\">\n\t\t\t<div class=\"elementor-widget-wrap elementor-element-populated\">\n\t\t\t\t\t\t<div class=\"elementor-element elementor-element-bb6c3b3 elementor-widget elementor-widget-text-editor\" data-id=\"bb6c3b3\" data-element_type=\"widget\" data-widget_type=\"text-editor.default\">\n\t\t\t\t<div class=\"elementor-widget-container\">\n\t\t\t\t\t\t\t<h2><strong>Cump\u0103ra\u021bi cocain\u0103 crack online de la Narco Powders<\/strong><\/h2><p>Medicamentele noastre sunt disponibile sub form\u0103 de pulbere pur\u0103 97% \u0219i pot fi comandate cu minimum 3 grame. Poti\u00a0<strong>comanda crack online<\/strong>\u00a0\u00een vrac din magazinul nostru. Clorhidratul a fost eliminat \u0219i nu exist\u0103 contaminan\u021bi \u00een substan\u021b\u0103. Similar cu pulberea de cocain\u0103, cocaina crack poate fi folosit\u0103 pentru a cauteriza nasul pentru a opri s\u00e2ngerarea \u0219i a inhiba semnalele nervoase.<\/p><h3><strong>Asiguram livrarea sigura si rapida a medicamentelor<\/strong><\/h3><p>Timpul nostru de livrare este rapid \u0219i eficient, ceea ce \u00eenseamn\u0103 c\u0103 pute\u021bi conta \u00eentotdeauna pe noi pentru a v\u0103 livra comenzile cu promptitudine. \u0218i dac\u0103 mai putem face ceva pentru a v\u0103 ajuta, echipa noastr\u0103 de exper\u021bi este disponibil\u0103 24\/7 pentru a v\u0103 ajuta. \u00cen\u021belegem c\u0103 serviciul pentru clien\u021bi este important, a\u0219a c\u0103 ne m\u00e2ndrim cu sistemul nostru de asisten\u021b\u0103 cuprinz\u0103tor.<\/p><p>Pentru a asigura siguran\u021b\u0103 maxim\u0103 pentru to\u021bi clien\u021bii no\u0219tri, efectu\u0103m evalu\u0103ri \u0219i analize cuprinz\u0103toare ale pie\u021bei externe \u00eenainte de a lua orice decizie privind extinderea pe noi pie\u021be. Acest lucru ne ajut\u0103 s\u0103 evit\u0103m orice risc poten\u021bial, oferind \u00een acela\u0219i timp rezultate excelente clien\u021bilor no\u0219tri.<\/p><p>De la r\u0103spunsul la \u00eentreb\u0103ri despre produsele noastre p\u00e2n\u0103 la depanarea problemelor ulterioare achizi\u021biei, suntem aici pentru a v\u0103 ajuta.<\/p><h2><strong>De ce s\u0103 alege\u021bi Narco Powders?<\/strong><\/h2><ul><li><strong>Medicamente de \u00eenalt\u0103 calitate:<\/strong>Cu Narco Powders, nu va trebui niciodat\u0103 s\u0103 v\u0103 face\u021bi griji cu privire la primirea unei doze incorecte sau la ob\u021binerea unui medicament care nu corespunde standardelor dumneavoastr\u0103.<\/li><li><strong>Confiden\u021bialitate complet\u0103 garantat\u0103:\u00a0<\/strong>Nu este nevoie s\u0103 v\u0103 face\u021bi griji c\u0103 \u00eenregistr\u0103rile financiare sau datele personale sunt partajate cu vreo ter\u021b\u0103 parte. Totul este complet confiden\u021bial \u0219i sigur.<\/li><li><strong>Op\u021biuni u\u0219oare de plat\u0103:<\/strong>Narco Powders accept\u0103, de asemenea, diverse forme de moned\u0103 tradi\u021bional\u0103, cum ar fi dolari americani \u0219i euro. Dac\u0103 nu v\u0103 sim\u021bi\u021bi confortabil s\u0103 utiliza\u021bi criptomonede sau pl\u0103\u021bile mobile, exist\u0103 \u00eentotdeauna mai multe op\u021biuni disponibile pentru dvs.<\/li><li><strong>Echipa de exper\u021bi de profesioni\u0219ti\u00a0<\/strong>La compania noastr\u0103, \u0219tim de ce este nevoie pentru a livra produse \u0219i servicii de calitate care s\u0103 v\u0103 avantajeze at\u00e2t dumneavoastr\u0103, c\u00e2t \u0219i clien\u021bilor dumneavoastr\u0103.<\/li><li><strong>Medicamente rentabile\u00a0<\/strong>Narco Powders \u00ee\u0219i propune s\u0103 ofere numai medicamente de calitate, sigure, la un pre\u021b accesibil.<\/li><\/ul><p><strong>Livrare la timp pe tot globul\u00a0<\/strong>Re\u021belele noastre de aprovizionare sunt la nivel na\u021bional \u0219i interna\u021bional, asigur\u00e2ndu-ne c\u0103 v\u0103 putem oferi \u00eentotdeauna produsele de care ave\u021bi nevoie la timp.<\/p>\t\t\t\t\t\t<\/div>\n\t\t\t\t<\/div>\n\t\t\t\t\t<\/div>\n\t\t<\/div>\n\t\t\t\t\t<\/div>\n\t\t<\/section>\n\t\t\t\t<\/div>","protected":false},"excerpt":{"rendered":"<p>NarcoPowders is Largest Cocaine &amp; Heroin Store If you are searching to buy Cocaine and Heroin and don&#8217;t know from where you can order. NarcoPowder is a trustworthy supplier of 100% pure and high quality cocaine and heroin in USA, Canada, UK, Europe.\u00a0 WHO ARE WE? SEARCH, SELECT,BUY ONLINE Narco Powders is an international supplier [&hellip;]<\/p>","protected":false},"author":1,"featured_media":0,"parent":0,"menu_order":0,"comment_status":"closed","ping_status":"closed","template":"","meta":{"_joinchat":[],"footnotes":""},"class_list":["post-4182","page","type-page","status-publish","hentry"],"yoast_head":"<!-- This site is optimized with the Yoast SEO plugin v25.9 - https:\/\/yoast.com\/wordpress\/plugins\/seo\/ -->\n<title>About us - Narco Powders<\/title>\n<meta name=\"robots\" content=\"index, follow, max-snippet:-1, max-image-preview:large, max-video-preview:-1\" \/>\n<link rel=\"canonical\" href=\"https:\/\/narcopowders.com\/ro\/despre-noi\/\" \/>\n<meta property=\"og:locale\" content=\"ro_RO\" \/>\n<meta property=\"og:type\" content=\"article\" \/>\n<meta property=\"og:title\" content=\"About us - Narco Powders\" \/>\n<meta property=\"og:description\" content=\"NarcoPowders is Largest Cocaine &amp; Heroin Store If you are searching to buy Cocaine and Heroin and don&#8217;t know from where you can order. NarcoPowder is a trustworthy supplier of 100% pure and high quality cocaine and heroin in USA, Canada, UK, Europe.\u00a0 WHO ARE WE? SEARCH, SELECT,BUY ONLINE Narco Powders is an international supplier [&hellip;]\" \/>\n<meta property=\"og:url\" content=\"https:\/\/narcopowders.com\/ro\/despre-noi\/\" \/>\n<meta property=\"og:site_name\" content=\"Narco Powders\" \/>\n<meta property=\"article:modified_time\" content=\"2023-01-05T12:09:35+00:00\" \/>\n<meta property=\"og:image\" content=\"https:\/\/narcopowders.com\/wp-content\/uploads\/2023\/01\/about-us.jpg\" \/>\n<meta name=\"twitter:card\" content=\"summary_large_image\" \/>\n<meta name=\"twitter:label1\" content=\"Timp estimat pentru citire\" \/>\n\t<meta name=\"twitter:data1\" content=\"2 minute\" \/>\n<!-- \/ Yoast SEO plugin. -->","yoast_head_json":{"title":"Despre noi - Narco Powders","robots":{"index":"index","follow":"follow","max-snippet":"max-snippet:-1","max-image-preview":"max-image-preview:large","max-video-preview":"max-video-preview:-1"},"canonical":"https:\/\/narcopowders.com\/ro\/despre-noi\/","og_locale":"ro_RO","og_type":"article","og_title":"About us - Narco Powders","og_description":"NarcoPowders is Largest Cocaine &amp; Heroin Store If you are searching to buy Cocaine and Heroin and don&#8217;t know from where you can order. NarcoPowder is a trustworthy supplier of 100% pure and high quality cocaine and heroin in USA, Canada, UK, Europe.\u00a0 WHO ARE WE? SEARCH, SELECT,BUY ONLINE Narco Powders is an international supplier [&hellip;]","og_url":"https:\/\/narcopowders.com\/ro\/despre-noi\/","og_site_name":"Narco Powders","article_modified_time":"2023-01-05T12:09:35+00:00","og_image":[{"url":"https:\/\/narcopowders.com\/wp-content\/uploads\/2023\/01\/about-us.jpg","type":"","width":"","height":""}],"twitter_card":"summary_large_image","twitter_misc":{"Timp estimat pentru citire":"2 minute"},"schema":{"@context":"https:\/\/schema.org","@graph":[{"@type":"WebPage","@id":"https:\/\/narcopowders.com\/about-us\/","url":"https:\/\/narcopowders.com\/about-us\/","name":"Despre noi - Narco Powders","isPartOf":{"@id":"https:\/\/narcopowders.com\/#website"},"primaryImageOfPage":{"@id":"https:\/\/narcopowders.com\/about-us\/#primaryimage"},"image":{"@id":"https:\/\/narcopowders.com\/about-us\/#primaryimage"},"thumbnailUrl":"https:\/\/narcopowders.com\/wp-content\/uploads\/2023\/01\/about-us.jpg","datePublished":"2015-06-20T16:11:19+00:00","dateModified":"2023-01-05T12:09:35+00:00","breadcrumb":{"@id":"https:\/\/narcopowders.com\/about-us\/#breadcrumb"},"inLanguage":"ro-RO","potentialAction":[{"@type":"ReadAction","target":["https:\/\/narcopowders.com\/about-us\/"]}]},{"@type":"ImageObject","inLanguage":"ro-RO","@id":"https:\/\/narcopowders.com\/about-us\/#primaryimage","url":"https:\/\/narcopowders.com\/wp-content\/uploads\/2023\/01\/about-us.jpg","contentUrl":"https:\/\/narcopowders.com\/wp-content\/uploads\/2023\/01\/about-us.jpg"},{"@type":"BreadcrumbList","@id":"https:\/\/narcopowders.com\/about-us\/#breadcrumb","itemListElement":[{"@type":"ListItem","position":1,"name":"Home","item":"https:\/\/narcopowders.com\/"},{"@type":"ListItem","position":2,"name":"About us"}]},{"@type":"WebSite","@id":"https:\/\/narcopowders.com\/#website","url":"https:\/\/narcopowders.com\/","name":"Pulberi narcotice","description":"Blogul meu WordPress","potentialAction":[{"@type":"SearchAction","target":{"@type":"EntryPoint","urlTemplate":"https:\/\/narcopowders.com\/?s={search_term_string}"},"query-input":{"@type":"PropertyValueSpecification","valueRequired":true,"valueName":"search_term_string"}}],"inLanguage":"ro-RO"}]}},"_links":{"self":[{"href":"https:\/\/narcopowders.com\/ro\/wp-json\/wp\/v2\/pages\/4182","targetHints":{"allow":["GET"]}}],"collection":[{"href":"https:\/\/narcopowders.com\/ro\/wp-json\/wp\/v2\/pages"}],"about":[{"href":"https:\/\/narcopowders.com\/ro\/wp-json\/wp\/v2\/types\/page"}],"author":[{"embeddable":true,"href":"https:\/\/narcopowders.com\/ro\/wp-json\/wp\/v2\/users\/1"}],"replies":[{"embeddable":true,"href":"https:\/\/narcopowders.com\/ro\/wp-json\/wp\/v2\/comments?post=4182"}],"version-history":[{"count":28,"href":"https:\/\/narcopowders.com\/ro\/wp-json\/wp\/v2\/pages\/4182\/revisions"}],"predecessor-version":[{"id":19275,"href":"https:\/\/narcopowders.com\/ro\/wp-json\/wp\/v2\/pages\/4182\/revisions\/19275"}],"wp:attachment":[{"href":"https:\/\/narcopowders.com\/ro\/wp-json\/wp\/v2\/media?parent=4182"}],"curies":[{"name":"wp","href":"https:\/\/api.w.org\/{rel}","templated":true}]}}