{"id":19056,"date":"2023-01-02T09:38:01","date_gmt":"2023-01-02T09:38:01","guid":{"rendered":"https:\/\/nembutalhouse.com\/narco\/?post_type=product&#038;p=19056"},"modified":"2025-03-25T12:35:29","modified_gmt":"2025-03-25T12:35:29","slug":"white-powder-heroin","status":"publish","type":"product","link":"https:\/\/narcopowders.com\/ro\/produs\/pulbere-alba-heroina\/","title":{"rendered":"Cump\u0103ra\u021bi heroin\u0103 \u00een pulbere alb\u0103 online"},"content":{"rendered":"<h2 style=\"text-align: justify;\">Cump\u0103ra\u021bi heroin\u0103 \u00een pulbere alb\u0103 online<\/h2>\n<p style=\"text-align: justify;\"><a href=\"https:\/\/en.wikipedia.org\/wiki\/Heroin\">White powder heroin<\/a> Heroina cu pudr\u0103 alb\u0103 este una dintre cele mai puternice \u0219i pline de satisfac\u021bii forme de drog de pe pia\u021b\u0103. Dar de unde ar trebui s\u0103-l cumperi? Narco Powders este cel mai bun loc\u00a0<strong><a href=\"https:\/\/narcopowders.com\/ro\/produs\/pulbere-alba-heroina\/\">cump\u0103ra heroin\u0103 pudr\u0103 alb\u0103 online<\/a>\u00a0<\/strong>at the best price. At <a href=\"https:\/\/narcopowders.com\/ro\/\">Pulberi narcotice<\/a>la cel mai bun pret. La Narco Powders, facem u\u0219or \u0219i sigur achizi\u021bionarea de heroin\u0103 pudr\u0103 alb\u0103 \u00een vrac, cu o gam\u0103 larg\u0103 de op\u021biuni de livrare \u0219i plat\u0103. Suntem foarte m\u00e2ndri s\u0103 oferim clien\u021bilor no\u0219tri o experien\u021b\u0103 de cump\u0103r\u0103turi rapid\u0103, discret\u0103 \u0219i sigur\u0103, sus\u021binut\u0103 de garan\u021bia noastr\u0103 de satisfac\u021bie 100%.<\/p>\n<h3 style=\"text-align: justify;\">Beneficiile heroinei cu pulbere alb\u0103<\/h3>\n<p style=\"text-align: justify;\">Heroina sub form\u0103 de pulbere alb\u0103 este adesea folosit\u0103 \u00een scopuri recrea\u021bionale sau medicale ca un analgezic opioid, dar c\u00e2\u0219tig\u0103 \u0219i popularitate \u00een r\u00e2ndul persoanelor care caut\u0103 o experien\u021b\u0103 mai intens\u0103. Datorit\u0103 eforturilor Narco Powders, po\u021bi acum\u00a0<strong><a href=\"https:\/\/www.bing.com\/search?q=Buy%20White%20Powder%20Heroin%20Online&amp;qs=n&amp;form=QBRE&amp;sp=-1&amp;lq=0&amp;pq=buy%20white%20powder%20heroin%20online&amp;sc=0-30&amp;sk=&amp;cvid=AADFBCBCD72B4038B6168FDA355BF6FA&amp;ghsh=0&amp;ghacc=0&amp;ghpl=\">comand\u0103 online heroin\u0103 pur\u0103 pudr\u0103 alb\u0103<\/a>\u00a0<\/strong>\u0219i experimenta\u021bi direct efectele sale puternice. C\u00e2nd achizi\u021biona\u021bi heroin\u0103 pudr\u0103 alb\u0103 de la Narco Powders, ob\u021bine\u021bi cea mai pur\u0103 form\u0103 de drog de pe pia\u021b\u0103. Aceasta \u00eenseamn\u0103 c\u0103 doza dumneavoastr\u0103 va fi mai puternic\u0103 \u0219i va dura mai mult dec\u00e2t \u00een \u200b\u200bcazul altor tipuri de heroin\u0103, ceea ce o face ideal\u0103 pentru cei care caut\u0103 o experien\u021b\u0103 intens\u0103. \u00cen plus, pre\u021burile sunt competitive, iar termenele de livrare sunt rapide. Deci ce mai a\u0219tep\u021bi? Plasa\u021bi comanda pentru <strong><a href=\"https:\/\/www.bing.com\/search?q=Buy%20White%20Powder%20Heroin%20Online&amp;qs=n&amp;form=QBRE&amp;sp=-1&amp;lq=0&amp;pq=buy%20white%20powder%20heroin%20online&amp;sc=0-30&amp;sk=&amp;cvid=AADFBCBCD72B4038B6168FDA355BF6FA&amp;ghsh=0&amp;ghacc=0&amp;ghpl=\">heroin\u0103 \u00een vrac pulbere alb\u0103<\/a>\u00a0<\/strong>ast\u0103zi!<\/p>\n<h3 style=\"text-align: justify;\">Riscuri implicate de utilizarea heroinei pulbere alb\u0103<\/h3>\n<p style=\"text-align: justify;\">Dac\u0103 ai de g\u00e2nd s\u0103 <a href=\"https:\/\/www.google.com\/search?q=Buy+White+Powder+Heroin+Online&amp;num=10&amp;sca_esv=1a2a07081c7891bb&amp;rlz=1C1RXQR_enIN1098IN1098&amp;sxsrf=AHTn8zpHIH0V4BOWSqealgZWV-gHTlBv8Q%3A1741686119562&amp;ei=ZwXQZ6WGIvSk1e8Pt8SJ-Aw&amp;ved=0ahUKEwjl1d2z3oGMAxV0UvUHHTdiAs8Q4dUDCBA&amp;uact=5&amp;oq=Buy+White+Powder+Heroin+Online&amp;gs_lp=Egxnd3Mtd2l6LXNlcnAiHkJ1eSBXaGl0ZSBQb3dkZXIgSGVyb2luIE9ubGluZUi0B1CQA1iQA3ACeACQAQCYAYUCoAGFAqoBAzItMbgBA8gBAPgBAvgBAZgCAKACAJgDAIgGAZIHAKAHUg&amp;sclient=gws-wiz-serp\">cump\u0103ra\u021bi heroin\u0103 pudr\u0103 alb\u0103 de v\u00e2nzare online<\/a>Dac\u0103 inten\u021biona\u021bi s\u0103 cump\u0103ra\u021bi heroin\u0103 pudr\u0103 alb\u0103 pentru v\u00e2nzare online, fi\u021bi con\u0219tien\u021bi de riscurile implicate. Heroina sub form\u0103 de pudr\u0103 alb\u0103 este un drog puternic care d\u0103 dependen\u021b\u0103, iar utilizarea lui \u00een mod regulat poate duce la dependen\u021b\u0103 psihologic\u0103 \u0219i fizic\u0103. Dac\u0103 \u00eenceta\u021bi s\u0103 \u00eel utiliza\u021bi brusc, este posibil s\u0103 ave\u021bi simptome de sevraj care pot fi intense \u0219i dureroase. Mai mult, chiar \u0219i dozele mici din aceast\u0103 substan\u021b\u0103 puternic\u0103 pot fi mortale dac\u0103 sunt luate incorect sau dac\u0103 cineva face supradoze cu ea. De fapt, supradozajul este una dintre cele mai frecvente cauze de deces asociate cu consumul de heroin\u0103 \u00een pulbere alb\u0103. Nu \u00een ultimul r\u00e2nd, consumul de heroin\u0103 \u00een pulbere alb\u0103 a fost asociat cu mai multe rezultate negative asupra s\u0103n\u0103t\u0103\u021bii mintale, cum ar fi anxietatea, paranoia, depresia, abilit\u0103\u021bile de g\u00e2ndire afectate \u0219i recidiva dependen\u021bei. <a href=\"https:\/\/www.google.com\/search?q=Buy+White+Powder+Heroin+Online&amp;num=10&amp;sca_esv=1a2a07081c7891bb&amp;rlz=1C1RXQR_enIN1098IN1098&amp;sxsrf=AHTn8zpHIH0V4BOWSqealgZWV-gHTlBv8Q%3A1741686119562&amp;ei=ZwXQZ6WGIvSk1e8Pt8SJ-Aw&amp;ved=0ahUKEwjl1d2z3oGMAxV0UvUHHTdiAs8Q4dUDCBA&amp;uact=5&amp;oq=Buy+White+Powder+Heroin+Online&amp;gs_lp=Egxnd3Mtd2l6LXNlcnAiHkJ1eSBXaGl0ZSBQb3dkZXIgSGVyb2luIE9ubGluZUi0B1CQA1iQA3ACeACQAQCYAYUCoAGFAqoBAzItMbgBA8gBAPgBAvgBAZgCAKACAJgDAIgGAZIHAKAHUg&amp;sclient=gws-wiz-serp\">heroin\u0103 pudr\u0103 alb\u0103<\/a> Nu \u00een ultimul r\u00e2nd, consumul de heroin\u0103 sub form\u0103 de pulbere alb\u0103 a fost asociat cu mai multe efecte negative asupra s\u0103n\u0103t\u0103\u021bii mintale, cum ar fi anxietatea, paranoia, depresia, afectarea capacit\u0103\u021bii de g\u00e2ndire \u0219i recidiva dependen\u021bei.<\/p>\n<h3 style=\"text-align: justify;\">Care este doza corect\u0103 de heroin\u0103 \u00een pulbere alb\u0103?<\/h3>\n<p style=\"text-align: justify;\">Este important de men\u021bionat c\u0103 nu exist\u0103 o doz\u0103 \u201esigur\u0103\u201d de <a href=\"https:\/\/duckduckgo.com\/?q=Buy+White+Powder+Heroin+Online&amp;t=h_&amp;ia=web\">heroin\u0103 pudr\u0103 alb\u0103<\/a>Este important de re\u021binut c\u0103 nu exist\u0103 o doz\u0103 \u201esigur\u0103\u201d de heroin\u0103 pudr\u0103 alb\u0103, deoarece orice doz\u0103 ar putea fi poten\u021bial fatal\u0103 din cauza reac\u021biilor cu alergiile cunoscute sau necunoscute ale unei persoane \u0219i alte afec\u021biuni medicale. Ca urmare, oric\u00e2t de pu\u021bin\u0103 heroin\u0103 este folosit\u0103, aceasta trebuie f\u0103cut\u0103 numai sub stricta supraveghere a unui medic specialist.<\/p>\n<h3 style=\"text-align: justify;\">De ce este Narco Powders cel mai bun loc pentru a cump\u0103ra heroin\u0103 \u00een pulbere alb\u0103 online?<\/h3>\n<p style=\"text-align: justify;\">Dac\u0103 ai de g\u00e2nd s\u0103 <a href=\"https:\/\/duckduckgo.com\/?q=Buy+White+Powder+Heroin+Online&amp;t=h_&amp;ia=web\"><strong>cump\u0103ra heroin\u0103 pudr\u0103 alb\u0103 online<\/strong><\/a>, ofer\u0103 o gam\u0103 larg\u0103 de beneficii, de la confort p\u00e2n\u0103 la accesibilitate. Cu toate acestea, este important s\u0103 fi\u021bi con\u0219tien\u021bi de riscurile asociate cu utilizarea acestui medicament \u0219i s\u0103 \u00eel cump\u0103ra\u021bi numai din surse de renume, cum ar fi Narco Powders. Cu ajutorul NarcoPowders.com, v\u0103 pute\u021bi bucura de numeroasele beneficii ale heroinei cu pudr\u0103 alb\u0103 en gros online, cu \u00eencredere.<\/p>","protected":false},"excerpt":{"rendered":"<p>Buy White Powder Heroin Online White powder heroin is one of the most powerful and rewarding forms of the drug on the market. But where should you buy it from? Narco Powders is the best place to\u00a0buy white powder heroin online\u00a0at the best price. At Narco Powders, we make it easy and safe to purchase\u00a0white [&hellip;]<\/p>","protected":false},"featured_media":19073,"comment_status":"open","ping_status":"closed","template":"","meta":{"_joinchat":[]},"product_brand":[],"product_cat":[1168],"product_tag":[1314,1308,1317,1320,1321,1319,1311,1322,1315,1323,1312,1318,1313,1316,1310,1309],"class_list":{"0":"post-19056","1":"product","2":"type-product","3":"status-publish","4":"has-post-thumbnail","6":"product_cat-buy-heroin-online","7":"product_tag-benefits-of-white-powder-cocaine","8":"product_tag-best-place-to-order-white-powder-cocaine","9":"product_tag-buy-white-powder-cocaine-legally","10":"product_tag-buy-white-powder-cocaine-online-australia","11":"product_tag-buy-white-powder-cocaine-online-near-me","12":"product_tag-buy-white-powder-cocaine-online-usa","13":"product_tag-cheap-white-powder-cocaine","14":"product_tag-how-can-i-get-the-best-white-powder-cocaine","15":"product_tag-how-to-order-white-powder-cocaine","16":"product_tag-legit-white-powder-cocaine-online","17":"product_tag-what-is-white-powder-cocaine","18":"product_tag-where-can-i-buy-white-powder-cocaine","19":"product_tag-where-to-buy-white-powder-cocaine","20":"product_tag-white-powder-cocaine-for-sale","21":"product_tag-white-powder-cocaine-price","22":"product_tag-white-powder-cocaine-wholesale","24":"first","25":"instock","26":"shipping-taxable","27":"purchasable","28":"product-type-variable","29":"add-to-wishlist-after_add_to_cart"},"yoast_head":"<!-- This site is optimized with the Yoast SEO plugin v25.9 - https:\/\/yoast.com\/wordpress\/plugins\/seo\/ -->\n<title>White Powder Heroin for Sale - Buy White Powder Heroin Online<\/title>\n<meta name=\"description\" content=\"Buy white powder heroin online from our trusted store. Our white powder heroin for sale is of the highest purity and guaranteed to provide superior results.\" \/>\n<meta name=\"robots\" content=\"index, follow, max-snippet:-1, max-image-preview:large, max-video-preview:-1\" \/>\n<link rel=\"canonical\" href=\"https:\/\/narcopowders.com\/ro\/produs\/pulbere-alba-heroina\/\" \/>\n<meta property=\"og:locale\" content=\"ro_RO\" \/>\n<meta property=\"og:type\" content=\"article\" \/>\n<meta property=\"og:title\" content=\"White Powder Heroin for Sale - Buy White Powder Heroin Online\" \/>\n<meta property=\"og:description\" content=\"Buy white powder heroin online from our trusted store. Our white powder heroin for sale is of the highest purity and guaranteed to provide superior results.\" \/>\n<meta property=\"og:url\" content=\"https:\/\/narcopowders.com\/ro\/produs\/pulbere-alba-heroina\/\" \/>\n<meta property=\"og:site_name\" content=\"Narco Powders\" \/>\n<meta property=\"article:modified_time\" content=\"2025-03-25T12:35:29+00:00\" \/>\n<meta property=\"og:image\" content=\"https:\/\/narcopowders.com\/wp-content\/uploads\/2023\/01\/white-powder-heroin.jpg\" \/>\n\t<meta property=\"og:image:width\" content=\"600\" \/>\n\t<meta property=\"og:image:height\" content=\"600\" \/>\n\t<meta property=\"og:image:type\" content=\"image\/jpeg\" \/>\n<meta name=\"twitter:card\" content=\"summary_large_image\" \/>\n<meta name=\"twitter:label1\" content=\"Timp estimat pentru citire\" \/>\n\t<meta name=\"twitter:data1\" content=\"3 minute\" \/>\n<!-- \/ Yoast SEO plugin. -->","yoast_head_json":{"title":"Heroin\u0103 cu pulbere alb\u0103 de v\u00e2nzare - Cump\u0103ra\u021bi heroin\u0103 cu pulbere alb\u0103 online","description":"Cump\u0103ra\u021bi heroin\u0103 pudr\u0103 alb\u0103 online din magazinul nostru de \u00eencredere. Heroina noastr\u0103 cu pudr\u0103 alb\u0103 de v\u00e2nzare este de cea mai \u00eenalt\u0103 puritate \u0219i este garantat\u0103 s\u0103 ofere rezultate superioare.","robots":{"index":"index","follow":"follow","max-snippet":"max-snippet:-1","max-image-preview":"max-image-preview:large","max-video-preview":"max-video-preview:-1"},"canonical":"https:\/\/narcopowders.com\/ro\/produs\/pulbere-alba-heroina\/","og_locale":"ro_RO","og_type":"article","og_title":"White Powder Heroin for Sale - Buy White Powder Heroin Online","og_description":"Buy white powder heroin online from our trusted store. Our white powder heroin for sale is of the highest purity and guaranteed to provide superior results.","og_url":"https:\/\/narcopowders.com\/ro\/produs\/pulbere-alba-heroina\/","og_site_name":"Narco Powders","article_modified_time":"2025-03-25T12:35:29+00:00","og_image":[{"width":600,"height":600,"url":"https:\/\/narcopowders.com\/wp-content\/uploads\/2023\/01\/white-powder-heroin.jpg","type":"image\/jpeg"}],"twitter_card":"summary_large_image","twitter_misc":{"Timp estimat pentru citire":"3 minute"},"schema":{"@context":"https:\/\/schema.org","@graph":[{"@type":"WebPage","@id":"https:\/\/narcopowders.com\/product\/white-powder-heroin\/","url":"https:\/\/narcopowders.com\/product\/white-powder-heroin\/","name":"Heroin\u0103 cu pulbere alb\u0103 de v\u00e2nzare - Cump\u0103ra\u021bi heroin\u0103 cu pulbere alb\u0103 online","isPartOf":{"@id":"https:\/\/narcopowders.com\/#website"},"primaryImageOfPage":{"@id":"https:\/\/narcopowders.com\/product\/white-powder-heroin\/#primaryimage"},"image":{"@id":"https:\/\/narcopowders.com\/product\/white-powder-heroin\/#primaryimage"},"thumbnailUrl":"https:\/\/narcopowders.com\/wp-content\/uploads\/2023\/01\/white-powder-heroin.jpg","datePublished":"2023-01-02T09:38:01+00:00","dateModified":"2025-03-25T12:35:29+00:00","description":"Cump\u0103ra\u021bi heroin\u0103 pudr\u0103 alb\u0103 online din magazinul nostru de \u00eencredere. Heroina noastr\u0103 cu pudr\u0103 alb\u0103 de v\u00e2nzare este de cea mai \u00eenalt\u0103 puritate \u0219i este garantat\u0103 s\u0103 ofere rezultate superioare.","breadcrumb":{"@id":"https:\/\/narcopowders.com\/product\/white-powder-heroin\/#breadcrumb"},"inLanguage":"ro-RO","potentialAction":[{"@type":"ReadAction","target":["https:\/\/narcopowders.com\/product\/white-powder-heroin\/"]}]},{"@type":"ImageObject","inLanguage":"ro-RO","@id":"https:\/\/narcopowders.com\/product\/white-powder-heroin\/#primaryimage","url":"https:\/\/narcopowders.com\/wp-content\/uploads\/2023\/01\/white-powder-heroin.jpg","contentUrl":"https:\/\/narcopowders.com\/wp-content\/uploads\/2023\/01\/white-powder-heroin.jpg","width":600,"height":600,"caption":"White Powder Heroin for Sale"},{"@type":"BreadcrumbList","@id":"https:\/\/narcopowders.com\/product\/white-powder-heroin\/#breadcrumb","itemListElement":[{"@type":"ListItem","position":1,"name":"Home","item":"https:\/\/narcopowders.com\/"},{"@type":"ListItem","position":2,"name":"Shop Page","item":"https:\/\/narcopowders.com\/shop\/"},{"@type":"ListItem","position":3,"name":"Buy White Powder Heroin Online"}]},{"@type":"WebSite","@id":"https:\/\/narcopowders.com\/#website","url":"https:\/\/narcopowders.com\/","name":"Pulberi narcotice","description":"Blogul meu WordPress","potentialAction":[{"@type":"SearchAction","target":{"@type":"EntryPoint","urlTemplate":"https:\/\/narcopowders.com\/?s={search_term_string}"},"query-input":{"@type":"PropertyValueSpecification","valueRequired":true,"valueName":"search_term_string"}}],"inLanguage":"ro-RO"}]}},"_links":{"self":[{"href":"https:\/\/narcopowders.com\/ro\/wp-json\/wp\/v2\/product\/19056","targetHints":{"allow":["GET"]}}],"collection":[{"href":"https:\/\/narcopowders.com\/ro\/wp-json\/wp\/v2\/product"}],"about":[{"href":"https:\/\/narcopowders.com\/ro\/wp-json\/wp\/v2\/types\/product"}],"replies":[{"embeddable":true,"href":"https:\/\/narcopowders.com\/ro\/wp-json\/wp\/v2\/comments?post=19056"}],"wp:featuredmedia":[{"embeddable":true,"href":"https:\/\/narcopowders.com\/ro\/wp-json\/wp\/v2\/media\/19073"}],"wp:attachment":[{"href":"https:\/\/narcopowders.com\/ro\/wp-json\/wp\/v2\/media?parent=19056"}],"wp:term":[{"taxonomy":"product_brand","embeddable":true,"href":"https:\/\/narcopowders.com\/ro\/wp-json\/wp\/v2\/product_brand?post=19056"},{"taxonomy":"product_cat","embeddable":true,"href":"https:\/\/narcopowders.com\/ro\/wp-json\/wp\/v2\/product_cat?post=19056"},{"taxonomy":"product_tag","embeddable":true,"href":"https:\/\/narcopowders.com\/ro\/wp-json\/wp\/v2\/product_tag?post=19056"}],"curies":[{"name":"wp","href":"https:\/\/api.w.org\/{rel}","templated":true}]}}