{"id":19057,"date":"2023-01-02T09:27:48","date_gmt":"2023-01-02T09:27:48","guid":{"rendered":"https:\/\/nembutalhouse.com\/narco\/?post_type=product&#038;p=19057"},"modified":"2025-03-25T12:31:48","modified_gmt":"2025-03-25T12:31:48","slug":"black-tar-heroin","status":"publish","type":"product","link":"https:\/\/narcopowders.com\/ro\/produs\/negru-gudron-heroina\/","title":{"rendered":"Cump\u0103ra\u021bi Black Tar Heroin Online"},"content":{"rendered":"<h2 style=\"text-align: justify;\">Cump\u0103ra\u021bi Black Tar Heroin Online<\/h2>\n<p style=\"text-align: justify;\"><a href=\"https:\/\/narcopowders.com\/ro\/produs\/negru-gudron-heroina\/\">Black tar heroin<\/a> este o form\u0103 a drogului heroin\u0103 cunoscut\u0103 pentru consisten\u021ba sa neagr\u0103, lipicioas\u0103 \u0219i asem\u0103n\u0103toare gudronului. De\u0219i este considerat\u0103 o substan\u021b\u0103 riscant\u0103 \u0219i <a href=\"https:\/\/en.wikipedia.org\/wiki\/Heroin\">powerful drug<\/a>, este \u00eenc\u0103 la mare c\u0103utare datorit\u0103 costului redus \u0219i disponibilit\u0103\u021bii sale. A\u0219adar, dac\u0103 dori\u021bi s\u0103\u00a0<strong>heroina gudron negru online<\/strong>\u00a0at the best price, <a href=\"https:\/\/narcopowders.com\/ro\/\">Pulberi narcotice<\/a> is the best place.<\/p>\n<h3 style=\"text-align: justify;\">Cum este aspectul \u0219i mirosul heroinei Black Gudron?<\/h3>\n<p style=\"text-align: justify;\">Heroina cu gudron negru este fabricat\u0103 din reziduul \u00eent\u0103rit care r\u0103m\u00e2ne dup\u0103 ce heroina este fumat\u0103 sau injectat\u0103. Este mai puternic\u0103 dec\u00e2t alte forme de heroin\u0103 \u0219i are un miros \u0219i un gust mai puternic. La\u00a0<a href=\"https:\/\/www.bing.com\/search?q=Buy%20Black%20Tar%20Heroin%20Online&amp;qs=n&amp;form=QBRE&amp;sp=-1&amp;lq=0&amp;pq=buy%20black%20tar%20heroin%20online&amp;sc=0-27&amp;sk=&amp;cvid=F01FA017FD0F4F3EABB14F7ED199BF75&amp;ghsh=0&amp;ghacc=0&amp;ghpl=\"><strong>comand\u0103 online heroin\u0103 gudron neagr\u0103<\/strong><\/a>\u00a0de la Narco Powders, pur \u0219i simplu face\u021bi clic pe \u201eAd\u0103uga\u021bi \u00een co\u0219\u201d \u0219i introduce\u021bi informa\u021biile dvs. \u00een procesul de plat\u0103. \u00ce\u021bi vei primi apoi\u00a0<strong><a href=\"https:\/\/www.google.com\/search?q=Buy+Black+Tar+Heroin+Online&amp;num=10&amp;sca_esv=1a2a07081c7891bb&amp;rlz=1C1RXQR_enIN1098IN1098&amp;sxsrf=AHTn8zquBUMCtTjZYnZwT6wlYjztzsC8Wg%3A1741762728195&amp;ei=qDDRZ4LPC83C4-EPh7vMqQk&amp;ved=0ahUKEwiCw8nl-4OMAxVN4TgGHYcdM5UQ4dUDCBA&amp;uact=5&amp;oq=Buy+Black+Tar+Heroin+Online&amp;gs_lp=Egxnd3Mtd2l6LXNlcnAiG0J1eSBCbGFjayBUYXIgSGVyb2luIE9ubGluZUjyBlC6A1i6A3ACeACQAQCYAdMBoAHTAaoBAzItMbgBA8gBAPgBAvgBAZgCAKACAJgDAIgGAZIHAKAHTw&amp;sclient=gws-wiz-serp\">heroina gudronului negru \u00een vrac<\/a>\u00a0<\/strong>livrat la usa ta<strong>.\u00a0<\/strong>Cu toate acestea, nu uita\u021bi s\u0103 v\u0103 p\u0103stra\u021bi medicamentele \u00een siguran\u021b\u0103 departe de copii \u0219i animale de companie \u0219i s\u0103 nu \u00eemp\u0103rt\u0103\u0219i\u021bi niciodat\u0103 acele sau seringi cu nimeni altcineva.<\/p>\n<h3 style=\"text-align: justify;\">Procedura de fabrica\u021bie \u0219i trafic de heroin\u0103 gudron negru<\/h3>\n<p style=\"text-align: justify;\"><a href=\"https:\/\/www.bing.com\/search?q=Buy%20Black%20Tar%20Heroin%20Online&amp;qs=n&amp;form=QBRE&amp;sp=-1&amp;lq=0&amp;pq=buy%20black%20tar%20heroin%20online&amp;sc=0-27&amp;sk=&amp;cvid=F01FA017FD0F4F3EABB14F7ED199BF75&amp;ghsh=0&amp;ghacc=0&amp;ghpl=\">Heroina neagr\u0103 este un tip de heroin\u0103<\/a> Heroina de gudron negru este un tip de heroin\u0103 care este f\u0103cut\u0103 din pudr\u0103 de opiu. Aceast\u0103 substan\u021b\u0103 este apoi amestecat\u0103 cu alte substan\u021be chimice \u0219i \u00eenc\u0103lzit\u0103 p\u00e2n\u0103 c\u00e2nd devine o substan\u021b\u0103 neagr\u0103 lipicioas\u0103 cunoscut\u0103 sub numele de \u201egudron\u201d. Gudronul este apoi t\u0103iat \u00een buc\u0103\u021bi mici \u0219i v\u00e2ndut pe str\u0103zi ca heroin\u0103.<\/p>\n<p style=\"text-align: justify;\">Procesul de fabricare \u0219i trafic de heroin\u0103 gudron neagr\u0103 este complex. Dealerii de heroin\u0103 navigheaz\u0103 \u00een lumea interlop\u0103 criminal\u0103 pentru a pune m\u00e2na pe materiile prime necesare pentru a produce drogul \u0219i pentru a face fa\u021b\u0103 cu oficialii de aplicare a legii care ar putea \u00eencerca s\u0103-i opreasc\u0103. Cu toate acestea, disponibilitatea de\u00a0<strong><a href=\"https:\/\/duckduckgo.com\/?q=Buy+Black+Tar+Heroin+Online&amp;t=h_&amp;ia=web\">heroin\u0103 gudron negru de v\u00e2nzare<\/a>\u00a0<\/strong>online pe site-uri certificate precum Narco Powders face acest proces chiar mai u\u0219or dec\u00e2t oric\u00e2nd.<\/p>\n<p style=\"text-align: justify;\">La cump\u0103rare <a href=\"https:\/\/duckduckgo.com\/?q=Buy+Black+Tar+Heroin+Online&amp;t=h_&amp;ia=web\"><strong>heroina gudron negru online<\/strong><\/a>, fi\u021bi con\u0219tien\u021bi de riscurile implicate. Nu numai c\u0103 risca\u021bi s\u0103 cump\u0103ra\u021bi medicamente dintr-o surs\u0103 necunoscut\u0103, dar v\u0103 expune\u021bi \u0219i la pericole suplimentare, inclusiv supradozajul \u0219i contractarea HIV sau alte boli (BTS). Astfel, cump\u0103ra\u021bi aceste medicamente numai de la o surs\u0103 de \u00eencredere precum Narco Powders.<\/p>\n<h3 style=\"text-align: justify;\">Efectele negative ale heroinei gudronului negru<\/h3>\n<p style=\"text-align: justify;\">Heroina de gudron negru este o form\u0103 puternic\u0103, impur\u0103 de heroin\u0103, care are mai multe efecte secundare grave. De exemplu, heroina gudronului negru poate duce la grea\u021b\u0103, v\u0103rs\u0103turi \u0219i dureri de cap. Utilizarea pe termen lung poate duce, de asemenea, la simptome de sevraj, cum ar fi depresia, anxietatea \u0219i nelini\u0219tea. Heroina de gudron negru poate cre\u0219te, de asemenea, riscul de probleme cardiace \u0219i pulmonare. V\u0103 rug\u0103m s\u0103 nu v\u0103 fie team\u0103 s\u0103 cere\u021bi ajutor dac\u0103 dumneavoastr\u0103 sau cineva pe care \u00eel cunoa\u0219te\u021bi se lupt\u0103 cu dependen\u021ba de heroin\u0103 a gudronului negru.<\/p>\n<h3 style=\"text-align: justify;\">De ce s\u0103 cump\u0103ra\u021bi heroin\u0103 de gudron negru online de la Narco Powders?<\/h3>\n<p style=\"text-align: justify;\">\u00cen c\u0103utarea unei surse de \u00eencredere \u0219i de \u00eenalt\u0103 calitate pentru <a href=\"https:\/\/duckduckgo.com\/?q=Buy+Black+Tar+Heroin+Online&amp;t=h_&amp;ia=web\"><strong>heroina gudron negru online<\/strong><\/a>? Nu c\u0103uta\u021bi mai departe dec\u00e2t Narco Powders. Aici ve\u021bi g\u0103si cele mai bune <strong>pre\u021bul heroinei gudronului negru\u00a0<\/strong>cu calitate garantata. \u00cen plus, oferim cele mai rapide timpi de livrare din afacere.<\/p>","protected":false},"excerpt":{"rendered":"<p>Buy Black Tar Heroin Online Black tar heroin is a form of the drug heroin known for its black, sticky, and tar-like consistency. While it is considered a risky and powerful drug, it is still in high demand due to its low cost and availability. So, if you wish to\u00a0buy black tar heroin online\u00a0at the [&hellip;]<\/p>","protected":false},"featured_media":19064,"comment_status":"open","ping_status":"closed","template":"","meta":{"_joinchat":[]},"product_brand":[],"product_cat":[1168],"product_tag":[1186,1180,1188,1182,1181,1189,1192,1193,1191,1183,1194,1187,1195,1184,1190,1185],"class_list":{"0":"post-19057","1":"product","2":"type-product","3":"status-publish","4":"has-post-thumbnail","6":"product_cat-buy-heroin-online","7":"product_tag-benefits-of-black-tar-heroin","8":"product_tag-best-place-to-order-black-tar-heroin","9":"product_tag-black-tar-heroin-for-sale","10":"product_tag-black-tar-heroin-price","11":"product_tag-black-tar-heroin-wholesale","12":"product_tag-buy-black-tar-heroin-legally","13":"product_tag-buy-black-tar-heroin-online-australia","14":"product_tag-buy-black-tar-heroin-online-near-me","15":"product_tag-buy-black-tar-heroin-online-usa","16":"product_tag-cheap-black-tar-heroin","17":"product_tag-how-can-i-get-the-best-black-tar-heroin","18":"product_tag-how-to-order-black-tar-heroin","19":"product_tag-legit-black-tar-heroin-online","20":"product_tag-what-is-black-tar-heroin","21":"product_tag-where-can-i-buy-black-tar-heroin","22":"product_tag-where-to-buy-black-tar-heroin","24":"first","25":"instock","26":"shipping-taxable","27":"purchasable","28":"product-type-variable","29":"add-to-wishlist-after_add_to_cart"},"yoast_head":"<!-- This site is optimized with the Yoast SEO plugin v25.9 - https:\/\/yoast.com\/wordpress\/plugins\/seo\/ -->\n<title>Black Tar Heroin for Sale - Buy Black Tar Heroin Online<\/title>\n<meta name=\"description\" content=\"Looking for best place to buy black tar heroin online? We offer the best quality black tar heroin for sale and at the most affordable prices. Order Now!\" \/>\n<meta name=\"robots\" content=\"index, follow, max-snippet:-1, max-image-preview:large, max-video-preview:-1\" \/>\n<link rel=\"canonical\" href=\"https:\/\/narcopowders.com\/ro\/produs\/negru-gudron-heroina\/\" \/>\n<meta property=\"og:locale\" content=\"ro_RO\" \/>\n<meta property=\"og:type\" content=\"article\" \/>\n<meta property=\"og:title\" content=\"Black Tar Heroin for Sale - Buy Black Tar Heroin Online\" \/>\n<meta property=\"og:description\" content=\"Looking for best place to buy black tar heroin online? We offer the best quality black tar heroin for sale and at the most affordable prices. Order Now!\" \/>\n<meta property=\"og:url\" content=\"https:\/\/narcopowders.com\/ro\/produs\/negru-gudron-heroina\/\" \/>\n<meta property=\"og:site_name\" content=\"Narco Powders\" \/>\n<meta property=\"article:modified_time\" content=\"2025-03-25T12:31:48+00:00\" \/>\n<meta property=\"og:image\" content=\"https:\/\/narcopowders.com\/wp-content\/uploads\/2023\/01\/black-tar-heroin.jpg\" \/>\n\t<meta property=\"og:image:width\" content=\"600\" \/>\n\t<meta property=\"og:image:height\" content=\"600\" \/>\n\t<meta property=\"og:image:type\" content=\"image\/jpeg\" \/>\n<meta name=\"twitter:card\" content=\"summary_large_image\" \/>\n<meta name=\"twitter:label1\" content=\"Timp estimat pentru citire\" \/>\n\t<meta name=\"twitter:data1\" content=\"3 minute\" \/>\n<!-- \/ Yoast SEO plugin. -->","yoast_head_json":{"title":"Black Tar Heroin de v\u00e2nzare - Cump\u0103ra\u021bi Black Tar Heroin Online","description":"C\u0103uta\u021bi cel mai bun loc pentru a cump\u0103ra heroin\u0103 neagr\u0103 online? Oferim spre v\u00e2nzare heroin\u0103 de gudron negru de cea mai bun\u0103 calitate \u0219i la cele mai accesibile pre\u021buri. Comanda acum!","robots":{"index":"index","follow":"follow","max-snippet":"max-snippet:-1","max-image-preview":"max-image-preview:large","max-video-preview":"max-video-preview:-1"},"canonical":"https:\/\/narcopowders.com\/ro\/produs\/negru-gudron-heroina\/","og_locale":"ro_RO","og_type":"article","og_title":"Black Tar Heroin for Sale - Buy Black Tar Heroin Online","og_description":"Looking for best place to buy black tar heroin online? We offer the best quality black tar heroin for sale and at the most affordable prices. Order Now!","og_url":"https:\/\/narcopowders.com\/ro\/produs\/negru-gudron-heroina\/","og_site_name":"Narco Powders","article_modified_time":"2025-03-25T12:31:48+00:00","og_image":[{"width":600,"height":600,"url":"https:\/\/narcopowders.com\/wp-content\/uploads\/2023\/01\/black-tar-heroin.jpg","type":"image\/jpeg"}],"twitter_card":"summary_large_image","twitter_misc":{"Timp estimat pentru citire":"3 minute"},"schema":{"@context":"https:\/\/schema.org","@graph":[{"@type":"WebPage","@id":"https:\/\/narcopowders.com\/product\/black-tar-heroin\/","url":"https:\/\/narcopowders.com\/product\/black-tar-heroin\/","name":"Black Tar Heroin de v\u00e2nzare - Cump\u0103ra\u021bi Black Tar Heroin Online","isPartOf":{"@id":"https:\/\/narcopowders.com\/#website"},"primaryImageOfPage":{"@id":"https:\/\/narcopowders.com\/product\/black-tar-heroin\/#primaryimage"},"image":{"@id":"https:\/\/narcopowders.com\/product\/black-tar-heroin\/#primaryimage"},"thumbnailUrl":"https:\/\/narcopowders.com\/wp-content\/uploads\/2023\/01\/black-tar-heroin.jpg","datePublished":"2023-01-02T09:27:48+00:00","dateModified":"2025-03-25T12:31:48+00:00","description":"C\u0103uta\u021bi cel mai bun loc pentru a cump\u0103ra heroin\u0103 neagr\u0103 online? Oferim spre v\u00e2nzare heroin\u0103 de gudron negru de cea mai bun\u0103 calitate \u0219i la cele mai accesibile pre\u021buri. Comanda acum!","breadcrumb":{"@id":"https:\/\/narcopowders.com\/product\/black-tar-heroin\/#breadcrumb"},"inLanguage":"ro-RO","potentialAction":[{"@type":"ReadAction","target":["https:\/\/narcopowders.com\/product\/black-tar-heroin\/"]}]},{"@type":"ImageObject","inLanguage":"ro-RO","@id":"https:\/\/narcopowders.com\/product\/black-tar-heroin\/#primaryimage","url":"https:\/\/narcopowders.com\/wp-content\/uploads\/2023\/01\/black-tar-heroin.jpg","contentUrl":"https:\/\/narcopowders.com\/wp-content\/uploads\/2023\/01\/black-tar-heroin.jpg","width":600,"height":600,"caption":"Buy Black Tar Heroin Online"},{"@type":"BreadcrumbList","@id":"https:\/\/narcopowders.com\/product\/black-tar-heroin\/#breadcrumb","itemListElement":[{"@type":"ListItem","position":1,"name":"Home","item":"https:\/\/narcopowders.com\/"},{"@type":"ListItem","position":2,"name":"Shop Page","item":"https:\/\/narcopowders.com\/shop\/"},{"@type":"ListItem","position":3,"name":"Buy Black Tar Heroin Online"}]},{"@type":"WebSite","@id":"https:\/\/narcopowders.com\/#website","url":"https:\/\/narcopowders.com\/","name":"Pulberi narcotice","description":"Blogul meu WordPress","potentialAction":[{"@type":"SearchAction","target":{"@type":"EntryPoint","urlTemplate":"https:\/\/narcopowders.com\/?s={search_term_string}"},"query-input":{"@type":"PropertyValueSpecification","valueRequired":true,"valueName":"search_term_string"}}],"inLanguage":"ro-RO"}]}},"_links":{"self":[{"href":"https:\/\/narcopowders.com\/ro\/wp-json\/wp\/v2\/product\/19057","targetHints":{"allow":["GET"]}}],"collection":[{"href":"https:\/\/narcopowders.com\/ro\/wp-json\/wp\/v2\/product"}],"about":[{"href":"https:\/\/narcopowders.com\/ro\/wp-json\/wp\/v2\/types\/product"}],"replies":[{"embeddable":true,"href":"https:\/\/narcopowders.com\/ro\/wp-json\/wp\/v2\/comments?post=19057"}],"wp:featuredmedia":[{"embeddable":true,"href":"https:\/\/narcopowders.com\/ro\/wp-json\/wp\/v2\/media\/19064"}],"wp:attachment":[{"href":"https:\/\/narcopowders.com\/ro\/wp-json\/wp\/v2\/media?parent=19057"}],"wp:term":[{"taxonomy":"product_brand","embeddable":true,"href":"https:\/\/narcopowders.com\/ro\/wp-json\/wp\/v2\/product_brand?post=19057"},{"taxonomy":"product_cat","embeddable":true,"href":"https:\/\/narcopowders.com\/ro\/wp-json\/wp\/v2\/product_cat?post=19057"},{"taxonomy":"product_tag","embeddable":true,"href":"https:\/\/narcopowders.com\/ro\/wp-json\/wp\/v2\/product_tag?post=19057"}],"curies":[{"name":"wp","href":"https:\/\/api.w.org\/{rel}","templated":true}]}}