{"id":19100,"date":"2023-01-02T10:08:30","date_gmt":"2023-01-02T10:08:30","guid":{"rendered":"https:\/\/nembutalhouse.com\/narco\/?post_type=product&#038;p=19100"},"modified":"2025-03-25T11:39:49","modified_gmt":"2025-03-25T11:39:49","slug":"bolivia-cocaine","status":"publish","type":"product","link":"https:\/\/narcopowders.com\/ro\/produs\/bolivia-cocaina\/","title":{"rendered":"Bolivia Cocaina"},"content":{"rendered":"<h2 style=\"text-align: justify;\">Kup kokain\u0119 z Boliwii online<\/h2>\n<p style=\"text-align: justify;\">Cocaina este unul dintre cele mai populare droguri din lume, iar Bolivia este unul dintre cei mai mari produc\u0103tori de coca din lume. Cau\u021bi cel mai bun loc pentru a\u00a0<a href=\"https:\/\/narcopowders.com\/ro\/produs\/bolivia-cocaina\/\"><strong>cump\u0103ra\u021bi cocain\u0103 bolivian\u0103 online<\/strong><\/a>Nu c\u0103uta\u021bi mai departe dec\u00e2t <a href=\"https:\/\/narcopowders.com\/ro\/\">Pulberi narcotice<\/a>Oferim cea mai \u00eenalt\u0103 calitate\u00a0<a href=\"https:\/\/en.wikipedia.org\/wiki\/Cocaine\"><strong>Cocaina bolivian\u0103 online<\/strong><\/a>\u00a0la cele mai competitive preturi.<\/p>\n<h3 style=\"text-align: justify;\">Cum se face cocaina \u00een Bolivia?<\/h3>\n<p style=\"text-align: justify;\">Cocaina din Bolivia este derivat\u0103 din planta de coca \u0219i este de obicei v\u00e2ndut\u0103 pe pia\u021ba neagr\u0103. Procesul de realizare\u00a0<strong><a href=\"https:\/\/www.google.com\/search?q=Buy+Bolivia+Cocaine+Online&amp;sca_esv=7d1b82273738a5db&amp;sxsrf=AHTn8zolrVeV-fQwrnIjqKaeJlc-zvbm8w%3A1742900876467&amp;ei=jI7iZ-KcHKimseMP3fXz-Ac&amp;ved=0ahUKEwjikvvci6WMAxUoU2wGHd36HH8Q4dUDCA8&amp;uact=5&amp;oq=Buy+Bolivia+Cocaine+Online&amp;gs_lp=Egxnd3Mtd2l6LXNlcnAiGkJ1eSBCb2xpdmlhIENvY2FpbmUgT25saW5lSKMUUKwBWKwBcAF4AZABAJgBzwGgAZsFqgEFMC4zLjG4AQPIAQD4AQL4AQGYAgGgAkfCAgoQABiwAxjWBBhHmAMAiAYBkAYIkgcBMaAHtAayBwC4BwA&amp;sclient=gws-wiz-serp\">Bolivia cocain\u0103 de v\u00e2nzare<\/a>\u00a0<\/strong>implic\u0103 o serie de etape, inclusiv procesarea chimic\u0103 \u0219i amestecarea. Pentru \u00eenceput, frunzele de coca sunt zdrobite \u0219i uscate. Pulberea de cocain\u0103 este apoi extras\u0103 din aceste frunze \u0219i este adesea v\u00e2ndut\u0103 pe pia\u021ba neagr\u0103. Cocaina din Bolivia din magazine de renume precum Narco Powders poate fi pufnit sau injectat\u0103 \u0219i este de obicei reglementat\u0103 de guvernul bolivian.<\/p>\n<h3 style=\"text-align: justify;\">Beneficiile cocainei Bolivia<\/h3>\n<p style=\"text-align: justify;\">Dac\u0103 e\u0219ti \u00een c\u0103utarea unei senza\u021bii euforice \u0219i energizante, <a href=\"https:\/\/www.google.com\/search?q=Buy+Bolivia+Cocaine+Online&amp;sca_esv=7d1b82273738a5db&amp;sxsrf=AHTn8zolrVeV-fQwrnIjqKaeJlc-zvbm8w%3A1742900876467&amp;ei=jI7iZ-KcHKimseMP3fXz-Ac&amp;ved=0ahUKEwjikvvci6WMAxUoU2wGHd36HH8Q4dUDCA8&amp;uact=5&amp;oq=Buy+Bolivia+Cocaine+Online&amp;gs_lp=Egxnd3Mtd2l6LXNlcnAiGkJ1eSBCb2xpdmlhIENvY2FpbmUgT25saW5lSKMUUKwBWKwBcAF4AZABAJgBzwGgAZsFqgEFMC4zLjG4AQPIAQD4AQL4AQGYAgGgAkfCAgoQABiwAxjWBBhHmAMAiAYBkAYIkgcBMaAHtAayBwC4BwA&amp;sclient=gws-wiz-serp\">Cocaina bolivian\u0103 este cea mai bun\u0103 op\u021biune.<\/a>Dac\u0103 e\u0219ti \u00een c\u0103utarea unui high care s\u0103-\u021bi dea un sentiment de euforie \u0219i energie, cocaina bolivian\u0103 este cel mai bun pariu. Cocaina Bolivia poate ajuta la ameliorarea simptomelor unor afec\u021biuni precum ADHD, durere cronic\u0103, anxietate \u0219i depresie, ceea ce o face o op\u021biune valoroas\u0103 de tratament pentru mul\u021bi oameni. Pe l\u00e2ng\u0103 utilizarea cocainei prin sfor\u0103i, fumat sau injectare \u00een organism, o pute\u021bi folosi \u0219i \u00een diferite alte moduri pentru a experimenta efectele sale. De exemplu, amestecarea cocainei cu alcool poate crea o noapte puternic\u0103, care nu v\u0103 va l\u0103sa s\u0103 v\u0103 sim\u021bi\u021bi somnoros a doua zi.<\/p>\n<p style=\"text-align: justify;\">Acest medicament puternic este produs numai \u00een Bolivia \u0219i este disponibil online la Narco Powders. Nu numai c\u0103 este pur \u0219i nealterat, dar\u00a0<strong><a href=\"https:\/\/www.bing.com\/search?q=Buy%20Bolivia%20Cocaine%20Online&amp;qs=n&amp;form=QBRE&amp;sp=-1&amp;lq=0&amp;pq=buy%20bolivia%20cocaine%20online&amp;sc=0-26&amp;sk=&amp;cvid=C257DDF1FD2944CFBD7F95C69A143FEA&amp;ghsh=0&amp;ghacc=0&amp;ghpl=\">Pre\u021bul cocainei \u00een Bolivia<\/a>\u00a0<\/strong>este accesibil \u2013 chiar mai mic dec\u00e2t unele droguri stradale. De asemenea, sunt disponibile op\u021biuni de livrare la nivel mondial, a\u0219a c\u0103 pute\u021bi <strong><a href=\"https:\/\/duckduckgo.com\/?q=Buy+Bolivia+Cocaine+Online&amp;t=h_&amp;ia=web\">comanda\u021bi cocain\u0103 \u00een Bolivia online<\/a>\u00a0<\/strong>de oriunde.<\/p>\n<h3 style=\"text-align: justify;\">Efectele secundare ale cocainei Bolivia<\/h3>\n<p style=\"text-align: justify;\"><a href=\"https:\/\/www.bing.com\/search?q=Buy%20Bolivia%20Cocaine%20Online&amp;qs=n&amp;form=QBRE&amp;sp=-1&amp;lq=0&amp;pq=buy%20bolivia%20cocaine%20online&amp;sc=0-26&amp;sk=&amp;cvid=C257DDF1FD2944CFBD7F95C69A143FEA&amp;ghsh=0&amp;ghacc=0&amp;ghpl=\">Cocaina din Bolivia poate avea diverse efecte secundare.<\/a> Cocaina Bolivia poate avea diferite efecte secundare asupra func\u021biilor \u0219i sistemelor organismului. Aceste efecte pot varia de la u\u0219oare p\u00e2n\u0103 la amenin\u021b\u0103toare de via\u021b\u0103 \u0219i pot ap\u0103rea \u00een orice moment \u00een timpul utiliz\u0103rii sau dup\u0103 \u00eencetare. Unele dintre cele mai frecvente efecte secundare ale consumului de cocain\u0103 Bolivia includ anxietate crescut\u0103, atacuri de panic\u0103, ritm cardiac rapid, paranoia, halucina\u021bii, convulsii, risc de accident vascular cerebral, niveluri crescute ale tensiunii arteriale \u0219i dependen\u021b\u0103. De\u0219i toate acestea sunt consecin\u021be grave care nu ar trebui luate cu u\u0219urin\u021b\u0103, ele nu sunt singurele riscuri asociate cu utilizarea acestui medicament. Cocaina din Bolivia are, de asemenea, poten\u021bialul de dependen\u021b\u0103 \u0219i deterior\u0103ri cognitive \u0219i fizice pe termen lung dac\u0103 este utilizat\u0103 \u00een mod regulat \u00een timp.<\/p>\n<h3 style=\"text-align: justify;\">De unde s\u0103 cump\u0103ra\u021bi cocain\u0103 Bolivia online?<\/h3>\n<p style=\"text-align: justify;\">C\u00e2nd alegi\u00a0<a href=\"https:\/\/duckduckgo.com\/?q=Buy+Bolivia+Cocaine+Online&amp;t=h_&amp;ia=web\"><strong>cump\u0103ra\u021bi cocain\u0103 Bolivia online<\/strong><\/a>, exist\u0103 o mul\u021bime de avantaje \u00een a alege Narco Powders ca surs\u0103. Suntem dedica\u021bi s\u0103 oferim produse de cocain\u0103 de calitate la un pre\u021b accesibil. Toate produsele de pe site-ul nostru web sunt livrate \u00een siguran\u021b\u0103 \u0219i \u00een siguran\u021b\u0103 \u2013 nimeni nu v\u0103 poate fura medicamentele \u00een timp ce acestea sunt \u00een tranzit. \u00cen plus, exist\u0103 o varietate de alte produse de calitate disponibile cu cocain\u0103, inclusiv cocain\u0103 crack, cocain\u0103 pudr\u0103, cocain\u0103 mexican\u0103 \u0219i a\u0219a mai departe.<\/p>","protected":false},"excerpt":{"rendered":"<p>Buy Bolivia Cocaine Online Cocaine is one of the most popular drugs in the world, and Bolivia is one of the largest producers of coca in the world. Are you looking for the best place to\u00a0buy Bolivian cocaine online? Look no further than Narco Powders! We offer the highest quality\u00a0Bolivian cocaine online\u00a0at the most competitive [&hellip;]<\/p>","protected":false},"featured_media":19142,"comment_status":"open","ping_status":"closed","template":"","meta":{"_joinchat":[]},"product_brand":[],"product_cat":[1179],"product_tag":[1202,1196,1204,1198,1197,1205,1208,1209,1207,1199,1210,1203,1211,1200,1206,1201],"class_list":{"0":"post-19100","1":"product","2":"type-product","3":"status-publish","4":"has-post-thumbnail","6":"product_cat-buy-cocaine-online","7":"product_tag-benefits-of-bolivia-cocaine","8":"product_tag-best-place-to-order-bolivia-cocaine","9":"product_tag-bolivia-cocaine-for-sale","10":"product_tag-bolivia-cocaine-price","11":"product_tag-bolivia-cocaine-wholesale","12":"product_tag-buy-bolivia-cocaine-legally","13":"product_tag-buy-bolivia-cocaine-online-australia","14":"product_tag-buy-bolivia-cocaine-online-near-me","15":"product_tag-buy-bolivia-cocaine-online-usa","16":"product_tag-cheap-bolivia-cocaine","17":"product_tag-how-can-i-get-the-best-bolivia-cocaine","18":"product_tag-how-to-order-bolivia-cocaine","19":"product_tag-legit-bolivia-cocaine-online","20":"product_tag-what-is-bolivia-cocaine","21":"product_tag-where-can-i-buy-bolivia-cocaine","22":"product_tag-where-to-buy-bolivia-cocaine","24":"first","25":"instock","26":"shipping-taxable","27":"purchasable","28":"product-type-variable","29":"add-to-wishlist-after_add_to_cart"},"yoast_head":"<!-- This site is optimized with the Yoast SEO plugin v25.9 - https:\/\/yoast.com\/wordpress\/plugins\/seo\/ -->\n<title>Buy Bolivia Cocaine Online - Bolivia Cocaine for Sale | NarcoPowders<\/title>\n<meta name=\"description\" content=\"You can buy bolivia cocaine online from the leading supplier. We offer pure bolivia cocaine for sale with the highest quality and at reasonable prices. Order now!\" \/>\n<meta name=\"robots\" content=\"index, follow, max-snippet:-1, max-image-preview:large, max-video-preview:-1\" \/>\n<link rel=\"canonical\" href=\"https:\/\/narcopowders.com\/ro\/produs\/bolivia-cocaina\/\" \/>\n<meta property=\"og:locale\" content=\"ro_RO\" \/>\n<meta property=\"og:type\" content=\"article\" \/>\n<meta property=\"og:title\" content=\"Buy Bolivia Cocaine Online - Bolivia Cocaine for Sale | NarcoPowders\" \/>\n<meta property=\"og:description\" content=\"You can buy bolivia cocaine online from the leading supplier. We offer pure bolivia cocaine for sale with the highest quality and at reasonable prices. Order now!\" \/>\n<meta property=\"og:url\" content=\"https:\/\/narcopowders.com\/ro\/produs\/bolivia-cocaina\/\" \/>\n<meta property=\"og:site_name\" content=\"Narco Powders\" \/>\n<meta property=\"article:modified_time\" content=\"2025-03-25T11:39:49+00:00\" \/>\n<meta property=\"og:image\" content=\"https:\/\/narcopowders.com\/wp-content\/uploads\/2023\/01\/bolivia-cocaine.jpg\" \/>\n\t<meta property=\"og:image:width\" content=\"600\" \/>\n\t<meta property=\"og:image:height\" content=\"600\" \/>\n\t<meta property=\"og:image:type\" content=\"image\/jpeg\" \/>\n<meta name=\"twitter:card\" content=\"summary_large_image\" \/>\n<meta name=\"twitter:label1\" content=\"Timp estimat pentru citire\" \/>\n\t<meta name=\"twitter:data1\" content=\"3 minute\" \/>\n<!-- \/ Yoast SEO plugin. -->","yoast_head_json":{"title":"Cump\u0103ra\u021bi cocain\u0103 Bolivia Online - Cocain\u0103 Bolivia de v\u00e2nzare | NarcoPudre","description":"Pute\u021bi cump\u0103ra cocain\u0103 bolivian\u0103 online de la furnizorul principal. Oferim cocain\u0103 bolivian\u0103 pur\u0103 spre v\u00e2nzare la cea mai \u00eenalt\u0103 calitate \u0219i la pre\u021buri rezonabile. Comanda acum!","robots":{"index":"index","follow":"follow","max-snippet":"max-snippet:-1","max-image-preview":"max-image-preview:large","max-video-preview":"max-video-preview:-1"},"canonical":"https:\/\/narcopowders.com\/ro\/produs\/bolivia-cocaina\/","og_locale":"ro_RO","og_type":"article","og_title":"Buy Bolivia Cocaine Online - Bolivia Cocaine for Sale | NarcoPowders","og_description":"You can buy bolivia cocaine online from the leading supplier. We offer pure bolivia cocaine for sale with the highest quality and at reasonable prices. Order now!","og_url":"https:\/\/narcopowders.com\/ro\/produs\/bolivia-cocaina\/","og_site_name":"Narco Powders","article_modified_time":"2025-03-25T11:39:49+00:00","og_image":[{"width":600,"height":600,"url":"https:\/\/narcopowders.com\/wp-content\/uploads\/2023\/01\/bolivia-cocaine.jpg","type":"image\/jpeg"}],"twitter_card":"summary_large_image","twitter_misc":{"Timp estimat pentru citire":"3 minute"},"schema":{"@context":"https:\/\/schema.org","@graph":[{"@type":"WebPage","@id":"https:\/\/narcopowders.com\/product\/bolivia-cocaine\/","url":"https:\/\/narcopowders.com\/product\/bolivia-cocaine\/","name":"Cump\u0103ra\u021bi cocain\u0103 Bolivia Online - Cocain\u0103 Bolivia de v\u00e2nzare | NarcoPudre","isPartOf":{"@id":"https:\/\/narcopowders.com\/#website"},"primaryImageOfPage":{"@id":"https:\/\/narcopowders.com\/product\/bolivia-cocaine\/#primaryimage"},"image":{"@id":"https:\/\/narcopowders.com\/product\/bolivia-cocaine\/#primaryimage"},"thumbnailUrl":"https:\/\/narcopowders.com\/wp-content\/uploads\/2023\/01\/bolivia-cocaine.jpg","datePublished":"2023-01-02T10:08:30+00:00","dateModified":"2025-03-25T11:39:49+00:00","description":"Pute\u021bi cump\u0103ra cocain\u0103 bolivian\u0103 online de la furnizorul principal. Oferim cocain\u0103 bolivian\u0103 pur\u0103 spre v\u00e2nzare la cea mai \u00eenalt\u0103 calitate \u0219i la pre\u021buri rezonabile. Comanda acum!","breadcrumb":{"@id":"https:\/\/narcopowders.com\/product\/bolivia-cocaine\/#breadcrumb"},"inLanguage":"ro-RO","potentialAction":[{"@type":"ReadAction","target":["https:\/\/narcopowders.com\/product\/bolivia-cocaine\/"]}]},{"@type":"ImageObject","inLanguage":"ro-RO","@id":"https:\/\/narcopowders.com\/product\/bolivia-cocaine\/#primaryimage","url":"https:\/\/narcopowders.com\/wp-content\/uploads\/2023\/01\/bolivia-cocaine.jpg","contentUrl":"https:\/\/narcopowders.com\/wp-content\/uploads\/2023\/01\/bolivia-cocaine.jpg","width":600,"height":600,"caption":"Buy Bolivia Cocaine Online"},{"@type":"BreadcrumbList","@id":"https:\/\/narcopowders.com\/product\/bolivia-cocaine\/#breadcrumb","itemListElement":[{"@type":"ListItem","position":1,"name":"Home","item":"https:\/\/narcopowders.com\/"},{"@type":"ListItem","position":2,"name":"Shop Page","item":"https:\/\/narcopowders.com\/shop\/"},{"@type":"ListItem","position":3,"name":"Bolivia Cocaine"}]},{"@type":"WebSite","@id":"https:\/\/narcopowders.com\/#website","url":"https:\/\/narcopowders.com\/","name":"Pulberi narcotice","description":"Blogul meu WordPress","potentialAction":[{"@type":"SearchAction","target":{"@type":"EntryPoint","urlTemplate":"https:\/\/narcopowders.com\/?s={search_term_string}"},"query-input":{"@type":"PropertyValueSpecification","valueRequired":true,"valueName":"search_term_string"}}],"inLanguage":"ro-RO"}]}},"_links":{"self":[{"href":"https:\/\/narcopowders.com\/ro\/wp-json\/wp\/v2\/product\/19100","targetHints":{"allow":["GET"]}}],"collection":[{"href":"https:\/\/narcopowders.com\/ro\/wp-json\/wp\/v2\/product"}],"about":[{"href":"https:\/\/narcopowders.com\/ro\/wp-json\/wp\/v2\/types\/product"}],"replies":[{"embeddable":true,"href":"https:\/\/narcopowders.com\/ro\/wp-json\/wp\/v2\/comments?post=19100"}],"wp:featuredmedia":[{"embeddable":true,"href":"https:\/\/narcopowders.com\/ro\/wp-json\/wp\/v2\/media\/19142"}],"wp:attachment":[{"href":"https:\/\/narcopowders.com\/ro\/wp-json\/wp\/v2\/media?parent=19100"}],"wp:term":[{"taxonomy":"product_brand","embeddable":true,"href":"https:\/\/narcopowders.com\/ro\/wp-json\/wp\/v2\/product_brand?post=19100"},{"taxonomy":"product_cat","embeddable":true,"href":"https:\/\/narcopowders.com\/ro\/wp-json\/wp\/v2\/product_cat?post=19100"},{"taxonomy":"product_tag","embeddable":true,"href":"https:\/\/narcopowders.com\/ro\/wp-json\/wp\/v2\/product_tag?post=19100"}],"curies":[{"name":"wp","href":"https:\/\/api.w.org\/{rel}","templated":true}]}}