{"id":19143,"date":"2023-01-02T10:32:03","date_gmt":"2023-01-02T10:32:03","guid":{"rendered":"https:\/\/nembutalhouse.com\/narco\/?post_type=product&#038;p=19143"},"modified":"2025-03-25T12:12:25","modified_gmt":"2025-03-25T12:12:25","slug":"mexican-cocaine","status":"publish","type":"product","link":"https:\/\/narcopowders.com\/ro\/produs\/mexican-cocaina\/","title":{"rendered":"Cocaina mexican\u0103"},"content":{"rendered":"<h2 style=\"text-align: justify;\">Cump\u0103ra\u021bi cocain\u0103 mexican\u0103 online<\/h2>\n<p style=\"text-align: justify;\"><a href=\"https:\/\/narcopowders.com\/ro\/produs\/mexican-cocaina\/\">Cump\u0103rarea de cocain\u0103 mexican\u0103 online<\/a> poate fi o modalitate convenabil\u0103 \u0219i sigur\u0103 de a ob\u021bine drogul f\u0103r\u0103 a fi nevoie s\u0103 apela\u021bi la dealeri sau la pia\u021ba neagr\u0103 local\u0103. A\u0219adar, dac\u0103 dori\u021bi s\u0103 <a href=\"https:\/\/en.wikipedia.org\/wiki\/Cocaine\">cump\u0103ra cocain\u0103 mexican\u0103<\/a> dar nu \u0219tii de unde s\u0103 \u00eencepi, pur \u0219i simplu comand\u0103-l <a href=\"https:\/\/narcopowders.com\/ro\/\">Pulberi narcotice<\/a> livrat la usa ta<\/p>\n<h3 style=\"text-align: justify;\">Cum se face cocaina mexican\u0103?<\/h3>\n<p style=\"text-align: justify;\">\u00cen ceea ce prive\u0219te cocaina, exist\u0103 dou\u0103 tipuri principale: <a href=\"https:\/\/www.google.com\/search?q=Buy+Mexican+Cocaine+Online&amp;sca_esv=7d1b82273738a5db&amp;sxsrf=AHTn8zrOEJcwDVhvBE3s-JXt16XoqfXjWA%3A1742903734929&amp;ei=tpniZ5a-OPuPseMPtLbd2Qk&amp;ved=0ahUKEwiW8f2vlqWMAxX7R2wGHTRbN5sQ4dUDCA8&amp;uact=5&amp;oq=Buy+Mexican+Cocaine+Online&amp;gs_lp=Egxnd3Mtd2l6LXNlcnAiGkJ1eSBNZXhpY2FuIENvY2FpbmUgT25saW5lSMcKUMICWMICcAF4AJABAJgB4gGgAeIBqgEDMi0xuAEDyAEA-AEB-AECmAIBoAImqAIRwgIHECMYJxjqAsICFBAAGIAEGJECGLQCGIoFGOoC2AEBwgIUEAAYgAQY4wQYtAIY6QQY6gLYAQHCAhAQABgDGLQCGOoCGI8B2AEBmAMm8QXTO8dKiwwkxLoGBggBEAEYAZIHATGgB1ayBwC4BwA&amp;sclient=gws-wiz-serp\">Colombian and Mexican<\/a>C\u00e2nd vine vorba de cocain\u0103, exist\u0103 dou\u0103 tipuri principale: columbian\u0103 \u0219i mexican\u0103. Cocaina mexican\u0103 este f\u0103cut\u0103 fie din frunze de coca, fie din semin\u021be de mac, \u00een timp ce cocaina columbian\u0103 este f\u0103cut\u0103 din frunzele tufi\u0219ului african de coca.<\/p>\n<p style=\"text-align: justify;\">Procesul de fabrica\u021bie pentru cocaina mexican\u0103 este pu\u021bin mai complicat dec\u00e2t pentru cocaina columbian\u0103. Mai \u00eent\u00e2i, frunzele de coca sunt uscate \u0219i apoi zdrobite \u00eentr-o pulbere. Aceast\u0103 pulbere este apoi amestecat\u0103 cu ap\u0103 \u0219i alte ingrediente, cum ar fi zah\u0103r \u0219i sare, pentru a crea o suspensie. Amestecul este apoi fiert p\u00e2n\u0103 c\u00e2nd se formeaz\u0103 o past\u0103 groas\u0103 care poate fi modelat\u0103 \u00een tablete sau blocuri.<\/p>\n<p style=\"text-align: justify;\">Cocaina mexican\u0103 este adesea procesat\u0103 \u00een moduri diferite. Cocaina mexican\u0103 poate fi dizolvat\u0103 \u00een solven\u021bi \u00eenainte de a fi injectat\u0103 sau fumat\u0103.<\/p>\n<p style=\"text-align: justify;\">C\u00e2nd te hot\u0103r\u0103\u0219ti\u00a0<a href=\"https:\/\/www.google.com\/search?q=Buy+Mexican+Cocaine+Online&amp;sca_esv=7d1b82273738a5db&amp;sxsrf=AHTn8zrOEJcwDVhvBE3s-JXt16XoqfXjWA%3A1742903734929&amp;ei=tpniZ5a-OPuPseMPtLbd2Qk&amp;ved=0ahUKEwiW8f2vlqWMAxX7R2wGHTRbN5sQ4dUDCA8&amp;uact=5&amp;oq=Buy+Mexican+Cocaine+Online&amp;gs_lp=Egxnd3Mtd2l6LXNlcnAiGkJ1eSBNZXhpY2FuIENvY2FpbmUgT25saW5lSMcKUMICWMICcAF4AJABAJgB4gGgAeIBqgEDMi0xuAEDyAEA-AEB-AECmAIBoAImqAIRwgIHECMYJxjqAsICFBAAGIAEGJECGLQCGIoFGOoC2AEBwgIUEAAYgAQY4wQYtAIY6QQY6gLYAQHCAhAQABgDGLQCGOoCGI8B2AEBmAMm8QXTO8dKiwwkxLoGBggBEAEYAZIHATGgB1ayBwC4BwA&amp;sclient=gws-wiz-serp\"><strong>comand\u0103 online cocain\u0103 mexican\u0103<\/strong><\/a> de la Narco Powders, urma\u021bi m\u0103surile de siguran\u021b\u0103 enumerate pe site. De exemplu, folosi\u021bi \u00eentotdeauna ace curate \u0219i evita\u021bi injectarea medicamentului \u00een r\u0103ni deschise - acest lucru ar putea duce la infec\u021bii \u0219i alte probleme de s\u0103n\u0103tate. Mai mult, folosi\u021bi \u00eentotdeauna prevenirea atunci c\u00e2nd v\u0103 implica\u021bi \u00een activit\u0103\u021bi sexuale cu cineva care a folosit\u00a0<a href=\"https:\/\/www.bing.com\/search?q=Buy%20Mexican%20Cocaine%20Online&amp;qs=n&amp;form=QBRE&amp;sp=-1&amp;lq=0&amp;pq=buy%20mexican%20cocaine%20online&amp;sc=0-26&amp;sk=&amp;cvid=30445049258541C1B95213C1128F1914&amp;ghsh=0&amp;ghacc=0&amp;ghpl=\"><strong>Cocain\u0103 mexican\u0103 online<\/strong><\/a>\u00a0recent.<\/p>\n<h3 style=\"text-align: justify;\">Beneficiile cocainei mexicane<\/h3>\n<p style=\"text-align: justify;\"><a href=\"https:\/\/www.bing.com\/search?q=Buy%20Mexican%20Cocaine%20Online&amp;qs=n&amp;form=QBRE&amp;sp=-1&amp;lq=0&amp;pq=buy%20mexican%20cocaine%20online&amp;sc=0-26&amp;sk=&amp;cvid=30445049258541C1B95213C1128F1914&amp;ghsh=0&amp;ghacc=0&amp;ghpl=\">Mexican cocaine<\/a> Cocaina mexican\u0103 este una dintre cele mai populare forme de cocain\u0103 de pe pia\u021b\u0103. Are un efect puternic \u0219i de lung\u0103 durat\u0103, este de cea mai bun\u0103 calitate disponibil\u0103 \u0219i vine cu t\u0103ietura perfect\u0103. \u00cen plus, cocaina mexican\u0103 este mai pu\u021bin probabil s\u0103 con\u021bin\u0103 impurit\u0103\u021bi sau adulteran\u021bi dec\u00e2t alte tipuri de cocain\u0103. Aceasta \u00eenseamn\u0103 c\u0103 este mai u\u0219or de utilizat \u0219i dureaz\u0103 mai pu\u021bin timp pentru a produce. \u00cen cele din urm\u0103, cocaina mexican\u0103 poate fi p\u0103strat\u0103 pentru o lung\u0103 perioad\u0103 de timp f\u0103r\u0103 a se degrada sau a deveni inutilizabil\u0103 \u2013 ceea ce o face o alegere ideal\u0103 pentru cei care au nevoie de narcotice \u00een mi\u0219care.<\/p>\n<h3 style=\"text-align: justify;\">Efectele secundare ale cocainei mexicane<\/h3>\n<p style=\"text-align: justify;\"><a href=\"https:\/\/duckduckgo.com\/?q=Buy+Mexican+Cocaine+Online&amp;t=h_&amp;ia=web\">Cocaina mexican\u0103 este un drog puternic \u0219i care d\u0103 dependen\u021b\u0103<\/a> Cocaina mexican\u0103 este un drog puternic \u0219i care d\u0103 dependen\u021b\u0103, care poate avea efecte secundare grave. Ca \u0219i \u00een cazul oric\u0103rei dependen\u021be, utilizarea regulat\u0103 a cocainei mexicane poate duce la cre\u0219terea ritmului cardiac, transpira\u021bie \u0219i pupile dilatate. \u00cen cazuri extreme, pot ap\u0103rea grea\u021b\u0103, anxietate, r\u0103ni bucale \u0219i convulsii. Dependen\u021ba fizic\u0103 este un risc poten\u021bial al utiliz\u0103rii acestui medicament, a\u0219a c\u0103 ave\u021bi grij\u0103 s\u0103 nu dep\u0103\u0219i\u021bi dozele recomandate.<\/p>\n<h3 style=\"text-align: justify;\">De unde s\u0103 cump\u0103ra\u021bi cocain\u0103 mexican\u0103 online?<\/h3>\n<p style=\"text-align: justify;\">C\u00e2nd cau\u021bi calitate \u00eenalt\u0103\u00a0<a href=\"https:\/\/duckduckgo.com\/?q=Buy+Mexican+Cocaine+Online&amp;t=h_&amp;ia=web\"><strong>Cocain\u0103 mexican\u0103 de v\u00e2nzare<\/strong><\/a>, nu exist\u0103 loc mai bun pentru a apela dec\u00e2t Narco Powders. Aici ve\u021bi g\u0103si toate soiurile de cocain\u0103 mexican\u0103, de la pulbere alb\u0103 la cocain\u0103 crack. Cu marea noastr\u0103 varietate de produse, ave\u021bi garan\u021bia c\u0103 ve\u021bi g\u0103si gradul \u0219i tipul potrivit de cocain\u0103 pentru nevoile dvs. \u00cen plus, oferim o gam\u0103 larg\u0103 de op\u021biuni de plat\u0103, inclusiv transferuri bancare \u0219i bitcoin, astfel \u00eenc\u00e2t s\u0103 pute\u021bi cump\u0103ra medicamente cu cea mai mare siguran\u021b\u0103 \u0219i lini\u0219te sufleteasc\u0103.<\/p>","protected":false},"excerpt":{"rendered":"<p>Buy Mexican Cocaine Online Buying Mexican cocaine online can be a convenient and safe way to get the drug without the hassle of having to go through dealers or the local black market. So, if you are looking to buy Mexican cocaine but don&#8217;t know where to start, just order it on Narco Powders and [&hellip;]<\/p>","protected":false},"featured_media":19197,"comment_status":"open","ping_status":"closed","template":"","meta":{"_joinchat":[]},"product_brand":[],"product_cat":[1179],"product_tag":[1282,1276,1285,1288,1289,1287,1279,1290,1283,1291,1284,1278,1277,1280,1286,1281],"class_list":{"0":"post-19143","1":"product","2":"type-product","3":"status-publish","4":"has-post-thumbnail","6":"product_cat-buy-cocaine-online","7":"product_tag-benefits-of-mexican-cocaine","8":"product_tag-best-place-to-order-mexican-cocaine","9":"product_tag-buy-mexican-cocaine-legally","10":"product_tag-buy-mexican-cocaine-online-australia","11":"product_tag-buy-mexican-cocaine-online-near-me","12":"product_tag-buy-mexican-cocaine-online-usa","13":"product_tag-cheap-mexican-cocaine","14":"product_tag-how-can-i-get-the-best-mexican-cocaine","15":"product_tag-how-to-order-mexican-cocaine","16":"product_tag-legit-mexican-cocaine-online","17":"product_tag-mexican-cocaine-for-sale","18":"product_tag-mexican-cocaine-price","19":"product_tag-mexican-cocaine-wholesale","20":"product_tag-what-is-mexican-cocaine","21":"product_tag-where-can-i-buy-mexican-cocaine","22":"product_tag-where-to-buy-mexican-cocaine","24":"first","25":"instock","26":"shipping-taxable","27":"purchasable","28":"product-type-variable","29":"add-to-wishlist-after_add_to_cart"},"yoast_head":"<!-- This site is optimized with the Yoast SEO plugin v25.9 - https:\/\/yoast.com\/wordpress\/plugins\/seo\/ -->\n<title>Buy Mexican Cocaine Online - Mexican Cocaine for Sale Online<\/title>\n<meta name=\"description\" content=\"You can buy mexican cocaine online in bulk quantity at wholesale price here. Get the best purity mexican cocaine powder for sale. Order today!\" \/>\n<meta name=\"robots\" content=\"index, follow, max-snippet:-1, max-image-preview:large, max-video-preview:-1\" \/>\n<link rel=\"canonical\" href=\"https:\/\/narcopowders.com\/ro\/produs\/mexican-cocaina\/\" \/>\n<meta property=\"og:locale\" content=\"ro_RO\" \/>\n<meta property=\"og:type\" content=\"article\" \/>\n<meta property=\"og:title\" content=\"Buy Mexican Cocaine Online - Mexican Cocaine for Sale Online\" \/>\n<meta property=\"og:description\" content=\"You can buy mexican cocaine online in bulk quantity at wholesale price here. Get the best purity mexican cocaine powder for sale. Order today!\" \/>\n<meta property=\"og:url\" content=\"https:\/\/narcopowders.com\/ro\/produs\/mexican-cocaina\/\" \/>\n<meta property=\"og:site_name\" content=\"Narco Powders\" \/>\n<meta property=\"article:modified_time\" content=\"2025-03-25T12:12:25+00:00\" \/>\n<meta property=\"og:image\" content=\"https:\/\/narcopowders.com\/wp-content\/uploads\/2023\/01\/mexican-cocaine.jpg\" \/>\n\t<meta property=\"og:image:width\" content=\"600\" \/>\n\t<meta property=\"og:image:height\" content=\"600\" \/>\n\t<meta property=\"og:image:type\" content=\"image\/jpeg\" \/>\n<meta name=\"twitter:card\" content=\"summary_large_image\" \/>\n<meta name=\"twitter:label1\" content=\"Timp estimat pentru citire\" \/>\n\t<meta name=\"twitter:data1\" content=\"3 minute\" \/>\n<!-- \/ Yoast SEO plugin. -->","yoast_head_json":{"title":"Cump\u0103ra\u021bi cocain\u0103 mexican\u0103 online - cocain\u0103 mexican\u0103 de v\u00e2nzare online","description":"Pute\u021bi cump\u0103ra cocain\u0103 mexican\u0103 online \u00een vrac la pre\u021b cu ridicata aici. Ob\u021bine\u021bi cea mai bun\u0103 pulbere de cocain\u0103 mexican\u0103 de v\u00e2nzare. Comanda azi!","robots":{"index":"index","follow":"follow","max-snippet":"max-snippet:-1","max-image-preview":"max-image-preview:large","max-video-preview":"max-video-preview:-1"},"canonical":"https:\/\/narcopowders.com\/ro\/produs\/mexican-cocaina\/","og_locale":"ro_RO","og_type":"article","og_title":"Buy Mexican Cocaine Online - Mexican Cocaine for Sale Online","og_description":"You can buy mexican cocaine online in bulk quantity at wholesale price here. Get the best purity mexican cocaine powder for sale. Order today!","og_url":"https:\/\/narcopowders.com\/ro\/produs\/mexican-cocaina\/","og_site_name":"Narco Powders","article_modified_time":"2025-03-25T12:12:25+00:00","og_image":[{"width":600,"height":600,"url":"https:\/\/narcopowders.com\/wp-content\/uploads\/2023\/01\/mexican-cocaine.jpg","type":"image\/jpeg"}],"twitter_card":"summary_large_image","twitter_misc":{"Timp estimat pentru citire":"3 minute"},"schema":{"@context":"https:\/\/schema.org","@graph":[{"@type":"WebPage","@id":"https:\/\/narcopowders.com\/product\/mexican-cocaine\/","url":"https:\/\/narcopowders.com\/product\/mexican-cocaine\/","name":"Cump\u0103ra\u021bi cocain\u0103 mexican\u0103 online - cocain\u0103 mexican\u0103 de v\u00e2nzare online","isPartOf":{"@id":"https:\/\/narcopowders.com\/#website"},"primaryImageOfPage":{"@id":"https:\/\/narcopowders.com\/product\/mexican-cocaine\/#primaryimage"},"image":{"@id":"https:\/\/narcopowders.com\/product\/mexican-cocaine\/#primaryimage"},"thumbnailUrl":"https:\/\/narcopowders.com\/wp-content\/uploads\/2023\/01\/mexican-cocaine.jpg","datePublished":"2023-01-02T10:32:03+00:00","dateModified":"2025-03-25T12:12:25+00:00","description":"Pute\u021bi cump\u0103ra cocain\u0103 mexican\u0103 online \u00een vrac la pre\u021b cu ridicata aici. Ob\u021bine\u021bi cea mai bun\u0103 pulbere de cocain\u0103 mexican\u0103 de v\u00e2nzare. Comanda azi!","breadcrumb":{"@id":"https:\/\/narcopowders.com\/product\/mexican-cocaine\/#breadcrumb"},"inLanguage":"ro-RO","potentialAction":[{"@type":"ReadAction","target":["https:\/\/narcopowders.com\/product\/mexican-cocaine\/"]}]},{"@type":"ImageObject","inLanguage":"ro-RO","@id":"https:\/\/narcopowders.com\/product\/mexican-cocaine\/#primaryimage","url":"https:\/\/narcopowders.com\/wp-content\/uploads\/2023\/01\/mexican-cocaine.jpg","contentUrl":"https:\/\/narcopowders.com\/wp-content\/uploads\/2023\/01\/mexican-cocaine.jpg","width":600,"height":600,"caption":"Buy Mexican Cocaine Online"},{"@type":"BreadcrumbList","@id":"https:\/\/narcopowders.com\/product\/mexican-cocaine\/#breadcrumb","itemListElement":[{"@type":"ListItem","position":1,"name":"Home","item":"https:\/\/narcopowders.com\/"},{"@type":"ListItem","position":2,"name":"Shop Page","item":"https:\/\/narcopowders.com\/shop\/"},{"@type":"ListItem","position":3,"name":"Mexican Cocaine"}]},{"@type":"WebSite","@id":"https:\/\/narcopowders.com\/#website","url":"https:\/\/narcopowders.com\/","name":"Pulberi narcotice","description":"Blogul meu WordPress","potentialAction":[{"@type":"SearchAction","target":{"@type":"EntryPoint","urlTemplate":"https:\/\/narcopowders.com\/?s={search_term_string}"},"query-input":{"@type":"PropertyValueSpecification","valueRequired":true,"valueName":"search_term_string"}}],"inLanguage":"ro-RO"}]}},"_links":{"self":[{"href":"https:\/\/narcopowders.com\/ro\/wp-json\/wp\/v2\/product\/19143","targetHints":{"allow":["GET"]}}],"collection":[{"href":"https:\/\/narcopowders.com\/ro\/wp-json\/wp\/v2\/product"}],"about":[{"href":"https:\/\/narcopowders.com\/ro\/wp-json\/wp\/v2\/types\/product"}],"replies":[{"embeddable":true,"href":"https:\/\/narcopowders.com\/ro\/wp-json\/wp\/v2\/comments?post=19143"}],"wp:featuredmedia":[{"embeddable":true,"href":"https:\/\/narcopowders.com\/ro\/wp-json\/wp\/v2\/media\/19197"}],"wp:attachment":[{"href":"https:\/\/narcopowders.com\/ro\/wp-json\/wp\/v2\/media?parent=19143"}],"wp:term":[{"taxonomy":"product_brand","embeddable":true,"href":"https:\/\/narcopowders.com\/ro\/wp-json\/wp\/v2\/product_brand?post=19143"},{"taxonomy":"product_cat","embeddable":true,"href":"https:\/\/narcopowders.com\/ro\/wp-json\/wp\/v2\/product_cat?post=19143"},{"taxonomy":"product_tag","embeddable":true,"href":"https:\/\/narcopowders.com\/ro\/wp-json\/wp\/v2\/product_tag?post=19143"}],"curies":[{"name":"wp","href":"https:\/\/api.w.org\/{rel}","templated":true}]}}