{"id":19144,"date":"2023-01-02T10:31:30","date_gmt":"2023-01-02T10:31:30","guid":{"rendered":"https:\/\/nembutalhouse.com\/narco\/?post_type=product&#038;p=19144"},"modified":"2025-03-25T12:01:17","modified_gmt":"2025-03-25T12:01:17","slug":"fishscale-cocaine","status":"publish","type":"product","link":"https:\/\/narcopowders.com\/ro\/produs\/solzi-de-peste-cocaina\/","title":{"rendered":"Cump\u0103ra\u021bi cocain\u0103 Fishscale online"},"content":{"rendered":"<h2 style=\"text-align: justify;\">Cump\u0103ra\u021bi cocain\u0103 Fishscale online<\/h2>\n<p style=\"text-align: justify;\"><a href=\"https:\/\/en.wikipedia.org\/wiki\/Cocaine\">Fishscale cocaine<\/a> Cocaina de pe\u0219te este una dintre cele mai pure forme de cocain\u0103 de pe pia\u021b\u0103 ast\u0103zi \u0219i devine din ce \u00een ce mai popular\u0103 printre utilizatorii care caut\u0103 un produs de \u00eenalt\u0103 calitate. Cocaina de pe\u0219te are un efect mai puternic dec\u00e2t formele tradi\u021bionale de cocain\u0103 \u0219i este adesea folosit\u0103 \u00een combina\u021bie cu alte medicamente pentru a-\u0219i cre\u0219te poten\u021ba. Dac\u0103 cau\u021bi\u00a0<a href=\"https:\/\/narcopowders.com\/ro\/produs\/solzi-de-peste-cocaina\/\"><strong>cump\u0103ra\u021bi cocain\u0103 online<\/strong><\/a>\u00a0at the best price, look no further than <a href=\"https:\/\/narcopowders.com\/ro\/\">Narco Powders.<\/a><\/p>\n<h3 style=\"text-align: justify;\">Cum se face cocaina de pe\u0219te?<\/h3>\n<p style=\"text-align: justify;\">Dac\u0103 sunte\u021bi \u00een c\u0103utarea unei noi modalit\u0103\u021bi de a v\u0103 droga, poate dori\u021bi s\u0103 \u00eencerca\u021bi\u00a0<a href=\"https:\/\/www.bing.com\/search?q=Buy%20Fishscale%20Cocaine%20Online&amp;qs=n&amp;form=QBRE&amp;sp=-1&amp;lq=0&amp;pq=buy%20fishscale%20cocaine%20online&amp;sc=0-28&amp;sk=&amp;cvid=8FE7DAB42F414985AD75C408BEAB99B0&amp;ghsh=0&amp;ghacc=0&amp;ghpl=\"><strong>cocaina de pe\u0219te de v\u00e2nzare<\/strong><\/a>. Este o cocain\u0103 de mare intensitate, de culoare alb sidefat. Este numit\u0103 \u201ecocain\u0103 de pe\u0219te\u201d datorit\u0103 aspectului s\u0103u unic. Cocaina de pe\u0219te este produs\u0103 prin combinarea pulberii de cocain\u0103 pur\u0103 fie cu bicarbonat de sodiu, fie cu anestezie local\u0103 activ\u0103 pentru a forma o baz\u0103, apoi \u00eenc\u0103lzind acea baz\u0103 p\u00e2n\u0103 c\u00e2nd se lichefiaz\u0103 \u00eenainte de a fi strecurat\u0103, turnat\u0103 \u00een forme \u0219i l\u0103sat\u0103 s\u0103 se r\u0103ceasc\u0103. Odat\u0103 r\u0103cite, aceste matri\u021be produc o substan\u021b\u0103 asem\u0103n\u0103toare chitului care este descompus\u0103 \u00een sec\u021biuni egale de \u201esolan\u021b\u0103 de pe\u0219te\u201d ale produsului pe baz\u0103 de cocain\u0103. Aceste sec\u021biuni pot fi apoi defalcate \u00een pulbere sau v\u00e2ndute ca atare, cre\u00e2nd o pia\u021b\u0103 mare pentru cei care doresc s\u0103 le foloseasc\u0103 \u00een scopuri recreative.<a href=\"https:\/\/www.bing.com\/search?q=Buy%20Fishscale%20Cocaine%20Online&amp;qs=n&amp;form=QBRE&amp;sp=-1&amp;lq=0&amp;pq=buy%20fishscale%20cocaine%20online&amp;sc=0-28&amp;sk=&amp;cvid=8FE7DAB42F414985AD75C408BEAB99B0&amp;ghsh=0&amp;ghacc=0&amp;ghpl=\">fishscale<\/a>\u201esec\u021biuni ale produsului pe baz\u0103 de cocain\u0103. Aceste sec\u021biuni pot fi apoi descompuse \u00een continuare \u00een pulbere sau v\u00e2ndute ca atare, cre\u00e2nd o pia\u021b\u0103 extins\u0103 pentru cei care doresc s\u0103 \u00eel utilizeze \u00een scopuri recrea\u021bionale.\u201d<\/p>\n<p style=\"text-align: justify;\"><a href=\"https:\/\/www.google.de\/search?q=Buy+Fishscale+Cocaine+Online&amp;sca_esv=1a2a07081c7891bb&amp;rlz=1C1RXQR_enIN1098IN1098&amp;ei=mbPOZ-GmPLTq1e8PlZ_wwAw&amp;ved=0ahUKEwih14GgnP-LAxU0dfUHHZUPHMgQ4dUDCBA&amp;uact=5&amp;oq=Buy+Fishscale+Cocaine+Online&amp;gs_lp=Egxnd3Mtd2l6LXNlcnAiHEJ1eSBGaXNoc2NhbGUgQ29jYWluZSBPbmxpbmVIggdQ4AJY4AJwAngAkAEAmAHNAaABzQGqAQMyLTG4AQPIAQD4AQL4AQGYAgCgAgCYAwCIBgGSBwCgB9MB&amp;sclient=gws-wiz-serp\"><strong>Cocaina de pe\u0219te online<\/strong><\/a>\u00a0este disponibil pe Narco Powders, de unde \u00eel pute\u021bi achizi\u021biona \u00een vrac sau la grame.<\/p>\n<h3 style=\"text-align: justify;\">Beneficiile \u0219i efectele secundare ale cocainei de pe\u0219te<\/h3>\n<p style=\"text-align: justify;\">Dac\u0103 sunte\u021bi \u00een c\u0103utarea unei forme de cocain\u0103 puternice \u0219i care creeaz\u0103 dependen\u021b\u0103, <a href=\"https:\/\/www.google.de\/search?q=Buy+Fishscale+Cocaine+Online&amp;sca_esv=1a2a07081c7891bb&amp;rlz=1C1RXQR_enIN1098IN1098&amp;ei=mbPOZ-GmPLTq1e8PlZ_wwAw&amp;ved=0ahUKEwih14GgnP-LAxU0dfUHHZUPHMgQ4dUDCBA&amp;uact=5&amp;oq=Buy+Fishscale+Cocaine+Online&amp;gs_lp=Egxnd3Mtd2l6LXNlcnAiHEJ1eSBGaXNoc2NhbGUgQ29jYWluZSBPbmxpbmVIggdQ4AJY4AJwAngAkAEAmAHNAaABzQGqAQMyLTG4AQPIAQD4AQL4AQGYAgCgAgCYAwCIBgGSBwCgB9MB&amp;sclient=gws-wiz-serp\">fishscale cocaine<\/a> is the best choice. <a href=\"https:\/\/www.google.de\/search?q=Buy+Fishscale+Cocaine+Online&amp;sca_esv=1a2a07081c7891bb&amp;rlz=1C1RXQR_enIN1098IN1098&amp;ei=mbPOZ-GmPLTq1e8PlZ_wwAw&amp;ved=0ahUKEwih14GgnP-LAxU0dfUHHZUPHMgQ4dUDCBA&amp;uact=5&amp;oq=Buy+Fishscale+Cocaine+Online&amp;gs_lp=Egxnd3Mtd2l6LXNlcnAiHEJ1eSBGaXNoc2NhbGUgQ29jYWluZSBPbmxpbmVIggdQ4AJY4AJwAngAkAEAmAHNAaABzQGqAQMyLTG4AQPIAQD4AQL4AQGYAgCgAgCYAwCIBgGSBwCgB9MB&amp;sclient=gws-wiz-serp\">Fishscale cocaine<\/a> are mai multe beneficii care o diferen\u021biaz\u0103 de alte tipuri de cocain\u0103, inclusiv capacitatea sa de a produce momente intense de euforie \u0219i dezn\u0103dejde.<\/p>\n<p style=\"text-align: justify;\">Cocaina \u00een solzi de pe\u0219te este, de asemenea, disponibil\u0103 la calitate \u00eenalt\u0103, a\u0219a c\u0103 po\u021bi fi sigur c\u0103 prime\u0219ti cea mai bun\u0103 experien\u021b\u0103 posibil\u0103. Dureaz\u0103 aproximativ dou\u0103 ore atunci c\u00e2nd este utilizat, deci este perfect pentru administrare \u00een perioade scurte sau c\u00e2nd nu ave\u021bi timp pentru o doz\u0103 complet\u0103. Nu exist\u0103 probleme legale sau de s\u0103n\u0103tate asociate cu consumul de cocain\u0103 \u2013 este doar un alt tip de drog pe care oamenii \u00eel folosesc. <a href=\"https:\/\/duckduckgo.com\/?q=Buy+Fishscale+Cocaine+Online&amp;t=h_&amp;ia=web\">fishscale cocaine<\/a>\u2014este doar un alt tip de drog pe care oamenii \u00eel consum\u0103 cu pl\u0103cere.<\/p>\n<p style=\"text-align: justify;\">Cocaina de pe\u0219te este o form\u0103 puternic\u0103 de cocain\u0103 care a devenit din ce \u00een ce mai popular\u0103 \u00een ultimii ani. De\u0219i poate oferi un high intens, poate avea \u0219i efecte secundare poten\u021bial periculoase. Este important s\u0103 \u00een\u021belege\u021bi cum este produs medicamentul, beneficiile \u0219i riscurile sale poten\u021biale \u0219i de unde s\u0103-l cump\u0103ra\u021bi \u00een siguran\u021b\u0103 \u00eenainte de a utiliza cocain\u0103. \u00cen cele din urm\u0103, depinde de indivizi s\u0103 ia decizii informate cu privire la propria s\u0103n\u0103tate \u0219i bun\u0103stare atunci c\u00e2nd opteaz\u0103 pentru <a href=\"https:\/\/duckduckgo.com\/?q=Buy+Fishscale+Cocaine+Online&amp;t=h_&amp;ia=web\"><strong>comanda\u021bi cocain\u0103 online<\/strong><\/a>\u00a0\u00een vrac sau \u00een cantit\u0103\u021bi mici.<\/p>\n<h3 style=\"text-align: justify;\">De unde s\u0103 cump\u0103ra\u021bi cocain\u0103 Fishscale online?<\/h3>\n<p style=\"text-align: justify;\">Men\u021binerea medicamentelor \u00een siguran\u021b\u0103 este obiectivul nostru principal la Narco Powders, motiv pentru care ne aprovizion\u0103m doar cu cocain\u0103 de la furnizori de \u00eencredere. Toat\u0103 cocaina noastr\u0103 \u00een solzi de pe\u0219te este supus\u0103 unor proceduri riguroase de control \u0219i testare a calit\u0103\u021bii pentru a v\u0103 asigura c\u0103 primi\u021bi un produs de \u00eenalt\u0103 calitate. \u00centotdeauna \u00eempachet\u0103m \u0219i expediem\u00a0<strong>cocaina de pe\u0219te de v\u00e2nzare online\u00a0<\/strong>discret \u0219i lua\u021bi toate m\u0103surile pentru a asigura livrarea \u00een siguran\u021b\u0103. Plasa\u021bi comanda pentru\u00a0<strong>cocain\u0103 angro \u00een solzi de pe\u0219te\u00a0<\/strong>ast\u0103zi!<\/p>","protected":false},"excerpt":{"rendered":"<p>Buy Fishscale Cocaine Online Fishscale cocaine is one of the purest forms of cocaine on the market today and is becoming increasingly popular with users looking for a high-quality product. Fishscale cocaine has a stronger effect than traditional forms of cocaine and is often used in combination with other drugs to increase its potency. If [&hellip;]<\/p>","protected":false},"featured_media":19196,"comment_status":"open","ping_status":"closed","template":"","meta":{"_joinchat":[]},"product_brand":[],"product_cat":[1179],"product_tag":[1266,1260,1269,1272,1273,1271,1263,1348,1268,1262,1261,1274,1267,1275,1264,1270,1265],"class_list":{"0":"post-19144","1":"product","2":"type-product","3":"status-publish","4":"has-post-thumbnail","6":"product_cat-buy-cocaine-online","7":"product_tag-benefits-of-fishscale-cocaine","8":"product_tag-best-place-to-order-fishscale-cocaine","9":"product_tag-buy-fishscale-cocaine-legally","10":"product_tag-buy-fishscale-cocaine-online-australia","11":"product_tag-buy-fishscale-cocaine-online-near-me","12":"product_tag-buy-fishscale-cocaine-online-usa","13":"product_tag-cheap-fishscale-cocaine","14":"product_tag-cocaine-fish-scale","15":"product_tag-fishscale-cocaine-for-sale","16":"product_tag-fishscale-cocaine-price","17":"product_tag-fishscale-cocaine-wholesale","18":"product_tag-how-can-i-get-the-best-fishscale-cocaine","19":"product_tag-how-to-order-fishscale-cocaine","20":"product_tag-legit-fishscale-cocaine-online","21":"product_tag-what-is-fishscale-cocaine","22":"product_tag-where-can-i-buy-fishscale-cocaine","23":"product_tag-where-to-buy-fishscale-cocaine","25":"first","26":"instock","27":"shipping-taxable","28":"purchasable","29":"product-type-variable","30":"add-to-wishlist-after_add_to_cart"},"yoast_head":"<!-- This site is optimized with the Yoast SEO plugin v25.9 - https:\/\/yoast.com\/wordpress\/plugins\/seo\/ -->\n<title>Fishscale Cocaine for Sale - Buy Fish scale Cocaine Online<\/title>\n<meta name=\"description\" content=\"Looking for high purity fishscale cocaine for sale in bulk quantity? At here, you can buy fishscale cocaine online, order fishscale cocaine online.\" \/>\n<meta name=\"robots\" content=\"index, follow, max-snippet:-1, max-image-preview:large, max-video-preview:-1\" \/>\n<link rel=\"canonical\" href=\"https:\/\/narcopowders.com\/ro\/produs\/solzi-de-peste-cocaina\/\" \/>\n<meta property=\"og:locale\" content=\"ro_RO\" \/>\n<meta property=\"og:type\" content=\"article\" \/>\n<meta property=\"og:title\" content=\"Fishscale Cocaine for Sale - Buy Fish scale Cocaine Online\" \/>\n<meta property=\"og:description\" content=\"Looking for high purity fishscale cocaine for sale in bulk quantity? At here, you can buy fishscale cocaine online, order fishscale cocaine online.\" \/>\n<meta property=\"og:url\" content=\"https:\/\/narcopowders.com\/ro\/produs\/solzi-de-peste-cocaina\/\" \/>\n<meta property=\"og:site_name\" content=\"Narco Powders\" \/>\n<meta property=\"article:modified_time\" content=\"2025-03-25T12:01:17+00:00\" \/>\n<meta property=\"og:image\" content=\"https:\/\/narcopowders.com\/wp-content\/uploads\/2023\/01\/fishscale-cocaine.jpg\" \/>\n\t<meta property=\"og:image:width\" content=\"600\" \/>\n\t<meta property=\"og:image:height\" content=\"600\" \/>\n\t<meta property=\"og:image:type\" content=\"image\/jpeg\" \/>\n<meta name=\"twitter:card\" content=\"summary_large_image\" \/>\n<meta name=\"twitter:label1\" content=\"Timp estimat pentru citire\" \/>\n\t<meta name=\"twitter:data1\" content=\"3 minute\" \/>\n<!-- \/ Yoast SEO plugin. -->","yoast_head_json":{"title":"Cocain\u0103 de solzi de pe\u0219te de v\u00e2nzare - Cump\u0103ra\u021bi cocain\u0103 de solzi de pe\u0219te online","description":"C\u0103uta\u021bi cocain\u0103 de \u00eenalt\u0103 puritate pentru v\u00e2nzare \u00een vrac? De aici, pute\u021bi cump\u0103ra cocain\u0103 de pe\u0219te online, pute\u021bi comanda cocain\u0103 de pe\u0219te online.","robots":{"index":"index","follow":"follow","max-snippet":"max-snippet:-1","max-image-preview":"max-image-preview:large","max-video-preview":"max-video-preview:-1"},"canonical":"https:\/\/narcopowders.com\/ro\/produs\/solzi-de-peste-cocaina\/","og_locale":"ro_RO","og_type":"article","og_title":"Fishscale Cocaine for Sale - Buy Fish scale Cocaine Online","og_description":"Looking for high purity fishscale cocaine for sale in bulk quantity? At here, you can buy fishscale cocaine online, order fishscale cocaine online.","og_url":"https:\/\/narcopowders.com\/ro\/produs\/solzi-de-peste-cocaina\/","og_site_name":"Narco Powders","article_modified_time":"2025-03-25T12:01:17+00:00","og_image":[{"width":600,"height":600,"url":"https:\/\/narcopowders.com\/wp-content\/uploads\/2023\/01\/fishscale-cocaine.jpg","type":"image\/jpeg"}],"twitter_card":"summary_large_image","twitter_misc":{"Timp estimat pentru citire":"3 minute"},"schema":{"@context":"https:\/\/schema.org","@graph":[{"@type":"WebPage","@id":"https:\/\/narcopowders.com\/product\/fishscale-cocaine\/","url":"https:\/\/narcopowders.com\/product\/fishscale-cocaine\/","name":"Cocain\u0103 de solzi de pe\u0219te de v\u00e2nzare - Cump\u0103ra\u021bi cocain\u0103 de solzi de pe\u0219te online","isPartOf":{"@id":"https:\/\/narcopowders.com\/#website"},"primaryImageOfPage":{"@id":"https:\/\/narcopowders.com\/product\/fishscale-cocaine\/#primaryimage"},"image":{"@id":"https:\/\/narcopowders.com\/product\/fishscale-cocaine\/#primaryimage"},"thumbnailUrl":"https:\/\/narcopowders.com\/wp-content\/uploads\/2023\/01\/fishscale-cocaine.jpg","datePublished":"2023-01-02T10:31:30+00:00","dateModified":"2025-03-25T12:01:17+00:00","description":"C\u0103uta\u021bi cocain\u0103 de \u00eenalt\u0103 puritate pentru v\u00e2nzare \u00een vrac? De aici, pute\u021bi cump\u0103ra cocain\u0103 de pe\u0219te online, pute\u021bi comanda cocain\u0103 de pe\u0219te online.","breadcrumb":{"@id":"https:\/\/narcopowders.com\/product\/fishscale-cocaine\/#breadcrumb"},"inLanguage":"ro-RO","potentialAction":[{"@type":"ReadAction","target":["https:\/\/narcopowders.com\/product\/fishscale-cocaine\/"]}]},{"@type":"ImageObject","inLanguage":"ro-RO","@id":"https:\/\/narcopowders.com\/product\/fishscale-cocaine\/#primaryimage","url":"https:\/\/narcopowders.com\/wp-content\/uploads\/2023\/01\/fishscale-cocaine.jpg","contentUrl":"https:\/\/narcopowders.com\/wp-content\/uploads\/2023\/01\/fishscale-cocaine.jpg","width":600,"height":600,"caption":"Fishscale Cocaine for Sale"},{"@type":"BreadcrumbList","@id":"https:\/\/narcopowders.com\/product\/fishscale-cocaine\/#breadcrumb","itemListElement":[{"@type":"ListItem","position":1,"name":"Home","item":"https:\/\/narcopowders.com\/"},{"@type":"ListItem","position":2,"name":"Shop Page","item":"https:\/\/narcopowders.com\/shop\/"},{"@type":"ListItem","position":3,"name":"Buy Fishscale Cocaine Online"}]},{"@type":"WebSite","@id":"https:\/\/narcopowders.com\/#website","url":"https:\/\/narcopowders.com\/","name":"Pulberi narcotice","description":"Blogul meu WordPress","potentialAction":[{"@type":"SearchAction","target":{"@type":"EntryPoint","urlTemplate":"https:\/\/narcopowders.com\/?s={search_term_string}"},"query-input":{"@type":"PropertyValueSpecification","valueRequired":true,"valueName":"search_term_string"}}],"inLanguage":"ro-RO"}]}},"_links":{"self":[{"href":"https:\/\/narcopowders.com\/ro\/wp-json\/wp\/v2\/product\/19144","targetHints":{"allow":["GET"]}}],"collection":[{"href":"https:\/\/narcopowders.com\/ro\/wp-json\/wp\/v2\/product"}],"about":[{"href":"https:\/\/narcopowders.com\/ro\/wp-json\/wp\/v2\/types\/product"}],"replies":[{"embeddable":true,"href":"https:\/\/narcopowders.com\/ro\/wp-json\/wp\/v2\/comments?post=19144"}],"wp:featuredmedia":[{"embeddable":true,"href":"https:\/\/narcopowders.com\/ro\/wp-json\/wp\/v2\/media\/19196"}],"wp:attachment":[{"href":"https:\/\/narcopowders.com\/ro\/wp-json\/wp\/v2\/media?parent=19144"}],"wp:term":[{"taxonomy":"product_brand","embeddable":true,"href":"https:\/\/narcopowders.com\/ro\/wp-json\/wp\/v2\/product_brand?post=19144"},{"taxonomy":"product_cat","embeddable":true,"href":"https:\/\/narcopowders.com\/ro\/wp-json\/wp\/v2\/product_cat?post=19144"},{"taxonomy":"product_tag","embeddable":true,"href":"https:\/\/narcopowders.com\/ro\/wp-json\/wp\/v2\/product_tag?post=19144"}],"curies":[{"name":"wp","href":"https:\/\/api.w.org\/{rel}","templated":true}]}}