{"id":19145,"date":"2023-01-02T10:20:37","date_gmt":"2023-01-02T10:20:37","guid":{"rendered":"https:\/\/nembutalhouse.com\/narco\/?post_type=product&#038;p=19145"},"modified":"2025-03-25T11:57:14","modified_gmt":"2025-03-25T11:57:14","slug":"colombian-cocaine","status":"publish","type":"product","link":"https:\/\/narcopowders.com\/ro\/produs\/columbian-cocaina\/","title":{"rendered":"Cump\u0103ra\u021bi cocain\u0103 columbian\u0103 online"},"content":{"rendered":"<h2 style=\"text-align: justify;\">Cump\u0103ra\u021bi cocain\u0103 columbian\u0103 online<\/h2>\n<p style=\"text-align: justify;\">Cau\u021bi s\u0103\u00a0<a href=\"https:\/\/narcopowders.com\/ro\/produs\/columbian-cocaina\/\"><strong>cump\u0103ra\u021bi cocain\u0103 columbian\u0103 online<\/strong><\/a>? If so, <a href=\"https:\/\/narcopowders.com\/ro\/\">Pulberi narcotice<\/a> este locul perfect pentru tine. Aici vei g\u0103si o mare varietate de <a href=\"https:\/\/en.wikipedia.org\/wiki\/Cocaine\">high-quality cocaine<\/a> produse fabricate din frunze de coca columbiene.<\/p>\n<h3 style=\"text-align: justify;\">Cum se face cocaina columbian\u0103?<\/h3>\n<p style=\"text-align: justify;\"><a href=\"https:\/\/www.bing.com\/search?q=Buy%20Colombian%20Cocaine%20Online&amp;qs=n&amp;form=QBRE&amp;sp=-1&amp;lq=0&amp;pq=buy%20colombian%20cocaine%20online&amp;sc=1-28&amp;sk=&amp;cvid=B9F08B78D28D4CFF9767D05E320B96BB&amp;ghsh=0&amp;ghacc=0&amp;ghpl=\">Colombian cocaine<\/a> Cocaina columbian\u0103 este printre cele mai populare droguri de pe pia\u021b\u0103. Este un stimulent puternic care poate ajuta la cre\u0219terea nivelului de energie \u0219i la \u00eembun\u0103t\u0103\u021birea concentr\u0103rii. Pentru a produce cocain\u0103 columbian\u0103, fermierii trebuie mai \u00eent\u00e2i s\u0103 cultive frunze de coca \u00een Mun\u021bii Anzi. Odat\u0103 ce frunzele de coca au crescut, ele sunt recoltate \u0219i procesate \u00een cristale de clorhidrat de cocain\u0103. Acest proces implic\u0103 distilarea frunzelor folosind o varietate de procese chimice, inclusiv sp\u0103larea cu acid \u0219i extrac\u021bia cu eter. \u00cen cele din urm\u0103, cocaina este expediat\u0103 \u00een str\u0103in\u0103tate pentru a fi v\u00e2ndut\u0103 pe pia\u021ba neagr\u0103.<\/p>\n<p style=\"text-align: justify;\">Re\u021belele de trafic de droguri folosesc diferite rute \u0219i porturi pentru a face contraband\u0103 <a href=\"https:\/\/www.google.de\/search?q=Buy+Colombian+Cocaine+Online&amp;sca_esv=1a2a07081c7891bb&amp;rlz=1C1RXQR_enIN1098IN1098&amp;ei=arjOZ5WFK-z21e8P98PxkAg&amp;ved=0ahUKEwiV4ujroP-LAxVse_UHHfdhHIIQ4dUDCBA&amp;uact=5&amp;oq=Buy+Colombian+Cocaine+Online&amp;gs_lp=Egxnd3Mtd2l6LXNlcnAiHEJ1eSBDb2xvbWJpYW4gQ29jYWluZSBPbmxpbmVIkAhQjQRYjQRwA3gAkAEAmAGqAaABqgGqAQMwLjG4AQPIAQD4AQL4AQGYAgCgAgCYAwCIBgGSBwCgB1A&amp;sclient=gws-wiz-serp\">Colombian cocaine<\/a> Re\u021belele de trafic de droguri folosesc diferite rute \u0219i porturi pentru a introduce cocaina columbian\u0103 \u00een Europa \u0219i \u00een alte p\u0103r\u021bi ale lumii, unde este mai valoroas\u0103 dec\u00e2t alte tipuri de droguri. Din cauza acestor factori, exist\u0103 adesea diferen\u021be semnificative \u00eentre\u00a0<a href=\"https:\/\/www.bing.com\/search?q=Buy%20Colombian%20Cocaine%20Online&amp;qs=n&amp;form=QBRE&amp;sp=-1&amp;lq=0&amp;pq=buy%20colombian%20cocaine%20online&amp;sc=1-28&amp;sk=&amp;cvid=B9F08B78D28D4CFF9767D05E320B96BB&amp;ghsh=0&amp;ghacc=0&amp;ghpl=\"><strong>Pre\u021bul cocainei columbiene <\/strong><\/a>\u0219i pre\u021bul altor tipuri de medicamente de pe pia\u021b\u0103.<\/p>\n<h3 style=\"text-align: justify;\">Beneficiile cocainei columbiene<\/h3>\n<p style=\"text-align: justify;\">The use of <a href=\"https:\/\/www.google.de\/search?q=Buy+Colombian+Cocaine+Online&amp;sca_esv=1a2a07081c7891bb&amp;rlz=1C1RXQR_enIN1098IN1098&amp;ei=arjOZ5WFK-z21e8P98PxkAg&amp;ved=0ahUKEwiV4ujroP-LAxVse_UHHfdhHIIQ4dUDCBA&amp;uact=5&amp;oq=Buy+Colombian+Cocaine+Online&amp;gs_lp=Egxnd3Mtd2l6LXNlcnAiHEJ1eSBDb2xvbWJpYW4gQ29jYWluZSBPbmxpbmVIkAhQjQRYjQRwA3gAkAEAmAGqAaABqgGqAQMwLjG4AQPIAQD4AQL4AQGYAgCgAgCYAwCIBgGSBwCgB1A&amp;sclient=gws-wiz-serp\">Colombian cocaine<\/a> Utilizarea cocainei columbiene poate oferi diverse beneficii celor care doresc s\u0103 experimenteze o euforie intens\u0103 sau care doresc s\u0103 utilizeze drogul ca parte a tratamentului dependen\u021bei. Pe l\u00e2ng\u0103 faptul c\u0103 ofer\u0103 o senza\u021bie mai intens\u0103 de pl\u0103cere \u0219i vigilen\u021b\u0103 dec\u00e2t alte soiuri de cocain\u0103, cocaina columbian\u0103 are \u0219i o poten\u021b\u0103 mai mare dec\u00e2t alte tipuri de cocain\u0103, permi\u021b\u00e2nd utilizatorilor s\u0103 experimenteze efectele cu o cantitate mult mai mic\u0103.\u00a0<strong>Cocaina columbian\u0103 online<\/strong>\u00a0este, de asemenea, adesea considerat mai de dorit datorit\u0103 purit\u0103\u021bii sale \u0219i lipsei de contaminare cu alte droguri.<\/p>\n<p style=\"text-align: justify;\">Indiferent dac\u0103 ai chef de un pufnit sau de un fum, avem perfectul <a href=\"https:\/\/duckduckgo.com\/?q=Buy+Colombian+Cocaine+Online&amp;t=h_&amp;ia=web\"><strong>Sprzedam kolumbijsk\u0105 kokain\u0119<\/strong><\/a>. Deci, de ce s\u0103 nu \u00eencerca\u021bi Pudrele Narco ast\u0103zi? Nu vei fi dezam\u0103git!<\/p>\n<h3 style=\"text-align: justify;\">Efectele secundare ale cocainei columbiene<\/h3>\n<p style=\"text-align: justify;\">C\u00e2nd vine vorba de efectele secundare pe termen scurt ale consumului de cocain\u0103, utilizatorii pot experimenta euforie sau grab\u0103, precum \u0219i energie \u0219i motiva\u021bie crescute. Aceste efecte secundare dureaz\u0103 de obicei aproximativ o or\u0103, dar pot varia \u00een func\u021bie de cantitatea de cocain\u0103 consumat\u0103 de cineva. Efectele secundare pe termen lung ale consumului de cocain\u0103 pot include probleme de concentrare \u0219i concentrare, cre\u0219terea frecven\u021bei cardiace \u0219i a tensiunii arteriale, insomnie, pierdere sau cre\u0219tere rapid\u0103 \u00een greutate, dependen\u021b\u0103, convulsii, leziuni hepatice \u0219i chiar moarte.<\/p>\n<h3 style=\"text-align: justify;\">Unde s\u0103 comanzi online cocain\u0103 columbian\u0103?<\/h3>\n<p style=\"text-align: justify;\">Exist\u0103 multe motive grozave pentru a\u00a0<strong>\u0437\u0430\u043c\u043e\u0432\u0438\u0442\u0438 \u043a\u043e\u043a\u0430\u0457\u043d \u043e\u043d\u043b\u0430\u0439\u043d<\/strong>\u00a0Comanda\u021bi de la Narco Powders. \u00cen primul r\u00e2nd, legalitatea comenzii online a cocainei este \u00eenc\u0103 dezb\u0103tut\u0103 de multe autorit\u0103\u021bi. Dar po\u021bi s\u0103 comanzi online cocain\u0103 columbian\u0103 f\u0103r\u0103 s\u0103-\u021bi faci griji c\u0103 vei fi prins. Un alt motiv pentru a cump\u0103ra cocain\u0103 online este factorul de comoditate. Cu Narco Powders, po\u021bi face cain\u0103 online\u00a0<a href=\"https:\/\/duckduckgo.com\/?q=Buy+Colombian+Cocaine+Online&amp;t=h_&amp;ia=web\"><strong>cump\u0103r\u0103 cocain\u0103 columbian\u0103 \u00een vrac<\/strong><\/a> cu u\u0219urin\u021b\u0103 \u0219i f\u0103r\u0103 a fi nevoie s\u0103 p\u0103r\u0103se\u0219ti casa sau biroul. Nu \u00een ultimul r\u00e2nd, exist\u0103 diferite tipuri de cocain\u0103 disponibile pentru cump\u0103rare la Narco Powders - totul, de la pulbere la roci de crack.<\/p>","protected":false},"excerpt":{"rendered":"<p>Buy Colombian Cocaine Online Are you looking to\u00a0buy Colombian cocaine online? If so, Narco Powders is the perfect place for you. Here, you&#8217;ll find a wide variety of high-quality cocaine products that are made from Colombian coca leaves. How Is Colombian Cocaine Made? Colombian cocaine is among the most popular drugs on the market. It&#8217;s [&hellip;]<\/p>","protected":false},"featured_media":19165,"comment_status":"open","ping_status":"closed","template":"","meta":{"_joinchat":[]},"product_brand":[],"product_cat":[1179],"product_tag":[1250,1244,1253,1257,1247,1252,1246,1245,1258,1251,1259,1248,1254,1249],"class_list":{"0":"post-19145","1":"product","2":"type-product","3":"status-publish","4":"has-post-thumbnail","6":"product_cat-buy-cocaine-online","7":"product_tag-benefits-of-colombian-cocaine","8":"product_tag-best-place-to-order-colombian-cocaine","9":"product_tag-buy-colombian-cocaine-legally","10":"product_tag-buy-colombian-cocaine-online-near-me","11":"product_tag-cheap-colombian-cocaine","12":"product_tag-colombian-cocaine-for-sale","13":"product_tag-colombian-cocaine-price","14":"product_tag-colombian-cocaine-wholesale","15":"product_tag-how-can-i-get-the-best-colombian-cocaine","16":"product_tag-how-to-order-colombian-cocaine","17":"product_tag-legit-colombian-cocaine-online","18":"product_tag-what-is-colombian-cocaine","19":"product_tag-where-can-i-buy-colombian-cocaine","20":"product_tag-where-to-buy-colombian-cocaine","22":"first","23":"instock","24":"shipping-taxable","25":"purchasable","26":"product-type-variable","27":"add-to-wishlist-after_add_to_cart"},"yoast_head":"<!-- This site is optimized with the Yoast SEO plugin v25.9 - https:\/\/yoast.com\/wordpress\/plugins\/seo\/ -->\n<title>Colombian Cocaine for Sale - Buy Colombian Cocaine Online<\/title>\n<meta name=\"description\" content=\"You can get high purity colombian cocaine for sale here. Buy colombian cocaine online, order colombian cocaine in bulk quantity at wholesale price.\" \/>\n<meta name=\"robots\" content=\"index, follow, max-snippet:-1, max-image-preview:large, max-video-preview:-1\" \/>\n<link rel=\"canonical\" href=\"https:\/\/narcopowders.com\/ro\/produs\/columbian-cocaina\/\" \/>\n<meta property=\"og:locale\" content=\"ro_RO\" \/>\n<meta property=\"og:type\" content=\"article\" \/>\n<meta property=\"og:title\" content=\"Colombian Cocaine for Sale - Buy Colombian Cocaine Online\" \/>\n<meta property=\"og:description\" content=\"You can get high purity colombian cocaine for sale here. Buy colombian cocaine online, order colombian cocaine in bulk quantity at wholesale price.\" \/>\n<meta property=\"og:url\" content=\"https:\/\/narcopowders.com\/ro\/produs\/columbian-cocaina\/\" \/>\n<meta property=\"og:site_name\" content=\"Narco Powders\" \/>\n<meta property=\"article:modified_time\" content=\"2025-03-25T11:57:14+00:00\" \/>\n<meta property=\"og:image\" content=\"https:\/\/narcopowders.com\/wp-content\/uploads\/2023\/01\/colombian-cocaine.jpg\" \/>\n\t<meta property=\"og:image:width\" content=\"600\" \/>\n\t<meta property=\"og:image:height\" content=\"600\" \/>\n\t<meta property=\"og:image:type\" content=\"image\/jpeg\" \/>\n<meta name=\"twitter:card\" content=\"summary_large_image\" \/>\n<meta name=\"twitter:label1\" content=\"Timp estimat pentru citire\" \/>\n\t<meta name=\"twitter:data1\" content=\"3 minute\" \/>\n<!-- \/ Yoast SEO plugin. -->","yoast_head_json":{"title":"Cocain\u0103 columbian\u0103 de v\u00e2nzare - Cump\u0103ra\u021bi cocain\u0103 columbian\u0103 online","description":"Pute\u021bi ob\u021bine cocain\u0103 columbian\u0103 de \u00eenalt\u0103 puritate de v\u00e2nzare aici. Cump\u0103ra\u021bi cocain\u0103 columbian\u0103 online, comanda\u021bi cocain\u0103 columbian\u0103 \u00een vrac la pre\u021b cu ridicata.","robots":{"index":"index","follow":"follow","max-snippet":"max-snippet:-1","max-image-preview":"max-image-preview:large","max-video-preview":"max-video-preview:-1"},"canonical":"https:\/\/narcopowders.com\/ro\/produs\/columbian-cocaina\/","og_locale":"ro_RO","og_type":"article","og_title":"Colombian Cocaine for Sale - Buy Colombian Cocaine Online","og_description":"You can get high purity colombian cocaine for sale here. Buy colombian cocaine online, order colombian cocaine in bulk quantity at wholesale price.","og_url":"https:\/\/narcopowders.com\/ro\/produs\/columbian-cocaina\/","og_site_name":"Narco Powders","article_modified_time":"2025-03-25T11:57:14+00:00","og_image":[{"width":600,"height":600,"url":"https:\/\/narcopowders.com\/wp-content\/uploads\/2023\/01\/colombian-cocaine.jpg","type":"image\/jpeg"}],"twitter_card":"summary_large_image","twitter_misc":{"Timp estimat pentru citire":"3 minute"},"schema":{"@context":"https:\/\/schema.org","@graph":[{"@type":"WebPage","@id":"https:\/\/narcopowders.com\/product\/colombian-cocaine\/","url":"https:\/\/narcopowders.com\/product\/colombian-cocaine\/","name":"Cocain\u0103 columbian\u0103 de v\u00e2nzare - Cump\u0103ra\u021bi cocain\u0103 columbian\u0103 online","isPartOf":{"@id":"https:\/\/narcopowders.com\/#website"},"primaryImageOfPage":{"@id":"https:\/\/narcopowders.com\/product\/colombian-cocaine\/#primaryimage"},"image":{"@id":"https:\/\/narcopowders.com\/product\/colombian-cocaine\/#primaryimage"},"thumbnailUrl":"https:\/\/narcopowders.com\/wp-content\/uploads\/2023\/01\/colombian-cocaine.jpg","datePublished":"2023-01-02T10:20:37+00:00","dateModified":"2025-03-25T11:57:14+00:00","description":"Pute\u021bi ob\u021bine cocain\u0103 columbian\u0103 de \u00eenalt\u0103 puritate de v\u00e2nzare aici. Cump\u0103ra\u021bi cocain\u0103 columbian\u0103 online, comanda\u021bi cocain\u0103 columbian\u0103 \u00een vrac la pre\u021b cu ridicata.","breadcrumb":{"@id":"https:\/\/narcopowders.com\/product\/colombian-cocaine\/#breadcrumb"},"inLanguage":"ro-RO","potentialAction":[{"@type":"ReadAction","target":["https:\/\/narcopowders.com\/product\/colombian-cocaine\/"]}]},{"@type":"ImageObject","inLanguage":"ro-RO","@id":"https:\/\/narcopowders.com\/product\/colombian-cocaine\/#primaryimage","url":"https:\/\/narcopowders.com\/wp-content\/uploads\/2023\/01\/colombian-cocaine.jpg","contentUrl":"https:\/\/narcopowders.com\/wp-content\/uploads\/2023\/01\/colombian-cocaine.jpg","width":600,"height":600,"caption":"Colombian Cocaine for Sale"},{"@type":"BreadcrumbList","@id":"https:\/\/narcopowders.com\/product\/colombian-cocaine\/#breadcrumb","itemListElement":[{"@type":"ListItem","position":1,"name":"Home","item":"https:\/\/narcopowders.com\/"},{"@type":"ListItem","position":2,"name":"Shop Page","item":"https:\/\/narcopowders.com\/shop\/"},{"@type":"ListItem","position":3,"name":"Buy Colombian Cocaine Online"}]},{"@type":"WebSite","@id":"https:\/\/narcopowders.com\/#website","url":"https:\/\/narcopowders.com\/","name":"Pulberi narcotice","description":"Blogul meu WordPress","potentialAction":[{"@type":"SearchAction","target":{"@type":"EntryPoint","urlTemplate":"https:\/\/narcopowders.com\/?s={search_term_string}"},"query-input":{"@type":"PropertyValueSpecification","valueRequired":true,"valueName":"search_term_string"}}],"inLanguage":"ro-RO"}]}},"_links":{"self":[{"href":"https:\/\/narcopowders.com\/ro\/wp-json\/wp\/v2\/product\/19145","targetHints":{"allow":["GET"]}}],"collection":[{"href":"https:\/\/narcopowders.com\/ro\/wp-json\/wp\/v2\/product"}],"about":[{"href":"https:\/\/narcopowders.com\/ro\/wp-json\/wp\/v2\/types\/product"}],"replies":[{"embeddable":true,"href":"https:\/\/narcopowders.com\/ro\/wp-json\/wp\/v2\/comments?post=19145"}],"wp:featuredmedia":[{"embeddable":true,"href":"https:\/\/narcopowders.com\/ro\/wp-json\/wp\/v2\/media\/19165"}],"wp:attachment":[{"href":"https:\/\/narcopowders.com\/ro\/wp-json\/wp\/v2\/media?parent=19145"}],"wp:term":[{"taxonomy":"product_brand","embeddable":true,"href":"https:\/\/narcopowders.com\/ro\/wp-json\/wp\/v2\/product_brand?post=19145"},{"taxonomy":"product_cat","embeddable":true,"href":"https:\/\/narcopowders.com\/ro\/wp-json\/wp\/v2\/product_cat?post=19145"},{"taxonomy":"product_tag","embeddable":true,"href":"https:\/\/narcopowders.com\/ro\/wp-json\/wp\/v2\/product_tag?post=19145"}],"curies":[{"name":"wp","href":"https:\/\/api.w.org\/{rel}","templated":true}]}}