{"id":19217,"date":"2023-01-03T09:19:42","date_gmt":"2023-01-03T09:19:42","guid":{"rendered":"https:\/\/narcopowders.com\/?post_type=product&#038;p=19217"},"modified":"2025-03-25T12:27:06","modified_gmt":"2025-03-25T12:27:06","slug":"afghan-heroin","status":"publish","type":"product","link":"https:\/\/narcopowders.com\/ro\/produs\/heroina-afgana\/","title":{"rendered":"Heroina afgan\u0103"},"content":{"rendered":"<h2 style=\"text-align: justify;\">Cump\u0103ra\u021bi heroin\u0103 afgan\u0103 online<\/h2>\n<p style=\"text-align: justify;\">Harvesting <a href=\"https:\/\/en.wikipedia.org\/wiki\/Heroin\">Afghan heroin<\/a> Recoltarea heroinei afgane din c\u00e2mpurile de mac este ilegal\u0103 \u00een multe \u021b\u0103ri, dar acest lucru nu \u00eei \u00eempiedic\u0103 pe oameni s\u0103 ob\u021bin\u0103 acest drog. De fapt, heroina afgan\u0103 este printre cele mai populare tipuri de heroin\u0103 de pe pia\u021b\u0103, mul\u021bumit\u0103 \u00een parte efectelor sale intense euforice. Daca esti in cautarea celor mai buni <a href=\"https:\/\/narcopowders.com\/ro\/produs\/heroina-afgana\/\"><strong>Heroina afgan\u0103 de v\u00e2nzare online<\/strong><\/a>, then look no further than <a href=\"https:\/\/narcopowders.com\/ro\/\">Pulberi narcotice<\/a>.<\/p>\n<h3 style=\"text-align: justify;\">Cum se face heroina afgan\u0103?<\/h3>\n<p style=\"text-align: justify;\">Heroina afgan\u0103 este un tip de opioid produs din opiu. Opiul provine din planta de mac \u0219i este un <a href=\"https:\/\/www.google.com\/search?q=Buy+Afghan+Heroin+Online&amp;sca_esv=7d1b82273738a5db&amp;sxsrf=AHTn8zoNL9SAp7Ses5ieQ5J3StmSQ-ZOZA%3A1742904303459&amp;ei=75viZ4PlG4iZseMPpM2fyAk&amp;ved=0ahUKEwjDmIq_mKWMAxWITGwGHaTmB5kQ4dUDCA8&amp;uact=5&amp;oq=Buy+Afghan+Heroin+Online&amp;gs_lp=Egxnd3Mtd2l6LXNlcnAiGEJ1eSBBZmdoYW4gSGVyb2luIE9ubGluZUiRCFCqAViqAXABeACQAQCYAd0BoAHdAaoBAzItMbgBA8gBAPgBAfgBApgCAaACJ6gCEcICBxAjGCcY6gLCAhQQABiABBiRAhi0AhiKBRjqAtgBAcICFBAAGIAEGOMEGLQCGOkEGOoC2AEBwgIQEAAYAxi0AhjqAhiPAdgBAcICEBAuGAMYtAIY6gIYjwHYAQGYAyfxBXk66vEMk5S9ugYGCAEQARgBkgcBMaAHVLIHALgHAA&amp;sclient=gws-wiz-serp\">natural source of morphine and codeine<\/a>Heroina afgan\u0103 este un tip de opioid care este f\u0103cut din opiu. Opiul provine din planta de mac \u0219i este o surs\u0103 natural\u0103 de morfin\u0103 \u0219i codein\u0103. Procesul de transformare a opiumului \u00een heroin\u0103 afgan\u0103 implic\u0103 mai mul\u021bi pa\u0219i, inclusiv fierberea opiumului p\u00e2n\u0103 devine un gudron negru lipicios, apoi filtrarea acestuia prin p\u00e2nz\u0103 pentru a \u00eendep\u0103rta impurit\u0103\u021bile. Acest gudron negru este apoi uscat \u0219i zdrobit \u00eentr-o pulbere \u00eenainte de a fi format \u00een c\u0103r\u0103mizi sau pastile.<\/p>\n<p style=\"text-align: justify;\">Exist\u0103 mai multe forme diferite de heroin\u0103 afgan\u0103, fiecare cu propriile calit\u0103\u021bi \u0219i utiliz\u0103ri unice. <a href=\"https:\/\/duckduckgo.com\/?q=Buy+Afghan+Heroin+Online&amp;t=h_&amp;ia=web\">Heroin\u0103 alb\u0103 (cunoscut\u0103 \u0219i sub numele de \u201eopiu brut\u201d)<\/a> Exist\u0103 mai multe forme diferite de heroin\u0103 afgan\u0103, fiecare cu propriile calit\u0103\u021bi \u0219i utiliz\u0103ri unice. Heroina alb\u0103 (cunoscut\u0103 \u0219i sub denumirea de \u201eopiu brut\u201d) este cel mai comun tip \u0219i are de obicei o calitate mai sc\u0103zut\u0103 dec\u00e2t alte tipuri de heroin\u0103 afgan\u0103. Heroina brun\u0103 (ob\u021binut\u0103 din gudron negru par\u021bial uscat) are efecte mai puternice \u0219i este mai popular\u0103 \u00een r\u00e2ndul consumatorilor datorit\u0103 poten\u021bei sale. Heroina maro \u00eenchis (ob\u021binut\u0103 din gudron negru complet uscat) are cele mai puternice efecte dintre toate, dar are \u0219i cel mai mare poten\u021bial de abuz, deoarece este mai dificil de controlat nivelurile de dozare.<\/p>\n<h3 style=\"text-align: justify;\">Beneficiile heroinei afgane<\/h3>\n<p style=\"text-align: justify;\">Dac\u0103 e\u0219ti \u00een c\u0103utarea unui high puternic \u0219i euforic,\u00a0<a href=\"https:\/\/www.google.com\/search?q=Buy+Afghan+Heroin+Online&amp;sca_esv=7d1b82273738a5db&amp;sxsrf=AHTn8zoNL9SAp7Ses5ieQ5J3StmSQ-ZOZA%3A1742904303459&amp;ei=75viZ4PlG4iZseMPpM2fyAk&amp;ved=0ahUKEwjDmIq_mKWMAxWITGwGHaTmB5kQ4dUDCA8&amp;uact=5&amp;oq=Buy+Afghan+Heroin+Online&amp;gs_lp=Egxnd3Mtd2l6LXNlcnAiGEJ1eSBBZmdoYW4gSGVyb2luIE9ubGluZUiRCFCqAViqAXABeACQAQCYAd0BoAHdAaoBAzItMbgBA8gBAPgBAfgBApgCAaACJ6gCEcICBxAjGCcY6gLCAhQQABiABBiRAhi0AhiKBRjqAtgBAcICFBAAGIAEGOMEGLQCGOkEGOoC2AEBwgIQEAAYAxi0AhjqAhiPAdgBAcICEBAuGAMYtAIY6gIYjwHYAQGYAyfxBXk66vEMk5S9ugYGCAEQARgBkgcBMaAHVLIHALgHAA&amp;sclient=gws-wiz-serp\"><strong>Heroina afgan\u0103 online<\/strong><\/a>\u00a0este cel mai bun pariu al t\u0103u. Acest tip de heroin\u0103 este printre cele mai pure \u0219i mai puternice soiuri disponibile \u0219i este adesea c\u0103utat\u0103 pentru efectele sale intense. Drept urmare, heroina afgan\u0103 este folosit\u0103 pentru a trata durerea cronic\u0103 \u0219i dependen\u021ba de opioide - condi\u021bii prea frecvente \u00een societatea actual\u0103.<\/p>\n<h3 style=\"text-align: justify;\">Efectele secundare ale heroinei afgane<\/h3>\n<p style=\"text-align: justify;\"><a href=\"https:\/\/www.bing.com\/search?q=Buy%20Afghan%20Heroin%20Online&amp;qs=n&amp;form=QBRE&amp;sp=-1&amp;lq=0&amp;pq=buy%20afghan%20heroin%20online&amp;sc=0-24&amp;sk=&amp;cvid=6B58336F96224C11B4CFC291185C5A1E&amp;ghsh=0&amp;ghacc=0&amp;ghpl=\">Afghan heroin is a type of opioid<\/a> Heroina afgan\u0103 este un tip de opioid care este derivat din macul de opiu, deci are \u0219i unele efecte secundare. Efectele secundare pe termen scurt asociate cu consumul de heroin\u0103 afgan\u0103 pot include o cre\u0219tere a frecven\u021bei cardiace, cre\u0219terea tensiunii arteriale \u0219i sentimente de euforie (nivelul ridicat care provine din consumul de heroin\u0103). Problemele de s\u0103n\u0103tate pe termen lung legate de consumul de heroin\u0103 \u00een Afganistan pot include dependen\u021ba, infec\u021bia cronic\u0103 cu hepatita C (o boal\u0103 hepatic\u0103 poten\u021bial mortal\u0103), probleme de s\u0103n\u0103tate mintal\u0103, cum ar fi anxietatea \u0219i depresia \u0219i decesul din cauza supradozajului.<\/p>\n<h3 style=\"text-align: justify;\">De unde s\u0103 cump\u0103ra\u021bi heroin\u0103 afgan\u0103 online?<\/h3>\n<p style=\"text-align: justify;\">Cau\u021bi s\u0103\u00a0<a href=\"https:\/\/duckduckgo.com\/?q=Buy+Afghan+Heroin+Online&amp;t=h_&amp;ia=web\"><strong>comanda online heroin\u0103 afgan\u0103<\/strong><\/a> care este sigur, sigur \u0219i discret? Cump\u0103ra\u021bi-l de la Narco Powders. Avem ani de experien\u021b\u0103 \u00een industrie \u0219i oferim o gam\u0103 larg\u0103 de produse de calitate. Pute\u021bi alege dintr-o varietate de produse pure, organice \u0219i testate \u00een laborator pentru a g\u0103si doza potrivit\u0103 pentru dvs. Exist\u0103 multe op\u021biuni de plat\u0103 convenabile disponibile, cum ar fi cardurile de credit, PayPal \u0219i Western Union, care fac cump\u0103rarea\u00a0<a href=\"https:\/\/www.bing.com\/search?q=Buy%20Afghan%20Heroin%20Online&amp;qs=n&amp;form=QBRE&amp;sp=-1&amp;lq=0&amp;pq=buy%20afghan%20heroin%20online&amp;sc=0-24&amp;sk=&amp;cvid=6B58336F96224C11B4CFC291185C5A1E&amp;ghsh=0&amp;ghacc=0&amp;ghpl=\"><strong>Heroina afgan\u0103 cu ridicata online<\/strong><\/a>\u00a0u\u0219or \u0219i convenabil pentru toat\u0103 lumea. A\u0219adar, plasa\u021bi ast\u0103zi comanda pentru cea mai bun\u0103 heroin\u0103 afgan\u0103!<\/p>","protected":false},"excerpt":{"rendered":"<p>Cump\u0103ra\u021bi heroin\u0103 afgan\u0103 online Recoltarea heroinei afgane de pe c\u00e2mpurile de mac este ilegal\u0103 \u00een multe \u021b\u0103ri, dar acest lucru nu \u00eei \u00eempiedic\u0103 pe oameni s\u0103 ob\u021bin\u0103 acest drog. De fapt, heroina afgan\u0103 se num\u0103r\u0103 printre cele mai populare tipuri de heroin\u0103 de pe pia\u021b\u0103, datorit\u0103 \u00een parte efectelor sale euforice intense. Dac\u0103 sunte\u021bi \u00een c\u0103utarea celei mai bune [...]<\/p>","protected":false},"featured_media":19243,"comment_status":"open","ping_status":"closed","template":"","meta":{"_joinchat":[]},"product_brand":[],"product_cat":[1168],"product_tag":[],"class_list":{"0":"post-19217","1":"product","2":"type-product","3":"status-publish","4":"has-post-thumbnail","6":"product_cat-buy-heroin-online","8":"first","9":"instock","10":"shipping-taxable","11":"purchasable","12":"product-type-variable","13":"has-default-attributes","14":"add-to-wishlist-after_add_to_cart"},"yoast_head":"<!-- This site is optimized with the Yoast SEO plugin v25.9 - https:\/\/yoast.com\/wordpress\/plugins\/seo\/ -->\n<title>Buy Afghan Heroin Online - Afghan Heroin for Sale | NarcoPowders<\/title>\n<meta name=\"description\" content=\"Looking to buy afghan heroin online? Order afghan heroin powder for sale at an affordable prices. Get the highest-purity powder for you.\" \/>\n<meta name=\"robots\" content=\"index, follow, max-snippet:-1, max-image-preview:large, max-video-preview:-1\" \/>\n<link rel=\"canonical\" href=\"https:\/\/narcopowders.com\/ro\/produs\/heroina-afgana\/\" \/>\n<meta property=\"og:locale\" content=\"ro_RO\" \/>\n<meta property=\"og:type\" content=\"article\" \/>\n<meta property=\"og:title\" content=\"Buy Afghan Heroin Online - Afghan Heroin for Sale | NarcoPowders\" \/>\n<meta property=\"og:description\" content=\"Looking to buy afghan heroin online? Order afghan heroin powder for sale at an affordable prices. Get the highest-purity powder for you.\" \/>\n<meta property=\"og:url\" content=\"https:\/\/narcopowders.com\/ro\/produs\/heroina-afgana\/\" \/>\n<meta property=\"og:site_name\" content=\"Narco Powders\" \/>\n<meta property=\"article:modified_time\" content=\"2025-03-25T12:27:06+00:00\" \/>\n<meta property=\"og:image\" content=\"https:\/\/narcopowders.com\/wp-content\/uploads\/2023\/01\/afghan-heroin.jpg\" \/>\n\t<meta property=\"og:image:width\" content=\"600\" \/>\n\t<meta property=\"og:image:height\" content=\"600\" \/>\n\t<meta property=\"og:image:type\" content=\"image\/jpeg\" \/>\n<meta name=\"twitter:card\" content=\"summary_large_image\" \/>\n<meta name=\"twitter:label1\" content=\"Timp estimat pentru citire\" \/>\n\t<meta name=\"twitter:data1\" content=\"3 minute\" \/>\n<!-- \/ Yoast SEO plugin. -->","yoast_head_json":{"title":"Cump\u0103ra\u021bi heroin\u0103 afgan\u0103 online - Heroin\u0103 afgan\u0103 de v\u00e2nzare | NarcoPudre","description":"Dori\u021bi s\u0103 cump\u0103ra\u021bi heroin\u0103 afgan\u0103 online? Comanda\u021bi pulbere de heroin\u0103 afgan\u0103 de v\u00e2nzare la pre\u021buri accesibile. Ob\u021bine\u021bi pulbere de cea mai \u00eenalt\u0103 puritate pentru dvs.","robots":{"index":"index","follow":"follow","max-snippet":"max-snippet:-1","max-image-preview":"max-image-preview:large","max-video-preview":"max-video-preview:-1"},"canonical":"https:\/\/narcopowders.com\/ro\/produs\/heroina-afgana\/","og_locale":"ro_RO","og_type":"article","og_title":"Buy Afghan Heroin Online - Afghan Heroin for Sale | NarcoPowders","og_description":"Looking to buy afghan heroin online? Order afghan heroin powder for sale at an affordable prices. Get the highest-purity powder for you.","og_url":"https:\/\/narcopowders.com\/ro\/produs\/heroina-afgana\/","og_site_name":"Narco Powders","article_modified_time":"2025-03-25T12:27:06+00:00","og_image":[{"width":600,"height":600,"url":"https:\/\/narcopowders.com\/wp-content\/uploads\/2023\/01\/afghan-heroin.jpg","type":"image\/jpeg"}],"twitter_card":"summary_large_image","twitter_misc":{"Timp estimat pentru citire":"3 minute"},"schema":{"@context":"https:\/\/schema.org","@graph":[{"@type":"WebPage","@id":"https:\/\/narcopowders.com\/product\/afghan-heroin\/","url":"https:\/\/narcopowders.com\/product\/afghan-heroin\/","name":"Cump\u0103ra\u021bi heroin\u0103 afgan\u0103 online - Heroin\u0103 afgan\u0103 de v\u00e2nzare | NarcoPudre","isPartOf":{"@id":"https:\/\/narcopowders.com\/#website"},"primaryImageOfPage":{"@id":"https:\/\/narcopowders.com\/product\/afghan-heroin\/#primaryimage"},"image":{"@id":"https:\/\/narcopowders.com\/product\/afghan-heroin\/#primaryimage"},"thumbnailUrl":"https:\/\/narcopowders.com\/wp-content\/uploads\/2023\/01\/afghan-heroin.jpg","datePublished":"2023-01-03T09:19:42+00:00","dateModified":"2025-03-25T12:27:06+00:00","description":"Dori\u021bi s\u0103 cump\u0103ra\u021bi heroin\u0103 afgan\u0103 online? Comanda\u021bi pulbere de heroin\u0103 afgan\u0103 de v\u00e2nzare la pre\u021buri accesibile. Ob\u021bine\u021bi pulbere de cea mai \u00eenalt\u0103 puritate pentru dvs.","breadcrumb":{"@id":"https:\/\/narcopowders.com\/product\/afghan-heroin\/#breadcrumb"},"inLanguage":"ro-RO","potentialAction":[{"@type":"ReadAction","target":["https:\/\/narcopowders.com\/product\/afghan-heroin\/"]}]},{"@type":"ImageObject","inLanguage":"ro-RO","@id":"https:\/\/narcopowders.com\/product\/afghan-heroin\/#primaryimage","url":"https:\/\/narcopowders.com\/wp-content\/uploads\/2023\/01\/afghan-heroin.jpg","contentUrl":"https:\/\/narcopowders.com\/wp-content\/uploads\/2023\/01\/afghan-heroin.jpg","width":600,"height":600,"caption":"Buy Afghan Heroin Online"},{"@type":"BreadcrumbList","@id":"https:\/\/narcopowders.com\/product\/afghan-heroin\/#breadcrumb","itemListElement":[{"@type":"ListItem","position":1,"name":"Home","item":"https:\/\/narcopowders.com\/"},{"@type":"ListItem","position":2,"name":"Shop Page","item":"https:\/\/narcopowders.com\/shop\/"},{"@type":"ListItem","position":3,"name":"Afghan Heroin"}]},{"@type":"WebSite","@id":"https:\/\/narcopowders.com\/#website","url":"https:\/\/narcopowders.com\/","name":"Pulberi narcotice","description":"Blogul meu WordPress","potentialAction":[{"@type":"SearchAction","target":{"@type":"EntryPoint","urlTemplate":"https:\/\/narcopowders.com\/?s={search_term_string}"},"query-input":{"@type":"PropertyValueSpecification","valueRequired":true,"valueName":"search_term_string"}}],"inLanguage":"ro-RO"}]}},"_links":{"self":[{"href":"https:\/\/narcopowders.com\/ro\/wp-json\/wp\/v2\/product\/19217","targetHints":{"allow":["GET"]}}],"collection":[{"href":"https:\/\/narcopowders.com\/ro\/wp-json\/wp\/v2\/product"}],"about":[{"href":"https:\/\/narcopowders.com\/ro\/wp-json\/wp\/v2\/types\/product"}],"replies":[{"embeddable":true,"href":"https:\/\/narcopowders.com\/ro\/wp-json\/wp\/v2\/comments?post=19217"}],"wp:featuredmedia":[{"embeddable":true,"href":"https:\/\/narcopowders.com\/ro\/wp-json\/wp\/v2\/media\/19243"}],"wp:attachment":[{"href":"https:\/\/narcopowders.com\/ro\/wp-json\/wp\/v2\/media?parent=19217"}],"wp:term":[{"taxonomy":"product_brand","embeddable":true,"href":"https:\/\/narcopowders.com\/ro\/wp-json\/wp\/v2\/product_brand?post=19217"},{"taxonomy":"product_cat","embeddable":true,"href":"https:\/\/narcopowders.com\/ro\/wp-json\/wp\/v2\/product_cat?post=19217"},{"taxonomy":"product_tag","embeddable":true,"href":"https:\/\/narcopowders.com\/ro\/wp-json\/wp\/v2\/product_tag?post=19217"}],"curies":[{"name":"wp","href":"https:\/\/api.w.org\/{rel}","templated":true}]}}