{"id":19219,"date":"2023-01-03T09:18:43","date_gmt":"2023-01-03T09:18:43","guid":{"rendered":"https:\/\/narcopowders.com\/?post_type=product&#038;p=19219"},"modified":"2025-03-25T12:37:48","modified_gmt":"2025-03-25T12:37:48","slug":"uncut-heroin","status":"publish","type":"product","link":"https:\/\/narcopowders.com\/ro\/produs\/netaiat-heroina\/","title":{"rendered":"Heroin\u0103 net\u0103iat\u0103"},"content":{"rendered":"<h2 style=\"text-align: justify;\">Cump\u0103ra\u021bi Heroin\u0103 Net\u0103iat\u0103 Online<\/h2>\n<p style=\"text-align: justify;\"><a href=\"https:\/\/en.wikipedia.org\/wiki\/Heroin\">Uncut heroin<\/a> Heroina net\u0103iat\u0103 poate fi cump\u0103rat\u0103 online de la anumi\u021bi v\u00e2nz\u0103tori, dar aceasta vine cu propriile riscuri. A\u0219adar, dac\u0103 te-ai \u00eentrebat de unde s\u0103 cumperi online heroin\u0103 net\u0103iat\u0103, care este autentic\u0103 \u0219i sigur\u0103,\u00a0Narco Powders este magazinul t\u0103u preferat. <a href=\"https:\/\/narcopowders.com\/ro\/produs\/netaiat-heroina\/\">buy uncut heroin online<\/a> care este autentic \u0219i sigur,\u00a0<a href=\"https:\/\/narcopowders.com\/ro\/\">Pulberi narcotice<\/a> is your go-to store.<\/p>\n<h3 style=\"text-align: justify;\">Cum se face heroina net\u0103iat\u0103?<\/h3>\n<p style=\"text-align: justify;\">Heroina netransfer\u0103 este ob\u021binut\u0103 din p\u0103st\u0103ile uscate ale plantei de mac de opiu. <a href=\"https:\/\/www.google.com\/search?q=Buy+Uncut+Heroin+Online&amp;sca_esv=7d1b82273738a5db&amp;sxsrf=AHTn8zqSop3OM4vkMObcHMIO6R9xb_KCdw%3A1742905711939&amp;ei=b6HiZ_v3OKmeseMP__7noQ0&amp;ved=0ahUKEwi769jenaWMAxUpT2wGHX__OdQQ4dUDCA8&amp;uact=5&amp;oq=Buy+Uncut+Heroin+Online&amp;gs_lp=Egxnd3Mtd2l6LXNlcnAiF0J1eSBVbmN1dCBIZXJvaW4gT25saW5lSLkNUIUCWIUCcAF4AJABAJgB2QGgAdkBqgEDMi0xuAEDyAEA-AEB-AECmAIBoAJbqAIQwgIHECMYJxjqAsICFxAAGIAEGJECGLQCGMcDGIoFGOoC2AEBwgIQEAAYAxi0AhjqAhiPAdgBAZgDW_EFrG91rDpW1GO6BgYIARABGAGSBwExoAdTsgcAuAcA&amp;sclient=gws-wiz-serp\">Este recoltat \u0219i prelucrat \u00eentr-un produs alb<\/a>Heroina net\u0103iat\u0103 este f\u0103cut\u0103 din p\u0103st\u0103ile uscate ale plantei de mac de opiu. Este recoltat \u0219i procesat \u00eentr-o substan\u021b\u0103 alb\u0103, pudr\u0103. Con\u021bine niveluri ridicate de opioide puternice \u0219i alte medicamente, inclusiv morfin\u0103 \u0219i codein\u0103. Produsul final este un tip de opiu nerafinat \u0219i f\u0103r\u0103 aditivi suplimentari \u0219i agen\u021bi de procesare. Eficacitatea medicamentului variaz\u0103 \u00een func\u021bie de cantitatea de umiditate \u0219i de alcaloizi prezen\u021bi.<\/p>\n<h3 style=\"text-align: justify;\">Beneficiile heroinei net\u0103iate<\/h3>\n<p style=\"text-align: justify;\">Dac\u0103 e\u0219ti \u00een c\u0103utarea unui high care este mai bun dec\u00e2t restul, heroina net\u0103iat\u0103 ar trebui s\u0103 fie alegerea ta. Heroina net\u0103iat\u0103 are o poten\u021b\u0103 \u0219i o puritate mai mare dec\u00e2t alte tipuri de heroin\u0103, ceea ce are ca rezultat cre\u0219terea \u00eenalte \u0219i rezultate mai bune pe termen lung. Mai mult, poate fi personalizat la nevoile utilizatorului, cre\u00e2nd cocktail-uri care ofer\u0103 mai mult control asupra dozei \u0219i calit\u0103\u021bii medicamentului.<\/p>\n<p style=\"text-align: justify;\"><a href=\"https:\/\/www.bing.com\/search?q=Buy%20Uncut%20Heroin%20Online&amp;qs=n&amp;form=QBRE&amp;sp=-1&amp;lq=0&amp;pq=buy%20uncut%20heroin%20online&amp;sc=0-23&amp;sk=&amp;cvid=C47FB2A3D0B84EA8801EC7F34ACFAE77&amp;ghsh=0&amp;ghacc=0&amp;ghpl=\"><strong>Heroin\u0103 net\u0103iat\u0103 de v\u00e2nzare<\/strong><\/a> online este, de asemenea, mai sigur de utilizat \u00eentr-un mediu controlat. Datorit\u0103 poten\u021bei sale mai mari, exist\u0103 un risc redus de supradozaj. \u00cen plus, heroina net\u0103iat\u0103 ofer\u0103 mai pu\u021bine efecte secundare \u0219i un risc de dependen\u021b\u0103 mai mic dec\u00e2t alte forme de heroin\u0103. De fapt, utilizatorii au afirmat chiar c\u0103 este mai u\u0219or s\u0103 g\u0103se\u0219ti pur \u0219i puternic\u00a0<strong><a href=\"https:\/\/www.google.com\/search?q=Buy+Uncut+Heroin+Online&amp;sca_esv=7d1b82273738a5db&amp;sxsrf=AHTn8zqSop3OM4vkMObcHMIO6R9xb_KCdw%3A1742905711939&amp;ei=b6HiZ_v3OKmeseMP__7noQ0&amp;ved=0ahUKEwi769jenaWMAxUpT2wGHX__OdQQ4dUDCA8&amp;uact=5&amp;oq=Buy+Uncut+Heroin+Online&amp;gs_lp=Egxnd3Mtd2l6LXNlcnAiF0J1eSBVbmN1dCBIZXJvaW4gT25saW5lSLkNUIUCWIUCcAF4AJABAJgB2QGgAdkBqgEDMi0xuAEDyAEA-AEB-AECmAIBoAJbqAIQwgIHECMYJxjqAsICFxAAGIAEGJECGLQCGMcDGIoFGOoC2AEBwgIQEAAYAxi0AhjqAhiPAdgBAZgDW_EFrG91rDpW1GO6BgYIARABGAGSBwExoAdTsgcAuAcA&amp;sclient=gws-wiz-serp\">heroin\u0103 net\u0103iat\u0103 online<\/a>\u00a0<\/strong>la Narco Powders.<\/p>\n<h3 style=\"text-align: justify;\">Efectele secundare ale heroinei net\u0103iate<\/h3>\n<p style=\"text-align: justify;\">Riscurile pentru s\u0103n\u0103tate asociate cu consumul de heroin\u0103 netratat\u0103 includ un risc crescut de dependen\u021b\u0103 \u0219i supradozaj, precum \u0219i rate mai mari de infec\u021bii cu HIV \u0219i alte infec\u021bii. <a href=\"https:\/\/duckduckgo.com\/?q=Buy+Uncut+Heroin+Online&amp;t=h_&amp;ia=web\">Uncut heroin<\/a> poate provoca, de asemenea, efecte fizice, cum ar fi grea\u021b\u0103, v\u0103rs\u0103turi, cre\u0219terea ritmului cardiac \u0219i un risc crescut de supradozaj. \u00cen unele cazuri, poate duce \u0219i la deces.<\/p>\n<h3 style=\"text-align: justify;\">De unde s\u0103 cump\u0103ra\u021bi online heroin\u0103 net\u0103iat\u0103?<\/h3>\n<p style=\"text-align: justify;\">C\u00e2nd cercet\u0103m\u00a0<a href=\"https:\/\/www.bing.com\/search?q=Buy%20Uncut%20Heroin%20Online&amp;qs=n&amp;form=QBRE&amp;sp=-1&amp;lq=0&amp;pq=buy%20uncut%20heroin%20online&amp;sc=0-23&amp;sk=&amp;cvid=C47FB2A3D0B84EA8801EC7F34ACFAE77&amp;ghsh=0&amp;ghacc=0&amp;ghpl=\"><strong>heroin\u0103 net\u0103iat\u0103 \u00een vrac online<\/strong><\/a>, c\u0103uta\u021bi surse precum Narco Powders care au fost verificate de surse ter\u021be ca fiind produse de \u00eenalt\u0103 calitate. C\u00e2nd lua\u021bi \u00een considerare pre\u021burile pentru heroina net\u0103iat\u0103 online, re\u021bine\u021bi c\u0103 pre\u021burile pot varia semnificativ \u00een func\u021bie de loca\u021bie (de exemplu, \u00een ora\u0219ele \u00een care valoarea pe strad\u0103 a heroinei tinde s\u0103 fie mai mare), de ora din zi (ceremoniile de eutanasie duc adesea la pre\u021buri mai mari), de metoda de utilizare. plata (cardurile de credit au tendin\u021ba de a percepe rate mai mari dec\u00e2t PayPal) etc. Este important s\u0103 nu v\u0103 bloca\u021bi prea mult \u00een detaliile de pre\u021b, deoarece, \u00een cele din urm\u0103, ceea ce cump\u0103ra\u021bi va fi probabil redus cu alte substan\u021be oricum, indiferent de surs\u0103, deci pl\u0103ti\u021bi aten\u021bia, \u00een cea mai mare parte, asigur\u0103 doar men\u021binerea nivelurilor de puritate \u0219i prospe\u021bime pe tot parcursul procesului de transport \u0219i achizi\u021bie, mai degrab\u0103 dec\u00e2t doar \u00een etapa produsului final.<\/p>\n<h3 style=\"text-align: justify;\">Cump\u0103ra\u021bi heroin\u0103 net\u0103iat\u0103 online la Narco Powders<\/h3>\n<p style=\"text-align: justify;\">Este important s\u0103 ne amintim c\u0103 utilizarea heroinei net\u0103iate poate avea consecin\u021be grave dac\u0103 nu este utilizat\u0103 corect sau responsabil. Deci, trebuie doar <a href=\"https:\/\/duckduckgo.com\/?q=Buy+Uncut+Heroin+Online&amp;t=h_&amp;ia=web\"><strong>comanda online heroin\u0103 net\u0103iat\u0103<\/strong><\/a> de la dispensare reputate precum Narco Powders. Vindem en-gros numai heroin\u0103 autentic\u0103, net\u0103iat\u0103, la cel mai bun pre\u021b.<\/p>","protected":false},"excerpt":{"rendered":"<p>Cump\u0103ra\u021bi heroin\u0103 net\u0103iat\u0103 online Heroina net\u0103iat\u0103 poate fi cump\u0103rat\u0103 online de la anumi\u021bi v\u00e2nz\u0103tori, dar acest lucru vine cu propriile riscuri. A\u0219adar, dac\u0103 v\u0103 \u00eentreba\u021bi de unde s\u0103 cump\u0103ra\u021bi heroin\u0103 net\u0103iat\u0103 online, care este autentic\u0103 \u0219i sigur\u0103, Narco Powders este magazinul pe care \u00eel pute\u021bi accesa. Cum se fabric\u0103 heroina net\u0103iat\u0103? Heroina net\u0103iat\u0103 este f\u0103cut\u0103 din p\u0103st\u0103i uscate [...]<\/p>","protected":false},"featured_media":19241,"comment_status":"open","ping_status":"closed","template":"","meta":{"_joinchat":[]},"product_brand":[],"product_cat":[1168],"product_tag":[],"class_list":{"0":"post-19219","1":"product","2":"type-product","3":"status-publish","4":"has-post-thumbnail","6":"product_cat-buy-heroin-online","8":"first","9":"instock","10":"shipping-taxable","11":"purchasable","12":"product-type-variable","13":"add-to-wishlist-after_add_to_cart"},"yoast_head":"<!-- This site is optimized with the Yoast SEO plugin v25.9 - https:\/\/yoast.com\/wordpress\/plugins\/seo\/ -->\n<title>Buy Uncut Heroin Online - High Purity Uncut Heroin for Sale<\/title>\n<meta name=\"description\" content=\"if you are looking to buy uncut heroin online at best price, we are a reliable source where you can get high purity uncut heroin for sale. Order Now!\" \/>\n<meta name=\"robots\" content=\"index, follow, max-snippet:-1, max-image-preview:large, max-video-preview:-1\" \/>\n<link rel=\"canonical\" href=\"https:\/\/narcopowders.com\/ro\/produs\/netaiat-heroina\/\" \/>\n<meta property=\"og:locale\" content=\"ro_RO\" \/>\n<meta property=\"og:type\" content=\"article\" \/>\n<meta property=\"og:title\" content=\"Buy Uncut Heroin Online - High Purity Uncut Heroin for Sale\" \/>\n<meta property=\"og:description\" content=\"if you are looking to buy uncut heroin online at best price, we are a reliable source where you can get high purity uncut heroin for sale. Order Now!\" \/>\n<meta property=\"og:url\" content=\"https:\/\/narcopowders.com\/ro\/produs\/netaiat-heroina\/\" \/>\n<meta property=\"og:site_name\" content=\"Narco Powders\" \/>\n<meta property=\"article:modified_time\" content=\"2025-03-25T12:37:48+00:00\" \/>\n<meta property=\"og:image\" content=\"https:\/\/narcopowders.com\/wp-content\/uploads\/2023\/01\/uncut-heroin.jpg\" \/>\n\t<meta property=\"og:image:width\" content=\"600\" \/>\n\t<meta property=\"og:image:height\" content=\"600\" \/>\n\t<meta property=\"og:image:type\" content=\"image\/jpeg\" \/>\n<meta name=\"twitter:card\" content=\"summary_large_image\" \/>\n<meta name=\"twitter:label1\" content=\"Timp estimat pentru citire\" \/>\n\t<meta name=\"twitter:data1\" content=\"3 minute\" \/>\n<!-- \/ Yoast SEO plugin. -->","yoast_head_json":{"title":"Cump\u0103ra\u021bi heroin\u0103 net\u0103iat\u0103 online - Heroin\u0103 net\u0103iat\u0103 de \u00eenalt\u0103 puritate de v\u00e2nzare","description":"dac\u0103 dori\u021bi s\u0103 cump\u0103ra\u021bi heroin\u0103 net\u0103iat\u0103 online la cel mai bun pre\u021b, suntem o surs\u0103 de \u00eencredere de unde pute\u021bi ob\u021bine heroin\u0103 net\u0103iat\u0103 de \u00eenalt\u0103 puritate pentru v\u00e2nzare. Comanda acum!","robots":{"index":"index","follow":"follow","max-snippet":"max-snippet:-1","max-image-preview":"max-image-preview:large","max-video-preview":"max-video-preview:-1"},"canonical":"https:\/\/narcopowders.com\/ro\/produs\/netaiat-heroina\/","og_locale":"ro_RO","og_type":"article","og_title":"Buy Uncut Heroin Online - High Purity Uncut Heroin for Sale","og_description":"if you are looking to buy uncut heroin online at best price, we are a reliable source where you can get high purity uncut heroin for sale. Order Now!","og_url":"https:\/\/narcopowders.com\/ro\/produs\/netaiat-heroina\/","og_site_name":"Narco Powders","article_modified_time":"2025-03-25T12:37:48+00:00","og_image":[{"width":600,"height":600,"url":"https:\/\/narcopowders.com\/wp-content\/uploads\/2023\/01\/uncut-heroin.jpg","type":"image\/jpeg"}],"twitter_card":"summary_large_image","twitter_misc":{"Timp estimat pentru citire":"3 minute"},"schema":{"@context":"https:\/\/schema.org","@graph":[{"@type":"WebPage","@id":"https:\/\/narcopowders.com\/product\/uncut-heroin\/","url":"https:\/\/narcopowders.com\/product\/uncut-heroin\/","name":"Cump\u0103ra\u021bi heroin\u0103 net\u0103iat\u0103 online - Heroin\u0103 net\u0103iat\u0103 de \u00eenalt\u0103 puritate de v\u00e2nzare","isPartOf":{"@id":"https:\/\/narcopowders.com\/#website"},"primaryImageOfPage":{"@id":"https:\/\/narcopowders.com\/product\/uncut-heroin\/#primaryimage"},"image":{"@id":"https:\/\/narcopowders.com\/product\/uncut-heroin\/#primaryimage"},"thumbnailUrl":"https:\/\/narcopowders.com\/wp-content\/uploads\/2023\/01\/uncut-heroin.jpg","datePublished":"2023-01-03T09:18:43+00:00","dateModified":"2025-03-25T12:37:48+00:00","description":"dac\u0103 dori\u021bi s\u0103 cump\u0103ra\u021bi heroin\u0103 net\u0103iat\u0103 online la cel mai bun pre\u021b, suntem o surs\u0103 de \u00eencredere de unde pute\u021bi ob\u021bine heroin\u0103 net\u0103iat\u0103 de \u00eenalt\u0103 puritate pentru v\u00e2nzare. Comanda acum!","breadcrumb":{"@id":"https:\/\/narcopowders.com\/product\/uncut-heroin\/#breadcrumb"},"inLanguage":"ro-RO","potentialAction":[{"@type":"ReadAction","target":["https:\/\/narcopowders.com\/product\/uncut-heroin\/"]}]},{"@type":"ImageObject","inLanguage":"ro-RO","@id":"https:\/\/narcopowders.com\/product\/uncut-heroin\/#primaryimage","url":"https:\/\/narcopowders.com\/wp-content\/uploads\/2023\/01\/uncut-heroin.jpg","contentUrl":"https:\/\/narcopowders.com\/wp-content\/uploads\/2023\/01\/uncut-heroin.jpg","width":600,"height":600,"caption":"Buy Uncut Heroin Online"},{"@type":"BreadcrumbList","@id":"https:\/\/narcopowders.com\/product\/uncut-heroin\/#breadcrumb","itemListElement":[{"@type":"ListItem","position":1,"name":"Home","item":"https:\/\/narcopowders.com\/"},{"@type":"ListItem","position":2,"name":"Shop Page","item":"https:\/\/narcopowders.com\/shop\/"},{"@type":"ListItem","position":3,"name":"Uncut Heroin"}]},{"@type":"WebSite","@id":"https:\/\/narcopowders.com\/#website","url":"https:\/\/narcopowders.com\/","name":"Pulberi narcotice","description":"Blogul meu WordPress","potentialAction":[{"@type":"SearchAction","target":{"@type":"EntryPoint","urlTemplate":"https:\/\/narcopowders.com\/?s={search_term_string}"},"query-input":{"@type":"PropertyValueSpecification","valueRequired":true,"valueName":"search_term_string"}}],"inLanguage":"ro-RO"}]}},"_links":{"self":[{"href":"https:\/\/narcopowders.com\/ro\/wp-json\/wp\/v2\/product\/19219","targetHints":{"allow":["GET"]}}],"collection":[{"href":"https:\/\/narcopowders.com\/ro\/wp-json\/wp\/v2\/product"}],"about":[{"href":"https:\/\/narcopowders.com\/ro\/wp-json\/wp\/v2\/types\/product"}],"replies":[{"embeddable":true,"href":"https:\/\/narcopowders.com\/ro\/wp-json\/wp\/v2\/comments?post=19219"}],"wp:featuredmedia":[{"embeddable":true,"href":"https:\/\/narcopowders.com\/ro\/wp-json\/wp\/v2\/media\/19241"}],"wp:attachment":[{"href":"https:\/\/narcopowders.com\/ro\/wp-json\/wp\/v2\/media?parent=19219"}],"wp:term":[{"taxonomy":"product_brand","embeddable":true,"href":"https:\/\/narcopowders.com\/ro\/wp-json\/wp\/v2\/product_brand?post=19219"},{"taxonomy":"product_cat","embeddable":true,"href":"https:\/\/narcopowders.com\/ro\/wp-json\/wp\/v2\/product_cat?post=19219"},{"taxonomy":"product_tag","embeddable":true,"href":"https:\/\/narcopowders.com\/ro\/wp-json\/wp\/v2\/product_tag?post=19219"}],"curies":[{"name":"wp","href":"https:\/\/api.w.org\/{rel}","templated":true}]}}