{"id":19417,"date":"2023-07-29T07:40:51","date_gmt":"2023-07-29T07:40:51","guid":{"rendered":"https:\/\/narcopowders.com\/?post_type=product&#038;p=19417"},"modified":"2025-03-10T09:57:40","modified_gmt":"2025-03-10T09:57:40","slug":"buy-methamphetamine-crystal-meth-online","status":"publish","type":"product","link":"https:\/\/narcopowders.com\/ro\/produs\/cumpara-methamphetamine-crystal-meth-online\/","title":{"rendered":"Cumpara Methamphetamine (Crystal meth) online"},"content":{"rendered":"<h2>Cumpara Methamphetamine (Crystal meth) online<\/h2>\n<p><a href=\"https:\/\/narcopowders.com\/ro\/produs\/cumpara-methamphetamine-crystal-meth-online\/\">Metamfetamin\u0103<\/a>uneori denumit\u0103 metamfetamin\u0103 cristalin\u0103, este disponibil\u0103 online. Exist\u0103 un singur tip de drog. <a href=\"https:\/\/www.bing.com\/search?q=Buy%20Methamphetamine%20(Crystal%20meth)%20online&amp;qs=n&amp;form=QBRE&amp;sp=-1&amp;lq=0&amp;pq=buy%20methamphetamine%20(crystal%20meth)%20online&amp;sc=0-41&amp;sk=&amp;cvid=BB60AAAE0D5B429C974E1362F4E5F21B&amp;ghsh=0&amp;ghacc=0&amp;ghpl=\">Metamfetamin<\/a> disponibil aici \u0219i este \u00eentotdeauna recomandabil s\u0103 ob\u021bine\u021bi produse de \u00eenalt\u0103 calitate, mai degrab\u0103 dec\u00e2t cele nesigure care sunt v\u00e2ndute \u00een alt\u0103 parte. Metamfetamina poate fi achizi\u021bionat\u0103 online.<\/p>\n<p><a href=\"https:\/\/www.bing.com\/search?q=Buy%20Methamphetamine%20(Crystal%20meth)%20online&amp;qs=n&amp;form=QBRE&amp;sp=-1&amp;lq=0&amp;pq=buy%20methamphetamine%20(crystal%20meth)%20online&amp;sc=0-41&amp;sk=&amp;cvid=BB60AAAE0D5B429C974E1362F4E5F21B&amp;ghsh=0&amp;ghacc=0&amp;ghpl=\">Metamfetamin\u0103<\/a> Metamfetamina are un impact asupra sistemului nervos central \u0219i este un stimulent puternic, care creeaz\u0103 o dependen\u021b\u0103 puternic\u0103. Se prezint\u0103 sub forma unei pulberi cristaline albe, inodore, cu gust amar, care se dizolv\u0103 u\u0219or \u00een ap\u0103 sau alcool. Este cunoscut\u0103 \u0219i sub numele de metamfetamin\u0103, albastru, ghea\u021b\u0103 \u0219i cristal, printre multe alte denumiri. <a href=\"https:\/\/duckduckgo.com\/?q=Buy+Methamphetamine+(Crystal+meth)+online&amp;t=h_&amp;ia=web\">crystal<\/a>, among many other names. <a href=\"https:\/\/narcopowders.com\/ro\/\">Narco Powders.<\/a><\/p>\n<p>Pute\u021bi s\u0103 o consuma\u021bi prin fumat, injectare sau inhalare (inhalare pe nas). Pute\u021bi chiar s\u0103 o lua\u021bi pe cale oral\u0103, ceea ce va avea ca rezultat o cre\u0219tere de \u00eencredere, hiperactivitate \u0219i vitalitate, precum \u0219i o senza\u021bie minunat\u0103 de fericire \u0219i bun\u0103stare. V\u0103 \u00eencuraj\u0103m insistent s\u0103 lua\u021bi o cantitate foarte mic\u0103 \u0219i nu prea frecvent\u0103, deoarece efectele dureaz\u0103 de obicei \u00eentre \u0219ase \u0219i opt ore, dar pot dura p\u00e2n\u0103 la dou\u0103zeci \u0219i patru de ore.<\/p>\n<h3>CE CULOARE AR<\/h3>\n<p><a href=\"https:\/\/www.google.de\/search?q=Buy+Methamphetamine+%28Crystal+meth%29+online&amp;sca_esv=1a2a07081c7891bb&amp;rlz=1C1RXQR_enIN1098IN1098&amp;ei=KrfOZ6aSI7GMvr0PkMyG4QU&amp;ved=0ahUKEwimz5XTn_-LAxUxhq8BHRCmIVwQ4dUDCBA&amp;uact=5&amp;oq=Buy+Methamphetamine+%28Crystal+meth%29+online&amp;gs_lp=Egxnd3Mtd2l6LXNlcnAiKUJ1eSBNZXRoYW1waGV0YW1pbmUgKENyeXN0YWwgbWV0aCkgb25saW5lSKgHUK0DWK0DcAJ4AJABAJgBkQKgAZECqgEDMi0xuAEDyAEA-AEC-AEBmAIAoAIAmAMAiAYBkgcAoAdd&amp;sclient=gws-wiz-serp\">Metamfetamin\u0103<\/a> is typically sold as a <a href=\"https:\/\/www.google.de\/search?q=Buy+Methamphetamine+%28Crystal+meth%29+online&amp;sca_esv=1a2a07081c7891bb&amp;rlz=1C1RXQR_enIN1098IN1098&amp;ei=KrfOZ6aSI7GMvr0PkMyG4QU&amp;ved=0ahUKEwimz5XTn_-LAxUxhq8BHRCmIVwQ4dUDCBA&amp;uact=5&amp;oq=Buy+Methamphetamine+%28Crystal+meth%29+online&amp;gs_lp=Egxnd3Mtd2l6LXNlcnAiKUJ1eSBNZXRoYW1waGV0YW1pbmUgKENyeXN0YWwgbWV0aCkgb25saW5lSKgHUK0DWK0DcAJ4AJABAJgBkQKgAZECqgEDMi0xuAEDyAEA-AEC-AEBmAIAoAIAmAMAiAYBkgcAoAdd&amp;sclient=gws-wiz-serp\">crystalline white powder<\/a> that dissolves quickly in liquids like water or alcohol but has a strong taste.<\/p>\n<p>Au fost observate pulberi de diferite nuan\u021be, inclusiv de culoare \u00eenchis\u0103, galben-dim, portocaliu \u0219i chiar roz. Poate fi, de asemenea, sub form\u0103 de pastile. Achizi\u021bii online de metamfetamin\u0103 de cristal <a href=\"https:\/\/duckduckgo.com\/?q=Buy+Methamphetamine+(Crystal+meth)+online&amp;t=h_&amp;ia=web\">krystalick\u00fd pervitin<\/a> purchases<br \/>\nPoate fi fumat\u0103, tras\u0103 pe nas sau injectat\u0103, a\u0219a cum s-a spus anterior.<\/p>\n<p>Ceaiul de coca, preparat dintr-un amestec de frunze de coca, este o alt\u0103 metod\u0103 comun\u0103 de utilizare. Pentru a preveni infec\u021bia de eleva\u021bie, ceaiul a fost administrat frecvent exploratorilor din Anzi. Cu toate acestea, suficien\u021ba sa real\u0103 nu a fost niciodat\u0103 luat\u0103 \u00een considerare \u00een mod eficient.<\/p>\n<p>&nbsp;<\/p>","protected":false},"excerpt":{"rendered":"<p>Buy Methamphetamine (Crystal meth) online Methamphetamine, sometimes referred to as crystal meth, is available online. There is just one type of the drug methamphetamine available here, and it is always advisable to get high-quality products rather than the unsafe ones that are sold elsewhere. Meth can be purchased online. Methamphetamine impacts the central nervous system [&hellip;]<\/p>","protected":false},"featured_media":19426,"comment_status":"open","ping_status":"closed","template":"","meta":{"_joinchat":[]},"product_brand":[],"product_cat":[1324],"product_tag":[],"class_list":{"0":"post-19417","1":"product","2":"type-product","3":"status-publish","4":"has-post-thumbnail","6":"product_cat-buy-crystal-meth-online","8":"first","9":"instock","10":"shipping-taxable","11":"purchasable","12":"product-type-variable","13":"add-to-wishlist-after_add_to_cart"},"yoast_head":"<!-- This site is optimized with the Yoast SEO plugin v25.9 - https:\/\/yoast.com\/wordpress\/plugins\/seo\/ -->\n<title>Buy Methamphetamine (Crystal meth) online - Narco Powders<\/title>\n<meta name=\"robots\" content=\"index, follow, max-snippet:-1, max-image-preview:large, max-video-preview:-1\" \/>\n<link rel=\"canonical\" href=\"https:\/\/narcopowders.com\/ro\/produs\/cumpara-methamphetamine-crystal-meth-online\/\" \/>\n<meta property=\"og:locale\" content=\"ro_RO\" \/>\n<meta property=\"og:type\" content=\"article\" \/>\n<meta property=\"og:title\" content=\"Buy Methamphetamine (Crystal meth) online - Narco Powders\" \/>\n<meta property=\"og:description\" content=\"Buy Methamphetamine (Crystal meth) online Methamphetamine, sometimes referred to as crystal meth, is available online. There is just one type of the drug methamphetamine available here, and it is always advisable to get high-quality products rather than the unsafe ones that are sold elsewhere. Meth can be purchased online. Methamphetamine impacts the central nervous system [&hellip;]\" \/>\n<meta property=\"og:url\" content=\"https:\/\/narcopowders.com\/ro\/produs\/cumpara-methamphetamine-crystal-meth-online\/\" \/>\n<meta property=\"og:site_name\" content=\"Narco Powders\" \/>\n<meta property=\"article:modified_time\" content=\"2025-03-10T09:57:40+00:00\" \/>\n<meta property=\"og:image\" content=\"https:\/\/narcopowders.com\/wp-content\/uploads\/2023\/07\/Buy-Methamphetamine.jpg\" \/>\n\t<meta property=\"og:image:width\" content=\"600\" \/>\n\t<meta property=\"og:image:height\" content=\"600\" \/>\n\t<meta property=\"og:image:type\" content=\"image\/jpeg\" \/>\n<meta name=\"twitter:card\" content=\"summary_large_image\" \/>\n<meta name=\"twitter:label1\" content=\"Timp estimat pentru citire\" \/>\n\t<meta name=\"twitter:data1\" content=\"2 minute\" \/>\n<!-- \/ Yoast SEO plugin. -->","yoast_head_json":{"title":"Cumpara Methamphetamine (Crystal meth) online - Narco Powders","robots":{"index":"index","follow":"follow","max-snippet":"max-snippet:-1","max-image-preview":"max-image-preview:large","max-video-preview":"max-video-preview:-1"},"canonical":"https:\/\/narcopowders.com\/ro\/produs\/cumpara-methamphetamine-crystal-meth-online\/","og_locale":"ro_RO","og_type":"article","og_title":"Buy Methamphetamine (Crystal meth) online - Narco Powders","og_description":"Buy Methamphetamine (Crystal meth) online Methamphetamine, sometimes referred to as crystal meth, is available online. There is just one type of the drug methamphetamine available here, and it is always advisable to get high-quality products rather than the unsafe ones that are sold elsewhere. Meth can be purchased online. Methamphetamine impacts the central nervous system [&hellip;]","og_url":"https:\/\/narcopowders.com\/ro\/produs\/cumpara-methamphetamine-crystal-meth-online\/","og_site_name":"Narco Powders","article_modified_time":"2025-03-10T09:57:40+00:00","og_image":[{"width":600,"height":600,"url":"https:\/\/narcopowders.com\/wp-content\/uploads\/2023\/07\/Buy-Methamphetamine.jpg","type":"image\/jpeg"}],"twitter_card":"summary_large_image","twitter_misc":{"Timp estimat pentru citire":"2 minute"},"schema":{"@context":"https:\/\/schema.org","@graph":[{"@type":"WebPage","@id":"https:\/\/narcopowders.com\/product\/buy-methamphetamine-crystal-meth-online\/","url":"https:\/\/narcopowders.com\/product\/buy-methamphetamine-crystal-meth-online\/","name":"Cumpara Methamphetamine (Crystal meth) online - Narco Powders","isPartOf":{"@id":"https:\/\/narcopowders.com\/#website"},"primaryImageOfPage":{"@id":"https:\/\/narcopowders.com\/product\/buy-methamphetamine-crystal-meth-online\/#primaryimage"},"image":{"@id":"https:\/\/narcopowders.com\/product\/buy-methamphetamine-crystal-meth-online\/#primaryimage"},"thumbnailUrl":"https:\/\/narcopowders.com\/wp-content\/uploads\/2023\/07\/Buy-Methamphetamine.jpg","datePublished":"2023-07-29T07:40:51+00:00","dateModified":"2025-03-10T09:57:40+00:00","breadcrumb":{"@id":"https:\/\/narcopowders.com\/product\/buy-methamphetamine-crystal-meth-online\/#breadcrumb"},"inLanguage":"ro-RO","potentialAction":[{"@type":"ReadAction","target":["https:\/\/narcopowders.com\/product\/buy-methamphetamine-crystal-meth-online\/"]}]},{"@type":"ImageObject","inLanguage":"ro-RO","@id":"https:\/\/narcopowders.com\/product\/buy-methamphetamine-crystal-meth-online\/#primaryimage","url":"https:\/\/narcopowders.com\/wp-content\/uploads\/2023\/07\/Buy-Methamphetamine.jpg","contentUrl":"https:\/\/narcopowders.com\/wp-content\/uploads\/2023\/07\/Buy-Methamphetamine.jpg","width":600,"height":600,"caption":"Buy-Methamphetamine"},{"@type":"BreadcrumbList","@id":"https:\/\/narcopowders.com\/product\/buy-methamphetamine-crystal-meth-online\/#breadcrumb","itemListElement":[{"@type":"ListItem","position":1,"name":"Home","item":"https:\/\/narcopowders.com\/"},{"@type":"ListItem","position":2,"name":"Shop Page","item":"https:\/\/narcopowders.com\/shop\/"},{"@type":"ListItem","position":3,"name":"Buy Methamphetamine (Crystal meth) online"}]},{"@type":"WebSite","@id":"https:\/\/narcopowders.com\/#website","url":"https:\/\/narcopowders.com\/","name":"Pulberi narcotice","description":"Blogul meu WordPress","potentialAction":[{"@type":"SearchAction","target":{"@type":"EntryPoint","urlTemplate":"https:\/\/narcopowders.com\/?s={search_term_string}"},"query-input":{"@type":"PropertyValueSpecification","valueRequired":true,"valueName":"search_term_string"}}],"inLanguage":"ro-RO"}]}},"_links":{"self":[{"href":"https:\/\/narcopowders.com\/ro\/wp-json\/wp\/v2\/product\/19417","targetHints":{"allow":["GET"]}}],"collection":[{"href":"https:\/\/narcopowders.com\/ro\/wp-json\/wp\/v2\/product"}],"about":[{"href":"https:\/\/narcopowders.com\/ro\/wp-json\/wp\/v2\/types\/product"}],"replies":[{"embeddable":true,"href":"https:\/\/narcopowders.com\/ro\/wp-json\/wp\/v2\/comments?post=19417"}],"wp:featuredmedia":[{"embeddable":true,"href":"https:\/\/narcopowders.com\/ro\/wp-json\/wp\/v2\/media\/19426"}],"wp:attachment":[{"href":"https:\/\/narcopowders.com\/ro\/wp-json\/wp\/v2\/media?parent=19417"}],"wp:term":[{"taxonomy":"product_brand","embeddable":true,"href":"https:\/\/narcopowders.com\/ro\/wp-json\/wp\/v2\/product_brand?post=19417"},{"taxonomy":"product_cat","embeddable":true,"href":"https:\/\/narcopowders.com\/ro\/wp-json\/wp\/v2\/product_cat?post=19417"},{"taxonomy":"product_tag","embeddable":true,"href":"https:\/\/narcopowders.com\/ro\/wp-json\/wp\/v2\/product_tag?post=19417"}],"curies":[{"name":"wp","href":"https:\/\/api.w.org\/{rel}","templated":true}]}}