{"id":19418,"date":"2023-07-29T07:40:53","date_gmt":"2023-07-29T07:40:53","guid":{"rendered":"https:\/\/narcopowders.com\/?post_type=product&#038;p=19418"},"modified":"2025-03-26T06:52:36","modified_gmt":"2025-03-26T06:52:36","slug":"buy-crystal-meth-online","status":"publish","type":"product","link":"https:\/\/narcopowders.com\/ro\/produs\/cumpara-cristal-meth-online\/","title":{"rendered":"Cump\u0103ra\u021bi Crystal Meth online"},"content":{"rendered":"<h2>Cump\u0103ra\u021bi Crystal Meth online<\/h2>\n<p><a href=\"https:\/\/narcopowders.com\/ro\/produs\/cumpara-cristal-meth-online\/\">Cump\u0103ra\u021bi Crystal Meth online<\/a>Metanfetamina, uneori denumit\u0103 metamfetamin\u0103 cristalin\u0103, este disponibil\u0103 online. Exist\u0103 un singur tip de drog. <a href=\"https:\/\/en.wikipedia.org\/wiki\/Ketamine\">metamfetamin\u0103 disponibil\u0103 aici<\/a>\u0219i este \u00eentotdeauna recomandabil s\u0103 ob\u021bine\u021bi <a href=\"https:\/\/narcopowders.com\/ro\/\">high-quality products<\/a> mai degrab\u0103 dec\u00e2t cele nesigure care sunt v\u00e2ndute \u00een alt\u0103 parte.<\/p>\n<p>Pute\u021bi s\u0103 o consuma\u021bi prin fumat, prin injectare cu un ac sau prin sfor\u021bare (inhalare pe nas). Pute\u021bi chiar s\u0103 o lua\u021bi pe cale oral\u0103, ceea ce va avea ca rezultat o cre\u0219tere de \u00eencredere, hiperactivitate \u0219i vitalitate, precum \u0219i o senza\u021bie minunat\u0103 de fericire \u0219i bun\u0103stare. V\u0103 sf\u0103tuim cu t\u0103rie s\u0103 lua\u021bi o cantitate foarte mic\u0103 \u0219i nu prea frecvent\u0103, deoarece efectele dureaz\u0103 de obicei \u00eentre \u0219ase \u0219i opt ore, dar pot dura p\u00e2n\u0103 la dou\u0103zeci \u0219i patru de ore.<\/p>\n<h3>CE CULOARE AR<\/h3>\n<p>Cea mai comun\u0103 form\u0103 de <a href=\"https:\/\/www.bing.com\/search?q=Buy%20Crystal%20Meth%20online&amp;qs=n&amp;form=QBRE&amp;sp=-1&amp;lq=0&amp;pq=buy%20crystal%20meth%20online&amp;sc=0-23&amp;sk=&amp;cvid=40F5F914259E4B628A652F5105472A73&amp;ghsh=0&amp;ghacc=0&amp;ghpl=\">methamphetamine for sale<\/a> is a <a href=\"https:\/\/www.bing.com\/search?q=Buy%20Crystal%20Meth%20online&amp;qs=n&amp;form=QBRE&amp;sp=-1&amp;lq=0&amp;pq=buy%20crystal%20meth%20online&amp;sc=0-23&amp;sk=&amp;cvid=40F5F914259E4B628A652F5105472A73&amp;ghsh=0&amp;ghacc=0&amp;ghpl=\">crystalline white powder<\/a> cu un gust amar, inodor \u0219i <a href=\"https:\/\/www.google.com\/search?q=Buy+Crystal+Meth+online&amp;sca_esv=2a2a93e8be91f013&amp;sxsrf=AHTn8zoDfzwck05_jrxz3pndVamcvCr7gA%3A1742971354653&amp;ei=2qHjZ_eoJ_HlseMP2cvv4QI&amp;ved=0ahUKEwj3_cmjkqeMAxXxcmwGHdnlOywQ4dUDCA8&amp;uact=5&amp;oq=Buy+Crystal+Meth+online&amp;gs_lp=Egxnd3Mtd2l6LXNlcnAiF0J1eSBDcnlzdGFsIE1ldGggb25saW5lSPMJUN4EWN4EcAN4AJABAJgB2AGgAdgBqgEDMi0xuAEDyAEA-AEC-AEBmAIAoAIAmAMA4gMFEgExIECIBgGSBwCgB1OyBwC4BwA&amp;sclient=gws-wiz-serp\">dissolves rapidly in water or alcohol<\/a>.<\/p>\n<p>Pudra a fost v\u0103zut\u0103 \u0219i \u00een nuan\u021be de maro, galben-cenu\u0219iu, portocaliu \u0219i chiar roz. \u00cen plus, poate fi compactat \u00een pastile. <a href=\"https:\/\/www.google.com\/search?q=Buy+Crystal+Meth+online&amp;sca_esv=2a2a93e8be91f013&amp;sxsrf=AHTn8zoDfzwck05_jrxz3pndVamcvCr7gA%3A1742971354653&amp;ei=2qHjZ_eoJ_HlseMP2cvv4QI&amp;ved=0ahUKEwj3_cmjkqeMAxXxcmwGHdnlOywQ4dUDCA8&amp;uact=5&amp;oq=Buy+Crystal+Meth+online&amp;gs_lp=Egxnd3Mtd2l6LXNlcnAiF0J1eSBDcnlzdGFsIE1ldGggb25saW5lSPMJUN4EWN4EcAN4AJABAJgB2AGgAdgBqgEDMi0xuAEDyAEA-AEC-AEBmAIAoAIAmAMA4gMFEgExIECIBgGSBwCgB1OyBwC4BwA&amp;sclient=gws-wiz-serp\">compactate \u00een pastile<\/a>.<\/p>\n<p>Poate fi fumat\u0103, tras\u0103 pe nas sau injectat\u0103, a\u0219a cum s-a spus anterior.<a href=\"https:\/\/en.wikipedia.org\/wiki\/Special:Search?go=Go&amp;search=Buy+Crystal+Meth&amp;ns0=1\">.<\/a><\/p>\n<p>Most often smoked, <a href=\"https:\/\/duckduckgo.com\/?q=Buy+Crystal+Meth+online&amp;t=h_&amp;ia=web\">krystalick\u00fd pervitin<\/a> comes in chunky, <a href=\"https:\/\/duckduckgo.com\/?q=Buy+Crystal+Meth+online&amp;t=h_&amp;ia=web\">cristale cristaline<\/a> that resemble ice<a href=\"https:\/\/narcopowders.com\/ro\/\">.<\/a><\/p>","protected":false},"excerpt":{"rendered":"<p>Buy Crystal Meth online Buy Crystal Meth online, Methamphetamine, sometimes referred to as crystal meth, is available online. There is just one type of the drug methamphetamine available here, and it is always advisable to get high-quality products rather than the unsafe ones that are sold elsewhere. You can consume it via smoking, injecting with [&hellip;]<\/p>","protected":false},"featured_media":19427,"comment_status":"open","ping_status":"closed","template":"","meta":{"_joinchat":[]},"product_brand":[],"product_cat":[1324],"product_tag":[1326,1327,1328,1329,1330,1331,1332,1333,1334,1335,1336,1337],"class_list":{"0":"post-19418","1":"product","2":"type-product","3":"status-publish","4":"has-post-thumbnail","6":"product_cat-buy-crystal-meth-online","7":"product_tag-buy-crystal-meth-online","8":"product_tag-buying-crystal-methamphetamine-online","9":"product_tag-crystal-meth-blue","10":"product_tag-methonline","11":"product_tag-uncategorized","12":"product_tag-what-does-crystal-meth-look-like-quizlet","13":"product_tag-what-is-crystal-meth","14":"product_tag-what-is-crystal-metheny","15":"product_tag-what-is-crystal-methodology","16":"product_tag-what-is-crystal-methyd","17":"product_tag-what-is-rotating-crystal-method","18":"product_tag-what-is-the-crystal-method","20":"first","21":"instock","22":"shipping-taxable","23":"purchasable","24":"product-type-variable","25":"add-to-wishlist-after_add_to_cart"},"yoast_head":"<!-- This site is optimized with the Yoast SEO plugin v27.5 - https:\/\/yoast.com\/product\/yoast-seo-wordpress\/ -->\n<title>Buy Crystal Meth Online | Crystal Meth for sale |Order Cyrstal Meth<\/title>\n<meta name=\"description\" content=\"Buy Crystal Meth Online, Buying Crystal Meth Online, Buy Meth Online, Crystal meth for sale online Meth For Sale, Order Crystal methamphetamine Online.\" \/>\n<meta name=\"robots\" content=\"index, follow, max-snippet:-1, max-image-preview:large, max-video-preview:-1\" \/>\n<link rel=\"canonical\" href=\"https:\/\/narcopowders.com\/ro\/produs\/cumpara-cristal-meth-online\/\" \/>\n<meta property=\"og:locale\" content=\"ro_RO\" \/>\n<meta property=\"og:type\" content=\"article\" \/>\n<meta property=\"og:title\" content=\"Buy Crystal Meth Online | Crystal Meth for sale |Order Cyrstal Meth\" \/>\n<meta property=\"og:description\" content=\"Buy Crystal Meth Online, Buying Crystal Meth Online, Buy Meth Online, Crystal meth for sale online Meth For Sale, Order Crystal methamphetamine Online.\" \/>\n<meta property=\"og:url\" content=\"https:\/\/narcopowders.com\/ro\/produs\/cumpara-cristal-meth-online\/\" \/>\n<meta property=\"og:site_name\" content=\"Narco Powders\" \/>\n<meta property=\"article:modified_time\" content=\"2025-03-26T06:52:36+00:00\" \/>\n<meta property=\"og:image\" content=\"https:\/\/narcopowders.com\/wp-content\/uploads\/2023\/07\/crystal-meth.jpg\" \/>\n\t<meta property=\"og:image:width\" content=\"600\" \/>\n\t<meta property=\"og:image:height\" content=\"600\" \/>\n\t<meta property=\"og:image:type\" content=\"image\/jpeg\" \/>\n<meta name=\"twitter:card\" content=\"summary_large_image\" \/>\n<meta name=\"twitter:label1\" content=\"Timp estimat pentru citire\" \/>\n\t<meta name=\"twitter:data1\" content=\"2 minute\" \/>\n<!-- \/ Yoast SEO plugin. -->","yoast_head_json":{"title":"Cumpara Crystal Meth Online | Crystal Meth de v\u00e2nzare |Comanda Cyrstal Meth","description":"Cumpara Crystal Meth Online, Cump\u0103rarea Crystal Meth Online, Cumpara Meth Online, Crystal meth de v\u00e2nzare online Meth For Sale, Comanda Crystal methamphetamine Online.","robots":{"index":"index","follow":"follow","max-snippet":"max-snippet:-1","max-image-preview":"max-image-preview:large","max-video-preview":"max-video-preview:-1"},"canonical":"https:\/\/narcopowders.com\/ro\/produs\/cumpara-cristal-meth-online\/","og_locale":"ro_RO","og_type":"article","og_title":"Buy Crystal Meth Online | Crystal Meth for sale |Order Cyrstal Meth","og_description":"Buy Crystal Meth Online, Buying Crystal Meth Online, Buy Meth Online, Crystal meth for sale online Meth For Sale, Order Crystal methamphetamine Online.","og_url":"https:\/\/narcopowders.com\/ro\/produs\/cumpara-cristal-meth-online\/","og_site_name":"Narco Powders","article_modified_time":"2025-03-26T06:52:36+00:00","og_image":[{"width":600,"height":600,"url":"https:\/\/narcopowders.com\/wp-content\/uploads\/2023\/07\/crystal-meth.jpg","type":"image\/jpeg"}],"twitter_card":"summary_large_image","twitter_misc":{"Timp estimat pentru citire":"2 minute"},"schema":{"@context":"https:\/\/schema.org","@graph":[{"@type":"WebPage","@id":"https:\/\/narcopowders.com\/product\/buy-crystal-meth-online\/","url":"https:\/\/narcopowders.com\/product\/buy-crystal-meth-online\/","name":"Cumpara Crystal Meth Online | Crystal Meth de v\u00e2nzare |Comanda Cyrstal Meth","isPartOf":{"@id":"https:\/\/narcopowders.com\/#website"},"primaryImageOfPage":{"@id":"https:\/\/narcopowders.com\/product\/buy-crystal-meth-online\/#primaryimage"},"image":{"@id":"https:\/\/narcopowders.com\/product\/buy-crystal-meth-online\/#primaryimage"},"thumbnailUrl":"https:\/\/narcopowders.com\/wp-content\/uploads\/2023\/07\/crystal-meth.jpg","datePublished":"2023-07-29T07:40:53+00:00","dateModified":"2025-03-26T06:52:36+00:00","description":"Cumpara Crystal Meth Online, Cump\u0103rarea Crystal Meth Online, Cumpara Meth Online, Crystal meth de v\u00e2nzare online Meth For Sale, Comanda Crystal methamphetamine Online.","breadcrumb":{"@id":"https:\/\/narcopowders.com\/product\/buy-crystal-meth-online\/#breadcrumb"},"inLanguage":"ro-RO","potentialAction":[{"@type":"ReadAction","target":["https:\/\/narcopowders.com\/product\/buy-crystal-meth-online\/"]}]},{"@type":"ImageObject","inLanguage":"ro-RO","@id":"https:\/\/narcopowders.com\/product\/buy-crystal-meth-online\/#primaryimage","url":"https:\/\/narcopowders.com\/wp-content\/uploads\/2023\/07\/crystal-meth.jpg","contentUrl":"https:\/\/narcopowders.com\/wp-content\/uploads\/2023\/07\/crystal-meth.jpg","width":600,"height":600,"caption":"crystal-meth"},{"@type":"BreadcrumbList","@id":"https:\/\/narcopowders.com\/product\/buy-crystal-meth-online\/#breadcrumb","itemListElement":[{"@type":"ListItem","position":1,"name":"Home","item":"https:\/\/narcopowders.com\/"},{"@type":"ListItem","position":2,"name":"Shop Page","item":"https:\/\/narcopowders.com\/shop\/"},{"@type":"ListItem","position":3,"name":"Buy Crystal Meth online"}]},{"@type":"WebSite","@id":"https:\/\/narcopowders.com\/#website","url":"https:\/\/narcopowders.com\/","name":"Pulberi narcotice","description":"Blogul meu WordPress","potentialAction":[{"@type":"SearchAction","target":{"@type":"EntryPoint","urlTemplate":"https:\/\/narcopowders.com\/?s={search_term_string}"},"query-input":{"@type":"PropertyValueSpecification","valueRequired":true,"valueName":"search_term_string"}}],"inLanguage":"ro-RO"}]}},"_links":{"self":[{"href":"https:\/\/narcopowders.com\/ro\/wp-json\/wp\/v2\/product\/19418","targetHints":{"allow":["GET"]}}],"collection":[{"href":"https:\/\/narcopowders.com\/ro\/wp-json\/wp\/v2\/product"}],"about":[{"href":"https:\/\/narcopowders.com\/ro\/wp-json\/wp\/v2\/types\/product"}],"replies":[{"embeddable":true,"href":"https:\/\/narcopowders.com\/ro\/wp-json\/wp\/v2\/comments?post=19418"}],"wp:featuredmedia":[{"embeddable":true,"href":"https:\/\/narcopowders.com\/ro\/wp-json\/wp\/v2\/media\/19427"}],"wp:attachment":[{"href":"https:\/\/narcopowders.com\/ro\/wp-json\/wp\/v2\/media?parent=19418"}],"wp:term":[{"taxonomy":"product_brand","embeddable":true,"href":"https:\/\/narcopowders.com\/ro\/wp-json\/wp\/v2\/product_brand?post=19418"},{"taxonomy":"product_cat","embeddable":true,"href":"https:\/\/narcopowders.com\/ro\/wp-json\/wp\/v2\/product_cat?post=19418"},{"taxonomy":"product_tag","embeddable":true,"href":"https:\/\/narcopowders.com\/ro\/wp-json\/wp\/v2\/product_tag?post=19418"}],"curies":[{"name":"wp","href":"https:\/\/api.w.org\/{rel}","templated":true}]}}