{"id":19449,"date":"2023-07-29T08:09:11","date_gmt":"2023-07-29T08:09:11","guid":{"rendered":"https:\/\/narcopowders.com\/?post_type=product&#038;p=19449"},"modified":"2025-09-25T07:53:14","modified_gmt":"2025-09-25T07:53:14","slug":"buy-ketamine-anasket-powder","status":"publish","type":"product","link":"https:\/\/narcopowders.com\/ro\/produs\/cumparati-pulbere-de-ketamina-anasket\/","title":{"rendered":"Cump\u0103ra\u021bi Ketamine Anasket Powder"},"content":{"rendered":"<h2>Cump\u0103ra\u021bi Ketamine Anasket Powder<\/h2>\n<p><strong>Cump\u0103ra\u021bi Anesket de calitate superioar\u0103 1000mg\/10ml online. Anesket 1000mg\/10ml de v\u00e2nzare.<\/strong><\/p>\n<p><a href=\"https:\/\/narcopowders.com\/ro\/produs\/cumparati-pulbere-de-ketamina-anasket\/\">Cump\u0103ra\u021bi pulbere de anestezic ketamin\u0103.<\/a> One of the main things we do here is offer <a href=\"https:\/\/narcopowders.com\/ro\/\">anaesthetic for sale<\/a>Cump\u0103ra\u021bi pulbere de anestezic ketamin\u0103 Unul dintre principalele lucruri pe care le facem aici este s\u0103 oferim anestezic de v\u00e2nzare. Prin urmare, vindem sau furniz\u0103m anesket at\u00e2t cu sau f\u0103r\u0103 prescrip\u021bie medical\u0103. Cump\u0103r\u0103torii online din \u00eentreaga lume pot cump\u0103ra Anesket cu sau f\u0103r\u0103 prescrip\u021bie medical\u0103. Dar acest medicament se comport\u0103 \u00een mod similar cu ketamina. Este angajat pentru a seda un pacient \u00een timpul opera\u021biilor complicate. Ca urmare, apar\u021bine aceleia\u0219i ramuri de medicin\u0103 cunoscut\u0103 sub numele de anestezie. <a href=\"https:\/\/en.wikipedia.org\/wiki\/Ketamine\">anaesthesia<\/a>.<\/p>\n<p>Medicamentul vine \u00eentr-o fiol\u0103 incolor\u0103 \u0219i este extrem de puternic datorit\u0103 efectelor sale sedative \u0219i halucinogene. \u00cen majoritatea na\u021biunilor din \u00eentreaga lume, <a href=\"https:\/\/www.google.com\/search?q=Buy+Ketamine+Anasket+Powder+online&amp;sca_esv=7d1b82273738a5db&amp;sxsrf=AHTn8zo54tGqkU6L_8OjZ_3jVKesgfLYSA%3A1742907629164&amp;ei=7ajiZ9DZCbmvseMPy4fciQ8&amp;ved=0ahUKEwiQhPPwpKWMAxW5V2wGHcsDN_EQ4dUDCA8&amp;uact=5&amp;oq=Buy+Ketamine+Anasket+Powder+online&amp;gs_lp=Egxnd3Mtd2l6LXNlcnAiIkJ1eSBLZXRhbWluZSBBbmFza2V0IFBvd2RlciBvbmxpbmVIyQZQuQRYuQRwAXgAkAEAmAHeAaAB3gGqAQMyLTG4AQPIAQD4AQH4AQKYAgGgAgqoAhTCAgcQIxgnGOoCwgIQEAAYAxi0AhjqAhiPAdgBAcICEBAuGAMYtAIY6gIYjwHYAQGYAwrxBbaSxbb4_RXLugYGCAEQARgKkgcBMaAH4wGyBwC4BwA&amp;sclient=gws-wiz-serp\">anesket is frequently used as a muscle relaxant<\/a>Medicamentul poate fi deosebit de util \u00een tratarea durerii, depresiei \u0219i a unei serii de alte afec\u021biuni, pe l\u00e2ng\u0103 faptul c\u0103 este <a href=\"https:\/\/www.bing.com\/search?q=Buy%20Ketamine%20Anasket%20Powder%20online&amp;qs=n&amp;form=QBRE&amp;sp=-1&amp;lq=0&amp;pq=buy%20ketamine%20anasket%20powder%20online&amp;sc=0-34&amp;sk=&amp;cvid=B1808501B839429CA847B791ED920727&amp;ghsh=0&amp;ghacc=0&amp;ghpl=\">used as a sedative or anaesthesia<\/a>. Non-prescription Anaesthetizing Injection<\/p>\n<p><a href=\"https:\/\/www.google.com\/search?q=Buy+Ketamine+Anasket+Powder+online&amp;sca_esv=7d1b82273738a5db&amp;sxsrf=AHTn8zo54tGqkU6L_8OjZ_3jVKesgfLYSA%3A1742907629164&amp;ei=7ajiZ9DZCbmvseMPy4fciQ8&amp;ved=0ahUKEwiQhPPwpKWMAxW5V2wGHcsDN_EQ4dUDCA8&amp;uact=5&amp;oq=Buy+Ketamine+Anasket+Powder+online&amp;gs_lp=Egxnd3Mtd2l6LXNlcnAiIkJ1eSBLZXRhbWluZSBBbmFza2V0IFBvd2RlciBvbmxpbmVIyQZQuQRYuQRwAXgAkAEAmAHeAaAB3gGqAQMyLTG4AQPIAQD4AQH4AQKYAgGgAgqoAhTCAgcQIxgnGOoCwgIQEAAYAxi0AhjqAhiPAdgBAcICEBAuGAMYtAIY6gIYjwHYAQGYAwrxBbaSxbb4_RXLugYGCAEQARgKkgcBMaAH4wGyBwC4BwA&amp;sclient=gws-wiz-serp\">Anesket 1000mg-10ml Solution<\/a> | Anesket Injection, No Prescription | <a href=\"https:\/\/duckduckgo.com\/?q=Buy+Ketamine+Anasket+Powder+online&amp;t=h_&amp;ia=web\">Discreet Online Ketamine Purchase Near Me<\/a><\/p>\n<h3>Oferind cel mai bun grad ANESKET 1000MG-10ML SOLU\u021aIE este ceea ce facem.<\/h3>\n<p>Prin oferirea unui grad excelent de ANESKET 1000MG-10ML SOLU\u021aIE, am stabilit o pozi\u021bie distinctiv\u0103 \u00een acest domeniu.<\/p>\n<p>Injec\u021biile de anestezie pot fi administrate singure sau \u00een combina\u021bie cu alte medicamente pentru a provoca pierderea cuno\u0219tin\u021bei \u00eenainte \u0219i \u00een timpul unei interven\u021bii chirurgicale sau a altor proceduri medicale. Este un membru al clasei de medicamente cunoscute sub numele de anestezice generale.anestezic 1000mg\/10ml legal. De v\u00e2nzare: ketamin\u0103 injectabil\u0103. <a href=\"https:\/\/duckduckgo.com\/?q=Buy+Ketamine+Anasket+Powder+online&amp;t=h_&amp;ia=web\">Cump\u0103ra\u021bi pulbere de anestezic ketamin\u0103.<\/a>.<\/p>\n<p>Numai cadrele medicale calificate \u00een utilizarea acestuia pot administra anestezice, iar acestea trebuie s\u0103 o fac\u0103 sub supravegherea lor direct\u0103. Medicul dumneavoastr\u0103 sau anestezistul v\u0103 va administra Anesket dac\u0103 ave\u021bi nevoie de el \u00een timpul interven\u021biei chirurgicale \u0219i v\u0103 va monitoriza \u00eendeaproape evolu\u021bia.Anestezic 1000mg\/10ml legal.Cump\u0103ra\u021bi pulbere de anestezic ketamin\u0103<a href=\"https:\/\/www.bing.com\/search?q=Buy%20Ketamine%20Anasket%20Powder%20online&amp;qs=n&amp;form=QBRE&amp;sp=-1&amp;lq=0&amp;pq=buy%20ketamine%20anasket%20powder%20online&amp;sc=0-34&amp;sk=&amp;cvid=B1808501B839429CA847B791ED920727&amp;ghsh=0&amp;ghacc=0&amp;ghpl=\">Cump\u0103ra\u021bi pulbere de anestezic ketamin\u0103.<\/a><\/p>","protected":false},"excerpt":{"rendered":"<p>Buy Ketamine Anasket Powder Buy Top Quality Anesket 1000mg\/10ml Online. Anesket 1000mg\/10ml for sale. Purchase ketamine anaesthetic powder One of the main things we do here is offer anaesthetic for sale. As a result, we sell or supply anesket both with and without a prescription. Online shoppers from all around the world can purchase Anesket [&hellip;]<\/p>","protected":false},"featured_media":19564,"comment_status":"open","ping_status":"closed","template":"","meta":{"_joinchat":[]},"product_brand":[],"product_cat":[1325],"product_tag":[],"class_list":{"0":"post-19449","1":"product","2":"type-product","3":"status-publish","4":"has-post-thumbnail","6":"product_cat-buy-ketamine-online","8":"first","9":"instock","10":"shipping-taxable","11":"purchasable","12":"product-type-variable","13":"add-to-wishlist-after_add_to_cart"},"yoast_head":"<!-- This site is optimized with the Yoast SEO plugin v25.9 - https:\/\/yoast.com\/wordpress\/plugins\/seo\/ -->\n<title>Buy Ketamine Anasket Powder - Narco Powders<\/title>\n<meta name=\"robots\" content=\"index, follow, max-snippet:-1, max-image-preview:large, max-video-preview:-1\" \/>\n<link rel=\"canonical\" href=\"https:\/\/narcopowders.com\/ro\/produs\/cumparati-pulbere-de-ketamina-anasket\/\" \/>\n<meta property=\"og:locale\" content=\"ro_RO\" \/>\n<meta property=\"og:type\" content=\"article\" \/>\n<meta property=\"og:title\" content=\"Buy Ketamine Anasket Powder - Narco Powders\" \/>\n<meta property=\"og:description\" content=\"Buy Ketamine Anasket Powder Buy Top Quality Anesket 1000mg\/10ml Online. Anesket 1000mg\/10ml for sale. Purchase ketamine anaesthetic powder One of the main things we do here is offer anaesthetic for sale. As a result, we sell or supply anesket both with and without a prescription. Online shoppers from all around the world can purchase Anesket [&hellip;]\" \/>\n<meta property=\"og:url\" content=\"https:\/\/narcopowders.com\/ro\/produs\/cumparati-pulbere-de-ketamina-anasket\/\" \/>\n<meta property=\"og:site_name\" content=\"Narco Powders\" \/>\n<meta property=\"article:modified_time\" content=\"2025-09-25T07:53:14+00:00\" \/>\n<meta property=\"og:image\" content=\"https:\/\/narcopowders.com\/wp-content\/uploads\/2023\/07\/Buy-Ketamine-Powder.jpg\" \/>\n\t<meta property=\"og:image:width\" content=\"600\" \/>\n\t<meta property=\"og:image:height\" content=\"600\" \/>\n\t<meta property=\"og:image:type\" content=\"image\/jpeg\" \/>\n<meta name=\"twitter:card\" content=\"summary_large_image\" \/>\n<meta name=\"twitter:label1\" content=\"Timp estimat pentru citire\" \/>\n\t<meta name=\"twitter:data1\" content=\"2 minute\" \/>\n<!-- \/ Yoast SEO plugin. -->","yoast_head_json":{"title":"Cump\u0103ra\u021bi Ketamine Anasket Powder - Pulberi narcotice","robots":{"index":"index","follow":"follow","max-snippet":"max-snippet:-1","max-image-preview":"max-image-preview:large","max-video-preview":"max-video-preview:-1"},"canonical":"https:\/\/narcopowders.com\/ro\/produs\/cumparati-pulbere-de-ketamina-anasket\/","og_locale":"ro_RO","og_type":"article","og_title":"Buy Ketamine Anasket Powder - Narco Powders","og_description":"Buy Ketamine Anasket Powder Buy Top Quality Anesket 1000mg\/10ml Online. Anesket 1000mg\/10ml for sale. Purchase ketamine anaesthetic powder One of the main things we do here is offer anaesthetic for sale. As a result, we sell or supply anesket both with and without a prescription. Online shoppers from all around the world can purchase Anesket [&hellip;]","og_url":"https:\/\/narcopowders.com\/ro\/produs\/cumparati-pulbere-de-ketamina-anasket\/","og_site_name":"Narco Powders","article_modified_time":"2025-09-25T07:53:14+00:00","og_image":[{"width":600,"height":600,"url":"https:\/\/narcopowders.com\/wp-content\/uploads\/2023\/07\/Buy-Ketamine-Powder.jpg","type":"image\/jpeg"}],"twitter_card":"summary_large_image","twitter_misc":{"Timp estimat pentru citire":"2 minute"},"schema":{"@context":"https:\/\/schema.org","@graph":[{"@type":"WebPage","@id":"https:\/\/narcopowders.com\/product\/buy-ketamine-anasket-powder\/","url":"https:\/\/narcopowders.com\/product\/buy-ketamine-anasket-powder\/","name":"Cump\u0103ra\u021bi Ketamine Anasket Powder - Pulberi narcotice","isPartOf":{"@id":"https:\/\/narcopowders.com\/#website"},"primaryImageOfPage":{"@id":"https:\/\/narcopowders.com\/product\/buy-ketamine-anasket-powder\/#primaryimage"},"image":{"@id":"https:\/\/narcopowders.com\/product\/buy-ketamine-anasket-powder\/#primaryimage"},"thumbnailUrl":"https:\/\/narcopowders.com\/wp-content\/uploads\/2023\/07\/Buy-Ketamine-Powder.jpg","datePublished":"2023-07-29T08:09:11+00:00","dateModified":"2025-09-25T07:53:14+00:00","breadcrumb":{"@id":"https:\/\/narcopowders.com\/product\/buy-ketamine-anasket-powder\/#breadcrumb"},"inLanguage":"ro-RO","potentialAction":[{"@type":"ReadAction","target":["https:\/\/narcopowders.com\/product\/buy-ketamine-anasket-powder\/"]}]},{"@type":"ImageObject","inLanguage":"ro-RO","@id":"https:\/\/narcopowders.com\/product\/buy-ketamine-anasket-powder\/#primaryimage","url":"https:\/\/narcopowders.com\/wp-content\/uploads\/2023\/07\/Buy-Ketamine-Powder.jpg","contentUrl":"https:\/\/narcopowders.com\/wp-content\/uploads\/2023\/07\/Buy-Ketamine-Powder.jpg","width":600,"height":600,"caption":"Buy-Ketamine-Powder online"},{"@type":"BreadcrumbList","@id":"https:\/\/narcopowders.com\/product\/buy-ketamine-anasket-powder\/#breadcrumb","itemListElement":[{"@type":"ListItem","position":1,"name":"Home","item":"https:\/\/narcopowders.com\/"},{"@type":"ListItem","position":2,"name":"Shop Page","item":"https:\/\/narcopowders.com\/shop\/"},{"@type":"ListItem","position":3,"name":"Buy Ketamine Anasket Powder"}]},{"@type":"WebSite","@id":"https:\/\/narcopowders.com\/#website","url":"https:\/\/narcopowders.com\/","name":"Pulberi narcotice","description":"Blogul meu WordPress","potentialAction":[{"@type":"SearchAction","target":{"@type":"EntryPoint","urlTemplate":"https:\/\/narcopowders.com\/?s={search_term_string}"},"query-input":{"@type":"PropertyValueSpecification","valueRequired":true,"valueName":"search_term_string"}}],"inLanguage":"ro-RO"}]}},"_links":{"self":[{"href":"https:\/\/narcopowders.com\/ro\/wp-json\/wp\/v2\/product\/19449","targetHints":{"allow":["GET"]}}],"collection":[{"href":"https:\/\/narcopowders.com\/ro\/wp-json\/wp\/v2\/product"}],"about":[{"href":"https:\/\/narcopowders.com\/ro\/wp-json\/wp\/v2\/types\/product"}],"replies":[{"embeddable":true,"href":"https:\/\/narcopowders.com\/ro\/wp-json\/wp\/v2\/comments?post=19449"}],"wp:featuredmedia":[{"embeddable":true,"href":"https:\/\/narcopowders.com\/ro\/wp-json\/wp\/v2\/media\/19564"}],"wp:attachment":[{"href":"https:\/\/narcopowders.com\/ro\/wp-json\/wp\/v2\/media?parent=19449"}],"wp:term":[{"taxonomy":"product_brand","embeddable":true,"href":"https:\/\/narcopowders.com\/ro\/wp-json\/wp\/v2\/product_brand?post=19449"},{"taxonomy":"product_cat","embeddable":true,"href":"https:\/\/narcopowders.com\/ro\/wp-json\/wp\/v2\/product_cat?post=19449"},{"taxonomy":"product_tag","embeddable":true,"href":"https:\/\/narcopowders.com\/ro\/wp-json\/wp\/v2\/product_tag?post=19449"}],"curies":[{"name":"wp","href":"https:\/\/api.w.org\/{rel}","templated":true}]}}