{"id":19450,"date":"2023-07-29T08:09:13","date_gmt":"2023-07-29T08:09:13","guid":{"rendered":"https:\/\/narcopowders.com\/?post_type=product&#038;p=19450"},"modified":"2025-09-25T08:07:37","modified_gmt":"2025-09-25T08:07:37","slug":"buy-ketamine-crystal","status":"publish","type":"product","link":"https:\/\/narcopowders.com\/ro\/produs\/cumpara-ketamina-cristal\/","title":{"rendered":"Cump\u0103ra\u021bi cristale de ketamin\u0103 online"},"content":{"rendered":"<h2>Cump\u0103ra\u021bi Ketamine Crystal<\/h2>\n<p><a href=\"https:\/\/narcopowders.com\/ro\/produs\/cumpara-ketamina-cristal\/\">Cump\u0103ra\u021bi cristale de ketamin\u0103 online<\/a><\/p>\n<p>Where to <a href=\"https:\/\/narcopowders.com\/ro\/\">\u00cen cazul \u00een care pentru a cump\u0103ra Ketamine HCL Crystal Powder<\/a><\/p>\n<p>\u00cen primul r\u00e2nd, ketamina este un anestezic disociativ utilizat \u00een anestezia uman\u0103 \u0219i \u00een medicina veterinar\u0103.<\/p>\n<p>Halucinogenele includ medicamente disociative (cump\u0103ra\u021bi ketamin\u0103 hcl pulbere de cristal)<a href=\"https:\/\/narcopowders.com\/ro\/product-category\/buy-heroin-online\/\">.<\/a><\/p>\n<p>\u00cen plus, ne face s\u0103 ne sim\u021bim \u00eendep\u0103rta\u021bi de realitate. Majoritatea ketaminei v\u00e2ndute pe pia\u021ba <a href=\"https:\/\/en.wikipedia.org\/wiki\/Ketamine\">ketamine<\/a> sold on the<\/p>\n<p>Strada care duce la clinicile veterinare a fost schimbat\u0103. Chimia ketaminei <a href=\"https:\/\/duckduckgo.com\/?q=Buy+Ketamine+Crystal+Online&amp;t=h_&amp;ia=web\">Chemistry of ketamine<\/a><\/p>\n<p>\u00cen al treilea r\u00e2nd, are o structur\u0103 \u0219i un mod de ac\u021biune asem\u0103n\u0103toare cu cele ale PCP.<\/p>\n<p>un anestezic disociativ \u0219i halucinogen cu ac\u021biune scurt\u0103, utilizat cu regularitate \u0219i cu ac\u021biune scurt\u0103<\/p>\n<p>Medicina de urgen\u021b\u0103 \u00eel folose\u0219te pe al patrulea. Este un exemplu de disocia\u021bie \u0219i<\/p>\n<p>este, de asemenea, frecvent administrat recrea\u021bional \u00een doze subanestezice. Pentru a avea o <a href=\"https:\/\/duckduckgo.com\/?q=Buy+Ketamine+Crystal+Online&amp;t=h_&amp;ia=web\">psychedelic experience<\/a>, lua\u021bi doze mici - aceasta este \u201egaura K\u201d. Majoritatea substan\u021belor disociative sunt antagoni\u0219ti ai receptorilor NMDA.<\/p>\n<h3>Ketamina pentru ameliorarea durerii de v\u00e2nzare.<\/h3>\n<p>\u00cen plus, evita\u021bi s\u0103 utiliza\u021bi ketamin\u0103 dac\u0103 sunte\u021bi alergic la oricare dintre ingredientele sale. <a href=\"https:\/\/www.bing.com\/search?q=Buy%20Ketamine%20Crystal%20Online&amp;qs=n&amp;form=QBRE&amp;sp=-1&amp;lq=0&amp;pq=buy%20ketamine%20crystal%20online&amp;sc=0-27&amp;sk=&amp;cvid=B48FCD6A63BA41FEA8E70E332D5821C8&amp;ghsh=0&amp;ghacc=0&amp;ghpl=\">allergic to any of its ingredients<\/a>.<\/p>\n<p>\u00cen plus, ave\u021bi o afec\u021biune care ar face periculoas\u0103 o cre\u0219tere semnificativ\u0103 a tensiunii arteriale.<\/p>\n<p>\u00cen plus, utilizarea droxidopa ar putea fi periculoas\u0103. Discuta\u021bi cu medicul dumneavoastr\u0103 sau cu un alt profesionist din domeniul medical<\/p>\n<p>Nu numai asta, dar dac\u0103 oricare dintre acestea se aplic\u0103 \u00een cazul dvs., contacta\u021bi imediat furnizorul. <a href=\"https:\/\/www.google.com\/search?q=Buy+Ketamine+Crystal+Online&amp;sca_esv=7d1b82273738a5db&amp;sxsrf=AHTn8zpP-mpLnmrRf2_jSzjg2BV0aqQ2Aw%3A1742907647616&amp;ei=_6jiZ5WrJeHgseMPxOPN-QQ&amp;ved=0ahUKEwjVptn5pKWMAxVhcGwGHcRxM08Q4dUDCA8&amp;uact=5&amp;oq=Buy+Ketamine+Crystal+Online&amp;gs_lp=Egxnd3Mtd2l6LXNlcnAiG0J1eSBLZXRhbWluZSBDcnlzdGFsIE9ubGluZUjACVCdA1idA3ABeACQAQCYAbkBoAG5AaoBAzAuMbgBA8gBAPgBAfgBApgCAaACGagCFMICBxAjGCcY6gLCAhAQABgDGLQCGOoCGI8B2AEBmAMZ8QUQhxj9l7gZCLoGBggBEAEYCpIHATGgB0-yBwC4BwA&amp;sclient=gws-wiz-serp\">ketamine powder purchase online<\/a><\/p>\n<p>Cu toate acestea, pute\u021bi ob\u021bine ketamin\u0103 online din India, Canada \u0219i Statele Unite.<\/p>\n<p>In contrast to Chinese <a href=\"https:\/\/www.bing.com\/search?q=Buy%20Ketamine%20Crystal%20Online&amp;qs=n&amp;form=QBRE&amp;sp=-1&amp;lq=0&amp;pq=buy%20ketamine%20crystal%20online&amp;sc=0-27&amp;sk=&amp;cvid=B48FCD6A63BA41FEA8E70E332D5821C8&amp;ghsh=0&amp;ghacc=0&amp;ghpl=\">Furnizori de ketamin\u0103 \u0219i v\u00e2nz\u0103ri online de ketamin\u0103<\/a>,<\/p>\n<p>De unde pot cump\u0103ra ketamin\u0103, este posibil s\u0103 <a href=\"https:\/\/www.google.com\/search?q=Buy+Ketamine+Crystal+Online&amp;sca_esv=7d1b82273738a5db&amp;sxsrf=AHTn8zpP-mpLnmrRf2_jSzjg2BV0aqQ2Aw%3A1742907647616&amp;ei=_6jiZ5WrJeHgseMPxOPN-QQ&amp;ved=0ahUKEwjVptn5pKWMAxVhcGwGHcRxM08Q4dUDCA8&amp;uact=5&amp;oq=Buy+Ketamine+Crystal+Online&amp;gs_lp=Egxnd3Mtd2l6LXNlcnAiG0J1eSBLZXRhbWluZSBDcnlzdGFsIE9ubGluZUjACVCdA1idA3ABeACQAQCYAbkBoAG5AaoBAzAuMbgBA8gBAPgBAfgBApgCAaACGagCFMICBxAjGCcY6gLCAhAQABgDGLQCGOoCGI8B2AEBmAMZ8QUQhxj9l7gZCLoGBggBEAEYCpIHATGgB0-yBwC4BwA&amp;sclient=gws-wiz-serp\">cump\u0103ra ketamin\u0103 online<\/a>, and where can I buy liquid ketamine online?<\/p>","protected":false},"excerpt":{"rendered":"<p>Buy Ketamine Crystal Buy Ketamine crystals online Where to Buy Ketamine HCL Crystal Powder Firstly Ketamine is a dissociative anesthetic used in human anesthesia and veterinary medicine. Hallucinogens include dissociative medications (buy ketamine hcl crystal powder). Additionally, it makes one feel removed from reality. The majority of ketamine sold on the The street leading to [&hellip;]<\/p>","protected":false},"featured_media":19465,"comment_status":"open","ping_status":"closed","template":"","meta":{"_joinchat":[]},"product_brand":[],"product_cat":[1325],"product_tag":[],"class_list":{"0":"post-19450","1":"product","2":"type-product","3":"status-publish","4":"has-post-thumbnail","6":"product_cat-buy-ketamine-online","8":"first","9":"instock","10":"shipping-taxable","11":"purchasable","12":"product-type-variable","13":"add-to-wishlist-after_add_to_cart"},"yoast_head":"<!-- This site is optimized with the Yoast SEO plugin v25.9 - https:\/\/yoast.com\/wordpress\/plugins\/seo\/ -->\n<title>Buy Ketamine Crystal Online - Narco Powders<\/title>\n<meta name=\"description\" content=\"Buy Ketamine Crystal, Medical Grade Ketamine Liquid\/Powder\/Rock\/Sugar Online Ketamine is a white, crystalline powder or clear liquid. order Ketamine Crystal\" \/>\n<meta name=\"robots\" content=\"index, follow, max-snippet:-1, max-image-preview:large, max-video-preview:-1\" \/>\n<link rel=\"canonical\" href=\"https:\/\/narcopowders.com\/ro\/produs\/cumpara-ketamina-cristal\/\" \/>\n<meta property=\"og:locale\" content=\"ro_RO\" \/>\n<meta property=\"og:type\" content=\"article\" \/>\n<meta property=\"og:title\" content=\"Buy Ketamine Crystal Online - Narco Powders\" \/>\n<meta property=\"og:description\" content=\"Buy Ketamine Crystal, Medical Grade Ketamine Liquid\/Powder\/Rock\/Sugar Online Ketamine is a white, crystalline powder or clear liquid. order Ketamine Crystal\" \/>\n<meta property=\"og:url\" content=\"https:\/\/narcopowders.com\/ro\/produs\/cumpara-ketamina-cristal\/\" \/>\n<meta property=\"og:site_name\" content=\"Narco Powders\" \/>\n<meta property=\"article:modified_time\" content=\"2025-09-25T08:07:37+00:00\" \/>\n<meta property=\"og:image\" content=\"https:\/\/narcopowders.com\/wp-content\/uploads\/2023\/07\/Buy-Ketamine-Crystal.jpg\" \/>\n\t<meta property=\"og:image:width\" content=\"600\" \/>\n\t<meta property=\"og:image:height\" content=\"600\" \/>\n\t<meta property=\"og:image:type\" content=\"image\/jpeg\" \/>\n<meta name=\"twitter:card\" content=\"summary_large_image\" \/>\n<meta name=\"twitter:label1\" content=\"Timp estimat pentru citire\" \/>\n\t<meta name=\"twitter:data1\" content=\"2 minute\" \/>\n<!-- \/ Yoast SEO plugin. -->","yoast_head_json":{"title":"Buy Ketamine Crystal Online - Narco Powders","description":"Cump\u0103ra\u021bi Ketamine Crystal, Ketamine de calitate medical\u0103 Ketamine Liquid\/Powder\/Rock\/Sugar Online Ketamina este o pulbere alb\u0103, cristalin\u0103 sau un lichid clar. comanda\u021bi Ketamine Crystal","robots":{"index":"index","follow":"follow","max-snippet":"max-snippet:-1","max-image-preview":"max-image-preview:large","max-video-preview":"max-video-preview:-1"},"canonical":"https:\/\/narcopowders.com\/ro\/produs\/cumpara-ketamina-cristal\/","og_locale":"ro_RO","og_type":"article","og_title":"Buy Ketamine Crystal Online - Narco Powders","og_description":"Buy Ketamine Crystal, Medical Grade Ketamine Liquid\/Powder\/Rock\/Sugar Online Ketamine is a white, crystalline powder or clear liquid. order Ketamine Crystal","og_url":"https:\/\/narcopowders.com\/ro\/produs\/cumpara-ketamina-cristal\/","og_site_name":"Narco Powders","article_modified_time":"2025-09-25T08:07:37+00:00","og_image":[{"width":600,"height":600,"url":"https:\/\/narcopowders.com\/wp-content\/uploads\/2023\/07\/Buy-Ketamine-Crystal.jpg","type":"image\/jpeg"}],"twitter_card":"summary_large_image","twitter_misc":{"Timp estimat pentru citire":"2 minute"},"schema":{"@context":"https:\/\/schema.org","@graph":[{"@type":"WebPage","@id":"https:\/\/narcopowders.com\/product\/buy-ketamine-crystal\/","url":"https:\/\/narcopowders.com\/product\/buy-ketamine-crystal\/","name":"Buy Ketamine Crystal Online - Narco Powders","isPartOf":{"@id":"https:\/\/narcopowders.com\/#website"},"primaryImageOfPage":{"@id":"https:\/\/narcopowders.com\/product\/buy-ketamine-crystal\/#primaryimage"},"image":{"@id":"https:\/\/narcopowders.com\/product\/buy-ketamine-crystal\/#primaryimage"},"thumbnailUrl":"https:\/\/narcopowders.com\/wp-content\/uploads\/2023\/07\/Buy-Ketamine-Crystal.jpg","datePublished":"2023-07-29T08:09:13+00:00","dateModified":"2025-09-25T08:07:37+00:00","description":"Cump\u0103ra\u021bi Ketamine Crystal, Ketamine de calitate medical\u0103 Ketamine Liquid\/Powder\/Rock\/Sugar Online Ketamina este o pulbere alb\u0103, cristalin\u0103 sau un lichid clar. comanda\u021bi Ketamine Crystal","breadcrumb":{"@id":"https:\/\/narcopowders.com\/product\/buy-ketamine-crystal\/#breadcrumb"},"inLanguage":"ro-RO","potentialAction":[{"@type":"ReadAction","target":["https:\/\/narcopowders.com\/product\/buy-ketamine-crystal\/"]}]},{"@type":"ImageObject","inLanguage":"ro-RO","@id":"https:\/\/narcopowders.com\/product\/buy-ketamine-crystal\/#primaryimage","url":"https:\/\/narcopowders.com\/wp-content\/uploads\/2023\/07\/Buy-Ketamine-Crystal.jpg","contentUrl":"https:\/\/narcopowders.com\/wp-content\/uploads\/2023\/07\/Buy-Ketamine-Crystal.jpg","width":600,"height":600,"caption":"Buy-Ketamine-Crystal"},{"@type":"BreadcrumbList","@id":"https:\/\/narcopowders.com\/product\/buy-ketamine-crystal\/#breadcrumb","itemListElement":[{"@type":"ListItem","position":1,"name":"Home","item":"https:\/\/narcopowders.com\/"},{"@type":"ListItem","position":2,"name":"Shop Page","item":"https:\/\/narcopowders.com\/shop\/"},{"@type":"ListItem","position":3,"name":"Buy Ketamine Crystal Online"}]},{"@type":"WebSite","@id":"https:\/\/narcopowders.com\/#website","url":"https:\/\/narcopowders.com\/","name":"Pulberi narcotice","description":"Blogul meu WordPress","potentialAction":[{"@type":"SearchAction","target":{"@type":"EntryPoint","urlTemplate":"https:\/\/narcopowders.com\/?s={search_term_string}"},"query-input":{"@type":"PropertyValueSpecification","valueRequired":true,"valueName":"search_term_string"}}],"inLanguage":"ro-RO"}]}},"_links":{"self":[{"href":"https:\/\/narcopowders.com\/ro\/wp-json\/wp\/v2\/product\/19450","targetHints":{"allow":["GET"]}}],"collection":[{"href":"https:\/\/narcopowders.com\/ro\/wp-json\/wp\/v2\/product"}],"about":[{"href":"https:\/\/narcopowders.com\/ro\/wp-json\/wp\/v2\/types\/product"}],"replies":[{"embeddable":true,"href":"https:\/\/narcopowders.com\/ro\/wp-json\/wp\/v2\/comments?post=19450"}],"wp:featuredmedia":[{"embeddable":true,"href":"https:\/\/narcopowders.com\/ro\/wp-json\/wp\/v2\/media\/19465"}],"wp:attachment":[{"href":"https:\/\/narcopowders.com\/ro\/wp-json\/wp\/v2\/media?parent=19450"}],"wp:term":[{"taxonomy":"product_brand","embeddable":true,"href":"https:\/\/narcopowders.com\/ro\/wp-json\/wp\/v2\/product_brand?post=19450"},{"taxonomy":"product_cat","embeddable":true,"href":"https:\/\/narcopowders.com\/ro\/wp-json\/wp\/v2\/product_cat?post=19450"},{"taxonomy":"product_tag","embeddable":true,"href":"https:\/\/narcopowders.com\/ro\/wp-json\/wp\/v2\/product_tag?post=19450"}],"curies":[{"name":"wp","href":"https:\/\/api.w.org\/{rel}","templated":true}]}}