{"id":19468,"date":"2023-07-29T08:57:44","date_gmt":"2023-07-29T08:57:44","guid":{"rendered":"https:\/\/narcopowders.com\/?post_type=product&#038;p=19468"},"modified":"2025-09-25T07:58:02","modified_gmt":"2025-09-25T07:58:02","slug":"buy-ketamine-crystal-rock","status":"publish","type":"product","link":"https:\/\/narcopowders.com\/ro\/produs\/cumpara-ketamina-cristal-rock\/","title":{"rendered":"Buy Ketamine Crystal Rock Online"},"content":{"rendered":"<h2>Cump\u0103ra\u021bi Ketamine Crystal Rock<\/h2>\n<p><a href=\"https:\/\/narcopowders.com\/ro\/produs\/cumpara-ketamina-cristal-rock\/\">Cump\u0103ra\u021bi Ketamine Crystal Rock online<\/a><\/p>\n<p><a href=\"https:\/\/en.wikipedia.org\/wiki\/Ketamine\">Cump\u0103ra\u021bi Ketamine Crystal Rock online<\/a> este un medicament utilizat \u00een principal \u00een anestezie. Alte aplica\u021bii includ durerea cronic\u0103 \u0219i sedarea \u00een terapie intensiv\u0103.<\/p>\n<p>The abrupt high from <a href=\"https:\/\/narcopowders.com\/ro\/produs\/cumpara-ketamina-cristal-rock\/\">clorhidrat de ketamin\u0103<\/a> Starea de \u00een\u0103l\u021bime rapid\u0103 pe care o provoac\u0103 ketamina dureaz\u0103 aproximativ o or\u0103. Acesta \u00eencepe la 2 p\u00e2n\u0103 la 5 minute dup\u0103 ce a\u021bi fumat sau a\u021bi ingerat doza. Atunci c\u00e2nd se folose\u0219te o injec\u021bie, acesta apare la aproximativ 30 de secunde dup\u0103 injectare.<\/p>\n<p>Sentimentul cople\u0219itor de relaxare pe care \u00eel va experimenta utilizatorul ca efect ini\u021bial este denumit frecvent \"buzz\" pentru tot corpul. Unii utilizatori spun c\u0103 se simt ca \u0219i cum ar pluti, iar al\u021bii spun chiar c\u0103 se simt ca \u0219i cum nu ar fi \u00een corpul lor. Halucina\u021biile sunt frecvente \u0219i adesea dureaz\u0103 mai mult dec\u00e2t efectele anesteziei.<a href=\"https:\/\/www.google.com\/search?q=Buy+Ketamine+Crystal+Rock+Online&amp;sca_esv=7d1b82273738a5db&amp;sxsrf=AHTn8zr3HBGVOAtLOqJfxtiPIVxAbwGqJg%3A1742907805129&amp;ei=naniZ-7SB6-VseMPltDB2QM&amp;ved=0ahUKEwiulefEpaWMAxWvSmwGHRZoMDsQ4dUDCA8&amp;uact=5&amp;oq=Buy+Ketamine+Crystal+Rock+Online&amp;gs_lp=Egxnd3Mtd2l6LXNlcnAiIEJ1eSBLZXRhbWluZSBDcnlzdGFsIFJvY2sgT25saW5lSL8SUABYAHAAeACQAQCYAbYCoAG2AqoBAzMtMbgBA8gBAPgBAvgBAZgCAKACAJgDAJIHAKAHVLIHALgHAA&amp;sclient=gws-wiz-serp\">Cump\u0103ra\u021bi ketamin\u0103 din roc\u0103 cristalin\u0103<\/a><\/p>\n<p>Users have reported full and total dissociation from their bodies as a result of the <a href=\"https:\/\/www.bing.com\/search?q=Buy%20Ketamine%20Crystal%20Rock%20Online&amp;qs=n&amp;form=QBRE&amp;sp=-1&amp;lq=0&amp;pq=buy%20ketamine%20crystal%20rock%20online&amp;sc=0-32&amp;sk=&amp;cvid=6B9B6C1E7C4A4175B1918ED74CAB4531&amp;ghsh=0&amp;ghacc=0&amp;ghpl=\">more severe effects<\/a> Utilizatorii au raportat o disociere complet\u0103 \u0219i total\u0103 de corpul lor ca urmare a efectelor mai severe pe care le pot induce dozele mai mari. Efectele se aseam\u0103n\u0103 cu cele descrise de persoanele care au avut experien\u021be de moarte apropiat\u0103, \u0219i este ca \u0219i cum ar fi \u00een \"gaura K\"<\/p>\n<p>Recent advances in <a href=\"https:\/\/www.bing.com\/search?q=Buy%20Ketamine%20Crystal%20Rock%20Online&amp;qs=n&amp;form=QBRE&amp;sp=-1&amp;lq=0&amp;pq=buy%20ketamine%20crystal%20rock%20online&amp;sc=0-32&amp;sk=&amp;cvid=6B9B6C1E7C4A4175B1918ED74CAB4531&amp;ghsh=0&amp;ghacc=0&amp;ghpl=\">ketamine research emphasise the advantages<\/a> Progresele recente \u00een cercetarea privind ketamina subliniaz\u0103 avantajele pe care aceasta le ofer\u0103 persoanelor depresive. \u00cen special pentru cei care au \u00eencercat diverse antidepresive, dar nu au reu\u0219it. \u00cen compara\u021bie cu SSRI, care sunt recomandate de obicei pentru tratarea depresiei, ketamina func\u021bioneaz\u0103 diferit \u00een interiorul creierului. Odat\u0103 controlat\u0103, ketamina ac\u021bioneaz\u0103 rapid.<\/p>\n<p>Ketamina are un efect stimulator distinct la 40 de minute dup\u0103 administrare. Cercet\u0103rile recente arat\u0103 \"o \u00eembun\u0103t\u0103\u021bire uria\u0219\u0103 a efectelor secundare \u00eempov\u0103r\u0103toare \u00een aproximativ 24 de ore dup\u0103 administrarea ketaminei \u00een compara\u021bie cu tratamentul fals\", potrivit publica\u021biei. <a href=\"https:\/\/duckduckgo.com\/?q=Buy+Ketamine+Crystal+Rock+Online&amp;t=h_&amp;ia=web\">ketamine compared with fake treatment<\/a>,&#8221; according to the publication.<\/p>\n<p>Ketamina inhalat\u0103 nu a eviden\u021biat aproape deloc efecte psihotomimetice sau disociative.<\/p>\n<p>With the right <a href=\"https:\/\/www.google.com\/search?q=Buy+Ketamine+Crystal+Rock+Online&amp;sca_esv=7d1b82273738a5db&amp;sxsrf=AHTn8zr3HBGVOAtLOqJfxtiPIVxAbwGqJg%3A1742907805129&amp;ei=naniZ-7SB6-VseMPltDB2QM&amp;ved=0ahUKEwiulefEpaWMAxWvSmwGHRZoMDsQ4dUDCA8&amp;uact=5&amp;oq=Buy+Ketamine+Crystal+Rock+Online&amp;gs_lp=Egxnd3Mtd2l6LXNlcnAiIEJ1eSBLZXRhbWluZSBDcnlzdGFsIFJvY2sgT25saW5lSL8SUABYAHAAeACQAQCYAbYCoAG2AqoBAzMtMbgBA8gBAPgBAvgBAZgCAKACAJgDAJIHAKAHVLIHALgHAA&amp;sclient=gws-wiz-serp\">ketamine administration technique<\/a>, this drug can help the brain promote new neuronal connections and <a href=\"https:\/\/duckduckgo.com\/?q=Buy+Ketamine+Crystal+Rock+Online&amp;t=h_&amp;ia=web\">provide long-term relief<\/a>.<\/p>","protected":false},"excerpt":{"rendered":"<p>Buy Ketamine Crystal Rock Buy Ketamine Crystal Rock online Buy Ketamine Crystal Rock online is a drug used primarily in anesthesia. Other applications include chronic pain and sedation in intensive care. The abrupt high from ketamine HCL lasts for roughly an hour. It begins 2 to 5 minutes after smoking or ingesting the dose. When [&hellip;]<\/p>","protected":false},"featured_media":19500,"comment_status":"open","ping_status":"closed","template":"","meta":{"_joinchat":[]},"product_brand":[],"product_cat":[1325],"product_tag":[],"class_list":{"0":"post-19468","1":"product","2":"type-product","3":"status-publish","4":"has-post-thumbnail","6":"product_cat-buy-ketamine-online","8":"first","9":"instock","10":"shipping-taxable","11":"purchasable","12":"product-type-variable","13":"has-default-attributes","14":"add-to-wishlist-after_add_to_cart"},"yoast_head":"<!-- This site is optimized with the Yoast SEO plugin v25.9 - https:\/\/yoast.com\/wordpress\/plugins\/seo\/ -->\n<title>Buy Ketamine Crystal Rock Online - Narco Powders<\/title>\n<meta name=\"robots\" content=\"index, follow, max-snippet:-1, max-image-preview:large, max-video-preview:-1\" \/>\n<link rel=\"canonical\" href=\"https:\/\/narcopowders.com\/ro\/produs\/cumpara-ketamina-cristal-rock\/\" \/>\n<meta property=\"og:locale\" content=\"ro_RO\" \/>\n<meta property=\"og:type\" content=\"article\" \/>\n<meta property=\"og:title\" content=\"Buy Ketamine Crystal Rock Online - Narco Powders\" \/>\n<meta property=\"og:description\" content=\"Buy Ketamine Crystal Rock Buy Ketamine Crystal Rock online Buy Ketamine Crystal Rock online is a drug used primarily in anesthesia. Other applications include chronic pain and sedation in intensive care. The abrupt high from ketamine HCL lasts for roughly an hour. It begins 2 to 5 minutes after smoking or ingesting the dose. When [&hellip;]\" \/>\n<meta property=\"og:url\" content=\"https:\/\/narcopowders.com\/ro\/produs\/cumpara-ketamina-cristal-rock\/\" \/>\n<meta property=\"og:site_name\" content=\"Narco Powders\" \/>\n<meta property=\"article:modified_time\" content=\"2025-09-25T07:58:02+00:00\" \/>\n<meta property=\"og:image\" content=\"https:\/\/narcopowders.com\/wp-content\/uploads\/2023\/07\/Buy-Ketamine-Crystal-Rock.jpg\" \/>\n\t<meta property=\"og:image:width\" content=\"600\" \/>\n\t<meta property=\"og:image:height\" content=\"600\" \/>\n\t<meta property=\"og:image:type\" content=\"image\/jpeg\" \/>\n<meta name=\"twitter:card\" content=\"summary_large_image\" \/>\n<meta name=\"twitter:label1\" content=\"Timp estimat pentru citire\" \/>\n\t<meta name=\"twitter:data1\" content=\"2 minute\" \/>\n<!-- \/ Yoast SEO plugin. -->","yoast_head_json":{"title":"Buy Ketamine Crystal Rock Online - Narco Powders","robots":{"index":"index","follow":"follow","max-snippet":"max-snippet:-1","max-image-preview":"max-image-preview:large","max-video-preview":"max-video-preview:-1"},"canonical":"https:\/\/narcopowders.com\/ro\/produs\/cumpara-ketamina-cristal-rock\/","og_locale":"ro_RO","og_type":"article","og_title":"Buy Ketamine Crystal Rock Online - Narco Powders","og_description":"Buy Ketamine Crystal Rock Buy Ketamine Crystal Rock online Buy Ketamine Crystal Rock online is a drug used primarily in anesthesia. Other applications include chronic pain and sedation in intensive care. The abrupt high from ketamine HCL lasts for roughly an hour. It begins 2 to 5 minutes after smoking or ingesting the dose. When [&hellip;]","og_url":"https:\/\/narcopowders.com\/ro\/produs\/cumpara-ketamina-cristal-rock\/","og_site_name":"Narco Powders","article_modified_time":"2025-09-25T07:58:02+00:00","og_image":[{"width":600,"height":600,"url":"https:\/\/narcopowders.com\/wp-content\/uploads\/2023\/07\/Buy-Ketamine-Crystal-Rock.jpg","type":"image\/jpeg"}],"twitter_card":"summary_large_image","twitter_misc":{"Timp estimat pentru citire":"2 minute"},"schema":{"@context":"https:\/\/schema.org","@graph":[{"@type":"WebPage","@id":"https:\/\/narcopowders.com\/product\/buy-ketamine-crystal-rock\/","url":"https:\/\/narcopowders.com\/product\/buy-ketamine-crystal-rock\/","name":"Buy Ketamine Crystal Rock Online - Narco Powders","isPartOf":{"@id":"https:\/\/narcopowders.com\/#website"},"primaryImageOfPage":{"@id":"https:\/\/narcopowders.com\/product\/buy-ketamine-crystal-rock\/#primaryimage"},"image":{"@id":"https:\/\/narcopowders.com\/product\/buy-ketamine-crystal-rock\/#primaryimage"},"thumbnailUrl":"https:\/\/narcopowders.com\/wp-content\/uploads\/2023\/07\/Buy-Ketamine-Crystal-Rock.jpg","datePublished":"2023-07-29T08:57:44+00:00","dateModified":"2025-09-25T07:58:02+00:00","breadcrumb":{"@id":"https:\/\/narcopowders.com\/product\/buy-ketamine-crystal-rock\/#breadcrumb"},"inLanguage":"ro-RO","potentialAction":[{"@type":"ReadAction","target":["https:\/\/narcopowders.com\/product\/buy-ketamine-crystal-rock\/"]}]},{"@type":"ImageObject","inLanguage":"ro-RO","@id":"https:\/\/narcopowders.com\/product\/buy-ketamine-crystal-rock\/#primaryimage","url":"https:\/\/narcopowders.com\/wp-content\/uploads\/2023\/07\/Buy-Ketamine-Crystal-Rock.jpg","contentUrl":"https:\/\/narcopowders.com\/wp-content\/uploads\/2023\/07\/Buy-Ketamine-Crystal-Rock.jpg","width":600,"height":600,"caption":"Buy-Ketamine-Crystal-Rock online"},{"@type":"BreadcrumbList","@id":"https:\/\/narcopowders.com\/product\/buy-ketamine-crystal-rock\/#breadcrumb","itemListElement":[{"@type":"ListItem","position":1,"name":"Home","item":"https:\/\/narcopowders.com\/"},{"@type":"ListItem","position":2,"name":"Shop Page","item":"https:\/\/narcopowders.com\/shop\/"},{"@type":"ListItem","position":3,"name":"Buy Ketamine Crystal Rock Online"}]},{"@type":"WebSite","@id":"https:\/\/narcopowders.com\/#website","url":"https:\/\/narcopowders.com\/","name":"Pulberi narcotice","description":"Blogul meu WordPress","potentialAction":[{"@type":"SearchAction","target":{"@type":"EntryPoint","urlTemplate":"https:\/\/narcopowders.com\/?s={search_term_string}"},"query-input":{"@type":"PropertyValueSpecification","valueRequired":true,"valueName":"search_term_string"}}],"inLanguage":"ro-RO"}]}},"_links":{"self":[{"href":"https:\/\/narcopowders.com\/ro\/wp-json\/wp\/v2\/product\/19468","targetHints":{"allow":["GET"]}}],"collection":[{"href":"https:\/\/narcopowders.com\/ro\/wp-json\/wp\/v2\/product"}],"about":[{"href":"https:\/\/narcopowders.com\/ro\/wp-json\/wp\/v2\/types\/product"}],"replies":[{"embeddable":true,"href":"https:\/\/narcopowders.com\/ro\/wp-json\/wp\/v2\/comments?post=19468"}],"wp:featuredmedia":[{"embeddable":true,"href":"https:\/\/narcopowders.com\/ro\/wp-json\/wp\/v2\/media\/19500"}],"wp:attachment":[{"href":"https:\/\/narcopowders.com\/ro\/wp-json\/wp\/v2\/media?parent=19468"}],"wp:term":[{"taxonomy":"product_brand","embeddable":true,"href":"https:\/\/narcopowders.com\/ro\/wp-json\/wp\/v2\/product_brand?post=19468"},{"taxonomy":"product_cat","embeddable":true,"href":"https:\/\/narcopowders.com\/ro\/wp-json\/wp\/v2\/product_cat?post=19468"},{"taxonomy":"product_tag","embeddable":true,"href":"https:\/\/narcopowders.com\/ro\/wp-json\/wp\/v2\/product_tag?post=19468"}],"curies":[{"name":"wp","href":"https:\/\/api.w.org\/{rel}","templated":true}]}}