{"id":19469,"date":"2023-07-29T08:57:28","date_gmt":"2023-07-29T08:57:28","guid":{"rendered":"https:\/\/narcopowders.com\/?post_type=product&#038;p=19469"},"modified":"2025-09-25T08:14:25","modified_gmt":"2025-09-25T08:14:25","slug":"buy-ketamine-mission-pharma-50mg-1ml","status":"publish","type":"product","link":"https:\/\/narcopowders.com\/ro\/produs\/cumpara-ketamine-mission-pharma-50mg-1ml\/","title":{"rendered":"Cump\u0103ra\u021bi Ketamine Mission Pharma 50mg\/1ml"},"content":{"rendered":"<h2>Cump\u0103ra\u021bi Ketamine Mission Pharma 50mg\/1ml<\/h2>\n<p><strong>Cump\u0103ra\u021bi Ketamine Mission Pharma online<\/strong><\/p>\n<p>O aplica\u021bie comun\u0103 pentru substan\u021b\u0103 <a href=\"https:\/\/narcopowders.com\/ro\/produs\/cumpara-ketamine-mission-pharma-50mg-1ml\/\">ketamine HCL is anaesthesia<\/a>Durerea cronic\u0103 \u0219i sedarea \u00een \u00eengrijirea acut\u0103 sunt alte aplica\u021bii. <a href=\"https:\/\/en.wikipedia.org\/wiki\/Ketamine\">applications<\/a>.<\/p>\n<p>\u00cen\u0103l\u021bimea rapid\u0103 care <a href=\"https:\/\/narcopowders.com\/ro\/\">ketamine causes<\/a> Starea de \u00een\u0103l\u021bime rapid\u0103 pe care o provoac\u0103 ketamina dureaz\u0103 aproximativ o or\u0103. Acesta \u00eencepe la 2 p\u00e2n\u0103 la 5 minute dup\u0103 ce a\u021bi fumat sau a\u021bi ingerat doza. Atunci c\u00e2nd se folose\u0219te o injec\u021bie, acesta apare la aproximativ 30 de secunde dup\u0103 injectare.<\/p>\n<p>La abrumadora <a href=\"https:\/\/www.google.com\/search?q=Buy+Ketamine+Mission+Pharma+online&amp;sca_esv=2a2a93e8be91f013&amp;sxsrf=AHTn8zr0kGe-oHNPShkTyO0B2qXG2wDpXQ%3A1742969171577&amp;ei=U5njZ_P1IraPseMPvo6Q6Ag&amp;ved=0ahUKEwiz682SiqeMAxW2R2wGHT4HBI0Q4dUDCA8&amp;uact=5&amp;oq=Buy+Ketamine+Mission+Pharma+online&amp;gs_lp=Egxnd3Mtd2l6LXNlcnAiIkJ1eSBLZXRhbWluZSBNaXNzaW9uIFBoYXJtYSBvbmxpbmVIzghQ2ARY2ARwA3gAkAEAmAHWAaAB1gGqAQMyLTG4AQPIAQD4AQL4AQGYAgCgAgCYAwCIBgGSBwCgB1ayBwC4BwA&amp;sclient=gws-wiz-serp\">Senza\u021bia cople\u0219itoare de relaxare pe care o are<\/a> Sentimentul cople\u0219itor de relaxare pe care \u00eel va experimenta utilizatorul ca efect ini\u021bial este denumit frecvent \"buzz\" pentru tot corpul. Unii utilizatori spun c\u0103 se simt ca \u0219i cum ar pluti, iar al\u021bii spun chiar c\u0103 se simt ca \u0219i cum nu ar fi \u00een corpul lor. <a href=\"https:\/\/www.bing.com\/search?q=Buy%20Ketamine%20Mission%20Pharma%20online&amp;qs=n&amp;form=QBRE&amp;sp=-1&amp;lq=0&amp;pq=buy%20ketamine%20mission%20pharma%20online&amp;sc=0-34&amp;sk=&amp;cvid=C53D02F0FC114965BBB49BE68BF4F3D0&amp;ghsh=0&amp;ghacc=0&amp;ghpl=\">Halucina\u021biile sunt frecvente<\/a> and often endure longer than the effects of <a href=\"https:\/\/duckduckgo.com\/?q=Buy+Ketamine+Mission+Pharma+online&amp;t=h_&amp;ia=web\">anaesthesia<\/a>.<\/p>\n<p>Users have reported full and total <a href=\"https:\/\/duckduckgo.com\/?q=Buy+Ketamine+Mission+Pharma+online&amp;t=h_&amp;ia=web\">dissociation from their bodies<\/a> Utilizatorii au raportat o disociere complet\u0103 \u0219i total\u0103 de corpul lor ca urmare a efectelor mai severe pe care le pot induce dozele mai mari. Senza\u021biile sunt denumite \"gaura K\" \u0219i sunt comparabile cu cele pe care le-au tr\u0103it persoanele care au avut experien\u021be de moarte apropiat\u0103.<a href=\"https:\/\/www.bing.com\/search?q=Buy%20Ketamine%20Mission%20Pharma%20online&amp;qs=n&amp;form=QBRE&amp;sp=-1&amp;lq=0&amp;pq=buy%20ketamine%20mission%20pharma%20online&amp;sc=0-34&amp;sk=&amp;cvid=C53D02F0FC114965BBB49BE68BF4F3D0&amp;ghsh=0&amp;ghacc=0&amp;ghpl=\">K-hole<\/a>e\u201d \u0219i sunt comparabile cu cele pe care le-au tr\u0103it persoanele care au avut experien\u021be aproape de moarte.<\/p>\n<p><a href=\"https:\/\/www.google.com\/search?q=Buy+Ketamine+Mission+Pharma+online&amp;sca_esv=2a2a93e8be91f013&amp;sxsrf=AHTn8zr0kGe-oHNPShkTyO0B2qXG2wDpXQ%3A1742969171577&amp;ei=U5njZ_P1IraPseMPvo6Q6Ag&amp;ved=0ahUKEwiz682SiqeMAxW2R2wGHT4HBI0Q4dUDCA8&amp;uact=5&amp;oq=Buy+Ketamine+Mission+Pharma+online&amp;gs_lp=Egxnd3Mtd2l6LXNlcnAiIkJ1eSBLZXRhbWluZSBNaXNzaW9uIFBoYXJtYSBvbmxpbmVIzghQ2ARY2ARwA3gAkAEAmAHWAaAB1gGqAQMyLTG4AQPIAQD4AQL4AQGYAgCgAgCYAwCIBgGSBwCgB1ayBwC4BwA&amp;sclient=gws-wiz-serp\">Ketamine Mission Pharma 50mg\/1ml este ieftin pentru a cump\u0103ra online.<\/a>.<\/p>","protected":false},"excerpt":{"rendered":"<p>Buy Ketamine Mission Pharma 50mg\/1ml Buy Ketamine Mission Pharma online A common application for the substance ketamine HCL is anaesthesia. Chronic pain and sedation in acute care are further applications. The rapid high that ketamine causes lasts for roughly one hour. It begins 2 to 5 minutes after smoking or ingesting the dose. When an [&hellip;]<\/p>","protected":false},"featured_media":19503,"comment_status":"open","ping_status":"closed","template":"","meta":{"_joinchat":[]},"product_brand":[],"product_cat":[1325],"product_tag":[],"class_list":{"0":"post-19469","1":"product","2":"type-product","3":"status-publish","4":"has-post-thumbnail","6":"product_cat-buy-ketamine-online","8":"first","9":"instock","10":"shipping-taxable","11":"purchasable","12":"product-type-variable","13":"add-to-wishlist-after_add_to_cart"},"yoast_head":"<!-- This site is optimized with the Yoast SEO plugin v25.9 - https:\/\/yoast.com\/wordpress\/plugins\/seo\/ -->\n<title>Buy Ketamine Mission Pharma 50mg\/1ml - Narco Powders<\/title>\n<meta name=\"robots\" content=\"index, follow, max-snippet:-1, max-image-preview:large, max-video-preview:-1\" \/>\n<link rel=\"canonical\" href=\"https:\/\/narcopowders.com\/ro\/produs\/cumpara-ketamine-mission-pharma-50mg-1ml\/\" \/>\n<meta property=\"og:locale\" content=\"ro_RO\" \/>\n<meta property=\"og:type\" content=\"article\" \/>\n<meta property=\"og:title\" content=\"Buy Ketamine Mission Pharma 50mg\/1ml - Narco Powders\" \/>\n<meta property=\"og:description\" content=\"Buy Ketamine Mission Pharma 50mg\/1ml Buy Ketamine Mission Pharma online A common application for the substance ketamine HCL is anaesthesia. Chronic pain and sedation in acute care are further applications. The rapid high that ketamine causes lasts for roughly one hour. It begins 2 to 5 minutes after smoking or ingesting the dose. When an [&hellip;]\" \/>\n<meta property=\"og:url\" content=\"https:\/\/narcopowders.com\/ro\/produs\/cumpara-ketamine-mission-pharma-50mg-1ml\/\" \/>\n<meta property=\"og:site_name\" content=\"Narco Powders\" \/>\n<meta property=\"article:modified_time\" content=\"2025-09-25T08:14:25+00:00\" \/>\n<meta property=\"og:image\" content=\"https:\/\/narcopowders.com\/wp-content\/uploads\/2023\/07\/Buy-Ketamine-Mission-Pharma.jpg\" \/>\n\t<meta property=\"og:image:width\" content=\"600\" \/>\n\t<meta property=\"og:image:height\" content=\"600\" \/>\n\t<meta property=\"og:image:type\" content=\"image\/jpeg\" \/>\n<meta name=\"twitter:card\" content=\"summary_large_image\" \/>\n<meta name=\"twitter:label1\" content=\"Timp estimat pentru citire\" \/>\n\t<meta name=\"twitter:data1\" content=\"1 minut\" \/>\n<!-- \/ Yoast SEO plugin. -->","yoast_head_json":{"title":"Cump\u0103ra\u021bi Ketamine Mission Pharma 50mg\/1ml - Narco Powders","robots":{"index":"index","follow":"follow","max-snippet":"max-snippet:-1","max-image-preview":"max-image-preview:large","max-video-preview":"max-video-preview:-1"},"canonical":"https:\/\/narcopowders.com\/ro\/produs\/cumpara-ketamine-mission-pharma-50mg-1ml\/","og_locale":"ro_RO","og_type":"article","og_title":"Buy Ketamine Mission Pharma 50mg\/1ml - Narco Powders","og_description":"Buy Ketamine Mission Pharma 50mg\/1ml Buy Ketamine Mission Pharma online A common application for the substance ketamine HCL is anaesthesia. Chronic pain and sedation in acute care are further applications. The rapid high that ketamine causes lasts for roughly one hour. It begins 2 to 5 minutes after smoking or ingesting the dose. When an [&hellip;]","og_url":"https:\/\/narcopowders.com\/ro\/produs\/cumpara-ketamine-mission-pharma-50mg-1ml\/","og_site_name":"Narco Powders","article_modified_time":"2025-09-25T08:14:25+00:00","og_image":[{"width":600,"height":600,"url":"https:\/\/narcopowders.com\/wp-content\/uploads\/2023\/07\/Buy-Ketamine-Mission-Pharma.jpg","type":"image\/jpeg"}],"twitter_card":"summary_large_image","twitter_misc":{"Timp estimat pentru citire":"1 minut"},"schema":{"@context":"https:\/\/schema.org","@graph":[{"@type":"WebPage","@id":"https:\/\/narcopowders.com\/product\/buy-ketamine-mission-pharma-50mg-1ml\/","url":"https:\/\/narcopowders.com\/product\/buy-ketamine-mission-pharma-50mg-1ml\/","name":"Cump\u0103ra\u021bi Ketamine Mission Pharma 50mg\/1ml - Narco Powders","isPartOf":{"@id":"https:\/\/narcopowders.com\/#website"},"primaryImageOfPage":{"@id":"https:\/\/narcopowders.com\/product\/buy-ketamine-mission-pharma-50mg-1ml\/#primaryimage"},"image":{"@id":"https:\/\/narcopowders.com\/product\/buy-ketamine-mission-pharma-50mg-1ml\/#primaryimage"},"thumbnailUrl":"https:\/\/narcopowders.com\/wp-content\/uploads\/2023\/07\/Buy-Ketamine-Mission-Pharma.jpg","datePublished":"2023-07-29T08:57:28+00:00","dateModified":"2025-09-25T08:14:25+00:00","breadcrumb":{"@id":"https:\/\/narcopowders.com\/product\/buy-ketamine-mission-pharma-50mg-1ml\/#breadcrumb"},"inLanguage":"ro-RO","potentialAction":[{"@type":"ReadAction","target":["https:\/\/narcopowders.com\/product\/buy-ketamine-mission-pharma-50mg-1ml\/"]}]},{"@type":"ImageObject","inLanguage":"ro-RO","@id":"https:\/\/narcopowders.com\/product\/buy-ketamine-mission-pharma-50mg-1ml\/#primaryimage","url":"https:\/\/narcopowders.com\/wp-content\/uploads\/2023\/07\/Buy-Ketamine-Mission-Pharma.jpg","contentUrl":"https:\/\/narcopowders.com\/wp-content\/uploads\/2023\/07\/Buy-Ketamine-Mission-Pharma.jpg","width":600,"height":600,"caption":"Buy-Ketamine-Mission-Pharma online"},{"@type":"BreadcrumbList","@id":"https:\/\/narcopowders.com\/product\/buy-ketamine-mission-pharma-50mg-1ml\/#breadcrumb","itemListElement":[{"@type":"ListItem","position":1,"name":"Home","item":"https:\/\/narcopowders.com\/"},{"@type":"ListItem","position":2,"name":"Shop Page","item":"https:\/\/narcopowders.com\/shop\/"},{"@type":"ListItem","position":3,"name":"Buy Ketamine Mission Pharma 50mg\/1ml"}]},{"@type":"WebSite","@id":"https:\/\/narcopowders.com\/#website","url":"https:\/\/narcopowders.com\/","name":"Pulberi narcotice","description":"Blogul meu WordPress","potentialAction":[{"@type":"SearchAction","target":{"@type":"EntryPoint","urlTemplate":"https:\/\/narcopowders.com\/?s={search_term_string}"},"query-input":{"@type":"PropertyValueSpecification","valueRequired":true,"valueName":"search_term_string"}}],"inLanguage":"ro-RO"}]}},"_links":{"self":[{"href":"https:\/\/narcopowders.com\/ro\/wp-json\/wp\/v2\/product\/19469","targetHints":{"allow":["GET"]}}],"collection":[{"href":"https:\/\/narcopowders.com\/ro\/wp-json\/wp\/v2\/product"}],"about":[{"href":"https:\/\/narcopowders.com\/ro\/wp-json\/wp\/v2\/types\/product"}],"replies":[{"embeddable":true,"href":"https:\/\/narcopowders.com\/ro\/wp-json\/wp\/v2\/comments?post=19469"}],"wp:featuredmedia":[{"embeddable":true,"href":"https:\/\/narcopowders.com\/ro\/wp-json\/wp\/v2\/media\/19503"}],"wp:attachment":[{"href":"https:\/\/narcopowders.com\/ro\/wp-json\/wp\/v2\/media?parent=19469"}],"wp:term":[{"taxonomy":"product_brand","embeddable":true,"href":"https:\/\/narcopowders.com\/ro\/wp-json\/wp\/v2\/product_brand?post=19469"},{"taxonomy":"product_cat","embeddable":true,"href":"https:\/\/narcopowders.com\/ro\/wp-json\/wp\/v2\/product_cat?post=19469"},{"taxonomy":"product_tag","embeddable":true,"href":"https:\/\/narcopowders.com\/ro\/wp-json\/wp\/v2\/product_tag?post=19469"}],"curies":[{"name":"wp","href":"https:\/\/api.w.org\/{rel}","templated":true}]}}