{"id":19470,"date":"2023-07-29T08:57:33","date_gmt":"2023-07-29T08:57:33","guid":{"rendered":"https:\/\/narcopowders.com\/?post_type=product&#038;p=19470"},"modified":"2025-09-25T08:12:30","modified_gmt":"2025-09-25T08:12:30","slug":"buy-ketamine-liquid-500mg-10ml","status":"publish","type":"product","link":"https:\/\/narcopowders.com\/ro\/produs\/cumpara-ketamina-lichid-500mg-10ml\/","title":{"rendered":"Cump\u0103ra\u021bi Ketamine Liquid 500mg\/10ml"},"content":{"rendered":"<h2>Cump\u0103ra\u021bi Ketamine Liquid 500mg\/10ml<\/h2>\n<p><strong>ketamin\u0103 500 mg\/10 ml | Ketamine Liquid de v\u00e2nzare<\/strong><\/p>\n<p>We are currently a top provider of <a href=\"https:\/\/narcopowders.com\/ro\/produs\/cumpara-ketamina-lichid-500mg-10ml\/\">Calypsol Ketamine Hcl<\/a>\u00a0 use in medicine and research. Additionally, <a href=\"https:\/\/en.wikipedia.org\/wiki\/Ketamine\">We is authorised to transport legally all over the world<\/a>\u00cen plus, dac\u0103 v\u0103 afla\u021bi \u00eentr-un scenariu riscant, acesta poate fi periculos. Prin urmare, exist\u0103 c\u00e2teva detalii specifice despre <a href=\"https:\/\/narcopowders.com\/ro\/\">ketamine<\/a> care sunt importante de \u0219tiut. Dac\u0103 iei K constant \u0219i crezi c\u0103 e\u0219ti expert \u00een toate<a href=\"https:\/\/en.wikipedia.org\/wiki\/Ketamine\">.<\/a><\/p>\n<h3>COMAND\u0102 KETAMINE 500 mg\/10 ml PENTRU V\u00c2NZARE<\/h3>\n<p><a href=\"https:\/\/duckduckgo.com\/?q=Buy+Ketamine+Liquid+500mg%2F10ml+online&amp;t=h_&amp;ia=web\">Ketamin\u0103<\/a> is known to be obtained through the diversion of <a href=\"https:\/\/www.bing.com\/search?q=Buy%20Ketamine%20Liquid%20500mg%2F10ml%20online&amp;qs=n&amp;form=QBRE&amp;sp=-1&amp;lq=0&amp;pq=buy%20ketamine%20liquid%20500mg%2F10ml%20online&amp;sc=0-37&amp;sk=&amp;cvid=0EC77725CE214E038A859FEA76F0E8EB&amp;ghsh=0&amp;ghacc=0&amp;ghpl=\">prescription drugs<\/a>Se \u0219tie c\u0103 ketamina este ob\u021binut\u0103 prin deturnarea medicamentelor eliberate pe baz\u0103 de re\u021bet\u0103. \u00cen consecin\u021b\u0103, au existat incidente de furturi de ketamin\u0103 din birourile veterinare.<a href=\"https:\/\/narcopowders.com\/ro\/produs\/columbian-cocaina\/\">.<\/a><\/p>\n<p>A dose of 1 to 2 mg per kg of body weight causes strong hallucinogenic and dissociative effects that last for about an hour. Additionally, levitation, stimulation, and visual effects are <a href=\"https:\/\/www.google.com\/search?q=Buy+Ketamine+Liquid+500mg%2F10ml+online&amp;sca_esv=2a2a93e8be91f013&amp;sxsrf=AHTn8zqcEInv9wi3fiWT2jsf8SaBU4IP7w%3A1742968978536&amp;ei=kpjjZ6GrIKDtseMPmuyQoQ0&amp;ved=0ahUKEwihvMe2iaeMAxWgdmwGHRo2JNQQ4dUDCA8&amp;uact=5&amp;oq=Buy+Ketamine+Liquid+500mg%2F10ml+online&amp;gs_lp=Egxnd3Mtd2l6LXNlcnAiJUJ1eSBLZXRhbWluZSBMaXF1aWQgNTAwbWcvMTBtbCBvbmxpbmVIqwVQAFgAcAB4AJABAJgBrgKgAa4CqgEDMy0xuAEDyAEA-AEC-AEBmAIAoAIAmAMAkgcAoAdZsgcAuAcA&amp;sclient=gws-wiz-serp\">all possible sensations<\/a>care dureaz\u0103 aproximativ o or\u0103. \u00cen plus, levita\u021bia, stimularea \u0219i efectele vizuale sunt toate senza\u021bii posibile. Prin urmare, \"gaura K\" poate ap\u0103rea la doze mai mari. \u00cen plus, se crede c\u0103 utilizatorii simuleaz\u0103 o experien\u021b\u0103 \"\u00een afara corpului\" sau \"aproape de moarte\" \u0219i sunt aproape de o somnolen\u021b\u0103 total\u0103. Cantit\u0103\u021bile mari ar putea reprezenta o amenin\u021bare prin reducerea respira\u021biei. duce la confuzie sever\u0103, ame\u021beli, probleme de echilibru, dificult\u0103\u021bi de vorbire, spasme musculare sau sl\u0103biciune, tulbur\u0103ri de vedere, grea\u021b\u0103 \u0219i v\u0103rs\u0103turi. Ketamine Online Ketamine Purchase | Ketamine Online Ketamine Purchase Us |Order Calypsol Ketamine Hcl<a href=\"https:\/\/www.bing.com\/search?q=Buy%20Ketamine%20Liquid%20500mg%2F10ml%20online&amp;qs=n&amp;form=QBRE&amp;sp=-1&amp;lq=0&amp;pq=buy%20ketamine%20liquid%20500mg%2F10ml%20online&amp;sc=0-37&amp;sk=&amp;cvid=0EC77725CE214E038A859FEA76F0E8EB&amp;ghsh=0&amp;ghacc=0&amp;ghpl=\">Order Calypsol Ketamine Hcl<\/a><\/p>\n<h3>DE V\u00c2NZARE: KETAMIN\u0102 500 MG\/10 ML<\/h3>\n<p>How to get ketamine online and where to <a href=\"https:\/\/duckduckgo.com\/?q=Buy+Ketamine+Liquid+500mg%2F10ml+online&amp;t=h_&amp;ia=web\">buy cheap ketamine<\/a>. Additionally, <a href=\"https:\/\/www.google.com\/search?q=Buy+Ketamine+Liquid+500mg%2F10ml+online&amp;sca_esv=2a2a93e8be91f013&amp;sxsrf=AHTn8zqcEInv9wi3fiWT2jsf8SaBU4IP7w%3A1742968978536&amp;ei=kpjjZ6GrIKDtseMPmuyQoQ0&amp;ved=0ahUKEwihvMe2iaeMAxWgdmwGHRo2JNQQ4dUDCA8&amp;uact=5&amp;oq=Buy+Ketamine+Liquid+500mg%2F10ml+online&amp;gs_lp=Egxnd3Mtd2l6LXNlcnAiJUJ1eSBLZXRhbWluZSBMaXF1aWQgNTAwbWcvMTBtbCBvbmxpbmVIqwVQAFgAcAB4AJABAJgBrgKgAa4CqgEDMy0xuAEDyAEA-AEC-AEBmAIAoAIAmAMAkgcAoAdZsgcAuAcA&amp;sclient=gws-wiz-serp\">buy ketamine online usa<\/a>Cum s\u0103 ob\u021bine\u021bi ketamin\u0103 online \u0219i unde s\u0103 cump\u0103ra\u021bi ketamin\u0103 ieftin\u0103. \u00cen plus, cump\u0103ra\u021bi ketamin\u0103 online \u00een SUA, cump\u0103ra\u021bi ketamin\u0103 online f\u0103r\u0103 prescrip\u021bie medical\u0103, cump\u0103rare online, cump\u0103ra\u021bi ketamin\u0103 online \u0219i cump\u0103ra\u021bi ketamin\u0103 de v\u00e2nzare. Ketamina<a href=\"https:\/\/narcopowders.com\/ro\/\">.<\/a><\/p>","protected":false},"excerpt":{"rendered":"<p>Buy Ketamine Liquid 500mg\/10ml ketamine 500 mg\/10 ml | Ketamine Liquid for sale We are currently a top provider of Calypsol Ketamine Hcl\u00a0 use in medicine and research. Additionally, We is authorised to transport legally all over the world. Additionally, if you find yourself in a risky scenario, it may be dangerous. Therefore, there are [&hellip;]<\/p>","protected":false},"featured_media":19502,"comment_status":"open","ping_status":"closed","template":"","meta":{"_joinchat":[]},"product_brand":[],"product_cat":[1325],"product_tag":[],"class_list":{"0":"post-19470","1":"product","2":"type-product","3":"status-publish","4":"has-post-thumbnail","6":"product_cat-buy-ketamine-online","8":"first","9":"instock","10":"shipping-taxable","11":"purchasable","12":"product-type-variable","13":"add-to-wishlist-after_add_to_cart"},"yoast_head":"<!-- This site is optimized with the Yoast SEO plugin v25.9 - https:\/\/yoast.com\/wordpress\/plugins\/seo\/ -->\n<title>ketamine 500 mg\/10 ml - Narco Powders<\/title>\n<meta name=\"description\" content=\"ketamine 500 mg\/10 ml, Buy Calypsol Ketamine Hcl 500mg 10ml With Bitcoin Online-Work only needs 10-30 minutes of working time per day,\" \/>\n<meta name=\"robots\" content=\"index, follow, max-snippet:-1, max-image-preview:large, max-video-preview:-1\" \/>\n<link rel=\"canonical\" href=\"https:\/\/narcopowders.com\/ro\/produs\/cumpara-ketamina-lichid-500mg-10ml\/\" \/>\n<meta property=\"og:locale\" content=\"ro_RO\" \/>\n<meta property=\"og:type\" content=\"article\" \/>\n<meta property=\"og:title\" content=\"ketamine 500 mg\/10 ml - Narco Powders\" \/>\n<meta property=\"og:description\" content=\"ketamine 500 mg\/10 ml, Buy Calypsol Ketamine Hcl 500mg 10ml With Bitcoin Online-Work only needs 10-30 minutes of working time per day,\" \/>\n<meta property=\"og:url\" content=\"https:\/\/narcopowders.com\/ro\/produs\/cumpara-ketamina-lichid-500mg-10ml\/\" \/>\n<meta property=\"og:site_name\" content=\"Narco Powders\" \/>\n<meta property=\"article:modified_time\" content=\"2025-09-25T08:12:30+00:00\" \/>\n<meta property=\"og:image\" content=\"https:\/\/narcopowders.com\/wp-content\/uploads\/2023\/07\/Buy-Ketamine-Liquid.jpg\" \/>\n\t<meta property=\"og:image:width\" content=\"600\" \/>\n\t<meta property=\"og:image:height\" content=\"600\" \/>\n\t<meta property=\"og:image:type\" content=\"image\/jpeg\" \/>\n<meta name=\"twitter:card\" content=\"summary_large_image\" \/>\n<meta name=\"twitter:label1\" content=\"Timp estimat pentru citire\" \/>\n\t<meta name=\"twitter:data1\" content=\"2 minute\" \/>\n<!-- \/ Yoast SEO plugin. -->","yoast_head_json":{"title":"ketamin\u0103 500 mg\/10 ml - Pulberi Narcotice","description":"ketamine 500 mg\/10 ml, Cumpara Calypsol Ketamine Hcl 500mg 10ml cu Bitcoin Online-Work are nevoie doar de 10-30 minute de timp de lucru pe zi,","robots":{"index":"index","follow":"follow","max-snippet":"max-snippet:-1","max-image-preview":"max-image-preview:large","max-video-preview":"max-video-preview:-1"},"canonical":"https:\/\/narcopowders.com\/ro\/produs\/cumpara-ketamina-lichid-500mg-10ml\/","og_locale":"ro_RO","og_type":"article","og_title":"ketamine 500 mg\/10 ml - Narco Powders","og_description":"ketamine 500 mg\/10 ml, Buy Calypsol Ketamine Hcl 500mg 10ml With Bitcoin Online-Work only needs 10-30 minutes of working time per day,","og_url":"https:\/\/narcopowders.com\/ro\/produs\/cumpara-ketamina-lichid-500mg-10ml\/","og_site_name":"Narco Powders","article_modified_time":"2025-09-25T08:12:30+00:00","og_image":[{"width":600,"height":600,"url":"https:\/\/narcopowders.com\/wp-content\/uploads\/2023\/07\/Buy-Ketamine-Liquid.jpg","type":"image\/jpeg"}],"twitter_card":"summary_large_image","twitter_misc":{"Timp estimat pentru citire":"2 minute"},"schema":{"@context":"https:\/\/schema.org","@graph":[{"@type":"WebPage","@id":"https:\/\/narcopowders.com\/product\/buy-ketamine-liquid-500mg-10ml\/","url":"https:\/\/narcopowders.com\/product\/buy-ketamine-liquid-500mg-10ml\/","name":"ketamin\u0103 500 mg\/10 ml - Pulberi Narcotice","isPartOf":{"@id":"https:\/\/narcopowders.com\/#website"},"primaryImageOfPage":{"@id":"https:\/\/narcopowders.com\/product\/buy-ketamine-liquid-500mg-10ml\/#primaryimage"},"image":{"@id":"https:\/\/narcopowders.com\/product\/buy-ketamine-liquid-500mg-10ml\/#primaryimage"},"thumbnailUrl":"https:\/\/narcopowders.com\/wp-content\/uploads\/2023\/07\/Buy-Ketamine-Liquid.jpg","datePublished":"2023-07-29T08:57:33+00:00","dateModified":"2025-09-25T08:12:30+00:00","description":"ketamine 500 mg\/10 ml, Cumpara Calypsol Ketamine Hcl 500mg 10ml cu Bitcoin Online-Work are nevoie doar de 10-30 minute de timp de lucru pe zi,","breadcrumb":{"@id":"https:\/\/narcopowders.com\/product\/buy-ketamine-liquid-500mg-10ml\/#breadcrumb"},"inLanguage":"ro-RO","potentialAction":[{"@type":"ReadAction","target":["https:\/\/narcopowders.com\/product\/buy-ketamine-liquid-500mg-10ml\/"]}]},{"@type":"ImageObject","inLanguage":"ro-RO","@id":"https:\/\/narcopowders.com\/product\/buy-ketamine-liquid-500mg-10ml\/#primaryimage","url":"https:\/\/narcopowders.com\/wp-content\/uploads\/2023\/07\/Buy-Ketamine-Liquid.jpg","contentUrl":"https:\/\/narcopowders.com\/wp-content\/uploads\/2023\/07\/Buy-Ketamine-Liquid.jpg","width":600,"height":600,"caption":"Buy-Ketamine-Liquid online"},{"@type":"BreadcrumbList","@id":"https:\/\/narcopowders.com\/product\/buy-ketamine-liquid-500mg-10ml\/#breadcrumb","itemListElement":[{"@type":"ListItem","position":1,"name":"Home","item":"https:\/\/narcopowders.com\/"},{"@type":"ListItem","position":2,"name":"Shop Page","item":"https:\/\/narcopowders.com\/shop\/"},{"@type":"ListItem","position":3,"name":"Buy Ketamine Liquid 500mg\/10ml"}]},{"@type":"WebSite","@id":"https:\/\/narcopowders.com\/#website","url":"https:\/\/narcopowders.com\/","name":"Pulberi narcotice","description":"Blogul meu WordPress","potentialAction":[{"@type":"SearchAction","target":{"@type":"EntryPoint","urlTemplate":"https:\/\/narcopowders.com\/?s={search_term_string}"},"query-input":{"@type":"PropertyValueSpecification","valueRequired":true,"valueName":"search_term_string"}}],"inLanguage":"ro-RO"}]}},"_links":{"self":[{"href":"https:\/\/narcopowders.com\/ro\/wp-json\/wp\/v2\/product\/19470","targetHints":{"allow":["GET"]}}],"collection":[{"href":"https:\/\/narcopowders.com\/ro\/wp-json\/wp\/v2\/product"}],"about":[{"href":"https:\/\/narcopowders.com\/ro\/wp-json\/wp\/v2\/types\/product"}],"replies":[{"embeddable":true,"href":"https:\/\/narcopowders.com\/ro\/wp-json\/wp\/v2\/comments?post=19470"}],"wp:featuredmedia":[{"embeddable":true,"href":"https:\/\/narcopowders.com\/ro\/wp-json\/wp\/v2\/media\/19502"}],"wp:attachment":[{"href":"https:\/\/narcopowders.com\/ro\/wp-json\/wp\/v2\/media?parent=19470"}],"wp:term":[{"taxonomy":"product_brand","embeddable":true,"href":"https:\/\/narcopowders.com\/ro\/wp-json\/wp\/v2\/product_brand?post=19470"},{"taxonomy":"product_cat","embeddable":true,"href":"https:\/\/narcopowders.com\/ro\/wp-json\/wp\/v2\/product_cat?post=19470"},{"taxonomy":"product_tag","embeddable":true,"href":"https:\/\/narcopowders.com\/ro\/wp-json\/wp\/v2\/product_tag?post=19470"}],"curies":[{"name":"wp","href":"https:\/\/api.w.org\/{rel}","templated":true}]}}