{"id":19504,"date":"2023-07-29T09:21:34","date_gmt":"2023-07-29T09:21:34","guid":{"rendered":"https:\/\/narcopowders.com\/?post_type=product&#038;p=19504"},"modified":"2025-09-25T08:16:45","modified_gmt":"2025-09-25T08:16:45","slug":"buy-ketamine-powder","status":"publish","type":"product","link":"https:\/\/narcopowders.com\/ro\/produs\/cumpara-ketamina-pulbere-de-ketamina\/","title":{"rendered":"Cump\u0103ra\u021bi pudr\u0103 de ketamin\u0103 online"},"content":{"rendered":"<h2>Cump\u0103ra\u021bi pudr\u0103 de ketamin\u0103 online<\/h2>\n<h3>Ce este ketamina?<\/h3>\n<p>Since the 1970s, <a href=\"https:\/\/www.bing.com\/search?q=Buy%20Ketamine%20Powder%20Online&amp;qs=n&amp;form=QBRE&amp;sp=-1&amp;lq=0&amp;pq=buy%20ketamine%20powder%20online&amp;sc=1-26&amp;sk=&amp;cvid=309B2C9F49BA448482453AD8D57E8491&amp;ghsh=0&amp;ghacc=0&amp;ghpl=\">ketamine<\/a> (denumire comercial\u0103: Ketalar) este accesibil\u0103 pe baz\u0103 de prescrip\u021bie medical\u0103 \u00een Statele Unite, at\u00e2t \u00een scopuri umane, c\u00e2t \u0219i veterinare. Este un anestezic injectabil disociativ (blocheaz\u0103 percep\u021bia senzorial\u0103). <a href=\"https:\/\/www.bing.com\/search?q=Buy%20Ketamine%20Powder%20Online&amp;qs=n&amp;form=QBRE&amp;sp=-1&amp;lq=0&amp;pq=buy%20ketamine%20powder%20online&amp;sc=1-26&amp;sk=&amp;cvid=309B2C9F49BA448482453AD8D57E8491&amp;ghsh=0&amp;ghacc=0&amp;ghpl=\">Ketamin\u0103<\/a> on prescription can be purchased as a nasal spray, <a href=\"https:\/\/narcopowders.com\/ro\/\">clear liquid injection<\/a>, or off-white powder for intravenous use<a href=\"https:\/\/narcopowders.com\/ro\/product-category\/buy-cocaine-online\/\">.<\/a><\/p>\n<p>Because of its dissociative effects, <a href=\"https:\/\/en.wikipedia.org\/wiki\/Ketamine\">ketamine is frequently misused illegally<\/a>Din cauza efectelor sale disociative, ketamina este frecvent utilizat\u0103 \u00een mod abuziv \u0219i ilegal. Drogurile care cauzeaz\u0103 disocierea pot provoca distorsionarea mediului, a sinelui \u0219i a \u00eemprejurimilor cuiva. Ea este frecvent \"tras\u0103 pe nas\", injectat\u0103, ad\u0103ugat\u0103 \u00een b\u0103uturi sau fumat\u0103 al\u0103turi de tutun sau marijuana.<\/p>\n<p>Alte medicamente disociative includ dextrometorfanul (DXM), salvia divinorum \u0219i fenciclidina (PCP), ca exemple. LSD, psilocibina \u0219i mescalina sunt toate considerate halucinogene.<\/p>\n<h3>Why is Ketamine Used Medically?<\/h3>\n<p><a href=\"https:\/\/www.google.com\/search?q=Buy+Ketamine+Powder+Online&amp;num=10&amp;sca_esv=1a2a07081c7891bb&amp;rlz=1C1RXQR_enIN1098IN1098&amp;sxsrf=AHTn8zrbbDy4EKTOM3nTtdr1qXlkXHUH2g%3A1741685832287&amp;ei=SATQZ6yiEYuR1e8Pr92a6Qo&amp;ved=0ahUKEwis5t-q3YGMAxWLSPUHHa-uJq0Q4dUDCBA&amp;uact=5&amp;oq=Buy+Ketamine+Powder+Online&amp;gs_lp=Egxnd3Mtd2l6LXNlcnAiGkJ1eSBLZXRhbWluZSBQb3dkZXIgT25saW5lSPgHUPkDWPkDcAJ4AJABAJgBhgKgAYYCqgEDMi0xuAEDyAEA-AEC-AEBmAIAoAIAmAMAiAYBkgcAoAdO&amp;sclient=gws-wiz-serp\">Ketamin\u0103<\/a> can reduce pain and cause temporary memory loss (such as amnesia from a medical procedure).<\/p>\n<p>Este utilizat ca medicament de induc\u021bie \u0219i \u00eentre\u021binere a anesteziei generale \u00een timpul interven\u021biilor chirurgicale.<\/p>\n<p>\u00cen plus, a fost utilizat pentru a gestiona durerea la copiii care nu pot utiliza alte anestezice din cauza efectelor adverse sau a alergiilor, \u00een terapia arsurilor \u0219i \u00een cazurile de r\u0103ni de r\u0103zboi.<br \/>\n<a href=\"https:\/\/www.google.com\/search?q=Buy+Ketamine+Powder+Online&amp;num=10&amp;sca_esv=1a2a07081c7891bb&amp;rlz=1C1RXQR_enIN1098IN1098&amp;sxsrf=AHTn8zrbbDy4EKTOM3nTtdr1qXlkXHUH2g%3A1741685832287&amp;ei=SATQZ6yiEYuR1e8Pr92a6Qo&amp;ved=0ahUKEwis5t-q3YGMAxWLSPUHHa-uJq0Q4dUDCBA&amp;uact=5&amp;oq=Buy+Ketamine+Powder+Online&amp;gs_lp=Egxnd3Mtd2l6LXNlcnAiGkJ1eSBLZXRhbWluZSBQb3dkZXIgT25saW5lSPgHUPkDWPkDcAJ4AJABAJgBhgKgAYYCqgEDMi0xuAEDyAEA-AEC-AEBmAIAoAIAmAMAiAYBkgcAoAdO&amp;sclient=gws-wiz-serp\">Ketamin\u0103<\/a> works quickly to alleviate acute suicidal ideation and depressive symptoms by inhibiting the N-methyl-D-aspartate (NMDA) site.<\/p>\n<p>It is frequently recommended as an <a href=\"https:\/\/duckduckgo.com\/?q=Buy+Ketamine+Powder+Online&amp;t=h_&amp;ia=web\">anaesthetic<\/a> in patients at risk of bronchospasm and respiratory depression when administered at regular doses.<\/p>\n<h3>Abuzul de ketamin\u0103: Cum se face?<\/h3>\n<p><a href=\"https:\/\/duckduckgo.com\/?q=Buy+Ketamine+Powder+Online&amp;t=h_&amp;ia=web\">Ketamin\u0103<\/a> Ketamina \u0219i analogii s\u0103i sintetici au devenit droguri de abuz cu efecte psihedelice, pe l\u00e2ng\u0103 utiliz\u0103rile sale legale \u0219i medicale. A fost folosit\u0103 \u0219i ca medicament pentru \"violul la \u00eent\u00e2lnire\".<\/p>\n<p>Atunci c\u00e2nd este folosit\u0103 \u00een mod abuziv, este adesea inhalat\u0103 (sau \"tras\u0103 pe nas\") \u00een public. \u00cen plus, poate fi injectat\u0103, luat\u0103 pe cale oral\u0103 sub form\u0103 de lichid (amestecat\u0103 \u00een b\u0103uturi) sau fumat\u0103 \u00eempreun\u0103 cu tutunul sau marijuana. \u00cen multe cazuri, se abuzeaz\u0103 de ea \u00een combina\u021bie cu alte droguri precum cocaina, <a href=\"https:\/\/narcopowders.com\/ro\/produs\/cumpara-ketamina-pulbere-de-ketamina\/\">MDMA<\/a>sau amfetamine. Consumul de droguri multiple a dus la decese.<\/p>","protected":false},"excerpt":{"rendered":"<p>Buy Ketamine Powder Online What is Ketamine? Since the 1970s, ketamine (brand name: Ketalar) has been accessible by prescription in the United States for both human and veterinary purposes. It is a dissociative injectable anaesthetic (blocks sensory perception). Ketamine on prescription can be purchased as a nasal spray, clear liquid injection, or off-white powder for [&hellip;]<\/p>","protected":false},"featured_media":19509,"comment_status":"open","ping_status":"closed","template":"","meta":{"_joinchat":[]},"product_brand":[],"product_cat":[1325],"product_tag":[],"class_list":{"0":"post-19504","1":"product","2":"type-product","3":"status-publish","4":"has-post-thumbnail","6":"product_cat-buy-ketamine-online","8":"first","9":"instock","10":"shipping-taxable","11":"purchasable","12":"product-type-variable","13":"add-to-wishlist-after_add_to_cart"},"yoast_head":"<!-- This site is optimized with the Yoast SEO plugin v25.9 - https:\/\/yoast.com\/wordpress\/plugins\/seo\/ -->\n<title>Buy Ketamine Powder Online - Narco Powders<\/title>\n<meta name=\"description\" content=\"Buy Ketamine Powder, Ketamine Powder For Sale | Where To Buy Ketamine Powder With Bitcoin. you can fine Quality powder Ketamine at narcopowders safely.\" \/>\n<meta name=\"robots\" content=\"index, follow, max-snippet:-1, max-image-preview:large, max-video-preview:-1\" \/>\n<link rel=\"canonical\" href=\"https:\/\/narcopowders.com\/ro\/produs\/cumpara-ketamina-pulbere-de-ketamina\/\" \/>\n<meta property=\"og:locale\" content=\"ro_RO\" \/>\n<meta property=\"og:type\" content=\"article\" \/>\n<meta property=\"og:title\" content=\"Buy Ketamine Powder Online - Narco Powders\" \/>\n<meta property=\"og:description\" content=\"Buy Ketamine Powder, Ketamine Powder For Sale | Where To Buy Ketamine Powder With Bitcoin. you can fine Quality powder Ketamine at narcopowders safely.\" \/>\n<meta property=\"og:url\" content=\"https:\/\/narcopowders.com\/ro\/produs\/cumpara-ketamina-pulbere-de-ketamina\/\" \/>\n<meta property=\"og:site_name\" content=\"Narco Powders\" \/>\n<meta property=\"article:modified_time\" content=\"2025-09-25T08:16:45+00:00\" \/>\n<meta property=\"og:image\" content=\"https:\/\/narcopowders.com\/wp-content\/uploads\/2023\/07\/Buy-Ketamine-Powde.jpg\" \/>\n\t<meta property=\"og:image:width\" content=\"600\" \/>\n\t<meta property=\"og:image:height\" content=\"600\" \/>\n\t<meta property=\"og:image:type\" content=\"image\/jpeg\" \/>\n<meta name=\"twitter:card\" content=\"summary_large_image\" \/>\n<meta name=\"twitter:label1\" content=\"Timp estimat pentru citire\" \/>\n\t<meta name=\"twitter:data1\" content=\"2 minute\" \/>\n<!-- \/ Yoast SEO plugin. -->","yoast_head_json":{"title":"Buy Ketamine Powder Online - Narco Powders","description":"Cump\u0103ra\u021bi Ketamina pulbere, Ketamina pulbere de v\u00e2nzare | Unde s\u0103 cump\u0103ra\u021bi Ketamina pulbere cu Bitcoin. pute\u021bi ob\u021bine o pulbere fin\u0103 de calitate Ketamina la narcopowders \u00een siguran\u021b\u0103.","robots":{"index":"index","follow":"follow","max-snippet":"max-snippet:-1","max-image-preview":"max-image-preview:large","max-video-preview":"max-video-preview:-1"},"canonical":"https:\/\/narcopowders.com\/ro\/produs\/cumpara-ketamina-pulbere-de-ketamina\/","og_locale":"ro_RO","og_type":"article","og_title":"Buy Ketamine Powder Online - Narco Powders","og_description":"Buy Ketamine Powder, Ketamine Powder For Sale | Where To Buy Ketamine Powder With Bitcoin. you can fine Quality powder Ketamine at narcopowders safely.","og_url":"https:\/\/narcopowders.com\/ro\/produs\/cumpara-ketamina-pulbere-de-ketamina\/","og_site_name":"Narco Powders","article_modified_time":"2025-09-25T08:16:45+00:00","og_image":[{"width":600,"height":600,"url":"https:\/\/narcopowders.com\/wp-content\/uploads\/2023\/07\/Buy-Ketamine-Powde.jpg","type":"image\/jpeg"}],"twitter_card":"summary_large_image","twitter_misc":{"Timp estimat pentru citire":"2 minute"},"schema":{"@context":"https:\/\/schema.org","@graph":[{"@type":"WebPage","@id":"https:\/\/narcopowders.com\/product\/buy-ketamine-powder\/","url":"https:\/\/narcopowders.com\/product\/buy-ketamine-powder\/","name":"Buy Ketamine Powder Online - Narco Powders","isPartOf":{"@id":"https:\/\/narcopowders.com\/#website"},"primaryImageOfPage":{"@id":"https:\/\/narcopowders.com\/product\/buy-ketamine-powder\/#primaryimage"},"image":{"@id":"https:\/\/narcopowders.com\/product\/buy-ketamine-powder\/#primaryimage"},"thumbnailUrl":"https:\/\/narcopowders.com\/wp-content\/uploads\/2023\/07\/Buy-Ketamine-Powde.jpg","datePublished":"2023-07-29T09:21:34+00:00","dateModified":"2025-09-25T08:16:45+00:00","description":"Cump\u0103ra\u021bi Ketamina pulbere, Ketamina pulbere de v\u00e2nzare | Unde s\u0103 cump\u0103ra\u021bi Ketamina pulbere cu Bitcoin. pute\u021bi ob\u021bine o pulbere fin\u0103 de calitate Ketamina la narcopowders \u00een siguran\u021b\u0103.","breadcrumb":{"@id":"https:\/\/narcopowders.com\/product\/buy-ketamine-powder\/#breadcrumb"},"inLanguage":"ro-RO","potentialAction":[{"@type":"ReadAction","target":["https:\/\/narcopowders.com\/product\/buy-ketamine-powder\/"]}]},{"@type":"ImageObject","inLanguage":"ro-RO","@id":"https:\/\/narcopowders.com\/product\/buy-ketamine-powder\/#primaryimage","url":"https:\/\/narcopowders.com\/wp-content\/uploads\/2023\/07\/Buy-Ketamine-Powde.jpg","contentUrl":"https:\/\/narcopowders.com\/wp-content\/uploads\/2023\/07\/Buy-Ketamine-Powde.jpg","width":600,"height":600,"caption":"Buy-Ketamine-Powder online"},{"@type":"BreadcrumbList","@id":"https:\/\/narcopowders.com\/product\/buy-ketamine-powder\/#breadcrumb","itemListElement":[{"@type":"ListItem","position":1,"name":"Home","item":"https:\/\/narcopowders.com\/"},{"@type":"ListItem","position":2,"name":"Shop Page","item":"https:\/\/narcopowders.com\/shop\/"},{"@type":"ListItem","position":3,"name":"Buy Ketamine Powder Online"}]},{"@type":"WebSite","@id":"https:\/\/narcopowders.com\/#website","url":"https:\/\/narcopowders.com\/","name":"Pulberi narcotice","description":"Blogul meu WordPress","potentialAction":[{"@type":"SearchAction","target":{"@type":"EntryPoint","urlTemplate":"https:\/\/narcopowders.com\/?s={search_term_string}"},"query-input":{"@type":"PropertyValueSpecification","valueRequired":true,"valueName":"search_term_string"}}],"inLanguage":"ro-RO"}]}},"_links":{"self":[{"href":"https:\/\/narcopowders.com\/ro\/wp-json\/wp\/v2\/product\/19504","targetHints":{"allow":["GET"]}}],"collection":[{"href":"https:\/\/narcopowders.com\/ro\/wp-json\/wp\/v2\/product"}],"about":[{"href":"https:\/\/narcopowders.com\/ro\/wp-json\/wp\/v2\/types\/product"}],"replies":[{"embeddable":true,"href":"https:\/\/narcopowders.com\/ro\/wp-json\/wp\/v2\/comments?post=19504"}],"wp:featuredmedia":[{"embeddable":true,"href":"https:\/\/narcopowders.com\/ro\/wp-json\/wp\/v2\/media\/19509"}],"wp:attachment":[{"href":"https:\/\/narcopowders.com\/ro\/wp-json\/wp\/v2\/media?parent=19504"}],"wp:term":[{"taxonomy":"product_brand","embeddable":true,"href":"https:\/\/narcopowders.com\/ro\/wp-json\/wp\/v2\/product_brand?post=19504"},{"taxonomy":"product_cat","embeddable":true,"href":"https:\/\/narcopowders.com\/ro\/wp-json\/wp\/v2\/product_cat?post=19504"},{"taxonomy":"product_tag","embeddable":true,"href":"https:\/\/narcopowders.com\/ro\/wp-json\/wp\/v2\/product_tag?post=19504"}],"curies":[{"name":"wp","href":"https:\/\/api.w.org\/{rel}","templated":true}]}}