{"id":19508,"date":"2023-07-29T09:21:40","date_gmt":"2023-07-29T09:21:40","guid":{"rendered":"https:\/\/narcopowders.com\/?post_type=product&#038;p=19508"},"modified":"2025-09-25T08:19:15","modified_gmt":"2025-09-25T08:19:15","slug":"buy-ketamine-rocks","status":"publish","type":"product","link":"https:\/\/narcopowders.com\/ro\/produs\/cumpara-ketamina-pietre\/","title":{"rendered":"Buy Ketamine Rocks Online"},"content":{"rendered":"<h2>Cump\u0103ra\u021bi Ketamine Rocks<\/h2>\n<p><a href=\"https:\/\/narcopowders.com\/ro\/produs\/cumpara-ketamina-pietre\/\">Cump\u0103ra\u021bi Ketamine Crystal Rock online<\/a><\/p>\n<p>A common application for the medication <a href=\"https:\/\/www.bing.com\/search?q=Buy%20Ketamine%20Rocks%20Online&amp;qs=n&amp;form=QBRE&amp;sp=-1&amp;lq=0&amp;pq=buy%20ketamine%20rocks%20online&amp;sc=0-25&amp;sk=&amp;cvid=DCF60421973A4EFCBD042ABC4E510649&amp;ghsh=0&amp;ghacc=0&amp;ghpl=\">Ketamine Crystal Rock<\/a> Shards este anestezia. Durerea cronic\u0103 \u0219i sedarea \u00een \u00eengrijirea acut\u0103 sunt alte aplica\u021bii.<\/p>\n<p>The abrupt high from <a href=\"https:\/\/www.bing.com\/search?q=Buy%20Ketamine%20Rocks%20Online&amp;qs=n&amp;form=QBRE&amp;sp=-1&amp;lq=0&amp;pq=buy%20ketamine%20rocks%20online&amp;sc=0-25&amp;sk=&amp;cvid=DCF60421973A4EFCBD042ABC4E510649&amp;ghsh=0&amp;ghacc=0&amp;ghpl=\">clorhidrat de ketamin\u0103<\/a> Starea de \u00een\u0103l\u021bime rapid\u0103 pe care o provoac\u0103 ketamina dureaz\u0103 aproximativ o or\u0103. Acesta \u00eencepe la 2 p\u00e2n\u0103 la 5 minute dup\u0103 ce a\u021bi fumat sau a\u021bi ingerat doza. Atunci c\u00e2nd se folose\u0219te o injec\u021bie, acesta apare la aproximativ 30 de secunde dup\u0103 injectare.<\/p>\n<p>Sentimentul cople\u0219itor de relaxare pe care \u00eel va experimenta utilizatorul ca efect ini\u021bial este denumit frecvent \"buzz\" pentru tot corpul. Unii utilizatori spun c\u0103 se simt ca \u0219i cum ar pluti, iar al\u021bii spun chiar c\u0103 se simt ca \u0219i cum nu ar fi \u00een corpul lor. Halucina\u021biile sunt frecvente \u0219i adesea dureaz\u0103 mai mult dec\u00e2t efectele anesteziei. <a href=\"https:\/\/www.google.com\/search?q=Buy+Ketamine+Rocks+Online&amp;num=10&amp;sca_esv=1a2a07081c7891bb&amp;rlz=1C1RXQR_enIN1098IN1098&amp;sxsrf=AHTn8zo3S-FVfUCUfoDtPkswaKPB3WdbUQ%3A1741762655339&amp;ei=XzDRZ4CyFKCXjuMPwKjDwAE&amp;ved=0ahUKEwjA3erC-4OMAxWgi2MGHUDUEBgQ4dUDCBA&amp;uact=5&amp;oq=Buy+Ketamine+Rocks+Online&amp;gs_lp=Egxnd3Mtd2l6LXNlcnAiGUJ1eSBLZXRhbWluZSBSb2NrcyBPbmxpbmVIkQdQpANYpANwAngAkAEAmAH3AaAB9wGqAQMyLTG4AQPIAQD4AQL4AQGYAgCgAgCYAwCIBgGSBwCgB00&amp;sclient=gws-wiz-serp\">Cump\u0103ra\u021bi ketamin\u0103 din roc\u0103 cristalin\u0103<\/a><\/p>\n<p>Utilizatorii au raportat o disociere complet\u0103 \u0219i total\u0103 de corpul lor ca urmare a efectelor mai severe pe care le pot induce dozele mai mari. Senza\u021biile sunt denumite \"gaura K\" \u0219i sunt comparabile cu cele pe care le-au tr\u0103it persoanele care au avut experien\u021be de moarte apropiat\u0103.<a href=\"https:\/\/www.google.com\/search?q=Buy+Ketamine+Rocks+Online&amp;num=10&amp;sca_esv=1a2a07081c7891bb&amp;rlz=1C1RXQR_enIN1098IN1098&amp;sxsrf=AHTn8zo3S-FVfUCUfoDtPkswaKPB3WdbUQ%3A1741762655339&amp;ei=XzDRZ4CyFKCXjuMPwKjDwAE&amp;ved=0ahUKEwjA3erC-4OMAxWgi2MGHUDUEBgQ4dUDCBA&amp;uact=5&amp;oq=Buy+Ketamine+Rocks+Online&amp;gs_lp=Egxnd3Mtd2l6LXNlcnAiGUJ1eSBLZXRhbWluZSBSb2NrcyBPbmxpbmVIkQdQpANYpANwAngAkAEAmAH3AaAB9wGqAQMyLTG4AQPIAQD4AQL4AQGYAgCgAgCYAwCIBgGSBwCgB00&amp;sclient=gws-wiz-serp\">K-hole<\/a>e\u201d \u0219i sunt comparabile cu cele pe care le-au tr\u0103it persoanele care au avut experien\u021be aproape de moarte.<\/p>\n<p>Recent advances in <a href=\"https:\/\/duckduckgo.com\/?q=Buy+Ketamine+Rocks+Online&amp;t=h_&amp;ia=web\">ketamine research<\/a> Progresele recente \u00een cercetarea privind ketamina subliniaz\u0103 avantajele pe care aceasta le ofer\u0103 persoanelor depresive. \u00cen special pentru cei care au \u00eencercat diverse antidepresive, dar nu au reu\u0219it. \u00cen compara\u021bie cu SSRI, care sunt recomandate de obicei pentru tratarea depresiei, ketamina func\u021bioneaz\u0103 diferit \u00een interiorul creierului. Odat\u0103 controlat\u0103, ketamina ac\u021bioneaz\u0103 rapid. <a href=\"https:\/\/en.wikipedia.org\/wiki\/Ketamine\">ketamine operates quickly<\/a>.<\/p>\n<p>Ketamina are un efect stimulator distinct la 40 de minute dup\u0103 administrare. Cercet\u0103rile recente arat\u0103 \"o \u00eembun\u0103t\u0103\u021bire uria\u0219\u0103 a efectelor secundare \u00eempov\u0103r\u0103toare \u00een aproximativ 24 de ore dup\u0103 administrarea ketaminei \u00een compara\u021bie cu tratamentul fals\", potrivit publica\u021biei.<a href=\"https:\/\/duckduckgo.com\/?q=Buy+Ketamine+Rocks+Online&amp;t=h_&amp;ia=web\"> ketamine<\/a> compared with fake treatment,&#8221; according to the publication.<\/p>\n<p><a href=\"https:\/\/narcopowders.com\/ro\/\">Ketamin\u0103<\/a> inhaled revealed hardly any psychotomimetic or dissociative effects.<\/p>\n<p>Cu o tehnic\u0103 corect\u0103 de administrare a ketaminei, acest medicament poate ajuta creierul s\u0103 promoveze noi conexiuni neuronale \u0219i s\u0103 ofere o ameliorare pe termen lung.<\/p>","protected":false},"excerpt":{"rendered":"<p>Buy Ketamine Rocks Buy Ketamine Crystal Rock online A common application for the medication Ketamine Crystal Rock is anaesthesia. Chronic pain and sedation in acute care are further applications. The abrupt high from ketamine HCL lasts for roughly an hour. It begins 2 to 5 minutes after smoking or ingesting the dose. When an injection [&hellip;]<\/p>","protected":false},"featured_media":19510,"comment_status":"open","ping_status":"closed","template":"","meta":{"_joinchat":[]},"product_brand":[],"product_cat":[1325],"product_tag":[],"class_list":{"0":"post-19508","1":"product","2":"type-product","3":"status-publish","4":"has-post-thumbnail","6":"product_cat-buy-ketamine-online","8":"first","9":"instock","10":"shipping-taxable","11":"purchasable","12":"product-type-variable","13":"add-to-wishlist-after_add_to_cart"},"yoast_head":"<!-- This site is optimized with the Yoast SEO plugin v25.9 - https:\/\/yoast.com\/wordpress\/plugins\/seo\/ -->\n<title>Buy Ketamine Rocks Online - Narco Powders<\/title>\n<meta name=\"robots\" content=\"index, follow, max-snippet:-1, max-image-preview:large, max-video-preview:-1\" \/>\n<link rel=\"canonical\" href=\"https:\/\/narcopowders.com\/ro\/produs\/cumpara-ketamina-pietre\/\" \/>\n<meta property=\"og:locale\" content=\"ro_RO\" \/>\n<meta property=\"og:type\" content=\"article\" \/>\n<meta property=\"og:title\" content=\"Buy Ketamine Rocks Online - Narco Powders\" \/>\n<meta property=\"og:description\" content=\"Buy Ketamine Rocks Buy Ketamine Crystal Rock online A common application for the medication Ketamine Crystal Rock is anaesthesia. Chronic pain and sedation in acute care are further applications. The abrupt high from ketamine HCL lasts for roughly an hour. It begins 2 to 5 minutes after smoking or ingesting the dose. When an injection [&hellip;]\" \/>\n<meta property=\"og:url\" content=\"https:\/\/narcopowders.com\/ro\/produs\/cumpara-ketamina-pietre\/\" \/>\n<meta property=\"og:site_name\" content=\"Narco Powders\" \/>\n<meta property=\"article:modified_time\" content=\"2025-09-25T08:19:15+00:00\" \/>\n<meta property=\"og:image\" content=\"https:\/\/narcopowders.com\/wp-content\/uploads\/2023\/07\/Buy-Ketamine-Rocks.jpg\" \/>\n\t<meta property=\"og:image:width\" content=\"600\" \/>\n\t<meta property=\"og:image:height\" content=\"600\" \/>\n\t<meta property=\"og:image:type\" content=\"image\/jpeg\" \/>\n<meta name=\"twitter:card\" content=\"summary_large_image\" \/>\n<meta name=\"twitter:label1\" content=\"Timp estimat pentru citire\" \/>\n\t<meta name=\"twitter:data1\" content=\"2 minute\" \/>\n<!-- \/ Yoast SEO plugin. -->","yoast_head_json":{"title":"Buy Ketamine Rocks Online - Narco Powders","robots":{"index":"index","follow":"follow","max-snippet":"max-snippet:-1","max-image-preview":"max-image-preview:large","max-video-preview":"max-video-preview:-1"},"canonical":"https:\/\/narcopowders.com\/ro\/produs\/cumpara-ketamina-pietre\/","og_locale":"ro_RO","og_type":"article","og_title":"Buy Ketamine Rocks Online - Narco Powders","og_description":"Buy Ketamine Rocks Buy Ketamine Crystal Rock online A common application for the medication Ketamine Crystal Rock is anaesthesia. Chronic pain and sedation in acute care are further applications. The abrupt high from ketamine HCL lasts for roughly an hour. It begins 2 to 5 minutes after smoking or ingesting the dose. When an injection [&hellip;]","og_url":"https:\/\/narcopowders.com\/ro\/produs\/cumpara-ketamina-pietre\/","og_site_name":"Narco Powders","article_modified_time":"2025-09-25T08:19:15+00:00","og_image":[{"width":600,"height":600,"url":"https:\/\/narcopowders.com\/wp-content\/uploads\/2023\/07\/Buy-Ketamine-Rocks.jpg","type":"image\/jpeg"}],"twitter_card":"summary_large_image","twitter_misc":{"Timp estimat pentru citire":"2 minute"},"schema":{"@context":"https:\/\/schema.org","@graph":[{"@type":"WebPage","@id":"https:\/\/narcopowders.com\/product\/buy-ketamine-rocks\/","url":"https:\/\/narcopowders.com\/product\/buy-ketamine-rocks\/","name":"Buy Ketamine Rocks Online - Narco Powders","isPartOf":{"@id":"https:\/\/narcopowders.com\/#website"},"primaryImageOfPage":{"@id":"https:\/\/narcopowders.com\/product\/buy-ketamine-rocks\/#primaryimage"},"image":{"@id":"https:\/\/narcopowders.com\/product\/buy-ketamine-rocks\/#primaryimage"},"thumbnailUrl":"https:\/\/narcopowders.com\/wp-content\/uploads\/2023\/07\/Buy-Ketamine-Rocks.jpg","datePublished":"2023-07-29T09:21:40+00:00","dateModified":"2025-09-25T08:19:15+00:00","breadcrumb":{"@id":"https:\/\/narcopowders.com\/product\/buy-ketamine-rocks\/#breadcrumb"},"inLanguage":"ro-RO","potentialAction":[{"@type":"ReadAction","target":["https:\/\/narcopowders.com\/product\/buy-ketamine-rocks\/"]}]},{"@type":"ImageObject","inLanguage":"ro-RO","@id":"https:\/\/narcopowders.com\/product\/buy-ketamine-rocks\/#primaryimage","url":"https:\/\/narcopowders.com\/wp-content\/uploads\/2023\/07\/Buy-Ketamine-Rocks.jpg","contentUrl":"https:\/\/narcopowders.com\/wp-content\/uploads\/2023\/07\/Buy-Ketamine-Rocks.jpg","width":600,"height":600,"caption":"Buy-Ketamine-Rocks online"},{"@type":"BreadcrumbList","@id":"https:\/\/narcopowders.com\/product\/buy-ketamine-rocks\/#breadcrumb","itemListElement":[{"@type":"ListItem","position":1,"name":"Home","item":"https:\/\/narcopowders.com\/"},{"@type":"ListItem","position":2,"name":"Shop Page","item":"https:\/\/narcopowders.com\/shop\/"},{"@type":"ListItem","position":3,"name":"Buy Ketamine Rocks Online"}]},{"@type":"WebSite","@id":"https:\/\/narcopowders.com\/#website","url":"https:\/\/narcopowders.com\/","name":"Pulberi narcotice","description":"Blogul meu WordPress","potentialAction":[{"@type":"SearchAction","target":{"@type":"EntryPoint","urlTemplate":"https:\/\/narcopowders.com\/?s={search_term_string}"},"query-input":{"@type":"PropertyValueSpecification","valueRequired":true,"valueName":"search_term_string"}}],"inLanguage":"ro-RO"}]}},"_links":{"self":[{"href":"https:\/\/narcopowders.com\/ro\/wp-json\/wp\/v2\/product\/19508","targetHints":{"allow":["GET"]}}],"collection":[{"href":"https:\/\/narcopowders.com\/ro\/wp-json\/wp\/v2\/product"}],"about":[{"href":"https:\/\/narcopowders.com\/ro\/wp-json\/wp\/v2\/types\/product"}],"replies":[{"embeddable":true,"href":"https:\/\/narcopowders.com\/ro\/wp-json\/wp\/v2\/comments?post=19508"}],"wp:featuredmedia":[{"embeddable":true,"href":"https:\/\/narcopowders.com\/ro\/wp-json\/wp\/v2\/media\/19510"}],"wp:attachment":[{"href":"https:\/\/narcopowders.com\/ro\/wp-json\/wp\/v2\/media?parent=19508"}],"wp:term":[{"taxonomy":"product_brand","embeddable":true,"href":"https:\/\/narcopowders.com\/ro\/wp-json\/wp\/v2\/product_brand?post=19508"},{"taxonomy":"product_cat","embeddable":true,"href":"https:\/\/narcopowders.com\/ro\/wp-json\/wp\/v2\/product_cat?post=19508"},{"taxonomy":"product_tag","embeddable":true,"href":"https:\/\/narcopowders.com\/ro\/wp-json\/wp\/v2\/product_tag?post=19508"}],"curies":[{"name":"wp","href":"https:\/\/api.w.org\/{rel}","templated":true}]}}