{"id":20453,"date":"2024-05-23T06:13:59","date_gmt":"2024-05-23T06:13:59","guid":{"rendered":"https:\/\/narcopowders.com\/?post_type=product&#038;p=20453"},"modified":"2025-03-26T11:18:50","modified_gmt":"2025-03-26T11:18:50","slug":"buy-alprazolam-online","status":"publish","type":"product","link":"https:\/\/narcopowders.com\/ro\/produs\/cumpara-alprazolam-online\/","title":{"rendered":"Cump\u0103ra Alprazolam Online"},"content":{"rendered":"<p><strong>Descrierea produsului<\/strong><\/p>\n<p>Strong, fast-acting benzodiazepines like alprazolam have a soothing effect on the central nervous system. If you want to <a href=\"https:\/\/narcopowders.com\/ro\/produs\/cumpara-alprazolam-online\/\">buy alprazolam powder online<\/a> and be certain to receive <a href=\"https:\/\/narcopowders.com\/ro\/\">high-quality powder<\/a>, go no farther than Shenchulab.<\/p>\n<p>Additionally, the market for <a href=\"https:\/\/en.wikipedia.org\/wiki\/Alprazolam\">alprazolam powder<\/a> is divided into segments based on location, end user, and application.<\/p>\n<p>Astfel, se separ\u0103 \u00een anxietate, depresie, insomnie \u0219i tulbur\u0103ri de panic\u0103 \u00een func\u021bie de aplica\u021bie.<\/p>\n<p>\u00cen plus, acesta este \u00eemp\u0103r\u021bit \u00een institute de cercetare, corpora\u021bii farmaceutice \u0219i alte entit\u0103\u021bi (spitale \u0219i clinici) \u00een func\u021bie de utilizatorul final. De v\u00e2nzare: pulbere de alprazolam. <a href=\"https:\/\/www.bing.com\/search?q=Buy+Alprazolam+Online&amp;form=QBLH&amp;sp=-1&amp;lq=0&amp;pq=buy+alprazolam+online&amp;sc=1-21&amp;qs=n&amp;sk=&amp;cvid=ED10688EDDE24F76A8E1723677B961DB&amp;ghsh=0&amp;ghacc=0&amp;ghpl=\">alprazolam powder<\/a>.<\/p>\n<p>Cu toate acestea, este examinat din punct de vedere geografic \u00een America de Nord, Europa, Asia-Pacific \u0219i LAMEA.<\/p>\n<p><strong>Beneficii cheie<\/strong><\/p>\n<ul>\n<li>However the study provides an in-depth analysis of the global <a href=\"https:\/\/www.google.com\/search?q=Buy+Alprazolam+Online&amp;sca_esv=ae1c882eac2a8cbb&amp;sxsrf=AHTn8zp4kTTNtVHTXmAbn2Kdj-rCZhdn6w%3A1742986372446&amp;source=hp&amp;ei=hNzjZ9qqGMKj1e8P57e-iAg&amp;iflsig=ACkRmUkAAAAAZ-PqlHEBcu-0c4UzbtELsu97EdY_NTd_&amp;ved=0ahUKEwja_MycyqeMAxXCUfUHHeebD4EQ4dUDCBo&amp;uact=5&amp;oq=Buy+Alprazolam+Online&amp;gs_lp=Egdnd3Mtd2l6IhVCdXkgQWxwcmF6b2xhbSBPbmxpbmVI1QdQAFgAcAB4AJABAJgB9gKgAfYCqgEDMy0xuAEDyAEA-AEC-AEBmAIAoAIAmAMAkgcAoAdJsgcAuAcA&amp;sclient=gws-wiz\">Alprazolam powder<\/a> market, with current trends and future estimations to elucidate the investment pockets.<\/li>\n<li>Ca urmare, este furnizat\u0103 o analiz\u0103 cuprinz\u0103toare a factorilor care conduc \u0219i restric\u021bioneaz\u0103 cre\u0219terea pie\u021bei.<\/li>\n<li>De asemenea, raportul prezint\u0103 o analiz\u0103 cantitativ\u0103 pentru a ajuta p\u0103r\u021bile interesate s\u0103 valorifice oportunit\u0103\u021bile de pia\u021b\u0103 existente.<\/li>\n<li>Astfel, o analiz\u0103 extins\u0103 a diferitelor segmente faciliteaz\u0103 \u00een\u021belegerea diferitelor produse de pe pia\u021b\u0103.<\/li>\n<li>Cu toate acestea, juc\u0103torii cheie sunt profilate \u0219i, de asemenea, strategiile lor sunt analizate temeinic pentru a prezice perspectiva competitiv\u0103 a pie\u021bei. <a href=\"https:\/\/duckduckgo.com\/?t=h_&amp;q=Buy+Alprazolam+Online&amp;ia=web\">Buy alprazolam powder online<\/a>.<\/li>\n<\/ul>\n<p><strong>Segmente cheie ale pie\u021bei Alprazolam Powder:<\/strong><\/p>\n<ul>\n<li>Prin aplica\u021bie<\/li>\n<li>Tulbur\u0103ri de panic\u0103 \u0219i, de asemenea, Anxietate<\/li>\n<li>Depresie<\/li>\n<li>Insomnie<\/li>\n<\/ul>\n<p>&nbsp;<\/p>\n<p>&nbsp;<\/p>","protected":false},"excerpt":{"rendered":"<p>Description of the Product Strong, fast-acting benzodiazepines like alprazolam have a soothing effect on the central nervous system. If you want to buy alprazolam powder online and be certain to receive high-quality powder, go no farther than Shenchulab. Additionally, the market for alprazolam powder is divided into segments based on location, end user, and application. [&hellip;]<\/p>","protected":false},"featured_media":21308,"comment_status":"open","ping_status":"closed","template":"","meta":{"_joinchat":[]},"product_brand":[],"product_cat":[1724],"product_tag":[],"class_list":{"0":"post-20453","1":"product","2":"type-product","3":"status-publish","4":"has-post-thumbnail","6":"product_cat-research-chemicals","8":"first","9":"instock","10":"shipping-taxable","11":"purchasable","12":"product-type-variable","13":"add-to-wishlist-after_add_to_cart"},"yoast_head":"<!-- This site is optimized with the Yoast SEO plugin v25.9 - https:\/\/yoast.com\/wordpress\/plugins\/seo\/ -->\n<title>Buy Alprazolam Online - Alprazolam Powder for Sale | NarcoPowders<\/title>\n<meta name=\"description\" content=\"At our NarcoPowders, you can get alprazolam powder for sale at cheap rates. Here you can buy alprazolam online from our store now. Order Now!\" \/>\n<meta name=\"robots\" content=\"index, follow, max-snippet:-1, max-image-preview:large, max-video-preview:-1\" \/>\n<link rel=\"canonical\" href=\"https:\/\/narcopowders.com\/ro\/produs\/cumpara-alprazolam-online\/\" \/>\n<meta property=\"og:locale\" content=\"ro_RO\" \/>\n<meta property=\"og:type\" content=\"article\" \/>\n<meta property=\"og:title\" content=\"Buy Alprazolam Online - Alprazolam Powder for Sale | NarcoPowders\" \/>\n<meta property=\"og:description\" content=\"At our NarcoPowders, you can get alprazolam powder for sale at cheap rates. Here you can buy alprazolam online from our store now. Order Now!\" \/>\n<meta property=\"og:url\" content=\"https:\/\/narcopowders.com\/ro\/produs\/cumpara-alprazolam-online\/\" \/>\n<meta property=\"og:site_name\" content=\"Narco Powders\" \/>\n<meta property=\"article:modified_time\" content=\"2025-03-26T11:18:50+00:00\" \/>\n<meta property=\"og:image\" content=\"https:\/\/narcopowders.com\/wp-content\/uploads\/2024\/05\/Alprazolam.gif\" \/>\n\t<meta property=\"og:image:width\" content=\"600\" \/>\n\t<meta property=\"og:image:height\" content=\"600\" \/>\n\t<meta property=\"og:image:type\" content=\"image\/gif\" \/>\n<meta name=\"twitter:card\" content=\"summary_large_image\" \/>\n<meta name=\"twitter:label1\" content=\"Timp estimat pentru citire\" \/>\n\t<meta name=\"twitter:data1\" content=\"2 minute\" \/>\n<!-- \/ Yoast SEO plugin. -->","yoast_head_json":{"title":"Cump\u0103ra\u021bi Alprazolam Online - Alprazolam pulbere de v\u00e2nzare | NarcoPowders","description":"La NarcoPowders, pute\u021bi ob\u021bine pulbere de alprazolam de v\u00e2nzare la pre\u021buri ieftine. Aici pute\u021bi cump\u0103ra alprazolam online din magazinul nostru acum. Comanda\u021bi acum!","robots":{"index":"index","follow":"follow","max-snippet":"max-snippet:-1","max-image-preview":"max-image-preview:large","max-video-preview":"max-video-preview:-1"},"canonical":"https:\/\/narcopowders.com\/ro\/produs\/cumpara-alprazolam-online\/","og_locale":"ro_RO","og_type":"article","og_title":"Buy Alprazolam Online - Alprazolam Powder for Sale | NarcoPowders","og_description":"At our NarcoPowders, you can get alprazolam powder for sale at cheap rates. Here you can buy alprazolam online from our store now. Order Now!","og_url":"https:\/\/narcopowders.com\/ro\/produs\/cumpara-alprazolam-online\/","og_site_name":"Narco Powders","article_modified_time":"2025-03-26T11:18:50+00:00","og_image":[{"width":600,"height":600,"url":"https:\/\/narcopowders.com\/wp-content\/uploads\/2024\/05\/Alprazolam.gif","type":"image\/gif"}],"twitter_card":"summary_large_image","twitter_misc":{"Timp estimat pentru citire":"2 minute"},"schema":{"@context":"https:\/\/schema.org","@graph":[{"@type":"WebPage","@id":"https:\/\/narcopowders.com\/product\/buy-alprazolam-online\/","url":"https:\/\/narcopowders.com\/product\/buy-alprazolam-online\/","name":"Cump\u0103ra\u021bi Alprazolam Online - Alprazolam pulbere de v\u00e2nzare | NarcoPowders","isPartOf":{"@id":"https:\/\/narcopowders.com\/#website"},"primaryImageOfPage":{"@id":"https:\/\/narcopowders.com\/product\/buy-alprazolam-online\/#primaryimage"},"image":{"@id":"https:\/\/narcopowders.com\/product\/buy-alprazolam-online\/#primaryimage"},"thumbnailUrl":"https:\/\/narcopowders.com\/wp-content\/uploads\/2024\/05\/Alprazolam.gif","datePublished":"2024-05-23T06:13:59+00:00","dateModified":"2025-03-26T11:18:50+00:00","description":"La NarcoPowders, pute\u021bi ob\u021bine pulbere de alprazolam de v\u00e2nzare la pre\u021buri ieftine. Aici pute\u021bi cump\u0103ra alprazolam online din magazinul nostru acum. Comanda\u021bi acum!","breadcrumb":{"@id":"https:\/\/narcopowders.com\/product\/buy-alprazolam-online\/#breadcrumb"},"inLanguage":"ro-RO","potentialAction":[{"@type":"ReadAction","target":["https:\/\/narcopowders.com\/product\/buy-alprazolam-online\/"]}]},{"@type":"ImageObject","inLanguage":"ro-RO","@id":"https:\/\/narcopowders.com\/product\/buy-alprazolam-online\/#primaryimage","url":"https:\/\/narcopowders.com\/wp-content\/uploads\/2024\/05\/Alprazolam.gif","contentUrl":"https:\/\/narcopowders.com\/wp-content\/uploads\/2024\/05\/Alprazolam.gif","width":600,"height":600,"caption":"Buy Alprazolam Online"},{"@type":"BreadcrumbList","@id":"https:\/\/narcopowders.com\/product\/buy-alprazolam-online\/#breadcrumb","itemListElement":[{"@type":"ListItem","position":1,"name":"Home","item":"https:\/\/narcopowders.com\/"},{"@type":"ListItem","position":2,"name":"Shop Page","item":"https:\/\/narcopowders.com\/shop\/"},{"@type":"ListItem","position":3,"name":"Buy Alprazolam Online"}]},{"@type":"WebSite","@id":"https:\/\/narcopowders.com\/#website","url":"https:\/\/narcopowders.com\/","name":"Pulberi narcotice","description":"Blogul meu WordPress","potentialAction":[{"@type":"SearchAction","target":{"@type":"EntryPoint","urlTemplate":"https:\/\/narcopowders.com\/?s={search_term_string}"},"query-input":{"@type":"PropertyValueSpecification","valueRequired":true,"valueName":"search_term_string"}}],"inLanguage":"ro-RO"}]}},"_links":{"self":[{"href":"https:\/\/narcopowders.com\/ro\/wp-json\/wp\/v2\/product\/20453","targetHints":{"allow":["GET"]}}],"collection":[{"href":"https:\/\/narcopowders.com\/ro\/wp-json\/wp\/v2\/product"}],"about":[{"href":"https:\/\/narcopowders.com\/ro\/wp-json\/wp\/v2\/types\/product"}],"replies":[{"embeddable":true,"href":"https:\/\/narcopowders.com\/ro\/wp-json\/wp\/v2\/comments?post=20453"}],"wp:featuredmedia":[{"embeddable":true,"href":"https:\/\/narcopowders.com\/ro\/wp-json\/wp\/v2\/media\/21308"}],"wp:attachment":[{"href":"https:\/\/narcopowders.com\/ro\/wp-json\/wp\/v2\/media?parent=20453"}],"wp:term":[{"taxonomy":"product_brand","embeddable":true,"href":"https:\/\/narcopowders.com\/ro\/wp-json\/wp\/v2\/product_brand?post=20453"},{"taxonomy":"product_cat","embeddable":true,"href":"https:\/\/narcopowders.com\/ro\/wp-json\/wp\/v2\/product_cat?post=20453"},{"taxonomy":"product_tag","embeddable":true,"href":"https:\/\/narcopowders.com\/ro\/wp-json\/wp\/v2\/product_tag?post=20453"}],"curies":[{"name":"wp","href":"https:\/\/api.w.org\/{rel}","templated":true}]}}