{"id":20461,"date":"2024-05-23T06:14:04","date_gmt":"2024-05-23T06:14:04","guid":{"rendered":"https:\/\/narcopowders.com\/?post_type=product&#038;p=20461"},"modified":"2025-05-06T06:57:52","modified_gmt":"2025-05-06T06:57:52","slug":"buy-6clbca-online","status":"publish","type":"product","link":"https:\/\/narcopowders.com\/ro\/produs\/buy-6clbca-online\/","title":{"rendered":"Cump\u0103ra\u021bi 6CLBCA online"},"content":{"rendered":"<h2><strong>Ob\u021bine\u021bi 6clbca Online la NarcoPowders pentru pre\u021buri rezonabile<a href=\"https:\/\/narcopowders.com\/ro\/produs\/cumpara-5cladb-online\/\">!<\/a><\/strong><\/h2>\n<p><a href=\"https:\/\/narcopowders.com\/ro\/produs\/buy-6clbca-online\/\">Buy 6clbca is at Narco Powders<\/a>. We have been offering a 100% customer satisfaction guarantee on this <a href=\"https:\/\/narcopowders.com\/ro\/\">chimie de cercetare<\/a> de mul\u021bi ani. Aici sunt disponibile doar produse premium. 6clbca este recunoscut ca material de referin\u021b\u0103 analitic la scar\u0103 global\u0103. De asemenea, a fost clasificat structural drept catinon\u0103. Promitem c\u0103 acest material specific are o puritate de 98%. Pentru acest produs este disponibil\u0103 pulbere alb\u0103 sau galben\u0103. Acum este mai rentabil \u0219i poate trece vama f\u0103r\u0103 probleme datorit\u0103 re\u021betei actualizate. <a href=\"https:\/\/en.wikipedia.org\/wiki\/Cannabinoid\">Get 6clbca from us right now online!<\/a><\/p>\n<h3><strong>Ce aplica\u021bii are 6CLBC?<\/strong><\/h3>\n<p><a href=\"https:\/\/www.bing.com\/search?q=Buy%206CLBCA%20Online&amp;qs=n&amp;form=QBRE&amp;sp=-1&amp;lq=0&amp;pq=buy%206clbca%20online&amp;sc=9-17&amp;sk=&amp;cvid=71E329B7FCCB43489843A04C111E8871&amp;ghsh=0&amp;ghacc=0&amp;ghpl=\">6clbca<\/a> is only meant to be used in <a href=\"https:\/\/duckduckgo.com\/?q=Buy+6CLBCA+Online&amp;t=h_&amp;ia=web\">forensic investigations and applications<\/a>. In any form, it is not recommended for human consumption. It is merely a chemical for research.<\/p>\n<h3><strong>Ce efecte are 6CLBC care sunt cunoscute?<\/strong><\/h3>\n<p>\u00cen calitate de drog de design, prezint\u0103 o varietate de efecte clinice, inclusiv propriet\u0103\u021bi stimulante, psihedelice \u0219i opioide. Este recunoscut faptul c\u0103 aceast\u0103 substan\u021b\u0103 chimic\u0103 de studiu este cel mai mare generator at\u00e2t de creativitate, c\u00e2t \u0219i de energie.<\/p>\n<h3><strong>Care sunt instruc\u021biunile de stocare 6clbca?<\/strong><\/h3>\n<p>Este recomandabil s\u0103 depozita\u021bi 6clbca departe de lumina direct\u0103 a soarelui, \u00eentr-o loca\u021bie r\u0103coroas\u0103 \u0219i uscat\u0103, dac\u0103 dori\u021bi s\u0103 o p\u0103stra\u021bi \u00een siguran\u021b\u0103. Cu o depozitare adecvat\u0103, acest produs are o durat\u0103 de valabilitate de doi ani.<\/p>\n<h3><strong>De unde pot ob\u021bine 6clbca articole online?<\/strong><\/h3>\n<p>Un grup respectabil de produc\u0103tori \u0219i comercian\u021bi care ofer\u0103 6clbca de v\u00e2nzare se nume\u0219te <a href=\"https:\/\/www.google.com\/search?q=Buy+6CLBCA+Online&amp;sca_esv=2a2a93e8be91f013&amp;sxsrf=AHTn8zqA_NV8LNCBQt3mCcPk2b8R0Oa6EQ%3A1742971932640&amp;ei=HKTjZ_XeJte5seMPsrGo-Q0&amp;ved=0ahUKEwj13Je3lKeMAxXXXGwGHbIYKt8Q4dUDCA8&amp;uact=5&amp;oq=Buy+6CLBCA+Online&amp;gs_lp=Egxnd3Mtd2l6LXNlcnAiEUJ1eSA2Q0xCQ0EgT25saW5lMgUQIRigATIFECEYoAFI_wdQlQRYlQRwA3gAkAEAmAGzAaABswGqAQMwLjG4AQPIAQD4AQL4AQGYAgGgArsBmAMAiAYBkgcDMC4xoAfnAbIHAzAuMbgHuwE&amp;sclient=gws-wiz-serp\">NarcoPowder<\/a>Livr\u0103m 6clbca online oriunde, f\u0103r\u0103 a p\u0103r\u0103si \u021bara. Lucr\u0103m exclusiv cu 6clbca premium. Prin urmare, nu trebuie s\u0103 v\u0103 g\u00e2ndi\u021bi deloc la pre\u021bul 6clbca. Cump\u0103ra\u021bi 6CLBCA online.<\/p>\n<p>Suntem cea mai mare op\u021biune dac\u0103 sunte\u021bi \u00een c\u0103utarea unui retailer online la pre\u021buri rezonabile pentru a cump\u0103ra 6clbca. Comanda dvs. va fi livrat\u0103 de noi \u00een siguran\u021b\u0103 \u0219i prompt. Contacta\u021bi-ne pentru a plasa o achizi\u021bie online pentru Cump\u0103ra\u021bi 6CLBCA online chiar acum!<\/p>","protected":false},"excerpt":{"rendered":"<p><em>Cump\u0103ra\u021bi<\/em>\u00a06cladba, 6cladb-a, 6cl-adb-a,\u00a0<em>6clbca<\/em>,\u00a0<em>6-cl-bca<\/em>,\u00a0<em>6cl-bca<\/em>, 6cl-bc-a Furniz\u0103m \u0219i export\u0103m produse chimice de cercetare de \u00eenalt\u0103 calitate \u0219i puritate \u00een cantit\u0103\u021bi mari \u0219i mici.<\/p>","protected":false},"featured_media":21306,"comment_status":"open","ping_status":"closed","template":"","meta":{"_joinchat":[]},"product_brand":[],"product_cat":[1724,1538],"product_tag":[],"class_list":{"0":"post-20461","1":"product","2":"type-product","3":"status-publish","4":"has-post-thumbnail","6":"product_cat-research-chemicals","7":"product_cat-cannabinoids","9":"first","10":"instock","11":"shipping-taxable","12":"purchasable","13":"product-type-variable","14":"add-to-wishlist-after_add_to_cart"},"yoast_head":"<!-- This site is optimized with the Yoast SEO plugin v25.9 - https:\/\/yoast.com\/wordpress\/plugins\/seo\/ -->\n<title>Buy 6CLBCA Online - 6CLBCA Powder for Sale<\/title>\n<meta name=\"description\" content=\"Where to buy 6clbca online at the best price? Find high-quality 6clbca powder for sale at our secure online store, catering to your research requirements. Order Now!\" \/>\n<meta name=\"robots\" content=\"index, follow, max-snippet:-1, max-image-preview:large, max-video-preview:-1\" \/>\n<link rel=\"canonical\" href=\"https:\/\/narcopowders.com\/ro\/produs\/buy-6clbca-online\/\" \/>\n<meta property=\"og:locale\" content=\"ro_RO\" \/>\n<meta property=\"og:type\" content=\"article\" \/>\n<meta property=\"og:title\" content=\"Buy 6CLBCA Online - 6CLBCA Powder for Sale\" \/>\n<meta property=\"og:description\" content=\"Where to buy 6clbca online at the best price? Find high-quality 6clbca powder for sale at our secure online store, catering to your research requirements. Order Now!\" \/>\n<meta property=\"og:url\" content=\"https:\/\/narcopowders.com\/ro\/produs\/buy-6clbca-online\/\" \/>\n<meta property=\"og:site_name\" content=\"Narco Powders\" \/>\n<meta property=\"article:modified_time\" content=\"2025-05-06T06:57:52+00:00\" \/>\n<meta property=\"og:image\" content=\"https:\/\/narcopowders.com\/wp-content\/uploads\/2024\/05\/6clbca.gif\" \/>\n\t<meta property=\"og:image:width\" content=\"600\" \/>\n\t<meta property=\"og:image:height\" content=\"600\" \/>\n\t<meta property=\"og:image:type\" content=\"image\/gif\" \/>\n<meta name=\"twitter:card\" content=\"summary_large_image\" \/>\n<meta name=\"twitter:label1\" content=\"Timp estimat pentru citire\" \/>\n\t<meta name=\"twitter:data1\" content=\"2 minute\" \/>\n<!-- \/ Yoast SEO plugin. -->","yoast_head_json":{"title":"Cumpara 6CLBCA Online - 6CLBCA Pulbere de v\u00e2nzare","description":"De unde s\u0103 cump\u0103ra\u021bi 6clbca online la cel mai bun pre\u021b? G\u0103si\u021bi pulberea de \u00eenalt\u0103 calitate 6clbca de v\u00e2nzare \u00een magazinul nostru online securizat, r\u0103spunz\u00e2nd cerin\u021belor dvs. de cercetare. Comanda\u021bi acum!","robots":{"index":"index","follow":"follow","max-snippet":"max-snippet:-1","max-image-preview":"max-image-preview:large","max-video-preview":"max-video-preview:-1"},"canonical":"https:\/\/narcopowders.com\/ro\/produs\/buy-6clbca-online\/","og_locale":"ro_RO","og_type":"article","og_title":"Buy 6CLBCA Online - 6CLBCA Powder for Sale","og_description":"Where to buy 6clbca online at the best price? Find high-quality 6clbca powder for sale at our secure online store, catering to your research requirements. Order Now!","og_url":"https:\/\/narcopowders.com\/ro\/produs\/buy-6clbca-online\/","og_site_name":"Narco Powders","article_modified_time":"2025-05-06T06:57:52+00:00","og_image":[{"width":600,"height":600,"url":"https:\/\/narcopowders.com\/wp-content\/uploads\/2024\/05\/6clbca.gif","type":"image\/gif"}],"twitter_card":"summary_large_image","twitter_misc":{"Timp estimat pentru citire":"2 minute"},"schema":{"@context":"https:\/\/schema.org","@graph":[{"@type":"WebPage","@id":"https:\/\/narcopowders.com\/product\/buy-6clbca-online\/","url":"https:\/\/narcopowders.com\/product\/buy-6clbca-online\/","name":"Cumpara 6CLBCA Online - 6CLBCA Pulbere de v\u00e2nzare","isPartOf":{"@id":"https:\/\/narcopowders.com\/#website"},"primaryImageOfPage":{"@id":"https:\/\/narcopowders.com\/product\/buy-6clbca-online\/#primaryimage"},"image":{"@id":"https:\/\/narcopowders.com\/product\/buy-6clbca-online\/#primaryimage"},"thumbnailUrl":"https:\/\/narcopowders.com\/wp-content\/uploads\/2024\/05\/6clbca.gif","datePublished":"2024-05-23T06:14:04+00:00","dateModified":"2025-05-06T06:57:52+00:00","description":"De unde s\u0103 cump\u0103ra\u021bi 6clbca online la cel mai bun pre\u021b? G\u0103si\u021bi pulberea de \u00eenalt\u0103 calitate 6clbca de v\u00e2nzare \u00een magazinul nostru online securizat, r\u0103spunz\u00e2nd cerin\u021belor dvs. de cercetare. Comanda\u021bi acum!","breadcrumb":{"@id":"https:\/\/narcopowders.com\/product\/buy-6clbca-online\/#breadcrumb"},"inLanguage":"ro-RO","potentialAction":[{"@type":"ReadAction","target":["https:\/\/narcopowders.com\/product\/buy-6clbca-online\/"]}]},{"@type":"ImageObject","inLanguage":"ro-RO","@id":"https:\/\/narcopowders.com\/product\/buy-6clbca-online\/#primaryimage","url":"https:\/\/narcopowders.com\/wp-content\/uploads\/2024\/05\/6clbca.gif","contentUrl":"https:\/\/narcopowders.com\/wp-content\/uploads\/2024\/05\/6clbca.gif","width":600,"height":600,"caption":"Buy 6CLBCA Online"},{"@type":"BreadcrumbList","@id":"https:\/\/narcopowders.com\/product\/buy-6clbca-online\/#breadcrumb","itemListElement":[{"@type":"ListItem","position":1,"name":"Home","item":"https:\/\/narcopowders.com\/"},{"@type":"ListItem","position":2,"name":"Shop Page","item":"https:\/\/narcopowders.com\/shop\/"},{"@type":"ListItem","position":3,"name":"Buy 6CLBCA Online"}]},{"@type":"WebSite","@id":"https:\/\/narcopowders.com\/#website","url":"https:\/\/narcopowders.com\/","name":"Pulberi narcotice","description":"Blogul meu WordPress","potentialAction":[{"@type":"SearchAction","target":{"@type":"EntryPoint","urlTemplate":"https:\/\/narcopowders.com\/?s={search_term_string}"},"query-input":{"@type":"PropertyValueSpecification","valueRequired":true,"valueName":"search_term_string"}}],"inLanguage":"ro-RO"}]}},"_links":{"self":[{"href":"https:\/\/narcopowders.com\/ro\/wp-json\/wp\/v2\/product\/20461","targetHints":{"allow":["GET"]}}],"collection":[{"href":"https:\/\/narcopowders.com\/ro\/wp-json\/wp\/v2\/product"}],"about":[{"href":"https:\/\/narcopowders.com\/ro\/wp-json\/wp\/v2\/types\/product"}],"replies":[{"embeddable":true,"href":"https:\/\/narcopowders.com\/ro\/wp-json\/wp\/v2\/comments?post=20461"}],"wp:featuredmedia":[{"embeddable":true,"href":"https:\/\/narcopowders.com\/ro\/wp-json\/wp\/v2\/media\/21306"}],"wp:attachment":[{"href":"https:\/\/narcopowders.com\/ro\/wp-json\/wp\/v2\/media?parent=20461"}],"wp:term":[{"taxonomy":"product_brand","embeddable":true,"href":"https:\/\/narcopowders.com\/ro\/wp-json\/wp\/v2\/product_brand?post=20461"},{"taxonomy":"product_cat","embeddable":true,"href":"https:\/\/narcopowders.com\/ro\/wp-json\/wp\/v2\/product_cat?post=20461"},{"taxonomy":"product_tag","embeddable":true,"href":"https:\/\/narcopowders.com\/ro\/wp-json\/wp\/v2\/product_tag?post=20461"}],"curies":[{"name":"wp","href":"https:\/\/api.w.org\/{rel}","templated":true}]}}