{"id":20481,"date":"2024-05-23T06:14:06","date_gmt":"2024-05-23T06:14:06","guid":{"rendered":"https:\/\/narcopowders.com\/?post_type=product&#038;p=20481"},"modified":"2025-03-26T07:53:12","modified_gmt":"2025-03-26T07:53:12","slug":"buy-5f-mdp-online","status":"publish","type":"product","link":"https:\/\/narcopowders.com\/ro\/produs\/5f-mdp\/","title":{"rendered":"Cump\u0103ra\u021bi 5F-MDP online"},"content":{"rendered":"<h2>Cump\u0103ra\u021bi 5F-MDP online<\/h2>\n<p><a href=\"https:\/\/narcopowders.com\/ro\/produs\/5f-mdp\/\">Buy 5F-MDP<\/a>, Indazolul sintetic 5F-MDP este str\u00e2ns legat de 5f-mdmb-2201. Este o form\u0103 sintetic\u0103 de indazol-3-carboxamid\u0103 care este utilizat\u0103 pe scar\u0103 larg\u0103. Sunt agoni\u0219ti CB1 foarte puternici. Nu este recunoscut\u0103 ca substan\u021b\u0103 recunoscut\u0103 \u00een nicio parte a \u021b\u0103rii sau jurisdic\u021bie. Se crede c\u0103 ace\u0219tia sunt analogi ai 5F sau compu\u0219i \u00eenrudi\u021bi. Deoarece este comercializat ca substan\u021b\u0103 chimic\u0103 de cercetare, nu este potrivit pentru consumul uman sau animal. Ele pot fi utilizate numai de c\u0103tre speciali\u0219ti criminali\u0219ti sau de laborator califica\u021bi. Pute\u021bi <a href=\"https:\/\/narcopowders.com\/ro\/\">purchase 5F-MDP online<\/a> at a reasonable price from <a href=\"https:\/\/en.wikipedia.org\/wiki\/5F-MDMB-PICA\">NarcoPowders<\/a> .<\/p>\n<h3>Trecutul 5F-MDP<\/h3>\n<p>5F-MDP crystals are also known as <a href=\"https:\/\/www.bing.com\/search?q=Buy%205F-MDP%20online&amp;qs=n&amp;form=QBRE&amp;sp=-1&amp;lq=0&amp;pq=buy%205f-mdp%20online&amp;sc=9-17&amp;sk=&amp;cvid=6901E34219794B65A3244E12C26E5706&amp;ghsh=0&amp;ghacc=0&amp;ghpl=\">5F-AMB-PICA<\/a>, 5F-MMB-PICA \u0219i I-AMB. Acest canabinoid artificial este derivat din indol-3-carboxamid\u0103. Acesta este comercializat ca drog de design \u0219i este considerat un ingredient activ \u00een amestecurile de canabis sintetic. Acesta a fost utilizat \u00een Belarus \u0219i Rusia \u00een ianuarie 2014. Analogul este un nucleu de indol 5F-AMB. Compu\u0219ii canabinoizi sintetici mai noi cu un nucleu indol-3-carboxamid\u0103 sau indazol-3-carboxamid\u0103, inclusiv o grupare N-1-metoxicarbonil cu un substituent izopropil sau t-butil ata\u0219at, s-au dovedit a fi mai pu\u021bin periculo\u0219i dec\u00e2t cei mai vechi compu\u0219i sintetici de canabis<\/p>\n<h3>De ce suntem cel mai bun loc pentru a cump\u0103ra 5F-MDP?<\/h3>\n<p>If you want to <a href=\"https:\/\/www.bing.com\/search?q=Buy%205F-MDP%20online&amp;qs=n&amp;form=QBRE&amp;sp=-1&amp;lq=0&amp;pq=buy%205f-mdp%20online&amp;sc=9-17&amp;sk=&amp;cvid=6901E34219794B65A3244E12C26E5706&amp;ghsh=0&amp;ghacc=0&amp;ghpl=\">cump\u0103ra\u021bi un 5F-MDP online<\/a> F\u0103r\u0103 a fi nevoie s\u0103 ar\u0103\u021bi re\u021beta nim\u0103nui, ai ajuns la locul potrivit. Oferim o gam\u0103 larg\u0103 de substan\u021be chimice la pre\u021buri competitive.<\/p>\n<p>Scopul nostru este de a oferi cel mai bun serviciu de livrare pentru produsele premium \u00een cel mai scurt timp posibil.<\/p>\n<p>Cu o mas\u0103 molar\u0103 de 376,5 g mol -1, magazinul nostru online este de culoare maro sau galben\u0103. Formula molecular\u0103 a moleculei este C21H29FN203, iar puritatea sa este mai mare de 99,7%. Produsul chimic poate fi transportat \u0219i \u00een cele mai \u00eendep\u0103rtate col\u021buri ale p\u0103m\u00e2ntului. De asemenea, promitem c\u0103 produsele vor fi livrate \u00een condi\u021bii perfecte.<\/p>\n<p>Contact our online store to buy 5F-MDP. We will securely pack your entire order and deliver it to you. <a href=\"https:\/\/duckduckgo.com\/?q=Buy+5F-MDP+online&amp;t=h_&amp;ia=web\">Get 5F-MDP now<\/a>!<\/p>\n<h3>Comanda\u021bi 5F-MDP de la Buy Nembutal ast\u0103zi!<\/h3>\n<p>5F-MDMB-2201 for sale is a powerful <a href=\"https:\/\/www.google.com\/search?q=Buy+5F-MDP+online&amp;sca_esv=2a2a93e8be91f013&amp;sxsrf=AHTn8zrFZUv2vyzplVAmMnvJTgMv8Ix2Ag%3A1742975117935&amp;ei=jbDjZ8DhOI-hseMPieTPsQU&amp;ved=0ahUKEwiA3IamoKeMAxWPUGwGHQnyM1YQ4dUDCA8&amp;uact=5&amp;oq=Buy+5F-MDP+online&amp;gs_lp=Egxnd3Mtd2l6LXNlcnAiEUJ1eSA1Ri1NRFAgb25saW5lMgQQIxgnMgUQABjvBUjzBlDCAVjCAXABeACQAQCYAfoBoAH6AaoBAzItMbgBA8gBAPgBAfgBApgCAqACqAKoAhTCAgcQIxgnGOoCwgIUEAAYgAQYkQIYtAIYigUY6gLYAQHCAhQQABiABBjjBBi0AhjpBBjqAtgBAcICEBAAGAMYtAIY6gIYjwHYAQHCAhAQLhgDGLQCGOoCGI8B2AEBmAMk8QU8T4IcLrT-_boGBggBEAEYAZIHBTEuMC4xoAfXArIHAzItMbgHhAI&amp;sclient=gws-wiz-serp\">chimie de cercetare<\/a> 5F-MDMB-2201 de v\u00e2nzare este o substan\u021b\u0103 chimic\u0103 de cercetare puternic\u0103 care devine din ce \u00een ce mai popular\u0103 \u00een r\u00e2ndul oamenilor de \u0219tiin\u021b\u0103, cercet\u0103torilor \u0219i pasiona\u021bilor. Acest compus este cunoscut pentru diversele sale beneficii medicale \u0219i a fost, de asemenea, identificat ca un poten\u021bial candidat la medicamente. La NarcoPowders, pute\u021bi cump\u0103ra cu u\u0219urin\u021b\u0103 5F-MDMB-2201 online la pre\u021buri accesibile. <a href=\"https:\/\/duckduckgo.com\/?q=Buy+5F-MDP+online&amp;t=h_&amp;ia=web\">NarcoPowders<\/a>, you can easily buy 5F-MDMB-2201 online at affordable prices.<\/p>\n<h3>Avantajele \u0219i utilizarea 5F-MDP.<\/h3>\n<p><a href=\"https:\/\/www.google.com\/search?q=Buy+5F-MDP+online&amp;sca_esv=2a2a93e8be91f013&amp;sxsrf=AHTn8zrFZUv2vyzplVAmMnvJTgMv8Ix2Ag%3A1742975117935&amp;ei=jbDjZ8DhOI-hseMPieTPsQU&amp;ved=0ahUKEwiA3IamoKeMAxWPUGwGHQnyM1YQ4dUDCA8&amp;uact=5&amp;oq=Buy+5F-MDP+online&amp;gs_lp=Egxnd3Mtd2l6LXNlcnAiEUJ1eSA1Ri1NRFAgb25saW5lMgQQIxgnMgUQABjvBUjzBlDCAVjCAXABeACQAQCYAfoBoAH6AaoBAzItMbgBA8gBAPgBAfgBApgCAqACqAKoAhTCAgcQIxgnGOoCwgIUEAAYgAQYkQIYtAIYigUY6gLYAQHCAhQQABiABBjjBBi0AhjpBBjqAtgBAcICEBAAGAMYtAIY6gIYjwHYAQHCAhAQLhgDGLQCGOoCGI8B2AEBmAMk8QU8T4IcLrT-_boGBggBEAEYAZIHBTEuMC4xoAfXArIHAzItMbgHhAI&amp;sclient=gws-wiz-serp\">5f Mdmb 2201<\/a> este un canabinoid sintetic despre care se crede c\u0103 are multe dintre acelea\u0219i beneficii medicinale ca \u0219i THC. Acest compus este \u00een prezent investigat pentru poten\u021biala sa valoare terapeutic\u0103 \u00een cazul unei variet\u0103\u021bi de boli. Unele dintre condi\u021biile \u00een care 5F MDMB 2201 online s-a dovedit a fi eficient \u00eempotriva epilepsiei \u0219i a anxiet\u0103\u021bii. \u00cen plus, 5f Mdmb 2201 s-a dovedit a fi eficient \u00eempotriva bolii Alzheimer \u0219i a altor forme de demen\u021b\u0103. De\u0219i exist\u0103 \u00eenc\u0103 unele incertitudini \u00een ceea ce prive\u0219te \u00eentreaga gam\u0103 de efecte terapeutice ale 5f Mdmb 2201, exist\u0103 un mare poten\u021bial ca acest compus s\u0103 devin\u0103 un juc\u0103tor important \u00een tratamentul medical \u00een viitor.<\/p>","protected":false},"excerpt":{"rendered":"<p>Buy 5F-MDP online Buy 5F-MDP, The synthetic indazole 5F-MDP is closely related to 5f-mdmb-2201. It is a synthetic form of indazole-3-carboxamide that is widely used. They are highly potent CB1 agonists. It is not recognized as a recognized substance in any part of the country or jurisdiction. These are believed to be analogues of 5F [&hellip;]<\/p>","protected":false},"featured_media":21302,"comment_status":"open","ping_status":"closed","template":"","meta":{"_joinchat":[]},"product_brand":[],"product_cat":[1724,1538],"product_tag":[],"class_list":{"0":"post-20481","1":"product","2":"type-product","3":"status-publish","4":"has-post-thumbnail","6":"product_cat-research-chemicals","7":"product_cat-cannabinoids","9":"first","10":"instock","11":"shipping-taxable","12":"purchasable","13":"product-type-variable","14":"add-to-wishlist-after_add_to_cart"},"yoast_head":"<!-- This site is optimized with the Yoast SEO plugin v25.9 - https:\/\/yoast.com\/wordpress\/plugins\/seo\/ -->\n<title>Buy 5F-MDP Online - 5F-MDP for Sale | NarcoPowders<\/title>\n<meta name=\"description\" content=\"Discover top-notch 5f-mdp for sale at our online store - buy 5f-mdp powder conveniently and securely to fuel your research. Explore and buy 5f-mdp online, advancing your scientific endeavors with ease. Order Now!\" \/>\n<meta name=\"robots\" content=\"index, follow, max-snippet:-1, max-image-preview:large, max-video-preview:-1\" \/>\n<link rel=\"canonical\" href=\"https:\/\/narcopowders.com\/ro\/produs\/5f-mdp\/\" \/>\n<meta property=\"og:locale\" content=\"ro_RO\" \/>\n<meta property=\"og:type\" content=\"article\" \/>\n<meta property=\"og:title\" content=\"Buy 5F-MDP Online - 5F-MDP for Sale | NarcoPowders\" \/>\n<meta property=\"og:description\" content=\"Discover top-notch 5f-mdp for sale at our online store - buy 5f-mdp powder conveniently and securely to fuel your research. Explore and buy 5f-mdp online, advancing your scientific endeavors with ease. Order Now!\" \/>\n<meta property=\"og:url\" content=\"https:\/\/narcopowders.com\/ro\/produs\/5f-mdp\/\" \/>\n<meta property=\"og:site_name\" content=\"Narco Powders\" \/>\n<meta property=\"article:modified_time\" content=\"2025-03-26T07:53:12+00:00\" \/>\n<meta property=\"og:image\" content=\"https:\/\/narcopowders.com\/wp-content\/uploads\/2024\/05\/5f-mdp.gif\" \/>\n\t<meta property=\"og:image:width\" content=\"600\" \/>\n\t<meta property=\"og:image:height\" content=\"600\" \/>\n\t<meta property=\"og:image:type\" content=\"image\/gif\" \/>\n<meta name=\"twitter:card\" content=\"summary_large_image\" \/>\n<meta name=\"twitter:label1\" content=\"Timp estimat pentru citire\" \/>\n\t<meta name=\"twitter:data1\" content=\"3 minute\" \/>\n<!-- \/ Yoast SEO plugin. -->","yoast_head_json":{"title":"Cump\u0103ra\u021bi 5F-MDP online - 5F-MDP de v\u00e2nzare | NarcoPowders","description":"Descoperi\u021bi 5f-mdp de top-notch de v\u00e2nzare la magazinul nostru online - cump\u0103ra\u021bi 5f-mdp pulbere convenabil \u0219i sigur pentru a v\u0103 alimenta cercetarea. Explora\u021bi \u0219i cump\u0103ra\u021bi 5f-mdp online, avans\u00e2nd cu u\u0219urin\u021b\u0103 eforturile dvs. \u0219tiin\u021bifice. Comanda\u021bi acum!","robots":{"index":"index","follow":"follow","max-snippet":"max-snippet:-1","max-image-preview":"max-image-preview:large","max-video-preview":"max-video-preview:-1"},"canonical":"https:\/\/narcopowders.com\/ro\/produs\/5f-mdp\/","og_locale":"ro_RO","og_type":"article","og_title":"Buy 5F-MDP Online - 5F-MDP for Sale | NarcoPowders","og_description":"Discover top-notch 5f-mdp for sale at our online store - buy 5f-mdp powder conveniently and securely to fuel your research. Explore and buy 5f-mdp online, advancing your scientific endeavors with ease. Order Now!","og_url":"https:\/\/narcopowders.com\/ro\/produs\/5f-mdp\/","og_site_name":"Narco Powders","article_modified_time":"2025-03-26T07:53:12+00:00","og_image":[{"width":600,"height":600,"url":"https:\/\/narcopowders.com\/wp-content\/uploads\/2024\/05\/5f-mdp.gif","type":"image\/gif"}],"twitter_card":"summary_large_image","twitter_misc":{"Timp estimat pentru citire":"3 minute"},"schema":{"@context":"https:\/\/schema.org","@graph":[{"@type":"WebPage","@id":"https:\/\/narcopowders.com\/product\/buy-5f-mdp-online\/","url":"https:\/\/narcopowders.com\/product\/buy-5f-mdp-online\/","name":"Cump\u0103ra\u021bi 5F-MDP online - 5F-MDP de v\u00e2nzare | NarcoPowders","isPartOf":{"@id":"https:\/\/narcopowders.com\/#website"},"primaryImageOfPage":{"@id":"https:\/\/narcopowders.com\/product\/buy-5f-mdp-online\/#primaryimage"},"image":{"@id":"https:\/\/narcopowders.com\/product\/buy-5f-mdp-online\/#primaryimage"},"thumbnailUrl":"https:\/\/narcopowders.com\/wp-content\/uploads\/2024\/05\/5f-mdp.gif","datePublished":"2024-05-23T06:14:06+00:00","dateModified":"2025-03-26T07:53:12+00:00","description":"Descoperi\u021bi 5f-mdp de top-notch de v\u00e2nzare la magazinul nostru online - cump\u0103ra\u021bi 5f-mdp pulbere convenabil \u0219i sigur pentru a v\u0103 alimenta cercetarea. Explora\u021bi \u0219i cump\u0103ra\u021bi 5f-mdp online, avans\u00e2nd cu u\u0219urin\u021b\u0103 eforturile dvs. \u0219tiin\u021bifice. Comanda\u021bi acum!","breadcrumb":{"@id":"https:\/\/narcopowders.com\/product\/buy-5f-mdp-online\/#breadcrumb"},"inLanguage":"ro-RO","potentialAction":[{"@type":"ReadAction","target":["https:\/\/narcopowders.com\/product\/buy-5f-mdp-online\/"]}]},{"@type":"ImageObject","inLanguage":"ro-RO","@id":"https:\/\/narcopowders.com\/product\/buy-5f-mdp-online\/#primaryimage","url":"https:\/\/narcopowders.com\/wp-content\/uploads\/2024\/05\/5f-mdp.gif","contentUrl":"https:\/\/narcopowders.com\/wp-content\/uploads\/2024\/05\/5f-mdp.gif","width":600,"height":600,"caption":"Buy 5f-mdp Online"},{"@type":"BreadcrumbList","@id":"https:\/\/narcopowders.com\/product\/buy-5f-mdp-online\/#breadcrumb","itemListElement":[{"@type":"ListItem","position":1,"name":"Home","item":"https:\/\/narcopowders.com\/"},{"@type":"ListItem","position":2,"name":"Shop Page","item":"https:\/\/narcopowders.com\/shop\/"},{"@type":"ListItem","position":3,"name":"Buy 5F-MDP Online"}]},{"@type":"WebSite","@id":"https:\/\/narcopowders.com\/#website","url":"https:\/\/narcopowders.com\/","name":"Pulberi narcotice","description":"Blogul meu WordPress","potentialAction":[{"@type":"SearchAction","target":{"@type":"EntryPoint","urlTemplate":"https:\/\/narcopowders.com\/?s={search_term_string}"},"query-input":{"@type":"PropertyValueSpecification","valueRequired":true,"valueName":"search_term_string"}}],"inLanguage":"ro-RO"}]}},"_links":{"self":[{"href":"https:\/\/narcopowders.com\/ro\/wp-json\/wp\/v2\/product\/20481","targetHints":{"allow":["GET"]}}],"collection":[{"href":"https:\/\/narcopowders.com\/ro\/wp-json\/wp\/v2\/product"}],"about":[{"href":"https:\/\/narcopowders.com\/ro\/wp-json\/wp\/v2\/types\/product"}],"replies":[{"embeddable":true,"href":"https:\/\/narcopowders.com\/ro\/wp-json\/wp\/v2\/comments?post=20481"}],"wp:featuredmedia":[{"embeddable":true,"href":"https:\/\/narcopowders.com\/ro\/wp-json\/wp\/v2\/media\/21302"}],"wp:attachment":[{"href":"https:\/\/narcopowders.com\/ro\/wp-json\/wp\/v2\/media?parent=20481"}],"wp:term":[{"taxonomy":"product_brand","embeddable":true,"href":"https:\/\/narcopowders.com\/ro\/wp-json\/wp\/v2\/product_brand?post=20481"},{"taxonomy":"product_cat","embeddable":true,"href":"https:\/\/narcopowders.com\/ro\/wp-json\/wp\/v2\/product_cat?post=20481"},{"taxonomy":"product_tag","embeddable":true,"href":"https:\/\/narcopowders.com\/ro\/wp-json\/wp\/v2\/product_tag?post=20481"}],"curies":[{"name":"wp","href":"https:\/\/api.w.org\/{rel}","templated":true}]}}