{"id":20488,"date":"2024-05-23T06:14:11","date_gmt":"2024-05-23T06:14:11","guid":{"rendered":"https:\/\/narcopowders.com\/?post_type=product&#038;p=20488"},"modified":"2025-03-26T12:54:51","modified_gmt":"2025-03-26T12:54:51","slug":"buy-3f-pvp-online","status":"publish","type":"product","link":"https:\/\/narcopowders.com\/ro\/produs\/buy-3f-pvp-online\/","title":{"rendered":"\u00a0Cump\u0103ra\u021bi 3F-PVP online"},"content":{"rendered":"<h2>Cumpara 3F-PVP (3FPVP) CRISTALE online \u00een SUA.<\/h2>\n<p><a href=\"https:\/\/narcopowders.com\/ro\/produs\/buy-3f-pvp-online\/\">Cumpara 3F-PVP (3FPVP) CRISTALE<\/a> at <a href=\"https:\/\/narcopowders.com\/ro\/\">NarcoPowders<\/a> to meet all your chemical needs. The company<\/p>\n<p>se str\u0103duie\u0219te s\u0103 ofere clien\u021bilor s\u0103i cele mai bune servicii posibile, deoarece a c\u00e2\u0219tigat \u00eencrederea multor oameni.<\/p>\n<h3>3F-PVP: CE ESTE?<\/h3>\n<p><a href=\"https:\/\/en.wikipedia.org\/wiki\/3F-PVP\">3F-PVP online<\/a> 3F-PVP online este un NarcoPowders din clasa cathinonei \u0219i are acelea\u0219i propriet\u0103\u021bi ca \u0219i A-PHP. 3F-alpha-PVP este denumirea chimic\u0103 a 3F-PVP. 3f-PVP are o greutate molecular\u0103 de 249,32 \u0219i formula C15H20FNO .<\/p>\n<p>Dozajul de 3F-PVP produce o senza\u021bie euforic\u0103 moderat\u0103 p\u00e2n\u0103 la intens\u0103, care p\u0103trunde \u00een tot corpul. \u00cen al doilea r\u00e2nd, poate fi cople\u0219itor la doze mari. Promoveaz\u0103 activit\u0103\u021bile recreative, cum ar fi dansul, c\u0103\u021b\u0103ratul \u0219i alergarea.<\/p>\n<p>Uneori devine imposibil. Tremur\u0103turile severe ale m\u00e2inilor \u0219i o lips\u0103 general\u0103 de control motor sunt cauzate de \u00eencle\u0219tarea maxilarului, de tremur\u0103turile involuntare ale corpului \u0219i de vibra\u021bii, ceea ce face dificil\u0103 sau adesea imposibil\u0103 r\u0103m\u00e2nerea nemi\u0219cat\u0103. De\u0219i acest medicament are unele efecte negative, cum ar fi: Cu toate acestea, din cauza anumitor simptome, cum ar fi abilitatea unei persoane de a-\u0219i mi\u0219ca ochii \u00eenainte \u0219i \u00eenapoi \u00eentr-un mod sacadat, ceea ce poate provoca \u00eence\u021bo\u0219area temporar\u0103 \u0219i vedere \u00eence\u021bo\u0219at\u0103, se recomand\u0103 \u00een continuare s\u0103 vorbi\u021bi \u00eentotdeauna cu medicul dumneavoastr\u0103 \u00eenainte de a-l utiliza. Cump\u0103ra\u021bi 3F-PVP (3FPVP) CRYSTALS online \u00een SUA. <a href=\"https:\/\/www.bing.com\/search?q=%C2%A0Buy%203F-PVP%20Online&amp;qs=n&amp;form=QBRE&amp;sp=-1&amp;lq=0&amp;pq=%C2%A0buy%203f-pvp%20online&amp;sc=9-18&amp;sk=&amp;cvid=F12718026CAD4580A2F80BB8B3515159&amp;ghsh=0&amp;ghacc=0&amp;ghpl=\">Cumpara 3F-PVP (3FPVP) CRISTALE online \u00een SUA.<\/a>.<\/p>\n<h3>SITE-UL IDEAL PENTRU A CUMP\u0102RA 3F-PVP ONLINE<\/h3>\n<p>Unul dintre comercian\u021bii cu am\u0103nuntul online de \u00eencredere \u0219i de \u00eencredere de 3F-PVP este NarcoPowders. Clien\u021bii au oferit companiei multe comentarii pozitive, afirm\u00e2nd c\u0103 primesc produse de cea mai bun\u0103 calitate posibil\u0103.<\/p>\n<p>Pentru a cump\u0103ra 3F-PVP online trebuie s\u0103 ave\u021bi cel pu\u021bin 18 ani. Oferim comenzi online pentru 3F-PVP \u00een cantit\u0103\u021bi care variaz\u0103 de la c\u00e2teva miligrame p\u00e2n\u0103 la 25 de kilograme. Compania ofer\u0103 servicii de expediere \u00een toat\u0103 lumea. Pentru a se asigura c\u0103 nimeni nu afl\u0103 ce se afl\u0103 \u00een pachet, fiecare pachet este \u00eempachetat individual. Toate informa\u021biile dumneavoastr\u0103 sunt stocate \u00een sistemul nostru. Prin urmare, nu exist\u0103 nicio posibilitate ca datele dumneavoastr\u0103 s\u0103 fie compromise. Bunurile vor fi livrate \u00een cel mai scurt timp posibil.<\/p>\n<h3>CUMPARA 3F-PVP (3FPVP) CRISTALE ONLINE.<\/h3>\n<p><strong>Descriere<\/strong><\/p>\n<p>Would you like to <a href=\"https:\/\/duckduckgo.com\/?q=%C2%A0Buy+3F-PVP+Online&amp;t=h_&amp;ia=web\">cump\u0103ra\u021bi pulbere 3F-PVP<\/a>Dori\u021bi s\u0103 cump\u0103ra\u021bi pulbere 3F-PVP, 3-fluoro-\u03b1-pirrolidinovalerofenon\u0103? Atunci a\u021bi ajuns la locul potrivit! Toate substan\u021bele chimice de cercetare din magazinul nostru online sunt testate \u00een laborator \u0219i sunt de cea mai bun\u0103 calitate. Comenzile sunt ambalate discret \u0219i expediate \u00een 24 de ore. \u00cen plus, pute\u021bi pl\u0103ti \u00een siguran\u021b\u0103 \u0219i rapid cu Bitcoin \u0219i criptomonede.<\/p>\n<h3>De unde pot cump\u0103ra 3F-PVP?<\/h3>\n<p>\u00cen magazinul nostru web ve\u021bi g\u0103si toate substan\u021bele chimice de cercetare \u0219i aici pute\u021bi comanda, de asemenea, 3F-PVP \u00een cea mai bun\u0103 calitate. <a href=\"https:\/\/www.google.com\/search?q=%C2%A0Buy+3F-PVP+Online&amp;sca_esv=2a2a93e8be91f013&amp;sxsrf=AHTn8zpPPsmwzj6zJPLCOE80jLMxwLxZgA%3A1742973216562&amp;ei=IKnjZ-eFIpO4seMP8OfD6A4&amp;ved=0ahUKEwjnlbSbmaeMAxUTXGwGHfDzEO0Q4dUDCA8&amp;uact=5&amp;oq=%C2%A0Buy+3F-PVP+Online&amp;gs_lp=Egxnd3Mtd2l6LXNlcnAiE8KgQnV5IDNGLVBWUCBPbmxpbmUyBBAjGCcyCBAAGIAEGKIEMgUQABjvBTIFEAAY7wUyBRAAGO8FSI4HUM4BWM4BcAF4AJABAJgBtwGgAbcBqgEDMC4xuAEDyAEA-AEB-AECmAICoALyAagCFMICBxAjGCcY6gLCAg0QLhjRAxjHARgnGOoCwgIUEAAYgAQYkQIYtAIYigUY6gLYAQHCAhQQLhiABBiRAhi0AhiKBRjqAtgBAcICEBAAGAMYtAIY6gIYjwHYAQGYAzDxBYUf81X8VCZnugYGCAEQARgBkgcDMS4xoAfeA7IHAzAuMbgHwgE&amp;sclient=gws-wiz-serp\">Comanda\u021bi 3F-PVP de cea mai bun\u0103 calitate<\/a>.<\/p>\n<p>Aceast\u0103 substan\u021b\u0103 este destinat\u0103 exclusiv utiliz\u0103rii \u00een laborator.<\/p>\n<p>Asigura\u021bi-v\u0103 \u00eentotdeauna c\u0103 lua\u021bi m\u0103surile de siguran\u021b\u0103 adecvate. De exemplu, nu uita\u021bi s\u0103 v\u0103 acoperi\u021bi pielea expus\u0103 \u0219i s\u0103 purta\u021bi ochelari de protec\u021bie.<\/p>\n<p>V\u0103 rug\u0103m s\u0103 re\u021bine\u021bi: Ca \u0219i alte substan\u021be chimice de cercetare, 3F-PVP este destinat exclusiv cercet\u0103rii \u0219i nu trebuie consumat de oameni, animale sau alte fiin\u021be vii.<\/p>\n<p>Depozita\u021bi \u00eentr-un loc uscat \u0219i r\u0103coros pentru a asigura o durat\u0103 de valabilitate maxim\u0103.<\/p>\n<p>Nu vindem substan\u021be chimice de cercetare nim\u0103nui cu v\u00e2rsta sub 18 ani.<\/p>","protected":false},"excerpt":{"rendered":"<p>Buy 3F-PVP (3FPVP) CRYSTALS online in USA. Buy 3F-PVP (3FPVP) CRYSTALS at NarcoPowders to meet all your chemical needs. The company strives to provide its customers with the greatest possible service as it has won the trust of many people . 3F-PVP: WHAT IS IT? 3F-PVP online is a cathinone class NarcoPowders and has the [&hellip;]<\/p>","protected":false},"featured_media":21283,"comment_status":"open","ping_status":"closed","template":"","meta":{"_joinchat":[]},"product_brand":[],"product_cat":[1539,1724],"product_tag":[1549,1550,1551,1552],"class_list":{"0":"post-20488","1":"product","2":"type-product","3":"status-publish","4":"has-post-thumbnail","6":"product_cat-cathinone","7":"product_cat-research-chemicals","8":"product_tag-3f-pihp","9":"product_tag-4cl-pvp","10":"product_tag-4f-php","11":"product_tag-4f-pvp","13":"first","14":"instock","15":"shipping-taxable","16":"purchasable","17":"product-type-variable","18":"add-to-wishlist-after_add_to_cart"},"yoast_head":"<!-- This site is optimized with the Yoast SEO plugin v25.9 - https:\/\/yoast.com\/wordpress\/plugins\/seo\/ -->\n<title>Buy 3F-PVP Online - 3F-PVP for Sale | NarcoPowders<\/title>\n<meta name=\"description\" content=\"Looking to further your research? Buy 3f-pvp conveniently and securely online, with a straightforward ordering process for 3f-pvp for sale.\" \/>\n<meta name=\"robots\" content=\"index, follow, max-snippet:-1, max-image-preview:large, max-video-preview:-1\" \/>\n<link rel=\"canonical\" href=\"https:\/\/narcopowders.com\/ro\/produs\/buy-3f-pvp-online\/\" \/>\n<meta property=\"og:locale\" content=\"ro_RO\" \/>\n<meta property=\"og:type\" content=\"article\" \/>\n<meta property=\"og:title\" content=\"Buy 3F-PVP Online - 3F-PVP for Sale | NarcoPowders\" \/>\n<meta property=\"og:description\" content=\"Looking to further your research? Buy 3f-pvp conveniently and securely online, with a straightforward ordering process for 3f-pvp for sale.\" \/>\n<meta property=\"og:url\" content=\"https:\/\/narcopowders.com\/ro\/produs\/buy-3f-pvp-online\/\" \/>\n<meta property=\"og:site_name\" content=\"Narco Powders\" \/>\n<meta property=\"article:modified_time\" content=\"2025-03-26T12:54:51+00:00\" \/>\n<meta property=\"og:image\" content=\"https:\/\/narcopowders.com\/wp-content\/uploads\/2024\/05\/3fpvp.gif\" \/>\n\t<meta property=\"og:image:width\" content=\"600\" \/>\n\t<meta property=\"og:image:height\" content=\"600\" \/>\n\t<meta property=\"og:image:type\" content=\"image\/gif\" \/>\n<meta name=\"twitter:card\" content=\"summary_large_image\" \/>\n<meta name=\"twitter:label1\" content=\"Timp estimat pentru citire\" \/>\n\t<meta name=\"twitter:data1\" content=\"3 minute\" \/>\n<!-- \/ Yoast SEO plugin. -->","yoast_head_json":{"title":"Cumpara 3F-PVP Online - 3F-PVP de v\u00e2nzare | NarcoPowders","description":"Dori\u021bi s\u0103 v\u0103 continua\u021bi cercet\u0103rile? Cump\u0103ra\u021bi 3f-pvp \u00een mod convenabil \u0219i sigur online, cu un proces simplu de comand\u0103 pentru 3f-pvp de v\u00e2nzare.","robots":{"index":"index","follow":"follow","max-snippet":"max-snippet:-1","max-image-preview":"max-image-preview:large","max-video-preview":"max-video-preview:-1"},"canonical":"https:\/\/narcopowders.com\/ro\/produs\/buy-3f-pvp-online\/","og_locale":"ro_RO","og_type":"article","og_title":"Buy 3F-PVP Online - 3F-PVP for Sale | NarcoPowders","og_description":"Looking to further your research? Buy 3f-pvp conveniently and securely online, with a straightforward ordering process for 3f-pvp for sale.","og_url":"https:\/\/narcopowders.com\/ro\/produs\/buy-3f-pvp-online\/","og_site_name":"Narco Powders","article_modified_time":"2025-03-26T12:54:51+00:00","og_image":[{"width":600,"height":600,"url":"https:\/\/narcopowders.com\/wp-content\/uploads\/2024\/05\/3fpvp.gif","type":"image\/gif"}],"twitter_card":"summary_large_image","twitter_misc":{"Timp estimat pentru citire":"3 minute"},"schema":{"@context":"https:\/\/schema.org","@graph":[{"@type":"WebPage","@id":"https:\/\/narcopowders.com\/product\/buy-3f-pvp-online\/","url":"https:\/\/narcopowders.com\/product\/buy-3f-pvp-online\/","name":"Cumpara 3F-PVP Online - 3F-PVP de v\u00e2nzare | NarcoPowders","isPartOf":{"@id":"https:\/\/narcopowders.com\/#website"},"primaryImageOfPage":{"@id":"https:\/\/narcopowders.com\/product\/buy-3f-pvp-online\/#primaryimage"},"image":{"@id":"https:\/\/narcopowders.com\/product\/buy-3f-pvp-online\/#primaryimage"},"thumbnailUrl":"https:\/\/narcopowders.com\/wp-content\/uploads\/2024\/05\/3fpvp.gif","datePublished":"2024-05-23T06:14:11+00:00","dateModified":"2025-03-26T12:54:51+00:00","description":"Dori\u021bi s\u0103 v\u0103 continua\u021bi cercet\u0103rile? Cump\u0103ra\u021bi 3f-pvp \u00een mod convenabil \u0219i sigur online, cu un proces simplu de comand\u0103 pentru 3f-pvp de v\u00e2nzare.","breadcrumb":{"@id":"https:\/\/narcopowders.com\/product\/buy-3f-pvp-online\/#breadcrumb"},"inLanguage":"ro-RO","potentialAction":[{"@type":"ReadAction","target":["https:\/\/narcopowders.com\/product\/buy-3f-pvp-online\/"]}]},{"@type":"ImageObject","inLanguage":"ro-RO","@id":"https:\/\/narcopowders.com\/product\/buy-3f-pvp-online\/#primaryimage","url":"https:\/\/narcopowders.com\/wp-content\/uploads\/2024\/05\/3fpvp.gif","contentUrl":"https:\/\/narcopowders.com\/wp-content\/uploads\/2024\/05\/3fpvp.gif","width":600,"height":600,"caption":"\u00a0Buy 3F-PVP Online"},{"@type":"BreadcrumbList","@id":"https:\/\/narcopowders.com\/product\/buy-3f-pvp-online\/#breadcrumb","itemListElement":[{"@type":"ListItem","position":1,"name":"Home","item":"https:\/\/narcopowders.com\/"},{"@type":"ListItem","position":2,"name":"Shop Page","item":"https:\/\/narcopowders.com\/shop\/"},{"@type":"ListItem","position":3,"name":"\u00a0Buy 3F-PVP Online"}]},{"@type":"WebSite","@id":"https:\/\/narcopowders.com\/#website","url":"https:\/\/narcopowders.com\/","name":"Pulberi narcotice","description":"Blogul meu WordPress","potentialAction":[{"@type":"SearchAction","target":{"@type":"EntryPoint","urlTemplate":"https:\/\/narcopowders.com\/?s={search_term_string}"},"query-input":{"@type":"PropertyValueSpecification","valueRequired":true,"valueName":"search_term_string"}}],"inLanguage":"ro-RO"}]}},"_links":{"self":[{"href":"https:\/\/narcopowders.com\/ro\/wp-json\/wp\/v2\/product\/20488","targetHints":{"allow":["GET"]}}],"collection":[{"href":"https:\/\/narcopowders.com\/ro\/wp-json\/wp\/v2\/product"}],"about":[{"href":"https:\/\/narcopowders.com\/ro\/wp-json\/wp\/v2\/types\/product"}],"replies":[{"embeddable":true,"href":"https:\/\/narcopowders.com\/ro\/wp-json\/wp\/v2\/comments?post=20488"}],"wp:featuredmedia":[{"embeddable":true,"href":"https:\/\/narcopowders.com\/ro\/wp-json\/wp\/v2\/media\/21283"}],"wp:attachment":[{"href":"https:\/\/narcopowders.com\/ro\/wp-json\/wp\/v2\/media?parent=20488"}],"wp:term":[{"taxonomy":"product_brand","embeddable":true,"href":"https:\/\/narcopowders.com\/ro\/wp-json\/wp\/v2\/product_brand?post=20488"},{"taxonomy":"product_cat","embeddable":true,"href":"https:\/\/narcopowders.com\/ro\/wp-json\/wp\/v2\/product_cat?post=20488"},{"taxonomy":"product_tag","embeddable":true,"href":"https:\/\/narcopowders.com\/ro\/wp-json\/wp\/v2\/product_tag?post=20488"}],"curies":[{"name":"wp","href":"https:\/\/api.w.org\/{rel}","templated":true}]}}