{"id":20495,"date":"2024-05-23T06:14:12","date_gmt":"2024-05-23T06:14:12","guid":{"rendered":"https:\/\/narcopowders.com\/?post_type=product&#038;p=20495"},"modified":"2024-05-24T10:11:45","modified_gmt":"2024-05-24T10:11:45","slug":"buy-5faeb-online","status":"publish","type":"product","link":"https:\/\/narcopowders.com\/ro\/produs\/cumpara-5faeb-online\/","title":{"rendered":"Cump\u0103ra\u021bi 5FAEB online"},"content":{"rendered":"<h2>Cump\u0103ra\u021bi 5FAEB online<\/h2>\n<p>Cump\u0103ra\u021bi 5F-AEB, Canabinoidele sunt substan\u021bele chimice active din marijuana medical\u0103. Ca atare, acestea sunt similare cu substan\u021bele chimice pe care le produce organismul \u0219i care sunt implicate \u00een apetit, memorie, mi\u0219care \u0219i durere<a href=\"https:\/\/narcopowders.com\/ro\/produs\/cumpara-5cladb-online\/\">.<\/a><\/p>\n<p>Cercet\u0103rile sugereaz\u0103 c\u0103 canabinoizii (5FAEB2201) ar putea<a href=\"https:\/\/en.wikipedia.org\/wiki\/5F-EMB-PINACA\">:<\/a><\/p>\n<p>Reduce\u021bi anxietatea<\/p>\n<p>Reducerea inflama\u021biei \u0219i ameliorarea durerii<\/p>\n<p>Controlul gre\u021burilor \u0219i v\u0103rs\u0103turilor cauzate de chimioterapie<\/p>\n<p>Ucide celulele canceroase \u0219i \u00eencetine\u0219te cre\u0219terea tumorilor<\/p>\n<p>Relaxa\u021bi mu\u0219chii str\u00e2n\u0219i la persoanele cu scleroz\u0103 multipl\u0103<\/p>\n<h3>Stimularea apetitului \u0219i \u00eembun\u0103t\u0103\u021birea cre\u0219terii \u00een greutate la persoanele cu cancer \u0219i SIDA 5FAEB2201<\/h3>\n<p>De asemenea, ve\u021bi vedea adesea persoane care raporteaz\u0103 c\u0103 exist\u0103 zeci sau chiar peste 100 de canabinoizi produ\u0219i de canabis. Dar este dificil de \u0219tiut num\u0103rul exact. \u00cen consecin\u021b\u0103, majoritatea 5FAEB2201 sunt prezente la niveluri foarte sc\u0103zute, mai ales \u00een produsele comerciale de canabis. Astfel, ceea ce face dificil\u0103 detectarea lor cu precizie de c\u0103tre oamenii de \u0219tiin\u021b\u0103. Cu toate acestea, punctul important este c\u0103 sunt mul\u021bi. \u00cen cele din urm\u0103, haide\u021bi s\u0103 arunc\u0103m o privire mai atent\u0103 asupra unora dintre canabinoizii majori care pot fi g\u0103si\u021bi \u00een produsele din canabis.<\/p>\n<p>\u00cen concluzie, canabisul nu produce \u00een mod direct cele mai cunoscute canabinoide asociate cu planta, THC \u0219i CBD. \u00cen schimb, acesta sintetizeaz\u0103 mai mul\u021bi acizi canabinoizi. Ca atare, ace\u0219ti acizi canabinoizi trebuie s\u0103 fie \"activa\u021bi\" (decarboxila\u021bi), de obicei prin c\u0103ldur\u0103, pentru a ob\u021bine compu\u0219ii pe care \u00eei caut\u0103 majoritatea consumatorilor (THC sau CBD). Mai presus de toate, \u00een plus fa\u021b\u0103 de THCA \u0219i CBDA, exist\u0103 un num\u0103r de acizi canabinoizi de rela\u021bie care pot fi produ\u0219i de canabis Cump\u0103ra\u021bi 5FAEB online.<\/p>\n<h3><span lang=\"EN-US\">de ce s\u0103 cumpere 5F-AEB-2201<\/span><span lang=\"EN-US\">\u00a0de la LegitChemicals<\/span><\/h3>\n<p><span lang=\"EN-US\">\u00a0<\/span><span lang=\"EN-US\">\u00cen loc s\u0103 te \u00eencurci cu\u00a0<strong>\u00een cazul \u00een care pentru a cump\u0103ra 5F-AEB-2201,\u00a0<\/strong>este bine s\u0103 alege\u021bi acest NarcoPowders. Este mai confortabil pentru utilizatori s\u0103 le comande prin intermediul platformei online \u0219i s\u0103 primeasc\u0103 produsul livrat \u00een c\u00e2teva zile sau chiar \u00een aceea\u0219i zi. Ambalajul produsului va fi perfect, sigur \u0219i sigur de utilizat, deoarece produsele sunt fabricate \u00een aceast\u0103 agen\u021bie cu formula standard \u0219i legal\u0103. Profesioni\u0219tii se pricep \u00eentotdeauna s\u0103 furnizeze produsul cerut \u0219i vor percepe doar un pre\u021b rezonabil \u00een func\u021bie de cantitatea de care ave\u021bi nevoie.\u00a0<\/span><\/p>\n<h4><strong><span lang=\"EN-US\">\u00a0<\/span><\/strong><span lang=\"EN-US\">Cum se utilizeaz\u0103 5F-AEB-2201<\/span><\/h4>\n<p><span lang=\"EN-US\">\u00a0<\/span><span lang=\"EN-US\">Acesta este un produs canabinoid sintetic care va provoca boli mintale \u0219i alte probleme atunci c\u00e2nd este luat f\u0103r\u0103 o doz\u0103 \u0219i cuno\u0219tin\u021be adecvate. Prin urmare, este mai bine s\u0103 v\u0103 adresa\u021bi medicului \u0219i s\u0103 ob\u021bine\u021bi medicamentul cu doza corect\u0103. Produsul va fi util \u00een diverse scopuri, dar este mai bine s\u0103 cunoa\u0219te\u021bi instruc\u021biunile \u00eenainte de a-l comanda. Medicamentele pe care le ob\u021bine\u021bi vor fi pure, de bun\u0103 calitate, eficiente din punct de vedere al costurilor \u0219i gata de utilizare \u00een scopuri de cercetare ulterioar\u0103. Aceast\u0103 companie va vinde \u00een principal produsul doar \u00een scopuri de cercetare \u0219i, de asemenea, produsele lor sunt legale \u0219i sub regulile \u0219i reglement\u0103rile guvernului SUA, Buy 5F-AEB .\u00a0<\/span><\/p>","protected":false},"excerpt":{"rendered":"<p>Buy 5FAEB Online Buy 5F-AEB,\u00a0 Cannabinoids is the active chemicals in medical marijuana. As such, they are similar to chemicals the body makes that are involved in appetite, memory, movement, and pain. Research suggests cannabinoids (5FAEB2201) might: Reduce anxiety Reduce inflammation and relieve pain Control nausea and vomiting caused by chemotherapy Kill cancer cells and [&hellip;]<\/p>","protected":false},"featured_media":21282,"comment_status":"open","ping_status":"closed","template":"","meta":{"_joinchat":[]},"product_brand":[],"product_cat":[15],"product_tag":[],"class_list":{"0":"post-20495","1":"product","2":"type-product","3":"status-publish","4":"has-post-thumbnail","6":"product_cat-uncategorized","8":"first","9":"instock","10":"shipping-taxable","11":"purchasable","12":"product-type-variable","13":"add-to-wishlist-after_add_to_cart"},"yoast_head":"<!-- This site is optimized with the Yoast SEO plugin v25.9 - https:\/\/yoast.com\/wordpress\/plugins\/seo\/ -->\n<title>Buy 5FAEB Online - Order 5FAEB Powder<\/title>\n<meta name=\"description\" content=\"Buy 5FAEB Online, 5F-ADB-33 is a synthetic indazole-based cannabinoid that belongs to the indazole-3-carboxamide family. 5faeb available at our onlinestore.\" \/>\n<meta name=\"robots\" content=\"index, follow, max-snippet:-1, max-image-preview:large, max-video-preview:-1\" \/>\n<link rel=\"canonical\" href=\"https:\/\/narcopowders.com\/ro\/produs\/cumpara-5faeb-online\/\" \/>\n<meta property=\"og:locale\" content=\"ro_RO\" \/>\n<meta property=\"og:type\" content=\"article\" \/>\n<meta property=\"og:title\" content=\"Buy 5FAEB Online - Order 5FAEB Powder\" \/>\n<meta property=\"og:description\" content=\"Buy 5FAEB Online, 5F-ADB-33 is a synthetic indazole-based cannabinoid that belongs to the indazole-3-carboxamide family. 5faeb available at our onlinestore.\" \/>\n<meta property=\"og:url\" content=\"https:\/\/narcopowders.com\/ro\/produs\/cumpara-5faeb-online\/\" \/>\n<meta property=\"og:site_name\" content=\"Narco Powders\" \/>\n<meta property=\"article:modified_time\" content=\"2024-05-24T10:11:45+00:00\" \/>\n<meta property=\"og:image\" content=\"https:\/\/narcopowders.com\/wp-content\/uploads\/2024\/05\/5f-AEB.gif\" \/>\n\t<meta property=\"og:image:width\" content=\"600\" \/>\n\t<meta property=\"og:image:height\" content=\"600\" \/>\n\t<meta property=\"og:image:type\" content=\"image\/gif\" \/>\n<meta name=\"twitter:card\" content=\"summary_large_image\" \/>\n<meta name=\"twitter:label1\" content=\"Timp estimat pentru citire\" \/>\n\t<meta name=\"twitter:data1\" content=\"3 minute\" \/>\n<!-- \/ Yoast SEO plugin. -->","yoast_head_json":{"title":"Cump\u0103ra\u021bi 5FAEB online - Comanda\u021bi 5FAEB pulbere","description":"Cump\u0103ra\u021bi 5FAEB online, 5F-ADB-33 este un canabinoid sintetic pe baz\u0103 de indazol care apar\u021bine familiei indazol-3-carboxamide. 5faeb disponibil la magazinul nostru online.","robots":{"index":"index","follow":"follow","max-snippet":"max-snippet:-1","max-image-preview":"max-image-preview:large","max-video-preview":"max-video-preview:-1"},"canonical":"https:\/\/narcopowders.com\/ro\/produs\/cumpara-5faeb-online\/","og_locale":"ro_RO","og_type":"article","og_title":"Buy 5FAEB Online - Order 5FAEB Powder","og_description":"Buy 5FAEB Online, 5F-ADB-33 is a synthetic indazole-based cannabinoid that belongs to the indazole-3-carboxamide family. 5faeb available at our onlinestore.","og_url":"https:\/\/narcopowders.com\/ro\/produs\/cumpara-5faeb-online\/","og_site_name":"Narco Powders","article_modified_time":"2024-05-24T10:11:45+00:00","og_image":[{"width":600,"height":600,"url":"https:\/\/narcopowders.com\/wp-content\/uploads\/2024\/05\/5f-AEB.gif","type":"image\/gif"}],"twitter_card":"summary_large_image","twitter_misc":{"Timp estimat pentru citire":"3 minute"},"schema":{"@context":"https:\/\/schema.org","@graph":[{"@type":"WebPage","@id":"https:\/\/narcopowders.com\/product\/buy-5faeb-online\/","url":"https:\/\/narcopowders.com\/product\/buy-5faeb-online\/","name":"Cump\u0103ra\u021bi 5FAEB online - Comanda\u021bi 5FAEB pulbere","isPartOf":{"@id":"https:\/\/narcopowders.com\/#website"},"primaryImageOfPage":{"@id":"https:\/\/narcopowders.com\/product\/buy-5faeb-online\/#primaryimage"},"image":{"@id":"https:\/\/narcopowders.com\/product\/buy-5faeb-online\/#primaryimage"},"thumbnailUrl":"https:\/\/narcopowders.com\/wp-content\/uploads\/2024\/05\/5f-AEB.gif","datePublished":"2024-05-23T06:14:12+00:00","dateModified":"2024-05-24T10:11:45+00:00","description":"Cump\u0103ra\u021bi 5FAEB online, 5F-ADB-33 este un canabinoid sintetic pe baz\u0103 de indazol care apar\u021bine familiei indazol-3-carboxamide. 5faeb disponibil la magazinul nostru online.","breadcrumb":{"@id":"https:\/\/narcopowders.com\/product\/buy-5faeb-online\/#breadcrumb"},"inLanguage":"ro-RO","potentialAction":[{"@type":"ReadAction","target":["https:\/\/narcopowders.com\/product\/buy-5faeb-online\/"]}]},{"@type":"ImageObject","inLanguage":"ro-RO","@id":"https:\/\/narcopowders.com\/product\/buy-5faeb-online\/#primaryimage","url":"https:\/\/narcopowders.com\/wp-content\/uploads\/2024\/05\/5f-AEB.gif","contentUrl":"https:\/\/narcopowders.com\/wp-content\/uploads\/2024\/05\/5f-AEB.gif","width":600,"height":600,"caption":"Buy 5FAEB Online"},{"@type":"BreadcrumbList","@id":"https:\/\/narcopowders.com\/product\/buy-5faeb-online\/#breadcrumb","itemListElement":[{"@type":"ListItem","position":1,"name":"Home","item":"https:\/\/narcopowders.com\/"},{"@type":"ListItem","position":2,"name":"Shop Page","item":"https:\/\/narcopowders.com\/shop\/"},{"@type":"ListItem","position":3,"name":"Buy 5FAEB Online"}]},{"@type":"WebSite","@id":"https:\/\/narcopowders.com\/#website","url":"https:\/\/narcopowders.com\/","name":"Pulberi narcotice","description":"Blogul meu WordPress","potentialAction":[{"@type":"SearchAction","target":{"@type":"EntryPoint","urlTemplate":"https:\/\/narcopowders.com\/?s={search_term_string}"},"query-input":{"@type":"PropertyValueSpecification","valueRequired":true,"valueName":"search_term_string"}}],"inLanguage":"ro-RO"}]}},"_links":{"self":[{"href":"https:\/\/narcopowders.com\/ro\/wp-json\/wp\/v2\/product\/20495","targetHints":{"allow":["GET"]}}],"collection":[{"href":"https:\/\/narcopowders.com\/ro\/wp-json\/wp\/v2\/product"}],"about":[{"href":"https:\/\/narcopowders.com\/ro\/wp-json\/wp\/v2\/types\/product"}],"replies":[{"embeddable":true,"href":"https:\/\/narcopowders.com\/ro\/wp-json\/wp\/v2\/comments?post=20495"}],"wp:featuredmedia":[{"embeddable":true,"href":"https:\/\/narcopowders.com\/ro\/wp-json\/wp\/v2\/media\/21282"}],"wp:attachment":[{"href":"https:\/\/narcopowders.com\/ro\/wp-json\/wp\/v2\/media?parent=20495"}],"wp:term":[{"taxonomy":"product_brand","embeddable":true,"href":"https:\/\/narcopowders.com\/ro\/wp-json\/wp\/v2\/product_brand?post=20495"},{"taxonomy":"product_cat","embeddable":true,"href":"https:\/\/narcopowders.com\/ro\/wp-json\/wp\/v2\/product_cat?post=20495"},{"taxonomy":"product_tag","embeddable":true,"href":"https:\/\/narcopowders.com\/ro\/wp-json\/wp\/v2\/product_tag?post=20495"}],"curies":[{"name":"wp","href":"https:\/\/api.w.org\/{rel}","templated":true}]}}