{"id":20502,"date":"2024-05-23T06:14:12","date_gmt":"2024-05-23T06:14:12","guid":{"rendered":"https:\/\/narcopowders.com\/?post_type=product&#038;p=20502"},"modified":"2024-05-24T07:20:11","modified_gmt":"2024-05-24T07:20:11","slug":"buy-4f%e2%80%90mdmb%e2%80%90binaca-online","status":"publish","type":"product","link":"https:\/\/narcopowders.com\/ro\/produs\/buy-4f\u2010mdmb\u2010binaca-online\/","title":{"rendered":"Cump\u0103ra\u021bi 4F-MDMB-BINACA online"},"content":{"rendered":"<h2>Cump\u0103ra\u021bi 4f-mdmb-b online<\/h2>\n<p>Cump\u0103ra\u021bi 4F-MDMB-B, Pute\u021bi cump\u0103ra 4f-mdmb-b online la NarcoPowders pentru pre\u021buri accesibile care nu vor sparge banca. Timp de mul\u021bi ani, ne-am ocupat doar de 4f-mdmb-b care este de v\u00e2nzare. Monitoriz\u0103m fiecare produs pentru a ne asigura c\u0103 consumatorii no\u0219tri nu primesc nimic altceva dec\u00e2t cele mai bune la scar\u0103 mondial\u0103. Membrii personalului nostru bine informat lucreaz\u0103 neobosit pentru a finaliza comenzile referitoare la 4f-mdmb-b online. Comercian\u021bii \u0219i furnizorii no\u0219tri online termin\u0103 livrarea 4f-mdmb-b \u00een timp util.<a href=\"https:\/\/narcopowders.com\/ro\/product\/buy-5f-akb48-online\/\">.<\/a><\/p>\n<p>Dac\u0103 comanda\u021bi 4f-mdmb-b de la noi, nu v\u0103 face\u021bi griji pentru nimic. Personalul de ambalare v\u0103 va ambala \u00een siguran\u021b\u0103 comanda. Contacta\u021bi-ne chiar acum pentru a discuta nevoile dvs. \u0219i a avea acest produs c\u00e2t mai cur\u00e2nd posibil.<\/p>\n<p>Ob\u021bine\u021bi 4f-mdmb-b online chiar acum<a href=\"https:\/\/en.wikipedia.org\/wiki\/MDMB-FUBINACA\">!<\/a><\/p>\n<h3>4f-mdmb-b: ce este?<\/h3>\n<p>Un sintetic pe baz\u0103 de indazol din familia indazol-3-carboxamidelor se nume\u0219te 4f-mdmb-b. Nu se \u0219tie dac\u0103 este selectiv\u0103 pentru aceast\u0103 \u021bint\u0103, \u00eens\u0103 a fost utilizat\u0103 ca ingredient activ \u00een produse \u0219i comercializat\u0103 ca nofollow external noopener noreferrer.<\/p>\n<h3>Ce efecte adverse are 4f-mdmb-b?<\/h3>\n<p>Urm\u0103toarele sunt efecte secundare 4f-mdmb-b:<\/p>\n<ul>\n<li>Iluzii<\/li>\n<li>Arunc\u00e2nd \u00een sus confuz<\/li>\n<li>Durere \u00een piept<\/li>\n<\/ul>\n<h3>Cum pot g\u0103si 4f-mdmb-b de v\u00e2nzare?<\/h3>\n<p>Renun\u021b\u0103 s\u0103 mai \u00eencerci s\u0103-\u021bi dai seama de unde s\u0103 ob\u021bii 4f-mdmb-b. Acest produs a fost dezvoltat de NarcoPowders la un pre\u021b rezonabil. Ne angaj\u0103m s\u0103 oferim acela\u0219i lucru \u00eentr-un timp scurt. Nu va trebui s\u0103 a\u0219tepta\u021bi foarte mult timp. Pune\u021bi-v\u0103 \u00eencrederea \u00een noi \u0219i v\u0103 vom livra comanda rapid!<\/p>\n<p>Suntem o echip\u0103 de speciali\u0219ti dedica\u021bi \u0219i harnici care se str\u0103duiesc s\u0103 se asigure c\u0103 toat\u0103 lumea poate utiliza serviciile \u0219i bunurile noastre. Suntem con\u0219tien\u021bi de nevoile dvs. \u0219i suntem aici pentru a v\u0103 ajuta, oferindu-v\u0103 un magazin unic pentru bunuri de top la pre\u021buri rezonabile, Cump\u0103ra\u021bi 4F-MDMB-B.<\/p>\n<h2>Substan\u021be active \u00een MDMB-CHMINACA<\/h2>\n<p>Con\u021bine\u00a0<strong>un gram de min 98%+ MDMB-CHMINACA pur\u0103.<\/strong>\u00a0pe unitate de comand\u0103.<\/p>\n<h2>Dozajul de MDMB-CHMINACA<\/h2>\n<p>Nu exist\u0103 o doz\u0103 recomandat\u0103, deoarece\u00a0<strong>MDMB-CHMINACA<\/strong>\u00a0nu este destinat consumului uman, ci este v\u00e2ndut doar ca substan\u021b\u0103 chimic\u0103 de cercetare \u00een scopuri de cercetare.<\/p>\n<h2>Efectele MDMB-CHMINACA :<\/h2>\n<p>Efectele clinice ale majorit\u0103\u021bii noilor\u00a0<strong>droguri de autor<\/strong>\u00a0ca\u00a0<strong>MDMB-CHMINACA<\/strong>\u00a0pot fi descrise ca fiind halucinogene, stimulante sau de tip opioid. Acestea pot avea, de asemenea, o combina\u021bie a acestor efecte, datorit\u0103 substituirilor de lan\u021buri laterale ale designerului.<\/p>\n<h2>Efecte secundare ale MDMB-CHMINACA<\/h2>\n<p>La fel ca \u0219i alte droguri de autor, utilizarea de\u00a0<strong>MDMB-CHMINACA<\/strong>\u00a0poate provoca efecte secundare puternice; substan\u021ba nu este testat\u0103 clinic \u0219i nici nu este licen\u021biat\u0103 \u00een vreun fel ca produs pentru consum! Prin urmare, MDMB-CHMINACA NU ESTE PENTRU CONSUMUL UMAN, ci NUMAI PENTRU CERCETARE \u0218TIIN\u021aIFIC\u0102!<\/p>\n<h2>Cum se p\u0103streaz\u0103 MDMB-CHMINACA<\/h2>\n<p>P\u0103stra\u021bi MDMB-CHMINACA sub 30 de grade Celsius. P\u0103stra\u021bi MDMB-CHMINACA \u00een ambalajul original, proteja\u021bi de lumina direct\u0103 a soarelui \u0219i de umiditate.<\/p>","protected":false},"excerpt":{"rendered":"<p>4F-MDMB-BINACA, denumit\u0103 adesea MDMB-4F-BINACA, 4F-MDMB-BUTINACA sau 4F-ADB, este un canabinoid sintetic derivat din indazol \u0219i membru al familiei indazol-3-carboxamidelor. Acesta a fost comercializat ca medicament de marc\u0103 de la sf\u00e2r\u0219itul anului 2018 \u0219i este utilizat ca o component\u0103 activ\u0103 \u00een produsele din canabis sintetic.<\/p>\n<div class=\"l_ecrd_vqfcts_row\">\n<div class=\"lc_expfact\">\n<div class=\"lc_expfact_default\">Statutul juridic Clasa F2 (Psihotrope interzise) - : Lista II - : Anlage II (Comer\u021b autorizat numai pentru comercializare, f\u0103r\u0103 prescrip\u021bie medical\u0103) - Clasa B - Psihotrope Lista II<\/div>\n<div class=\"lc_expfact_plus\" tabindex=\"0\"><\/div>\n<\/div>\n<\/div>\n<div class=\"l_ecrd_vqfcts_row l_ecrd_vqfcts_row_space\">\n<div class=\"lc_expfact\">\n<div class=\"lc_expfact_default\">Num\u0103r CAS: 2390036-46-9<\/div>\n<\/div>\n<\/div>\n<div class=\"l_ecrd_vqfcts_row l_ecrd_vqfcts_row_space\">\n<div class=\"lc_expfact\">\n<div class=\"lc_expfact_default\">PubChem CID:145707216<\/div>\n<\/div>\n<\/div>\n<div class=\"l_ecrd_vqfcts_row l_ecrd_vqfcts_row_space\">\n<div class=\"lc_expfact\">\n<div class=\"lc_expfact_default\">ChemSpider:71117201<\/div>\n<\/div>\n<\/div>\n<div id=\"wire0\" class=\"b_expandable_inline_container\" data-rinterval=\"-1\" data-errormessage=\"We can't find any more info about this page right now\">\n<div class=\"l_ecrd_vqfcts_row l_ecrd_vqfcts_row_space\">\n<div class=\"lc_expfact\">\n<div class=\"lc_expfact_default\">UNII:ZH38UTM145<\/div>\n<\/div>\n<\/div>\n<div class=\"l_ecrd_vqfcts_row l_ecrd_vqfcts_row_space\">\n<div class=\"lc_expfact\">\n<div class=\"lc_expfact_default\">KEGG:C22799<\/div>\n<\/div>\n<\/div>\n<div class=\"l_ecrd_vqfcts_row l_ecrd_vqfcts_row_space\">\n<div class=\"lc_expfact\">\n<div class=\"lc_expfact_default\">Tabloul de bord CompTox (EPA) DTXSID00101017266<\/div>\n<div class=\"lc_expfact_plus\" tabindex=\"0\"><\/div>\n<\/div>\n<\/div>\n<div class=\"l_ecrd_vqfcts_row l_ecrd_vqfcts_row_space\">\n<div class=\"lc_expfact\">\n<div class=\"lc_expfact_default\">Formula:C\u2081\u2089H\u2082\u2086FN\u2083O\u2083.<\/div>\n<\/div>\n<\/div>\n<\/div>","protected":false},"featured_media":21261,"comment_status":"open","ping_status":"closed","template":"","meta":{"_joinchat":[]},"product_brand":[],"product_cat":[1538],"product_tag":[],"class_list":{"0":"post-20502","1":"product","2":"type-product","3":"status-publish","4":"has-post-thumbnail","6":"product_cat-cannabinoids","8":"first","9":"instock","10":"shipping-taxable","11":"purchasable","12":"product-type-variable","13":"add-to-wishlist-after_add_to_cart"},"yoast_head":"<!-- This site is optimized with the Yoast SEO plugin v25.9 - https:\/\/yoast.com\/wordpress\/plugins\/seo\/ -->\n<title>Buy 4F-MDMB-B<\/title>\n<meta name=\"description\" content=\"Buy 4F-MDMB-B, 4F-MDMB-Binaca can be purchased at NarcoPowders. We sell the highest quality 4F-MDMB-Binaca available. Order Now.\" \/>\n<meta name=\"robots\" content=\"index, follow, max-snippet:-1, max-image-preview:large, max-video-preview:-1\" \/>\n<link rel=\"canonical\" href=\"https:\/\/narcopowders.com\/ro\/produs\/buy-4f\u2010mdmb\u2010binaca-online\/\" \/>\n<meta property=\"og:locale\" content=\"ro_RO\" \/>\n<meta property=\"og:type\" content=\"article\" \/>\n<meta property=\"og:title\" content=\"Buy 4F-MDMB-B\" \/>\n<meta property=\"og:description\" content=\"Buy 4F-MDMB-B, 4F-MDMB-Binaca can be purchased at NarcoPowders. We sell the highest quality 4F-MDMB-Binaca available. Order Now.\" \/>\n<meta property=\"og:url\" content=\"https:\/\/narcopowders.com\/ro\/produs\/buy-4f\u2010mdmb\u2010binaca-online\/\" \/>\n<meta property=\"og:site_name\" content=\"Narco Powders\" \/>\n<meta property=\"article:modified_time\" content=\"2024-05-24T07:20:11+00:00\" \/>\n<meta property=\"og:image\" content=\"https:\/\/narcopowders.com\/wp-content\/uploads\/2024\/05\/4f-mdmb2201.gif\" \/>\n\t<meta property=\"og:image:width\" content=\"600\" \/>\n\t<meta property=\"og:image:height\" content=\"600\" \/>\n\t<meta property=\"og:image:type\" content=\"image\/gif\" \/>\n<meta name=\"twitter:card\" content=\"summary_large_image\" \/>\n<meta name=\"twitter:label1\" content=\"Timp estimat pentru citire\" \/>\n\t<meta name=\"twitter:data1\" content=\"3 minute\" \/>\n<!-- \/ Yoast SEO plugin. -->","yoast_head_json":{"title":"Cump\u0103ra\u021bi 4F-MDMB-B","description":"Cump\u0103ra\u021bi 4F-MDMB-B, 4F-MDMB-Binaca poate fi achizi\u021bionat de la NarcoPowders. Vindem 4F-MDMB-Binaca de cea mai bun\u0103 calitate disponibil\u0103. Comanda\u021bi acum.","robots":{"index":"index","follow":"follow","max-snippet":"max-snippet:-1","max-image-preview":"max-image-preview:large","max-video-preview":"max-video-preview:-1"},"canonical":"https:\/\/narcopowders.com\/ro\/produs\/buy-4f\u2010mdmb\u2010binaca-online\/","og_locale":"ro_RO","og_type":"article","og_title":"Buy 4F-MDMB-B","og_description":"Buy 4F-MDMB-B, 4F-MDMB-Binaca can be purchased at NarcoPowders. We sell the highest quality 4F-MDMB-Binaca available. Order Now.","og_url":"https:\/\/narcopowders.com\/ro\/produs\/buy-4f\u2010mdmb\u2010binaca-online\/","og_site_name":"Narco Powders","article_modified_time":"2024-05-24T07:20:11+00:00","og_image":[{"width":600,"height":600,"url":"https:\/\/narcopowders.com\/wp-content\/uploads\/2024\/05\/4f-mdmb2201.gif","type":"image\/gif"}],"twitter_card":"summary_large_image","twitter_misc":{"Timp estimat pentru citire":"3 minute"},"schema":{"@context":"https:\/\/schema.org","@graph":[{"@type":"WebPage","@id":"https:\/\/narcopowders.com\/product\/buy-4f%e2%80%90mdmb%e2%80%90binaca-online\/","url":"https:\/\/narcopowders.com\/product\/buy-4f%e2%80%90mdmb%e2%80%90binaca-online\/","name":"Cump\u0103ra\u021bi 4F-MDMB-B","isPartOf":{"@id":"https:\/\/narcopowders.com\/#website"},"primaryImageOfPage":{"@id":"https:\/\/narcopowders.com\/product\/buy-4f%e2%80%90mdmb%e2%80%90binaca-online\/#primaryimage"},"image":{"@id":"https:\/\/narcopowders.com\/product\/buy-4f%e2%80%90mdmb%e2%80%90binaca-online\/#primaryimage"},"thumbnailUrl":"https:\/\/narcopowders.com\/wp-content\/uploads\/2024\/05\/4f-mdmb2201.gif","datePublished":"2024-05-23T06:14:12+00:00","dateModified":"2024-05-24T07:20:11+00:00","description":"Cump\u0103ra\u021bi 4F-MDMB-B, 4F-MDMB-Binaca poate fi achizi\u021bionat de la NarcoPowders. Vindem 4F-MDMB-Binaca de cea mai bun\u0103 calitate disponibil\u0103. Comanda\u021bi acum.","breadcrumb":{"@id":"https:\/\/narcopowders.com\/product\/buy-4f%e2%80%90mdmb%e2%80%90binaca-online\/#breadcrumb"},"inLanguage":"ro-RO","potentialAction":[{"@type":"ReadAction","target":["https:\/\/narcopowders.com\/product\/buy-4f%e2%80%90mdmb%e2%80%90binaca-online\/"]}]},{"@type":"ImageObject","inLanguage":"ro-RO","@id":"https:\/\/narcopowders.com\/product\/buy-4f%e2%80%90mdmb%e2%80%90binaca-online\/#primaryimage","url":"https:\/\/narcopowders.com\/wp-content\/uploads\/2024\/05\/4f-mdmb2201.gif","contentUrl":"https:\/\/narcopowders.com\/wp-content\/uploads\/2024\/05\/4f-mdmb2201.gif","width":600,"height":600,"caption":"Buy 4F-MDMB-B online"},{"@type":"BreadcrumbList","@id":"https:\/\/narcopowders.com\/product\/buy-4f%e2%80%90mdmb%e2%80%90binaca-online\/#breadcrumb","itemListElement":[{"@type":"ListItem","position":1,"name":"Home","item":"https:\/\/narcopowders.com\/"},{"@type":"ListItem","position":2,"name":"Shop Page","item":"https:\/\/narcopowders.com\/shop\/"},{"@type":"ListItem","position":3,"name":"Buy 4F\u2010MDMB\u2010BINACA Online"}]},{"@type":"WebSite","@id":"https:\/\/narcopowders.com\/#website","url":"https:\/\/narcopowders.com\/","name":"Pulberi narcotice","description":"Blogul meu WordPress","potentialAction":[{"@type":"SearchAction","target":{"@type":"EntryPoint","urlTemplate":"https:\/\/narcopowders.com\/?s={search_term_string}"},"query-input":{"@type":"PropertyValueSpecification","valueRequired":true,"valueName":"search_term_string"}}],"inLanguage":"ro-RO"}]}},"_links":{"self":[{"href":"https:\/\/narcopowders.com\/ro\/wp-json\/wp\/v2\/product\/20502","targetHints":{"allow":["GET"]}}],"collection":[{"href":"https:\/\/narcopowders.com\/ro\/wp-json\/wp\/v2\/product"}],"about":[{"href":"https:\/\/narcopowders.com\/ro\/wp-json\/wp\/v2\/types\/product"}],"replies":[{"embeddable":true,"href":"https:\/\/narcopowders.com\/ro\/wp-json\/wp\/v2\/comments?post=20502"}],"wp:featuredmedia":[{"embeddable":true,"href":"https:\/\/narcopowders.com\/ro\/wp-json\/wp\/v2\/media\/21261"}],"wp:attachment":[{"href":"https:\/\/narcopowders.com\/ro\/wp-json\/wp\/v2\/media?parent=20502"}],"wp:term":[{"taxonomy":"product_brand","embeddable":true,"href":"https:\/\/narcopowders.com\/ro\/wp-json\/wp\/v2\/product_brand?post=20502"},{"taxonomy":"product_cat","embeddable":true,"href":"https:\/\/narcopowders.com\/ro\/wp-json\/wp\/v2\/product_cat?post=20502"},{"taxonomy":"product_tag","embeddable":true,"href":"https:\/\/narcopowders.com\/ro\/wp-json\/wp\/v2\/product_tag?post=20502"}],"curies":[{"name":"wp","href":"https:\/\/api.w.org\/{rel}","templated":true}]}}