{"id":20523,"date":"2024-05-23T06:14:19","date_gmt":"2024-05-23T06:14:19","guid":{"rendered":"https:\/\/narcopowders.com\/?post_type=product&#038;p=20523"},"modified":"2025-03-26T12:20:50","modified_gmt":"2025-03-26T12:20:50","slug":"buy-adb-butinaca-online","status":"publish","type":"product","link":"https:\/\/narcopowders.com\/ro\/product\/buy-adb-butinaca-online\/","title":{"rendered":"Cump\u0103ra\u021bi ADB-Butinaca online"},"content":{"rendered":"<h2><strong>Cump\u0103ra\u021bi pulbere ADBB online<\/strong><\/h2>\n<p><a href=\"https:\/\/narcopowders.com\/ro\/produs\/buy-adb-butinaca-online\/\">Buy ADBB Online<\/a>, Some synthetic <a href=\"https:\/\/en.wikipedia.org\/wiki\/ADB-BUTINACA\">cannabis products<\/a> contain components of a recently created synthetic drug called <a href=\"https:\/\/www.bing.com\/search?q=Buy%20ADB-Butinaca%20Online&amp;qs=n&amp;form=QBRE&amp;sp=-1&amp;lq=0&amp;pq=buy%20adb-butinaca%20online&amp;sc=2-23&amp;sk=&amp;cvid=763F2B36D18543F698FC47811A3FD525&amp;ghsh=0&amp;ghacc=0&amp;ghpl=\">ADBB<\/a>. With EC50 values \u200b\u200bof 0.52 nM and 0.88 nM respectively, they are the strong agonist. <a href=\"https:\/\/narcopowders.com\/ro\/\">Narco Powders.<\/a><\/p>\n<p>a receptorilor CB1 \u0219i CB2. Cu toate acestea, propriet\u0103\u021bile fiziologice \u0219i toxicologice ale acestui compus sunt \u00eenc\u0103 necunoscute.<a href=\"http:\/\/: https:\/\/narcopowders.com\/product\/buy-a-pvp-online\/\">.<\/a><\/p>\n<h3><strong>Cum se utilizeaz\u0103 ADBB?<\/strong><\/h3>\n<p>Medicamentul ADBB nu este adecvat pentru consumul uman. Acest medicament este utilizat ca substan\u021b\u0103 chimic\u0103 de cercetare de c\u0103tre cercet\u0103torii din laboratoarele de criminalistic\u0103.<\/p>\n<h3><strong>Care sunt efectele secundare ale ADBB?<\/strong><\/h3>\n<p>Utilizarea pe termen lung a pulberii ADBB poate provoca urm\u0103toarele reac\u021bii adverse:<\/p>\n<p>o Delirium<\/p>\n<p>o Cardiotoxicitate<\/p>\n<p>o Convulsii<\/p>\n<p>o Hipotermia<\/p>\n<h3><strong>Cum a\u021bi aflat despre ADB Butinaca?<\/strong><\/h3>\n<p>It is difficult to identify <a href=\"https:\/\/www.google.de\/search?q=Buy+ADB-Butinaca+Online&amp;sca_esv=1a2a07081c7891bb&amp;rlz=1C1RXQR_enIN1098IN1098&amp;ei=2bbOZ_CHF_S2vr0PgN6FqAs&amp;ved=0ahUKEwiw2Lmsn_-LAxV0m68BHQBvAbUQ4dUDCBA&amp;uact=5&amp;oq=Buy+ADB-Butinaca+Online&amp;gs_lp=Egxnd3Mtd2l6LXNlcnAiF0J1eSBBREItQnV0aW5hY2EgT25saW5lSLEHUMEDWMEDcAJ4AJABAJgB1AGgAdQBqgEDMi0xuAEDyAEA-AEC-AEBmAIAoAIAmAMAiAYBkgcAoAdL&amp;sclient=gws-wiz-serp\">ADB Butinaca<\/a> Este dificil s\u0103 se identifice ADB Butinaca f\u0103r\u0103 teste logice. Apare \u00een mod natural sub form\u0103 de particule de culoare maro deschis sau g\u0103lbuie \u0219i se amestec\u0103 u\u0219or cu alte ADB Butinaca disponibile la v\u00e2nzare. O cantitate mic\u0103 de ADB Butinaca \u00eentr-un degust\u0103tor \u00eengreuneaz\u0103 identificarea, deoarece alte dispozitive pot folosi identificatori de fa\u021bad\u0103, cum ar fi nuan\u021ba, aroma \u0219i gustul. De asemenea, acestea pot fi vampirizate sau inspirate oral. \u00cen cazul ADB Butinaca, mostrele \u00eenchise sunt v\u00e2ndute ca droguri de strad\u0103; oamenii le introduc. Clien\u021bii au raportat \u00een mod semnificativ despre compania ADB Butinaca numai dup\u0103 ce au folosit-o. Deoarece se cunosc at\u00e2t de pu\u021bine lucruri despre propriet\u0103\u021bile sale chimice, cercet\u0103torii \u0219i pasiona\u021bii de chimie au o mare oportunitate de a efectua experimente interesante \u0219i de a deschide calea \u00een determinarea propriet\u0103\u021bilor chimice \u0219i fizice esen\u021biale ale compusului.<\/p>\n<h3><strong>De ce cump\u0103r\u0103 oamenii ADB Butinaca?<\/strong><\/h3>\n<p>Este un ingredient al unor produse sintetice din canabis. Acest drog de sintez\u0103 a fost dezvoltat de cunoscuta companie farmaceutic\u0103 american\u0103 Pfizer ca un poten\u021bial analgezic. Ar trebui s\u0103 fi\u021bi con\u0219tien\u021bi de poten\u021bialele riscuri \u0219i efecte secundare dac\u0103 sunte\u021bi cercet\u0103tor \u0219i dori\u021bi s\u0103 \u00eel utiliza\u021bi \u00een scopuri de cercetare. Ca \u0219i alte canabinoide sintetice, are propriet\u0103\u021bi psihoactive. \u00cen plus, au fost demonstrate diverse efecte secundare asociate cu aceast\u0103 substan\u021b\u0103. Orange Hems, o platform\u0103 de renume, este locul unde pute\u021bi ob\u021bine acest medicament pentru a <a href=\"https:\/\/duckduckgo.com\/?q=Buy+ADB-Butinaca+Online&amp;t=h_&amp;ia=web\">cump\u0103ra\u021bi ADB Butinaca online<\/a>.<\/p>\n<h3><strong>Care sunt efectele ADB Butinaca?<\/strong><\/h3>\n<p>ADB-BUTINACA este un fel de substan\u021b\u0103 cople\u0219itoare nou\u0103, utilizat\u0103 \u00een general pentru cercetare.<\/p>\n<p>Ace\u0219ti noi canabinoizi sintetici sunt o substan\u021b\u0103 artificial\u0103 care se leag\u0103 de receptorii CB1 \u0219i CB2 ai organismului.<\/p>\n<p>Receptorii canabinoizi CB1 \u0219i CB2 sunt implica\u021bi \u00een numeroase procese fiziologice.<\/p>\n<p>Sistemul nostru nervos central, care ajut\u0103 la medierea efectelor psihoactive ale canabisului, con\u021bine CB1 \u00een creier \u0219i \u00een m\u0103duva spin\u0103rii.<\/p>\n<p>Celulele albe din s\u00e2nge con\u021bin receptori CB2, care regleaz\u0103 func\u021biile celulelor imunitare.<\/p>\n<p>\u00cen plus, se vorbe\u0219te la niveluri mai mici \u00een creier. Lucrurile ADB-BIANCA nu sunt bine documentate \u0219i nu este legal s\u0103 cump\u0103ra\u021bi ADB Butinaca. Ele sunt dopaminergice sintetice, deci ac\u021bioneaz\u0103 asupra aceluia\u0219i acceptor de compensare \u00een creier ca \u0219i TCH, care este elementul care modific\u0103 mintea \u00een canabis, \u0219i comand\u0103 ADB Butinaca. Nu exist\u0103 nici o r\u0103spundere pentru orice ac\u021biuni sau costuri care rezult\u0103 din plasarea ADB Butinaca comanda online este adb butinaca controlat\u0103? adb butinaca cayman cumpara, adb butinaca dea cumpara, adb butinaca cayman, adb butinaca de v\u00e2nzare, adb butinaca de v\u00e2nzare<\/p>\n<p>Cum s\u0103 cump\u0103ra\u021bi adb butinaca, adb butinaca de calitate de v\u00e2nzare, adb butinaca magazin, unde s\u0103 cump\u0103ra\u021bi adb butinaca, 5f-adb cumpara<\/p>\n<p>7-adb, trrcshop, 5f-adb-33n, adb-butinaca psychonaut, adb-butinaca folose\u0219te, adb-butinaca efecte secundare, cump\u0103ra\u021bi adb-butinaca legal.<\/p>","protected":false},"excerpt":{"rendered":"<p>ADB-BUTINACA este o molecul\u0103 sintetic\u0103 de canabis care a fost comercializat\u0103 ca drog de design. Utiliz\u00e2nd liniile directoare ale OEDT \u00een materie de denumire, aceasta este cunoscut\u0103 \u0219i sub numele de ADMB-BINACA. Cu o EC50 de 6,36 nM pentru CB1, este un puternic agonist CB1, cu afinit\u0103\u021bi de legare de 0,29 nM pentru CB1 \u0219i de 0,91 nM pentru CB2.<\/p>","protected":false},"featured_media":21268,"comment_status":"open","ping_status":"closed","template":"","meta":{"_joinchat":[]},"product_brand":[],"product_cat":[1724,1538],"product_tag":[],"class_list":{"0":"post-20523","1":"product","2":"type-product","3":"status-publish","4":"has-post-thumbnail","6":"product_cat-research-chemicals","7":"product_cat-cannabinoids","9":"first","10":"instock","11":"shipping-taxable","12":"purchasable","13":"product-type-variable","14":"add-to-wishlist-after_add_to_cart"},"yoast_head":"<!-- This site is optimized with the Yoast SEO plugin v27.5 - https:\/\/yoast.com\/product\/yoast-seo-wordpress\/ -->\n<title>Buy ADB-Butinaca - ADB-Butinaca for Sale | NarcoPowders<\/title>\n<meta name=\"description\" content=\"Buy ADB-Butinaca - ADB-BUTINACA (also known as ADMB-BINACA under the EMCDDA naming standards) is a synthetic cannabinoid compound. Order Now!\" \/>\n<meta name=\"robots\" content=\"index, follow, max-snippet:-1, max-image-preview:large, max-video-preview:-1\" \/>\n<link rel=\"canonical\" href=\"https:\/\/narcopowders.com\/ro\/produs\/buy-adb-butinaca-online\/\" \/>\n<meta property=\"og:locale\" content=\"ro_RO\" \/>\n<meta property=\"og:type\" content=\"article\" \/>\n<meta property=\"og:title\" content=\"Buy ADB-Butinaca - ADB-Butinaca for Sale | NarcoPowders\" \/>\n<meta property=\"og:description\" content=\"Buy ADB-Butinaca - ADB-BUTINACA (also known as ADMB-BINACA under the EMCDDA naming standards) is a synthetic cannabinoid compound. Order Now!\" \/>\n<meta property=\"og:url\" content=\"https:\/\/narcopowders.com\/ro\/produs\/buy-adb-butinaca-online\/\" \/>\n<meta property=\"og:site_name\" content=\"Narco Powders\" \/>\n<meta property=\"article:modified_time\" content=\"2025-03-26T12:20:50+00:00\" \/>\n<meta property=\"og:image\" content=\"https:\/\/narcopowders.com\/wp-content\/uploads\/2024\/05\/Add-b.gif\" \/>\n\t<meta property=\"og:image:width\" content=\"600\" \/>\n\t<meta property=\"og:image:height\" content=\"600\" \/>\n\t<meta property=\"og:image:type\" content=\"image\/gif\" \/>\n<meta name=\"twitter:card\" content=\"summary_large_image\" \/>\n<meta name=\"twitter:label1\" content=\"Timp estimat pentru citire\" \/>\n\t<meta name=\"twitter:data1\" content=\"3 minute\" \/>\n<!-- \/ Yoast SEO plugin. -->","yoast_head_json":{"title":"Cump\u0103ra\u021bi ADB-Butinaca - ADB-Butinaca de v\u00e2nzare | NarcoPowders","description":"Cump\u0103ra\u021bi ADB-Butinaca - ADB-BUTINACA (cunoscut\u0103 \u0219i sub numele de ADMB-BINACA conform standardelor de denumire ale OEDT) este un compus canabinoid sintetic. Comanda\u021bi acum!","robots":{"index":"index","follow":"follow","max-snippet":"max-snippet:-1","max-image-preview":"max-image-preview:large","max-video-preview":"max-video-preview:-1"},"canonical":"https:\/\/narcopowders.com\/ro\/produs\/buy-adb-butinaca-online\/","og_locale":"ro_RO","og_type":"article","og_title":"Buy ADB-Butinaca - ADB-Butinaca for Sale | NarcoPowders","og_description":"Buy ADB-Butinaca - ADB-BUTINACA (also known as ADMB-BINACA under the EMCDDA naming standards) is a synthetic cannabinoid compound. Order Now!","og_url":"https:\/\/narcopowders.com\/ro\/produs\/buy-adb-butinaca-online\/","og_site_name":"Narco Powders","article_modified_time":"2025-03-26T12:20:50+00:00","og_image":[{"width":600,"height":600,"url":"https:\/\/narcopowders.com\/wp-content\/uploads\/2024\/05\/Add-b.gif","type":"image\/gif"}],"twitter_card":"summary_large_image","twitter_misc":{"Timp estimat pentru citire":"3 minute"},"schema":{"@context":"https:\/\/schema.org","@graph":[{"@type":"WebPage","@id":"https:\/\/narcopowders.com\/product\/buy-adb-butinaca-online\/","url":"https:\/\/narcopowders.com\/product\/buy-adb-butinaca-online\/","name":"Cump\u0103ra\u021bi ADB-Butinaca - ADB-Butinaca de v\u00e2nzare | NarcoPowders","isPartOf":{"@id":"https:\/\/narcopowders.com\/#website"},"primaryImageOfPage":{"@id":"https:\/\/narcopowders.com\/product\/buy-adb-butinaca-online\/#primaryimage"},"image":{"@id":"https:\/\/narcopowders.com\/product\/buy-adb-butinaca-online\/#primaryimage"},"thumbnailUrl":"https:\/\/narcopowders.com\/wp-content\/uploads\/2024\/05\/Add-b.gif","datePublished":"2024-05-23T06:14:19+00:00","dateModified":"2025-03-26T12:20:50+00:00","description":"Cump\u0103ra\u021bi ADB-Butinaca - ADB-BUTINACA (cunoscut\u0103 \u0219i sub numele de ADMB-BINACA conform standardelor de denumire ale OEDT) este un compus canabinoid sintetic. Comanda\u021bi acum!","breadcrumb":{"@id":"https:\/\/narcopowders.com\/product\/buy-adb-butinaca-online\/#breadcrumb"},"inLanguage":"ro-RO","potentialAction":[{"@type":"ReadAction","target":["https:\/\/narcopowders.com\/product\/buy-adb-butinaca-online\/"]}]},{"@type":"ImageObject","inLanguage":"ro-RO","@id":"https:\/\/narcopowders.com\/product\/buy-adb-butinaca-online\/#primaryimage","url":"https:\/\/narcopowders.com\/wp-content\/uploads\/2024\/05\/Add-b.gif","contentUrl":"https:\/\/narcopowders.com\/wp-content\/uploads\/2024\/05\/Add-b.gif","width":600,"height":600,"caption":"Buy ADB-Butinaca Online"},{"@type":"BreadcrumbList","@id":"https:\/\/narcopowders.com\/product\/buy-adb-butinaca-online\/#breadcrumb","itemListElement":[{"@type":"ListItem","position":1,"name":"Home","item":"https:\/\/narcopowders.com\/"},{"@type":"ListItem","position":2,"name":"Shop Page","item":"https:\/\/narcopowders.com\/shop\/"},{"@type":"ListItem","position":3,"name":"Buy ADB-Butinaca Online"}]},{"@type":"WebSite","@id":"https:\/\/narcopowders.com\/#website","url":"https:\/\/narcopowders.com\/","name":"Pulberi narcotice","description":"Blogul meu WordPress","potentialAction":[{"@type":"SearchAction","target":{"@type":"EntryPoint","urlTemplate":"https:\/\/narcopowders.com\/?s={search_term_string}"},"query-input":{"@type":"PropertyValueSpecification","valueRequired":true,"valueName":"search_term_string"}}],"inLanguage":"ro-RO"}]}},"_links":{"self":[{"href":"https:\/\/narcopowders.com\/ro\/wp-json\/wp\/v2\/product\/20523","targetHints":{"allow":["GET"]}}],"collection":[{"href":"https:\/\/narcopowders.com\/ro\/wp-json\/wp\/v2\/product"}],"about":[{"href":"https:\/\/narcopowders.com\/ro\/wp-json\/wp\/v2\/types\/product"}],"replies":[{"embeddable":true,"href":"https:\/\/narcopowders.com\/ro\/wp-json\/wp\/v2\/comments?post=20523"}],"wp:featuredmedia":[{"embeddable":true,"href":"https:\/\/narcopowders.com\/ro\/wp-json\/wp\/v2\/media\/21268"}],"wp:attachment":[{"href":"https:\/\/narcopowders.com\/ro\/wp-json\/wp\/v2\/media?parent=20523"}],"wp:term":[{"taxonomy":"product_brand","embeddable":true,"href":"https:\/\/narcopowders.com\/ro\/wp-json\/wp\/v2\/product_brand?post=20523"},{"taxonomy":"product_cat","embeddable":true,"href":"https:\/\/narcopowders.com\/ro\/wp-json\/wp\/v2\/product_cat?post=20523"},{"taxonomy":"product_tag","embeddable":true,"href":"https:\/\/narcopowders.com\/ro\/wp-json\/wp\/v2\/product_tag?post=20523"}],"curies":[{"name":"wp","href":"https:\/\/api.w.org\/{rel}","templated":true}]}}