{"id":20526,"date":"2024-05-23T06:14:19","date_gmt":"2024-05-23T06:14:19","guid":{"rendered":"https:\/\/narcopowders.com\/?post_type=product&#038;p=20526"},"modified":"2025-03-26T12:51:13","modified_gmt":"2025-03-26T12:51:13","slug":"buy-sgt-263-online","status":"publish","type":"product","link":"https:\/\/narcopowders.com\/ro\/produs\/cumpara-sgt-263-online\/","title":{"rendered":"Cump\u0103ra\u021bi Sgt -263 online"},"content":{"rendered":"<h2>Cump\u0103ra\u021bi SGT-263 online<\/h2>\n<p><a href=\"https:\/\/narcopowders.com\/ro\/\">Cump\u0103r\u0103 SGT-263<\/a>, The use of the cannabinoid <a href=\"https:\/\/en.wikipedia.org\/wiki\/Sgt._Frog\">SGT-263<\/a> este legal\u0103 \u00een \u021bara noastr\u0103 de origine. Este responsabilitatea dumneavoastr\u0103 s\u0103 cunoa\u0219te\u021bi \u0219i s\u0103 respecta\u021bi legile locale, de stat, federale, provinciale \u0219i locale. \u00cen cazul \u00een care decide\u021bi s\u0103 plasa\u021bi o comand\u0103, nu vom fi r\u0103spunz\u0103tori pentru orice ac\u021biuni sau rezultate .<\/p>\n<h3>De ce ar trebui s\u0103 cump\u0103ra\u021bi canabinoidul SGT-263 de la noi?<\/h3>\n<p>We have been supplying <a href=\"https:\/\/narcopowders.com\/ro\/produs\/cumpara-sgt-263-online\/\">produse chimice de cercetare<\/a> for a long time and are a reliable source.<\/p>\n<p>Chat-ul live este disponibil 24\/7. Dac\u0103 ave\u021bi \u00eentreb\u0103ri, nu ezita\u021bi s\u0103 le pune\u021bi.<\/p>\n<p>Diverse metode de plat\u0103 pentru a se potrivi nevoilor dumneavoastr\u0103<\/p>\n<p>Livr\u0103m \u00een aceea\u0219i zi, at\u00e2ta timp c\u00e2t comanda dvs. este primit\u0103 p\u00e2n\u0103 la ora 16:00 CET .<\/p>\n<p>M\u0103rturiile oneste ale clien\u021bilor no\u0219tri v\u0103 ofer\u0103 posibilitatea de a cump\u0103ra cu \u00eencredere.<\/p>\n<p><a href=\"https:\/\/duckduckgo.com\/?q=Buy+Sgt+-263+Online&amp;t=h_&amp;ia=web\">NarcoPowders.com<\/a> este un lider global \u00een distribu\u021bia de produse chimice de cercetare \u0219i produc\u0103tor global de produse chimice de cercetare, fondat \u00een 2008. Lucr\u0103m. Toate produsele sunt expediate din depozitele noastre din Hong Kong, China, UE \u0219i Ucraina. Suntem rapizi \u0219i de \u00eencredere, iar re\u021beaua noastr\u0103 extins\u0103 de distribu\u021bie se asigur\u0103 c\u0103 fiecare produs comandat ajunge la timp, este livrat la loca\u021biile de preluare alese de dvs. \u0219i ajunge la destina\u021bie la timp.<\/p>\n<p>Principalul nostru obiectiv este satisfac\u021bia clien\u021bilor, motiv pentru care ne str\u0103duim s\u0103 oferim servicii excelente pentru clien\u021bi. Atunci c\u00e2nd plasa\u021bi o comand\u0103 la Top Cannabinoids Shop, pute\u021bi fi siguri c\u0103 aceasta va fi livrat\u0103 prompt la adresa pe care a\u021bi furnizat-o. \u00cen plus, oferim o serie de op\u021biuni de expediere care ne permit s\u0103 livr\u0103m bunuri clien\u021bilor no\u0219tri din numeroase pie\u021be \u0219i loca\u021bii din \u00eentreaga lume. Fiecare articol de pe acest site<\/p>\n<p>este oferit spre v\u00e2nzare doar pentru a sprijini cercetarea \u0219i educa\u021bia. Nu vindem niciunul dintre articolele noastre pentru utilizarea sau consumul ilegal de c\u0103tre oameni sau animale.<\/p>\n<p>1-(5-fluoropentil) sau SGT-263(2-fenilpropan-2-il)-N-similar cu MMB-CHMINACA, -7-azaindol-3-carboxamida este un compus foarte puternic. V\u00e2ndut ca drog de marc\u0103, SGT-263 este un canabinoid sintetic pe baz\u0103 de pirrolopiridin\u0103-3-carboxamid\u0103.<\/p>\n<h3>SGT-263 este patentat de o companie lider mondial.<\/h3>\n<p>SGT-263, un canabinoid unic, proasp\u0103t ap\u0103rut pe pia\u021b\u0103, este aprobat \u00een aproape toate \u021b\u0103rile, inclusiv \u00een Germania.<\/p>\n<p>\u00cen plus, SGT-263 este disponibil sub denumirea ipac de 1-(5-fluoropentil).(2-fenilpropan-2-il)-N-3-carboxamid\u0103 din -1H-pirrolo[2,3-b]piridin\u0103 <a href=\"https:\/\/www.bing.com\/search?q=Buy%20Sgt%20-263%20Online&amp;qs=n&amp;form=QBRE&amp;sp=-1&amp;lq=0&amp;pq=buy%20sgt%20-263%20online&amp;sc=12-19&amp;sk=&amp;cvid=F24FE2F21C0348B9B9F359F348D4BA91&amp;ghsh=0&amp;ghacc=0&amp;ghpl=\">SGT- 263<\/a> .<\/p>\n<p>SGT-25 este str\u00e2ns \u00eenrudit cu 1-(5-fluoropentil)-N-(2-fenilpropan-2-il)-7-azaindol-3-carboxamida, un canabinoid. \u00cen plus, pulberea de RC este acum legal\u0103 \u00een toate \u021b\u0103rile europene. SGT-263 este prescurtarea de la Street Names: SGT-25 este o substan\u021b\u0103 utilizat\u0103 ocazional \u00een scop recrea\u021bional \u0219i este con\u021binut\u0103 \u00een \"C-Liquid\", un aditiv pentru lichidul pentru \u021big\u0103ri electronice.<\/p>\n<p>Farmacologie: 1. (Fluoropentil-5-)(2-fenilpropan-2-il)-N-Despre o ac\u021biune farmacologic\u0103 complicat\u0103, -7-azaindol-3-carboxamida este un canabinoid sintetic apar\u021bin\u00e2nd familiei indazol-3-carboxamidelor . Se a\u0219teapt\u0103 ca selectivitatea pentru receptorul CB1 s\u0103 fie de aproximativ patru ori mai mare dec\u00e2t cea a 5F-CUMIL-PINACA.<\/p>\n<p>Elemente comparabile: MMB-CHMINACA; CUMYL PICA; 5F-SDB-006<\/p>\n<ul>\n<li>SDB-006; CUMYL PINACA; CUMYL-THPINACA<\/li>\n<\/ul>\n<p>V\u0103 rug\u0103m s\u0103 v\u0103 asigura\u021bi c\u0103 spa\u021biul dumneavoastr\u0103 de lucru este bine ventilat \u0219i c\u0103 sunte\u021bi preg\u0103tit \u00een mod adecvat pentru a manipula substan\u021bele chimice de cercetare \u00eenainte de a plasa o comand\u0103.<\/p>\n<h3>Ce este SGT-263?<\/h3>\n<p>SGT-263 este un canabinoid sintetic nou, care exist\u0103 doar din 2016. Aceast\u0103 substan\u021b\u0103 chimic\u0103 de cercetare este un agonist puternic al receptorilor CB1 \u0219i CB2. SGT-263 a fost descris de cercet\u0103torii \u00een chimie ca produc\u00e2nd rezultate similare cu ADB-FUBINACA, un alt canabinoid sintetic popular. Rezultatele experimentale cu SGT-263 arat\u0103, \u00een general, rezultate similare cu multe alte canabinoide sintetice. A\u0219adar, dac\u0103 v\u0103 place s\u0103 experimenta\u021bi cu al\u021bi canabinoizi sintetici, atunci probabil c\u0103 v\u0103 va pl\u0103cea s\u0103 ave\u021bi SGT-263 \u00een laboratorul dumneavoastr\u0103.<\/p>\n<h3>De unde pot cump\u0103ra SGT-263?<\/h3>\n<p>SGT-263 poate fi achizi\u021bionat de pe site-ul Buy NarcoPowders. SGT-263 vine de obicei sub form\u0103 de pulbere. Cu toate acestea, dac\u0103 prefera\u021bi alte forme ale acestei substan\u021be chimice, nu ezita\u021bi s\u0103 ne contacta\u021bi pentru a vedea dac\u0103 avem o alt\u0103 form\u0103 disponibil\u0103. Adesea avem mai multe forme disponibile. Trebuie s\u0103 ave\u021bi cel pu\u021bin 18 ani pentru a <a href=\"https:\/\/www.google.com\/search?q=Buy+Sgt+-263+Online&amp;sca_esv=16def464f60f9903&amp;sxsrf=AHTn8zoPPZu82pwiT2LkmFR2ChE5PQ1veQ%3A1742993009664&amp;ei=cfbjZ_OhKNmS0PEP6OHzoQk&amp;ved=0ahUKEwiznr_54qeMAxVZCTQIHejwPJQQ4dUDCBA&amp;uact=5&amp;oq=Buy+Sgt+-263+Online&amp;gs_lp=Egxnd3Mtd2l6LXNlcnAiE0J1eSBTZ3QgLTI2MyBPbmxpbmVIjghQoARYoARwAXgAkAEAmAHNAqABzQKqAQMzLTG4AQPIAQD4AQL4AQGYAgCgAgCYAwCIBgGSBwCgB0SyBwC4BwA&amp;sclient=gws-wiz-serp\">purchase SGT-263<\/a> de la noi \u0219i respecta\u021bi legile privind substan\u021bele chimice de cercetare din \u021bara dumneavoastr\u0103. SGT-263 nu este destinat utiliz\u0103rii pe oameni sau animale, ci exclusiv \u00een scopuri de cercetare.<\/p>\n<h3>SGT-263 Legalitate<\/h3>\n<p>Deoarece SGT-263 este at\u00e2t de nou, \u00een prezent nu este aprobat \u00een majoritatea \u021b\u0103rilor, ceea ce \u00eel face legal. Cu toate acestea, unele \u021b\u0103ri, cum ar fi Statele Unite, au legi stricte privind analogia care ar putea face ca aceast\u0103 substan\u021b\u0103 chimic\u0103 s\u0103 fie ilegal\u0103.<\/p>","protected":false},"excerpt":{"rendered":"<p>Buy SGT-263 online Buy SGT-263, The use of the cannabinoid SGT-263 is legal in our country of origin. It is your responsibility to know and comply with local, state, federal, provincial and local laws. Should you decide to place an order, we will not be liable for any actions or results . Why should you [&hellip;]<\/p>","protected":false},"featured_media":21249,"comment_status":"open","ping_status":"closed","template":"","meta":{"_joinchat":[]},"product_brand":[],"product_cat":[1724,1538],"product_tag":[],"class_list":{"0":"post-20526","1":"product","2":"type-product","3":"status-publish","4":"has-post-thumbnail","6":"product_cat-research-chemicals","7":"product_cat-cannabinoids","9":"first","10":"instock","11":"shipping-taxable","12":"purchasable","13":"product-type-variable","14":"add-to-wishlist-after_add_to_cart"},"yoast_head":"<!-- This site is optimized with the Yoast SEO plugin v25.9 - https:\/\/yoast.com\/wordpress\/plugins\/seo\/ -->\n<title>Buy SGT-263 Online - SGT-263 for sale | NarcoPowders<\/title>\n<meta name=\"description\" content=\"NarcoPowders is one of the leading chemical stores where you can get high-quality Sgt-263 powder for sale. Order Sgt-263, buy Sgt-263 online!\" \/>\n<meta name=\"robots\" content=\"index, follow, max-snippet:-1, max-image-preview:large, max-video-preview:-1\" \/>\n<link rel=\"canonical\" href=\"https:\/\/narcopowders.com\/ro\/produs\/cumpara-sgt-263-online\/\" \/>\n<meta property=\"og:locale\" content=\"ro_RO\" \/>\n<meta property=\"og:type\" content=\"article\" \/>\n<meta property=\"og:title\" content=\"Buy SGT-263 Online - SGT-263 for sale | NarcoPowders\" \/>\n<meta property=\"og:description\" content=\"NarcoPowders is one of the leading chemical stores where you can get high-quality Sgt-263 powder for sale. Order Sgt-263, buy Sgt-263 online!\" \/>\n<meta property=\"og:url\" content=\"https:\/\/narcopowders.com\/ro\/produs\/cumpara-sgt-263-online\/\" \/>\n<meta property=\"og:site_name\" content=\"Narco Powders\" \/>\n<meta property=\"article:modified_time\" content=\"2025-03-26T12:51:13+00:00\" \/>\n<meta property=\"og:image\" content=\"https:\/\/narcopowders.com\/wp-content\/uploads\/2024\/05\/Sgt-263.gif\" \/>\n\t<meta property=\"og:image:width\" content=\"600\" \/>\n\t<meta property=\"og:image:height\" content=\"600\" \/>\n\t<meta property=\"og:image:type\" content=\"image\/gif\" \/>\n<meta name=\"twitter:card\" content=\"summary_large_image\" \/>\n<meta name=\"twitter:label1\" content=\"Timp estimat pentru citire\" \/>\n\t<meta name=\"twitter:data1\" content=\"4 minute\" \/>\n<!-- \/ Yoast SEO plugin. -->","yoast_head_json":{"title":"Cumpara SGT-263 Online - SGT-263 de v\u00e2nzare | NarcoPowders","description":"NarcoPowders este unul dintre cele mai importante magazine chimice unde pute\u021bi ob\u021bine pulbere Sgt-263 de \u00eenalt\u0103 calitate de v\u00e2nzare. Comanda\u021bi Sgt-263, cump\u0103ra\u021bi Sgt-263 online!","robots":{"index":"index","follow":"follow","max-snippet":"max-snippet:-1","max-image-preview":"max-image-preview:large","max-video-preview":"max-video-preview:-1"},"canonical":"https:\/\/narcopowders.com\/ro\/produs\/cumpara-sgt-263-online\/","og_locale":"ro_RO","og_type":"article","og_title":"Buy SGT-263 Online - SGT-263 for sale | NarcoPowders","og_description":"NarcoPowders is one of the leading chemical stores where you can get high-quality Sgt-263 powder for sale. Order Sgt-263, buy Sgt-263 online!","og_url":"https:\/\/narcopowders.com\/ro\/produs\/cumpara-sgt-263-online\/","og_site_name":"Narco Powders","article_modified_time":"2025-03-26T12:51:13+00:00","og_image":[{"width":600,"height":600,"url":"https:\/\/narcopowders.com\/wp-content\/uploads\/2024\/05\/Sgt-263.gif","type":"image\/gif"}],"twitter_card":"summary_large_image","twitter_misc":{"Timp estimat pentru citire":"4 minute"},"schema":{"@context":"https:\/\/schema.org","@graph":[{"@type":"WebPage","@id":"https:\/\/narcopowders.com\/product\/buy-sgt-263-online\/","url":"https:\/\/narcopowders.com\/product\/buy-sgt-263-online\/","name":"Cumpara SGT-263 Online - SGT-263 de v\u00e2nzare | NarcoPowders","isPartOf":{"@id":"https:\/\/narcopowders.com\/#website"},"primaryImageOfPage":{"@id":"https:\/\/narcopowders.com\/product\/buy-sgt-263-online\/#primaryimage"},"image":{"@id":"https:\/\/narcopowders.com\/product\/buy-sgt-263-online\/#primaryimage"},"thumbnailUrl":"https:\/\/narcopowders.com\/wp-content\/uploads\/2024\/05\/Sgt-263.gif","datePublished":"2024-05-23T06:14:19+00:00","dateModified":"2025-03-26T12:51:13+00:00","description":"NarcoPowders este unul dintre cele mai importante magazine chimice unde pute\u021bi ob\u021bine pulbere Sgt-263 de \u00eenalt\u0103 calitate de v\u00e2nzare. Comanda\u021bi Sgt-263, cump\u0103ra\u021bi Sgt-263 online!","breadcrumb":{"@id":"https:\/\/narcopowders.com\/product\/buy-sgt-263-online\/#breadcrumb"},"inLanguage":"ro-RO","potentialAction":[{"@type":"ReadAction","target":["https:\/\/narcopowders.com\/product\/buy-sgt-263-online\/"]}]},{"@type":"ImageObject","inLanguage":"ro-RO","@id":"https:\/\/narcopowders.com\/product\/buy-sgt-263-online\/#primaryimage","url":"https:\/\/narcopowders.com\/wp-content\/uploads\/2024\/05\/Sgt-263.gif","contentUrl":"https:\/\/narcopowders.com\/wp-content\/uploads\/2024\/05\/Sgt-263.gif","width":600,"height":600,"caption":"Buy Sgt -263 Online"},{"@type":"BreadcrumbList","@id":"https:\/\/narcopowders.com\/product\/buy-sgt-263-online\/#breadcrumb","itemListElement":[{"@type":"ListItem","position":1,"name":"Home","item":"https:\/\/narcopowders.com\/"},{"@type":"ListItem","position":2,"name":"Shop Page","item":"https:\/\/narcopowders.com\/shop\/"},{"@type":"ListItem","position":3,"name":"Buy Sgt -263 Online"}]},{"@type":"WebSite","@id":"https:\/\/narcopowders.com\/#website","url":"https:\/\/narcopowders.com\/","name":"Pulberi narcotice","description":"Blogul meu WordPress","potentialAction":[{"@type":"SearchAction","target":{"@type":"EntryPoint","urlTemplate":"https:\/\/narcopowders.com\/?s={search_term_string}"},"query-input":{"@type":"PropertyValueSpecification","valueRequired":true,"valueName":"search_term_string"}}],"inLanguage":"ro-RO"}]}},"_links":{"self":[{"href":"https:\/\/narcopowders.com\/ro\/wp-json\/wp\/v2\/product\/20526","targetHints":{"allow":["GET"]}}],"collection":[{"href":"https:\/\/narcopowders.com\/ro\/wp-json\/wp\/v2\/product"}],"about":[{"href":"https:\/\/narcopowders.com\/ro\/wp-json\/wp\/v2\/types\/product"}],"replies":[{"embeddable":true,"href":"https:\/\/narcopowders.com\/ro\/wp-json\/wp\/v2\/comments?post=20526"}],"wp:featuredmedia":[{"embeddable":true,"href":"https:\/\/narcopowders.com\/ro\/wp-json\/wp\/v2\/media\/21249"}],"wp:attachment":[{"href":"https:\/\/narcopowders.com\/ro\/wp-json\/wp\/v2\/media?parent=20526"}],"wp:term":[{"taxonomy":"product_brand","embeddable":true,"href":"https:\/\/narcopowders.com\/ro\/wp-json\/wp\/v2\/product_brand?post=20526"},{"taxonomy":"product_cat","embeddable":true,"href":"https:\/\/narcopowders.com\/ro\/wp-json\/wp\/v2\/product_cat?post=20526"},{"taxonomy":"product_tag","embeddable":true,"href":"https:\/\/narcopowders.com\/ro\/wp-json\/wp\/v2\/product_tag?post=20526"}],"curies":[{"name":"wp","href":"https:\/\/api.w.org\/{rel}","templated":true}]}}