{"id":20527,"date":"2024-05-23T06:14:19","date_gmt":"2024-05-23T06:14:19","guid":{"rendered":"https:\/\/narcopowders.com\/?post_type=product&#038;p=20527"},"modified":"2025-03-26T13:06:04","modified_gmt":"2025-03-26T13:06:04","slug":"buy-sgt-78-online","status":"publish","type":"product","link":"https:\/\/narcopowders.com\/ro\/produs\/cumpara-sgt-78-online\/","title":{"rendered":"Cump\u0103ra\u021bi Sgt-78 online"},"content":{"rendered":"<h2>Sinopsis<\/h2>\n<p><a href=\"https:\/\/narcopowders.com\/ro\/produs\/cumpara-sgt-78-online\/\">Cump\u0103ra\u021bi Sgt-78 online<\/a>Pute\u021bi accesa magazinul nostru online de produse chimice, <a href=\"https:\/\/narcopowders.com\/ro\/\">NarcoPowders<\/a>Cump\u0103ra\u021bi Sgt-78 Online, Pute\u021bi ajunge la magazinul nostru chimic online, Narco Powders, \u00een orice moment al zilei, de oriunde din lume. Pentru cei care doresc s\u0103 cumpere SGT-78 online, aceasta este cea mai bun\u0103 op\u021biune disponibil\u0103. Oferim SGT-78 aici la un cost rezonabil. Ca urmare, nu ar trebui s\u0103 v\u0103 face\u021bi griji cu privire la costul SGT-78. \u00cen plus, ne ocup\u0103m de SGT-78 de v\u00e2nzare. \u00cen cazul \u00een care alege\u021bi s\u0103 comanda\u021bi SGT-78, v\u0103 rug\u0103m s\u0103 o face\u021bi f\u0103r\u0103 \u00eent\u00e2rziere. Scopul nostru este de a v\u0103 satisface toate nevoile.<\/p>\n<h3>SGT-78: Ce este?<\/h3>\n<p>Acestea sunt medicamente de fabrica\u021bie specific\u0103, care au tendin\u021ba de a produce efectele fiziologice \u0219i psihologice ale formulei moleculare C22H24N4O. Greutatea formulei este de 360,5 g\/mol. <a href=\"https:\/\/en.wikipedia.org\/wiki\/CUMYL-4CN-BINACA\">Order Sgt 78<\/a>Caracteristicile fiziologice \u0219i toxicologice ale acestora nu sunt cunoscute online. Este posibil ca canabinoizii sintetici s\u0103 aib\u0103 o afinitate puternic\u0103 pentru receptorii CB1 \u0219i CB2 periferici.<\/p>\n<h3>Ce efecte adverse are SGT-78?<\/h3>\n<p>Urm\u0103toarea este o list\u0103 de <a href=\"https:\/\/duckduckgo.com\/?q=Buy+Sgt-78+Online&amp;t=h_&amp;ia=web\">Pulbere SGT-78<\/a> efecte adverse:<\/p>\n<p>Depresie<\/p>\n<ul>\n<li>Somnolen\u021b\u0103<\/li>\n<li>Durere la nivelul capului<\/li>\n<li>gur\u0103 uscat\u0103<\/li>\n<\/ul>\n<h3>De ce este NarcoPowders cel mai bun magazin online pentru a cump\u0103ra SGT-78?<\/h3>\n<p>Ne ocup\u0103m de SGT-78 la pre\u021buri rezonabile \u0219i suntem principalul furnizor \u0219i dealer pe pia\u021ba online. De asemenea, pute\u021bi s\u0103 ne comunica\u021bi nevoile dvs. \u0219i vom face rapid tot ce ave\u021bi nevoie. Vom livra \u00eentreaga comand\u0103 la adresa pe care a\u021bi furnizat-o. Achizi\u021biona\u021bi SGT-78 chiar acum! <a href=\"https:\/\/www.bing.com\/search?q=Buy%20Sgt-78%20Online&amp;qs=n&amp;form=QBRE&amp;sp=-1&amp;lq=0&amp;pq=buy%20neh%20online&amp;sc=7-14&amp;sk=&amp;cvid=AA859630B0114247B2DF53E77D653BA2&amp;ghsh=0&amp;ghacc=0&amp;ghpl=\">Cump\u0103r\u0103 SGT-78 chiar acum<\/a>!<\/p>\n<p>Re\u021beaua noastr\u0103 foarte dedicat\u0103 se asigur\u0103 c\u0103 fiecare produs este trimis \u0219i livrat la timp. Suntem un grup de \u00eencredere. Scopul nostru final este fericirea clien\u021bilor, iar noi suntem membri de \u00eencredere ai echipei. Prin plasarea comenzii dvs. cu noi, pute\u021bi decide cu \u00een\u021belepciune. V\u0103 garant\u0103m c\u0103 ne vom ridica la standardele dvs. \u00eenalte at\u00e2t pentru num\u0103r, c\u00e2t \u0219i pentru calitate.<\/p>\n<p>\u00cen plus, sper\u0103m \u00een mod constant s\u0103 ne dezvolt\u0103m compania \u00een \u00eentreaga \u021bar\u0103, motiv pentru care ad\u0103ug\u0103m \u00een mod constant noi produse \u00een inventarul nostru. Avem produse de cea mai bun\u0103 calitate \u0219i v\u0103 ajut\u0103m s\u0103 le g\u0103si\u021bi atunci c\u00e2nd ave\u021bi nevoie de ele. <a href=\"https:\/\/www.google.com\/search?q=Buy+Sgt-78+Online&amp;sca_esv=16def464f60f9903&amp;sxsrf=AHTn8zqcEjgHqzzUp5erXdlsYGwuPLdbZg%3A1742994101295&amp;ei=tfrjZ4TlEaus0PEP0L7GsQE&amp;ved=0ahUKEwjEk4OC56eMAxUrFjQIHVCfMRYQ4dUDCBA&amp;uact=5&amp;oq=Buy+Sgt-78+Online&amp;gs_lp=Egxnd3Mtd2l6LXNlcnAiEUJ1eSBTZ3QtNzggT25saW5lMgUQIRigATIFECEYoAEyBRAhGKABMgUQIRigATIFECEYoAFI5ANQAFgAcAB4AZABAJgB_gKgAf4CqgEDMy0xuAEDyAEA-AEC-AEBmAIBoAKIA5gDAJIHAzMtMaAHhASyBwMzLTG4B4gD&amp;sclient=gws-wiz-serp\">Cump\u0103ra\u021bi Sgt-78 online<\/a>.<\/p>","protected":false},"excerpt":{"rendered":"<p>Synopsis Buy Sgt-78 Online, You can reach our online chemical store, NarcoPowders, at any time of day from anywhere in the world. For those looking to purchase SGT-78 online, it is the best option available. We are offering SGT-78 here at a reasonable cost. As a result, you shouldn&#8217;t be concerned about the cost of [&hellip;]<\/p>","protected":false},"featured_media":21252,"comment_status":"open","ping_status":"closed","template":"","meta":{"_joinchat":[]},"product_brand":[],"product_cat":[1599,1538],"product_tag":[],"class_list":{"0":"post-20527","1":"product","2":"type-product","3":"status-publish","4":"has-post-thumbnail","6":"product_cat-stimulants","7":"product_cat-cannabinoids","9":"first","10":"instock","11":"shipping-taxable","12":"purchasable","13":"product-type-variable","14":"add-to-wishlist-after_add_to_cart"},"yoast_head":"<!-- This site is optimized with the Yoast SEO plugin v25.9 - https:\/\/yoast.com\/wordpress\/plugins\/seo\/ -->\n<title>Buy Sgt-78 Online - Sgt-78 Powder for sale - Order Sgt-78 online<\/title>\n<meta name=\"description\" content=\"Get best quality Sgt-78 for sale from a leading powder store Narcopowders.com. Buy Sgt-78 online legally, Order Sgt-78 online.\" \/>\n<meta name=\"robots\" content=\"index, follow, max-snippet:-1, max-image-preview:large, max-video-preview:-1\" \/>\n<link rel=\"canonical\" href=\"https:\/\/narcopowders.com\/ro\/produs\/cumpara-sgt-78-online\/\" \/>\n<meta property=\"og:locale\" content=\"ro_RO\" \/>\n<meta property=\"og:type\" content=\"article\" \/>\n<meta property=\"og:title\" content=\"Buy Sgt-78 Online - Sgt-78 Powder for sale - Order Sgt-78 online\" \/>\n<meta property=\"og:description\" content=\"Get best quality Sgt-78 for sale from a leading powder store Narcopowders.com. Buy Sgt-78 online legally, Order Sgt-78 online.\" \/>\n<meta property=\"og:url\" content=\"https:\/\/narcopowders.com\/ro\/produs\/cumpara-sgt-78-online\/\" \/>\n<meta property=\"og:site_name\" content=\"Narco Powders\" \/>\n<meta property=\"article:modified_time\" content=\"2025-03-26T13:06:04+00:00\" \/>\n<meta property=\"og:image\" content=\"https:\/\/narcopowders.com\/wp-content\/uploads\/2024\/05\/Sgt-78.gif\" \/>\n\t<meta property=\"og:image:width\" content=\"600\" \/>\n\t<meta property=\"og:image:height\" content=\"600\" \/>\n\t<meta property=\"og:image:type\" content=\"image\/gif\" \/>\n<meta name=\"twitter:card\" content=\"summary_large_image\" \/>\n<meta name=\"twitter:label1\" content=\"Timp estimat pentru citire\" \/>\n\t<meta name=\"twitter:data1\" content=\"2 minute\" \/>\n<!-- \/ Yoast SEO plugin. -->","yoast_head_json":{"title":"Cump\u0103ra\u021bi Sgt-78 Online - Sgt-78 Powder de v\u00e2nzare - Comanda\u021bi Sgt-78 online","description":"Ob\u021bine\u021bi cea mai bun\u0103 calitate Sgt-78 de v\u00e2nzare de la un magazin de pulbere lider Narcopowders.com. Cump\u0103ra\u021bi Sgt-78 online legal, comanda\u021bi Sgt-78 online.","robots":{"index":"index","follow":"follow","max-snippet":"max-snippet:-1","max-image-preview":"max-image-preview:large","max-video-preview":"max-video-preview:-1"},"canonical":"https:\/\/narcopowders.com\/ro\/produs\/cumpara-sgt-78-online\/","og_locale":"ro_RO","og_type":"article","og_title":"Buy Sgt-78 Online - Sgt-78 Powder for sale - Order Sgt-78 online","og_description":"Get best quality Sgt-78 for sale from a leading powder store Narcopowders.com. Buy Sgt-78 online legally, Order Sgt-78 online.","og_url":"https:\/\/narcopowders.com\/ro\/produs\/cumpara-sgt-78-online\/","og_site_name":"Narco Powders","article_modified_time":"2025-03-26T13:06:04+00:00","og_image":[{"width":600,"height":600,"url":"https:\/\/narcopowders.com\/wp-content\/uploads\/2024\/05\/Sgt-78.gif","type":"image\/gif"}],"twitter_card":"summary_large_image","twitter_misc":{"Timp estimat pentru citire":"2 minute"},"schema":{"@context":"https:\/\/schema.org","@graph":[{"@type":"WebPage","@id":"https:\/\/narcopowders.com\/product\/buy-sgt-78-online\/","url":"https:\/\/narcopowders.com\/product\/buy-sgt-78-online\/","name":"Cump\u0103ra\u021bi Sgt-78 Online - Sgt-78 Powder de v\u00e2nzare - Comanda\u021bi Sgt-78 online","isPartOf":{"@id":"https:\/\/narcopowders.com\/#website"},"primaryImageOfPage":{"@id":"https:\/\/narcopowders.com\/product\/buy-sgt-78-online\/#primaryimage"},"image":{"@id":"https:\/\/narcopowders.com\/product\/buy-sgt-78-online\/#primaryimage"},"thumbnailUrl":"https:\/\/narcopowders.com\/wp-content\/uploads\/2024\/05\/Sgt-78.gif","datePublished":"2024-05-23T06:14:19+00:00","dateModified":"2025-03-26T13:06:04+00:00","description":"Ob\u021bine\u021bi cea mai bun\u0103 calitate Sgt-78 de v\u00e2nzare de la un magazin de pulbere lider Narcopowders.com. Cump\u0103ra\u021bi Sgt-78 online legal, comanda\u021bi Sgt-78 online.","breadcrumb":{"@id":"https:\/\/narcopowders.com\/product\/buy-sgt-78-online\/#breadcrumb"},"inLanguage":"ro-RO","potentialAction":[{"@type":"ReadAction","target":["https:\/\/narcopowders.com\/product\/buy-sgt-78-online\/"]}]},{"@type":"ImageObject","inLanguage":"ro-RO","@id":"https:\/\/narcopowders.com\/product\/buy-sgt-78-online\/#primaryimage","url":"https:\/\/narcopowders.com\/wp-content\/uploads\/2024\/05\/Sgt-78.gif","contentUrl":"https:\/\/narcopowders.com\/wp-content\/uploads\/2024\/05\/Sgt-78.gif","width":600,"height":600,"caption":"Buy Sgt-78 Online"},{"@type":"BreadcrumbList","@id":"https:\/\/narcopowders.com\/product\/buy-sgt-78-online\/#breadcrumb","itemListElement":[{"@type":"ListItem","position":1,"name":"Home","item":"https:\/\/narcopowders.com\/"},{"@type":"ListItem","position":2,"name":"Shop Page","item":"https:\/\/narcopowders.com\/shop\/"},{"@type":"ListItem","position":3,"name":"Buy Sgt-78 Online"}]},{"@type":"WebSite","@id":"https:\/\/narcopowders.com\/#website","url":"https:\/\/narcopowders.com\/","name":"Pulberi narcotice","description":"Blogul meu WordPress","potentialAction":[{"@type":"SearchAction","target":{"@type":"EntryPoint","urlTemplate":"https:\/\/narcopowders.com\/?s={search_term_string}"},"query-input":{"@type":"PropertyValueSpecification","valueRequired":true,"valueName":"search_term_string"}}],"inLanguage":"ro-RO"}]}},"_links":{"self":[{"href":"https:\/\/narcopowders.com\/ro\/wp-json\/wp\/v2\/product\/20527","targetHints":{"allow":["GET"]}}],"collection":[{"href":"https:\/\/narcopowders.com\/ro\/wp-json\/wp\/v2\/product"}],"about":[{"href":"https:\/\/narcopowders.com\/ro\/wp-json\/wp\/v2\/types\/product"}],"replies":[{"embeddable":true,"href":"https:\/\/narcopowders.com\/ro\/wp-json\/wp\/v2\/comments?post=20527"}],"wp:featuredmedia":[{"embeddable":true,"href":"https:\/\/narcopowders.com\/ro\/wp-json\/wp\/v2\/media\/21252"}],"wp:attachment":[{"href":"https:\/\/narcopowders.com\/ro\/wp-json\/wp\/v2\/media?parent=20527"}],"wp:term":[{"taxonomy":"product_brand","embeddable":true,"href":"https:\/\/narcopowders.com\/ro\/wp-json\/wp\/v2\/product_brand?post=20527"},{"taxonomy":"product_cat","embeddable":true,"href":"https:\/\/narcopowders.com\/ro\/wp-json\/wp\/v2\/product_cat?post=20527"},{"taxonomy":"product_tag","embeddable":true,"href":"https:\/\/narcopowders.com\/ro\/wp-json\/wp\/v2\/product_tag?post=20527"}],"curies":[{"name":"wp","href":"https:\/\/api.w.org\/{rel}","templated":true}]}}