{"id":20559,"date":"2024-05-23T06:14:29","date_gmt":"2024-05-23T06:14:29","guid":{"rendered":"https:\/\/narcopowders.com\/?post_type=product&#038;p=20559"},"modified":"2025-03-26T12:48:20","modified_gmt":"2025-03-26T12:48:20","slug":"buy-mdpop-online","status":"publish","type":"product","link":"https:\/\/narcopowders.com\/ro\/produs\/buy-mdpop-online\/","title":{"rendered":"Cumpara Mdpop Online"},"content":{"rendered":"<h2>Cump\u0103ra\u021bi mdpop online<\/h2>\n<p><a href=\"https:\/\/narcopowders.com\/ro\/produs\/buy-mdpop-online\/\">Cump\u0103r\u0103 online MDPOP<\/a>, Consiliul consultativ britanic privind abuzul de droguri a anun\u021bat la 2 aprilie 2010 c\u0103 va introduce un boicot cuprinz\u0103tor, bazat pe structur\u0103, al \u00eentregii clase de amestecuri de droguri. Scopul a fost acela de a face cunoscut\u0103 pe scar\u0103 larg\u0103 v\u00e2nzarea pe pia\u021ba neagr\u0103 \u0219i utilizarea recreativ\u0103 a <a href=\"https:\/\/narcopowders.com\/ro\/\">mephedrone<\/a>, un membru comun al familiei. Acest boicot se aplic\u0103 amestecurilor care au structura general\u0103 descris\u0103 mai sus; sunt identificate 28 de amestecuri specifice.<\/p>\n<h3>Mai multe informa\u021bii despre mdpop<\/h3>\n<p>(I) prin substituirea \u00een orice m\u0103sur\u0103 a substituen\u021bilor alchil, alcoxi, alchilendioxi, haloalchil sau halogenur\u0103 \u00een inelul fenilic, chiar dac\u0103 cel pu\u021bin un alt substituent monovalent este de asemenea substituit \u00een inelul fenilic;<\/p>\n<p>(ii) prin \u00eenlocuirea unui substituent alchil \u00een pozi\u021bia trei; Profilul medical al canabisului legal.<\/p>\n<p>(iii) prin \u00eencorporarea atomului de azot \u00eentr-o structur\u0103 ciclic\u0103 sau prin substituirea grup\u0103rilor alchil sau dialchil pe particula de azot.<\/p>\n<p>Un pic de istorie a <a href=\"https:\/\/en.wikipedia.org\/wiki\/Bestgore.com\">mdpop<\/a><\/p>\n<p>La 16 aprilie 2010, acest material a fost ad\u0103ugat la Legea privind abuzul de droguri din 1971, intr\u00e2nd astfel \u00een vigoare. Ar trebui remarcat faptul c\u0103, la momentul public\u0103rii raportului ACMD, patru dintre amestecurile de mai sus - catinona, methcathinona, dietilpropionul \u0219i pirovalerona - erau ilegale \u00een Regatul Unit. Dou\u0103 amestecuri au fost excluse \u00een mod specific de la boicot: bupropionul, din cauza utiliz\u0103rii sale medicale pe scar\u0103 larg\u0103 \u0219i a poten\u021bialului sc\u0103zut de abuz, \u0219i nafirona, deoarece structura sa nu se \u00eencadreaz\u0103 \u00een defini\u021bia neexclusiv\u0103 \u0219i nu exist\u0103 \u00een acest moment dovezi care s\u0103 justifice un boicot al utiliz\u0103rii sale; Internet purchase mdpop <a href=\"https:\/\/duckduckgo.com\/?q=Buy+Mdpop+Online&amp;t=h_&amp;ia=web\">cump\u0103ra\u021bi mdpop<\/a><\/p>\n<p>Prin urmare, analogii de nafiron\u0103 au fost interzi\u0219i \u00een iulie 2010, \u00een urma unei m\u0103suri suplimentare <a href=\"https:\/\/www.bing.com\/search?q=Buy%20Mdpop%20Online&amp;qs=n&amp;form=QBRE&amp;sp=-1&amp;lq=0&amp;pq=buy%20mdpop%20online&amp;sc=7-16&amp;sk=&amp;cvid=39381BC406B44470A62F975F64C4C48E&amp;ghsh=0&amp;ghacc=0&amp;ghpl=\">ACMD<\/a> sondaj \u0219i un boicot structural mult mai amplu dec\u00e2t precedentul.<\/p>\n<p>\u00cen cele din urm\u0103: \"Orice compus derivat \u00een principal din 2-aminopropan-1-one prin substituirea unui schelet de inel monociclic sau policiclic mixt (nu un inel fenil sau un schelet de inel alchilendiioxifenil) \u00een pozi\u021bia 1, indiferent dac\u0103 este o substan\u021b\u0103<\/p>\n<p>Cu alte cuvinte: adaptat\u0103 \u00een continuare \u00eentr-unul dintre modurile corespunz\u0103toare. Profilul de droguri al canabisului legal.<\/p>\n<p>(I) prin substituirea substituen\u021bilor alchil, alcoxi, haloalchil sau halogenur\u0103 \u00een structura inelului \u00een orice m\u0103sur\u0103, indiferent dac\u0103 ace\u0219tia sunt sau nu substitui\u021bi \u00een continuare \u00een structura inelului cu cel pu\u021bin un substituent monovalent suplimentar MDPOP Buy Online. <a href=\"https:\/\/www.google.com\/search?q=Buy+Mdpop+Online&amp;sca_esv=16def464f60f9903&amp;sxsrf=AHTn8zr0vho_kgZZLgPu0ej4mI0Ui52Faw%3A1742992891574&amp;ei=-_XjZ4LoIpOy0PEPgenGMQ&amp;ved=0ahUKEwjC0ZfB4qeMAxUTGTQIHYG0MQYQ4dUDCBA&amp;uact=5&amp;oq=Buy+Mdpop+Online&amp;gs_lp=Egxnd3Mtd2l6LXNlcnAiEEJ1eSBNZHBvcCBPbmxpbmVItwhQ-wNY-wNwAXgAkAEAmAGAA6ABgAOqAQMzLTG4AQPIAQD4AQL4AQGYAgCgAgCYAwCIBgGSBwCgB0SyBwC4BwA&amp;sclient=gws-wiz-serp\">Cump\u0103r\u0103 online MDPOP<\/a>.<\/p>","protected":false},"excerpt":{"rendered":"<p>Buy mdpop online MDPOP Buy Online, The UK Advisory Council on the Misuse of Drugs announced on April 2, 2010 that it would introduce a comprehensive, structure-based boycott of this entire class of drug mixtures. The goal was to widely publicize the black market sales and recreational use of mephedrone, a common family member. This [&hellip;]<\/p>","protected":false},"featured_media":21257,"comment_status":"open","ping_status":"closed","template":"","meta":{"_joinchat":[]},"product_brand":[],"product_cat":[1539,1724],"product_tag":[],"class_list":{"0":"post-20559","1":"product","2":"type-product","3":"status-publish","4":"has-post-thumbnail","6":"product_cat-cathinone","7":"product_cat-research-chemicals","9":"first","10":"instock","11":"shipping-taxable","12":"purchasable","13":"product-type-variable","14":"add-to-wishlist-after_add_to_cart"},"yoast_head":"<!-- This site is optimized with the Yoast SEO plugin v25.9 - https:\/\/yoast.com\/wordpress\/plugins\/seo\/ -->\n<title>Buy Mdpop Online - Mdpop for sale - Order mdpop | NarcoPowders<\/title>\n<meta name=\"description\" content=\"NarcoPowders is a leading chemical powder store whre you can buy Mdpop online, order mdpop online legally, Mdpop for sale online. Shop Now!\" \/>\n<meta name=\"robots\" content=\"index, follow, max-snippet:-1, max-image-preview:large, max-video-preview:-1\" \/>\n<link rel=\"canonical\" href=\"https:\/\/narcopowders.com\/ro\/produs\/buy-mdpop-online\/\" \/>\n<meta property=\"og:locale\" content=\"ro_RO\" \/>\n<meta property=\"og:type\" content=\"article\" \/>\n<meta property=\"og:title\" content=\"Buy Mdpop Online - Mdpop for sale - Order mdpop | NarcoPowders\" \/>\n<meta property=\"og:description\" content=\"NarcoPowders is a leading chemical powder store whre you can buy Mdpop online, order mdpop online legally, Mdpop for sale online. Shop Now!\" \/>\n<meta property=\"og:url\" content=\"https:\/\/narcopowders.com\/ro\/produs\/buy-mdpop-online\/\" \/>\n<meta property=\"og:site_name\" content=\"Narco Powders\" \/>\n<meta property=\"article:modified_time\" content=\"2025-03-26T12:48:20+00:00\" \/>\n<meta property=\"og:image\" content=\"https:\/\/narcopowders.com\/wp-content\/uploads\/2024\/05\/Mdpop.gif\" \/>\n\t<meta property=\"og:image:width\" content=\"600\" \/>\n\t<meta property=\"og:image:height\" content=\"600\" \/>\n\t<meta property=\"og:image:type\" content=\"image\/gif\" \/>\n<meta name=\"twitter:card\" content=\"summary_large_image\" \/>\n<meta name=\"twitter:label1\" content=\"Timp estimat pentru citire\" \/>\n\t<meta name=\"twitter:data1\" content=\"2 minute\" \/>\n<!-- \/ Yoast SEO plugin. -->","yoast_head_json":{"title":"Cumpara Mdpop Online - Mdpop de v\u00e2nzare - Comanda mdpop | NarcoPowders","description":"NarcoPowders este un magazin lider de pulbere chimic\u0103 unde pute\u021bi cump\u0103ra Mdpop online, comanda\u021bi mdpop online legal, Mdpop de v\u00e2nzare online. Cump\u0103ra\u021bi acum!","robots":{"index":"index","follow":"follow","max-snippet":"max-snippet:-1","max-image-preview":"max-image-preview:large","max-video-preview":"max-video-preview:-1"},"canonical":"https:\/\/narcopowders.com\/ro\/produs\/buy-mdpop-online\/","og_locale":"ro_RO","og_type":"article","og_title":"Buy Mdpop Online - Mdpop for sale - Order mdpop | NarcoPowders","og_description":"NarcoPowders is a leading chemical powder store whre you can buy Mdpop online, order mdpop online legally, Mdpop for sale online. Shop Now!","og_url":"https:\/\/narcopowders.com\/ro\/produs\/buy-mdpop-online\/","og_site_name":"Narco Powders","article_modified_time":"2025-03-26T12:48:20+00:00","og_image":[{"width":600,"height":600,"url":"https:\/\/narcopowders.com\/wp-content\/uploads\/2024\/05\/Mdpop.gif","type":"image\/gif"}],"twitter_card":"summary_large_image","twitter_misc":{"Timp estimat pentru citire":"2 minute"},"schema":{"@context":"https:\/\/schema.org","@graph":[{"@type":"WebPage","@id":"https:\/\/narcopowders.com\/product\/buy-mdpop-online\/","url":"https:\/\/narcopowders.com\/product\/buy-mdpop-online\/","name":"Cumpara Mdpop Online - Mdpop de v\u00e2nzare - Comanda mdpop | NarcoPowders","isPartOf":{"@id":"https:\/\/narcopowders.com\/#website"},"primaryImageOfPage":{"@id":"https:\/\/narcopowders.com\/product\/buy-mdpop-online\/#primaryimage"},"image":{"@id":"https:\/\/narcopowders.com\/product\/buy-mdpop-online\/#primaryimage"},"thumbnailUrl":"https:\/\/narcopowders.com\/wp-content\/uploads\/2024\/05\/Mdpop.gif","datePublished":"2024-05-23T06:14:29+00:00","dateModified":"2025-03-26T12:48:20+00:00","description":"NarcoPowders este un magazin lider de pulbere chimic\u0103 unde pute\u021bi cump\u0103ra Mdpop online, comanda\u021bi mdpop online legal, Mdpop de v\u00e2nzare online. Cump\u0103ra\u021bi acum!","breadcrumb":{"@id":"https:\/\/narcopowders.com\/product\/buy-mdpop-online\/#breadcrumb"},"inLanguage":"ro-RO","potentialAction":[{"@type":"ReadAction","target":["https:\/\/narcopowders.com\/product\/buy-mdpop-online\/"]}]},{"@type":"ImageObject","inLanguage":"ro-RO","@id":"https:\/\/narcopowders.com\/product\/buy-mdpop-online\/#primaryimage","url":"https:\/\/narcopowders.com\/wp-content\/uploads\/2024\/05\/Mdpop.gif","contentUrl":"https:\/\/narcopowders.com\/wp-content\/uploads\/2024\/05\/Mdpop.gif","width":600,"height":600,"caption":"Buy Mdpop Online"},{"@type":"BreadcrumbList","@id":"https:\/\/narcopowders.com\/product\/buy-mdpop-online\/#breadcrumb","itemListElement":[{"@type":"ListItem","position":1,"name":"Home","item":"https:\/\/narcopowders.com\/"},{"@type":"ListItem","position":2,"name":"Shop Page","item":"https:\/\/narcopowders.com\/shop\/"},{"@type":"ListItem","position":3,"name":"Buy Mdpop Online"}]},{"@type":"WebSite","@id":"https:\/\/narcopowders.com\/#website","url":"https:\/\/narcopowders.com\/","name":"Pulberi narcotice","description":"Blogul meu WordPress","potentialAction":[{"@type":"SearchAction","target":{"@type":"EntryPoint","urlTemplate":"https:\/\/narcopowders.com\/?s={search_term_string}"},"query-input":{"@type":"PropertyValueSpecification","valueRequired":true,"valueName":"search_term_string"}}],"inLanguage":"ro-RO"}]}},"_links":{"self":[{"href":"https:\/\/narcopowders.com\/ro\/wp-json\/wp\/v2\/product\/20559","targetHints":{"allow":["GET"]}}],"collection":[{"href":"https:\/\/narcopowders.com\/ro\/wp-json\/wp\/v2\/product"}],"about":[{"href":"https:\/\/narcopowders.com\/ro\/wp-json\/wp\/v2\/types\/product"}],"replies":[{"embeddable":true,"href":"https:\/\/narcopowders.com\/ro\/wp-json\/wp\/v2\/comments?post=20559"}],"wp:featuredmedia":[{"embeddable":true,"href":"https:\/\/narcopowders.com\/ro\/wp-json\/wp\/v2\/media\/21257"}],"wp:attachment":[{"href":"https:\/\/narcopowders.com\/ro\/wp-json\/wp\/v2\/media?parent=20559"}],"wp:term":[{"taxonomy":"product_brand","embeddable":true,"href":"https:\/\/narcopowders.com\/ro\/wp-json\/wp\/v2\/product_brand?post=20559"},{"taxonomy":"product_cat","embeddable":true,"href":"https:\/\/narcopowders.com\/ro\/wp-json\/wp\/v2\/product_cat?post=20559"},{"taxonomy":"product_tag","embeddable":true,"href":"https:\/\/narcopowders.com\/ro\/wp-json\/wp\/v2\/product_tag?post=20559"}],"curies":[{"name":"wp","href":"https:\/\/api.w.org\/{rel}","templated":true}]}}