{"id":20560,"date":"2024-05-23T06:14:29","date_gmt":"2024-05-23T06:14:29","guid":{"rendered":"https:\/\/narcopowders.com\/?post_type=product&#038;p=20560"},"modified":"2025-05-06T07:06:10","modified_gmt":"2025-05-06T07:06:10","slug":"buy-mcpep-online","status":"publish","type":"product","link":"https:\/\/narcopowders.com\/ro\/produs\/cumpara-mcpep-online\/","title":{"rendered":"Cump\u0103ra\u021bi MCPEP online"},"content":{"rendered":"<h2>Cump\u0103ra\u021bi MCPEP ONLINE<\/h2>\n<p><a href=\"https:\/\/narcopowders.com\/ro\/produs\/cumpara-mcpep-online\/\">Cump\u0103r\u0103 online MCPEP<\/a>, MCPEP does not carry <a href=\"https:\/\/en.wikipedia.org\/wiki\/Meta-Chlorophenylpiperazine\">NarcoPowders<\/a> care este singurul loc \u00een care pute\u021bi ob\u021bine o varietate de materiale plastice sub un singur acoperi\u0219. MCPEP prin internet. Flakka, numit \u0219i Rock, este un drog stimulant din clasa catinonelor, dezvoltat \u00een anii 1960.<\/p>\n<p>MCPEP este un energizant sintetic din clasele pirovaleron\u0103 \u0219i catinon\u0103 care poate fi achizi\u021bionat online. Este sintetic similar cu alte amestecuri de pirovalerone, de exemplu <a href=\"https:\/\/narcopowders.com\/ro\/\">MDPV<\/a> \u0219i amestecuri de catinon\u0103. De obicei, este disponibil\u0103 sub form\u0103 de fragmente mari \u0219i frumoase de piatr\u0103 sau sub form\u0103 de pulbere sticloas\u0103 pe care utilizatorii o pot \u00eenghi\u021bi pentru a ob\u021bine efecte similare cu amfetamina.<\/p>\n<p><a href=\"https:\/\/duckduckgo.com\/?q=Buy+MCPEP+Online&amp;t=h_&amp;ia=web\">Cump\u0103ra\u021bi MCPEP online<\/a> este cetona simpl\u0103 a prolintanului, care este identificat\u0103 \u00een mod artificial cu pirovalerona \u0219i este adesea utilizat\u0103 ca drog recrea\u021bional .<\/p>\n<p>Pirovalerona \u00eempiedic\u0103 recep\u021bia sinapselor specifice de monoamin\u0103, cum ar fi cele pentru dopamin\u0103 \u0219i noradrenalin\u0103, prin inhibarea purt\u0103torilor acestora. Singura diferen\u021b\u0103 \u00eentre 1,2-\u03b1-pirrolidinopentiofenon\u0103 (clorhidrat) \u0219i pirovaleron\u0103 este absen\u021ba grup\u0103rii metil pe reziduul fenil al pirovaleronei. Se crede c\u0103 aceast\u0103 substan\u021b\u0103 este un energizant psihotrop similar pirovaleronei. Acest articol este utilizat \u00een contexte juridice.<\/p>\n<h3>DE CE ESTE NARCOPOWDERS CEL MAI BUN SITE PENTRU ACHIZI\u021aII ONLINE DE MCPEP?<\/h3>\n<p>\u00cen calitate de furnizor autorizat, NarcoPowders se ocup\u0103 de comer\u021bul cu ridicata \u0219i cu am\u0103nuntul cu pulberi autentice, cum ar fi Mcpep. Compania noastr\u0103 garanteaz\u0103 nu numai cea mai bun\u0103 calitate MCPEP, ci \u0219i un ambalaj unic \u0219i un transport sigur \u00een \u00eentreaga lume.<\/p>\n<p>Seria critic\u0103 care apare dup\u0103 consumul de MCPEP. Unii clien\u021bi au sus\u021binut c\u0103 utilizarea <a href=\"https:\/\/www.bing.com\/search?q=Buy%20MCPEP%20Online&amp;qs=n&amp;form=QBRE&amp;sp=-1&amp;lq=0&amp;pq=buy%20mcpep%20online&amp;sc=0-16&amp;sk=&amp;cvid=B141403045F84ECD9428F67F84CA2247&amp;ghsh=0&amp;ghacc=0&amp;ghpl=\">MCPEP<\/a> era mult superior fumatului de \u021big\u0103ri, per total, deoarece nu le provoca dezintegrarea nasului.<\/p>\n<p>Oferim doar produse de \u00eenalt\u0103 calitate \u00een scopuri de cercetare. \u00cen magazinul nostru online pute\u021bi g\u0103si cel mai pur \u0219i mai caracteristic MCPEP. Interac\u021bion\u0103m cu clien\u021bii no\u0219tri \u0219i ne str\u0103duim s\u0103 le oferim servicii de calitate.<\/p>\n<p><a href=\"https:\/\/www.google.com\/search?q=Buy+MCPEP+Online&amp;sca_esv=16def464f60f9903&amp;sxsrf=AHTn8zrl9GcjlIKOa8J63qa_B-tqGoFA5w%3A1742992516792&amp;ei=hPTjZ76JMK2Nm9cPiIPx0Ac&amp;ved=0ahUKEwi-27yO4aeMAxWtxuYEHYhBHHoQ4dUDCBA&amp;uact=5&amp;oq=Buy+MCPEP+Online&amp;gs_lp=Egxnd3Mtd2l6LXNlcnAiEEJ1eSBNQ1BFUCBPbmxpbmVI8gdQ9wNY9wNwAXgAkAEAmAEAoAEAqgEAuAEDyAEA-AEC-AEBmAIAoAIAmAMAiAYBkgcAoAcAsgcAuAcA&amp;sclient=gws-wiz-serp\">Cump\u0103ra\u021bi MCPEP online<\/a> este identificat \u00een mod artificial cu pirovalerona \u0219i este cetona simpl\u0103 a prolintanului \u0219i este utilizat \u00een mod regulat ca drog recrea\u021bional.<\/p>\n<h3>Comanda\u021bi pulbere MCPEP<\/h3>\n<p>Aceast\u0103 pirovaleron\u0103 este un inhibitor al transmi\u021b\u0103torilor pentru anumite sinapse monoamin\u0103, inclusiv dopamina \u0219i noradrenalina, prin \u00eempiedicarea capt\u0103rii acestora.1,2 \u03b1-Pyrrolidinopentiofenona (clorhidrat) este o pirovaleron\u0103 simpl\u0103 c\u0103reia \u00eei lipse\u0219te doar pachetul de metil care se g\u0103se\u0219te pe frac\u021biunea fenil a pirovaleronei . Ca \u0219i pirovalerona, acest compus este considerat, de asemenea, un energizant psihoactiv. Acest articol este utilizat \u00een aplica\u021bii legale.<\/p>\n<h3>DE CE NarcoPowders este cel mai bun loc pentru a cump\u0103ra MCPEP online?<\/h3>\n<p>NarcoPowders este un distribuitor oficial \u0219i negociem reduceri \u0219i schimburi cu am\u0103nuntul de astfel de pulberi legitime, cum ar fi Mcpep. Organiza\u021bia noastr\u0103 nu numai c\u0103 asigur\u0103 cel mai \u00eenalt calibru de MCPEP, al\u0103turi de un pachet unic \u0219i un transport sigur \u00een \u00eentreaga lume MCPEP Buy Online.<\/p>\n<p>&nbsp;<\/p>","protected":false},"excerpt":{"rendered":"<p>Buy MCPEP ONLINE MCPEP Buy Online, MCPEP does not carry NarcoPowders which is the only place to get a variety of plastics under one roof. MCPEP via the Internet. Flakka, also called Rock, is a cathinone-class stimulant drug developed in the 1960s. MCPEP is a synthetic energizer of the pyrovalerone and cathinone classes that can [&hellip;]<\/p>","protected":false},"featured_media":21258,"comment_status":"open","ping_status":"closed","template":"","meta":{"_joinchat":[]},"product_brand":[],"product_cat":[1539,1724],"product_tag":[],"class_list":{"0":"post-20560","1":"product","2":"type-product","3":"status-publish","4":"has-post-thumbnail","6":"product_cat-cathinone","7":"product_cat-research-chemicals","9":"first","10":"instock","11":"shipping-taxable","12":"purchasable","13":"product-type-variable","14":"add-to-wishlist-after_add_to_cart"},"yoast_head":"<!-- This site is optimized with the Yoast SEO plugin v25.9 - https:\/\/yoast.com\/wordpress\/plugins\/seo\/ -->\n<title>Buy MCPEP Online - MCPEP Powder for Sale - NarcoPowders<\/title>\n<meta name=\"description\" content=\"Are you looking to buy MCPEP online without prescription? NarcoPowders is the best place to buy MCPEP online legally, MCPEP powder for sale. Order Now!\" \/>\n<meta name=\"robots\" content=\"index, follow, max-snippet:-1, max-image-preview:large, max-video-preview:-1\" \/>\n<link rel=\"canonical\" href=\"https:\/\/narcopowders.com\/ro\/produs\/cumpara-mcpep-online\/\" \/>\n<meta property=\"og:locale\" content=\"ro_RO\" \/>\n<meta property=\"og:type\" content=\"article\" \/>\n<meta property=\"og:title\" content=\"Buy MCPEP Online - MCPEP Powder for Sale - NarcoPowders\" \/>\n<meta property=\"og:description\" content=\"Are you looking to buy MCPEP online without prescription? NarcoPowders is the best place to buy MCPEP online legally, MCPEP powder for sale. Order Now!\" \/>\n<meta property=\"og:url\" content=\"https:\/\/narcopowders.com\/ro\/produs\/cumpara-mcpep-online\/\" \/>\n<meta property=\"og:site_name\" content=\"Narco Powders\" \/>\n<meta property=\"article:modified_time\" content=\"2025-05-06T07:06:10+00:00\" \/>\n<meta property=\"og:image\" content=\"https:\/\/narcopowders.com\/wp-content\/uploads\/2024\/05\/Mcpep.gif\" \/>\n\t<meta property=\"og:image:width\" content=\"600\" \/>\n\t<meta property=\"og:image:height\" content=\"600\" \/>\n\t<meta property=\"og:image:type\" content=\"image\/gif\" \/>\n<meta name=\"twitter:card\" content=\"summary_large_image\" \/>\n<meta name=\"twitter:label1\" content=\"Timp estimat pentru citire\" \/>\n\t<meta name=\"twitter:data1\" content=\"3 minute\" \/>\n<!-- \/ Yoast SEO plugin. -->","yoast_head_json":{"title":"Cump\u0103ra\u021bi MCPEP online - MCPEP Powder de v\u00e2nzare - NarcoPowders","description":"Vre\u021bi s\u0103 cump\u0103ra\u021bi MCPEP online f\u0103r\u0103 prescrip\u021bie medical\u0103? NarcoPowders este cel mai bun loc pentru a cump\u0103ra MCPEP online \u00een mod legal, pulbere MCPEP de v\u00e2nzare. Comanda\u021bi acum!","robots":{"index":"index","follow":"follow","max-snippet":"max-snippet:-1","max-image-preview":"max-image-preview:large","max-video-preview":"max-video-preview:-1"},"canonical":"https:\/\/narcopowders.com\/ro\/produs\/cumpara-mcpep-online\/","og_locale":"ro_RO","og_type":"article","og_title":"Buy MCPEP Online - MCPEP Powder for Sale - NarcoPowders","og_description":"Are you looking to buy MCPEP online without prescription? NarcoPowders is the best place to buy MCPEP online legally, MCPEP powder for sale. Order Now!","og_url":"https:\/\/narcopowders.com\/ro\/produs\/cumpara-mcpep-online\/","og_site_name":"Narco Powders","article_modified_time":"2025-05-06T07:06:10+00:00","og_image":[{"width":600,"height":600,"url":"https:\/\/narcopowders.com\/wp-content\/uploads\/2024\/05\/Mcpep.gif","type":"image\/gif"}],"twitter_card":"summary_large_image","twitter_misc":{"Timp estimat pentru citire":"3 minute"},"schema":{"@context":"https:\/\/schema.org","@graph":[{"@type":"WebPage","@id":"https:\/\/narcopowders.com\/product\/buy-mcpep-online\/","url":"https:\/\/narcopowders.com\/product\/buy-mcpep-online\/","name":"Cump\u0103ra\u021bi MCPEP online - MCPEP Powder de v\u00e2nzare - NarcoPowders","isPartOf":{"@id":"https:\/\/narcopowders.com\/#website"},"primaryImageOfPage":{"@id":"https:\/\/narcopowders.com\/product\/buy-mcpep-online\/#primaryimage"},"image":{"@id":"https:\/\/narcopowders.com\/product\/buy-mcpep-online\/#primaryimage"},"thumbnailUrl":"https:\/\/narcopowders.com\/wp-content\/uploads\/2024\/05\/Mcpep.gif","datePublished":"2024-05-23T06:14:29+00:00","dateModified":"2025-05-06T07:06:10+00:00","description":"Vre\u021bi s\u0103 cump\u0103ra\u021bi MCPEP online f\u0103r\u0103 prescrip\u021bie medical\u0103? NarcoPowders este cel mai bun loc pentru a cump\u0103ra MCPEP online \u00een mod legal, pulbere MCPEP de v\u00e2nzare. Comanda\u021bi acum!","breadcrumb":{"@id":"https:\/\/narcopowders.com\/product\/buy-mcpep-online\/#breadcrumb"},"inLanguage":"ro-RO","potentialAction":[{"@type":"ReadAction","target":["https:\/\/narcopowders.com\/product\/buy-mcpep-online\/"]}]},{"@type":"ImageObject","inLanguage":"ro-RO","@id":"https:\/\/narcopowders.com\/product\/buy-mcpep-online\/#primaryimage","url":"https:\/\/narcopowders.com\/wp-content\/uploads\/2024\/05\/Mcpep.gif","contentUrl":"https:\/\/narcopowders.com\/wp-content\/uploads\/2024\/05\/Mcpep.gif","width":600,"height":600,"caption":"Buy MCPEP Online"},{"@type":"BreadcrumbList","@id":"https:\/\/narcopowders.com\/product\/buy-mcpep-online\/#breadcrumb","itemListElement":[{"@type":"ListItem","position":1,"name":"Home","item":"https:\/\/narcopowders.com\/"},{"@type":"ListItem","position":2,"name":"Shop Page","item":"https:\/\/narcopowders.com\/shop\/"},{"@type":"ListItem","position":3,"name":"Buy MCPEP Online"}]},{"@type":"WebSite","@id":"https:\/\/narcopowders.com\/#website","url":"https:\/\/narcopowders.com\/","name":"Pulberi narcotice","description":"Blogul meu WordPress","potentialAction":[{"@type":"SearchAction","target":{"@type":"EntryPoint","urlTemplate":"https:\/\/narcopowders.com\/?s={search_term_string}"},"query-input":{"@type":"PropertyValueSpecification","valueRequired":true,"valueName":"search_term_string"}}],"inLanguage":"ro-RO"}]}},"_links":{"self":[{"href":"https:\/\/narcopowders.com\/ro\/wp-json\/wp\/v2\/product\/20560","targetHints":{"allow":["GET"]}}],"collection":[{"href":"https:\/\/narcopowders.com\/ro\/wp-json\/wp\/v2\/product"}],"about":[{"href":"https:\/\/narcopowders.com\/ro\/wp-json\/wp\/v2\/types\/product"}],"replies":[{"embeddable":true,"href":"https:\/\/narcopowders.com\/ro\/wp-json\/wp\/v2\/comments?post=20560"}],"wp:featuredmedia":[{"embeddable":true,"href":"https:\/\/narcopowders.com\/ro\/wp-json\/wp\/v2\/media\/21258"}],"wp:attachment":[{"href":"https:\/\/narcopowders.com\/ro\/wp-json\/wp\/v2\/media?parent=20560"}],"wp:term":[{"taxonomy":"product_brand","embeddable":true,"href":"https:\/\/narcopowders.com\/ro\/wp-json\/wp\/v2\/product_brand?post=20560"},{"taxonomy":"product_cat","embeddable":true,"href":"https:\/\/narcopowders.com\/ro\/wp-json\/wp\/v2\/product_cat?post=20560"},{"taxonomy":"product_tag","embeddable":true,"href":"https:\/\/narcopowders.com\/ro\/wp-json\/wp\/v2\/product_tag?post=20560"}],"curies":[{"name":"wp","href":"https:\/\/api.w.org\/{rel}","templated":true}]}}