{"id":20562,"date":"2024-05-23T06:14:29","date_gmt":"2024-05-23T06:14:29","guid":{"rendered":"https:\/\/narcopowders.com\/?post_type=product&#038;p=20562"},"modified":"2025-05-06T07:05:50","modified_gmt":"2025-05-06T07:05:50","slug":"buy-isotonitazene-online","status":"publish","type":"product","link":"https:\/\/narcopowders.com\/ro\/produs\/buy-isotonitazene-online\/","title":{"rendered":"Cumpara Isotonitazene Online"},"content":{"rendered":"<h2>Cump\u0103ra\u021bi Isopropylphenidate Powder<\/h2>\n<p><a href=\"https:\/\/narcopowders.com\/ro\/produs\/buy-isotonitazene-online\/\">Cump\u0103ra\u021bi izopropilfenidat, izopropilfenidat<\/a> (cunoscut \u0219i sub denumirea de IPH \u0219i IPPD) este un medicament stimulant din clasa piperidinei. Izopropilfenidatul produce un efect motivant, stimulant, care promoveaz\u0103 \u0219i concentrarea. Este un analog structural al medicamentului prescris \u00een mod obi\u0219nuit. <a href=\"https:\/\/www.bing.com\/search?q=Buy%20Isotonitazene%20Online&amp;qs=n&amp;form=QBRE&amp;sp=-1&amp;lq=0&amp;pq=buy%20isotonitazene%20online&amp;sc=0-24&amp;sk=&amp;cvid=C13213C671EB4FA6BE3F236B93414129&amp;ghsh=0&amp;ghacc=0&amp;ghpl=\">ADHD<\/a> medicamentul metilfenidat \u0219i se spune c\u0103 produce efecte cognitive \u0219i fizice aproape identice, dar cu o component\u0103 euforic\u0103 \u201ede \u00eenalt\u0103\u201d mai mic\u0103 \u0219i o durat\u0103 de ac\u021biune mai lung\u0103.<\/p>\n<h3>Ce este izopropilfenidatul (IPH)?<\/h3>\n<p><a href=\"https:\/\/narcopowders.com\/ro\/produs\/buy-isotonitazene-online\/\">IPH<\/a> este un produs chimic de cercetare care apar\u021bine clasei piperdinei. Este un stimulent sintetic. IPH este foarte asem\u0103n\u0103tor cu substan\u021ba chimic\u0103 metilfenidat \u0219i produce rezultate de cercetare aproape identice. Folosi\u021bi \u00eentotdeauna procedurile de siguran\u021b\u0103 adecvate de laborator, deoarece dozele mai mari pot fi mult mai eficiente .<\/p>\n<p><strong>Izopropilfenidat - Legalitate<\/strong><\/p>\n<p><a href=\"https:\/\/www.google.com\/search?q=Buy+Isotonitazene+Online&amp;num=10&amp;sca_esv=1a2a07081c7891bb&amp;rlz=1C1RXQR_enIN1098IN1098&amp;sxsrf=AHTn8zqQPHas8JyshcunHpWRxD6b4X8gUg%3A1741762913457&amp;ei=YTHRZ9DDG8mS4-EP--yscA&amp;ved=0ahUKEwiQ-PS9_IOMAxVJyTgGHXs2Cw4Q4dUDCBA&amp;uact=5&amp;oq=Buy+Isotonitazene+Online&amp;gs_lp=Egxnd3Mtd2l6LXNlcnAiGEJ1eSBJc290b25pdGF6ZW5lIE9ubGluZUjuBlCyA1iyA3ADeACQAQCYAdABoAHQAaoBAzItMbgBA8gBAPgBAvgBAZgCAKACAJgDAIgGAZIHAKAHTA&amp;sclient=gws-wiz-serp\">IPH<\/a> este ilegal\u0103 \u00een \u021a\u0103rile de Jos, Germania \u0219i Regatul Unit. Cu toate acestea, nu este aprobat \u00een multe alte \u021b\u0103ri \u0219i, prin urmare, este legal \u00een multe locuri. Cu toate acestea, \u00een \u021b\u0103rile cu legi stricte privind analogii, cum ar fi Statele Unite, ar putea fi poten\u021bial ilegal s\u0103 cump\u0103ra\u021bi izopropilfenidat.<\/p>\n<p><strong>Efectele izopropilfenidatului<\/strong><\/p>\n<p><a href=\"https:\/\/duckduckgo.com\/?q=Buy+Isotonitazene+Online&amp;t=h_&amp;ia=web\">Isopropylphenidate<\/a>, cunoscut \u0219i sub numele de IPH sau IPPD, este un medicament stimulant din clasa piperidinelor. Acesta are un efect energizant, motivant \u0219i poate, de asemenea, \u00eembun\u0103t\u0103\u021bi concentrarea. Este similar din punct de vedere structural cu metilfenidatul, medicament pentru ADHD, \u0219i se crede c\u0103 are efecte cognitive \u0219i fizice similare. Are o durat\u0103 de ac\u021biune mai scurt\u0103 \u0219i o component\u0103 mai pu\u021bin euforic\u0103.<\/p>\n<p>Isopropilfenidatul a fost folosit doar recent ca drog recrea\u021bional la om \u0219i nu a fost \u00eenc\u0103 v\u00e2ndut pe strad\u0103.<\/p>\n<h3>De unde pot cump\u0103ra IPH?<\/h3>\n<p>At <a href=\"https:\/\/en.wikipedia.org\/wiki\/Isotonitazene\">Narcopowders<\/a>, pute\u021bi achizi\u021biona substan\u021be chimice de cercetare care con\u021bin <a href=\"https:\/\/narcopowders.com\/ro\/\">izopropilfenidatului<\/a> pe site-ul nostru web. Toate substan\u021bele noastre chimice de cercetare sunt testate \u0219i analizate \u00eenainte de a fi lansate spre v\u00e2nzare. Aceasta este singura modalitate prin care putem garanta calitatea \u00eenalt\u0103 a produselor noastre <a href=\"https:\/\/www.bing.com\/search?q=Buy%20Isotonitazene%20Online&amp;qs=n&amp;form=QBRE&amp;sp=-1&amp;lq=0&amp;pq=buy%20isotonitazene%20online&amp;sc=0-24&amp;sk=&amp;cvid=C13213C671EB4FA6BE3F236B93414129&amp;ghsh=0&amp;ghacc=0&amp;ghpl=\">izopropilfenidatului<\/a> produse. Vom fi bucuro\u0219i s\u0103 v\u0103 r\u0103spundem la \u00eentreb\u0103ri sau s\u0103 v\u0103 oferim informa\u021bii suplimentare.<\/p>\n<p>Acest produs este destinat exclusiv scopurilor educa\u021bionale. Achemic nu vinde IPH dec\u00e2t \u00een scopuri \u0219tiin\u021bifice \u0219i educa\u021bionale. NU este destinat consumului uman sau uzului veterinar. Livr\u0103m \u00een \u00eentreaga lume, inclusiv \u00een SUA.<\/p>","protected":false},"excerpt":{"rendered":"<p>Buy Isopropylphenidate Powder Isopropylphenidate Buy, Isopropylphenidate (also known as IPH and IPPD) is a stimulant drug of the piperidine class. Isopropylphenidate produces a motivating, stimulating effect that also promotes concentration. It is a structural analogue of the commonly prescribed ADHD medication methylphenidate and is said to produce nearly identical cognitive and physical effects, but with [&hellip;]<\/p>","protected":false},"featured_media":21300,"comment_status":"open","ping_status":"closed","template":"","meta":{"_joinchat":[]},"product_brand":[],"product_cat":[1724],"product_tag":[],"class_list":{"0":"post-20562","1":"product","2":"type-product","3":"status-publish","4":"has-post-thumbnail","6":"product_cat-research-chemicals","8":"first","9":"instock","10":"shipping-taxable","11":"purchasable","12":"product-type-variable","13":"add-to-wishlist-after_add_to_cart"},"yoast_head":"<!-- This site is optimized with the Yoast SEO plugin v27.5 - https:\/\/yoast.com\/product\/yoast-seo-wordpress\/ -->\n<title>Buy Isotonitazene Online - Isotonitazene for Sale Online Shop<\/title>\n<meta name=\"description\" content=\"You can buy Isotonitazene online from #1 chemical powder store NarcoPowders. We have high-quality Isotonitazene powder for sale online, Order Now!\" \/>\n<meta name=\"robots\" content=\"index, follow, max-snippet:-1, max-image-preview:large, max-video-preview:-1\" \/>\n<link rel=\"canonical\" href=\"https:\/\/narcopowders.com\/ro\/produs\/buy-isotonitazene-online\/\" \/>\n<meta property=\"og:locale\" content=\"ro_RO\" \/>\n<meta property=\"og:type\" content=\"article\" \/>\n<meta property=\"og:title\" content=\"Buy Isotonitazene Online - Isotonitazene for Sale Online Shop\" \/>\n<meta property=\"og:description\" content=\"You can buy Isotonitazene online from #1 chemical powder store NarcoPowders. We have high-quality Isotonitazene powder for sale online, Order Now!\" \/>\n<meta property=\"og:url\" content=\"https:\/\/narcopowders.com\/ro\/produs\/buy-isotonitazene-online\/\" \/>\n<meta property=\"og:site_name\" content=\"Narco Powders\" \/>\n<meta property=\"article:modified_time\" content=\"2025-05-06T07:05:50+00:00\" \/>\n<meta property=\"og:image\" content=\"https:\/\/narcopowders.com\/wp-content\/uploads\/2024\/05\/Isotonitazene.gif\" \/>\n\t<meta property=\"og:image:width\" content=\"600\" \/>\n\t<meta property=\"og:image:height\" content=\"600\" \/>\n\t<meta property=\"og:image:type\" content=\"image\/gif\" \/>\n<meta name=\"twitter:card\" content=\"summary_large_image\" \/>\n<meta name=\"twitter:label1\" content=\"Timp estimat pentru citire\" \/>\n\t<meta name=\"twitter:data1\" content=\"2 minute\" \/>\n<!-- \/ Yoast SEO plugin. -->","yoast_head_json":{"title":"Cumpara Isotonitazene Online - Isotonitazene de v\u00e2nzare Magazin online","description":"Pute\u021bi cump\u0103ra Isotonitazene online de la magazinul de pulbere chimic\u0103 #1 NarcoPowders. Avem pulbere de Isotonitazene de \u00eenalt\u0103 calitate de v\u00e2nzare online, Comanda\u021bi acum!","robots":{"index":"index","follow":"follow","max-snippet":"max-snippet:-1","max-image-preview":"max-image-preview:large","max-video-preview":"max-video-preview:-1"},"canonical":"https:\/\/narcopowders.com\/ro\/produs\/buy-isotonitazene-online\/","og_locale":"ro_RO","og_type":"article","og_title":"Buy Isotonitazene Online - Isotonitazene for Sale Online Shop","og_description":"You can buy Isotonitazene online from #1 chemical powder store NarcoPowders. We have high-quality Isotonitazene powder for sale online, Order Now!","og_url":"https:\/\/narcopowders.com\/ro\/produs\/buy-isotonitazene-online\/","og_site_name":"Narco Powders","article_modified_time":"2025-05-06T07:05:50+00:00","og_image":[{"width":600,"height":600,"url":"https:\/\/narcopowders.com\/wp-content\/uploads\/2024\/05\/Isotonitazene.gif","type":"image\/gif"}],"twitter_card":"summary_large_image","twitter_misc":{"Timp estimat pentru citire":"2 minute"},"schema":{"@context":"https:\/\/schema.org","@graph":[{"@type":"WebPage","@id":"https:\/\/narcopowders.com\/product\/buy-isotonitazene-online\/","url":"https:\/\/narcopowders.com\/product\/buy-isotonitazene-online\/","name":"Cumpara Isotonitazene Online - Isotonitazene de v\u00e2nzare Magazin online","isPartOf":{"@id":"https:\/\/narcopowders.com\/#website"},"primaryImageOfPage":{"@id":"https:\/\/narcopowders.com\/product\/buy-isotonitazene-online\/#primaryimage"},"image":{"@id":"https:\/\/narcopowders.com\/product\/buy-isotonitazene-online\/#primaryimage"},"thumbnailUrl":"https:\/\/narcopowders.com\/wp-content\/uploads\/2024\/05\/Isotonitazene.gif","datePublished":"2024-05-23T06:14:29+00:00","dateModified":"2025-05-06T07:05:50+00:00","description":"Pute\u021bi cump\u0103ra Isotonitazene online de la magazinul de pulbere chimic\u0103 #1 NarcoPowders. Avem pulbere de Isotonitazene de \u00eenalt\u0103 calitate de v\u00e2nzare online, Comanda\u021bi acum!","breadcrumb":{"@id":"https:\/\/narcopowders.com\/product\/buy-isotonitazene-online\/#breadcrumb"},"inLanguage":"ro-RO","potentialAction":[{"@type":"ReadAction","target":["https:\/\/narcopowders.com\/product\/buy-isotonitazene-online\/"]}]},{"@type":"ImageObject","inLanguage":"ro-RO","@id":"https:\/\/narcopowders.com\/product\/buy-isotonitazene-online\/#primaryimage","url":"https:\/\/narcopowders.com\/wp-content\/uploads\/2024\/05\/Isotonitazene.gif","contentUrl":"https:\/\/narcopowders.com\/wp-content\/uploads\/2024\/05\/Isotonitazene.gif","width":600,"height":600,"caption":"Buy Isotonitazene Online"},{"@type":"BreadcrumbList","@id":"https:\/\/narcopowders.com\/product\/buy-isotonitazene-online\/#breadcrumb","itemListElement":[{"@type":"ListItem","position":1,"name":"Home","item":"https:\/\/narcopowders.com\/"},{"@type":"ListItem","position":2,"name":"Shop Page","item":"https:\/\/narcopowders.com\/shop\/"},{"@type":"ListItem","position":3,"name":"Buy Isotonitazene Online"}]},{"@type":"WebSite","@id":"https:\/\/narcopowders.com\/#website","url":"https:\/\/narcopowders.com\/","name":"Pulberi narcotice","description":"Blogul meu WordPress","potentialAction":[{"@type":"SearchAction","target":{"@type":"EntryPoint","urlTemplate":"https:\/\/narcopowders.com\/?s={search_term_string}"},"query-input":{"@type":"PropertyValueSpecification","valueRequired":true,"valueName":"search_term_string"}}],"inLanguage":"ro-RO"}]}},"_links":{"self":[{"href":"https:\/\/narcopowders.com\/ro\/wp-json\/wp\/v2\/product\/20562","targetHints":{"allow":["GET"]}}],"collection":[{"href":"https:\/\/narcopowders.com\/ro\/wp-json\/wp\/v2\/product"}],"about":[{"href":"https:\/\/narcopowders.com\/ro\/wp-json\/wp\/v2\/types\/product"}],"replies":[{"embeddable":true,"href":"https:\/\/narcopowders.com\/ro\/wp-json\/wp\/v2\/comments?post=20562"}],"wp:featuredmedia":[{"embeddable":true,"href":"https:\/\/narcopowders.com\/ro\/wp-json\/wp\/v2\/media\/21300"}],"wp:attachment":[{"href":"https:\/\/narcopowders.com\/ro\/wp-json\/wp\/v2\/media?parent=20562"}],"wp:term":[{"taxonomy":"product_brand","embeddable":true,"href":"https:\/\/narcopowders.com\/ro\/wp-json\/wp\/v2\/product_brand?post=20562"},{"taxonomy":"product_cat","embeddable":true,"href":"https:\/\/narcopowders.com\/ro\/wp-json\/wp\/v2\/product_cat?post=20562"},{"taxonomy":"product_tag","embeddable":true,"href":"https:\/\/narcopowders.com\/ro\/wp-json\/wp\/v2\/product_tag?post=20562"}],"curies":[{"name":"wp","href":"https:\/\/api.w.org\/{rel}","templated":true}]}}