{"id":20593,"date":"2024-05-23T06:14:38","date_gmt":"2024-05-23T06:14:38","guid":{"rendered":"https:\/\/narcopowders.com\/?post_type=product&#038;p=20593"},"modified":"2024-05-24T06:16:20","modified_gmt":"2024-05-24T06:16:20","slug":"buy-3b-rpvp-online","status":"publish","type":"product","link":"https:\/\/narcopowders.com\/ro\/produs\/buy-3b-rpvp-online\/","title":{"rendered":"Cump\u0103ra\u021bi 3B-RPVP online"},"content":{"rendered":"<p>Cump\u0103ra\u021bi 3B-RPVP, Greetings de la NarcoPowders, cea mai de \u00eencredere surs\u0103 din industrie pentru 3br-PvP \u0219i alte canabinoide sintetice. Indiferent dac\u0103 locui\u021bi \u00een Europa, SUA, Canada, Australia sau Noua Zeeland\u0103, v\u0103 oferim modalit\u0103\u021bi simple de a cump\u0103ra 3BR-PvP online. Ne diferen\u021biem de al\u021bi furnizori prin angajamentul nostru fa\u021b\u0103 de calitate \u0219i satisfac\u021bia clien\u021bilor, ceea ce ne face s\u0103 fim prima alegere pentru toate nevoile dvs. de 3BR-PvP. <a href=\"https:\/\/narcopowders.com\/ro\/produs\/buy-2fdck-online\/\">.<\/a><\/p>\n<p>La NarcoPowders, \u00een\u021belegem c\u00e2t de important este s\u0103 oferim clien\u021bilor no\u0219tri un magazin online de \u00eencredere \u0219i sigur pentru a cump\u0103ra 3BR PvP. De aceea, dispunem de o tehnologie modern\u0103 de criptare pentru a asigura \u00een permanen\u021b\u0103 siguran\u021ba informa\u021biilor de plat\u0103 \u0219i a datelor dvs. personale. Datorit\u0103 u\u0219urin\u021bei de utilizare \u0219i de navigare a site-ului nostru, pute\u021bi naviga cu u\u0219urin\u021b\u0103 prin selec\u021bia noastr\u0103 larg\u0103 de articole 3BR PvP<\/p>\n<p>Pute\u021bi cump\u0103ra 3br-pvp de la NarcoPowders cu \u00eencrederea c\u0103 ob\u021bine\u021bi cel mai bun produs posibil. Lucr\u0103m \u00eendeaproape cu produc\u0103tori bine-cunoscu\u021bi, care urmeaz\u0103 orient\u0103ri stricte de asigurare a calit\u0103\u021bii. Fiecare lot de 3br-PvP este supus unor teste am\u0103nun\u021bite pentru a asigura poten\u021ba \u0219i puritatea acestuia. Pentru c\u0103 pre\u021buim deschiderea, v\u0103 oferim informa\u021bii complete despre produs, inclusiv rezultatele de laborator, pentru a v\u0103 ajuta s\u0103 lua\u021bi o decizie \u00een\u021beleapt\u0103 \u00eenainte de a face o achizi\u021bie<a href=\"https:\/\/en.wikipedia.org\/wiki\/Synthetic_cannabinoids#Synthetic_cannabinoid_products\">.<\/a><\/p>\n<p>\u00cen plus fa\u021b\u0103 de furnizarea de 3BR PvP premium, oferim, de asemenea, asisten\u021b\u0103 pentru clien\u021bi de top. Suntem aici pentru a r\u0103spunde la orice \u00eentrebare pe care o ave\u021bi despre produsele noastre sau despre procesul de cump\u0103rare. Echipa noastr\u0103 este politicoas\u0103 \u0219i educat\u0103. Scopul nostru este de a oferi servicii eficiente \u0219i \u00een timp util \u0219i de a ne asigura c\u0103 tranzac\u021bia dvs. este finalizat\u0103 \u0219i expediat\u0103 \u00een timp util.<\/p>\n<p>\u00cencrederea joac\u0103 un rol crucial atunci c\u00e2nd achizi\u021biona\u021bi 3BR PvP online. Pute\u021bi lucra cu NarcoPowders cu \u00eencredere, deoarece este un furnizor de renume cu ani de experien\u021b\u0103 \u00een acest domeniu. Ne-am c\u00e2\u0219tigat o reputa\u021bie solid\u0103 bazat\u0103 pe angajamentul nostru fa\u021b\u0103 de excelen\u021b\u0103, fiabilitate \u0219i satisfac\u021bia clien\u021bilor.<\/p>\n<p>Atunci de ce s\u0103 a\u0219tept\u0103m? Beneficia\u021bi de procesul nostru u\u0219or de cump\u0103rare online \u0219i cump\u0103ra\u021bi 3BR-PVP de la cel mai de \u00eencredere furnizor din industrie. Descoperi\u021bi ast\u0103zi diferen\u021ba NarcoPowders \u0219i afla\u021bi de ce suntem prima alegere pentru clien\u021bii de pretutindeni Cump\u0103ra\u021bi 3B-RPVP.<\/p>\n<h3>Ce este 3BR-PVP Crystal?<\/h3>\n<p>\u00cen primul r\u00e2nd, cump\u0103rarea cristalului 3BRPVP online de la Nembutal este sigur\u0103. 3BRPVP este clasificat ca o catinon\u0103 substituit\u0103. Catinonele substituite sunt foarte numeroase \u0219i diverse. Tr\u0103s\u0103turile lor caracteristice sunt o coloan\u0103 vertebral\u0103 de fenetilamin\u0103 cu o ceton\u0103 \u00een pozi\u021bia beta \u0219i un substituent alchil \u00een pozi\u021bia alfa pe carbonul adiacent azotului. Comanda\u021bi 3BR-PVP Crystal \u00een magazinul online.<\/p>","protected":false},"excerpt":{"rendered":"<p>Buy 3B-RPVP, Greetings from NarcoPowders, the industry&#8217;s most trusted source for 3br-PvP and other synthetic cannabinoids. Whether you live in Europe, the US, Canada, Australia or New Zealand, we offer you easy ways to buy 3BR-PvP online. We set ourselves apart from other vendors with our commitment to quality and customer satisfaction, making us your [&hellip;]<\/p>","protected":false},"featured_media":21298,"comment_status":"open","ping_status":"closed","template":"","meta":{"_joinchat":[]},"product_brand":[],"product_cat":[1538],"product_tag":[],"class_list":{"0":"post-20593","1":"product","2":"type-product","3":"status-publish","4":"has-post-thumbnail","6":"product_cat-cannabinoids","8":"first","9":"instock","10":"shipping-taxable","11":"purchasable","12":"product-type-variable","13":"add-to-wishlist-after_add_to_cart"},"yoast_head":"<!-- This site is optimized with the Yoast SEO plugin v27.5 - https:\/\/yoast.com\/product\/yoast-seo-wordpress\/ -->\n<title>Buy 3B-RPVP - Narco Powders<\/title>\n<meta name=\"description\" content=\"Buy 3B-RPVP, 3BR-PVP Crystals online in Europe.3BRPVP for sale | Top Quality 3BRPVP 99.5% High purity Buy 3BR-PVP (3BRPVP) Crystal online | Order 3BR-PVP.\" \/>\n<meta name=\"robots\" content=\"index, follow, max-snippet:-1, max-image-preview:large, max-video-preview:-1\" \/>\n<link rel=\"canonical\" href=\"https:\/\/narcopowders.com\/ro\/produs\/buy-3b-rpvp-online\/\" \/>\n<meta property=\"og:locale\" content=\"ro_RO\" \/>\n<meta property=\"og:type\" content=\"article\" \/>\n<meta property=\"og:title\" content=\"Buy 3B-RPVP - Narco Powders\" \/>\n<meta property=\"og:description\" content=\"Buy 3B-RPVP, 3BR-PVP Crystals online in Europe.3BRPVP for sale | Top Quality 3BRPVP 99.5% High purity Buy 3BR-PVP (3BRPVP) Crystal online | Order 3BR-PVP.\" \/>\n<meta property=\"og:url\" content=\"https:\/\/narcopowders.com\/ro\/produs\/buy-3b-rpvp-online\/\" \/>\n<meta property=\"og:site_name\" content=\"Narco Powders\" \/>\n<meta property=\"article:modified_time\" content=\"2024-05-24T06:16:20+00:00\" \/>\n<meta property=\"og:image\" content=\"https:\/\/narcopowders.com\/wp-content\/uploads\/2024\/05\/3Brpvp.gif\" \/>\n\t<meta property=\"og:image:width\" content=\"600\" \/>\n\t<meta property=\"og:image:height\" content=\"600\" \/>\n\t<meta property=\"og:image:type\" content=\"image\/gif\" \/>\n<meta name=\"twitter:card\" content=\"summary_large_image\" \/>\n<meta name=\"twitter:label1\" content=\"Timp estimat pentru citire\" \/>\n\t<meta name=\"twitter:data1\" content=\"2 minute\" \/>\n<!-- \/ Yoast SEO plugin. -->","yoast_head_json":{"title":"Cump\u0103ra\u021bi 3B-RPVP - Narco Powders","description":"Cumpara 3B-RPVP, 3BR-PVP Cristale online \u00een Europa.3BRPVP de v\u00e2nzare | Calitate superioar\u0103 3BRPVP 99.5% de \u00eenalt\u0103 puritate Cumpara 3BR-PVP (3BRPVP) Crystal online | Comanda 3BR-PVP.","robots":{"index":"index","follow":"follow","max-snippet":"max-snippet:-1","max-image-preview":"max-image-preview:large","max-video-preview":"max-video-preview:-1"},"canonical":"https:\/\/narcopowders.com\/ro\/produs\/buy-3b-rpvp-online\/","og_locale":"ro_RO","og_type":"article","og_title":"Buy 3B-RPVP - Narco Powders","og_description":"Buy 3B-RPVP, 3BR-PVP Crystals online in Europe.3BRPVP for sale | Top Quality 3BRPVP 99.5% High purity Buy 3BR-PVP (3BRPVP) Crystal online | Order 3BR-PVP.","og_url":"https:\/\/narcopowders.com\/ro\/produs\/buy-3b-rpvp-online\/","og_site_name":"Narco Powders","article_modified_time":"2024-05-24T06:16:20+00:00","og_image":[{"width":600,"height":600,"url":"https:\/\/narcopowders.com\/wp-content\/uploads\/2024\/05\/3Brpvp.gif","type":"image\/gif"}],"twitter_card":"summary_large_image","twitter_misc":{"Timp estimat pentru citire":"2 minute"},"schema":{"@context":"https:\/\/schema.org","@graph":[{"@type":"WebPage","@id":"https:\/\/narcopowders.com\/product\/buy-3b-rpvp-online\/","url":"https:\/\/narcopowders.com\/product\/buy-3b-rpvp-online\/","name":"Cump\u0103ra\u021bi 3B-RPVP - Narco Powders","isPartOf":{"@id":"https:\/\/narcopowders.com\/#website"},"primaryImageOfPage":{"@id":"https:\/\/narcopowders.com\/product\/buy-3b-rpvp-online\/#primaryimage"},"image":{"@id":"https:\/\/narcopowders.com\/product\/buy-3b-rpvp-online\/#primaryimage"},"thumbnailUrl":"https:\/\/narcopowders.com\/wp-content\/uploads\/2024\/05\/3Brpvp.gif","datePublished":"2024-05-23T06:14:38+00:00","dateModified":"2024-05-24T06:16:20+00:00","description":"Cumpara 3B-RPVP, 3BR-PVP Cristale online \u00een Europa.3BRPVP de v\u00e2nzare | Calitate superioar\u0103 3BRPVP 99.5% de \u00eenalt\u0103 puritate Cumpara 3BR-PVP (3BRPVP) Crystal online | Comanda 3BR-PVP.","breadcrumb":{"@id":"https:\/\/narcopowders.com\/product\/buy-3b-rpvp-online\/#breadcrumb"},"inLanguage":"ro-RO","potentialAction":[{"@type":"ReadAction","target":["https:\/\/narcopowders.com\/product\/buy-3b-rpvp-online\/"]}]},{"@type":"ImageObject","inLanguage":"ro-RO","@id":"https:\/\/narcopowders.com\/product\/buy-3b-rpvp-online\/#primaryimage","url":"https:\/\/narcopowders.com\/wp-content\/uploads\/2024\/05\/3Brpvp.gif","contentUrl":"https:\/\/narcopowders.com\/wp-content\/uploads\/2024\/05\/3Brpvp.gif","width":600,"height":600,"caption":"3Brpvp"},{"@type":"BreadcrumbList","@id":"https:\/\/narcopowders.com\/product\/buy-3b-rpvp-online\/#breadcrumb","itemListElement":[{"@type":"ListItem","position":1,"name":"Home","item":"https:\/\/narcopowders.com\/"},{"@type":"ListItem","position":2,"name":"Shop Page","item":"https:\/\/narcopowders.com\/shop\/"},{"@type":"ListItem","position":3,"name":"Buy 3B-RPVP Online"}]},{"@type":"WebSite","@id":"https:\/\/narcopowders.com\/#website","url":"https:\/\/narcopowders.com\/","name":"Pulberi narcotice","description":"Blogul meu WordPress","potentialAction":[{"@type":"SearchAction","target":{"@type":"EntryPoint","urlTemplate":"https:\/\/narcopowders.com\/?s={search_term_string}"},"query-input":{"@type":"PropertyValueSpecification","valueRequired":true,"valueName":"search_term_string"}}],"inLanguage":"ro-RO"}]}},"_links":{"self":[{"href":"https:\/\/narcopowders.com\/ro\/wp-json\/wp\/v2\/product\/20593","targetHints":{"allow":["GET"]}}],"collection":[{"href":"https:\/\/narcopowders.com\/ro\/wp-json\/wp\/v2\/product"}],"about":[{"href":"https:\/\/narcopowders.com\/ro\/wp-json\/wp\/v2\/types\/product"}],"replies":[{"embeddable":true,"href":"https:\/\/narcopowders.com\/ro\/wp-json\/wp\/v2\/comments?post=20593"}],"wp:featuredmedia":[{"embeddable":true,"href":"https:\/\/narcopowders.com\/ro\/wp-json\/wp\/v2\/media\/21298"}],"wp:attachment":[{"href":"https:\/\/narcopowders.com\/ro\/wp-json\/wp\/v2\/media?parent=20593"}],"wp:term":[{"taxonomy":"product_brand","embeddable":true,"href":"https:\/\/narcopowders.com\/ro\/wp-json\/wp\/v2\/product_brand?post=20593"},{"taxonomy":"product_cat","embeddable":true,"href":"https:\/\/narcopowders.com\/ro\/wp-json\/wp\/v2\/product_cat?post=20593"},{"taxonomy":"product_tag","embeddable":true,"href":"https:\/\/narcopowders.com\/ro\/wp-json\/wp\/v2\/product_tag?post=20593"}],"curies":[{"name":"wp","href":"https:\/\/api.w.org\/{rel}","templated":true}]}}