{"id":20594,"date":"2024-05-23T06:14:38","date_gmt":"2024-05-23T06:14:38","guid":{"rendered":"https:\/\/narcopowders.com\/?post_type=product&#038;p=20594"},"modified":"2025-03-26T12:59:38","modified_gmt":"2025-03-26T12:59:38","slug":"buy-bmdp-online","status":"publish","type":"product","link":"https:\/\/narcopowders.com\/ro\/produs\/buy-bmdp-online\/","title":{"rendered":"Cump\u0103ra\u021bi BMDP online"},"content":{"rendered":"<h2>Cump\u0103ra\u021bi BMDP Powder Online<\/h2>\n<p>Comparabil\u0103 ca structur\u0103 cu metilona, <a href=\"https:\/\/narcopowders.com\/ro\/produs\/buy-bmdp-online\/\">BMDP<\/a> este o catinon\u0103 substituit\u0103. Gruparea aminometil a moleculei BMDP are ad\u0103ugat\u0103 o familie de fenili, ceea ce reduce semnificativ solubilitatea sa \u00een solu\u021bii lichide. \u00cen zilele noastre, nu se \u0219tie nimic despre caracteristicile fiziologice \u0219i toxicologice ale BMDP. <a href=\"https:\/\/en.wikipedia.org\/wiki\/BMDP\">BMDP<\/a> este destinat exclusiv utiliz\u0103rii \u00een scopuri \u0219i investiga\u021bii criminalistice.<\/p>\n<p>1-(1(1,3-benzodioxol-5-il) este denumirea formal\u0103. -2-[Amino (fenilmetil)]monoclorur\u0103 de monohidroclorur\u0103 -1-propanon\u0103<\/p>\n<p>Termeni alternativi: BMDP<\/p>\n<p>Greutatea formulei: 319.8<\/p>\n<p>99% puritate<\/p>\n<p>Formulare: Un solid cu cristale<\/p>\n<p>Anumite stimulente \u0219i entactogene sunt exemple de catinone substituite, care sunt derivate din catinon\u0103. Pe l\u00e2ng\u0103 al\u021bi \u00eenlocuitori, acestea au un nucleu de fenetilamin\u0103 cu o grupare alchil legat\u0103 de carbonul alfa \u0219i o grupare ceton\u0103 legat\u0103 de carbonul beta. Planta khat, ale c\u0103rei frunze sunt consumate ca drog recrea\u021bional, con\u021bine \u00een mod natural ftalon\u0103.<\/p>\n<p>Pagina Wikipedia pentru medicamente bmdp doza de medicamente bmdp erowid<br \/>\ndrug <a href=\"https:\/\/www.google.com\/search?q=Buy+BMDP+Online&amp;sca_esv=16def464f60f9903&amp;sxsrf=AHTn8zrL_hv7kEUtrZBMgrdLM2jgfonusg%3A1742993755788&amp;ei=W_njZ-TnL9K-0PEPy9b6GA&amp;ved=0ahUKEwikgaPd5aeMAxVSHzQIHUurHgMQ4dUDCBA&amp;uact=5&amp;oq=Buy+BMDP+Online&amp;gs_lp=Egxnd3Mtd2l6LXNlcnAiD0J1eSBCTURQIE9ubGluZTIFECEYoAEyBRAhGKABMgUQIRigATIFECEYoAEyBRAhGKABSKIIUIEEWIEEcAF4AJABAJgBgwOgAYMDqgEDMy0xuAEDyAEA-AEC-AEBmAICoAKRA8ICCBAAGLADGO8FwgILEAAYgAQYsAMYogSYAwCIBgGQBgOSBwUxLjMtMaAHvgOyBwMzLTG4B4sD&amp;sclient=gws-wiz-serp\">BMDPA<\/a> erowid, drug BMDPA dose, drug BMDPA rc ebk<\/p>\n<p>Catinona substituit\u0103 cunoscut\u0103 sub numele de <a href=\"https:\/\/narcopowders.com\/ro\/\">BMDP Powder<\/a> Catinona substituit\u0103 cunoscut\u0103 sub numele de BMDP Powder are asem\u0103n\u0103ri structurale cu metilona. Substan\u021ba BMDP Powder are o familie de fenil ad\u0103ugat\u0103 la familia amino-metil, ceea ce reduce semnificativ solubilitatea compusului \u00een solu\u021bii lichide. Nu se cunoa\u0219te \u00eenc\u0103 care sunt caracteristicile fiziologice \u0219i toxicologice ale BMDP Powder. BMDP Powder este destinat exclusiv utiliz\u0103rii \u00een cadrul investiga\u021biilor \u0219i cercet\u0103rilor criminalistice. <a href=\"https:\/\/duckduckgo.com\/?q=Buy+BMDP+Online&amp;t=h_&amp;ia=web\">BMDP Powder<\/a> is exclusively meant for use in forensic investigations and research.<\/p>\n<p>Titlu \u00een form\u0103: 1-(1,3-benzodioxol-5-il)-2-[(aminometil)fenil]Monohidrat de -1-propanon\u0103<\/p>\n<p>Alternative: BMDP Pulbere<\/p>\n<p>Greutate de calcul: 319.8<\/p>\n<p>Puritate: mai mare de 99%<\/p>\n<p>Compozi\u021bie: Un cristal solid<\/p>\n<p><a href=\"https:\/\/www.bing.com\/search?q=Buy%20BMDP%20Online&amp;qs=n&amp;form=QBRE&amp;sp=-1&amp;lq=0&amp;pq=buy%20bmdp%20online&amp;sc=0-15&amp;sk=&amp;cvid=ABD838CF4710468CBC6ED1308B7C151E&amp;ghsh=0&amp;ghacc=0&amp;ghpl=\">Ob\u021bine\u021bi BMDP Powder Online<\/a><\/p>","protected":false},"excerpt":{"rendered":"<p>Buy BMDP Powder Online Comparable in structure to methylone, BMDP is a substituted cathinone. The amino methyl group of the BMDP molecule has a phenyl family added to it, which significantly reduces its solubility in liquid solutions. These days, nothing is known about the physiological and toxicological characteristics of BMDP. BMDP is solely meant to [&hellip;]<\/p>","protected":false},"featured_media":21296,"comment_status":"open","ping_status":"closed","template":"","meta":{"_joinchat":[]},"product_brand":[],"product_cat":[1599],"product_tag":[],"class_list":{"0":"post-20594","1":"product","2":"type-product","3":"status-publish","4":"has-post-thumbnail","6":"product_cat-stimulants","8":"first","9":"instock","10":"shipping-taxable","11":"purchasable","12":"product-type-variable","13":"add-to-wishlist-after_add_to_cart"},"yoast_head":"<!-- This site is optimized with the Yoast SEO plugin v25.9 - https:\/\/yoast.com\/wordpress\/plugins\/seo\/ -->\n<title>Buy BMDP Online - Order BMDP Online - BMDP Powder for Sale<\/title>\n<meta name=\"description\" content=\"Order BMDP Online - NarcoPowders is a leading online shop where to buy BMDP online legally at best price. Just Purchase BMDP Powder for Sale Online!\" \/>\n<meta name=\"robots\" content=\"index, follow, max-snippet:-1, max-image-preview:large, max-video-preview:-1\" \/>\n<link rel=\"canonical\" href=\"https:\/\/narcopowders.com\/ro\/produs\/buy-bmdp-online\/\" \/>\n<meta property=\"og:locale\" content=\"ro_RO\" \/>\n<meta property=\"og:type\" content=\"article\" \/>\n<meta property=\"og:title\" content=\"Buy BMDP Online - Order BMDP Online - BMDP Powder for Sale\" \/>\n<meta property=\"og:description\" content=\"Order BMDP Online - NarcoPowders is a leading online shop where to buy BMDP online legally at best price. Just Purchase BMDP Powder for Sale Online!\" \/>\n<meta property=\"og:url\" content=\"https:\/\/narcopowders.com\/ro\/produs\/buy-bmdp-online\/\" \/>\n<meta property=\"og:site_name\" content=\"Narco Powders\" \/>\n<meta property=\"article:modified_time\" content=\"2025-03-26T12:59:38+00:00\" \/>\n<meta property=\"og:image\" content=\"https:\/\/narcopowders.com\/wp-content\/uploads\/2024\/05\/BMDP.gif\" \/>\n\t<meta property=\"og:image:width\" content=\"600\" \/>\n\t<meta property=\"og:image:height\" content=\"600\" \/>\n\t<meta property=\"og:image:type\" content=\"image\/gif\" \/>\n<meta name=\"twitter:card\" content=\"summary_large_image\" \/>\n<meta name=\"twitter:label1\" content=\"Timp estimat pentru citire\" \/>\n\t<meta name=\"twitter:data1\" content=\"2 minute\" \/>\n<!-- \/ Yoast SEO plugin. -->","yoast_head_json":{"title":"Cump\u0103ra\u021bi BMDP Online - Comanda\u021bi BMDP Online - BMDP Powder pentru v\u00e2nzare","description":"Comanda\u021bi BMDP Online - NarcoPowders este un magazin online de top \u00een cazul \u00een care pentru a cump\u0103ra BMDP online legal la cel mai bun pre\u021b. Doar achizi\u021biona\u021bi BMDP Powder pentru v\u00e2nzare online!","robots":{"index":"index","follow":"follow","max-snippet":"max-snippet:-1","max-image-preview":"max-image-preview:large","max-video-preview":"max-video-preview:-1"},"canonical":"https:\/\/narcopowders.com\/ro\/produs\/buy-bmdp-online\/","og_locale":"ro_RO","og_type":"article","og_title":"Buy BMDP Online - Order BMDP Online - BMDP Powder for Sale","og_description":"Order BMDP Online - NarcoPowders is a leading online shop where to buy BMDP online legally at best price. Just Purchase BMDP Powder for Sale Online!","og_url":"https:\/\/narcopowders.com\/ro\/produs\/buy-bmdp-online\/","og_site_name":"Narco Powders","article_modified_time":"2025-03-26T12:59:38+00:00","og_image":[{"width":600,"height":600,"url":"https:\/\/narcopowders.com\/wp-content\/uploads\/2024\/05\/BMDP.gif","type":"image\/gif"}],"twitter_card":"summary_large_image","twitter_misc":{"Timp estimat pentru citire":"2 minute"},"schema":{"@context":"https:\/\/schema.org","@graph":[{"@type":"WebPage","@id":"https:\/\/narcopowders.com\/product\/buy-bmdp-online\/","url":"https:\/\/narcopowders.com\/product\/buy-bmdp-online\/","name":"Cump\u0103ra\u021bi BMDP Online - Comanda\u021bi BMDP Online - BMDP Powder pentru v\u00e2nzare","isPartOf":{"@id":"https:\/\/narcopowders.com\/#website"},"primaryImageOfPage":{"@id":"https:\/\/narcopowders.com\/product\/buy-bmdp-online\/#primaryimage"},"image":{"@id":"https:\/\/narcopowders.com\/product\/buy-bmdp-online\/#primaryimage"},"thumbnailUrl":"https:\/\/narcopowders.com\/wp-content\/uploads\/2024\/05\/BMDP.gif","datePublished":"2024-05-23T06:14:38+00:00","dateModified":"2025-03-26T12:59:38+00:00","description":"Comanda\u021bi BMDP Online - NarcoPowders este un magazin online de top \u00een cazul \u00een care pentru a cump\u0103ra BMDP online legal la cel mai bun pre\u021b. Doar achizi\u021biona\u021bi BMDP Powder pentru v\u00e2nzare online!","breadcrumb":{"@id":"https:\/\/narcopowders.com\/product\/buy-bmdp-online\/#breadcrumb"},"inLanguage":"ro-RO","potentialAction":[{"@type":"ReadAction","target":["https:\/\/narcopowders.com\/product\/buy-bmdp-online\/"]}]},{"@type":"ImageObject","inLanguage":"ro-RO","@id":"https:\/\/narcopowders.com\/product\/buy-bmdp-online\/#primaryimage","url":"https:\/\/narcopowders.com\/wp-content\/uploads\/2024\/05\/BMDP.gif","contentUrl":"https:\/\/narcopowders.com\/wp-content\/uploads\/2024\/05\/BMDP.gif","width":600,"height":600,"caption":"Buy BMDP Online"},{"@type":"BreadcrumbList","@id":"https:\/\/narcopowders.com\/product\/buy-bmdp-online\/#breadcrumb","itemListElement":[{"@type":"ListItem","position":1,"name":"Home","item":"https:\/\/narcopowders.com\/"},{"@type":"ListItem","position":2,"name":"Shop Page","item":"https:\/\/narcopowders.com\/shop\/"},{"@type":"ListItem","position":3,"name":"Buy BMDP Online"}]},{"@type":"WebSite","@id":"https:\/\/narcopowders.com\/#website","url":"https:\/\/narcopowders.com\/","name":"Pulberi narcotice","description":"Blogul meu WordPress","potentialAction":[{"@type":"SearchAction","target":{"@type":"EntryPoint","urlTemplate":"https:\/\/narcopowders.com\/?s={search_term_string}"},"query-input":{"@type":"PropertyValueSpecification","valueRequired":true,"valueName":"search_term_string"}}],"inLanguage":"ro-RO"}]}},"_links":{"self":[{"href":"https:\/\/narcopowders.com\/ro\/wp-json\/wp\/v2\/product\/20594","targetHints":{"allow":["GET"]}}],"collection":[{"href":"https:\/\/narcopowders.com\/ro\/wp-json\/wp\/v2\/product"}],"about":[{"href":"https:\/\/narcopowders.com\/ro\/wp-json\/wp\/v2\/types\/product"}],"replies":[{"embeddable":true,"href":"https:\/\/narcopowders.com\/ro\/wp-json\/wp\/v2\/comments?post=20594"}],"wp:featuredmedia":[{"embeddable":true,"href":"https:\/\/narcopowders.com\/ro\/wp-json\/wp\/v2\/media\/21296"}],"wp:attachment":[{"href":"https:\/\/narcopowders.com\/ro\/wp-json\/wp\/v2\/media?parent=20594"}],"wp:term":[{"taxonomy":"product_brand","embeddable":true,"href":"https:\/\/narcopowders.com\/ro\/wp-json\/wp\/v2\/product_brand?post=20594"},{"taxonomy":"product_cat","embeddable":true,"href":"https:\/\/narcopowders.com\/ro\/wp-json\/wp\/v2\/product_cat?post=20594"},{"taxonomy":"product_tag","embeddable":true,"href":"https:\/\/narcopowders.com\/ro\/wp-json\/wp\/v2\/product_tag?post=20594"}],"curies":[{"name":"wp","href":"https:\/\/api.w.org\/{rel}","templated":true}]}}