{"id":20595,"date":"2024-05-23T06:14:38","date_gmt":"2024-05-23T06:14:38","guid":{"rendered":"https:\/\/narcopowders.com\/?post_type=product&#038;p=20595"},"modified":"2025-03-26T12:09:41","modified_gmt":"2025-03-26T12:09:41","slug":"buy-ebk-online","status":"publish","type":"product","link":"https:\/\/narcopowders.com\/ro\/produs\/buy-ebk-online\/","title":{"rendered":"Cump\u0103ra\u021bi EBK online"},"content":{"rendered":"<h2>Cump\u0103ra\u021bi EBK online,<\/h2>\n<p><a href=\"https:\/\/narcopowders.com\/ro\/produs\/buy-ebk-online\/\">Get EBK Crystal Online<\/a>. <a href=\"https:\/\/narcopowders.com\/ro\/\">NarcoPowders.com<\/a> este un binecunoscut retailer online de substan\u021be chimice de cercetare, unde oricine cu v\u00e2rsta de peste 18 ani poate ob\u021bine EBK, care este considerat cel mai recent stimulent chimic. Acesta poate fi achizi\u021bionat ca \u00eenlocuitor al N-etilpentylonei \u0219i se prezint\u0103 sub form\u0103 de cristale mari. Este cunoscut \u0219i sub numele de Ephylone \u0219i bk-EBDP .<\/p>\n<h3>Unde se utilizeaz\u0103 produsul chimic EBK?<\/h3>\n<p>Since <a href=\"https:\/\/www.bing.com\/search?q=Buy%20EBK%20Online&amp;qs=n&amp;form=QBRE&amp;sp=-1&amp;lq=0&amp;pq=buy%20ebk%20online&amp;sc=12-14&amp;sk=&amp;cvid=BBEE1990BAEF473A91C90965DD288E7A&amp;ghsh=0&amp;ghacc=0&amp;ghpl=\">EBC crystal<\/a> Deoarece cristalul EBC este legal \u00een cea mai mare parte a \u021b\u0103rii, nu ar trebui s\u0103 fie dificil s\u0103 \u00eel comanda\u021bi online. V\u00e2nzarea se face numai \u00een scopuri de cercetare \u0219i nu va fi folosit\u0103 \u00een niciun alt scop. Aplica\u021bia sa nu se limiteaz\u0103 la diagnostice in vivo, mese, medicamente, dispozitive medicale, produse cosmetice sau farmaceutice. \u00cenainte de a completa formularul de comand\u0103 online a produsului chimic EBK, asigura\u021bi-v\u0103 c\u0103 exist\u0103 o ventila\u021bie adecvat\u0103 \u00een cartierul dvs. <a href=\"https:\/\/duckduckgo.com\/?q=Buy+EBK+Online&amp;t=h_&amp;ia=web\">EBK<\/a> formular de comand\u0103 de substan\u021be chimice, asigura\u021bi-v\u0103 c\u0103 exist\u0103 o ventila\u021bie adecvat\u0103 \u00een vecin\u0103tatea dumneavoastr\u0103.<\/p>\n<p>Avem o istorie \u00eendelungat\u0103 ca o surs\u0103 de \u00eencredere \u0219i de \u00eencredere pentru produse chimice de cercetare. Comentariile reale ale clien\u021bilor l\u0103sate pe site-urile noastre, at\u00e2t de clien\u021bii noi, c\u00e2t \u0219i de cei care au revenit, \u00eei inspir\u0103 pe poten\u021bialii clien\u021bi s\u0103 plaseze o comand\u0103 la noi.<\/p>\n<p>The leading and most reliable supplier of EBK chemicals at a reasonable price is <a href=\"https:\/\/www.google.com\/search?q=Buy+EBK+Online&amp;sca_esv=ae1c882eac2a8cbb&amp;sxsrf=AHTn8zpjQYfyM8PU2BR4giICyNEfDZXYRg%3A1742987778688&amp;ei=AuLjZ9vKKfihseMPjMHM8A4&amp;ved=0ahUKEwjb05W7z6eMAxX4UGwGHYwgE-4Q4dUDCA8&amp;uact=5&amp;oq=Buy+EBK+Online&amp;gs_lp=Egxnd3Mtd2l6LXNlcnAiDkJ1eSBFQksgT25saW5lMgcQABiABBgNMggQABgIGA0YHjIKEAAYCBgKGA0YHjILEAAYgAQYhgMYigUyCxAAGIAEGIYDGIoFMggQABiABBiiBDIIEAAYgAQYogQyCBAAGIAEGKIEMggQABiABBiiBEjhCFDsA1jsA3ACeACQAQCYAakBoAGpAaoBAzAuMbgBA8gBAPgBAvgBAZgCAaACsQGYAwCIBgGSBwMwLjGgB-YGsgcDMC4xuAexAQ&amp;sclient=gws-wiz-serp\">NarcoPowders<\/a>Oferim cristale EBK premium de v\u00e2nzare \u0219i furniz\u0103m produse chimice EBK \u00een toate \u021b\u0103rile, inclusiv \u00een SUA, Europa, Australia \u0219i Canada. Datorit\u0103 calit\u0103\u021bii excep\u021bionale a produselor noastre, suntem de neegalat \u00een produc\u021bia \u0219i distribu\u021bia de substan\u021be chimice de cercetare.<\/p>\n<p>Acord\u0103m o mare importan\u021b\u0103 protej\u0103rii confiden\u021bialit\u0103\u021bii clien\u021bilor no\u0219tri \u0219i nu facem niciun compromis \u00een aceast\u0103 privin\u021b\u0103. Folosim cele mai recente tehnologii de securitate \u00een fiecare tranzac\u021bie. Satisfac\u021bia clien\u021bilor no\u0219tri este crucial\u0103 pentru succesul companiei noastre. EBK Chemicals este o companie care efectueaz\u0103 studii \u0219i analize am\u0103nun\u021bite \u00eenainte de a introduce un produs pe pia\u021b\u0103. Puritatea \u0219i calitatea produsului sunt cei mai importan\u021bi factori pe care nu ne zg\u00e2rcim.<\/p>\n<p>V\u0103 rug\u0103m s\u0103 utiliza\u021bi interfa\u021ba noastr\u0103 de servicii pentru clien\u021bi pentru a ne contacta dac\u0103 ave\u021bi \u00eentreb\u0103ri sau nel\u0103muriri. V\u0103 garant\u0103m c\u0103 vom procesa \u00eentrebarea dvs. c\u00e2t mai repede posibil, <a href=\"https:\/\/en.wikipedia.org\/wiki\/EBK\">Cump\u0103ra\u021bi EBK online<\/a>.<\/p>\n<p>Marca noastr\u0103 este cea pe care oamenii o aleg din mai multe motive, inclusiv ambalarea expert\u0103, serviciile de livrare la timp \u0219i disponibilitatea produselor \u00een toate cantit\u0103\u021bile. Odat\u0103 ce plata dvs. este primit\u0103, comanda dvs. va fi aprobat\u0103.<\/p>","protected":false},"excerpt":{"rendered":"<p>Buy EBK Online, Get EBK Crystal Online. NarcoPowders.com is a well-known online retailer of research chemicals where anyone over the age of 18 can get EBK, which is considered the latest stimulant chemical. It can be purchased as a replacement for N-ethylpentylone and is in large crystal form. It is also known by the names [&hellip;]<\/p>","protected":false},"featured_media":21295,"comment_status":"open","ping_status":"closed","template":"","meta":{"_joinchat":[]},"product_brand":[],"product_cat":[1724,1538],"product_tag":[],"class_list":{"0":"post-20595","1":"product","2":"type-product","3":"status-publish","4":"has-post-thumbnail","6":"product_cat-research-chemicals","7":"product_cat-cannabinoids","9":"first","10":"instock","11":"shipping-taxable","12":"purchasable","13":"product-type-variable","14":"add-to-wishlist-after_add_to_cart"},"yoast_head":"<!-- This site is optimized with the Yoast SEO plugin v25.9 - https:\/\/yoast.com\/wordpress\/plugins\/seo\/ -->\n<title>Buy EBK Online - EBK for Sale - Order EBK | NarcoPowders<\/title>\n<meta name=\"description\" content=\"Looking for high-quality EBK for sale online from a leading chemical store? NarcoPowders is the best place to buy EBK online. Order EBK Now!\" \/>\n<meta name=\"robots\" content=\"index, follow, max-snippet:-1, max-image-preview:large, max-video-preview:-1\" \/>\n<link rel=\"canonical\" href=\"https:\/\/narcopowders.com\/ro\/produs\/buy-ebk-online\/\" \/>\n<meta property=\"og:locale\" content=\"ro_RO\" \/>\n<meta property=\"og:type\" content=\"article\" \/>\n<meta property=\"og:title\" content=\"Buy EBK Online - EBK for Sale - Order EBK | NarcoPowders\" \/>\n<meta property=\"og:description\" content=\"Looking for high-quality EBK for sale online from a leading chemical store? NarcoPowders is the best place to buy EBK online. Order EBK Now!\" \/>\n<meta property=\"og:url\" content=\"https:\/\/narcopowders.com\/ro\/produs\/buy-ebk-online\/\" \/>\n<meta property=\"og:site_name\" content=\"Narco Powders\" \/>\n<meta property=\"article:modified_time\" content=\"2025-03-26T12:09:41+00:00\" \/>\n<meta property=\"og:image\" content=\"https:\/\/narcopowders.com\/wp-content\/uploads\/2024\/05\/EB-BK.gif\" \/>\n\t<meta property=\"og:image:width\" content=\"600\" \/>\n\t<meta property=\"og:image:height\" content=\"600\" \/>\n\t<meta property=\"og:image:type\" content=\"image\/gif\" \/>\n<meta name=\"twitter:card\" content=\"summary_large_image\" \/>\n<meta name=\"twitter:label1\" content=\"Timp estimat pentru citire\" \/>\n\t<meta name=\"twitter:data1\" content=\"2 minute\" \/>\n<!-- \/ Yoast SEO plugin. -->","yoast_head_json":{"title":"Cump\u0103ra\u021bi EBK online - EBK de v\u00e2nzare - Comanda\u021bi EBK | NarcoPowders","description":"C\u0103uta\u021bi EBK de \u00eenalt\u0103 calitate de v\u00e2nzare online de la un magazin chimic de top? NarcoPowders este cel mai bun loc pentru a cump\u0103ra EBK online. Comanda\u021bi EBK acum!","robots":{"index":"index","follow":"follow","max-snippet":"max-snippet:-1","max-image-preview":"max-image-preview:large","max-video-preview":"max-video-preview:-1"},"canonical":"https:\/\/narcopowders.com\/ro\/produs\/buy-ebk-online\/","og_locale":"ro_RO","og_type":"article","og_title":"Buy EBK Online - EBK for Sale - Order EBK | NarcoPowders","og_description":"Looking for high-quality EBK for sale online from a leading chemical store? NarcoPowders is the best place to buy EBK online. Order EBK Now!","og_url":"https:\/\/narcopowders.com\/ro\/produs\/buy-ebk-online\/","og_site_name":"Narco Powders","article_modified_time":"2025-03-26T12:09:41+00:00","og_image":[{"width":600,"height":600,"url":"https:\/\/narcopowders.com\/wp-content\/uploads\/2024\/05\/EB-BK.gif","type":"image\/gif"}],"twitter_card":"summary_large_image","twitter_misc":{"Timp estimat pentru citire":"2 minute"},"schema":{"@context":"https:\/\/schema.org","@graph":[{"@type":"WebPage","@id":"https:\/\/narcopowders.com\/product\/buy-ebk-online\/","url":"https:\/\/narcopowders.com\/product\/buy-ebk-online\/","name":"Cump\u0103ra\u021bi EBK online - EBK de v\u00e2nzare - Comanda\u021bi EBK | NarcoPowders","isPartOf":{"@id":"https:\/\/narcopowders.com\/#website"},"primaryImageOfPage":{"@id":"https:\/\/narcopowders.com\/product\/buy-ebk-online\/#primaryimage"},"image":{"@id":"https:\/\/narcopowders.com\/product\/buy-ebk-online\/#primaryimage"},"thumbnailUrl":"https:\/\/narcopowders.com\/wp-content\/uploads\/2024\/05\/EB-BK.gif","datePublished":"2024-05-23T06:14:38+00:00","dateModified":"2025-03-26T12:09:41+00:00","description":"C\u0103uta\u021bi EBK de \u00eenalt\u0103 calitate de v\u00e2nzare online de la un magazin chimic de top? NarcoPowders este cel mai bun loc pentru a cump\u0103ra EBK online. Comanda\u021bi EBK acum!","breadcrumb":{"@id":"https:\/\/narcopowders.com\/product\/buy-ebk-online\/#breadcrumb"},"inLanguage":"ro-RO","potentialAction":[{"@type":"ReadAction","target":["https:\/\/narcopowders.com\/product\/buy-ebk-online\/"]}]},{"@type":"ImageObject","inLanguage":"ro-RO","@id":"https:\/\/narcopowders.com\/product\/buy-ebk-online\/#primaryimage","url":"https:\/\/narcopowders.com\/wp-content\/uploads\/2024\/05\/EB-BK.gif","contentUrl":"https:\/\/narcopowders.com\/wp-content\/uploads\/2024\/05\/EB-BK.gif","width":600,"height":600,"caption":"Buy EBK Online"},{"@type":"BreadcrumbList","@id":"https:\/\/narcopowders.com\/product\/buy-ebk-online\/#breadcrumb","itemListElement":[{"@type":"ListItem","position":1,"name":"Home","item":"https:\/\/narcopowders.com\/"},{"@type":"ListItem","position":2,"name":"Shop Page","item":"https:\/\/narcopowders.com\/shop\/"},{"@type":"ListItem","position":3,"name":"Buy EBK Online"}]},{"@type":"WebSite","@id":"https:\/\/narcopowders.com\/#website","url":"https:\/\/narcopowders.com\/","name":"Pulberi narcotice","description":"Blogul meu WordPress","potentialAction":[{"@type":"SearchAction","target":{"@type":"EntryPoint","urlTemplate":"https:\/\/narcopowders.com\/?s={search_term_string}"},"query-input":{"@type":"PropertyValueSpecification","valueRequired":true,"valueName":"search_term_string"}}],"inLanguage":"ro-RO"}]}},"_links":{"self":[{"href":"https:\/\/narcopowders.com\/ro\/wp-json\/wp\/v2\/product\/20595","targetHints":{"allow":["GET"]}}],"collection":[{"href":"https:\/\/narcopowders.com\/ro\/wp-json\/wp\/v2\/product"}],"about":[{"href":"https:\/\/narcopowders.com\/ro\/wp-json\/wp\/v2\/types\/product"}],"replies":[{"embeddable":true,"href":"https:\/\/narcopowders.com\/ro\/wp-json\/wp\/v2\/comments?post=20595"}],"wp:featuredmedia":[{"embeddable":true,"href":"https:\/\/narcopowders.com\/ro\/wp-json\/wp\/v2\/media\/21295"}],"wp:attachment":[{"href":"https:\/\/narcopowders.com\/ro\/wp-json\/wp\/v2\/media?parent=20595"}],"wp:term":[{"taxonomy":"product_brand","embeddable":true,"href":"https:\/\/narcopowders.com\/ro\/wp-json\/wp\/v2\/product_brand?post=20595"},{"taxonomy":"product_cat","embeddable":true,"href":"https:\/\/narcopowders.com\/ro\/wp-json\/wp\/v2\/product_cat?post=20595"},{"taxonomy":"product_tag","embeddable":true,"href":"https:\/\/narcopowders.com\/ro\/wp-json\/wp\/v2\/product_tag?post=20595"}],"curies":[{"name":"wp","href":"https:\/\/api.w.org\/{rel}","templated":true}]}}