{"id":20596,"date":"2024-05-23T06:14:38","date_gmt":"2024-05-23T06:14:38","guid":{"rendered":"https:\/\/narcopowders.com\/?post_type=product&#038;p=20596"},"modified":"2025-05-06T07:02:40","modified_gmt":"2025-05-06T07:02:40","slug":"buy-a-pvp-online","status":"publish","type":"product","link":"https:\/\/narcopowders.com\/ro\/product\/buy-a-pvp-online\/","title":{"rendered":"Cump\u0103ra\u021bi A-PVP online"},"content":{"rendered":"<h2><strong>Cump\u0103ra\u021bi A-PVP | Cump\u0103ra\u021bi PURE A-PVP discret online de la Narcopowders<\/strong><\/h2>\n<p><a href=\"https:\/\/www.bing.com\/search?q=Buy%20A-PVP%20Online&amp;qs=n&amp;form=QBRE&amp;sp=-1&amp;lq=0&amp;pq=buy%20a-pvp%20online&amp;sc=11-16&amp;sk=&amp;cvid=4E28154F139746CCBA2FB97A8E4FDC63&amp;ghsh=0&amp;ghacc=0&amp;ghpl=\">Cump\u0103ra\u021bi A-PVP online<\/a> is a relatively new service and is being closely examined <a tabindex=\"-1\" href=\"https:\/\/en.wikipedia.org\/wiki\/Alpha-Pyrrolidinopentiophenone\" target=\"_blank\" rel=\"noopener\">en.wikipedia.org\/\u2026\/Alpha-Pyrrolidinopentiophenone<\/a>by the media, much like MDPV and \u201cbath salts\u201d were in the beginning of 2011.<\/p>\n<p><a href=\"https:\/\/www.bing.com\/search?q=Buy%20A-PVP%20Online&amp;qs=n&amp;form=QBRE&amp;sp=-1&amp;lq=0&amp;pq=buy%20a-pvp%20online&amp;sc=11-16&amp;sk=&amp;cvid=4E28154F139746CCBA2FB97A8E4FDC63&amp;ghsh=0&amp;ghacc=0&amp;ghpl=\">A-PVP<\/a>, Alpha-PVP, \u03b1-Pyrrolidinopentiophenone, or flakka is another name for <a href=\"https:\/\/www.google.de\/search?q=Buy+A-PVP+Online&amp;sca_esv=1a2a07081c7891bb&amp;rlz=1C1RXQR_enIN1098IN1098&amp;ei=WbfOZ77MHtbe1e8PosiFkQo&amp;ved=0ahUKEwj-3MXpn_-LAxVWb_UHHSJkIaIQ4dUDCBA&amp;uact=5&amp;oq=Buy+A-PVP+Online&amp;gs_lp=Egxnd3Mtd2l6LXNlcnAiEEJ1eSBBLVBWUCBPbmxpbmVIoQdQnANYnANwA3gAkAEAmAHaAaAB2gGqAQMyLTG4AQPIAQD4AQL4AQGYAgCgAgCYAwCIBgGSBwCgB0Q&amp;sclient=gws-wiz-serp\">Buy a-PVP Crystal Powder Online<\/a>Apar\u021bine grupelor de stimulente sintetice catinon\u0103 \u0219i pirovaleron\u0103. Din punct de vedere chimic, prezint\u0103 asem\u0103n\u0103ri cu al\u021bi compu\u0219i ai pirovaleronei, cum ar fi MDPV \u0219i compu\u0219ii catinonei, care sunt prezen\u021bi \u00een planta de khat din Africa de Est. De obicei, se prezint\u0103 sub form\u0103 de cioburi cristaline uria\u0219e sau pulbere cristalin\u0103 pe care utilizatorii o pot m\u00e2nca pentru a produce efecte asem\u0103n\u0103toare cu cele ale cocainei \u0219i amfetaminei.<\/p>\n<p>Buy crystals for <a href=\"https:\/\/www.google.de\/search?q=Buy+A-PVP+Online&amp;sca_esv=1a2a07081c7891bb&amp;rlz=1C1RXQR_enIN1098IN1098&amp;ei=WbfOZ77MHtbe1e8PosiFkQo&amp;ved=0ahUKEwj-3MXpn_-LAxVWb_UHHSJkIaIQ4dUDCBA&amp;uact=5&amp;oq=Buy+A-PVP+Online&amp;gs_lp=Egxnd3Mtd2l6LXNlcnAiEEJ1eSBBLVBWUCBPbmxpbmVIoQdQnANYnANwA3gAkAEAmAHaAaAB2gGqAQMyLTG4AQPIAQD4AQL4AQGYAgCgAgCYAwCIBgGSBwCgB0Q&amp;sclient=gws-wiz-serp\">A-PVP online<\/a>. Pudra este un produs relativ nou \u0219i este examinat \u00eendeaproape de c\u0103tre mass-media, la fel cum au fost MDPV \u0219i \"s\u0103rurile de baie\" la \u00eenceputul anului 2011. Este frecvent produs\u0103 \u00een mas\u0103 \u00een China \u0219i oferit\u0103 spre v\u00e2nzare online de c\u0103tre v\u00e2nz\u0103tori ca substan\u021b\u0103 chimic\u0103 de cercetare.<\/p>\n<h3><strong>impactul fizic al cristalelor de alfa-PVP<\/strong><\/h3>\n<p>Experien\u021be tactile nea\u0219teptate \u00centregul corp este acoperit de o senza\u021bie de furnic\u0103turi euforice moderate p\u00e2n\u0103 la intense, care este denumit\u0103 \"body high\" de \u03b1-PVP. La doze mai mari, aceasta poate deveni cople\u0219itoare. Aceast\u0103 senza\u021bie este constant\u0103 pe tot parcursul, cresc\u00e2nd treptat la \u00eenceput \u0219i ating\u00e2nd un maxim pentru a se diminua apoi. <a href=\"https:\/\/narcopowders.com\/ro\/\">Narco Powders.<\/a><\/p>\n<p>Excitation Regarding its impact on the physical energy levels of the user, <a href=\"https:\/\/duckduckgo.com\/?q=Buy+A-PVP+Online&amp;t=h_&amp;ia=web\">\u03b1-PVP<\/a> is thought to be incredibly energizing and stimulating. This promotes physical activity like dancing, climbing, and running.<\/p>\n<h3>Cump\u0103ra\u021bi a-PVP la RC-CHEMS.ORG - Deoarece calitatea conteaz\u0103!<\/h3>\n<p><strong><a href=\"https:\/\/duckduckgo.com\/?q=Buy+A-PVP+Online&amp;t=h_&amp;ia=web\">Buy a-PVP\u00a0online<\/a><\/strong> de c\u0103tre companii chimice europene de top, cu o puritate garantat\u0103 de min. 98%+. Putem furniza COA pentru orice lot produs din toate substan\u021bele noastre chimice de cercetare!<\/p>\n<h3>Substan\u021be active \u00een a-PVP<\/h3>\n<p>Con\u021bine\u00a0<strong>un gram de min 98%+ de a-PVP pur<\/strong>\u00a0pe unitate de comand\u0103.<\/p>\n<h3>Dozajul de a-PVP<\/h3>\n<p>Nu exist\u0103 o doz\u0103 recomandat\u0103, deoarece\u00a0<strong>a-PVP<\/strong>\u00a0nu este destinat consumului uman, ci este v\u00e2ndut doar ca substan\u021b\u0103 chimic\u0103 de cercetare \u00een scopuri de cercetare.<\/p>\n<h3>Efectele a-PVP :<\/h3>\n<p>Efectele clinice ale majorit\u0103\u021bii noilor\u00a0<strong>droguri de autor<\/strong>\u00a0ca\u00a0<strong>a-PVP<\/strong>\u00a0pot fi descrise ca fiind halucinogene, stimulante sau de tip opioid. Acestea pot avea, de asemenea, o combina\u021bie a acestor efecte, datorit\u0103 substituirilor de lan\u021buri laterale ale designerului.<\/p>\n<h3>Efecte secundare ale a-PVP<\/h3>\n<p>La fel ca \u0219i alte droguri de autor, utilizarea de\u00a0<a href=\"https:\/\/narcopowders.com\/ro\/produs\/cumpara-un-pvp-online\/\"><strong>a-PVP<\/strong><\/a>\u00a0poate provoca efecte secundare puternice; substan\u021ba nu este testat\u0103 clinic \u0219i nici nu este licen\u021biat\u0103 \u00een vreun fel ca produs pentru consum! Prin urmare, a-PVP NU ESTE PENTRU CONSUM UMAN, ci NUMAI PENTRU CERCETARE \u0218TIIN\u021aIFIC\u0102!<\/p>\n<h3>Cum se depoziteaz\u0103 a-PVP<\/h3>\n<p>P\u0103stra\u021bi a-PVP sub 30 de grade Celsius. P\u0103stra\u021bi a-PVP \u00een ambalajul original, proteja\u021bi-l de lumina direct\u0103 a soarelui \u0219i de umiditate.<\/p>","protected":false},"excerpt":{"rendered":"<p>Un stimulent sintetic din clasa catinonei, \u03b1-pirrolidinopentiofenona (denumit\u0103 \u0219i \u03b1-pirrolidinovalerofenona, \u03b1-PVP, O-2387, \u03b2-ceto-prolintan, prolintanona sau desmetilpirovalerona) a fost creat\u0103 \u00een anii 1960 \u0219i comercializat\u0103 ca drog de design. Acesta este frecvent utilizat \u00een scop recrea\u021bional.<\/p>","protected":false},"featured_media":21293,"comment_status":"open","ping_status":"closed","template":"","meta":{"_joinchat":[]},"product_brand":[],"product_cat":[1724,1538],"product_tag":[],"class_list":{"0":"post-20596","1":"product","2":"type-product","3":"status-publish","4":"has-post-thumbnail","6":"product_cat-research-chemicals","7":"product_cat-cannabinoids","9":"first","10":"instock","11":"shipping-taxable","12":"purchasable","13":"product-type-variable","14":"add-to-wishlist-after_add_to_cart"},"yoast_head":"<!-- This site is optimized with the Yoast SEO plugin v27.5 - https:\/\/yoast.com\/product\/yoast-seo-wordpress\/ -->\n<title>Buy A-PVP Online - A-PVP Powder for Sale<\/title>\n<meta name=\"description\" content=\"You can buy a-pvp online at the best prices from our online store. We have cheap and high-quality a-pvp powder for sale and providing worldwide delivery. You can order from anytime, anywhere.\" \/>\n<meta name=\"robots\" content=\"index, follow, max-snippet:-1, max-image-preview:large, max-video-preview:-1\" \/>\n<link rel=\"canonical\" href=\"https:\/\/narcopowders.com\/ro\/produs\/cumpara-un-pvp-online\/\" \/>\n<meta property=\"og:locale\" content=\"ro_RO\" \/>\n<meta property=\"og:type\" content=\"article\" \/>\n<meta property=\"og:title\" content=\"Buy A-PVP Online - A-PVP Powder for Sale\" \/>\n<meta property=\"og:description\" content=\"You can buy a-pvp online at the best prices from our online store. We have cheap and high-quality a-pvp powder for sale and providing worldwide delivery. You can order from anytime, anywhere.\" \/>\n<meta property=\"og:url\" content=\"https:\/\/narcopowders.com\/ro\/produs\/cumpara-un-pvp-online\/\" \/>\n<meta property=\"og:site_name\" content=\"Narco Powders\" \/>\n<meta property=\"article:modified_time\" content=\"2025-05-06T07:02:40+00:00\" \/>\n<meta property=\"og:image\" content=\"https:\/\/narcopowders.com\/wp-content\/uploads\/2024\/05\/APVP.gif\" \/>\n\t<meta property=\"og:image:width\" content=\"600\" \/>\n\t<meta property=\"og:image:height\" content=\"600\" \/>\n\t<meta property=\"og:image:type\" content=\"image\/gif\" \/>\n<meta name=\"twitter:card\" content=\"summary_large_image\" \/>\n<meta name=\"twitter:label1\" content=\"Timp estimat pentru citire\" \/>\n\t<meta name=\"twitter:data1\" content=\"3 minute\" \/>\n<!-- \/ Yoast SEO plugin. -->","yoast_head_json":{"title":"Cump\u0103ra\u021bi A-PVP online - A-PVP pulbere pentru v\u00e2nzare","description":"Pute\u021bi cump\u0103ra a-pvp online la cele mai bune pre\u021buri din magazinul nostru online. Avem pulbere a-pvp ieftin\u0103 \u0219i de \u00eenalt\u0103 calitate de v\u00e2nzare \u0219i oferim livrare \u00een \u00eentreaga lume. Pute\u021bi comanda de la orice moment, oriunde.","robots":{"index":"index","follow":"follow","max-snippet":"max-snippet:-1","max-image-preview":"max-image-preview:large","max-video-preview":"max-video-preview:-1"},"canonical":"https:\/\/narcopowders.com\/ro\/produs\/cumpara-un-pvp-online\/","og_locale":"ro_RO","og_type":"article","og_title":"Buy A-PVP Online - A-PVP Powder for Sale","og_description":"You can buy a-pvp online at the best prices from our online store. We have cheap and high-quality a-pvp powder for sale and providing worldwide delivery. You can order from anytime, anywhere.","og_url":"https:\/\/narcopowders.com\/ro\/produs\/cumpara-un-pvp-online\/","og_site_name":"Narco Powders","article_modified_time":"2025-05-06T07:02:40+00:00","og_image":[{"width":600,"height":600,"url":"https:\/\/narcopowders.com\/wp-content\/uploads\/2024\/05\/APVP.gif","type":"image\/gif"}],"twitter_card":"summary_large_image","twitter_misc":{"Timp estimat pentru citire":"3 minute"},"schema":{"@context":"https:\/\/schema.org","@graph":[{"@type":"WebPage","@id":"https:\/\/narcopowders.com\/product\/buy-a-pvp-online\/","url":"https:\/\/narcopowders.com\/product\/buy-a-pvp-online\/","name":"Cump\u0103ra\u021bi A-PVP online - A-PVP pulbere pentru v\u00e2nzare","isPartOf":{"@id":"https:\/\/narcopowders.com\/#website"},"primaryImageOfPage":{"@id":"https:\/\/narcopowders.com\/product\/buy-a-pvp-online\/#primaryimage"},"image":{"@id":"https:\/\/narcopowders.com\/product\/buy-a-pvp-online\/#primaryimage"},"thumbnailUrl":"https:\/\/narcopowders.com\/wp-content\/uploads\/2024\/05\/APVP.gif","datePublished":"2024-05-23T06:14:38+00:00","dateModified":"2025-05-06T07:02:40+00:00","description":"Pute\u021bi cump\u0103ra a-pvp online la cele mai bune pre\u021buri din magazinul nostru online. Avem pulbere a-pvp ieftin\u0103 \u0219i de \u00eenalt\u0103 calitate de v\u00e2nzare \u0219i oferim livrare \u00een \u00eentreaga lume. Pute\u021bi comanda de la orice moment, oriunde.","breadcrumb":{"@id":"https:\/\/narcopowders.com\/product\/buy-a-pvp-online\/#breadcrumb"},"inLanguage":"ro-RO","potentialAction":[{"@type":"ReadAction","target":["https:\/\/narcopowders.com\/product\/buy-a-pvp-online\/"]}]},{"@type":"ImageObject","inLanguage":"ro-RO","@id":"https:\/\/narcopowders.com\/product\/buy-a-pvp-online\/#primaryimage","url":"https:\/\/narcopowders.com\/wp-content\/uploads\/2024\/05\/APVP.gif","contentUrl":"https:\/\/narcopowders.com\/wp-content\/uploads\/2024\/05\/APVP.gif","width":600,"height":600,"caption":"Buy A-PVP Online"},{"@type":"BreadcrumbList","@id":"https:\/\/narcopowders.com\/product\/buy-a-pvp-online\/#breadcrumb","itemListElement":[{"@type":"ListItem","position":1,"name":"Home","item":"https:\/\/narcopowders.com\/"},{"@type":"ListItem","position":2,"name":"Shop Page","item":"https:\/\/narcopowders.com\/shop\/"},{"@type":"ListItem","position":3,"name":"Buy A-PVP Online"}]},{"@type":"WebSite","@id":"https:\/\/narcopowders.com\/#website","url":"https:\/\/narcopowders.com\/","name":"Pulberi narcotice","description":"Blogul meu WordPress","potentialAction":[{"@type":"SearchAction","target":{"@type":"EntryPoint","urlTemplate":"https:\/\/narcopowders.com\/?s={search_term_string}"},"query-input":{"@type":"PropertyValueSpecification","valueRequired":true,"valueName":"search_term_string"}}],"inLanguage":"ro-RO"}]}},"_links":{"self":[{"href":"https:\/\/narcopowders.com\/ro\/wp-json\/wp\/v2\/product\/20596","targetHints":{"allow":["GET"]}}],"collection":[{"href":"https:\/\/narcopowders.com\/ro\/wp-json\/wp\/v2\/product"}],"about":[{"href":"https:\/\/narcopowders.com\/ro\/wp-json\/wp\/v2\/types\/product"}],"replies":[{"embeddable":true,"href":"https:\/\/narcopowders.com\/ro\/wp-json\/wp\/v2\/comments?post=20596"}],"wp:featuredmedia":[{"embeddable":true,"href":"https:\/\/narcopowders.com\/ro\/wp-json\/wp\/v2\/media\/21293"}],"wp:attachment":[{"href":"https:\/\/narcopowders.com\/ro\/wp-json\/wp\/v2\/media?parent=20596"}],"wp:term":[{"taxonomy":"product_brand","embeddable":true,"href":"https:\/\/narcopowders.com\/ro\/wp-json\/wp\/v2\/product_brand?post=20596"},{"taxonomy":"product_cat","embeddable":true,"href":"https:\/\/narcopowders.com\/ro\/wp-json\/wp\/v2\/product_cat?post=20596"},{"taxonomy":"product_tag","embeddable":true,"href":"https:\/\/narcopowders.com\/ro\/wp-json\/wp\/v2\/product_tag?post=20596"}],"curies":[{"name":"wp","href":"https:\/\/api.w.org\/{rel}","templated":true}]}}