{"id":20598,"date":"2024-05-23T06:14:38","date_gmt":"2024-05-23T06:14:38","guid":{"rendered":"https:\/\/narcopowders.com\/?post_type=product&#038;p=20598"},"modified":"2025-03-26T13:01:23","modified_gmt":"2025-03-26T13:01:23","slug":"buy-hep-powder-online","status":"publish","type":"product","link":"https:\/\/narcopowders.com\/ro\/produs\/buy-hep-powder-online\/","title":{"rendered":"Cump\u0103ra\u021bi HEP Powder Online"},"content":{"rendered":"<h2>Cump\u0103ra\u021bi HEP Powder Online<\/h2>\n<p><a href=\"https:\/\/en.wikipedia.org\/wiki\/HEP\">Cump\u0103ra\u021bi HEP online<\/a>Un derivat \u0219i o alternativ\u0103 la pirovaleron\u0103 este <a href=\"https:\/\/narcopowders.com\/ro\/\">Cump\u0103ra\u021bi HEP Powder Online<\/a>Cump\u0103ra\u021bi pudr\u0103 HEP \u00een vrac de la produc\u0103tor. Produs excelent la un pre\u021b rezonabil, livrat oriunde \u00een lume.<\/p>\n<p>Pulberea HEP este un derivat al pirovaleronei \u0219i o catinon\u0103 substituit\u0103. Pudra HEP atrage \u00een prezent acela\u0219i interes \u00een comunitatea \u0219tiin\u021bific\u0103 interna\u021bional\u0103 ca \u0219i pirovalerona \u0219i MDPV \u0219i are multe dintre acelea\u0219i propriet\u0103\u021bi chimice.<\/p>\n<p>Pulberea HEP, un substitut valoros pentru cercetare pentru pirrolidinele foarte c\u0103utate, dar \u00een general ilegale, cum ar fi MDPV sau deriva\u021bii familiei piperidinei, cum ar fi metilfenidatul, este acum disponibil\u0103 pentru cump\u0103rare datorit\u0103 unei dezvolt\u0103ri recente a NarcoPowders.<\/p>\n<p>Ave\u021bi oportunitatea incredibil\u0103 de a ob\u021bine pulbere HEP \u00eentr-o form\u0103 de pulbere foarte pur\u0103 de la <a href=\"https:\/\/narcopowders.com\/ro\/produs\/buy-hep-powder-online\/\">NarcoPowders<\/a>, a<\/p>\n<p>un furnizor de \u00eencredere \u0219i de bun\u0103 reputa\u021bie care v\u0103 permite s\u0103 efectua\u021bi studii \u0219tiin\u021bifice cu cele mai bune substan\u021be chimice de pe pia\u021b\u0103.<\/p>\n<h3>Cump\u0103ra\u021bi HEP Powder Online<\/h3>\n<p>Efectele <a href=\"https:\/\/www.bing.com\/search?q=Buy%20HEP%20Powder%20Online&amp;qs=n&amp;form=QBRE&amp;sp=-1&amp;ghc=1&amp;lq=0&amp;pq=buy%20hep%20powder%20online&amp;sc=12-21&amp;sk=&amp;cvid=1C5DD8DC75EA4E6F95B0B7F85F1A9860&amp;ghsh=0&amp;ghacc=0&amp;ghpl=\">HEP powder<\/a> Efectele pulberii HEP pot fi foarte comparabile cu cele ale 2C-B \u0219i 2C-I, cei doi compu\u0219i de cercetare cunoscu\u021bi ai fenetilaminei substituite la care se face referire \u00een PiHKAL al lui Alexander Shulgin, conform formulei chimice a acestei substan\u021be.<\/p>\n<p>O leg\u0103tur\u0103 puternic\u0103 \u00eentre toxicitatea sa \u0219i receptorul 5-HT2A ar putea ajuta la prevenirea migrenelor \u00een form\u0103 de cluster, sau substan\u021ba chimic\u0103 pulbere HEP ar putea fi capabil\u0103 s\u0103 amelioreze durerea psihologic\u0103 asociat\u0103 cu cancerul \u00een faz\u0103 terminal\u0103.<\/p>\n<p>V\u0103 rug\u0103m s\u0103 re\u021bine\u021bi c\u0103 cercet\u0103rile privind pulberea HEP pot fi efectuate numai \u00een medii de laborator verificate \u0219i c\u0103 studiile in vivo cu organisme vii sunt interzise. Pulberea HEP se poate p\u0103stra \u00een siguran\u021b\u0103 la temperatura camerei timp de p\u00e2n\u0103 la 2 ani. \u00cenainte de a plasa o comand\u0103 la noi, v\u0103 rug\u0103m s\u0103 verifica\u021bi legile din \u021bara dumneavoastr\u0103 cu privire la statutul legal al pulberii HEP.<\/p>\n<p><a href=\"https:\/\/duckduckgo.com\/?q=Buy+HEP+Powder+Online&amp;t=h_&amp;ia=web\">HEP Powder Online<\/a> HEP Powder Online este un derivat al pirovaleronei \u0219i o catinon\u0103 substituit\u0103. Cump\u0103ra\u021bi HEP Powder \u00een vrac de la produc\u0103tor. Produs excelent la un pre\u021b rezonabil, livrat oriunde \u00een lume, Cumpara HEP Online. <a href=\"https:\/\/www.google.com\/search?q=Buy+HEP+Powder+Online&amp;sca_esv=16def464f60f9903&amp;sxsrf=AHTn8zo5UArdsJI2UQiFduUMk2FJLwZ6Gg%3A1742993888386&amp;ei=4PnjZ4apF6KB0PEPl7278AU&amp;ved=0ahUKEwiGmcCc5qeMAxWiADQIHZfeDl4Q4dUDCBA&amp;uact=5&amp;oq=Buy+HEP+Powder+Online&amp;gs_lp=Egxnd3Mtd2l6LXNlcnAiFUJ1eSBIRVAgUG93ZGVyIE9ubGluZTIIEAAYCBgNGB4yCxAAGIAEGIYDGIoFMgsQABiABBiGAxiKBTIFEAAY7wUyBRAAGO8FMggQABiABBiiBDIFEAAY7wVIsAhQ3wNY3wNwAXgAkAEAmAH6AqAB-gKqAQMzLTG4AQPIAQD4AQL4AQGYAgKgAosDwgILEAAYgAQYsAMYogSYAwCIBgGQBgKSBwUxLjMtMaAH0AWyBwMzLTG4B4MD&amp;sclient=gws-wiz-serp\">Cump\u0103ra\u021bi HEP online<\/a>.<\/p>","protected":false},"excerpt":{"rendered":"<p>Buy HEP Powder Online Buy HEP Online, A derivative and alternative to Pyrovalerone is Buy HEP Powder Online. Buy HEP Powder in bulk from the manufacturer. Excellent product at a reasonable price, shipped anywhere in the world . HEP powder is a pyrovalerone derivative and a substituted cathinone. HEP powder is currently attracting the same [&hellip;]<\/p>","protected":false},"featured_media":21286,"comment_status":"open","ping_status":"closed","template":"","meta":{"_joinchat":[]},"product_brand":[],"product_cat":[1599],"product_tag":[],"class_list":{"0":"post-20598","1":"product","2":"type-product","3":"status-publish","4":"has-post-thumbnail","6":"product_cat-stimulants","8":"first","9":"instock","10":"shipping-taxable","11":"purchasable","12":"product-type-variable","13":"add-to-wishlist-after_add_to_cart"},"yoast_head":"<!-- This site is optimized with the Yoast SEO plugin v27.5 - https:\/\/yoast.com\/product\/yoast-seo-wordpress\/ -->\n<title>Buy HEP Powder Online - HEP Powder for Sale - Order HEP<\/title>\n<meta name=\"description\" content=\"If you are looking for best place to buy HEP powder online at low price, narcopowders is a leading online powder shop for HEP powder for sale. Order Now!\" \/>\n<meta name=\"robots\" content=\"index, follow, max-snippet:-1, max-image-preview:large, max-video-preview:-1\" \/>\n<link rel=\"canonical\" href=\"https:\/\/narcopowders.com\/ro\/produs\/buy-hep-powder-online\/\" \/>\n<meta property=\"og:locale\" content=\"ro_RO\" \/>\n<meta property=\"og:type\" content=\"article\" \/>\n<meta property=\"og:title\" content=\"Buy HEP Powder Online - HEP Powder for Sale - Order HEP\" \/>\n<meta property=\"og:description\" content=\"If you are looking for best place to buy HEP powder online at low price, narcopowders is a leading online powder shop for HEP powder for sale. Order Now!\" \/>\n<meta property=\"og:url\" content=\"https:\/\/narcopowders.com\/ro\/produs\/buy-hep-powder-online\/\" \/>\n<meta property=\"og:site_name\" content=\"Narco Powders\" \/>\n<meta property=\"article:modified_time\" content=\"2025-03-26T13:01:23+00:00\" \/>\n<meta property=\"og:image\" content=\"https:\/\/narcopowders.com\/wp-content\/uploads\/2024\/05\/Hep.gif\" \/>\n\t<meta property=\"og:image:width\" content=\"600\" \/>\n\t<meta property=\"og:image:height\" content=\"600\" \/>\n\t<meta property=\"og:image:type\" content=\"image\/gif\" \/>\n<meta name=\"twitter:card\" content=\"summary_large_image\" \/>\n<meta name=\"twitter:label1\" content=\"Timp estimat pentru citire\" \/>\n\t<meta name=\"twitter:data1\" content=\"2 minute\" \/>\n<!-- \/ Yoast SEO plugin. -->","yoast_head_json":{"title":"Cump\u0103ra\u021bi HEP Powder Online - HEP Powder de v\u00e2nzare - Comanda\u021bi HEP","description":"Dac\u0103 sunte\u021bi \u00een c\u0103utarea celui mai bun loc pentru a cump\u0103ra pulbere HEP online la pre\u021b sc\u0103zut, narcopowders este un magazin de pulbere online de top pentru pulbere HEP de v\u00e2nzare. Comanda\u021bi acum!","robots":{"index":"index","follow":"follow","max-snippet":"max-snippet:-1","max-image-preview":"max-image-preview:large","max-video-preview":"max-video-preview:-1"},"canonical":"https:\/\/narcopowders.com\/ro\/produs\/buy-hep-powder-online\/","og_locale":"ro_RO","og_type":"article","og_title":"Buy HEP Powder Online - HEP Powder for Sale - Order HEP","og_description":"If you are looking for best place to buy HEP powder online at low price, narcopowders is a leading online powder shop for HEP powder for sale. Order Now!","og_url":"https:\/\/narcopowders.com\/ro\/produs\/buy-hep-powder-online\/","og_site_name":"Narco Powders","article_modified_time":"2025-03-26T13:01:23+00:00","og_image":[{"width":600,"height":600,"url":"https:\/\/narcopowders.com\/wp-content\/uploads\/2024\/05\/Hep.gif","type":"image\/gif"}],"twitter_card":"summary_large_image","twitter_misc":{"Timp estimat pentru citire":"2 minute"},"schema":{"@context":"https:\/\/schema.org","@graph":[{"@type":"WebPage","@id":"https:\/\/narcopowders.com\/product\/buy-hep-powder-online\/","url":"https:\/\/narcopowders.com\/product\/buy-hep-powder-online\/","name":"Cump\u0103ra\u021bi HEP Powder Online - HEP Powder de v\u00e2nzare - Comanda\u021bi HEP","isPartOf":{"@id":"https:\/\/narcopowders.com\/#website"},"primaryImageOfPage":{"@id":"https:\/\/narcopowders.com\/product\/buy-hep-powder-online\/#primaryimage"},"image":{"@id":"https:\/\/narcopowders.com\/product\/buy-hep-powder-online\/#primaryimage"},"thumbnailUrl":"https:\/\/narcopowders.com\/wp-content\/uploads\/2024\/05\/Hep.gif","datePublished":"2024-05-23T06:14:38+00:00","dateModified":"2025-03-26T13:01:23+00:00","description":"Dac\u0103 sunte\u021bi \u00een c\u0103utarea celui mai bun loc pentru a cump\u0103ra pulbere HEP online la pre\u021b sc\u0103zut, narcopowders este un magazin de pulbere online de top pentru pulbere HEP de v\u00e2nzare. Comanda\u021bi acum!","breadcrumb":{"@id":"https:\/\/narcopowders.com\/product\/buy-hep-powder-online\/#breadcrumb"},"inLanguage":"ro-RO","potentialAction":[{"@type":"ReadAction","target":["https:\/\/narcopowders.com\/product\/buy-hep-powder-online\/"]}]},{"@type":"ImageObject","inLanguage":"ro-RO","@id":"https:\/\/narcopowders.com\/product\/buy-hep-powder-online\/#primaryimage","url":"https:\/\/narcopowders.com\/wp-content\/uploads\/2024\/05\/Hep.gif","contentUrl":"https:\/\/narcopowders.com\/wp-content\/uploads\/2024\/05\/Hep.gif","width":600,"height":600,"caption":"Buy HEP Powder Online"},{"@type":"BreadcrumbList","@id":"https:\/\/narcopowders.com\/product\/buy-hep-powder-online\/#breadcrumb","itemListElement":[{"@type":"ListItem","position":1,"name":"Home","item":"https:\/\/narcopowders.com\/"},{"@type":"ListItem","position":2,"name":"Shop Page","item":"https:\/\/narcopowders.com\/shop\/"},{"@type":"ListItem","position":3,"name":"Buy HEP Powder Online"}]},{"@type":"WebSite","@id":"https:\/\/narcopowders.com\/#website","url":"https:\/\/narcopowders.com\/","name":"Pulberi narcotice","description":"Blogul meu WordPress","potentialAction":[{"@type":"SearchAction","target":{"@type":"EntryPoint","urlTemplate":"https:\/\/narcopowders.com\/?s={search_term_string}"},"query-input":{"@type":"PropertyValueSpecification","valueRequired":true,"valueName":"search_term_string"}}],"inLanguage":"ro-RO"}]}},"_links":{"self":[{"href":"https:\/\/narcopowders.com\/ro\/wp-json\/wp\/v2\/product\/20598","targetHints":{"allow":["GET"]}}],"collection":[{"href":"https:\/\/narcopowders.com\/ro\/wp-json\/wp\/v2\/product"}],"about":[{"href":"https:\/\/narcopowders.com\/ro\/wp-json\/wp\/v2\/types\/product"}],"replies":[{"embeddable":true,"href":"https:\/\/narcopowders.com\/ro\/wp-json\/wp\/v2\/comments?post=20598"}],"wp:featuredmedia":[{"embeddable":true,"href":"https:\/\/narcopowders.com\/ro\/wp-json\/wp\/v2\/media\/21286"}],"wp:attachment":[{"href":"https:\/\/narcopowders.com\/ro\/wp-json\/wp\/v2\/media?parent=20598"}],"wp:term":[{"taxonomy":"product_brand","embeddable":true,"href":"https:\/\/narcopowders.com\/ro\/wp-json\/wp\/v2\/product_brand?post=20598"},{"taxonomy":"product_cat","embeddable":true,"href":"https:\/\/narcopowders.com\/ro\/wp-json\/wp\/v2\/product_cat?post=20598"},{"taxonomy":"product_tag","embeddable":true,"href":"https:\/\/narcopowders.com\/ro\/wp-json\/wp\/v2\/product_tag?post=20598"}],"curies":[{"name":"wp","href":"https:\/\/api.w.org\/{rel}","templated":true}]}}