{"id":20601,"date":"2024-05-23T06:14:39","date_gmt":"2024-05-23T06:14:39","guid":{"rendered":"https:\/\/narcopowders.com\/?post_type=product&#038;p=20601"},"modified":"2025-03-26T12:57:29","modified_gmt":"2025-03-26T12:57:29","slug":"buy-th-pvp-online","status":"publish","type":"product","link":"https:\/\/narcopowders.com\/ro\/produs\/buy-th-pvp-online\/","title":{"rendered":"Cump\u0103ra\u021bi TH-PVP online"},"content":{"rendered":"<h2>Cump\u0103ra\u021bi TH-PVP online | TH-PVP pentru v\u00e2nzare \u00een mod legal<\/h2>\n<h2>TH-PVP: Ce este?<\/h2>\n<p><strong>De TH-PVP<\/strong><\/p>\n<p><a href=\"https:\/\/en.wikipedia.org\/wiki\/TH-PVP\">TH-PVP<\/a> \u00cen ultima vreme, a devenit bine cunoscut ca drog de design. Catinona, o substan\u021b\u0103 natural\u0103 care se g\u0103se\u0219te \u00een planta Khat, este sursa acestui compus chimic. \u00cen afar\u0103 de Ungaria, Spania, Belgia, Polonia, Turcia \u0219i Brazilia, <a href=\"https:\/\/narcopowders.com\/ro\/produs\/buy-th-pvp-online\/\">TH-PVP<\/a> a fost identificat \u00een numeroase alte \u021b\u0103ri din \u00eentreaga lume. Farmacologia, istoricul, efectele \u0219i pericolele TH-PVP vor fi toate acoperite \u00een acest articol.<\/p>\n<h3>Contextul TH-PVP<\/h3>\n<p>Laboratorul medico-legal din Ungaria a detectat pentru prima dat\u0103 TH-PVP \u00een 2015. Acesta a devenit un medicament utilizat \u00een mod obi\u0219nuit \u0219i s-a r\u0103sp\u00e2ndit rapid \u00een alte \u021b\u0103ri. TH-PVP este v\u00e2ndut de obicei sub form\u0103 de pulbere alb\u0103 sau galben\u0103 \u0219i este promovat ca drog de design sau substan\u021b\u0103 chimic\u0103 de cercetare. Substan\u021ba este \u00een mod obi\u0219nuit fumat\u0103, inhalat\u0103 sau consumat\u0103 pe cale oral\u0103. <a href=\"https:\/\/narcopowders.com\/ro\/\">chimie de cercetare<\/a>Substan\u021ba este de obicei fumat\u0103, inhalat\u0103 pe nas sau consumat\u0103 oral.<\/p>\n<h3>TH-FARMACOLOGIE PVP<\/h3>\n<p>Studiile in vitro au ar\u0103tat c\u0103 <a href=\"https:\/\/duckduckgo.com\/?q=Buy+TH-PVP+Online&amp;t=h_&amp;ia=web\">TH-PVP<\/a> reduce recaptarea neurotransmi\u021b\u0103torilor de monoamin\u0103, inclusiv a serotoninei. \u00cen plus, cre\u0219te eliberarea acestor neurotransmi\u021b\u0103tori, ceea ce poate provoca schimb\u0103ri de comportament \u0219i de dispozi\u021bie. \u00cen ciuda acestor constat\u0103ri, nu s-a demonstrat c\u0103 TH-PVP are efecte stimulatoare asupra animalelor. Potrivit unor cercet\u0103tori, profilul farmacologic al TH-PVP se aseam\u0103n\u0103 mai mult cu cel al empaticelor sedative precum 5-metil-MDA \u0219i MDAI.<\/p>\n<h3>EFECTELE \u0218I PERICOLELE TH-PVP<\/h3>\n<p>Efectele TH-PVP pot diferi semnificativ \u00een func\u021bie de doz\u0103, modul de administrare \u0219i tr\u0103s\u0103turile personale. Utilizatorii de TH-PVP au exprimat c\u0103 se simt \u00een\u0103l\u021ba\u021bi, mul\u021bumi\u021bi \u0219i siguri pe ei. Al\u021bii au vorbit despre sentimentul de ostilitate, paranoia \u0219i anxietate. TH-PVP provoac\u0103 ocazional efecte secundare periculoase, inclusiv convulsii, halucina\u021bii.<\/p>\n<p>Av\u00e2nd \u00een vedere c\u0103 TH-PVP este frecvent v\u00e2ndut ca drog de sintez\u0103, riscurile sale sunt deosebit de grave. Acest lucru sugereaz\u0103 c\u0103 substan\u021ba chimic\u0103 este promovat\u0103 ca o alternativ\u0103 sigur\u0103 la drogurile ilegale. Dar, deoarece <a href=\"https:\/\/www.bing.com\/search?q=Buy%20TH-PVP%20Online&amp;qs=n&amp;form=QBRE&amp;sp=-1&amp;lq=0&amp;pq=buy%20th-pvp%20online&amp;sc=7-17&amp;sk=&amp;cvid=E4503EA23EF84E71AAA5F2041A4C6AB1&amp;ghsh=0&amp;ghacc=0&amp;ghpl=\">TH-PVP<\/a> se produce de obicei \u00een medii nereglementate, poten\u021ba \u0219i puritatea loturilor pot diferi foarte mult unele de altele. Pot exista repercusiuni periculoase \u0219i neprev\u0103zute din acest motiv.<\/p>\n<p>\u00cen ultimii ani, TH-PVP a c\u00e2\u0219tigat popularitate \u00een calitate de drog de design. \u00cen ciuda faptului c\u0103 este promovat\u0103 ca o alternativ\u0103 sigur\u0103 \u0219i legal\u0103 la drogurile ilegale, substan\u021ba este adesea produs\u0103 \u00een laboratoare necontrolate \u0219i poate fi periculoas\u0103 pentru s\u0103n\u0103tatea dumneavoastr\u0103. Este esen\u021bial s\u0103 \u00een\u021belege\u021bi pericolele pe care le prezint\u0103 <a href=\"https:\/\/www.google.com\/search?q=Buy+TH-PVP+Online&amp;sca_esv=16def464f60f9903&amp;sxsrf=AHTn8zqDsOGwU1KtBRp7rflOmvkfP6z8gQ%3A1742993324443&amp;ei=rPfjZ6vlGszw0PEPraW52A8&amp;ved=0ahUKEwir68uP5KeMAxVMODQIHa1SDvsQ4dUDCBA&amp;uact=5&amp;oq=Buy+TH-PVP+Online&amp;gs_lp=Egxnd3Mtd2l6LXNlcnAiEUJ1eSBUSC1QVlAgT25saW5lMgcQIRigARgKMgcQIRigARgKMgcQIRigARgKMgcQIRigARgKMgcQIRigARgKSKcIUPMDWPMDcAF4AZABAJgB0QOgAdEDqgEDNC0xuAEDyAEA-AEC-AEBmAICoALjA8ICChAAGLADGNYEGEeYAwCIBgGQBgiSBwUxLjQtMaAH2ASyBwM0LTG4B9cD&amp;sclient=gws-wiz-serp\">TH-PVP<\/a> \u0219i s\u0103 se ab\u021bin\u0103 de la utilizarea acestuia. Consulta\u021bi un profesionist medical pentru sprijin dac\u0103 dumneavoastr\u0103 sau o persoan\u0103 drag\u0103 ave\u021bi probleme cu abuzul de substan\u021be.<\/p>","protected":false},"excerpt":{"rendered":"<p>Buy TH-PVP Online | TH-PVP for Sale Legally TH-PVP: What Is It? By TH-PVP TH-PVP has become well-known as a designer drug in recent times. Cathinone, a naturally occurring substance found in the Khat plant, is the source of this chemical compound. Apart from Hungary, Spain, Belgium, Poland, Turkey, and Brazil, TH-PVP has been identified [&hellip;]<\/p>","protected":false},"featured_media":21284,"comment_status":"open","ping_status":"closed","template":"","meta":{"_joinchat":[]},"product_brand":[],"product_cat":[1539],"product_tag":[],"class_list":{"0":"post-20601","1":"product","2":"type-product","3":"status-publish","4":"has-post-thumbnail","6":"product_cat-cathinone","8":"first","9":"instock","10":"shipping-taxable","11":"purchasable","12":"product-type-variable","13":"add-to-wishlist-after_add_to_cart"},"yoast_head":"<!-- This site is optimized with the Yoast SEO plugin v27.5 - https:\/\/yoast.com\/product\/yoast-seo-wordpress\/ -->\n<title>Buy TH-PVP Online - Order TH-PVP Online - TH-PVP for Sale<\/title>\n<meta name=\"description\" content=\"Looking for the best place to buy TH-PVP online? NarcoPowders is the best shop where you can order TH-PVP online, TH-PVP for sale. Order Now!\" \/>\n<meta name=\"robots\" content=\"index, follow, max-snippet:-1, max-image-preview:large, max-video-preview:-1\" \/>\n<link rel=\"canonical\" href=\"https:\/\/narcopowders.com\/ro\/produs\/buy-th-pvp-online\/\" \/>\n<meta property=\"og:locale\" content=\"ro_RO\" \/>\n<meta property=\"og:type\" content=\"article\" \/>\n<meta property=\"og:title\" content=\"Buy TH-PVP Online - Order TH-PVP Online - TH-PVP for Sale\" \/>\n<meta property=\"og:description\" content=\"Looking for the best place to buy TH-PVP online? NarcoPowders is the best shop where you can order TH-PVP online, TH-PVP for sale. Order Now!\" \/>\n<meta property=\"og:url\" content=\"https:\/\/narcopowders.com\/ro\/produs\/buy-th-pvp-online\/\" \/>\n<meta property=\"og:site_name\" content=\"Narco Powders\" \/>\n<meta property=\"article:modified_time\" content=\"2025-03-26T12:57:29+00:00\" \/>\n<meta property=\"og:image\" content=\"https:\/\/narcopowders.com\/wp-content\/uploads\/2024\/05\/Thpvp.gif\" \/>\n\t<meta property=\"og:image:width\" content=\"600\" \/>\n\t<meta property=\"og:image:height\" content=\"600\" \/>\n\t<meta property=\"og:image:type\" content=\"image\/gif\" \/>\n<meta name=\"twitter:card\" content=\"summary_large_image\" \/>\n<meta name=\"twitter:label1\" content=\"Timp estimat pentru citire\" \/>\n\t<meta name=\"twitter:data1\" content=\"2 minute\" \/>\n<!-- \/ Yoast SEO plugin. -->","yoast_head_json":{"title":"Cump\u0103ra\u021bi TH-PVP online - Comanda\u021bi TH-PVP online - TH-PVP de v\u00e2nzare","description":"C\u0103uta\u021bi cel mai bun loc pentru a cump\u0103ra TH-PVP online? NarcoPowders este cel mai bun magazin unde pute\u021bi comanda TH-PVP online, TH-PVP de v\u00e2nzare. Comanda\u021bi acum!","robots":{"index":"index","follow":"follow","max-snippet":"max-snippet:-1","max-image-preview":"max-image-preview:large","max-video-preview":"max-video-preview:-1"},"canonical":"https:\/\/narcopowders.com\/ro\/produs\/buy-th-pvp-online\/","og_locale":"ro_RO","og_type":"article","og_title":"Buy TH-PVP Online - Order TH-PVP Online - TH-PVP for Sale","og_description":"Looking for the best place to buy TH-PVP online? NarcoPowders is the best shop where you can order TH-PVP online, TH-PVP for sale. Order Now!","og_url":"https:\/\/narcopowders.com\/ro\/produs\/buy-th-pvp-online\/","og_site_name":"Narco Powders","article_modified_time":"2025-03-26T12:57:29+00:00","og_image":[{"width":600,"height":600,"url":"https:\/\/narcopowders.com\/wp-content\/uploads\/2024\/05\/Thpvp.gif","type":"image\/gif"}],"twitter_card":"summary_large_image","twitter_misc":{"Timp estimat pentru citire":"2 minute"},"schema":{"@context":"https:\/\/schema.org","@graph":[{"@type":"WebPage","@id":"https:\/\/narcopowders.com\/product\/buy-th-pvp-online\/","url":"https:\/\/narcopowders.com\/product\/buy-th-pvp-online\/","name":"Cump\u0103ra\u021bi TH-PVP online - Comanda\u021bi TH-PVP online - TH-PVP de v\u00e2nzare","isPartOf":{"@id":"https:\/\/narcopowders.com\/#website"},"primaryImageOfPage":{"@id":"https:\/\/narcopowders.com\/product\/buy-th-pvp-online\/#primaryimage"},"image":{"@id":"https:\/\/narcopowders.com\/product\/buy-th-pvp-online\/#primaryimage"},"thumbnailUrl":"https:\/\/narcopowders.com\/wp-content\/uploads\/2024\/05\/Thpvp.gif","datePublished":"2024-05-23T06:14:39+00:00","dateModified":"2025-03-26T12:57:29+00:00","description":"C\u0103uta\u021bi cel mai bun loc pentru a cump\u0103ra TH-PVP online? NarcoPowders este cel mai bun magazin unde pute\u021bi comanda TH-PVP online, TH-PVP de v\u00e2nzare. Comanda\u021bi acum!","breadcrumb":{"@id":"https:\/\/narcopowders.com\/product\/buy-th-pvp-online\/#breadcrumb"},"inLanguage":"ro-RO","potentialAction":[{"@type":"ReadAction","target":["https:\/\/narcopowders.com\/product\/buy-th-pvp-online\/"]}]},{"@type":"ImageObject","inLanguage":"ro-RO","@id":"https:\/\/narcopowders.com\/product\/buy-th-pvp-online\/#primaryimage","url":"https:\/\/narcopowders.com\/wp-content\/uploads\/2024\/05\/Thpvp.gif","contentUrl":"https:\/\/narcopowders.com\/wp-content\/uploads\/2024\/05\/Thpvp.gif","width":600,"height":600,"caption":"Buy TH-PVP Online"},{"@type":"BreadcrumbList","@id":"https:\/\/narcopowders.com\/product\/buy-th-pvp-online\/#breadcrumb","itemListElement":[{"@type":"ListItem","position":1,"name":"Home","item":"https:\/\/narcopowders.com\/"},{"@type":"ListItem","position":2,"name":"Shop Page","item":"https:\/\/narcopowders.com\/shop\/"},{"@type":"ListItem","position":3,"name":"Buy TH-PVP Online"}]},{"@type":"WebSite","@id":"https:\/\/narcopowders.com\/#website","url":"https:\/\/narcopowders.com\/","name":"Pulberi narcotice","description":"Blogul meu WordPress","potentialAction":[{"@type":"SearchAction","target":{"@type":"EntryPoint","urlTemplate":"https:\/\/narcopowders.com\/?s={search_term_string}"},"query-input":{"@type":"PropertyValueSpecification","valueRequired":true,"valueName":"search_term_string"}}],"inLanguage":"ro-RO"}]}},"_links":{"self":[{"href":"https:\/\/narcopowders.com\/ro\/wp-json\/wp\/v2\/product\/20601","targetHints":{"allow":["GET"]}}],"collection":[{"href":"https:\/\/narcopowders.com\/ro\/wp-json\/wp\/v2\/product"}],"about":[{"href":"https:\/\/narcopowders.com\/ro\/wp-json\/wp\/v2\/types\/product"}],"replies":[{"embeddable":true,"href":"https:\/\/narcopowders.com\/ro\/wp-json\/wp\/v2\/comments?post=20601"}],"wp:featuredmedia":[{"embeddable":true,"href":"https:\/\/narcopowders.com\/ro\/wp-json\/wp\/v2\/media\/21284"}],"wp:attachment":[{"href":"https:\/\/narcopowders.com\/ro\/wp-json\/wp\/v2\/media?parent=20601"}],"wp:term":[{"taxonomy":"product_brand","embeddable":true,"href":"https:\/\/narcopowders.com\/ro\/wp-json\/wp\/v2\/product_brand?post=20601"},{"taxonomy":"product_cat","embeddable":true,"href":"https:\/\/narcopowders.com\/ro\/wp-json\/wp\/v2\/product_cat?post=20601"},{"taxonomy":"product_tag","embeddable":true,"href":"https:\/\/narcopowders.com\/ro\/wp-json\/wp\/v2\/product_tag?post=20601"}],"curies":[{"name":"wp","href":"https:\/\/api.w.org\/{rel}","templated":true}]}}