{"id":20812,"date":"2024-05-23T06:15:37","date_gmt":"2024-05-23T06:15:37","guid":{"rendered":"https:\/\/narcopowders.com\/?post_type=product&#038;p=20812"},"modified":"2025-03-26T12:41:03","modified_gmt":"2025-03-26T12:41:03","slug":"buy-mdma-online","status":"publish","type":"product","link":"https:\/\/narcopowders.com\/ro\/produs\/cumpara-mdma-online\/","title":{"rendered":"Cump\u0103ra\u021bi MDMA online"},"content":{"rendered":"<h2>Cump\u0103ra\u021bi MDMA: Ce este?<\/h2>\n<p>Chemically speaking, <a href=\"https:\/\/narcopowders.com\/ro\/produs\/cumpara-mdma-online\/\">bk-MDMA<\/a> este o substan\u021b\u0103 sintetic\u0103 care seam\u0103n\u0103 cu MDMA. Este comercializat\u0103 \u00een mod obi\u0219nuit ca pulbere injectabil\u0103, inhalabil\u0103 sau oral\u0103, de culoare alb\u0103 sau alb-g\u0103lbuie. De\u0219i este frecvent promovat\u0103 ca \u201e<a href=\"https:\/\/en.wikipedia.org\/wiki\/MDMA\">legal high<\/a>\u201d or an alternative to <a href=\"https:\/\/www.bing.com\/search?q=Buy%20MDMA%20Online&amp;qs=n&amp;form=QBRE&amp;sp=-1&amp;lq=0&amp;pq=buy%20mdma%20online&amp;sc=0-15&amp;sk=&amp;cvid=C093DEB07D394A5092E3D792F4460CE4&amp;ghsh=0&amp;ghacc=0&amp;ghpl=\">MDMA<\/a>, este esen\u021bial s\u0103 ne amintim c\u0103 este \u00eenc\u0103 ilegal \u00een multe na\u021biuni.<\/p>\n<h3>Impactul cristalelor de bk-MDMA<\/h3>\n<p><a href=\"https:\/\/www.google.com\/search?q=Buy+MDMA+Online&amp;num=10&amp;sca_esv=1a2a07081c7891bb&amp;rlz=1C1RXQR_enIN1098IN1098&amp;sxsrf=AHTn8zrzxshgJalzibnjHAANoPdPlPO_tg%3A1741686227372&amp;ei=0wXQZ-y2Fs6jvr0PkaTH0Ao&amp;ved=0ahUKEwis7JHn3oGMAxXOka8BHRHSEaoQ4dUDCBA&amp;uact=5&amp;oq=Buy+MDMA+Online&amp;gs_lp=Egxnd3Mtd2l6LXNlcnAiD0J1eSBNRE1BIE9ubGluZUirB1CwA1iwA3ACeACQAQCYAd8BoAHfAaoBAzItMbgBA8gBAPgBAvgBAZgCAKACAJgDAIgGAZIHAKAHQw&amp;sclient=gws-wiz-serp\">Bk-MDMA crystals<\/a> ofer\u0103 acelea\u0219i efecte euforice \u0219i empatice ca \u0219i MDMA. Sentimente mai mari de bun\u0103stare, o mai mare sociabilitate \u0219i un sentiment mai puternic de comunitate sunt posibile efecte secundare pentru utilizatori. Acest lucru se datoreaz\u0103 faptului c\u0103 medicamentul cre\u0219te nivelul de noradrenalin\u0103, dopamin\u0103 \u0219i serotonin\u0103 din creier.<\/p>\n<p>Vitalitate \u0219i vigilen\u021b\u0103 sporit\u0103<\/p>\n<p>Deoarece cristalele de bk-MDMA sunt stimulente, ele pot cre\u0219te, de asemenea, vigilen\u021ba \u0219i nivelul de energie. Acest lucru poate duce la o nevoie mai mic\u0103 de somn \u0219i la mai mult\u0103 activitate fizic\u0103. Este posibil ca utilizatorii s\u0103 \u00ee\u0219i piard\u0103 \u0219i pofta de m\u00e2ncare. <a href=\"https:\/\/narcopowders.com\/ro\/\">Purchase MDMA USA<\/a><\/p>\n<p>A common side effect of <a href=\"https:\/\/duckduckgo.com\/?q=Buy+MDMA+Online&amp;t=h_&amp;ia=web\">bk-MDMA crystals<\/a> este un sim\u021b distorsionat al realit\u0103\u021bii, spa\u021biului \u0219i timpului. Utilizatorii ar putea observa \u00eembun\u0103t\u0103\u021biri ale culorilor \u0219i sunetelor, precum \u0219i schimb\u0103ri \u00een percep\u021bia lor asupra realit\u0103\u021bii, ceea ce le face mai dificil\u0103 diferen\u021bierea dintre real \u0219i fals.<\/p>\n<h3>Repercusiuni negative<\/h3>\n<p>De\u0219i utilizarea cristalelor bk-MDMA poate avea beneficii, utilizatorii trebuie s\u0103 fie con\u0219tien\u021bi de faptul c\u0103 pot exista \u0219i dezavantaje. Acestea pot consta \u00een:<\/p>\n<ul>\n<li>Cre\u0219terea ritmului cardiac \u0219i a tensiunii arteriale<\/li>\n<li>Grea\u021b\u0103 \u0219i v\u0103rs\u0103turi<\/li>\n<li>Tensiunea muscular\u0103 \u0219i \u00eencle\u0219tarea maxilarului<\/li>\n<li>Anxietate \u0219i atacuri de panic\u0103<\/li>\n<li>Insomnie<\/li>\n<li>Deshidratare<\/li>\n<li>Dureri de cap<\/li>\n<li>Pierderea poftei de m\u00e2ncare<\/li>\n<li>Dificult\u0103\u021bi de concentrare<\/li>\n<li>Probleme de memorie<\/li>\n<\/ul>","protected":false},"excerpt":{"rendered":"<p>Buy MDMA: What is it? Chemically speaking, bk-MDMA is a synthetic substance that resembles MDMA. It is commonly marketed as an injectable, inhaled, or oral powder that is white or off-white in color. Although it is frequently promoted as a \u201clegal high\u201d or an alternative to MDMA, it is crucial to remember that it is [&hellip;]<\/p>","protected":false},"featured_media":21294,"comment_status":"open","ping_status":"closed","template":"","meta":{"_joinchat":[]},"product_brand":[],"product_cat":[1724],"product_tag":[],"class_list":{"0":"post-20812","1":"product","2":"type-product","3":"status-publish","4":"has-post-thumbnail","6":"product_cat-research-chemicals","8":"first","9":"instock","10":"shipping-taxable","11":"purchasable","12":"product-type-variable","13":"add-to-wishlist-after_add_to_cart"},"yoast_head":"<!-- This site is optimized with the Yoast SEO plugin v25.9 - https:\/\/yoast.com\/wordpress\/plugins\/seo\/ -->\n<title>Buy MDMA Online - MDMA for Sale Online | NarcoPowders<\/title>\n<meta name=\"description\" content=\"Do you want to buy MDMA online from a trustable chemical store? NarcoPowders is the best place to order MDMA online, MDMA for sale online legally.\" \/>\n<meta name=\"robots\" content=\"index, follow, max-snippet:-1, max-image-preview:large, max-video-preview:-1\" \/>\n<link rel=\"canonical\" href=\"https:\/\/narcopowders.com\/ro\/produs\/cumpara-mdma-online\/\" \/>\n<meta property=\"og:locale\" content=\"ro_RO\" \/>\n<meta property=\"og:type\" content=\"article\" \/>\n<meta property=\"og:title\" content=\"Buy MDMA Online - MDMA for Sale Online | NarcoPowders\" \/>\n<meta property=\"og:description\" content=\"Do you want to buy MDMA online from a trustable chemical store? NarcoPowders is the best place to order MDMA online, MDMA for sale online legally.\" \/>\n<meta property=\"og:url\" content=\"https:\/\/narcopowders.com\/ro\/produs\/cumpara-mdma-online\/\" \/>\n<meta property=\"og:site_name\" content=\"Narco Powders\" \/>\n<meta property=\"article:modified_time\" content=\"2025-03-26T12:41:03+00:00\" \/>\n<meta property=\"og:image\" content=\"https:\/\/narcopowders.com\/wp-content\/uploads\/2024\/05\/MDMA.gif\" \/>\n\t<meta property=\"og:image:width\" content=\"600\" \/>\n\t<meta property=\"og:image:height\" content=\"600\" \/>\n\t<meta property=\"og:image:type\" content=\"image\/gif\" \/>\n<meta name=\"twitter:card\" content=\"summary_large_image\" \/>\n<meta name=\"twitter:label1\" content=\"Timp estimat pentru citire\" \/>\n\t<meta name=\"twitter:data1\" content=\"2 minute\" \/>\n<!-- \/ Yoast SEO plugin. -->","yoast_head_json":{"title":"Cump\u0103ra\u021bi MDMA online - MDMA de v\u00e2nzare online | NarcoPowders","description":"Dori\u021bi s\u0103 cump\u0103ra\u021bi MDMA online de la un magazin chimic de \u00eencredere? NarcoPowders este cel mai bun loc pentru a comanda MDMA online, MDMA de v\u00e2nzare online \u00een mod legal.","robots":{"index":"index","follow":"follow","max-snippet":"max-snippet:-1","max-image-preview":"max-image-preview:large","max-video-preview":"max-video-preview:-1"},"canonical":"https:\/\/narcopowders.com\/ro\/produs\/cumpara-mdma-online\/","og_locale":"ro_RO","og_type":"article","og_title":"Buy MDMA Online - MDMA for Sale Online | NarcoPowders","og_description":"Do you want to buy MDMA online from a trustable chemical store? NarcoPowders is the best place to order MDMA online, MDMA for sale online legally.","og_url":"https:\/\/narcopowders.com\/ro\/produs\/cumpara-mdma-online\/","og_site_name":"Narco Powders","article_modified_time":"2025-03-26T12:41:03+00:00","og_image":[{"width":600,"height":600,"url":"https:\/\/narcopowders.com\/wp-content\/uploads\/2024\/05\/MDMA.gif","type":"image\/gif"}],"twitter_card":"summary_large_image","twitter_misc":{"Timp estimat pentru citire":"2 minute"},"schema":{"@context":"https:\/\/schema.org","@graph":[{"@type":"WebPage","@id":"https:\/\/narcopowders.com\/product\/buy-mdma-online\/","url":"https:\/\/narcopowders.com\/product\/buy-mdma-online\/","name":"Cump\u0103ra\u021bi MDMA online - MDMA de v\u00e2nzare online | NarcoPowders","isPartOf":{"@id":"https:\/\/narcopowders.com\/#website"},"primaryImageOfPage":{"@id":"https:\/\/narcopowders.com\/product\/buy-mdma-online\/#primaryimage"},"image":{"@id":"https:\/\/narcopowders.com\/product\/buy-mdma-online\/#primaryimage"},"thumbnailUrl":"https:\/\/narcopowders.com\/wp-content\/uploads\/2024\/05\/MDMA.gif","datePublished":"2024-05-23T06:15:37+00:00","dateModified":"2025-03-26T12:41:03+00:00","description":"Dori\u021bi s\u0103 cump\u0103ra\u021bi MDMA online de la un magazin chimic de \u00eencredere? NarcoPowders este cel mai bun loc pentru a comanda MDMA online, MDMA de v\u00e2nzare online \u00een mod legal.","breadcrumb":{"@id":"https:\/\/narcopowders.com\/product\/buy-mdma-online\/#breadcrumb"},"inLanguage":"ro-RO","potentialAction":[{"@type":"ReadAction","target":["https:\/\/narcopowders.com\/product\/buy-mdma-online\/"]}]},{"@type":"ImageObject","inLanguage":"ro-RO","@id":"https:\/\/narcopowders.com\/product\/buy-mdma-online\/#primaryimage","url":"https:\/\/narcopowders.com\/wp-content\/uploads\/2024\/05\/MDMA.gif","contentUrl":"https:\/\/narcopowders.com\/wp-content\/uploads\/2024\/05\/MDMA.gif","width":600,"height":600,"caption":"Buy MDMA Online"},{"@type":"BreadcrumbList","@id":"https:\/\/narcopowders.com\/product\/buy-mdma-online\/#breadcrumb","itemListElement":[{"@type":"ListItem","position":1,"name":"Home","item":"https:\/\/narcopowders.com\/"},{"@type":"ListItem","position":2,"name":"Shop Page","item":"https:\/\/narcopowders.com\/shop\/"},{"@type":"ListItem","position":3,"name":"Buy MDMA Online"}]},{"@type":"WebSite","@id":"https:\/\/narcopowders.com\/#website","url":"https:\/\/narcopowders.com\/","name":"Pulberi narcotice","description":"Blogul meu WordPress","potentialAction":[{"@type":"SearchAction","target":{"@type":"EntryPoint","urlTemplate":"https:\/\/narcopowders.com\/?s={search_term_string}"},"query-input":{"@type":"PropertyValueSpecification","valueRequired":true,"valueName":"search_term_string"}}],"inLanguage":"ro-RO"}]}},"_links":{"self":[{"href":"https:\/\/narcopowders.com\/ro\/wp-json\/wp\/v2\/product\/20812","targetHints":{"allow":["GET"]}}],"collection":[{"href":"https:\/\/narcopowders.com\/ro\/wp-json\/wp\/v2\/product"}],"about":[{"href":"https:\/\/narcopowders.com\/ro\/wp-json\/wp\/v2\/types\/product"}],"replies":[{"embeddable":true,"href":"https:\/\/narcopowders.com\/ro\/wp-json\/wp\/v2\/comments?post=20812"}],"wp:featuredmedia":[{"embeddable":true,"href":"https:\/\/narcopowders.com\/ro\/wp-json\/wp\/v2\/media\/21294"}],"wp:attachment":[{"href":"https:\/\/narcopowders.com\/ro\/wp-json\/wp\/v2\/media?parent=20812"}],"wp:term":[{"taxonomy":"product_brand","embeddable":true,"href":"https:\/\/narcopowders.com\/ro\/wp-json\/wp\/v2\/product_brand?post=20812"},{"taxonomy":"product_cat","embeddable":true,"href":"https:\/\/narcopowders.com\/ro\/wp-json\/wp\/v2\/product_cat?post=20812"},{"taxonomy":"product_tag","embeddable":true,"href":"https:\/\/narcopowders.com\/ro\/wp-json\/wp\/v2\/product_tag?post=20812"}],"curies":[{"name":"wp","href":"https:\/\/api.w.org\/{rel}","templated":true}]}}