{"id":20881,"date":"2024-05-23T06:16:01","date_gmt":"2024-05-23T06:16:01","guid":{"rendered":"https:\/\/narcopowders.com\/?post_type=product&#038;p=20881"},"modified":"2025-03-26T12:31:28","modified_gmt":"2025-03-26T12:31:28","slug":"buy-eutylone-online","status":"publish","type":"product","link":"https:\/\/narcopowders.com\/ro\/produs\/cumpara-eutylone-online\/","title":{"rendered":"Cump\u0103ra\u021bi EUTYLONE online"},"content":{"rendered":"<h2><strong>Cump\u0103ra\u021bi Eutylone Online<\/strong><\/h2>\n<p><a href=\"https:\/\/narcopowders.com\/ro\/\">Narcopowders<\/a> is a leading platform where you can <a href=\"https:\/\/narcopowders.com\/ro\/produs\/cumpara-eutylone-online\/\">buy Eutylone online<\/a>... f\u0103r\u0103 a \u00eent\u00e2mpina niciun fel de probleme. Fiind un furnizor de \u00eencredere de Eutylone (clorhidrat), vom \u00eencerca s\u0103 ne ocup\u0103m de toate nevoile dumneavoastr\u0103.<\/p>\n<p>Eutylone de v\u00e2nzare este un medicament de designer unic de tip stimulant numit eutylone, care a fost creat \u00een 1960. Acesta spore\u0219te experien\u021bele euforice \u0219i \u00eembun\u0103t\u0103\u021be\u0219te func\u021bia creierului la om. Medicamentul a fost folosit \u00een scop recrea\u021bional \u0219i pentru a trata o gam\u0103 larg\u0103 de boli. Este de obicei de culoare galben pal \u0219i apare sub form\u0103 de cristale. \u03b2-Keto-1, 3-benzodioxole-N-metilbutanamina este denumirea chimic\u0103 a medicamentului, \u00een timp ce C13H17NO3 este formula sa molecular\u0103. Eutylone are o greutate molecular\u0103 de 235,278 g\/mol. \u00cen formele sale cele mai pure, cristalele de euthylone au o puritate de 97-98%.<\/p>\n<p><a href=\"https:\/\/duckduckgo.com\/?q=Buy+Eutylone+Online&amp;t=h_&amp;ia=web\">Purchase Eutylone online<\/a>, a medication that has characteristics with <a href=\"https:\/\/www.google.com\/search?q=Buy+Eutylone+Online&amp;sca_esv=16def464f60f9903&amp;sxsrf=AHTn8zpF1aSO4rFCm6dFMRC0UGovrZP6Ug%3A1742991950664&amp;ei=TvLjZ7ahKKi_0PEPx_OSsQI&amp;ved=0ahUKEwi2gMOA36eMAxWoHzQIHce5JCYQ4dUDCBA&amp;uact=5&amp;oq=Buy+Eutylone+Online&amp;gs_lp=Egxnd3Mtd2l6LXNlcnAiE0J1eSBFdXR5bG9uZSBPbmxpbmVI9AZQiwNYiwNwAXgAkAEAmAGFA6ABhQOqAQMzLTG4AQPIAQD4AQL4AQGYAgCgAgCYAwCIBgGSBwCgB0eyBwC4BwA&amp;sclient=gws-wiz-serp\">Ethylone<\/a> and is classified as a cathinone. Because of its stimulating properties, it affects how the the body&#8217;s central nerve system.<\/p>\n<p>Medicamentul este p\u0103strat \u00eentr-un mediu rece, cu o temperatur\u0103 tipic\u0103 de 20-25 grade Celsius \u0219i f\u0103r\u0103 semne de umiditate.<\/p>\n<p>Eutylone is available for purchase through our online store, Narcopowders, and can be used as a <a href=\"https:\/\/www.bing.com\/search?q=Buy%20Eutylone%20Online&amp;qs=n&amp;form=QBRE&amp;sp=-1&amp;lq=0&amp;pq=buy%20eutylone%20online&amp;sc=0-19&amp;sk=&amp;cvid=48E10A6CF37F4DCE9A7893D18BDA464F&amp;ghsh=0&amp;ghacc=0&amp;ghpl=\">chimie de cercetare<\/a> or pharmaceutical. We provide discreet shipping services and have global shipping capabilities.<\/p>\n<p><a href=\"https:\/\/en.wikipedia.org\/wiki\/Eutylone\">Purchase Eutylone online<\/a> Cump\u0103ra\u021bi Eutylone online, deoarece ac\u021bioneaz\u0103 ca un stimulent asupra sistemului neurologic al organismului. Acesta poate intensifica sentimentele de euforie \u0219i dorin\u021ba de a se angaja \u00eentr-o activitate fizic\u0103 excesiv\u0103. Efectele pe termen scurt includ pierderea controlului motor \u0219i mi\u0219carea incontrolabil\u0103 a corpului; repercusiunile pe termen lung includ dependen\u021ba \u0219i anxietatea.<\/p>\n<p>Achizi\u021bionarea de produse chimice de cercetare online de pe site-ul nostru este sigur\u0103 \u0219i practic\u0103. \u00cen mod obi\u0219nuit, men\u021binem securitatea tuturor informa\u021biilor despre clien\u021bi \u00een sistemul nostru \u0219i garant\u0103m, de asemenea, siguran\u021ba tuturor tranzac\u021biilor de plat\u0103. Ne asigur\u0103m \u00een mod constant c\u0103 nu exist\u0103 contaminan\u021bi \u00een niciunul dintre produsele oferite \u00eenainte de a expedia substan\u021bele chimice la u\u0219a dumneavoastr\u0103.<\/p>","protected":false},"excerpt":{"rendered":"<p>Buy Eutylone Online Narcopowders is a leading platform where you can buy Eutylone online. without facing any kind of hassle. Being a reliable vendor and supplier of Eutylone (hydrochloride) we will try to take care of all your needs. Eutylone for sale is a unique stimulant-type designer medicine called eutylone, which was created in 1960. [&hellip;]<\/p>","protected":false},"featured_media":21288,"comment_status":"open","ping_status":"closed","template":"","meta":{"_joinchat":[]},"product_brand":[],"product_cat":[1724,1538],"product_tag":[],"class_list":{"0":"post-20881","1":"product","2":"type-product","3":"status-publish","4":"has-post-thumbnail","6":"product_cat-research-chemicals","7":"product_cat-cannabinoids","9":"first","10":"instock","11":"shipping-taxable","12":"purchasable","13":"product-type-variable","14":"add-to-wishlist-after_add_to_cart"},"yoast_head":"<!-- This site is optimized with the Yoast SEO plugin v25.9 - https:\/\/yoast.com\/wordpress\/plugins\/seo\/ -->\n<title>Buy Eutylone Online - Eutylone for Sale - Order Eutylone Online<\/title>\n<meta name=\"description\" content=\"If you are willing to get eutylone for sale, then we are the right choice for you. Our staff members will help you buy eutylone online at cheap rates. Place your order with us!\" \/>\n<meta name=\"robots\" content=\"index, follow, max-snippet:-1, max-image-preview:large, max-video-preview:-1\" \/>\n<link rel=\"canonical\" href=\"https:\/\/narcopowders.com\/ro\/produs\/cumpara-eutylone-online\/\" \/>\n<meta property=\"og:locale\" content=\"ro_RO\" \/>\n<meta property=\"og:type\" content=\"article\" \/>\n<meta property=\"og:title\" content=\"Buy Eutylone Online - Eutylone for Sale - Order Eutylone Online\" \/>\n<meta property=\"og:description\" content=\"If you are willing to get eutylone for sale, then we are the right choice for you. Our staff members will help you buy eutylone online at cheap rates. Place your order with us!\" \/>\n<meta property=\"og:url\" content=\"https:\/\/narcopowders.com\/ro\/produs\/cumpara-eutylone-online\/\" \/>\n<meta property=\"og:site_name\" content=\"Narco Powders\" \/>\n<meta property=\"article:modified_time\" content=\"2025-03-26T12:31:28+00:00\" \/>\n<meta property=\"og:image\" content=\"https:\/\/narcopowders.com\/wp-content\/uploads\/2024\/05\/EUTYLONE.gif\" \/>\n\t<meta property=\"og:image:width\" content=\"600\" \/>\n\t<meta property=\"og:image:height\" content=\"600\" \/>\n\t<meta property=\"og:image:type\" content=\"image\/gif\" \/>\n<meta name=\"twitter:card\" content=\"summary_large_image\" \/>\n<meta name=\"twitter:label1\" content=\"Timp estimat pentru citire\" \/>\n\t<meta name=\"twitter:data1\" content=\"2 minute\" \/>\n<!-- \/ Yoast SEO plugin. -->","yoast_head_json":{"title":"Cumpara Eutylone Online - Eutylone de v\u00e2nzare - Comanda Eutylone Online","description":"Dac\u0103 sunte\u021bi dispus s\u0103 ob\u021bine\u021bi eutylone de v\u00e2nzare, atunci suntem alegerea potrivit\u0103 pentru dvs. Membrii personalului nostru v\u0103 vor ajuta s\u0103 cump\u0103ra\u021bi eutylone online la pre\u021buri ieftine. Plasa\u021bi comanda dvs. cu noi!","robots":{"index":"index","follow":"follow","max-snippet":"max-snippet:-1","max-image-preview":"max-image-preview:large","max-video-preview":"max-video-preview:-1"},"canonical":"https:\/\/narcopowders.com\/ro\/produs\/cumpara-eutylone-online\/","og_locale":"ro_RO","og_type":"article","og_title":"Buy Eutylone Online - Eutylone for Sale - Order Eutylone Online","og_description":"If you are willing to get eutylone for sale, then we are the right choice for you. Our staff members will help you buy eutylone online at cheap rates. Place your order with us!","og_url":"https:\/\/narcopowders.com\/ro\/produs\/cumpara-eutylone-online\/","og_site_name":"Narco Powders","article_modified_time":"2025-03-26T12:31:28+00:00","og_image":[{"width":600,"height":600,"url":"https:\/\/narcopowders.com\/wp-content\/uploads\/2024\/05\/EUTYLONE.gif","type":"image\/gif"}],"twitter_card":"summary_large_image","twitter_misc":{"Timp estimat pentru citire":"2 minute"},"schema":{"@context":"https:\/\/schema.org","@graph":[{"@type":"WebPage","@id":"https:\/\/narcopowders.com\/product\/buy-eutylone-online\/","url":"https:\/\/narcopowders.com\/product\/buy-eutylone-online\/","name":"Cumpara Eutylone Online - Eutylone de v\u00e2nzare - Comanda Eutylone Online","isPartOf":{"@id":"https:\/\/narcopowders.com\/#website"},"primaryImageOfPage":{"@id":"https:\/\/narcopowders.com\/product\/buy-eutylone-online\/#primaryimage"},"image":{"@id":"https:\/\/narcopowders.com\/product\/buy-eutylone-online\/#primaryimage"},"thumbnailUrl":"https:\/\/narcopowders.com\/wp-content\/uploads\/2024\/05\/EUTYLONE.gif","datePublished":"2024-05-23T06:16:01+00:00","dateModified":"2025-03-26T12:31:28+00:00","description":"Dac\u0103 sunte\u021bi dispus s\u0103 ob\u021bine\u021bi eutylone de v\u00e2nzare, atunci suntem alegerea potrivit\u0103 pentru dvs. Membrii personalului nostru v\u0103 vor ajuta s\u0103 cump\u0103ra\u021bi eutylone online la pre\u021buri ieftine. Plasa\u021bi comanda dvs. cu noi!","breadcrumb":{"@id":"https:\/\/narcopowders.com\/product\/buy-eutylone-online\/#breadcrumb"},"inLanguage":"ro-RO","potentialAction":[{"@type":"ReadAction","target":["https:\/\/narcopowders.com\/product\/buy-eutylone-online\/"]}]},{"@type":"ImageObject","inLanguage":"ro-RO","@id":"https:\/\/narcopowders.com\/product\/buy-eutylone-online\/#primaryimage","url":"https:\/\/narcopowders.com\/wp-content\/uploads\/2024\/05\/EUTYLONE.gif","contentUrl":"https:\/\/narcopowders.com\/wp-content\/uploads\/2024\/05\/EUTYLONE.gif","width":600,"height":600,"caption":"Buy EUTYLONE Online"},{"@type":"BreadcrumbList","@id":"https:\/\/narcopowders.com\/product\/buy-eutylone-online\/#breadcrumb","itemListElement":[{"@type":"ListItem","position":1,"name":"Home","item":"https:\/\/narcopowders.com\/"},{"@type":"ListItem","position":2,"name":"Shop Page","item":"https:\/\/narcopowders.com\/shop\/"},{"@type":"ListItem","position":3,"name":"Buy EUTYLONE Online"}]},{"@type":"WebSite","@id":"https:\/\/narcopowders.com\/#website","url":"https:\/\/narcopowders.com\/","name":"Pulberi narcotice","description":"Blogul meu WordPress","potentialAction":[{"@type":"SearchAction","target":{"@type":"EntryPoint","urlTemplate":"https:\/\/narcopowders.com\/?s={search_term_string}"},"query-input":{"@type":"PropertyValueSpecification","valueRequired":true,"valueName":"search_term_string"}}],"inLanguage":"ro-RO"}]}},"_links":{"self":[{"href":"https:\/\/narcopowders.com\/ro\/wp-json\/wp\/v2\/product\/20881","targetHints":{"allow":["GET"]}}],"collection":[{"href":"https:\/\/narcopowders.com\/ro\/wp-json\/wp\/v2\/product"}],"about":[{"href":"https:\/\/narcopowders.com\/ro\/wp-json\/wp\/v2\/types\/product"}],"replies":[{"embeddable":true,"href":"https:\/\/narcopowders.com\/ro\/wp-json\/wp\/v2\/comments?post=20881"}],"wp:featuredmedia":[{"embeddable":true,"href":"https:\/\/narcopowders.com\/ro\/wp-json\/wp\/v2\/media\/21288"}],"wp:attachment":[{"href":"https:\/\/narcopowders.com\/ro\/wp-json\/wp\/v2\/media?parent=20881"}],"wp:term":[{"taxonomy":"product_brand","embeddable":true,"href":"https:\/\/narcopowders.com\/ro\/wp-json\/wp\/v2\/product_brand?post=20881"},{"taxonomy":"product_cat","embeddable":true,"href":"https:\/\/narcopowders.com\/ro\/wp-json\/wp\/v2\/product_cat?post=20881"},{"taxonomy":"product_tag","embeddable":true,"href":"https:\/\/narcopowders.com\/ro\/wp-json\/wp\/v2\/product_tag?post=20881"}],"curies":[{"name":"wp","href":"https:\/\/api.w.org\/{rel}","templated":true}]}}