{"id":21031,"date":"2024-05-23T06:16:45","date_gmt":"2024-05-23T06:16:45","guid":{"rendered":"https:\/\/narcopowders.com\/?post_type=product&#038;p=21031"},"modified":"2024-05-24T09:48:18","modified_gmt":"2024-05-24T09:48:18","slug":"buy-5cakb-48-online","status":"publish","type":"product","link":"https:\/\/narcopowders.com\/ro\/produs\/buy-5cakb-48-online\/","title":{"rendered":"Cump\u0103ra\u021bi 5CAKB-48 online"},"content":{"rendered":"<h2><strong>Cump\u0103ra\u021bi 5CAKB-48 online<\/strong><\/h2>\n<p>Cump\u0103ra\u021bi 5CAKB-48, o versiune mai puternic\u0103 a AKB-48 care interac\u021bioneaz\u0103 cu receptorii canabinoizi \u0219i care este un ingredient principal \u00een multe amestecuri artificiale de canabis. Deoarece are o grupare indazol substituit\u0103, 5F-AKB48, cunoscut \u0219i sub numele de N-(adamantan-1-il)-1-(5-fluoropentil)-1H-indazol-3-carboxamid\u0103, este un canabinoid indazolic sintetic<a href=\"https:\/\/narcopowders.com\/ro\/product-category\/cannabinoids\/\">.<\/a><\/p>\n<p>La fel ca \u00een cazul 5F-PB-22, aceast\u0103 frac\u021biune indazol este \u00eenlocuit\u0103 la R1 cu o caten\u0103 fluoropentil\u0103. O grupare carboxamid\u0103 este, de asemenea, ad\u0103ugat\u0103 la indazol \u00een pozi\u021bia R3. Aceast\u0103 grupare carboxamid\u0103 are o grupare adamantan\u0103 N-substituit\u0103 la gruparea amin\u0103 terminal\u0103. Aceast\u0103 grupare are o structur\u0103 special\u0103 cunoscut\u0103 sub numele de diamondoid, care este format\u0103 din patru inele ciclohexanice fuzionate. \u00cen 5F-AKB48, un omolog al STS-135, se utilizeaz\u0103 o baz\u0103 de indazol pentru a \u00eenlocui structura principal\u0103 de indol.<\/p>\n<p>Magazin online pentru 5CAKB-48 Pe baza cercet\u0103rilor structurale, se presupune c\u0103 5F-AKB48 \u00eemp\u0103rt\u0103\u0219e\u0219te multe dintre caracteristicile in vivo ale \u03949-THC \u0219i are un profil de legare similar cu alte canabinoide, de\u0219i nu a fost examinat pe deplin. Dar este \u00eenc\u0103 neclar ce includ aceste interac\u021biuni \u0219i cum contribuie ele la senza\u021bia de a fi drogat cu canabis<a href=\"https:\/\/en.wikipedia.org\/wiki\/Synthetic_cannabinoids#Synthetic_cannabinoid_products\">.<\/a><\/p>\n<p>Magazin online pentru 5F-AKB48 Efectele enumerate mai jos sunt derivate din experien\u021bele proprii ale autorilor \u0219i din indexul efectelor subiective de pe PsychonautWiki. Este important de re\u021binut c\u0103 efectele indicate nu sunt garantate s\u0103 apar\u0103 toate deodat\u0103 \u0219i trebuie privite cu precau\u021bie. Cu toate acestea, dozele mai mari vor cre\u0219te probabilitatea \u0219i vor spori probabilitatea de a experimenta \u00eentreaga gam\u0103 de simptome.<\/p>\n<p>5C-AKB48 este adecvat pentru investiga\u021bii similare privind modul \u00een care agoni\u0219tii interzise afecteaz\u0103 receptorii CB2. 5C-AKB48 este furnizat de BAC numai \u00een scopuri de cercetare. Nu este destinat consumului uman sau utiliz\u0103rii \u00een scop recreativ. Acest site este destinat exclusiv utilizatorilor adul\u021bi. Este necesar ca vizitatorii acestui site s\u0103 aib\u0103 cel pu\u021bin 18 ani. Nimeni sub v\u00e2rsta de optsprezece ani nu poate cump\u0103ra niciunul dintre produsele noastre.<\/p>\n<p>Achizi\u021biona\u021bi 5F-AKB48 Online Garant\u0103m produse de cea mai \u00eenalt\u0103 calitate cu fiecare comand\u0103, livrate \u00een orice loca\u021bie din lume, datorit\u0103 echipei noastre de cercetare \u0219i dezvoltare calificate \u0219i procedurilor stricte de control al calit\u0103\u021bii. \u00cen primul r\u00e2nd, clien\u021bii \u0219i reputa\u021bia \u00een orice moment. Cu calitatea noastr\u0103 superioar\u0103, dar \u0219i pentru credibilitate, dup\u0103 care putem stabili \u00een mod eficient o leg\u0103tur\u0103 reciproc avantajoas\u0103 pe termen lung.<\/p>\n<p>Cump\u0103ra\u021bi 5F-AKB48 Online Scopul nostru este de a oferi cea mai larg\u0103 gam\u0103 de produse chimice de cercetare de \u00eenalt\u0103 calitate, CANNABINOID, CANNABIS-MARIJUANA \u0219i s\u0103ruri, cu accent pe calitatea lor mare, valoarea remarcabil\u0103 \u0219i serviciul nostru excep\u021bional pentru clien\u021bi. Lucr\u0103m din greu pentru a ne ajuta clien\u021bii no\u0219tri \u00een orice mod posibil, deoarece credem cu adev\u0103rat c\u0103 satisfac\u021bia lor este esen\u021bial\u0103 pentru succesul afacerii noastre. calitate excelent\u0103 \u0219i reputa\u021bie solid\u0103, c\u00e2\u0219tig\u0103m pia\u021ba, Cump\u0103ra\u021bi 5CAKB-48.<br \/>\nClien\u021bii no\u0219tri achizi\u021bioneaz\u0103 bunuri de la noi pentru mai mult dec\u00e2t pentru pre\u021buri corecte.<\/p>","protected":false},"excerpt":{"rendered":"<p>Purchase 5CAKB-48 Online Buy 5CAKB-48, a stronger version of AKB-48 that interacts with cannabinoid receptors and is a main ingredient in a lot of artificial cannabis mixes. Because it has a substituted indazole group, 5F-AKB48, also known as N-(adamantan-1-yl)-1-(5-fluoropentyl)-1H-indazole-3-carboxamide, is a synthetic indazole cannabinoid. Similar to 5F-PB-22, this indazole moiety is replaced at R1 with [&hellip;]<\/p>","protected":false},"featured_media":21270,"comment_status":"open","ping_status":"closed","template":"","meta":{"_joinchat":[]},"product_brand":[],"product_cat":[1538],"product_tag":[],"class_list":{"0":"post-21031","1":"product","2":"type-product","3":"status-publish","4":"has-post-thumbnail","6":"product_cat-cannabinoids","8":"first","9":"instock","10":"shipping-taxable","11":"purchasable","12":"product-type-variable","13":"add-to-wishlist-after_add_to_cart"},"yoast_head":"<!-- This site is optimized with the Yoast SEO plugin v25.9 - https:\/\/yoast.com\/wordpress\/plugins\/seo\/ -->\n<title>Buy 5CAKB-48<\/title>\n<meta name=\"description\" content=\"Buy 5CAKB-48, If you are looking for 5F-AKB48 powder, 5F-APINACA or AKB-48F then you have come to the right place! 5C-AKB48 is a synthetic cannabinoid.\" \/>\n<meta name=\"robots\" content=\"index, follow, max-snippet:-1, max-image-preview:large, max-video-preview:-1\" \/>\n<link rel=\"canonical\" href=\"https:\/\/narcopowders.com\/ro\/produs\/buy-5cakb-48-online\/\" \/>\n<meta property=\"og:locale\" content=\"ro_RO\" \/>\n<meta property=\"og:type\" content=\"article\" \/>\n<meta property=\"og:title\" content=\"Buy 5CAKB-48\" \/>\n<meta property=\"og:description\" content=\"Buy 5CAKB-48, If you are looking for 5F-AKB48 powder, 5F-APINACA or AKB-48F then you have come to the right place! 5C-AKB48 is a synthetic cannabinoid.\" \/>\n<meta property=\"og:url\" content=\"https:\/\/narcopowders.com\/ro\/produs\/buy-5cakb-48-online\/\" \/>\n<meta property=\"og:site_name\" content=\"Narco Powders\" \/>\n<meta property=\"article:modified_time\" content=\"2024-05-24T09:48:18+00:00\" \/>\n<meta property=\"og:image\" content=\"https:\/\/narcopowders.com\/wp-content\/uploads\/2024\/05\/5cakb48.gif\" \/>\n\t<meta property=\"og:image:width\" content=\"600\" \/>\n\t<meta property=\"og:image:height\" content=\"600\" \/>\n\t<meta property=\"og:image:type\" content=\"image\/gif\" \/>\n<meta name=\"twitter:card\" content=\"summary_large_image\" \/>\n<meta name=\"twitter:label1\" content=\"Timp estimat pentru citire\" \/>\n\t<meta name=\"twitter:data1\" content=\"3 minute\" \/>\n<!-- \/ Yoast SEO plugin. -->","yoast_head_json":{"title":"Cump\u0103ra\u021bi 5CAKB-48","description":"Cump\u0103ra\u021bi 5CAKB-48, Dac\u0103 sunte\u021bi \u00een c\u0103utarea pulberii 5F-AKB48, 5F-APINACA sau AKB-48F, atunci a\u021bi ajuns la locul potrivit! 5C-AKB48 este un canabinoid sintetic.","robots":{"index":"index","follow":"follow","max-snippet":"max-snippet:-1","max-image-preview":"max-image-preview:large","max-video-preview":"max-video-preview:-1"},"canonical":"https:\/\/narcopowders.com\/ro\/produs\/buy-5cakb-48-online\/","og_locale":"ro_RO","og_type":"article","og_title":"Buy 5CAKB-48","og_description":"Buy 5CAKB-48, If you are looking for 5F-AKB48 powder, 5F-APINACA or AKB-48F then you have come to the right place! 5C-AKB48 is a synthetic cannabinoid.","og_url":"https:\/\/narcopowders.com\/ro\/produs\/buy-5cakb-48-online\/","og_site_name":"Narco Powders","article_modified_time":"2024-05-24T09:48:18+00:00","og_image":[{"width":600,"height":600,"url":"https:\/\/narcopowders.com\/wp-content\/uploads\/2024\/05\/5cakb48.gif","type":"image\/gif"}],"twitter_card":"summary_large_image","twitter_misc":{"Timp estimat pentru citire":"3 minute"},"schema":{"@context":"https:\/\/schema.org","@graph":[{"@type":"WebPage","@id":"https:\/\/narcopowders.com\/product\/buy-5cakb-48-online\/","url":"https:\/\/narcopowders.com\/product\/buy-5cakb-48-online\/","name":"Cump\u0103ra\u021bi 5CAKB-48","isPartOf":{"@id":"https:\/\/narcopowders.com\/#website"},"primaryImageOfPage":{"@id":"https:\/\/narcopowders.com\/product\/buy-5cakb-48-online\/#primaryimage"},"image":{"@id":"https:\/\/narcopowders.com\/product\/buy-5cakb-48-online\/#primaryimage"},"thumbnailUrl":"https:\/\/narcopowders.com\/wp-content\/uploads\/2024\/05\/5cakb48.gif","datePublished":"2024-05-23T06:16:45+00:00","dateModified":"2024-05-24T09:48:18+00:00","description":"Cump\u0103ra\u021bi 5CAKB-48, Dac\u0103 sunte\u021bi \u00een c\u0103utarea pulberii 5F-AKB48, 5F-APINACA sau AKB-48F, atunci a\u021bi ajuns la locul potrivit! 5C-AKB48 este un canabinoid sintetic.","breadcrumb":{"@id":"https:\/\/narcopowders.com\/product\/buy-5cakb-48-online\/#breadcrumb"},"inLanguage":"ro-RO","potentialAction":[{"@type":"ReadAction","target":["https:\/\/narcopowders.com\/product\/buy-5cakb-48-online\/"]}]},{"@type":"ImageObject","inLanguage":"ro-RO","@id":"https:\/\/narcopowders.com\/product\/buy-5cakb-48-online\/#primaryimage","url":"https:\/\/narcopowders.com\/wp-content\/uploads\/2024\/05\/5cakb48.gif","contentUrl":"https:\/\/narcopowders.com\/wp-content\/uploads\/2024\/05\/5cakb48.gif","width":600,"height":600,"caption":"Buy 5CAKB-48 online"},{"@type":"BreadcrumbList","@id":"https:\/\/narcopowders.com\/product\/buy-5cakb-48-online\/#breadcrumb","itemListElement":[{"@type":"ListItem","position":1,"name":"Home","item":"https:\/\/narcopowders.com\/"},{"@type":"ListItem","position":2,"name":"Shop Page","item":"https:\/\/narcopowders.com\/shop\/"},{"@type":"ListItem","position":3,"name":"Buy 5CAKB-48 Online"}]},{"@type":"WebSite","@id":"https:\/\/narcopowders.com\/#website","url":"https:\/\/narcopowders.com\/","name":"Pulberi narcotice","description":"Blogul meu WordPress","potentialAction":[{"@type":"SearchAction","target":{"@type":"EntryPoint","urlTemplate":"https:\/\/narcopowders.com\/?s={search_term_string}"},"query-input":{"@type":"PropertyValueSpecification","valueRequired":true,"valueName":"search_term_string"}}],"inLanguage":"ro-RO"}]}},"_links":{"self":[{"href":"https:\/\/narcopowders.com\/ro\/wp-json\/wp\/v2\/product\/21031","targetHints":{"allow":["GET"]}}],"collection":[{"href":"https:\/\/narcopowders.com\/ro\/wp-json\/wp\/v2\/product"}],"about":[{"href":"https:\/\/narcopowders.com\/ro\/wp-json\/wp\/v2\/types\/product"}],"replies":[{"embeddable":true,"href":"https:\/\/narcopowders.com\/ro\/wp-json\/wp\/v2\/comments?post=21031"}],"wp:featuredmedia":[{"embeddable":true,"href":"https:\/\/narcopowders.com\/ro\/wp-json\/wp\/v2\/media\/21270"}],"wp:attachment":[{"href":"https:\/\/narcopowders.com\/ro\/wp-json\/wp\/v2\/media?parent=21031"}],"wp:term":[{"taxonomy":"product_brand","embeddable":true,"href":"https:\/\/narcopowders.com\/ro\/wp-json\/wp\/v2\/product_brand?post=21031"},{"taxonomy":"product_cat","embeddable":true,"href":"https:\/\/narcopowders.com\/ro\/wp-json\/wp\/v2\/product_cat?post=21031"},{"taxonomy":"product_tag","embeddable":true,"href":"https:\/\/narcopowders.com\/ro\/wp-json\/wp\/v2\/product_tag?post=21031"}],"curies":[{"name":"wp","href":"https:\/\/api.w.org\/{rel}","templated":true}]}}