{"id":21202,"date":"2024-05-23T06:17:34","date_gmt":"2024-05-23T06:17:34","guid":{"rendered":"https:\/\/narcopowders.com\/?post_type=product&#038;p=21202"},"modified":"2024-05-24T10:32:02","modified_gmt":"2024-05-24T10:32:02","slug":"buy-jwh021-online","status":"publish","type":"product","link":"https:\/\/narcopowders.com\/ro\/produs\/buy-jwh021-online\/","title":{"rendered":"Cump\u0103ra\u021bi Jwh021 online"},"content":{"rendered":"<p>&nbsp;<\/p>\n<p>&nbsp;<\/p>","protected":false},"excerpt":{"rendered":"<p>&nbsp; &nbsp;<\/p>","protected":false},"featured_media":21246,"comment_status":"open","ping_status":"closed","template":"","meta":{"_joinchat":[]},"product_brand":[],"product_cat":[1724],"product_tag":[],"class_list":{"0":"post-21202","1":"product","2":"type-product","3":"status-publish","4":"has-post-thumbnail","6":"product_cat-research-chemicals","8":"first","9":"instock","10":"shipping-taxable","11":"purchasable","12":"product-type-variable","13":"add-to-wishlist-after_add_to_cart"},"yoast_head":"<!-- This site is optimized with the Yoast SEO plugin v25.9 - https:\/\/yoast.com\/wordpress\/plugins\/seo\/ -->\n<title>Buy Jwh021 Online - Jwh021 Powder for Sale - Order Jwh021<\/title>\n<meta name=\"description\" content=\"Looking for high-quality Jwh021 powder for sale online legally? NarcoPowders is the best chemical shop to buy Jwh021 online. Order Jwh021 Now!\" \/>\n<meta name=\"robots\" content=\"index, follow, max-snippet:-1, max-image-preview:large, max-video-preview:-1\" \/>\n<link rel=\"canonical\" href=\"https:\/\/narcopowders.com\/ro\/produs\/buy-jwh021-online\/\" \/>\n<meta property=\"og:locale\" content=\"ro_RO\" \/>\n<meta property=\"og:type\" content=\"article\" \/>\n<meta property=\"og:title\" content=\"Buy Jwh021 Online - Jwh021 Powder for Sale - Order Jwh021\" \/>\n<meta property=\"og:description\" content=\"Looking for high-quality Jwh021 powder for sale online legally? NarcoPowders is the best chemical shop to buy Jwh021 online. Order Jwh021 Now!\" \/>\n<meta property=\"og:url\" content=\"https:\/\/narcopowders.com\/ro\/produs\/buy-jwh021-online\/\" \/>\n<meta property=\"og:site_name\" content=\"Narco Powders\" \/>\n<meta property=\"article:modified_time\" content=\"2024-05-24T10:32:02+00:00\" \/>\n<meta property=\"og:image\" content=\"https:\/\/narcopowders.com\/wp-content\/uploads\/2024\/05\/Jwh021.gif\" \/>\n\t<meta property=\"og:image:width\" content=\"600\" \/>\n\t<meta property=\"og:image:height\" content=\"600\" \/>\n\t<meta property=\"og:image:type\" content=\"image\/gif\" \/>\n<meta name=\"twitter:card\" content=\"summary_large_image\" \/>\n<meta name=\"twitter:label1\" content=\"Timp estimat pentru citire\" \/>\n\t<meta name=\"twitter:data1\" content=\"1 minut\" \/>\n<!-- \/ Yoast SEO plugin. -->","yoast_head_json":{"title":"Cump\u0103ra\u021bi Jwh021 online - Jwh021 pulbere de v\u00e2nzare - Comanda\u021bi Jwh021","description":"C\u0103uta\u021bi pulbere Jwh021 de \u00eenalt\u0103 calitate pentru v\u00e2nzare online \u00een mod legal? NarcoPowders este cel mai bun magazin chimic pentru a cump\u0103ra Jwh021 online. Comanda\u021bi Jwh021 acum!","robots":{"index":"index","follow":"follow","max-snippet":"max-snippet:-1","max-image-preview":"max-image-preview:large","max-video-preview":"max-video-preview:-1"},"canonical":"https:\/\/narcopowders.com\/ro\/produs\/buy-jwh021-online\/","og_locale":"ro_RO","og_type":"article","og_title":"Buy Jwh021 Online - Jwh021 Powder for Sale - Order Jwh021","og_description":"Looking for high-quality Jwh021 powder for sale online legally? NarcoPowders is the best chemical shop to buy Jwh021 online. Order Jwh021 Now!","og_url":"https:\/\/narcopowders.com\/ro\/produs\/buy-jwh021-online\/","og_site_name":"Narco Powders","article_modified_time":"2024-05-24T10:32:02+00:00","og_image":[{"width":600,"height":600,"url":"https:\/\/narcopowders.com\/wp-content\/uploads\/2024\/05\/Jwh021.gif","type":"image\/gif"}],"twitter_card":"summary_large_image","twitter_misc":{"Timp estimat pentru citire":"1 minut"},"schema":{"@context":"https:\/\/schema.org","@graph":[{"@type":"WebPage","@id":"https:\/\/narcopowders.com\/product\/buy-jwh021-online\/","url":"https:\/\/narcopowders.com\/product\/buy-jwh021-online\/","name":"Cump\u0103ra\u021bi Jwh021 online - Jwh021 pulbere de v\u00e2nzare - Comanda\u021bi Jwh021","isPartOf":{"@id":"https:\/\/narcopowders.com\/#website"},"primaryImageOfPage":{"@id":"https:\/\/narcopowders.com\/product\/buy-jwh021-online\/#primaryimage"},"image":{"@id":"https:\/\/narcopowders.com\/product\/buy-jwh021-online\/#primaryimage"},"thumbnailUrl":"https:\/\/narcopowders.com\/wp-content\/uploads\/2024\/05\/Jwh021.gif","datePublished":"2024-05-23T06:17:34+00:00","dateModified":"2024-05-24T10:32:02+00:00","description":"C\u0103uta\u021bi pulbere Jwh021 de \u00eenalt\u0103 calitate pentru v\u00e2nzare online \u00een mod legal? NarcoPowders este cel mai bun magazin chimic pentru a cump\u0103ra Jwh021 online. Comanda\u021bi Jwh021 acum!","breadcrumb":{"@id":"https:\/\/narcopowders.com\/product\/buy-jwh021-online\/#breadcrumb"},"inLanguage":"ro-RO","potentialAction":[{"@type":"ReadAction","target":["https:\/\/narcopowders.com\/product\/buy-jwh021-online\/"]}]},{"@type":"ImageObject","inLanguage":"ro-RO","@id":"https:\/\/narcopowders.com\/product\/buy-jwh021-online\/#primaryimage","url":"https:\/\/narcopowders.com\/wp-content\/uploads\/2024\/05\/Jwh021.gif","contentUrl":"https:\/\/narcopowders.com\/wp-content\/uploads\/2024\/05\/Jwh021.gif","width":600,"height":600,"caption":"Buy Jwh021 Online"},{"@type":"BreadcrumbList","@id":"https:\/\/narcopowders.com\/product\/buy-jwh021-online\/#breadcrumb","itemListElement":[{"@type":"ListItem","position":1,"name":"Home","item":"https:\/\/narcopowders.com\/"},{"@type":"ListItem","position":2,"name":"Shop Page","item":"https:\/\/narcopowders.com\/shop\/"},{"@type":"ListItem","position":3,"name":"Buy Jwh021 Online"}]},{"@type":"WebSite","@id":"https:\/\/narcopowders.com\/#website","url":"https:\/\/narcopowders.com\/","name":"Pulberi narcotice","description":"Blogul meu WordPress","potentialAction":[{"@type":"SearchAction","target":{"@type":"EntryPoint","urlTemplate":"https:\/\/narcopowders.com\/?s={search_term_string}"},"query-input":{"@type":"PropertyValueSpecification","valueRequired":true,"valueName":"search_term_string"}}],"inLanguage":"ro-RO"}]}},"_links":{"self":[{"href":"https:\/\/narcopowders.com\/ro\/wp-json\/wp\/v2\/product\/21202","targetHints":{"allow":["GET"]}}],"collection":[{"href":"https:\/\/narcopowders.com\/ro\/wp-json\/wp\/v2\/product"}],"about":[{"href":"https:\/\/narcopowders.com\/ro\/wp-json\/wp\/v2\/types\/product"}],"replies":[{"embeddable":true,"href":"https:\/\/narcopowders.com\/ro\/wp-json\/wp\/v2\/comments?post=21202"}],"wp:featuredmedia":[{"embeddable":true,"href":"https:\/\/narcopowders.com\/ro\/wp-json\/wp\/v2\/media\/21246"}],"wp:attachment":[{"href":"https:\/\/narcopowders.com\/ro\/wp-json\/wp\/v2\/media?parent=21202"}],"wp:term":[{"taxonomy":"product_brand","embeddable":true,"href":"https:\/\/narcopowders.com\/ro\/wp-json\/wp\/v2\/product_brand?post=21202"},{"taxonomy":"product_cat","embeddable":true,"href":"https:\/\/narcopowders.com\/ro\/wp-json\/wp\/v2\/product_cat?post=21202"},{"taxonomy":"product_tag","embeddable":true,"href":"https:\/\/narcopowders.com\/ro\/wp-json\/wp\/v2\/product_tag?post=21202"}],"curies":[{"name":"wp","href":"https:\/\/api.w.org\/{rel}","templated":true}]}}