{"id":21239,"date":"2024-05-23T06:34:00","date_gmt":"2024-05-23T06:34:00","guid":{"rendered":"https:\/\/narcopowders.com\/?post_type=product&#038;p=21239"},"modified":"2025-03-26T12:29:14","modified_gmt":"2025-03-26T12:29:14","slug":"buy-etizolam-powder-online","status":"publish","type":"product","link":"https:\/\/narcopowders.com\/ro\/product\/buy-etizolam-powder-online\/","title":{"rendered":"Cump\u0103ra\u021bi Etizolam Powder"},"content":{"rendered":"<h2>Ob\u021bine\u021bi Etizolam Powder Online la cel mai mic cost<\/h2>\n<p><a href=\"https:\/\/narcopowders.com\/ro\/produs\/cumparati-etizolam-pulbere-online\/\">Cump\u0103ra\u021bi Etizolam Powder<\/a>Etizolamul func\u021bioneaz\u0103 ca o benzodiazepin\u0103 prin legarea la receptorul benzodiazepinelor, care este un derivat de tienodiazepin\u0103. Furnizori de etizolam, cump\u0103ra\u021bi pulbere de etizolam, furnizori de pulbere de etizolam, etizolam de v\u00e2nzare \u0219i pulbere de etizolam en-gros din China.<\/p>\n<p>Este v\u00e2ndut de <a href=\"https:\/\/narcopowders.com\/ro\/\">Narcopowders<\/a> \u00een scopuri de cercetare online. Etizolam nu a primit aprobarea FDA pentru a fi utilizat ca medicament. Cu toate acestea, pute\u021bi ob\u021bine cu u\u0219urin\u021b\u0103 Etizolam online cu ajutorul magazinului nostru online. \u00cen plus, doar c\u00e2teva na\u021biuni au acces la etizolam ca medicament.<\/p>\n<h3>Etizolam Powder: Ce este?<\/h3>\n<p>V\u0103 pute\u021bi vindeca tulburarea de anxietate generalizat\u0103 \u00eempreun\u0103 cu depresia, insomnia \u0219i tulburarea de panic\u0103 prin utilizarea pulberii de etizolam pe care o vindem online. <a href=\"https:\/\/www.bing.com\/search?q=Buy+Etizolam+Powder+Online&amp;form=QBLH&amp;sp=-1&amp;lq=0&amp;pq=buy+etizolam+powder+online&amp;sc=1-26&amp;qs=n&amp;sk=&amp;cvid=78A682E5124B459C9E52C7988D6F2866&amp;ghsh=0&amp;ghacc=0&amp;ghpl=\">etizolam powder<\/a> that we sell online.<\/p>\n<h3>Unde se poate folosi Etizolam?<\/h3>\n<p><a href=\"https:\/\/en.wikipedia.org\/wiki\/Etizolam\">Etizolam functions<\/a> ca un agonist complet la receptorii GABA-A pentru a cre\u0219te transmisia GABAergic\u0103 \u0219i pentru a \u00eembun\u0103t\u0103\u021bi curen\u021bii Cl induse de GABA. Situl de legare a benzodiazepinei, care este situat de-a lungul receptorilor alfa<\/p>\n<p>interfa\u021ba subunit\u0103\u021bii gamma, se presupune c\u0103 este locul de legare. S-a raportat c\u0103 numai receptorii cu subunit\u0103\u021bile gamma 2 \u0219i alfa 1\/2\/3\/5 se pot lega la benzodiazepine.<\/p>\n<p>Receptorii alfa-1 mediaz\u0103 efectele sedative ale etizolamului, \u00een timp ce receptorii care con\u021bin subunit\u0103\u021bi alfa-2 \u0219i alfa-3 mediaz\u0103 ac\u021biunea anxiolitic\u0103. Etizolamul posed\u0103 o afinitate \u0219i o eficacitate ridicat\u0103 pentru receptorul GABA-A atunci c\u00e2nd este combinat cu combina\u021bia de subunit\u0103\u021bi alfa 1 beta 2 gamma 2S.<\/p>\n<p>Prin ata\u0219area la zona de reglare a receptorului, etizolamul faciliteaz\u0103 deschiderea canalelor de clorur\u0103 induse de GABA, cresc\u00e2nd astfel transmiterea GABA. Un antagonist special al PAFR este etizolamul. Utilizarea unui De ce este cel mai bun loc pentru a cump\u0103ra pulbere de <a href=\"https:\/\/duckduckgo.com\/?t=h_&amp;q=Buy+Etizolam+Powder+Online&amp;ia=web\">Etizolam Powder<\/a> is Narcopowders?<\/p>\n<p>Etizolamul este un sedativ-hipnotic, anticonvulsivant, anxiolitic \u0219i relaxant muscular care deprim\u0103, de asemenea, sistemul nervos central. Se leag\u0103 de regiunea benzodiazepin\u0103 a receptorului GABA-A, cresc\u00e2nd transmisia GABAergic\u0103 inhibitorie \u00een tot sistemul nervos central ca agonist. Studiile sugereaz\u0103 c\u0103 etizolamul este de \u0219ase p\u00e2n\u0103 la zece ori mai puternic dec\u00e2t diazepamul \u00een medierea efectelor sale farmacologice.<\/p>\n<h3>Farmacodinamica<\/h3>\n<p>Livrarea de etizolam este sigur\u0103 \u0219i sigur\u0103 pentru toat\u0103 lumea cu Narcopowders. Nu rata\u021bi aceast\u0103 oportunitate de a comanda legal pentru Etizolam online dac\u0103 sunte\u021bi dispus s\u0103 pl\u0103ti\u021bi un pre\u021b modest pentru pulbere. Plasa\u021bi comanda de pulbere <a href=\"https:\/\/www.google.com\/search?q=Buy+Etizolam+Powder+Online&amp;sca_esv=16def464f60f9903&amp;sxsrf=AHTn8zo_Lfpu_UvBnQ8OihW9wiv71k0MNA%3A1742991797535&amp;ei=tfHjZ6q3IJLR0PEPssDFuQw&amp;ved=0ahUKEwjq5cC33qeMAxWSKDQIHTJgMccQ4dUDCBA&amp;uact=5&amp;oq=Buy+Etizolam+Powder+Online&amp;gs_lp=Egxnd3Mtd2l6LXNlcnAiGkJ1eSBFdGl6b2xhbSBQb3dkZXIgT25saW5lSKgEUABYAHAAeACQAQCYAYYDoAGGA6oBAzMtMbgBA8gBAPgBAvgBAZgCAKACAJgDAJIHAKAHTrIHALgHAA&amp;sclient=gws-wiz-serp\">Etizolam powder<\/a> order right away!<\/p>","protected":false},"excerpt":{"rendered":"<p>Get Etizolam Powder Online at the Lowest Cost Buy Etizolam Powder, Etizolam functions as a benzodiazepine by binding to the benzodiazepine receptor, which is a thienodiazepine derivative. Etizolam suppliers, buy etizolam powder, suppliers of etizolam powder, etizolam for sale, and wholesale etizolam powder from China. It is sold by Narcopowders for online research purposes. Etizolam [&hellip;]<\/p>","protected":false},"featured_media":21240,"comment_status":"open","ping_status":"closed","template":"","meta":{"_joinchat":[]},"product_brand":[],"product_cat":[1724],"product_tag":[],"class_list":{"0":"post-21239","1":"product","2":"type-product","3":"status-publish","4":"has-post-thumbnail","6":"product_cat-research-chemicals","8":"first","9":"instock","10":"shipping-taxable","11":"purchasable","12":"product-type-variable","13":"add-to-wishlist-after_add_to_cart"},"yoast_head":"<!-- This site is optimized with the Yoast SEO plugin v27.5 - https:\/\/yoast.com\/product\/yoast-seo-wordpress\/ -->\n<title>Buy Etizolam Powder - Etizolam<\/title>\n<meta name=\"description\" content=\"Buy Etizolam Powder, We sells high-quality Etizolam powder that aids with sleep and insomnia. Click here to Order Etizolam powder at a discount\" \/>\n<meta name=\"robots\" content=\"index, follow, max-snippet:-1, max-image-preview:large, max-video-preview:-1\" \/>\n<link rel=\"canonical\" href=\"https:\/\/narcopowders.com\/ro\/produs\/cumparati-etizolam-pulbere-online\/\" \/>\n<meta property=\"og:locale\" content=\"ro_RO\" \/>\n<meta property=\"og:type\" content=\"article\" \/>\n<meta property=\"og:title\" content=\"Buy Etizolam Powder - Etizolam\" \/>\n<meta property=\"og:description\" content=\"Buy Etizolam Powder, We sells high-quality Etizolam powder that aids with sleep and insomnia. Click here to Order Etizolam powder at a discount\" \/>\n<meta property=\"og:url\" content=\"https:\/\/narcopowders.com\/ro\/produs\/cumparati-etizolam-pulbere-online\/\" \/>\n<meta property=\"og:site_name\" content=\"Narco Powders\" \/>\n<meta property=\"article:modified_time\" content=\"2025-03-26T12:29:14+00:00\" \/>\n<meta property=\"og:image\" content=\"https:\/\/narcopowders.com\/wp-content\/uploads\/2024\/05\/Etizolam.gif\" \/>\n\t<meta property=\"og:image:width\" content=\"600\" \/>\n\t<meta property=\"og:image:height\" content=\"600\" \/>\n\t<meta property=\"og:image:type\" content=\"image\/gif\" \/>\n<meta name=\"twitter:card\" content=\"summary_large_image\" \/>\n<meta name=\"twitter:label1\" content=\"Timp estimat pentru citire\" \/>\n\t<meta name=\"twitter:data1\" content=\"2 minute\" \/>\n<!-- \/ Yoast SEO plugin. -->","yoast_head_json":{"title":"Cump\u0103ra\u021bi Etizolam Powder - Etizolam","description":"Cump\u0103ra\u021bi Etizolam Powder, vindem pulbere Etizolam de \u00eenalt\u0103 calitate care ajut\u0103 la somn \u0219i insomnie. Face\u021bi clic aici pentru a comanda Etizolam pulbere la o reducere","robots":{"index":"index","follow":"follow","max-snippet":"max-snippet:-1","max-image-preview":"max-image-preview:large","max-video-preview":"max-video-preview:-1"},"canonical":"https:\/\/narcopowders.com\/ro\/produs\/cumparati-etizolam-pulbere-online\/","og_locale":"ro_RO","og_type":"article","og_title":"Buy Etizolam Powder - Etizolam","og_description":"Buy Etizolam Powder, We sells high-quality Etizolam powder that aids with sleep and insomnia. Click here to Order Etizolam powder at a discount","og_url":"https:\/\/narcopowders.com\/ro\/produs\/cumparati-etizolam-pulbere-online\/","og_site_name":"Narco Powders","article_modified_time":"2025-03-26T12:29:14+00:00","og_image":[{"width":600,"height":600,"url":"https:\/\/narcopowders.com\/wp-content\/uploads\/2024\/05\/Etizolam.gif","type":"image\/gif"}],"twitter_card":"summary_large_image","twitter_misc":{"Timp estimat pentru citire":"2 minute"},"schema":{"@context":"https:\/\/schema.org","@graph":[{"@type":"WebPage","@id":"https:\/\/narcopowders.com\/product\/buy-etizolam-powder-online\/","url":"https:\/\/narcopowders.com\/product\/buy-etizolam-powder-online\/","name":"Cump\u0103ra\u021bi Etizolam Powder - Etizolam","isPartOf":{"@id":"https:\/\/narcopowders.com\/#website"},"primaryImageOfPage":{"@id":"https:\/\/narcopowders.com\/product\/buy-etizolam-powder-online\/#primaryimage"},"image":{"@id":"https:\/\/narcopowders.com\/product\/buy-etizolam-powder-online\/#primaryimage"},"thumbnailUrl":"https:\/\/narcopowders.com\/wp-content\/uploads\/2024\/05\/Etizolam.gif","datePublished":"2024-05-23T06:34:00+00:00","dateModified":"2025-03-26T12:29:14+00:00","description":"Cump\u0103ra\u021bi Etizolam Powder, vindem pulbere Etizolam de \u00eenalt\u0103 calitate care ajut\u0103 la somn \u0219i insomnie. Face\u021bi clic aici pentru a comanda Etizolam pulbere la o reducere","breadcrumb":{"@id":"https:\/\/narcopowders.com\/product\/buy-etizolam-powder-online\/#breadcrumb"},"inLanguage":"ro-RO","potentialAction":[{"@type":"ReadAction","target":["https:\/\/narcopowders.com\/product\/buy-etizolam-powder-online\/"]}]},{"@type":"ImageObject","inLanguage":"ro-RO","@id":"https:\/\/narcopowders.com\/product\/buy-etizolam-powder-online\/#primaryimage","url":"https:\/\/narcopowders.com\/wp-content\/uploads\/2024\/05\/Etizolam.gif","contentUrl":"https:\/\/narcopowders.com\/wp-content\/uploads\/2024\/05\/Etizolam.gif","width":600,"height":600,"caption":"Buy Etizolam Online"},{"@type":"BreadcrumbList","@id":"https:\/\/narcopowders.com\/product\/buy-etizolam-powder-online\/#breadcrumb","itemListElement":[{"@type":"ListItem","position":1,"name":"Home","item":"https:\/\/narcopowders.com\/"},{"@type":"ListItem","position":2,"name":"Shop Page","item":"https:\/\/narcopowders.com\/shop\/"},{"@type":"ListItem","position":3,"name":"Buy Etizolam Powder"}]},{"@type":"WebSite","@id":"https:\/\/narcopowders.com\/#website","url":"https:\/\/narcopowders.com\/","name":"Pulberi narcotice","description":"Blogul meu WordPress","potentialAction":[{"@type":"SearchAction","target":{"@type":"EntryPoint","urlTemplate":"https:\/\/narcopowders.com\/?s={search_term_string}"},"query-input":{"@type":"PropertyValueSpecification","valueRequired":true,"valueName":"search_term_string"}}],"inLanguage":"ro-RO"}]}},"_links":{"self":[{"href":"https:\/\/narcopowders.com\/ro\/wp-json\/wp\/v2\/product\/21239","targetHints":{"allow":["GET"]}}],"collection":[{"href":"https:\/\/narcopowders.com\/ro\/wp-json\/wp\/v2\/product"}],"about":[{"href":"https:\/\/narcopowders.com\/ro\/wp-json\/wp\/v2\/types\/product"}],"replies":[{"embeddable":true,"href":"https:\/\/narcopowders.com\/ro\/wp-json\/wp\/v2\/comments?post=21239"}],"wp:featuredmedia":[{"embeddable":true,"href":"https:\/\/narcopowders.com\/ro\/wp-json\/wp\/v2\/media\/21240"}],"wp:attachment":[{"href":"https:\/\/narcopowders.com\/ro\/wp-json\/wp\/v2\/media?parent=21239"}],"wp:term":[{"taxonomy":"product_brand","embeddable":true,"href":"https:\/\/narcopowders.com\/ro\/wp-json\/wp\/v2\/product_brand?post=21239"},{"taxonomy":"product_cat","embeddable":true,"href":"https:\/\/narcopowders.com\/ro\/wp-json\/wp\/v2\/product_cat?post=21239"},{"taxonomy":"product_tag","embeddable":true,"href":"https:\/\/narcopowders.com\/ro\/wp-json\/wp\/v2\/product_tag?post=21239"}],"curies":[{"name":"wp","href":"https:\/\/api.w.org\/{rel}","templated":true}]}}