{"id":21271,"date":"2024-05-23T07:46:43","date_gmt":"2024-05-23T07:46:43","guid":{"rendered":"https:\/\/narcopowders.com\/?post_type=product&#038;p=21271"},"modified":"2025-05-06T07:01:16","modified_gmt":"2025-05-06T07:01:16","slug":"buy-5cladb-online","status":"publish","type":"product","link":"https:\/\/narcopowders.com\/ro\/produs\/cumpara-5cladb-online\/","title":{"rendered":"Cumpara 5cladb Online"},"content":{"rendered":"<h2>OB\u021aINE\u021aI 5CLADBA DIRECT<\/h2>\n<p><a href=\"https:\/\/narcopowders.com\/ro\/produs\/cumpara-5cladb-online\/\">Cumpara 5cladb Online<\/a>,\u00a0 5CLADBA has been misused in a number of contexts and employed for non-clinical as well as occasionally therapeutic uses, including cancer research. <a href=\"https:\/\/narcopowders.com\/ro\/\">Purchase powder 5CL-ADB-A online<\/a>. MDMB-4en-PINACA, MDMB-ADB-A or 5CLADBA (alternately termed MDMB-PENINA, also known as MDMB-PINACA N1-pentyl-4-en isomer, is an indazole-base synthetic <a href=\"https:\/\/en.wikipedia.org\/wiki\/Cannabinoid\">canabinoid<\/a> that is incredibly potent. Furthermore <a href=\"https:\/\/www.bing.com\/search?q=Buy%205cladb%20Online&amp;qs=n&amp;form=QBRE&amp;sp=-1&amp;lq=0&amp;pq=buy%205cladb%20online&amp;sc=10-17&amp;sk=&amp;cvid=2FABE2D4DDA94ACB80E26EDAEF597A7E&amp;ghsh=0&amp;ghacc=0&amp;ghpl=\">5-CL-ADB-A<\/a> este un agonist al receptorilor canabinoizi proiectat prin inginerie mecanic\u0103, utilizat ca \u0219i component\u0103 func\u021bional\u0103 a produselor comercializate ca \u00eenlocuitori de canabis. <a href=\"https:\/\/www.bing.com\/search?q=Buy%205cladb%20Online&amp;qs=n&amp;form=QBRE&amp;sp=-1&amp;lq=0&amp;pq=buy%205cladb%20online&amp;sc=10-17&amp;sk=&amp;cvid=2FABE2D4DDA94ACB80E26EDAEF597A7E&amp;ghsh=0&amp;ghacc=0&amp;ghpl=\">5-CL<\/a><a href=\"https:\/\/en.wikipedia.org\/wiki\/MDMB-4en-PINACA\">&#8211;<\/a><\/p>\n<p><strong>Nu exist\u0103 nicio aplica\u021bie terapeutic\u0103 sau benefic\u0103 documentat\u0103 pentru ADB-A. 6CLADBA<\/strong><\/p>\n<h3>Ce este 5CL-ADB-A? | Magazin online pentru a cump\u0103ra 5CL-ADB-A pulbere<\/h3>\n<p>The highly potent synthetic <a href=\"https:\/\/www.google.com\/search?q=Buy+5cladb+Online&amp;num=10&amp;sca_esv=1a2a07081c7891bb&amp;rlz=1C1RXQR_enIN1098IN1098&amp;sxsrf=AHTn8zrQR-eImhoOhY1vNdzImcvToKJO7g%3A1741686295979&amp;ei=FwbQZ6bCO_qA1e8Plb2vyAc&amp;ved=0ahUKEwjmqe2H34GMAxV6QPUHHZXeC3kQ4dUDCBA&amp;uact=5&amp;oq=Buy+5cladb+Online&amp;gs_lp=Egxnd3Mtd2l6LXNlcnAiEUJ1eSA1Y2xhZGIgT25saW5lMgcQIRigARgKSLAIUNUDWNUDcAJ4AJABAJgB_wGgAf8BqgEDMi0xuAEDyAEA-AEC-AEBmAIBoAKIApgDAIgGAZIHAzItMaAHigI&amp;sclient=gws-wiz-serp\">cannabinoid 5-Cl-Adb-A<\/a>, cunoscut \u0219i sub numele de 5CLADBA (cunoscut \u0219i sub numele de MDMB-4en-PINACA sau izomer MDMB-PINACA N1-pentil-4-en), este o baz\u0103 de indazol. 5-Cl-ADB-A va fi un inginer al receptorilor canabinoizi. \u00cen mod uimitor, 5-Cl-ADB-A provine de la furnizori de \u00eencredere \u0219i este necontaminat. Bine\u00een\u021beles, acest lucru s-ar putea datora faptului c\u0103 este extrem de ilegal s\u0103 se importe sau s\u0103 se de\u021bin\u0103 5CL-ADB-A \u0219i este foarte pu\u021bin probabil ca cineva s\u0103 fie con\u0219tient de metodele adecvate pentru falsificarea acestuia. Agen\u021bia Antidrog consider\u0103 5-Cl-ADB-A \u0219i MDMB-4en-PINACA ca fiind sintetice, cu excep\u021bia cazului \u00een care organismele de reglementare consider\u0103 c\u0103 unele dintre componentele chimice reale sunt derivate din omologii lor nesintetici. Deoarece 5-Cl-ADB-A este at\u00e2t de puternic, 3-CLADBA este egal cu <a href=\"https:\/\/www.google.com\/search?q=Buy+5cladb+Online&amp;num=10&amp;sca_esv=1a2a07081c7891bb&amp;rlz=1C1RXQR_enIN1098IN1098&amp;sxsrf=AHTn8zrQR-eImhoOhY1vNdzImcvToKJO7g%3A1741686295979&amp;ei=FwbQZ6bCO_qA1e8Plb2vyAc&amp;ved=0ahUKEwjmqe2H34GMAxV6QPUHHZXeC3kQ4dUDCBA&amp;uact=5&amp;oq=Buy+5cladb+Online&amp;gs_lp=Egxnd3Mtd2l6LXNlcnAiEUJ1eSA1Y2xhZGIgT25saW5lMgcQIRigARgKSLAIUNUDWNUDcAJ4AJABAJgB_wGgAf8BqgEDMi0xuAEDyAEA-AEC-AEBmAIBoAKIApgDAIgGAZIHAzItMaAHigI&amp;sclient=gws-wiz-serp\">5-CLADBA<\/a>Produsele de laborator precum AMB-PINACA, APP-B, EG-018, JWH-018, JWH-201, 5F-UR144,5FMDMB2201 sunt exemple de canabinoizi sintetici.<a href=\"https:\/\/narcopowders.com\/ro\/produs\/buy-4f\u2010mdmb\u2010binaca-online\/\">.<\/a><\/p>\n<h3><strong>Cum se utilizeaz\u0103 5CL-ADB-A?<\/strong><\/h3>\n<p>Major research organizations have not sufficiently investigated the efficacy of <a href=\"https:\/\/duckduckgo.com\/?q=Buy+5cladb+Online&amp;t=h_&amp;ia=web\">5-CL-ADB-A<\/a>Organiza\u021biile majore de cercetare nu au investigat suficient eficacitatea 5-CL-ADB-A, care este \u00eenc\u0103 considerat\u0103 o necunoscut\u0103 puternic\u0103 \u0219i care probabil ar trebui clasificat\u0103 ca drog din lista I. Sintagma \"poten\u021bial ridicat de abuz, nicio utilizare medical\u0103 acceptat\u0103 \u00een prezent \u00een tratament \u00een Statele Unite \u0219i lipsa de acceptabilitate pentru utilizarea medicamentului sau a altei substan\u021be sub supraveghere medical\u0103\" se refer\u0103 la medicamentele incluse \u00een Lista I. Utilizatorii ar trebui s\u0103 fie informa\u021bi c\u0103 este posibil ca <a href=\"https:\/\/duckduckgo.com\/?q=Buy+5cladb+Online&amp;t=h_&amp;ia=web\">5CL-ADB-A (cunoscut \u0219i sub numele de MDMB-4en-PINACA)<\/a> s-ar putea s\u0103 nu fie un agonist al receptorilor canabinoizi, prin urmare, orice efecte pe care le-ar putea experimenta - fie fizice, fie psihologice - ar putea fi complet legate de placebo.<\/p>\n<h3><strong>DETALIILE PRODUSULUI<\/strong><\/h3>\n<p>Num\u0103rul produsului: 137350-66-4; Denumirea produsului: 5CL-ADB<\/p>\n<p>Formula chimic\u0103 este C20H27FN2O3.<\/p>\n<p>Un aspect cristalin \u0219i pulverulent<\/p>\n<p>Utilizare: Pentru investiga\u021bii \u0219tiin\u021bifice<\/p>\n<h3><strong>Ce magazin vinde 5CL-ADB-A?<\/strong><\/h3>\n<p><a href=\"https:\/\/duckduckgo.com\/?q=Buy+5cladb+Online&amp;t=h_&amp;ia=web\">Achizi\u021biona\u021bi 5CL-ADB-A<\/a> direct de la un furnizor separat, cum ar fi Research Chemical Supply, sau online. Din cauza abuzului de \"1-cl\", 5cl-ADB-A este acum fabricat \u0219i comercializat exclusiv sub form\u0103 de pulbere pur\u0103 pe site-ul https:\/\/buy-5cladba-5fmda-online.com. Exist\u0103 o mul\u021bime de al\u021bi furnizori demni de \u00eencredere ai acestor produse, multe dintre ele fiind foarte utile pentru a le avea la \u00eendem\u00e2n\u0103 pentru a le utiliza \u00een timpul doz\u0103rii sau pentru colectarea unui substitut de canabis, cum ar fi extractele \"melificate\" care con\u021bin 5cl-adb-a. Dac\u0103 sunte\u021bi \u00een c\u0103utarea de extracte de plante \u00eentregi sau de extracte \"turnabile\" care con\u021bin 5cl-ADB-A, v\u0103 uita\u021bi pe site-ul gre\u0219it. Un control complet aprobat \u0219i testat pentru programul 1 este 5CLADBA. material \u00een SUA. Cump\u0103ra\u021bi online pentru 5cl-ADB-A \u0219i face\u021bi ceea ce trebuie. 5-CL-ADB-A este rezervat pentru cei cu experien\u021b\u0103.<\/p>\n<p>Canabinoizii tehnici ar putea fi plauzibili \u0219i ar putea indica faptul c\u0103 canabisul original apar\u021bine unei anumite categorii sau are o anumit\u0103 compozi\u021bie chimic\u0103, cum ar fi niveluri ridicate sau sc\u0103zute de THC sau CBD. cump\u0103ra\u021bi 5CL ADB-A \u00een Marea Britanie de la produc\u0103tori din China \u0219i Europa<\/p>\n<p>nu au fost p\u0103c\u0103li\u021bi, ci depun noi eforturi pentru a garanta c\u0103 clien\u021bii lor pot continua s\u0103 aib\u0103 parte de experien\u021ba juridic\u0103 pe care \u0219i-o doresc. Cu substan\u021be chimice care sunt puternice \u0219i create pentru un mediu curat \u0219i sigur, v\u0103 las\u0103 cu un sentiment cople\u0219itor de claritate Cump\u0103ra\u021bi 5cladb Online.<\/p>","protected":false},"excerpt":{"rendered":"<p>MDMB-4en-PINACA, un canabinoid sintetic pe baz\u0103 de indazoli care este oferit online ca drog de marc\u0103, este, de asemenea, denumit \u00een mod eronat 5-CL-ADB-A. Prima detectare a MDMB-4en-PINACA a avut loc \u00een Europa.<\/p>\n<table class=\"infobox\">\n<tbody>\n<tr>\n<td class=\"infobox-full-data\" colspan=\"2\">\n<div class=\"collapsible-list mw-collapsible mw-made-collapsible\">\n<div>\n<div>Denumire IUPAC<\/div>\n<\/div>\n<ul class=\"mw-collapsible-content\">\n<li>\n<div>metil (<i>S<\/i>)-3,3-dimethyl-2-(1-(pent-4-en-1-yl)-1<i>H<\/i>-indazol-3-carboxamido)butanoat<\/div>\n<\/li>\n<\/ul>\n<\/div>\n<\/td>\n<\/tr>\n<tr>\n<th class=\"infobox-label\" scope=\"row\">Num\u0103rul CAS<\/th>\n<td class=\"infobox-data\">\n<div class=\"plainlist\">\n<ul>\n<li><span title=\"commonchemistry.cas.org\">2504100-70-1<\/span><sup>\u00a0<\/sup><\/li>\n<\/ul>\n<\/div>\n<\/td>\n<\/tr>\n<tr>\n<th class=\"infobox-label\" scope=\"row\">PubChem\u00a0<abbr title=\"ID-ul compusului\">CID<\/abbr><\/th>\n<td class=\"infobox-data\">\n<div class=\"plainlist\">\n<p><span title=\"pubchem.ncbi.nlm.nih.gov\">155804661<\/span><\/p>\n<\/div>\n<\/td>\n<\/tr>\n<tr>\n<th class=\"infobox-label\" scope=\"row\">ChemSpider<\/th>\n<td class=\"infobox-data\">\n<div class=\"plainlist\">\n<p><span title=\"www.chemspider.com\">71117180<\/span><\/p>\n<\/div>\n<\/td>\n<\/tr>\n<tr>\n<th class=\"infobox-label\" scope=\"row\">UNII<\/th>\n<td class=\"infobox-data\">\n<div class=\"plainlist\">\n<p><span title=\"precision.fda.gov\">K2DZN2TDD6<\/span><\/p>\n<\/div>\n<\/td>\n<\/tr>\n<tr>\n<th class=\"infobox-label\" scope=\"row\">KEGG<\/th>\n<td class=\"infobox-data\">\n<div class=\"plainlist\">\n<p><span title=\"www.kegg.jp\">C22788<\/span><\/p>\n<\/div>\n<\/td>\n<\/tr>\n<\/tbody>\n<\/table>","protected":false},"featured_media":21272,"comment_status":"open","ping_status":"closed","template":"","meta":{"_joinchat":[]},"product_brand":[],"product_cat":[1724],"product_tag":[1739,1738,1737,1736,1692],"class_list":{"0":"post-21271","1":"product","2":"type-product","3":"status-publish","4":"has-post-thumbnail","6":"product_cat-research-chemicals","7":"product_tag-5-cl-adb-a","8":"product_tag-5-cl-adb-a-powder","9":"product_tag-5cl-abda-powder-for-sale","10":"product_tag-5cl-adb-a-for-sale","11":"product_tag-adb-fubinaca","13":"first","14":"instock","15":"shipping-taxable","16":"purchasable","17":"product-type-variable","18":"add-to-wishlist-after_add_to_cart"},"yoast_head":"<!-- This site is optimized with the Yoast SEO plugin v27.5 - https:\/\/yoast.com\/product\/yoast-seo-wordpress\/ -->\n<title>Buy 5cladb Online - 5cladb For Sale<\/title>\n<meta name=\"description\" content=\"Buy 5cladb Online, 5CL-ADB-A online from narcopowders with great ease. We are a recognised online 5cladb shop having years of experience. Order 5cladb now.\" \/>\n<meta name=\"robots\" content=\"index, follow, max-snippet:-1, max-image-preview:large, max-video-preview:-1\" \/>\n<link rel=\"canonical\" href=\"https:\/\/narcopowders.com\/ro\/produs\/cumpara-5cladb-online\/\" \/>\n<meta property=\"og:locale\" content=\"ro_RO\" \/>\n<meta property=\"og:type\" content=\"article\" \/>\n<meta property=\"og:title\" content=\"Buy 5cladb Online - 5cladb For Sale\" \/>\n<meta property=\"og:description\" content=\"Buy 5cladb Online, 5CL-ADB-A online from narcopowders with great ease. We are a recognised online 5cladb shop having years of experience. Order 5cladb now.\" \/>\n<meta property=\"og:url\" content=\"https:\/\/narcopowders.com\/ro\/produs\/cumpara-5cladb-online\/\" \/>\n<meta property=\"og:site_name\" content=\"Narco Powders\" \/>\n<meta property=\"article:modified_time\" content=\"2025-05-06T07:01:16+00:00\" \/>\n<meta property=\"og:image\" content=\"https:\/\/narcopowders.com\/wp-content\/uploads\/2024\/05\/5cl-adb.gif\" \/>\n\t<meta property=\"og:image:width\" content=\"600\" \/>\n\t<meta property=\"og:image:height\" content=\"600\" \/>\n\t<meta property=\"og:image:type\" content=\"image\/gif\" \/>\n<meta name=\"twitter:card\" content=\"summary_large_image\" \/>\n<meta name=\"twitter:label1\" content=\"Timp estimat pentru citire\" \/>\n\t<meta name=\"twitter:data1\" content=\"3 minute\" \/>\n<!-- \/ Yoast SEO plugin. -->","yoast_head_json":{"title":"Cump\u0103ra\u021bi 5cladb online - 5cladb de v\u00e2nzare","description":"Cump\u0103ra\u021bi 5cladb Online, 5CL-ADB-A online de la narcopowders cu mare u\u0219urin\u021b\u0103. Suntem un magazin online recunoscut de 5cladb, av\u00e2nd ani de experien\u021b\u0103. Comanda\u021bi 5cladb acum.","robots":{"index":"index","follow":"follow","max-snippet":"max-snippet:-1","max-image-preview":"max-image-preview:large","max-video-preview":"max-video-preview:-1"},"canonical":"https:\/\/narcopowders.com\/ro\/produs\/cumpara-5cladb-online\/","og_locale":"ro_RO","og_type":"article","og_title":"Buy 5cladb Online - 5cladb For Sale","og_description":"Buy 5cladb Online, 5CL-ADB-A online from narcopowders with great ease. We are a recognised online 5cladb shop having years of experience. Order 5cladb now.","og_url":"https:\/\/narcopowders.com\/ro\/produs\/cumpara-5cladb-online\/","og_site_name":"Narco Powders","article_modified_time":"2025-05-06T07:01:16+00:00","og_image":[{"width":600,"height":600,"url":"https:\/\/narcopowders.com\/wp-content\/uploads\/2024\/05\/5cl-adb.gif","type":"image\/gif"}],"twitter_card":"summary_large_image","twitter_misc":{"Timp estimat pentru citire":"3 minute"},"schema":{"@context":"https:\/\/schema.org","@graph":[{"@type":"WebPage","@id":"https:\/\/narcopowders.com\/product\/buy-5cladb-online\/","url":"https:\/\/narcopowders.com\/product\/buy-5cladb-online\/","name":"Cump\u0103ra\u021bi 5cladb online - 5cladb de v\u00e2nzare","isPartOf":{"@id":"https:\/\/narcopowders.com\/#website"},"primaryImageOfPage":{"@id":"https:\/\/narcopowders.com\/product\/buy-5cladb-online\/#primaryimage"},"image":{"@id":"https:\/\/narcopowders.com\/product\/buy-5cladb-online\/#primaryimage"},"thumbnailUrl":"https:\/\/narcopowders.com\/wp-content\/uploads\/2024\/05\/5cl-adb.gif","datePublished":"2024-05-23T07:46:43+00:00","dateModified":"2025-05-06T07:01:16+00:00","description":"Cump\u0103ra\u021bi 5cladb Online, 5CL-ADB-A online de la narcopowders cu mare u\u0219urin\u021b\u0103. Suntem un magazin online recunoscut de 5cladb, av\u00e2nd ani de experien\u021b\u0103. Comanda\u021bi 5cladb acum.","breadcrumb":{"@id":"https:\/\/narcopowders.com\/product\/buy-5cladb-online\/#breadcrumb"},"inLanguage":"ro-RO","potentialAction":[{"@type":"ReadAction","target":["https:\/\/narcopowders.com\/product\/buy-5cladb-online\/"]}]},{"@type":"ImageObject","inLanguage":"ro-RO","@id":"https:\/\/narcopowders.com\/product\/buy-5cladb-online\/#primaryimage","url":"https:\/\/narcopowders.com\/wp-content\/uploads\/2024\/05\/5cl-adb.gif","contentUrl":"https:\/\/narcopowders.com\/wp-content\/uploads\/2024\/05\/5cl-adb.gif","width":600,"height":600,"caption":"Buy 5cladb Online"},{"@type":"BreadcrumbList","@id":"https:\/\/narcopowders.com\/product\/buy-5cladb-online\/#breadcrumb","itemListElement":[{"@type":"ListItem","position":1,"name":"Home","item":"https:\/\/narcopowders.com\/"},{"@type":"ListItem","position":2,"name":"Shop Page","item":"https:\/\/narcopowders.com\/shop\/"},{"@type":"ListItem","position":3,"name":"Buy 5cladb Online"}]},{"@type":"WebSite","@id":"https:\/\/narcopowders.com\/#website","url":"https:\/\/narcopowders.com\/","name":"Pulberi narcotice","description":"Blogul meu WordPress","potentialAction":[{"@type":"SearchAction","target":{"@type":"EntryPoint","urlTemplate":"https:\/\/narcopowders.com\/?s={search_term_string}"},"query-input":{"@type":"PropertyValueSpecification","valueRequired":true,"valueName":"search_term_string"}}],"inLanguage":"ro-RO"}]}},"_links":{"self":[{"href":"https:\/\/narcopowders.com\/ro\/wp-json\/wp\/v2\/product\/21271","targetHints":{"allow":["GET"]}}],"collection":[{"href":"https:\/\/narcopowders.com\/ro\/wp-json\/wp\/v2\/product"}],"about":[{"href":"https:\/\/narcopowders.com\/ro\/wp-json\/wp\/v2\/types\/product"}],"replies":[{"embeddable":true,"href":"https:\/\/narcopowders.com\/ro\/wp-json\/wp\/v2\/comments?post=21271"}],"wp:featuredmedia":[{"embeddable":true,"href":"https:\/\/narcopowders.com\/ro\/wp-json\/wp\/v2\/media\/21272"}],"wp:attachment":[{"href":"https:\/\/narcopowders.com\/ro\/wp-json\/wp\/v2\/media?parent=21271"}],"wp:term":[{"taxonomy":"product_brand","embeddable":true,"href":"https:\/\/narcopowders.com\/ro\/wp-json\/wp\/v2\/product_brand?post=21271"},{"taxonomy":"product_cat","embeddable":true,"href":"https:\/\/narcopowders.com\/ro\/wp-json\/wp\/v2\/product_cat?post=21271"},{"taxonomy":"product_tag","embeddable":true,"href":"https:\/\/narcopowders.com\/ro\/wp-json\/wp\/v2\/product_tag?post=21271"}],"curies":[{"name":"wp","href":"https:\/\/api.w.org\/{rel}","templated":true}]}}