{"id":21309,"date":"2024-05-23T10:04:09","date_gmt":"2024-05-23T10:04:09","guid":{"rendered":"https:\/\/narcopowders.com\/?post_type=product&#038;p=21309"},"modified":"2025-03-26T12:34:58","modified_gmt":"2025-03-26T12:34:58","slug":"buy-hex-online","status":"publish","type":"product","link":"https:\/\/narcopowders.com\/ro\/produs\/buy-hex-online\/","title":{"rendered":"Cump\u0103ra\u021bi Hex Online"},"content":{"rendered":"<h2>Cump\u0103ra\u021bi HEX-EN online<\/h2>\n<p>Achizi\u021biona\u021bi produse chimice de cercetare de \u00eenalt\u0103 calitate online la HEX-RO.com. N-Ethyl-hexedrona (HEXEN, NEH) este disponibil\u0103 online la un furnizor de \u00eencredere la pre\u021buri en-gros la <a href=\"https:\/\/narcopowders.com\/ro\/\">NarcoPowders.com<\/a>.<\/p>\n<p>N-ethyl-nor-hexedrone, sometimes known as <a href=\"https:\/\/duckduckgo.com\/?q=Buy+Hex+Online&amp;t=h_&amp;ia=web\">HEX-EN<\/a>N-etil-nor-hexedrona, cunoscut\u0103 uneori sub numele de HEX-EN, este un stimulent din grupul catehinonei. De la lansarea medicamentului \u00een 2015, singurele informa\u021bii disponibile cu privire la eficacitatea acestuia sunt o colec\u021bie de recenzii ale utilizatorilor.<\/p>\n<p>N-etil-hexedrona, o substan\u021b\u0103 chimic\u0103 de cercetare denumit\u0103 \u0219i HEXEN, NEH, a-etilaminocaprofenon\u0103 \u0219i N-etilnorhexedron\u0103, apar\u021bine grupului stimulant. <a href=\"https:\/\/narcopowders.com\/ro\/produs\/buy-hex-online\/\">Cump\u0103ra\u021bi HEX-EN online<\/a>. \u00cen anii 1960, Boehringer Ingelheim a f\u0103cut referire la N-etilhexedron\u0103 \u00eentr-o serie de brevete, ceea ce a deschis calea pentru crearea medicamentului mai cunoscut, metilendioxipirovalerona (MDPV). N-etilhexedrona a fost oferit\u0103 online ca medicament de marc\u0103 \u00eencep\u00e2nd cu mijlocul anilor 2010.<\/p>\n<p><a href=\"https:\/\/www.google.com\/search?q=Buy+Hex+Online&amp;sca_esv=16def464f60f9903&amp;sxsrf=AHTn8zrfQV63mHAAIBxrv1rBt11klwcVOA%3A1742992185256&amp;ei=OfPjZ7awD72t0PEPsq2H4Ao&amp;ved=0ahUKEwj2sLHw36eMAxW9FjQIHbLWAawQ4dUDCBA&amp;uact=5&amp;oq=Buy+Hex+Online&amp;gs_lp=Egxnd3Mtd2l6LXNlcnAiDkJ1eSBIZXggT25saW5lMgYQABgWGB4yBhAAGBYYHjIFEAAY7wUyCBAAGIAEGKIEMgUQABjvBTIIEAAYgAQYogRI6g5Q1QtY1QtwAXgAkAEAmAH6AqAB-gKqAQMzLTG4AQPIAQD4AQL4AQGYAgGgAoMDmAMAiAYBkgcDMy0xoAeMA7IHAzMtMbgHgwM&amp;sclient=gws-wiz-serp\">N-Ethyl-hexedrone<\/a>, a research chemical also referred to as HEXEN, NEH, a-ethylaminocaprophenone, and N-ethylnorhexedrone belongs to the group cathinone.<\/p>\n<p>Purchase HEX-EN Online The affinity of <a href=\"https:\/\/en.wikipedia.org\/wiki\/Hexadecimal\">HEXEN (N-Ethyl-hexedrone; NEH)<\/a> as an NDRI (norepinephrine-dopamine reuptake inhibitor) is thought to be the reason of its stimulation. has an additional ethyl group on the carbon chain that contains the nitrogen, making it closely linked to <a href=\"https:\/\/www.bing.com\/search?q=Buy%20Hex%20Online&amp;qs=n&amp;form=QBRE&amp;sp=-1&amp;lq=0&amp;pq=buy%20hex%20online&amp;sc=7-14&amp;sk=&amp;cvid=A6B604E0CA39490AAE4D6DF2EC7054BF&amp;ghsh=0&amp;ghacc=0&amp;ghpl=\">hexedrone<\/a>. About three times as potent than hexedrone thanks to this inclusion.<\/p>\n<p>\u00cen prezent, sunt disponibile foarte pu\u021bine informa\u021bii privind caracteristicile farmacologice, metabolismul \u0219i toxicitatea N-etil-hexedronei. Fiind un nou produs chimic de cercetare, (HEXEN; NEH) este v\u00e2ndut pe www.dalianchemicals.com.<\/p>\n<p>Datorit\u0103 poten\u021bialului HEX-EN de a fi utilizat \u00een scopuri recrea\u021bionale, HEX-EN c\u00e2\u0219tig\u0103 o oarecare popularitate. Indivizii au \u00eenceput s\u0103 foloseasc\u0103 drogul \u00een locul altor stimulen\u021bi recrea\u021bionali precum cocaina, metamfetamina, alfa-PHP \u0219i alfa-PVP. Cea mai frecvent\u0103 metod\u0103 de administrare este cea cu ac\u021biune rapid\u0103 (intranazal\u0103) pentru a optimiza la maximum efectele sale recreative asupra organismului.<\/p>\n<p>Substan\u021ba poate fi utilizat\u0103 ca stimulent productiv \u00een doze mici sau mari, \u00een timp ce majoritatea utilizatorilor o folosesc \u00een speran\u021ba de a experimenta euforie.<br \/>\nHexen \u00eempotriva Coca-Cola<br \/>\nExaminarea medicamentului Hexen<br \/>\nndh hexen hexin medica\u021bie hex-en-1n n-etil-nor-hexedron\u0103 n-etil-hexedron\u0103 n-etil-hexedron\u0103 sintez\u0103<\/p>","protected":false},"excerpt":{"rendered":"<p>Purchase HEX-EN Online Purchase high-quality research chemicals online at HEX-EN.com. N-Ethyl-hexedrone (HEXEN, NEH) is available online at a reliable supplier&#8217;s wholesale pricing at NarcoPowders.com. N-ethyl-nor-hexedrone, sometimes known as HEX-EN, is a catehinone group stimulant. Since the drug&#8217;s release in 2015, the only information available regarding its effectiveness is a collection of user reviews. N-Ethylhexedrone, also [&hellip;]<\/p>","protected":false},"featured_media":21310,"comment_status":"open","ping_status":"closed","template":"","meta":{"_joinchat":[]},"product_brand":[],"product_cat":[1724],"product_tag":[],"class_list":{"0":"post-21309","1":"product","2":"type-product","3":"status-publish","4":"has-post-thumbnail","6":"product_cat-research-chemicals","8":"first","9":"instock","10":"shipping-taxable","11":"purchasable","12":"product-type-variable","13":"add-to-wishlist-after_add_to_cart"},"yoast_head":"<!-- This site is optimized with the Yoast SEO plugin v25.9 - https:\/\/yoast.com\/wordpress\/plugins\/seo\/ -->\n<title>Buy Hex Online - Order Hex Online - Hex for Sale Legally<\/title>\n<meta name=\"description\" content=\"Buy Hex Online :: We are a leading chemical powder store to order Hex online at best price. Buy Hex online, Hex for sale, purchase hex powder legally!\" \/>\n<meta name=\"robots\" content=\"index, follow, max-snippet:-1, max-image-preview:large, max-video-preview:-1\" \/>\n<link rel=\"canonical\" href=\"https:\/\/narcopowders.com\/ro\/produs\/buy-hex-online\/\" \/>\n<meta property=\"og:locale\" content=\"ro_RO\" \/>\n<meta property=\"og:type\" content=\"article\" \/>\n<meta property=\"og:title\" content=\"Buy Hex Online - Order Hex Online - Hex for Sale Legally\" \/>\n<meta property=\"og:description\" content=\"Buy Hex Online :: We are a leading chemical powder store to order Hex online at best price. Buy Hex online, Hex for sale, purchase hex powder legally!\" \/>\n<meta property=\"og:url\" content=\"https:\/\/narcopowders.com\/ro\/produs\/buy-hex-online\/\" \/>\n<meta property=\"og:site_name\" content=\"Narco Powders\" \/>\n<meta property=\"article:modified_time\" content=\"2025-03-26T12:34:58+00:00\" \/>\n<meta property=\"og:image\" content=\"https:\/\/narcopowders.com\/wp-content\/uploads\/2024\/05\/Hex.gif\" \/>\n\t<meta property=\"og:image:width\" content=\"600\" \/>\n\t<meta property=\"og:image:height\" content=\"600\" \/>\n\t<meta property=\"og:image:type\" content=\"image\/gif\" \/>\n<meta name=\"twitter:card\" content=\"summary_large_image\" \/>\n<meta name=\"twitter:label1\" content=\"Timp estimat pentru citire\" \/>\n\t<meta name=\"twitter:data1\" content=\"2 minute\" \/>\n<!-- \/ Yoast SEO plugin. -->","yoast_head_json":{"title":"Cump\u0103ra\u021bi Hex Online - Comanda\u021bi Hex Online - Hex de v\u00e2nzare legal","description":"Cump\u0103ra\u021bi Hex Online :: Suntem un magazin lider de pulbere chimic\u0103 pentru a comanda Hex online la cel mai bun pre\u021b. Cump\u0103ra\u021bi Hex online, Hex de v\u00e2nzare, cump\u0103ra\u021bi pulbere hexagonal\u0103 \u00een mod legal!","robots":{"index":"index","follow":"follow","max-snippet":"max-snippet:-1","max-image-preview":"max-image-preview:large","max-video-preview":"max-video-preview:-1"},"canonical":"https:\/\/narcopowders.com\/ro\/produs\/buy-hex-online\/","og_locale":"ro_RO","og_type":"article","og_title":"Buy Hex Online - Order Hex Online - Hex for Sale Legally","og_description":"Buy Hex Online :: We are a leading chemical powder store to order Hex online at best price. Buy Hex online, Hex for sale, purchase hex powder legally!","og_url":"https:\/\/narcopowders.com\/ro\/produs\/buy-hex-online\/","og_site_name":"Narco Powders","article_modified_time":"2025-03-26T12:34:58+00:00","og_image":[{"width":600,"height":600,"url":"https:\/\/narcopowders.com\/wp-content\/uploads\/2024\/05\/Hex.gif","type":"image\/gif"}],"twitter_card":"summary_large_image","twitter_misc":{"Timp estimat pentru citire":"2 minute"},"schema":{"@context":"https:\/\/schema.org","@graph":[{"@type":"WebPage","@id":"https:\/\/narcopowders.com\/product\/buy-hex-online\/","url":"https:\/\/narcopowders.com\/product\/buy-hex-online\/","name":"Cump\u0103ra\u021bi Hex Online - Comanda\u021bi Hex Online - Hex de v\u00e2nzare legal","isPartOf":{"@id":"https:\/\/narcopowders.com\/#website"},"primaryImageOfPage":{"@id":"https:\/\/narcopowders.com\/product\/buy-hex-online\/#primaryimage"},"image":{"@id":"https:\/\/narcopowders.com\/product\/buy-hex-online\/#primaryimage"},"thumbnailUrl":"https:\/\/narcopowders.com\/wp-content\/uploads\/2024\/05\/Hex.gif","datePublished":"2024-05-23T10:04:09+00:00","dateModified":"2025-03-26T12:34:58+00:00","description":"Cump\u0103ra\u021bi Hex Online :: Suntem un magazin lider de pulbere chimic\u0103 pentru a comanda Hex online la cel mai bun pre\u021b. Cump\u0103ra\u021bi Hex online, Hex de v\u00e2nzare, cump\u0103ra\u021bi pulbere hexagonal\u0103 \u00een mod legal!","breadcrumb":{"@id":"https:\/\/narcopowders.com\/product\/buy-hex-online\/#breadcrumb"},"inLanguage":"ro-RO","potentialAction":[{"@type":"ReadAction","target":["https:\/\/narcopowders.com\/product\/buy-hex-online\/"]}]},{"@type":"ImageObject","inLanguage":"ro-RO","@id":"https:\/\/narcopowders.com\/product\/buy-hex-online\/#primaryimage","url":"https:\/\/narcopowders.com\/wp-content\/uploads\/2024\/05\/Hex.gif","contentUrl":"https:\/\/narcopowders.com\/wp-content\/uploads\/2024\/05\/Hex.gif","width":600,"height":600,"caption":"Buy Hex Online"},{"@type":"BreadcrumbList","@id":"https:\/\/narcopowders.com\/product\/buy-hex-online\/#breadcrumb","itemListElement":[{"@type":"ListItem","position":1,"name":"Home","item":"https:\/\/narcopowders.com\/"},{"@type":"ListItem","position":2,"name":"Shop Page","item":"https:\/\/narcopowders.com\/shop\/"},{"@type":"ListItem","position":3,"name":"Buy Hex Online"}]},{"@type":"WebSite","@id":"https:\/\/narcopowders.com\/#website","url":"https:\/\/narcopowders.com\/","name":"Pulberi narcotice","description":"Blogul meu WordPress","potentialAction":[{"@type":"SearchAction","target":{"@type":"EntryPoint","urlTemplate":"https:\/\/narcopowders.com\/?s={search_term_string}"},"query-input":{"@type":"PropertyValueSpecification","valueRequired":true,"valueName":"search_term_string"}}],"inLanguage":"ro-RO"}]}},"_links":{"self":[{"href":"https:\/\/narcopowders.com\/ro\/wp-json\/wp\/v2\/product\/21309","targetHints":{"allow":["GET"]}}],"collection":[{"href":"https:\/\/narcopowders.com\/ro\/wp-json\/wp\/v2\/product"}],"about":[{"href":"https:\/\/narcopowders.com\/ro\/wp-json\/wp\/v2\/types\/product"}],"replies":[{"embeddable":true,"href":"https:\/\/narcopowders.com\/ro\/wp-json\/wp\/v2\/comments?post=21309"}],"wp:featuredmedia":[{"embeddable":true,"href":"https:\/\/narcopowders.com\/ro\/wp-json\/wp\/v2\/media\/21310"}],"wp:attachment":[{"href":"https:\/\/narcopowders.com\/ro\/wp-json\/wp\/v2\/media?parent=21309"}],"wp:term":[{"taxonomy":"product_brand","embeddable":true,"href":"https:\/\/narcopowders.com\/ro\/wp-json\/wp\/v2\/product_brand?post=21309"},{"taxonomy":"product_cat","embeddable":true,"href":"https:\/\/narcopowders.com\/ro\/wp-json\/wp\/v2\/product_cat?post=21309"},{"taxonomy":"product_tag","embeddable":true,"href":"https:\/\/narcopowders.com\/ro\/wp-json\/wp\/v2\/product_tag?post=21309"}],"curies":[{"name":"wp","href":"https:\/\/api.w.org\/{rel}","templated":true}]}}