{"id":18697,"date":"2022-02-09T10:40:11","date_gmt":"2022-02-09T10:40:11","guid":{"rendered":"https:\/\/sophiechems.com\/?page_id=18697"},"modified":"2023-01-02T09:53:26","modified_gmt":"2023-01-02T09:53:26","slug":"payment-shipping","status":"publish","type":"page","link":"https:\/\/narcopowders.com\/tr\/odeme-ve-gonderim\/","title":{"rendered":"\u00d6deme ve G\u00f6nderim"},"content":{"rendered":"<div data-elementor-type=\"wp-page\" data-elementor-id=\"18697\" class=\"elementor elementor-18697\">\n\t\t\t\t\t\t<section class=\"elementor-section elementor-top-section elementor-element elementor-element-7c4ed06 elementor-section-boxed elementor-section-height-default elementor-section-height-default\" data-id=\"7c4ed06\" data-element_type=\"section\">\n\t\t\t\t\t\t<div class=\"elementor-container elementor-column-gap-default\">\n\t\t\t\t\t<div class=\"elementor-column elementor-col-100 elementor-top-column elementor-element elementor-element-5ec700d\" data-id=\"5ec700d\" data-element_type=\"column\">\n\t\t\t<div class=\"elementor-widget-wrap elementor-element-populated\">\n\t\t\t\t\t\t<div class=\"elementor-element elementor-element-64b233c elementor-widget elementor-widget-heading\" data-id=\"64b233c\" data-element_type=\"widget\" data-widget_type=\"heading.default\">\n\t\t\t\t<div class=\"elementor-widget-container\">\n\t\t\t<style>\/*! elementor - v3.23.0 - 05-08-2024 *\/\n.elementor-heading-title{padding:0;margin:0;line-height:1}.elementor-widget-heading .elementor-heading-title[class*=elementor-size-]>a{color:inherit;font-size:inherit;line-height:inherit}.elementor-widget-heading .elementor-heading-title.elementor-size-small{font-size:15px}.elementor-widget-heading .elementor-heading-title.elementor-size-medium{font-size:19px}.elementor-widget-heading .elementor-heading-title.elementor-size-large{font-size:29px}.elementor-widget-heading .elementor-heading-title.elementor-size-xl{font-size:39px}.elementor-widget-heading .elementor-heading-title.elementor-size-xxl{font-size:59px}<\/style><h2 class=\"elementor-heading-title elementor-size-default\">\u00d6deme &amp; Kargo Se\u00e7enekleri<\/h2>\t\t<\/div>\n\t\t\t\t<\/div>\n\t\t\t\t\t<\/div>\n\t\t<\/div>\n\t\t\t\t\t<\/div>\n\t\t<\/section>\n\t\t\t\t<section class=\"elementor-section elementor-top-section elementor-element elementor-element-becee20 elementor-section-boxed elementor-section-height-default elementor-section-height-default\" data-id=\"becee20\" data-element_type=\"section\">\n\t\t\t\t\t\t<div class=\"elementor-container elementor-column-gap-default\">\n\t\t\t\t\t<div class=\"elementor-column elementor-col-100 elementor-top-column elementor-element elementor-element-49cbab2\" data-id=\"49cbab2\" data-element_type=\"column\">\n\t\t\t<div class=\"elementor-widget-wrap elementor-element-populated\">\n\t\t\t\t\t\t<div class=\"elementor-element elementor-element-c364813 elementor-widget elementor-widget-text-editor\" data-id=\"c364813\" data-element_type=\"widget\" data-widget_type=\"text-editor.default\">\n\t\t\t\t<div class=\"elementor-widget-container\">\n\t\t\t<style>\/*! elementor - v3.23.0 - 05-08-2024 *\/\n.elementor-widget-text-editor.elementor-drop-cap-view-stacked .elementor-drop-cap{background-color:#69727d;color:#fff}.elementor-widget-text-editor.elementor-drop-cap-view-framed .elementor-drop-cap{color:#69727d;border:3px solid;background-color:transparent}.elementor-widget-text-editor:not(.elementor-drop-cap-view-default) .elementor-drop-cap{margin-top:8px}.elementor-widget-text-editor:not(.elementor-drop-cap-view-default) .elementor-drop-cap-letter{width:1em;height:1em}.elementor-widget-text-editor .elementor-drop-cap{float:left;text-align:center;line-height:1;font-size:50px}.elementor-widget-text-editor .elementor-drop-cap-letter{display:inline-block}<\/style>\t\t\t\t<h2 style=\"text-align: center;\"><span style=\"color: #000000;\">BITCOIN<\/span><\/h2><p><span style=\"color: #000000;\"><img decoding=\"async\" class=\"size-medium wp-image-18721 aligncenter\" src=\"https:\/\/narcopowders.com\/wp-content\/uploads\/2022\/02\/bitcoin-300x63.png\" alt=\"\" width=\"300\" height=\"63\" srcset=\"https:\/\/narcopowders.com\/wp-content\/uploads\/2022\/02\/bitcoin-300x63.png 300w, https:\/\/narcopowders.com\/wp-content\/uploads\/2022\/02\/bitcoin-600x125.png 600w, https:\/\/narcopowders.com\/wp-content\/uploads\/2022\/02\/bitcoin-1024x214.png 1024w, https:\/\/narcopowders.com\/wp-content\/uploads\/2022\/02\/bitcoin-768x160.png 768w, https:\/\/narcopowders.com\/wp-content\/uploads\/2022\/02\/bitcoin-1536x320.png 1536w, https:\/\/narcopowders.com\/wp-content\/uploads\/2022\/02\/bitcoin-2048x427.png 2048w, https:\/\/narcopowders.com\/wp-content\/uploads\/2022\/02\/bitcoin-1300x271.png 1300w\" sizes=\"(max-width: 300px) 100vw, 300px\" \/>Tercih etti\u011fimiz ve en h\u0131zl\u0131 \u00f6deme y\u00f6ntemimiz Bitcoin'dir. Bu tekni\u011fe al\u0131\u015fk\u0131n olan m\u00fc\u015fteriler, bunu olduk\u00e7a basit buluyor. Bitcoin hakk\u0131nda sorular\u0131n\u0131z varsa bizimle ileti\u015fime ge\u00e7in, prosed\u00fcr boyunca size yard\u0131mc\u0131 olaca\u011f\u0131z.<br \/><\/span><\/p><h3><span style=\"color: #000000;\">bitcoin ile nas\u0131l sat\u0131n al\u0131n\u0131r<\/span><\/h3><ul><li>Sat\u0131n almak istedi\u011finiz \u00fcr\u00fcn\u00fc se\u00e7tikten sonra sepete koyun.<\/li><li>Sepeti g\u00f6r\u00fcnt\u00fclemek i\u00e7in sepete t\u0131klay\u0131n.<\/li><li>\u00d6deme sayfas\u0131na eri\u015fmek i\u00e7in \"\u00d6deme i\u015flemine devam et\" yazan d\u00fc\u011fmeyi t\u0131klay\u0131n.<\/li><li>\u041d\u0430 \u0441\u0442\u0440\u0430\u043d\u0438\u0446\u0435 \u043e\u0444\u043e\u0440\u043c\u043b\u0435\u043d\u0438\u044f \u0437\u0430\u043a\u0430\u0437\u0430 \u043f\u043e\u0434\u0442\u0432\u0435\u0440\u0434\u0438\u0442\u0435 \u043f\u043e\u043a\u0443\u043f\u043a\u0443 \u0438 \u043d\u0430\u0436\u043c\u0438\u0442\u0435 \u043a\u043d\u043e\u043f\u043a\u0443 \u043e\u043f\u043b\u0430\u0442\u044b \u0431\u0438\u0442\u043a\u043e\u0439\u043d\u0430\u043c\u0438. \u0412\u044b \u043f\u043e\u043f\u0430\u0434\u0435\u0442\u0435 \u043d\u0430 \u0441\u0442\u0440\u0430\u043d\u0438\u0446\u0443, \u0433\u0434\u0435 \u0441\u043c\u043e\u0436\u0435\u0442\u0435 \u043e\u043f\u043b\u0430\u0442\u0438\u0442\u044c, \u043e\u0442\u0441\u043a\u0430\u043d\u0438\u0440\u043e\u0432\u0430\u0432 QR-\u043a\u043e\u0434 \u0441\u0432\u043e\u0438\u043c \u043a\u043e\u0448\u0435\u043b\u044c\u043a\u043e\u043c \u0438\u043b\u0438 \u0432\u0432\u0435\u0434\u044f \u0430\u0434\u0440\u0435\u0441 \u0441\u0432\u043e\u0435\u0433\u043e \u0431\u0438\u0442\u043a\u043e\u0439\u043d-\u043a\u043e\u0448\u0435\u043b\u044c\u043a\u0430 \u0441\u0440\u0430\u0437\u0443 \u043f\u043e\u0434 \u043a\u043e\u0434\u043e\u043c.<\/li><\/ul><p><span style=\"color: #000000;\"><strong>\u00d6nemli Uyar\u0131<\/strong><\/span><\/p><p>Herhangi bir \u00f6deme yapt\u0131ktan sonra \u00f6deme i\u015fleminizle birlikte contact@narcopowders.com adresine bir e-posta g\u00f6nderin, b\u00f6ylece bunu do\u011frulay\u0131p sipari\u015finizi g\u00f6nderebiliriz.<\/p>\t\t\t\t\t\t<\/div>\n\t\t\t\t<\/div>\n\t\t\t\t\t<\/div>\n\t\t<\/div>\n\t\t\t\t\t<\/div>\n\t\t<\/section>\n\t\t\t\t<section class=\"elementor-section elementor-top-section elementor-element elementor-element-d7b1ead elementor-section-boxed elementor-section-height-default elementor-section-height-default\" data-id=\"d7b1ead\" data-element_type=\"section\">\n\t\t\t\t\t\t<div class=\"elementor-container elementor-column-gap-default\">\n\t\t\t\t\t<div class=\"elementor-column elementor-col-100 elementor-top-column elementor-element elementor-element-5cafb0b\" data-id=\"5cafb0b\" data-element_type=\"column\">\n\t\t\t<div class=\"elementor-widget-wrap elementor-element-populated\">\n\t\t\t\t\t\t<div class=\"elementor-element elementor-element-3e7b34a elementor-widget elementor-widget-text-editor\" data-id=\"3e7b34a\" data-element_type=\"widget\" data-widget_type=\"text-editor.default\">\n\t\t\t\t<div class=\"elementor-widget-container\">\n\t\t\t\t\t\t\t<h2 style=\"text-align: center;\"><span style=\"color: #000000;\">WESTERN UNION VE PARA GRAM<\/span><\/h2><p><span style=\"color: #000000;\"><img decoding=\"async\" class=\"size-medium wp-image-18720 aligncenter\" src=\"https:\/\/narcopowders.com\/wp-content\/uploads\/2022\/02\/wu-300x87.png\" alt=\"\" width=\"300\" height=\"87\" srcset=\"https:\/\/narcopowders.com\/wp-content\/uploads\/2022\/02\/wu-300x87.png 300w, https:\/\/narcopowders.com\/wp-content\/uploads\/2022\/02\/wu-600x175.png 600w, https:\/\/narcopowders.com\/wp-content\/uploads\/2022\/02\/wu.png 724w\" sizes=\"(max-width: 300px) 100vw, 300px\" \/><img decoding=\"async\" class=\"size-medium wp-image-18719 aligncenter\" src=\"https:\/\/narcopowders.com\/wp-content\/uploads\/2022\/02\/mg-300x100.jpeg\" alt=\"\" width=\"300\" height=\"100\" srcset=\"https:\/\/narcopowders.com\/wp-content\/uploads\/2022\/02\/mg-300x100.jpeg 300w, https:\/\/narcopowders.com\/wp-content\/uploads\/2022\/02\/mg-600x200.jpeg 600w, https:\/\/narcopowders.com\/wp-content\/uploads\/2022\/02\/mg-1024x341.jpeg 1024w, https:\/\/narcopowders.com\/wp-content\/uploads\/2022\/02\/mg-768x256.jpeg 768w, https:\/\/narcopowders.com\/wp-content\/uploads\/2022\/02\/mg-1536x512.jpeg 1536w, https:\/\/narcopowders.com\/wp-content\/uploads\/2022\/02\/mg-2048x683.jpeg 2048w, https:\/\/narcopowders.com\/wp-content\/uploads\/2022\/02\/mg-1300x433.jpeg 1300w\" sizes=\"(max-width: 300px) 100vw, 300px\" \/>Moneygram ve western union \u00f6deme y\u00f6ntemlerini de kabul edebiliriz. Bitcoin'den daha yava\u015f olmas\u0131na ra\u011fmen, bu para birimi yine de faydal\u0131d\u0131r.<br \/><\/span><\/p><h3><span style=\"color: #000000;\">Western union veya money gram ile nas\u0131l \u00f6deme yap\u0131l\u0131r<\/span><\/h3><ul><li>Ma\u011fazam\u0131zdan sat\u0131n almak istedi\u011finiz \u00fcr\u00fcnleri se\u00e7erek ba\u015fl\u0131yorsunuz.<\/li><li>Sepete t\u0131klayarak sepete ekleyebilir ve \u00f6deme sayfas\u0131na gidebilirsiniz.<\/li><li>Sepet sayfas\u0131ndan \u00f6deme sayfas\u0131na ula\u015fabilirsiniz.<\/li><li>\u015eimdi sipari\u015finizin foto\u011fraf\u0131n\u0131 \u00e7ekin ve contact@narcopowders.com adresinden bize g\u00f6nderin.<\/li><li>Sipari\u015fi inceledikten sonra size al\u0131c\u0131n\u0131n para gram\u0131n\u0131 veya Western Union bilgilerini i\u00e7eren bir e-posta g\u00f6nderece\u011fiz.<\/li><li>\u0130\u015flem tamamland\u0131ktan sonra makbuzu contact@narcopowders.com adresine g\u00f6nderin.<\/li><li>\u00d6deme al\u0131nd\u0131ktan ve sipari\u015finiz onayland\u0131ktan sonra sipari\u015finiz kargoya verilir.<\/li><\/ul><p><span style=\"color: #000000;\"><strong>\u00d6nemli Uyar\u0131<\/strong><\/span><\/p><p>Herhangi bir \u00f6deme yapt\u0131ktan sonra \u00f6deme i\u015fleminizle birlikte contact@narcopowders.com adresine bir e-posta g\u00f6nderin, b\u00f6ylece bunu do\u011frulay\u0131p sipari\u015finizi g\u00f6nderebiliriz.<\/p>\t\t\t\t\t\t<\/div>\n\t\t\t\t<\/div>\n\t\t\t\t\t<\/div>\n\t\t<\/div>\n\t\t\t\t\t<\/div>\n\t\t<\/section>\n\t\t\t\t<section class=\"elementor-section elementor-top-section elementor-element elementor-element-e56d5ec elementor-section-boxed elementor-section-height-default elementor-section-height-default\" data-id=\"e56d5ec\" data-element_type=\"section\">\n\t\t\t\t\t\t<div class=\"elementor-container elementor-column-gap-default\">\n\t\t\t\t\t<div class=\"elementor-column elementor-col-100 elementor-top-column elementor-element elementor-element-274ba1f\" data-id=\"274ba1f\" data-element_type=\"column\">\n\t\t\t<div class=\"elementor-widget-wrap elementor-element-populated\">\n\t\t\t\t\t\t<div class=\"elementor-element elementor-element-c67d700 elementor-widget elementor-widget-text-editor\" data-id=\"c67d700\" data-element_type=\"widget\" data-widget_type=\"text-editor.default\">\n\t\t\t\t<div class=\"elementor-widget-container\">\n\t\t\t\t\t\t\t<h2 style=\"text-align: center;\"><span style=\"color: #000000;\">Nakliye ve Teslimat<\/span><\/h2><p>\u00dcr\u00fcn\u00fcm\u00fcz\u00fcn tamam\u0131 basic kutu veya zarf i\u00e7erisinde g\u00f6nderilmektedir. A\u011f\u0131r hizmet tipi kokusuz torbalar, kab\u0131 kapatmak i\u00e7in iki kez kullan\u0131l\u0131r ve ard\u0131ndan, geride koku kalmad\u0131\u011f\u0131ndan emin olmak i\u00e7in bantla kapat\u0131l\u0131r. Saat 17:00'den \u00f6nce gelen sipari\u015fleri ayn\u0131 g\u00fcn g\u00f6ndersek de, teslimat s\u00fcrecini y\u00f6neten hizmet sa\u011flay\u0131c\u0131 \u00fczerinde hi\u00e7bir kontrol\u00fcm\u00fcz olmad\u0131\u011f\u0131 i\u00e7in gecikme olas\u0131l\u0131\u011f\u0131 yine de vard\u0131r. Bir \u00fcr\u00fcn s\u00f6z verildi\u011fi gibi gelmezse, sizin i\u00e7in inceleyebilmemiz veya izleyebilmemiz i\u00e7in l\u00fctfen bize bildirin.<\/p><p><strong>SORUMLULUK REDD\u0130:<\/strong> \u00dcr\u00fcnlerimizin 'u teslim edilmi\u015f olmas\u0131na ra\u011fmen, nakliye s\u0131ras\u0131nda kaybolma veya \u00e7al\u0131nma gibi k\u00fc\u00e7\u00fck bir olas\u0131l\u0131k vard\u0131r. Bu durumda ve sipari\u015finizi 14 g\u00fcn i\u00e7inde almad\u0131ysan\u0131z, l\u00fctfen bizimle ileti\u015fime ge\u00e7in. Yard\u0131mc\u0131 olmak i\u00e7in elimizden geleni yapaca\u011f\u0131z.<\/p>\t\t\t\t\t\t<\/div>\n\t\t\t\t<\/div>\n\t\t\t\t\t<\/div>\n\t\t<\/div>\n\t\t\t\t\t<\/div>\n\t\t<\/section>\n\t\t\t\t<\/div>","protected":false},"excerpt":{"rendered":"<p>Payment &#038; Shipping Options BITCOIN Our preferred and fastest method of payment is Bitcoin. Customers that are accustomed to this technique find it to be quite simple. Get in contact with us if you have questions about bitcoin, and we&#8217;ll help you through the procedure. How to buy with bitcoin Put the item you want [&hellip;]<\/p>","protected":false},"author":1,"featured_media":0,"parent":0,"menu_order":0,"comment_status":"closed","ping_status":"closed","template":"","meta":{"_joinchat":[],"footnotes":""},"class_list":["post-18697","page","type-page","status-publish","hentry"],"yoast_head":"<!-- This site is optimized with the Yoast SEO plugin v25.9 - https:\/\/yoast.com\/wordpress\/plugins\/seo\/ -->\n<title>Payment &amp; Shipping - Narco Powders<\/title>\n<meta name=\"robots\" content=\"index, follow, max-snippet:-1, max-image-preview:large, max-video-preview:-1\" \/>\n<link rel=\"canonical\" href=\"https:\/\/narcopowders.com\/tr\/odeme-ve-gonderim\/\" \/>\n<meta property=\"og:locale\" content=\"tr_TR\" \/>\n<meta property=\"og:type\" content=\"article\" \/>\n<meta property=\"og:title\" content=\"Payment &amp; Shipping - Narco Powders\" \/>\n<meta property=\"og:description\" content=\"Payment &#038; Shipping Options BITCOIN Our preferred and fastest method of payment is Bitcoin. Customers that are accustomed to this technique find it to be quite simple. Get in contact with us if you have questions about bitcoin, and we&#8217;ll help you through the procedure. How to buy with bitcoin Put the item you want [&hellip;]\" \/>\n<meta property=\"og:url\" content=\"https:\/\/narcopowders.com\/tr\/odeme-ve-gonderim\/\" \/>\n<meta property=\"og:site_name\" content=\"Narco Powders\" \/>\n<meta property=\"article:modified_time\" content=\"2023-01-02T09:53:26+00:00\" \/>\n<meta property=\"og:image\" content=\"https:\/\/narcopowders.com\/wp-content\/uploads\/2022\/02\/bitcoin-300x63.png\" \/>\n<meta name=\"twitter:card\" content=\"summary_large_image\" \/>\n<meta name=\"twitter:label1\" content=\"Tahmini okuma s\u00fcresi\" \/>\n\t<meta name=\"twitter:data1\" content=\"2 dakika\" \/>\n<!-- \/ Yoast SEO plugin. -->","yoast_head_json":{"title":"\u00d6deme &amp; Nakliye - Narco Powders","robots":{"index":"index","follow":"follow","max-snippet":"max-snippet:-1","max-image-preview":"max-image-preview:large","max-video-preview":"max-video-preview:-1"},"canonical":"https:\/\/narcopowders.com\/tr\/odeme-ve-gonderim\/","og_locale":"tr_TR","og_type":"article","og_title":"Payment & Shipping - Narco Powders","og_description":"Payment &#038; Shipping Options BITCOIN Our preferred and fastest method of payment is Bitcoin. Customers that are accustomed to this technique find it to be quite simple. Get in contact with us if you have questions about bitcoin, and we&#8217;ll help you through the procedure. How to buy with bitcoin Put the item you want [&hellip;]","og_url":"https:\/\/narcopowders.com\/tr\/odeme-ve-gonderim\/","og_site_name":"Narco Powders","article_modified_time":"2023-01-02T09:53:26+00:00","og_image":[{"url":"https:\/\/narcopowders.com\/wp-content\/uploads\/2022\/02\/bitcoin-300x63.png","type":"","width":"","height":""}],"twitter_card":"summary_large_image","twitter_misc":{"Tahmini okuma s\u00fcresi":"2 dakika"},"schema":{"@context":"https:\/\/schema.org","@graph":[{"@type":"WebPage","@id":"https:\/\/narcopowders.com\/payment-shipping\/","url":"https:\/\/narcopowders.com\/payment-shipping\/","name":"\u00d6deme &amp; Nakliye - Narco Powders","isPartOf":{"@id":"https:\/\/narcopowders.com\/#website"},"primaryImageOfPage":{"@id":"https:\/\/narcopowders.com\/payment-shipping\/#primaryimage"},"image":{"@id":"https:\/\/narcopowders.com\/payment-shipping\/#primaryimage"},"thumbnailUrl":"https:\/\/narcopowders.com\/wp-content\/uploads\/2022\/02\/bitcoin-300x63.png","datePublished":"2022-02-09T10:40:11+00:00","dateModified":"2023-01-02T09:53:26+00:00","breadcrumb":{"@id":"https:\/\/narcopowders.com\/payment-shipping\/#breadcrumb"},"inLanguage":"tr","potentialAction":[{"@type":"ReadAction","target":["https:\/\/narcopowders.com\/payment-shipping\/"]}]},{"@type":"ImageObject","inLanguage":"tr","@id":"https:\/\/narcopowders.com\/payment-shipping\/#primaryimage","url":"https:\/\/narcopowders.com\/wp-content\/uploads\/2022\/02\/bitcoin-300x63.png","contentUrl":"https:\/\/narcopowders.com\/wp-content\/uploads\/2022\/02\/bitcoin-300x63.png"},{"@type":"BreadcrumbList","@id":"https:\/\/narcopowders.com\/payment-shipping\/#breadcrumb","itemListElement":[{"@type":"ListItem","position":1,"name":"Home","item":"https:\/\/narcopowders.com\/"},{"@type":"ListItem","position":2,"name":"Payment &#038; Shipping"}]},{"@type":"WebSite","@id":"https:\/\/narcopowders.com\/#website","url":"https:\/\/narcopowders.com\/","name":"Narko Tozlar","description":"WordPress Blogum","potentialAction":[{"@type":"SearchAction","target":{"@type":"EntryPoint","urlTemplate":"https:\/\/narcopowders.com\/?s={search_term_string}"},"query-input":{"@type":"PropertyValueSpecification","valueRequired":true,"valueName":"search_term_string"}}],"inLanguage":"tr"}]}},"_links":{"self":[{"href":"https:\/\/narcopowders.com\/tr\/wp-json\/wp\/v2\/pages\/18697","targetHints":{"allow":["GET"]}}],"collection":[{"href":"https:\/\/narcopowders.com\/tr\/wp-json\/wp\/v2\/pages"}],"about":[{"href":"https:\/\/narcopowders.com\/tr\/wp-json\/wp\/v2\/types\/page"}],"author":[{"embeddable":true,"href":"https:\/\/narcopowders.com\/tr\/wp-json\/wp\/v2\/users\/1"}],"replies":[{"embeddable":true,"href":"https:\/\/narcopowders.com\/tr\/wp-json\/wp\/v2\/comments?post=18697"}],"version-history":[{"count":23,"href":"https:\/\/narcopowders.com\/tr\/wp-json\/wp\/v2\/pages\/18697\/revisions"}],"predecessor-version":[{"id":19103,"href":"https:\/\/narcopowders.com\/tr\/wp-json\/wp\/v2\/pages\/18697\/revisions\/19103"}],"wp:attachment":[{"href":"https:\/\/narcopowders.com\/tr\/wp-json\/wp\/v2\/media?parent=18697"}],"curies":[{"name":"wp","href":"https:\/\/api.w.org\/{rel}","templated":true}]}}