{"id":19057,"date":"2023-01-02T09:27:48","date_gmt":"2023-01-02T09:27:48","guid":{"rendered":"https:\/\/nembutalhouse.com\/narco\/?post_type=product&#038;p=19057"},"modified":"2025-03-25T12:31:48","modified_gmt":"2025-03-25T12:31:48","slug":"black-tar-heroin","status":"publish","type":"product","link":"https:\/\/narcopowders.com\/tr\/urun\/kara-katranli-eroin\/","title":{"rendered":"\u00c7evrimi\u00e7i Kara Katran Eroin Sat\u0131n Al\u0131n"},"content":{"rendered":"<h2 style=\"text-align: justify;\">\u00c7evrimi\u00e7i Kara Katran Eroin Sat\u0131n Al\u0131n<\/h2>\n<p style=\"text-align: justify;\"><a href=\"https:\/\/narcopowders.com\/tr\/urun\/kara-katranli-eroin\/\">Black tar heroin<\/a> Siyah, yap\u0131\u015fkan ve katran benzeri k\u0131vam\u0131yla bilinen bir uyu\u015fturucu eroin t\u00fcr\u00fcd\u00fcr. Riskli ve <a href=\"https:\/\/en.wikipedia.org\/wiki\/Heroin\">powerful drug<\/a>D\u00fc\u015f\u00fck maliyeti ve bulunabilirli\u011fi nedeniyle hala y\u00fcksek talep g\u00f6r\u00fcyor. Bu nedenle, isterseniz\u00a0<strong>siyah katran eroin \u00e7evrimi\u00e7i<\/strong>\u00a0at the best price, <a href=\"https:\/\/narcopowders.com\/tr\/\">Narko Tozlar<\/a> is the best place.<\/p>\n<h3 style=\"text-align: justify;\">Kara Katran Eroinin G\u00f6r\u00fcn\u00fcm\u00fc ve Kokusu Nas\u0131ld\u0131r?<\/h3>\n<p style=\"text-align: justify;\">Siyah katran eroin, eroin i\u00e7ildikten veya enjekte edildikten sonra geriye kalan sertle\u015fmi\u015f kal\u0131nt\u0131dan yap\u0131l\u0131r. Di\u011fer eroin t\u00fcrlerinden daha etkilidir ve daha g\u00fc\u00e7l\u00fc bir kokusu ve tad\u0131 vard\u0131r. \u0130\u00e7in\u00a0<a href=\"https:\/\/www.bing.com\/search?q=Buy%20Black%20Tar%20Heroin%20Online&amp;qs=n&amp;form=QBRE&amp;sp=-1&amp;lq=0&amp;pq=buy%20black%20tar%20heroin%20online&amp;sc=0-27&amp;sk=&amp;cvid=F01FA017FD0F4F3EABB14F7ED199BF75&amp;ghsh=0&amp;ghacc=0&amp;ghpl=\"><strong>siyah katran eroini \u00e7evrimi\u00e7i sipari\u015f edin<\/strong><\/a>\u00a0Narco Powders'dan \"Sepete Ekle\"ye t\u0131klay\u0131n ve \u00f6deme i\u015flemine bilgilerinizi girin. sonra alacaks\u0131n\u00a0<strong><a href=\"https:\/\/www.google.com\/search?q=Buy+Black+Tar+Heroin+Online&amp;num=10&amp;sca_esv=1a2a07081c7891bb&amp;rlz=1C1RXQR_enIN1098IN1098&amp;sxsrf=AHTn8zquBUMCtTjZYnZwT6wlYjztzsC8Wg%3A1741762728195&amp;ei=qDDRZ4LPC83C4-EPh7vMqQk&amp;ved=0ahUKEwiCw8nl-4OMAxVN4TgGHYcdM5UQ4dUDCBA&amp;uact=5&amp;oq=Buy+Black+Tar+Heroin+Online&amp;gs_lp=Egxnd3Mtd2l6LXNlcnAiG0J1eSBCbGFjayBUYXIgSGVyb2luIE9ubGluZUjyBlC6A1i6A3ACeACQAQCYAdMBoAHTAaoBAzItMbgBA8gBAPgBAvgBAZgCAKACAJgDAIgGAZIHAKAHTw&amp;sclient=gws-wiz-serp\">toplu halde siyah katran eroin<\/a>\u00a0<\/strong>kap\u0131n\u0131za teslim<strong>.\u00a0<\/strong>Ancak ila\u00e7lar\u0131n\u0131z\u0131 \u00e7ocuklardan ve evcil hayvanlardan g\u00fcvenli bir \u015fekilde saklamay\u0131 unutmay\u0131n ve i\u011fneleri veya \u015f\u0131r\u0131ngalar\u0131 asla ba\u015fkalar\u0131yla payla\u015fmay\u0131 unutmay\u0131n.<\/p>\n<h3 style=\"text-align: justify;\">Kara Katran Eroin \u00dcretimi ve Ticareti Prosed\u00fcr\u00fc<\/h3>\n<p style=\"text-align: justify;\"><a href=\"https:\/\/www.bing.com\/search?q=Buy%20Black%20Tar%20Heroin%20Online&amp;qs=n&amp;form=QBRE&amp;sp=-1&amp;lq=0&amp;pq=buy%20black%20tar%20heroin%20online&amp;sc=0-27&amp;sk=&amp;cvid=F01FA017FD0F4F3EABB14F7ED199BF75&amp;ghsh=0&amp;ghacc=0&amp;ghpl=\">Siyah katran eroini bir eroin t\u00fcr\u00fcd\u00fcr<\/a> Kara katran eroin, toz afyondan yap\u0131lan bir eroin t\u00fcr\u00fcd\u00fcr. Bu madde daha sonra di\u011fer kimyasallarla kar\u0131\u015ft\u0131r\u0131l\u0131r ve \"katran\" olarak bilinen yap\u0131\u015fkan siyah bir madde haline gelene kadar \u0131s\u0131t\u0131l\u0131r. Katran daha sonra k\u00fc\u00e7\u00fck par\u00e7alara b\u00f6l\u00fcn\u00fcr ve sokaklarda eroin olarak sat\u0131l\u0131r.<\/p>\n<p style=\"text-align: justify;\">Kara katranl\u0131 eroin yapma ve ticaretini yapma s\u00fcreci karma\u015f\u0131kt\u0131r. Eroin sat\u0131c\u0131lar\u0131, uyu\u015fturucuyu yapmak i\u00e7in gereken ham maddeleri ele ge\u00e7irmek ve onlar\u0131 durdurmaya \u00e7al\u0131\u015fabilecek kanun uygulay\u0131c\u0131 yetkililerle anla\u015fmak i\u00e7in yeralt\u0131 su\u00e7 d\u00fcnyas\u0131nda gezinirler. Ancak, kullan\u0131labilirli\u011fi\u00a0<strong><a href=\"https:\/\/duckduckgo.com\/?q=Buy+Black+Tar+Heroin+Online&amp;t=h_&amp;ia=web\">sat\u0131l\u0131k kara katranl\u0131 eroin<\/a>\u00a0<\/strong>Narco Powders gibi sertifikal\u0131 sitelerde \u00e7evrimi\u00e7i olarak bu i\u015flemi her zamankinden daha kolay hale getirir.<\/p>\n<p style=\"text-align: justify;\">Sat\u0131n al\u0131rken <a href=\"https:\/\/duckduckgo.com\/?q=Buy+Black+Tar+Heroin+Online&amp;t=h_&amp;ia=web\"><strong>siyah katran eroin \u00e7evrimi\u00e7i<\/strong><\/a>, ilgili risklerin fark\u0131nda olun. Bilinmeyen bir kaynaktan uyu\u015fturucu sat\u0131n alma riskini almakla kalmaz, ayn\u0131 zamanda kendinizi a\u015f\u0131r\u0131 doz ve HIV veya di\u011fer hastal\u0131klara (STD'ler) yakalanma dahil olmak \u00fczere ek tehlikelere maruz b\u0131rak\u0131rs\u0131n\u0131z. Bu nedenle, bu ila\u00e7lar\u0131 yaln\u0131zca Narco Powders gibi g\u00fcvenilir bir kaynaktan sat\u0131n al\u0131n.<\/p>\n<h3 style=\"text-align: justify;\">Kara Katran Eroinin Olumsuz Etkileri<\/h3>\n<p style=\"text-align: justify;\">Kara katranl\u0131 eroin, birka\u00e7 ciddi yan etkisi olan g\u00fc\u00e7l\u00fc, saf olmayan bir eroin \u015feklidir. \u00d6rne\u011fin, siyah katran eroin mide bulant\u0131s\u0131, kusma ve ba\u015f a\u011fr\u0131lar\u0131na neden olabilir. Uzun s\u00fcreli kullan\u0131m ayr\u0131ca depresyon, kayg\u0131 ve huzursuzluk gibi yoksunluk belirtilerine yol a\u00e7abilir. Kara katran eroin ayr\u0131ca kalp ve akci\u011fer sorunlar\u0131 riskinizi art\u0131rabilir. Siz veya tan\u0131d\u0131\u011f\u0131n\u0131z biri kara katran eroin ba\u011f\u0131ml\u0131l\u0131\u011f\u0131yla m\u00fccadele ediyorsa l\u00fctfen yard\u0131m istemekten \u00e7ekinmeyin.<\/p>\n<h3 style=\"text-align: justify;\">Neden Narco Powders'tan \u00c7evrimi\u00e7i Kara Katran Eroini Sat\u0131n Almal\u0131s\u0131n\u0131z?<\/h3>\n<p style=\"text-align: justify;\">G\u00fcvenilir ve kaliteli bir kaynak ar\u0131yorum. <a href=\"https:\/\/duckduckgo.com\/?q=Buy+Black+Tar+Heroin+Online&amp;t=h_&amp;ia=web\"><strong>siyah katran eroin \u00e7evrimi\u00e7i<\/strong><\/a>? Narco Powders.'dan ba\u015fkas\u0131na bakmay\u0131n Burada en iyisini bulacaks\u0131n\u0131z <strong>kara katranl\u0131 eroin fiyat\u0131\u00a0<\/strong>garantili kalite ile. Bunun da \u00f6tesinde, sekt\u00f6rdeki en h\u0131zl\u0131 teslimat s\u00fcrelerini sunuyoruz.<\/p>","protected":false},"excerpt":{"rendered":"<p>Buy Black Tar Heroin Online Black tar heroin is a form of the drug heroin known for its black, sticky, and tar-like consistency. While it is considered a risky and powerful drug, it is still in high demand due to its low cost and availability. So, if you wish to\u00a0buy black tar heroin online\u00a0at the [&hellip;]<\/p>","protected":false},"featured_media":19064,"comment_status":"open","ping_status":"closed","template":"","meta":{"_joinchat":[]},"product_brand":[],"product_cat":[1168],"product_tag":[1186,1180,1188,1182,1181,1189,1192,1193,1191,1183,1194,1187,1195,1184,1190,1185],"class_list":{"0":"post-19057","1":"product","2":"type-product","3":"status-publish","4":"has-post-thumbnail","6":"product_cat-buy-heroin-online","7":"product_tag-benefits-of-black-tar-heroin","8":"product_tag-best-place-to-order-black-tar-heroin","9":"product_tag-black-tar-heroin-for-sale","10":"product_tag-black-tar-heroin-price","11":"product_tag-black-tar-heroin-wholesale","12":"product_tag-buy-black-tar-heroin-legally","13":"product_tag-buy-black-tar-heroin-online-australia","14":"product_tag-buy-black-tar-heroin-online-near-me","15":"product_tag-buy-black-tar-heroin-online-usa","16":"product_tag-cheap-black-tar-heroin","17":"product_tag-how-can-i-get-the-best-black-tar-heroin","18":"product_tag-how-to-order-black-tar-heroin","19":"product_tag-legit-black-tar-heroin-online","20":"product_tag-what-is-black-tar-heroin","21":"product_tag-where-can-i-buy-black-tar-heroin","22":"product_tag-where-to-buy-black-tar-heroin","24":"first","25":"instock","26":"shipping-taxable","27":"purchasable","28":"product-type-variable","29":"add-to-wishlist-after_add_to_cart"},"yoast_head":"<!-- This site is optimized with the Yoast SEO plugin v25.9 - https:\/\/yoast.com\/wordpress\/plugins\/seo\/ -->\n<title>Black Tar Heroin for Sale - Buy Black Tar Heroin Online<\/title>\n<meta name=\"description\" content=\"Looking for best place to buy black tar heroin online? We offer the best quality black tar heroin for sale and at the most affordable prices. Order Now!\" \/>\n<meta name=\"robots\" content=\"index, follow, max-snippet:-1, max-image-preview:large, max-video-preview:-1\" \/>\n<link rel=\"canonical\" href=\"https:\/\/narcopowders.com\/tr\/urun\/kara-katranli-eroin\/\" \/>\n<meta property=\"og:locale\" content=\"tr_TR\" \/>\n<meta property=\"og:type\" content=\"article\" \/>\n<meta property=\"og:title\" content=\"Black Tar Heroin for Sale - Buy Black Tar Heroin Online\" \/>\n<meta property=\"og:description\" content=\"Looking for best place to buy black tar heroin online? We offer the best quality black tar heroin for sale and at the most affordable prices. Order Now!\" \/>\n<meta property=\"og:url\" content=\"https:\/\/narcopowders.com\/tr\/urun\/kara-katranli-eroin\/\" \/>\n<meta property=\"og:site_name\" content=\"Narco Powders\" \/>\n<meta property=\"article:modified_time\" content=\"2025-03-25T12:31:48+00:00\" \/>\n<meta property=\"og:image\" content=\"https:\/\/narcopowders.com\/wp-content\/uploads\/2023\/01\/black-tar-heroin.jpg\" \/>\n\t<meta property=\"og:image:width\" content=\"600\" \/>\n\t<meta property=\"og:image:height\" content=\"600\" \/>\n\t<meta property=\"og:image:type\" content=\"image\/jpeg\" \/>\n<meta name=\"twitter:card\" content=\"summary_large_image\" \/>\n<meta name=\"twitter:label1\" content=\"Tahmini okuma s\u00fcresi\" \/>\n\t<meta name=\"twitter:data1\" content=\"3 dakika\" \/>\n<!-- \/ Yoast SEO plugin. -->","yoast_head_json":{"title":"Sat\u0131l\u0131k Kara Katran Eroin - \u00c7evrimi\u00e7i Kara Katran Eroin Sat\u0131n Al\u0131n","description":"\u00c7evrimi\u00e7i siyah katran eroin sat\u0131n almak i\u00e7in en iyi yeri mi ar\u0131yorsunuz? En kaliteli siyah katranl\u0131 eroini en uygun fiyatlarla sat\u0131\u015fa sunuyoruz. \u015eimdi sipari\u015f ver!","robots":{"index":"index","follow":"follow","max-snippet":"max-snippet:-1","max-image-preview":"max-image-preview:large","max-video-preview":"max-video-preview:-1"},"canonical":"https:\/\/narcopowders.com\/tr\/urun\/kara-katranli-eroin\/","og_locale":"tr_TR","og_type":"article","og_title":"Black Tar Heroin for Sale - Buy Black Tar Heroin Online","og_description":"Looking for best place to buy black tar heroin online? We offer the best quality black tar heroin for sale and at the most affordable prices. Order Now!","og_url":"https:\/\/narcopowders.com\/tr\/urun\/kara-katranli-eroin\/","og_site_name":"Narco Powders","article_modified_time":"2025-03-25T12:31:48+00:00","og_image":[{"width":600,"height":600,"url":"https:\/\/narcopowders.com\/wp-content\/uploads\/2023\/01\/black-tar-heroin.jpg","type":"image\/jpeg"}],"twitter_card":"summary_large_image","twitter_misc":{"Tahmini okuma s\u00fcresi":"3 dakika"},"schema":{"@context":"https:\/\/schema.org","@graph":[{"@type":"WebPage","@id":"https:\/\/narcopowders.com\/product\/black-tar-heroin\/","url":"https:\/\/narcopowders.com\/product\/black-tar-heroin\/","name":"Sat\u0131l\u0131k Kara Katran Eroin - \u00c7evrimi\u00e7i Kara Katran Eroin Sat\u0131n Al\u0131n","isPartOf":{"@id":"https:\/\/narcopowders.com\/#website"},"primaryImageOfPage":{"@id":"https:\/\/narcopowders.com\/product\/black-tar-heroin\/#primaryimage"},"image":{"@id":"https:\/\/narcopowders.com\/product\/black-tar-heroin\/#primaryimage"},"thumbnailUrl":"https:\/\/narcopowders.com\/wp-content\/uploads\/2023\/01\/black-tar-heroin.jpg","datePublished":"2023-01-02T09:27:48+00:00","dateModified":"2025-03-25T12:31:48+00:00","description":"\u00c7evrimi\u00e7i siyah katran eroin sat\u0131n almak i\u00e7in en iyi yeri mi ar\u0131yorsunuz? En kaliteli siyah katranl\u0131 eroini en uygun fiyatlarla sat\u0131\u015fa sunuyoruz. \u015eimdi sipari\u015f ver!","breadcrumb":{"@id":"https:\/\/narcopowders.com\/product\/black-tar-heroin\/#breadcrumb"},"inLanguage":"tr","potentialAction":[{"@type":"ReadAction","target":["https:\/\/narcopowders.com\/product\/black-tar-heroin\/"]}]},{"@type":"ImageObject","inLanguage":"tr","@id":"https:\/\/narcopowders.com\/product\/black-tar-heroin\/#primaryimage","url":"https:\/\/narcopowders.com\/wp-content\/uploads\/2023\/01\/black-tar-heroin.jpg","contentUrl":"https:\/\/narcopowders.com\/wp-content\/uploads\/2023\/01\/black-tar-heroin.jpg","width":600,"height":600,"caption":"Buy Black Tar Heroin Online"},{"@type":"BreadcrumbList","@id":"https:\/\/narcopowders.com\/product\/black-tar-heroin\/#breadcrumb","itemListElement":[{"@type":"ListItem","position":1,"name":"Home","item":"https:\/\/narcopowders.com\/"},{"@type":"ListItem","position":2,"name":"Shop Page","item":"https:\/\/narcopowders.com\/shop\/"},{"@type":"ListItem","position":3,"name":"Buy Black Tar Heroin Online"}]},{"@type":"WebSite","@id":"https:\/\/narcopowders.com\/#website","url":"https:\/\/narcopowders.com\/","name":"Narko Tozlar","description":"WordPress Blogum","potentialAction":[{"@type":"SearchAction","target":{"@type":"EntryPoint","urlTemplate":"https:\/\/narcopowders.com\/?s={search_term_string}"},"query-input":{"@type":"PropertyValueSpecification","valueRequired":true,"valueName":"search_term_string"}}],"inLanguage":"tr"}]}},"_links":{"self":[{"href":"https:\/\/narcopowders.com\/tr\/wp-json\/wp\/v2\/product\/19057","targetHints":{"allow":["GET"]}}],"collection":[{"href":"https:\/\/narcopowders.com\/tr\/wp-json\/wp\/v2\/product"}],"about":[{"href":"https:\/\/narcopowders.com\/tr\/wp-json\/wp\/v2\/types\/product"}],"replies":[{"embeddable":true,"href":"https:\/\/narcopowders.com\/tr\/wp-json\/wp\/v2\/comments?post=19057"}],"wp:featuredmedia":[{"embeddable":true,"href":"https:\/\/narcopowders.com\/tr\/wp-json\/wp\/v2\/media\/19064"}],"wp:attachment":[{"href":"https:\/\/narcopowders.com\/tr\/wp-json\/wp\/v2\/media?parent=19057"}],"wp:term":[{"taxonomy":"product_brand","embeddable":true,"href":"https:\/\/narcopowders.com\/tr\/wp-json\/wp\/v2\/product_brand?post=19057"},{"taxonomy":"product_cat","embeddable":true,"href":"https:\/\/narcopowders.com\/tr\/wp-json\/wp\/v2\/product_cat?post=19057"},{"taxonomy":"product_tag","embeddable":true,"href":"https:\/\/narcopowders.com\/tr\/wp-json\/wp\/v2\/product_tag?post=19057"}],"curies":[{"name":"wp","href":"https:\/\/api.w.org\/{rel}","templated":true}]}}