{"id":19099,"date":"2023-01-02T10:01:34","date_gmt":"2023-01-02T10:01:34","guid":{"rendered":"https:\/\/nembutalhouse.com\/narco\/?post_type=product&#038;p=19099"},"modified":"2025-03-25T11:59:16","modified_gmt":"2025-03-25T11:59:16","slug":"crack-cocaine","status":"publish","type":"product","link":"https:\/\/narcopowders.com\/tr\/urun\/icilebilen-kokain\/","title":{"rendered":"\u041a\u0443\u043f\u0438\u0442\u044c \u043a\u0440\u044d\u043a-\u043a\u043e\u043a\u0430\u0438\u043d \u043e\u043d\u043b\u0430\u0439\u043d"},"content":{"rendered":"<h2 style=\"text-align: justify;\">\u041a\u0443\u043f\u0438\u0442\u044c \u043a\u0440\u044d\u043a-\u043a\u043e\u043a\u0430\u0438\u043d \u043e\u043d\u043b\u0430\u0439\u043d<\/h2>\n<p style=\"text-align: justify;\">Size yo\u011fun bir enerji patlamas\u0131 verecek bir y\u00fcksek ar\u0131yorsan\u0131z, crack kokain sizin i\u00e7in bir ila\u00e7t\u0131r. Crack kokain, koka bitkisinden elde edilen g\u00fc\u00e7l\u00fc bir uyar\u0131c\u0131d\u0131r. \u00d6fori ve artan enerji dahil olmak \u00fczere yo\u011fun, k\u0131sa vadeli etkiler \u00fcretir. Yani, ar\u0131yor musun?\u00a0<a href=\"https:\/\/narcopowders.com\/tr\/urun\/icilebilen-kokain\/\"><strong>\u00e7evrimi\u00e7i crack kokain sat\u0131n al<\/strong><\/a>? If so, <a href=\"https:\/\/narcopowders.com\/tr\/\">Narko Tozlar<\/a> ? \u00d6yleyse, Narco Powders ile ilgili her \u015fey i\u00e7in tek adresiniz\u00a0<a href=\"https:\/\/www.bing.com\/search?q=Buy%20Crack%20Cocaine%20Online&amp;qs=n&amp;form=QBRE&amp;sp=-1&amp;lq=0&amp;pq=buy%20crack%20cocaine%20online&amp;sc=0-24&amp;sk=&amp;cvid=5A9C510B114D4A079A7AC55020730BE4&amp;ghsh=0&amp;ghacc=0&amp;ghpl=\"><strong>crack kokain \u00e7evrimi\u00e7i<\/strong><\/a>.<\/p>\n<h3 style=\"text-align: justify;\">Crack Kokain Neyden Yap\u0131lm\u0131\u015ft\u0131r?<\/h3>\n<p style=\"text-align: justify;\"><a href=\"https:\/\/www.google.com\/search?q=Buy+Crack+Cocaine+Online&amp;num=10&amp;sca_esv=1a2a07081c7891bb&amp;rlz=1C1RXQR_enIN1098IN1098&amp;sxsrf=AHTn8zqSQPNqBnznlXjjKSal3EstteuNmw%3A1741685751392&amp;ei=9wPQZ7LZF47U1e8P8drDiQ0&amp;ved=0ahUKEwjysJaE3YGMAxUOavUHHXHtMNEQ4dUDCBA&amp;uact=5&amp;oq=Buy+Crack+Cocaine+Online&amp;gs_lp=Egxnd3Mtd2l6LXNlcnAiGEJ1eSBDcmFjayBDb2NhaW5lIE9ubGluZUjMB1DBA1jBA3ACeACQAQCYAc8BoAHPAaoBAzItMbgBA8gBAPgBAvgBAZgCAKACAJgDAIgGAZIHAKAHTA&amp;sclient=gws-wiz-serp\">Kokain<\/a> koka \u00e7al\u0131s\u0131n\u0131n yapraklar\u0131ndan elde edilen bir t\u00fcr uyar\u0131c\u0131d\u0131r. Genellikle \"<a href=\"https:\/\/en.wikipedia.org\/wiki\/Cocaine\">crack kokain<\/a>\u201d, kokain ve su kar\u0131\u015f\u0131m\u0131d\u0131r. Geni\u015f, y\u00fcksek kaliteli \u00fcr\u00fcn yelpazesiyle <a href=\"https:\/\/www.bing.com\/search?q=Buy%20Crack%20Cocaine%20Online&amp;qs=n&amp;form=QBRE&amp;sp=-1&amp;lq=0&amp;pq=buy%20crack%20cocaine%20online&amp;sc=0-24&amp;sk=&amp;cvid=5A9C510B114D4A079A7AC55020730BE4&amp;ghsh=0&amp;ghacc=0&amp;ghpl=\"><strong>toplu halde crack kokain<\/strong><\/a>, g\u00fcvenli \u00f6deme y\u00f6ntemleri ve gizli teslimat, Narco Powders, bu g\u00fc\u00e7l\u00fc maddeyi g\u00fcvenle sat\u0131n almak isteyen herkes i\u00e7in en iyi se\u00e7enektir.<\/p>\n<h3 style=\"text-align: justify;\">Crack Kokainin Faydalar\u0131<\/h3>\n<p style=\"text-align: justify;\"><a href=\"https:\/\/www.google.com\/search?q=Buy+Crack+Cocaine+Online&amp;num=10&amp;sca_esv=1a2a07081c7891bb&amp;rlz=1C1RXQR_enIN1098IN1098&amp;sxsrf=AHTn8zqSQPNqBnznlXjjKSal3EstteuNmw%3A1741685751392&amp;ei=9wPQZ7LZF47U1e8P8drDiQ0&amp;ved=0ahUKEwjysJaE3YGMAxUOavUHHXHtMNEQ4dUDCBA&amp;uact=5&amp;oq=Buy+Crack+Cocaine+Online&amp;gs_lp=Egxnd3Mtd2l6LXNlcnAiGEJ1eSBDcmFjayBDb2NhaW5lIE9ubGluZUjMB1DBA1jBA3ACeACQAQCYAc8BoAHPAaoBAzItMbgBA8gBAPgBAvgBAZgCAKACAJgDAIgGAZIHAKAHTA&amp;sclient=gws-wiz-serp\">Crack cocaine<\/a> Crack kokain piyasadaki en pop\u00fcler uyu\u015fturuculardan biridir ve bunun iyi bir nedeni vard\u0131r. Di\u011fer ila\u00e7lardan daha uzun s\u00fcren yo\u011fun bir sarho\u015flu\u011fa ula\u015fman\u0131n h\u0131zl\u0131 ve kolay bir yolu. Etkilerinin ortaya \u00e7\u0131kmas\u0131 bazen saatler s\u00fcrebilen di\u011fer uyu\u015fturucular\u0131n aksine, crack kokain an\u0131nda tepki verir. Etkileri dakikalar i\u00e7inde hissedebileceksiniz, bu da zirvenin keyfini hemen \u00e7\u0131karmaya ba\u015flayabilece\u011finiz anlam\u0131na gelir. Ayr\u0131ca marihuana veya ecstasy gibi di\u011fer uyu\u015fturucu maddelerle kar\u015f\u0131la\u015ft\u0131r\u0131ld\u0131\u011f\u0131nda crack kokainin yarat\u0131c\u0131l\u0131\u011f\u0131 ve duygu yo\u011funlu\u011funu artt\u0131rd\u0131\u011f\u0131 bilinmektedir. <a href=\"https:\/\/duckduckgo.com\/?q=Buy+Crack+Cocaine+Online&amp;t=h_&amp;ia=web\">crack kokain<\/a> is known to increase creativity and intensity of feelings.<\/p>\n<p style=\"text-align: justify;\">Narco Powders'ta y\u00fcksek kalite sunuyoruz\u00a0<strong><a href=\"https:\/\/duckduckgo.com\/?q=Buy+Crack+Cocaine+Online&amp;t=h_&amp;ia=web\">sat\u0131l\u0131k crack kokain<\/a>\u00a0<\/strong>t\u00fcm \u00fclkelerdeki kullan\u0131c\u0131lar\u0131n eri\u015febilece\u011fi d\u00fc\u015f\u00fck bir maliyetle \u00e7evrimi\u00e7i. Crack kokainimiz m\u00fcmk\u00fcn olan en y\u00fcksek safl\u0131k standartlar\u0131yla yap\u0131lm\u0131\u015ft\u0131r, b\u00f6ylece m\u00fcmk\u00fcn olan en iyi sonu\u00e7lar\u0131 alaca\u011f\u0131n\u0131zdan emin olabilirsiniz.<\/p>\n<h3 style=\"text-align: justify;\">Crack Kokainin Yan Etkileri<\/h3>\n<p style=\"text-align: justify;\">Crack kokain, sa\u011fl\u0131\u011f\u0131n\u0131z i\u00e7in ciddi sonu\u00e7lar do\u011furabilecek, olduk\u00e7a ba\u011f\u0131ml\u0131l\u0131k yapan ve tehlikeli bir uyu\u015fturucudur. Crack kokainin k\u0131sa ve uzun vadeli yan etkileri aras\u0131nda ba\u011f\u0131ml\u0131l\u0131k, ak\u0131l sa\u011fl\u0131\u011f\u0131 sorunlar\u0131 ve \u00f6l\u00fcm yer al\u0131r. Crack kokain ayn\u0131 zamanda artan kalp at\u0131\u015f h\u0131z\u0131, paranoya ve \u015fiddet gibi k\u0131sa vadeli fiziksel etkilere de neden olabilir. Uzun vadeli yan etkiler, crack kokain kullanmaya ba\u015flad\u0131ktan y\u0131llar sonra ortaya \u00e7\u0131kmayabilir, bu nedenle bu ilac\u0131 almadan \u00f6nce risklerin fark\u0131nda olmak \u00f6nemlidir.<\/p>\n<h3 style=\"text-align: justify;\">Narco Powders'tan \u00c7evrimi\u00e7i Crack Kokain Sat\u0131n Al\u0131n<\/h3>\n<p style=\"text-align: justify;\">Y\u00fckselmenin bir yolunu mu ar\u0131yorsunuz? Kalite kontroll\u00fc \u00fcr\u00fcnler i\u00e7in \u00e7evrimi\u00e7i var\u0131\u015f noktas\u0131 olan Narco Powders'a g\u00f6z at\u0131n <strong>crack kokain toptan sat\u0131\u015f\u0131<\/strong>. \u041c\u044b \u043f\u0440\u0435\u0434\u043b\u0430\u0433\u0430\u0435\u043c \u0448\u0438\u0440\u043e\u043a\u0438\u0439 \u0430\u0441\u0441\u043e\u0440\u0442\u0438\u043c\u0435\u043d\u0442 \u043f\u0440\u043e\u0434\u0443\u043a\u0446\u0438\u0438, \u0432 \u0442\u043e\u043c \u0447\u0438\u0441\u043b\u0435 \u043a\u0440\u044d\u043a \u0432 \u043d\u0435\u0431\u043e\u043b\u044c\u0448\u0438\u0445 \u043a\u043e\u043b\u0438\u0447\u0435\u0441\u0442\u0432\u0430\u0445 \u0434\u043e \u043a\u0438\u043b\u043e\u0433\u0440\u0430\u043c\u043c\u0430. \u041f\u043b\u044e\u0441 \u043d\u0430\u0448\u00a0<strong>crack kokain fiyat\u0131<\/strong> rakipsizdir - ba\u015fka hi\u00e7bir yerde daha iyi bir anla\u015fma bulamazs\u0131n\u0131z.<\/p>\n<p style=\"text-align: justify;\">Mahremiyetin \u00f6nemli oldu\u011funu anl\u0131yoruz, bu nedenle \u00fcr\u00fcnlerimizi g\u00fcvenli ve gizli bir \u015fekilde ula\u015fmalar\u0131 i\u00e7in paketlerken b\u00fcy\u00fck \u00f6zen g\u00f6steriyoruz. Umar\u0131z Narco Powders'\u0131 ba\u015fvuru kayna\u011f\u0131n\u0131z olarak kullanmay\u0131 d\u00fc\u015f\u00fcn\u00fcrs\u00fcn\u00fcz.\u00a0<strong>\u00e7evrimi\u00e7i crack kokain sipari\u015fi verin<\/strong>.<\/p>","protected":false},"excerpt":{"rendered":"<p>Buy Crack Cocaine Online If you&#8217;re looking for a high that will give you an intense burst of energy, crack cocaine is the drug for you. Crack cocaine is a potent stimulant that is derived from the coca plant. It produces intense, short-term effects, including euphoria and increased energy. So, are you looking to\u00a0buy crack [&hellip;]<\/p>","protected":false},"featured_media":19114,"comment_status":"open","ping_status":"closed","template":"","meta":{"_joinchat":[]},"product_brand":[],"product_cat":[1179],"product_tag":[1234,1228,1237,1240,1241,1239,1231,1236,1230,1229,1242,1235,1243,1232,1238,1233],"class_list":{"0":"post-19099","1":"product","2":"type-product","3":"status-publish","4":"has-post-thumbnail","6":"product_cat-buy-cocaine-online","7":"product_tag-benefits-of-crack-cocaine","8":"product_tag-best-place-to-order-crack-cocaine","9":"product_tag-buy-crack-cocaine-legally","10":"product_tag-buy-crack-cocaine-online-australia","11":"product_tag-buy-crack-cocaine-online-near-me","12":"product_tag-buy-crack-cocaine-online-usa","13":"product_tag-cheap-crack-cocaine","14":"product_tag-crack-cocaine-for-sale","15":"product_tag-crack-cocaine-price","16":"product_tag-crack-cocaine-wholesale","17":"product_tag-how-can-i-get-the-best-crack-cocaine","18":"product_tag-how-to-order-crack-cocaine","19":"product_tag-legit-crack-cocaine-online","20":"product_tag-what-is-crack-cocaine","21":"product_tag-where-can-i-buy-crack-cocaine","22":"product_tag-where-to-buy-crack-cocaine","24":"first","25":"instock","26":"shipping-taxable","27":"purchasable","28":"product-type-variable","29":"add-to-wishlist-after_add_to_cart"},"yoast_head":"<!-- This site is optimized with the Yoast SEO plugin v25.9 - https:\/\/yoast.com\/wordpress\/plugins\/seo\/ -->\n<title>Buy Crack Cocaine Online - Crack Cocaine for Sale Online<\/title>\n<meta name=\"description\" content=\"Looking for the best quality crack cocaine for sale in bulk quantity? At here, you can buy crack cocaine online with highest purity at the best price. Order Now!\" \/>\n<meta name=\"robots\" content=\"index, follow, max-snippet:-1, max-image-preview:large, max-video-preview:-1\" \/>\n<link rel=\"canonical\" href=\"https:\/\/narcopowders.com\/tr\/urun\/icilebilen-kokain\/\" \/>\n<meta property=\"og:locale\" content=\"tr_TR\" \/>\n<meta property=\"og:type\" content=\"article\" \/>\n<meta property=\"og:title\" content=\"Buy Crack Cocaine Online - Crack Cocaine for Sale Online\" \/>\n<meta property=\"og:description\" content=\"Looking for the best quality crack cocaine for sale in bulk quantity? At here, you can buy crack cocaine online with highest purity at the best price. Order Now!\" \/>\n<meta property=\"og:url\" content=\"https:\/\/narcopowders.com\/tr\/urun\/icilebilen-kokain\/\" \/>\n<meta property=\"og:site_name\" content=\"Narco Powders\" \/>\n<meta property=\"article:modified_time\" content=\"2025-03-25T11:59:16+00:00\" \/>\n<meta property=\"og:image\" content=\"https:\/\/narcopowders.com\/wp-content\/uploads\/2023\/01\/crack-cocaine.jpg\" \/>\n\t<meta property=\"og:image:width\" content=\"600\" \/>\n\t<meta property=\"og:image:height\" content=\"600\" \/>\n\t<meta property=\"og:image:type\" content=\"image\/jpeg\" \/>\n<meta name=\"twitter:card\" content=\"summary_large_image\" \/>\n<meta name=\"twitter:label1\" content=\"Tahmini okuma s\u00fcresi\" \/>\n\t<meta name=\"twitter:data1\" content=\"3 dakika\" \/>\n<!-- \/ Yoast SEO plugin. -->","yoast_head_json":{"title":"\u041a\u0443\u043f\u0438\u0442\u044c \u043a\u0440\u044d\u043a-\u043a\u043e\u043a\u0430\u0438\u043d \u043e\u043d\u043b\u0430\u0439\u043d - \u043a\u0440\u044d\u043a-\u043a\u043e\u043a\u0430\u0438\u043d \u0434\u043b\u044f \u043f\u0440\u043e\u0434\u0430\u0436\u0438 \u043e\u043d\u043b\u0430\u0439\u043d","description":"Toptan sat\u0131\u015f i\u00e7in en kaliteli crack kokaini mi ar\u0131yorsunuz? Burada, \u00e7evrimi\u00e7i olarak en y\u00fcksek safl\u0131kta en iyi fiyata crack kokain sat\u0131n alabilirsiniz. \u015eimdi sipari\u015f ver!","robots":{"index":"index","follow":"follow","max-snippet":"max-snippet:-1","max-image-preview":"max-image-preview:large","max-video-preview":"max-video-preview:-1"},"canonical":"https:\/\/narcopowders.com\/tr\/urun\/icilebilen-kokain\/","og_locale":"tr_TR","og_type":"article","og_title":"Buy Crack Cocaine Online - Crack Cocaine for Sale Online","og_description":"Looking for the best quality crack cocaine for sale in bulk quantity? At here, you can buy crack cocaine online with highest purity at the best price. Order Now!","og_url":"https:\/\/narcopowders.com\/tr\/urun\/icilebilen-kokain\/","og_site_name":"Narco Powders","article_modified_time":"2025-03-25T11:59:16+00:00","og_image":[{"width":600,"height":600,"url":"https:\/\/narcopowders.com\/wp-content\/uploads\/2023\/01\/crack-cocaine.jpg","type":"image\/jpeg"}],"twitter_card":"summary_large_image","twitter_misc":{"Tahmini okuma s\u00fcresi":"3 dakika"},"schema":{"@context":"https:\/\/schema.org","@graph":[{"@type":"WebPage","@id":"https:\/\/narcopowders.com\/product\/crack-cocaine\/","url":"https:\/\/narcopowders.com\/product\/crack-cocaine\/","name":"\u041a\u0443\u043f\u0438\u0442\u044c \u043a\u0440\u044d\u043a-\u043a\u043e\u043a\u0430\u0438\u043d \u043e\u043d\u043b\u0430\u0439\u043d - \u043a\u0440\u044d\u043a-\u043a\u043e\u043a\u0430\u0438\u043d \u0434\u043b\u044f \u043f\u0440\u043e\u0434\u0430\u0436\u0438 \u043e\u043d\u043b\u0430\u0439\u043d","isPartOf":{"@id":"https:\/\/narcopowders.com\/#website"},"primaryImageOfPage":{"@id":"https:\/\/narcopowders.com\/product\/crack-cocaine\/#primaryimage"},"image":{"@id":"https:\/\/narcopowders.com\/product\/crack-cocaine\/#primaryimage"},"thumbnailUrl":"https:\/\/narcopowders.com\/wp-content\/uploads\/2023\/01\/crack-cocaine.jpg","datePublished":"2023-01-02T10:01:34+00:00","dateModified":"2025-03-25T11:59:16+00:00","description":"Toptan sat\u0131\u015f i\u00e7in en kaliteli crack kokaini mi ar\u0131yorsunuz? Burada, \u00e7evrimi\u00e7i olarak en y\u00fcksek safl\u0131kta en iyi fiyata crack kokain sat\u0131n alabilirsiniz. \u015eimdi sipari\u015f ver!","breadcrumb":{"@id":"https:\/\/narcopowders.com\/product\/crack-cocaine\/#breadcrumb"},"inLanguage":"tr","potentialAction":[{"@type":"ReadAction","target":["https:\/\/narcopowders.com\/product\/crack-cocaine\/"]}]},{"@type":"ImageObject","inLanguage":"tr","@id":"https:\/\/narcopowders.com\/product\/crack-cocaine\/#primaryimage","url":"https:\/\/narcopowders.com\/wp-content\/uploads\/2023\/01\/crack-cocaine.jpg","contentUrl":"https:\/\/narcopowders.com\/wp-content\/uploads\/2023\/01\/crack-cocaine.jpg","width":600,"height":600,"caption":"Buy Crack Cocaine Online"},{"@type":"BreadcrumbList","@id":"https:\/\/narcopowders.com\/product\/crack-cocaine\/#breadcrumb","itemListElement":[{"@type":"ListItem","position":1,"name":"Home","item":"https:\/\/narcopowders.com\/"},{"@type":"ListItem","position":2,"name":"Shop Page","item":"https:\/\/narcopowders.com\/shop\/"},{"@type":"ListItem","position":3,"name":"Buy Crack Cocaine Online"}]},{"@type":"WebSite","@id":"https:\/\/narcopowders.com\/#website","url":"https:\/\/narcopowders.com\/","name":"Narko Tozlar","description":"WordPress Blogum","potentialAction":[{"@type":"SearchAction","target":{"@type":"EntryPoint","urlTemplate":"https:\/\/narcopowders.com\/?s={search_term_string}"},"query-input":{"@type":"PropertyValueSpecification","valueRequired":true,"valueName":"search_term_string"}}],"inLanguage":"tr"}]}},"_links":{"self":[{"href":"https:\/\/narcopowders.com\/tr\/wp-json\/wp\/v2\/product\/19099","targetHints":{"allow":["GET"]}}],"collection":[{"href":"https:\/\/narcopowders.com\/tr\/wp-json\/wp\/v2\/product"}],"about":[{"href":"https:\/\/narcopowders.com\/tr\/wp-json\/wp\/v2\/types\/product"}],"replies":[{"embeddable":true,"href":"https:\/\/narcopowders.com\/tr\/wp-json\/wp\/v2\/comments?post=19099"}],"wp:featuredmedia":[{"embeddable":true,"href":"https:\/\/narcopowders.com\/tr\/wp-json\/wp\/v2\/media\/19114"}],"wp:attachment":[{"href":"https:\/\/narcopowders.com\/tr\/wp-json\/wp\/v2\/media?parent=19099"}],"wp:term":[{"taxonomy":"product_brand","embeddable":true,"href":"https:\/\/narcopowders.com\/tr\/wp-json\/wp\/v2\/product_brand?post=19099"},{"taxonomy":"product_cat","embeddable":true,"href":"https:\/\/narcopowders.com\/tr\/wp-json\/wp\/v2\/product_cat?post=19099"},{"taxonomy":"product_tag","embeddable":true,"href":"https:\/\/narcopowders.com\/tr\/wp-json\/wp\/v2\/product_tag?post=19099"}],"curies":[{"name":"wp","href":"https:\/\/api.w.org\/{rel}","templated":true}]}}