{"id":19143,"date":"2023-01-02T10:32:03","date_gmt":"2023-01-02T10:32:03","guid":{"rendered":"https:\/\/nembutalhouse.com\/narco\/?post_type=product&#038;p=19143"},"modified":"2025-03-25T12:12:25","modified_gmt":"2025-03-25T12:12:25","slug":"mexican-cocaine","status":"publish","type":"product","link":"https:\/\/narcopowders.com\/tr\/urun\/meksika-kokaini\/","title":{"rendered":"Meksika Kokaini"},"content":{"rendered":"<h2 style=\"text-align: justify;\">\u00c7evrimi\u00e7i Meksika Kokaini Sat\u0131n Al\u0131n<\/h2>\n<p style=\"text-align: justify;\"><a href=\"https:\/\/narcopowders.com\/tr\/urun\/meksika-kokaini\/\">Meksika kokainini \u00e7evrimi\u00e7i sat\u0131n almak<\/a> uyu\u015fturucuyu, sat\u0131c\u0131lara veya yerel karaborsaya gitme zahmetine girmeden elde etmenin rahat ve g\u00fcvenli bir yolu olabilir. Bu nedenle, <a href=\"https:\/\/en.wikipedia.org\/wiki\/Cocaine\">Meksika kokaini sat\u0131n al<\/a> ama nereden ba\u015flayaca\u011f\u0131n\u0131z\u0131 bilmiyorsan\u0131z, hemen sipari\u015f verin <a href=\"https:\/\/narcopowders.com\/tr\/\">Narko Tozlar<\/a> kap\u0131n\u0131za teslim<\/p>\n<h3 style=\"text-align: justify;\">Meksika Kokaini Nas\u0131l Yap\u0131l\u0131r?<\/h3>\n<p style=\"text-align: justify;\">Kokain s\u00f6z konusu oldu\u011funda iki ana t\u00fcr vard\u0131r: <a href=\"https:\/\/www.google.com\/search?q=Buy+Mexican+Cocaine+Online&amp;sca_esv=7d1b82273738a5db&amp;sxsrf=AHTn8zrOEJcwDVhvBE3s-JXt16XoqfXjWA%3A1742903734929&amp;ei=tpniZ5a-OPuPseMPtLbd2Qk&amp;ved=0ahUKEwiW8f2vlqWMAxX7R2wGHTRbN5sQ4dUDCA8&amp;uact=5&amp;oq=Buy+Mexican+Cocaine+Online&amp;gs_lp=Egxnd3Mtd2l6LXNlcnAiGkJ1eSBNZXhpY2FuIENvY2FpbmUgT25saW5lSMcKUMICWMICcAF4AJABAJgB4gGgAeIBqgEDMi0xuAEDyAEA-AEB-AECmAIBoAImqAIRwgIHECMYJxjqAsICFBAAGIAEGJECGLQCGIoFGOoC2AEBwgIUEAAYgAQY4wQYtAIY6QQY6gLYAQHCAhAQABgDGLQCGOoCGI8B2AEBmAMm8QXTO8dKiwwkxLoGBggBEAEYAZIHATGgB1ayBwC4BwA&amp;sclient=gws-wiz-serp\">Colombian and Mexican<\/a>Kokain s\u00f6z konusu oldu\u011funda iki ana tip vard\u0131r: Kolombiyal\u0131 ve Meksikal\u0131. Meksika kokaini, koka yapraklar\u0131ndan veya ha\u015fha\u015f tohumlar\u0131ndan yap\u0131l\u0131rken, Kolombiya kokaini Afrika koka \u00e7al\u0131lar\u0131n\u0131n yapraklar\u0131ndan yap\u0131l\u0131r.<\/p>\n<p style=\"text-align: justify;\">Meksika kokaininin \u00fcretim s\u00fcreci, Kolombiya kokaininden biraz daha karma\u015f\u0131kt\u0131r. \u00d6nce koka yapraklar\u0131 kurutulur ve ard\u0131ndan toz haline getirilir. Bu toz daha sonra bir bulama\u00e7 olu\u015fturmak i\u00e7in su ve \u015feker ve tuz gibi di\u011fer bile\u015fenlerle kar\u0131\u015ft\u0131r\u0131l\u0131r. Kar\u0131\u015f\u0131m daha sonra tabletler veya bloklar halinde \u015fekillendirilebilen kal\u0131n bir macun olu\u015fturana kadar kaynat\u0131l\u0131r.<\/p>\n<p style=\"text-align: justify;\">Meksika kokaini genellikle farkl\u0131 \u015fekillerde i\u015flenir. Meksika kokaini enjekte edilmeden veya i\u00e7ilmeden \u00f6nce \u00e7\u00f6z\u00fcc\u00fcler i\u00e7inde \u00e7\u00f6z\u00fclebilir.<\/p>\n<p style=\"text-align: justify;\">karar verdi\u011finde\u00a0<a href=\"https:\/\/www.google.com\/search?q=Buy+Mexican+Cocaine+Online&amp;sca_esv=7d1b82273738a5db&amp;sxsrf=AHTn8zrOEJcwDVhvBE3s-JXt16XoqfXjWA%3A1742903734929&amp;ei=tpniZ5a-OPuPseMPtLbd2Qk&amp;ved=0ahUKEwiW8f2vlqWMAxX7R2wGHTRbN5sQ4dUDCA8&amp;uact=5&amp;oq=Buy+Mexican+Cocaine+Online&amp;gs_lp=Egxnd3Mtd2l6LXNlcnAiGkJ1eSBNZXhpY2FuIENvY2FpbmUgT25saW5lSMcKUMICWMICcAF4AJABAJgB4gGgAeIBqgEDMi0xuAEDyAEA-AEB-AECmAIBoAImqAIRwgIHECMYJxjqAsICFBAAGIAEGJECGLQCGIoFGOoC2AEBwgIUEAAYgAQY4wQYtAIY6QQY6gLYAQHCAhAQABgDGLQCGOoCGI8B2AEBmAMm8QXTO8dKiwwkxLoGBggBEAEYAZIHATGgB1ayBwC4BwA&amp;sclient=gws-wiz-serp\"><strong>\u00e7evrimi\u00e7i Meksika kokaini sipari\u015f edin<\/strong><\/a> Narco Powders'tan, web sitesinde listelenen g\u00fcvenlik \u00f6nlemlerini takip edin. \u00d6rne\u011fin, her zaman temiz i\u011fneler kullan\u0131n ve ilac\u0131 a\u00e7\u0131k yaralara enjekte etmekten ka\u00e7\u0131n\u0131n; bu, enfeksiyona ve di\u011fer sa\u011fl\u0131k sorunlar\u0131na yol a\u00e7abilir. Ayr\u0131ca, kullanm\u0131\u015f biriyle cinsel faaliyetlerde bulunurken her zaman \u00f6nlem al\u0131n.\u00a0<a href=\"https:\/\/www.bing.com\/search?q=Buy%20Mexican%20Cocaine%20Online&amp;qs=n&amp;form=QBRE&amp;sp=-1&amp;lq=0&amp;pq=buy%20mexican%20cocaine%20online&amp;sc=0-26&amp;sk=&amp;cvid=30445049258541C1B95213C1128F1914&amp;ghsh=0&amp;ghacc=0&amp;ghpl=\"><strong>Meksika kokaini \u00e7evrimi\u00e7i<\/strong><\/a>\u00a0son g\u00fcnlerde.<\/p>\n<h3 style=\"text-align: justify;\">Meksika Kokaininin Faydalar\u0131<\/h3>\n<p style=\"text-align: justify;\"><a href=\"https:\/\/www.bing.com\/search?q=Buy%20Mexican%20Cocaine%20Online&amp;qs=n&amp;form=QBRE&amp;sp=-1&amp;lq=0&amp;pq=buy%20mexican%20cocaine%20online&amp;sc=0-26&amp;sk=&amp;cvid=30445049258541C1B95213C1128F1914&amp;ghsh=0&amp;ghacc=0&amp;ghpl=\">Mexican cocaine<\/a> Meksika kokaini, piyasadaki en pop\u00fcler kokain bi\u00e7imlerinden biridir. G\u00fc\u00e7l\u00fc ve uzun s\u00fcreli bir etkiye sahiptir, mevcut en iyi kalitedir ve m\u00fckemmel kesimle birlikte gelir. Ek olarak, Meksika kokaininin di\u011fer kokain t\u00fcrlerine g\u00f6re safs\u0131zl\u0131k veya safs\u0131zl\u0131k i\u00e7erme olas\u0131l\u0131\u011f\u0131 daha d\u00fc\u015f\u00fckt\u00fcr. Bu, kullan\u0131m\u0131n\u0131n daha kolay oldu\u011fu ve \u00fcretilmesinin daha az zaman ald\u0131\u011f\u0131 anlam\u0131na gelir. Son olarak, Meksika kokaini bozulmadan veya kullan\u0131lamaz hale gelmeden uzun s\u00fcre saklanabilir - bu da onu hareket halindeyken narkotik ihtiyac\u0131 olanlar i\u00e7in ideal bir se\u00e7im haline getirir.<\/p>\n<h3 style=\"text-align: justify;\">Meksika Kokaininin Yan Etkileri<\/h3>\n<p style=\"text-align: justify;\"><a href=\"https:\/\/duckduckgo.com\/?q=Buy+Mexican+Cocaine+Online&amp;t=h_&amp;ia=web\">Meksika kokaini g\u00fc\u00e7l\u00fc ve ba\u011f\u0131ml\u0131l\u0131k yapan bir uyu\u015fturucudur<\/a> Meksika kokaini, ciddi yan etkileri olabilen g\u00fc\u00e7l\u00fc ve ba\u011f\u0131ml\u0131l\u0131k yapan bir uyu\u015fturucudur. Herhangi bir ba\u011f\u0131ml\u0131l\u0131kta oldu\u011fu gibi, d\u00fczenli olarak Meksika kokaini kullanmak kalp at\u0131\u015f h\u0131z\u0131n\u0131n artmas\u0131na, terlemeye ve g\u00f6z bebeklerinin b\u00fcy\u00fcmesine neden olabilir. A\u015f\u0131r\u0131 durumlarda mide bulant\u0131s\u0131, anksiyete, a\u011f\u0131z yaralar\u0131 ve n\u00f6betler meydana gelebilir. Fiziksel ba\u011f\u0131ml\u0131l\u0131k, bu ilac\u0131 kullanman\u0131n potansiyel bir riskidir, bu nedenle \u00f6nerilen dozlar\u0131 a\u015fmamaya dikkat edin.<\/p>\n<h3 style=\"text-align: justify;\">Meksika Kokaini \u00c7evrimi\u00e7i Olarak Nereden Sat\u0131n Al\u0131n\u0131r?<\/h3>\n<p style=\"text-align: justify;\">Y\u00fcksek kalite arad\u0131\u011f\u0131n\u0131zda\u00a0<a href=\"https:\/\/duckduckgo.com\/?q=Buy+Mexican+Cocaine+Online&amp;t=h_&amp;ia=web\"><strong>Sat\u0131l\u0131k Meksika kokaini<\/strong><\/a>, Narco Powders'tan daha iyi bir yer yoktur. Burada, beyaz tozdan crack kokaine kadar t\u00fcm Meksika kokain \u00e7e\u015fitlerini bulacaks\u0131n\u0131z. Geni\u015f \u00fcr\u00fcn yelpazemizle, ihtiya\u00e7lar\u0131n\u0131z i\u00e7in do\u011fru s\u0131n\u0131f ve t\u00fcrde kokaini bulman\u0131z garantidir. Dahas\u0131, en \u00fcst d\u00fczeyde g\u00fcvenlik ve g\u00f6n\u00fcl rahatl\u0131\u011f\u0131yla uyu\u015fturucu sat\u0131n alabilmeniz i\u00e7in banka havaleleri ve bitcoin dahil olmak \u00fczere \u00e7ok \u00e7e\u015fitli \u00f6deme se\u00e7enekleri sunuyoruz.<\/p>","protected":false},"excerpt":{"rendered":"<p>Buy Mexican Cocaine Online Buying Mexican cocaine online can be a convenient and safe way to get the drug without the hassle of having to go through dealers or the local black market. So, if you are looking to buy Mexican cocaine but don&#8217;t know where to start, just order it on Narco Powders and [&hellip;]<\/p>","protected":false},"featured_media":19197,"comment_status":"open","ping_status":"closed","template":"","meta":{"_joinchat":[]},"product_brand":[],"product_cat":[1179],"product_tag":[1282,1276,1285,1288,1289,1287,1279,1290,1283,1291,1284,1278,1277,1280,1286,1281],"class_list":{"0":"post-19143","1":"product","2":"type-product","3":"status-publish","4":"has-post-thumbnail","6":"product_cat-buy-cocaine-online","7":"product_tag-benefits-of-mexican-cocaine","8":"product_tag-best-place-to-order-mexican-cocaine","9":"product_tag-buy-mexican-cocaine-legally","10":"product_tag-buy-mexican-cocaine-online-australia","11":"product_tag-buy-mexican-cocaine-online-near-me","12":"product_tag-buy-mexican-cocaine-online-usa","13":"product_tag-cheap-mexican-cocaine","14":"product_tag-how-can-i-get-the-best-mexican-cocaine","15":"product_tag-how-to-order-mexican-cocaine","16":"product_tag-legit-mexican-cocaine-online","17":"product_tag-mexican-cocaine-for-sale","18":"product_tag-mexican-cocaine-price","19":"product_tag-mexican-cocaine-wholesale","20":"product_tag-what-is-mexican-cocaine","21":"product_tag-where-can-i-buy-mexican-cocaine","22":"product_tag-where-to-buy-mexican-cocaine","24":"first","25":"instock","26":"shipping-taxable","27":"purchasable","28":"product-type-variable","29":"add-to-wishlist-after_add_to_cart"},"yoast_head":"<!-- This site is optimized with the Yoast SEO plugin v25.9 - https:\/\/yoast.com\/wordpress\/plugins\/seo\/ -->\n<title>Buy Mexican Cocaine Online - Mexican Cocaine for Sale Online<\/title>\n<meta name=\"description\" content=\"You can buy mexican cocaine online in bulk quantity at wholesale price here. Get the best purity mexican cocaine powder for sale. Order today!\" \/>\n<meta name=\"robots\" content=\"index, follow, max-snippet:-1, max-image-preview:large, max-video-preview:-1\" \/>\n<link rel=\"canonical\" href=\"https:\/\/narcopowders.com\/tr\/urun\/meksika-kokaini\/\" \/>\n<meta property=\"og:locale\" content=\"tr_TR\" \/>\n<meta property=\"og:type\" content=\"article\" \/>\n<meta property=\"og:title\" content=\"Buy Mexican Cocaine Online - Mexican Cocaine for Sale Online\" \/>\n<meta property=\"og:description\" content=\"You can buy mexican cocaine online in bulk quantity at wholesale price here. Get the best purity mexican cocaine powder for sale. Order today!\" \/>\n<meta property=\"og:url\" content=\"https:\/\/narcopowders.com\/tr\/urun\/meksika-kokaini\/\" \/>\n<meta property=\"og:site_name\" content=\"Narco Powders\" \/>\n<meta property=\"article:modified_time\" content=\"2025-03-25T12:12:25+00:00\" \/>\n<meta property=\"og:image\" content=\"https:\/\/narcopowders.com\/wp-content\/uploads\/2023\/01\/mexican-cocaine.jpg\" \/>\n\t<meta property=\"og:image:width\" content=\"600\" \/>\n\t<meta property=\"og:image:height\" content=\"600\" \/>\n\t<meta property=\"og:image:type\" content=\"image\/jpeg\" \/>\n<meta name=\"twitter:card\" content=\"summary_large_image\" \/>\n<meta name=\"twitter:label1\" content=\"Tahmini okuma s\u00fcresi\" \/>\n\t<meta name=\"twitter:data1\" content=\"3 dakika\" \/>\n<!-- \/ Yoast SEO plugin. -->","yoast_head_json":{"title":"\u00c7evrimi\u00e7i Meksika Kokaini Sat\u0131n Al\u0131n - \u00c7evrimi\u00e7i Sat\u0131\u015f i\u00e7in Meksika Kokaini","description":"Meksika kokainini online olarak toplu miktarda buradan toptan fiyata sat\u0131n alabilirsiniz. Sat\u0131l\u0131k en iyi safl\u0131kta meksika kokain tozunu al\u0131n. Bug\u00fcn sipari\u015f verin!","robots":{"index":"index","follow":"follow","max-snippet":"max-snippet:-1","max-image-preview":"max-image-preview:large","max-video-preview":"max-video-preview:-1"},"canonical":"https:\/\/narcopowders.com\/tr\/urun\/meksika-kokaini\/","og_locale":"tr_TR","og_type":"article","og_title":"Buy Mexican Cocaine Online - Mexican Cocaine for Sale Online","og_description":"You can buy mexican cocaine online in bulk quantity at wholesale price here. Get the best purity mexican cocaine powder for sale. Order today!","og_url":"https:\/\/narcopowders.com\/tr\/urun\/meksika-kokaini\/","og_site_name":"Narco Powders","article_modified_time":"2025-03-25T12:12:25+00:00","og_image":[{"width":600,"height":600,"url":"https:\/\/narcopowders.com\/wp-content\/uploads\/2023\/01\/mexican-cocaine.jpg","type":"image\/jpeg"}],"twitter_card":"summary_large_image","twitter_misc":{"Tahmini okuma s\u00fcresi":"3 dakika"},"schema":{"@context":"https:\/\/schema.org","@graph":[{"@type":"WebPage","@id":"https:\/\/narcopowders.com\/product\/mexican-cocaine\/","url":"https:\/\/narcopowders.com\/product\/mexican-cocaine\/","name":"\u00c7evrimi\u00e7i Meksika Kokaini Sat\u0131n Al\u0131n - \u00c7evrimi\u00e7i Sat\u0131\u015f i\u00e7in Meksika Kokaini","isPartOf":{"@id":"https:\/\/narcopowders.com\/#website"},"primaryImageOfPage":{"@id":"https:\/\/narcopowders.com\/product\/mexican-cocaine\/#primaryimage"},"image":{"@id":"https:\/\/narcopowders.com\/product\/mexican-cocaine\/#primaryimage"},"thumbnailUrl":"https:\/\/narcopowders.com\/wp-content\/uploads\/2023\/01\/mexican-cocaine.jpg","datePublished":"2023-01-02T10:32:03+00:00","dateModified":"2025-03-25T12:12:25+00:00","description":"Meksika kokainini online olarak toplu miktarda buradan toptan fiyata sat\u0131n alabilirsiniz. Sat\u0131l\u0131k en iyi safl\u0131kta meksika kokain tozunu al\u0131n. Bug\u00fcn sipari\u015f verin!","breadcrumb":{"@id":"https:\/\/narcopowders.com\/product\/mexican-cocaine\/#breadcrumb"},"inLanguage":"tr","potentialAction":[{"@type":"ReadAction","target":["https:\/\/narcopowders.com\/product\/mexican-cocaine\/"]}]},{"@type":"ImageObject","inLanguage":"tr","@id":"https:\/\/narcopowders.com\/product\/mexican-cocaine\/#primaryimage","url":"https:\/\/narcopowders.com\/wp-content\/uploads\/2023\/01\/mexican-cocaine.jpg","contentUrl":"https:\/\/narcopowders.com\/wp-content\/uploads\/2023\/01\/mexican-cocaine.jpg","width":600,"height":600,"caption":"Buy Mexican Cocaine Online"},{"@type":"BreadcrumbList","@id":"https:\/\/narcopowders.com\/product\/mexican-cocaine\/#breadcrumb","itemListElement":[{"@type":"ListItem","position":1,"name":"Home","item":"https:\/\/narcopowders.com\/"},{"@type":"ListItem","position":2,"name":"Shop Page","item":"https:\/\/narcopowders.com\/shop\/"},{"@type":"ListItem","position":3,"name":"Mexican Cocaine"}]},{"@type":"WebSite","@id":"https:\/\/narcopowders.com\/#website","url":"https:\/\/narcopowders.com\/","name":"Narko Tozlar","description":"WordPress Blogum","potentialAction":[{"@type":"SearchAction","target":{"@type":"EntryPoint","urlTemplate":"https:\/\/narcopowders.com\/?s={search_term_string}"},"query-input":{"@type":"PropertyValueSpecification","valueRequired":true,"valueName":"search_term_string"}}],"inLanguage":"tr"}]}},"_links":{"self":[{"href":"https:\/\/narcopowders.com\/tr\/wp-json\/wp\/v2\/product\/19143","targetHints":{"allow":["GET"]}}],"collection":[{"href":"https:\/\/narcopowders.com\/tr\/wp-json\/wp\/v2\/product"}],"about":[{"href":"https:\/\/narcopowders.com\/tr\/wp-json\/wp\/v2\/types\/product"}],"replies":[{"embeddable":true,"href":"https:\/\/narcopowders.com\/tr\/wp-json\/wp\/v2\/comments?post=19143"}],"wp:featuredmedia":[{"embeddable":true,"href":"https:\/\/narcopowders.com\/tr\/wp-json\/wp\/v2\/media\/19197"}],"wp:attachment":[{"href":"https:\/\/narcopowders.com\/tr\/wp-json\/wp\/v2\/media?parent=19143"}],"wp:term":[{"taxonomy":"product_brand","embeddable":true,"href":"https:\/\/narcopowders.com\/tr\/wp-json\/wp\/v2\/product_brand?post=19143"},{"taxonomy":"product_cat","embeddable":true,"href":"https:\/\/narcopowders.com\/tr\/wp-json\/wp\/v2\/product_cat?post=19143"},{"taxonomy":"product_tag","embeddable":true,"href":"https:\/\/narcopowders.com\/tr\/wp-json\/wp\/v2\/product_tag?post=19143"}],"curies":[{"name":"wp","href":"https:\/\/api.w.org\/{rel}","templated":true}]}}